{"id":75790,"date":"2022-10-02T13:49:05","date_gmt":"2022-10-02T11:49:05","guid":{"rendered":"https:\/\/www.eliassen.nl\/?product=water-voederschaaltje-metaal-met-ijsvogeltje"},"modified":"2024-12-05T16:08:09","modified_gmt":"2024-12-05T15:08:09","slug":"wasser-futternapf-metallherz-mit-eisvogel","status":"publish","type":"product","link":"https:\/\/dev.eliassen.nl\/de\/wasser-futternapf-metallherz-mit-eisvogel\/","title":{"rendered":"Wasser- \/ Futternapf Metallherz mit Eisvogel"},"content":{"rendered":"<p>Bieten Sie den V\u00f6geln mit diesem dekorativen Vogelnapf aus Metall einen sicheren kleinen Trink-\/Futterplatz.<br \/>Ein Eisvogel hat sich bereits am Rand niedergelassen, es liegt an anderen V\u00f6geln, diesem Beispiel so schnell wie m\u00f6glich zu folgen. Dar\u00fcber hinaus eignet sich dieser Vogeltr\u00e4nkenapf auch hervorragend als Futternapf.<\/p>\n<ul>\n<li>Sowohl als Tr\u00e4nke- als auch als Futternapf geeignet (Achtung: der Boden ist nicht ganz eben)<\/li>\n<li>Abmessungen 100 x 25 x 28 cm.<\/li>\n<li>Material: Metall<\/li>\n<li>Farbe graue Metallschale mit einem handbemalten Eisvogel<\/li>\n<\/ul>\n","protected":false},"excerpt":{"rendered":"<p>Bieten Sie den V\u00f6geln mit diesem dekorativen Vogelnapf aus Metall einen sicheren kleinen Trink-\/Futterplatz.Ein Eisvogel hat sich bereits am Rand niedergelassen, es liegt an anderen V\u00f6geln, diesem Beispiel so schnell wie m\u00f6glich zu folgen. Dar\u00fcber hinaus eignet sich dieser Vogeltr\u00e4nkenapf auch hervorragend als Futternapf. Sowohl als Tr\u00e4nke- als auch als Futternapf geeignet (Achtung: der Boden &hellip;<\/p>\n","protected":false},"featured_media":75781,"template":"","meta":{"_acf_changed":false},"product_brand":[],"product_cat":[851,836,707],"product_tag":[],"class_list":{"0":"post-75790","1":"product","2":"type-product","3":"status-publish","4":"has-post-thumbnail","6":"product_cat-gartenpfaehle-aus-still","7":"product_cat-gartenstecker","8":"product_cat-vogeltraenken","10":"first","11":"instock","12":"taxable","13":"shipping-taxable","14":"purchasable","15":"product-type-simple"},"acf":[],"yoast_head":"<!-- This site is optimized with the Yoast SEO plugin v23.8 - https:\/\/yoast.com\/wordpress\/plugins\/seo\/ -->\n<title>Wasser- \/ Futternapf Metallherz mit Eisvogel<\/title>\n<meta name=\"description\" content=\"M\u00f6chten Sie Metall Wasser-\/Speiseschale Metallherz kaufen? Eliassen bietet Ihnen eine gro\u00dfe Auswahl an Wasserschalen in einem gro\u00dfen Showroom und schnelle On...\" \/>\n<meta name=\"robots\" content=\"noindex, follow, max-snippet:-1, max-image-preview:large, max-video-preview:-1\" \/>\n<meta property=\"og:locale\" content=\"de_DE\" \/>\n<meta property=\"og:type\" content=\"article\" \/>\n<meta property=\"og:title\" content=\"Wasser- \/ Futternapf Metallherz mit Eisvogel\" \/>\n<meta property=\"og:description\" content=\"M\u00f6chten Sie Metall Wasser-\/Speiseschale Metallherz kaufen? Eliassen bietet Ihnen eine gro\u00dfe Auswahl an Wasserschalen in einem gro\u00dfen Showroom und schnelle On...\" \/>\n<meta property=\"og:url\" content=\"https:\/\/dev.eliassen.nl\/de\/wasser-futternapf-metallherz-mit-eisvogel\/\" \/>\n<meta property=\"og:site_name\" content=\"Eliassen.nl\" \/>\n<meta property=\"article:publisher\" content=\"https:\/\/www.facebook.com\/TuincentrumEliassenAmmerzoden\" \/>\n<meta property=\"article:modified_time\" content=\"2024-12-05T15:08:09+00:00\" \/>\n<meta property=\"og:image\" content=\"https:\/\/dev.eliassen.nl\/wp-content\/uploads\/2024\/01\/mijnproject_207nd.png\" \/>\n\t<meta property=\"og:image:width\" content=\"563\" \/>\n\t<meta property=\"og:image:height\" content=\"542\" \/>\n\t<meta property=\"og:image:type\" content=\"image\/png\" \/>\n<meta name=\"twitter:card\" content=\"summary_large_image\" \/>\n<script type=\"application\/ld+json\" class=\"yoast-schema-graph\">{\"@context\":\"https:\/\/schema.org\",\"@graph\":[{\"@type\":\"WebPage\",\"@id\":\"https:\/\/dev.eliassen.nl\/de\/wasser-futternapf-metallherz-mit-eisvogel\/\",\"url\":\"https:\/\/dev.eliassen.nl\/de\/wasser-futternapf-metallherz-mit-eisvogel\/\",\"name\":\"Wasser- \/ Futternapf Metallherz mit Eisvogel\",\"isPartOf\":{\"@id\":\"https:\/\/dev.eliassen.nl\/de\/#website\"},\"primaryImageOfPage\":{\"@id\":\"https:\/\/dev.eliassen.nl\/de\/wasser-futternapf-metallherz-mit-eisvogel\/#primaryimage\"},\"image\":{\"@id\":\"https:\/\/dev.eliassen.nl\/de\/wasser-futternapf-metallherz-mit-eisvogel\/#primaryimage\"},\"thumbnailUrl\":\"https:\/\/dev.eliassen.nl\/wp-content\/uploads\/2024\/01\/mijnproject_207nd.png\",\"datePublished\":\"2022-10-02T11:49:05+00:00\",\"dateModified\":\"2024-12-05T15:08:09+00:00\",\"description\":\"M\u00f6chten Sie Metall Wasser-\/Speiseschale Metallherz kaufen? Eliassen bietet Ihnen eine gro\u00dfe Auswahl an Wasserschalen in einem gro\u00dfen Showroom und schnelle On...\",\"breadcrumb\":{\"@id\":\"https:\/\/dev.eliassen.nl\/de\/wasser-futternapf-metallherz-mit-eisvogel\/#breadcrumb\"},\"inLanguage\":\"de\",\"potentialAction\":[{\"@type\":\"ReadAction\",\"target\":[\"https:\/\/dev.eliassen.nl\/de\/wasser-futternapf-metallherz-mit-eisvogel\/\"]}]},{\"@type\":\"ImageObject\",\"inLanguage\":\"de\",\"@id\":\"https:\/\/dev.eliassen.nl\/de\/wasser-futternapf-metallherz-mit-eisvogel\/#primaryimage\",\"url\":\"https:\/\/dev.eliassen.nl\/wp-content\/uploads\/2024\/01\/mijnproject_207nd.png\",\"contentUrl\":\"https:\/\/dev.eliassen.nl\/wp-content\/uploads\/2024\/01\/mijnproject_207nd.png\",\"width\":563,\"height\":542,\"caption\":\"Mijn project\"},{\"@type\":\"BreadcrumbList\",\"@id\":\"https:\/\/dev.eliassen.nl\/de\/wasser-futternapf-metallherz-mit-eisvogel\/#breadcrumb\",\"itemListElement\":[{\"@type\":\"ListItem\",\"position\":1,\"name\":\"Home\",\"item\":\"https:\/\/dev.eliassen.nl\/de\/\"},{\"@type\":\"ListItem\",\"position\":2,\"name\":\"Shop\",\"item\":\"https:\/\/dev.eliassen.nl\/nl\/winkel\/\"},{\"@type\":\"ListItem\",\"position\":3,\"name\":\"Gartenstecker\",\"item\":\"https:\/\/dev.eliassen.nl\/de\/gartenstecker\/\"},{\"@type\":\"ListItem\",\"position\":4,\"name\":\"Gartenpf\u00e4hle aus still\",\"item\":\"https:\/\/dev.eliassen.nl\/de\/gartenstecker\/gartenpfaehle-aus-still\/\"},{\"@type\":\"ListItem\",\"position\":5,\"name\":\"Wasser- \/ Futternapf Metallherz mit Eisvogel\"}]},{\"@type\":\"WebSite\",\"@id\":\"https:\/\/dev.eliassen.nl\/de\/#website\",\"url\":\"https:\/\/dev.eliassen.nl\/de\/\",\"name\":\"Eliassen Home & Garden Pleasure\",\"description\":\"\",\"publisher\":{\"@id\":\"https:\/\/dev.eliassen.nl\/de\/#organization\"},\"alternateName\":\"Eliassen.nl\",\"potentialAction\":[{\"@type\":\"SearchAction\",\"target\":{\"@type\":\"EntryPoint\",\"urlTemplate\":\"https:\/\/dev.eliassen.nl\/de\/?s={search_term_string}\"},\"query-input\":{\"@type\":\"PropertyValueSpecification\",\"valueRequired\":true,\"valueName\":\"search_term_string\"}}],\"inLanguage\":\"de\"},{\"@type\":\"Organization\",\"@id\":\"https:\/\/dev.eliassen.nl\/de\/#organization\",\"name\":\"Eliassen Home & Garden Pleasure\",\"url\":\"https:\/\/dev.eliassen.nl\/de\/\",\"logo\":{\"@type\":\"ImageObject\",\"inLanguage\":\"de\",\"@id\":\"https:\/\/dev.eliassen.nl\/de\/#\/schema\/logo\/image\/\",\"url\":\"https:\/\/www.eliassen.nl\/wp-content\/uploads\/2024\/01\/logo_4nd.jpg\",\"contentUrl\":\"https:\/\/www.eliassen.nl\/wp-content\/uploads\/2024\/01\/logo_4nd.jpg\",\"width\":500,\"height\":500,\"caption\":\"Eliassen Home & Garden Pleasure\"},\"image\":{\"@id\":\"https:\/\/dev.eliassen.nl\/de\/#\/schema\/logo\/image\/\"},\"sameAs\":[\"https:\/\/www.facebook.com\/TuincentrumEliassenAmmerzoden\",\"https:\/\/www.instagram.com\/eliassenhomeandgarden\/\",\"https:\/\/nl.pinterest.com\/eliassenhomeandgarden\/\",\"https:\/\/www.youtube.com\/@eliassenhomegardenpleasure4558\"]}]}<\/script>\n<!-- \/ Yoast SEO plugin. -->","yoast_head_json":{"title":"Wasser- \/ Futternapf Metallherz mit Eisvogel","description":"M\u00f6chten Sie Metall Wasser-\/Speiseschale Metallherz kaufen? Eliassen bietet Ihnen eine gro\u00dfe Auswahl an Wasserschalen in einem gro\u00dfen Showroom und schnelle On...","robots":{"index":"noindex","follow":"follow","max-snippet":"max-snippet:-1","max-image-preview":"max-image-preview:large","max-video-preview":"max-video-preview:-1"},"og_locale":"de_DE","og_type":"article","og_title":"Wasser- \/ Futternapf Metallherz mit Eisvogel","og_description":"M\u00f6chten Sie Metall Wasser-\/Speiseschale Metallherz kaufen? Eliassen bietet Ihnen eine gro\u00dfe Auswahl an Wasserschalen in einem gro\u00dfen Showroom und schnelle On...","og_url":"https:\/\/dev.eliassen.nl\/de\/wasser-futternapf-metallherz-mit-eisvogel\/","og_site_name":"Eliassen.nl","article_publisher":"https:\/\/www.facebook.com\/TuincentrumEliassenAmmerzoden","article_modified_time":"2024-12-05T15:08:09+00:00","og_image":[{"width":563,"height":542,"url":"https:\/\/dev.eliassen.nl\/wp-content\/uploads\/2024\/01\/mijnproject_207nd.png","type":"image\/png"}],"twitter_card":"summary_large_image","schema":{"@context":"https:\/\/schema.org","@graph":[{"@type":"WebPage","@id":"https:\/\/dev.eliassen.nl\/de\/wasser-futternapf-metallherz-mit-eisvogel\/","url":"https:\/\/dev.eliassen.nl\/de\/wasser-futternapf-metallherz-mit-eisvogel\/","name":"Wasser- \/ Futternapf Metallherz mit Eisvogel","isPartOf":{"@id":"https:\/\/dev.eliassen.nl\/de\/#website"},"primaryImageOfPage":{"@id":"https:\/\/dev.eliassen.nl\/de\/wasser-futternapf-metallherz-mit-eisvogel\/#primaryimage"},"image":{"@id":"https:\/\/dev.eliassen.nl\/de\/wasser-futternapf-metallherz-mit-eisvogel\/#primaryimage"},"thumbnailUrl":"https:\/\/dev.eliassen.nl\/wp-content\/uploads\/2024\/01\/mijnproject_207nd.png","datePublished":"2022-10-02T11:49:05+00:00","dateModified":"2024-12-05T15:08:09+00:00","description":"M\u00f6chten Sie Metall Wasser-\/Speiseschale Metallherz kaufen? Eliassen bietet Ihnen eine gro\u00dfe Auswahl an Wasserschalen in einem gro\u00dfen Showroom und schnelle On...","breadcrumb":{"@id":"https:\/\/dev.eliassen.nl\/de\/wasser-futternapf-metallherz-mit-eisvogel\/#breadcrumb"},"inLanguage":"de","potentialAction":[{"@type":"ReadAction","target":["https:\/\/dev.eliassen.nl\/de\/wasser-futternapf-metallherz-mit-eisvogel\/"]}]},{"@type":"ImageObject","inLanguage":"de","@id":"https:\/\/dev.eliassen.nl\/de\/wasser-futternapf-metallherz-mit-eisvogel\/#primaryimage","url":"https:\/\/dev.eliassen.nl\/wp-content\/uploads\/2024\/01\/mijnproject_207nd.png","contentUrl":"https:\/\/dev.eliassen.nl\/wp-content\/uploads\/2024\/01\/mijnproject_207nd.png","width":563,"height":542,"caption":"Mijn project"},{"@type":"BreadcrumbList","@id":"https:\/\/dev.eliassen.nl\/de\/wasser-futternapf-metallherz-mit-eisvogel\/#breadcrumb","itemListElement":[{"@type":"ListItem","position":1,"name":"Home","item":"https:\/\/dev.eliassen.nl\/de\/"},{"@type":"ListItem","position":2,"name":"Shop","item":"https:\/\/dev.eliassen.nl\/nl\/winkel\/"},{"@type":"ListItem","position":3,"name":"Gartenstecker","item":"https:\/\/dev.eliassen.nl\/de\/gartenstecker\/"},{"@type":"ListItem","position":4,"name":"Gartenpf\u00e4hle aus still","item":"https:\/\/dev.eliassen.nl\/de\/gartenstecker\/gartenpfaehle-aus-still\/"},{"@type":"ListItem","position":5,"name":"Wasser- \/ Futternapf Metallherz mit Eisvogel"}]},{"@type":"WebSite","@id":"https:\/\/dev.eliassen.nl\/de\/#website","url":"https:\/\/dev.eliassen.nl\/de\/","name":"Eliassen Home & Garden Pleasure","description":"","publisher":{"@id":"https:\/\/dev.eliassen.nl\/de\/#organization"},"alternateName":"Eliassen.nl","potentialAction":[{"@type":"SearchAction","target":{"@type":"EntryPoint","urlTemplate":"https:\/\/dev.eliassen.nl\/de\/?s={search_term_string}"},"query-input":{"@type":"PropertyValueSpecification","valueRequired":true,"valueName":"search_term_string"}}],"inLanguage":"de"},{"@type":"Organization","@id":"https:\/\/dev.eliassen.nl\/de\/#organization","name":"Eliassen Home & Garden Pleasure","url":"https:\/\/dev.eliassen.nl\/de\/","logo":{"@type":"ImageObject","inLanguage":"de","@id":"https:\/\/dev.eliassen.nl\/de\/#\/schema\/logo\/image\/","url":"https:\/\/www.eliassen.nl\/wp-content\/uploads\/2024\/01\/logo_4nd.jpg","contentUrl":"https:\/\/www.eliassen.nl\/wp-content\/uploads\/2024\/01\/logo_4nd.jpg","width":500,"height":500,"caption":"Eliassen Home & Garden Pleasure"},"image":{"@id":"https:\/\/dev.eliassen.nl\/de\/#\/schema\/logo\/image\/"},"sameAs":["https:\/\/www.facebook.com\/TuincentrumEliassenAmmerzoden","https:\/\/www.instagram.com\/eliassenhomeandgarden\/","https:\/\/nl.pinterest.com\/eliassenhomeandgarden\/","https:\/\/www.youtube.com\/@eliassenhomegardenpleasure4558"]}]}},"df_price":27.5,"df_sale_price":"","df_regular_price":27.5,"df_image_link":"https:\/\/dev.eliassen.nl\/wp-content\/uploads\/2024\/01\/mijnproject_207nd.png","image":"https:\/\/dev.eliassen.nl\/wp-content\/uploads\/2024\/01\/mijnproject_207nd.png","price_search":"<span class=\"woocommerce-Price-amount amount\"><bdi><span class=\"woocommerce-Price-currencySymbol\">&euro;<\/span>&nbsp;27,50<\/bdi><\/span>","category":"Gartenpf\u00e4hle aus still","_links":{"self":[{"href":"https:\/\/dev.eliassen.nl\/de\/wp-json\/wp\/v2\/product\/75790","targetHints":{"allow":["GET"]}}],"collection":[{"href":"https:\/\/dev.eliassen.nl\/de\/wp-json\/wp\/v2\/product"}],"about":[{"href":"https:\/\/dev.eliassen.nl\/de\/wp-json\/wp\/v2\/types\/product"}],"wp:featuredmedia":[{"embeddable":true,"href":"https:\/\/dev.eliassen.nl\/de\/wp-json\/wp\/v2\/media\/75781"}],"wp:attachment":[{"href":"https:\/\/dev.eliassen.nl\/de\/wp-json\/wp\/v2\/media?parent=75790"}],"wp:term":[{"taxonomy":"product_brand","embeddable":true,"href":"https:\/\/dev.eliassen.nl\/de\/wp-json\/wp\/v2\/product_brand?post=75790"},{"taxonomy":"product_cat","embeddable":true,"href":"https:\/\/dev.eliassen.nl\/de\/wp-json\/wp\/v2\/product_cat?post=75790"},{"taxonomy":"product_tag","embeddable":true,"href":"https:\/\/dev.eliassen.nl\/de\/wp-json\/wp\/v2\/product_tag?post=75790"}],"curies":[{"name":"wp","href":"https:\/\/api.w.org\/{rel}","templated":true}]}}