{"id":75829,"date":"2022-10-02T13:52:47","date_gmt":"2022-10-02T11:52:47","guid":{"rendered":"https:\/\/www.eliassen.nl\/?product=3-metalen-koolmeesje-op-een-tuinsteker"},"modified":"2024-12-05T16:08:13","modified_gmt":"2024-12-05T15:08:13","slug":"3-kohlmeise-aus-metall-an-einem-gartenstecker","status":"publish","type":"product","link":"https:\/\/dev.eliassen.nl\/de\/3-kohlmeise-aus-metall-an-einem-gartenstecker\/","title":{"rendered":"3 Kohlmeise aus Metall an einem Gartenstecker"},"content":{"rendered":"<p>Machen Sie sich oder anderen eine Freude mit diesem fr\u00f6hlichen Gartenstecker?<br \/>Wundersch\u00f6ner Gartenstecker aus Metall mit 3 handbemalten Kohlmeisen, die Sie \u00fcberall im Garten anbringen k\u00f6nnen.<br \/>Ein Hingucker in Ihrem Garten und sch\u00f6n zu verschenken. Komplett handgefertigt und bemalt.<br \/>Da es sich um Handarbeit handelt, kann das Bild leicht von einem echten abweichen.<\/p>\n<p><strong>Wir haben fast alles aus dieser Serie im Showroom, schauen Sie vorbei.<\/strong><\/p>\n<ul>\n<li>Gr\u00f6\u00dfe ca. 25 cm breit und 80 cm. hoch<\/li>\n<li>Schnell geliefert.<\/li>\n<li>100 % Handarbeit.<\/li>\n<li>1 Jahr Garantie.<\/li>\n<\/ul>\n","protected":false},"excerpt":{"rendered":"<p>Machen Sie sich oder anderen eine Freude mit diesem fr\u00f6hlichen Gartenstecker?Wundersch\u00f6ner Gartenstecker aus Metall mit 3 handbemalten Kohlmeisen, die Sie \u00fcberall im Garten anbringen k\u00f6nnen.Ein Hingucker in Ihrem Garten und sch\u00f6n zu verschenken. Komplett handgefertigt und bemalt.Da es sich um Handarbeit handelt, kann das Bild leicht von einem echten abweichen. Wir haben fast alles aus &hellip;<\/p>\n","protected":false},"featured_media":75823,"template":"","meta":{"_acf_changed":false},"product_brand":[],"product_cat":[851,836],"product_tag":[],"class_list":{"0":"post-75829","1":"product","2":"type-product","3":"status-publish","4":"has-post-thumbnail","6":"product_cat-gartenpfaehle-aus-still","7":"product_cat-gartenstecker","9":"first","10":"instock","11":"taxable","12":"shipping-taxable","13":"purchasable","14":"product-type-simple"},"acf":[],"yoast_head":"<!-- This site is optimized with the Yoast SEO plugin v23.8 - https:\/\/yoast.com\/wordpress\/plugins\/seo\/ -->\n<title>3 Kohlmeise aus Metall an einem Gartenstecker<\/title>\n<meta name=\"description\" content=\"3 Kohlmeisen aus Metall an einem Gartenstecker kaufen? Eliassen bietet Ihnen eine gro\u00dfe Auswahl an Gartenpf\u00e4hlen in einem gro\u00dfen Ausstellungsraum und online ...\" \/>\n<meta name=\"robots\" content=\"noindex, follow, max-snippet:-1, max-image-preview:large, max-video-preview:-1\" \/>\n<meta property=\"og:locale\" content=\"de_DE\" \/>\n<meta property=\"og:type\" content=\"article\" \/>\n<meta property=\"og:title\" content=\"3 Kohlmeise aus Metall an einem Gartenstecker\" \/>\n<meta property=\"og:description\" content=\"3 Kohlmeisen aus Metall an einem Gartenstecker kaufen? Eliassen bietet Ihnen eine gro\u00dfe Auswahl an Gartenpf\u00e4hlen in einem gro\u00dfen Ausstellungsraum und online ...\" \/>\n<meta property=\"og:url\" content=\"https:\/\/dev.eliassen.nl\/de\/3-kohlmeise-aus-metall-an-einem-gartenstecker\/\" \/>\n<meta property=\"og:site_name\" content=\"Eliassen.nl\" \/>\n<meta property=\"article:publisher\" content=\"https:\/\/www.facebook.com\/TuincentrumEliassenAmmerzoden\" \/>\n<meta property=\"article:modified_time\" content=\"2024-12-05T15:08:13+00:00\" \/>\n<meta property=\"og:image\" content=\"https:\/\/dev.eliassen.nl\/wp-content\/uploads\/2024\/01\/20220927161159resized.jpg\" \/>\n\t<meta property=\"og:image:width\" content=\"2000\" \/>\n\t<meta property=\"og:image:height\" content=\"1125\" \/>\n\t<meta property=\"og:image:type\" content=\"image\/jpeg\" \/>\n<meta name=\"twitter:card\" content=\"summary_large_image\" \/>\n<script type=\"application\/ld+json\" class=\"yoast-schema-graph\">{\"@context\":\"https:\/\/schema.org\",\"@graph\":[{\"@type\":\"WebPage\",\"@id\":\"https:\/\/dev.eliassen.nl\/de\/3-kohlmeise-aus-metall-an-einem-gartenstecker\/\",\"url\":\"https:\/\/dev.eliassen.nl\/de\/3-kohlmeise-aus-metall-an-einem-gartenstecker\/\",\"name\":\"3 Kohlmeise aus Metall an einem Gartenstecker\",\"isPartOf\":{\"@id\":\"https:\/\/dev.eliassen.nl\/de\/#website\"},\"primaryImageOfPage\":{\"@id\":\"https:\/\/dev.eliassen.nl\/de\/3-kohlmeise-aus-metall-an-einem-gartenstecker\/#primaryimage\"},\"image\":{\"@id\":\"https:\/\/dev.eliassen.nl\/de\/3-kohlmeise-aus-metall-an-einem-gartenstecker\/#primaryimage\"},\"thumbnailUrl\":\"https:\/\/dev.eliassen.nl\/wp-content\/uploads\/2024\/01\/20220927161159resized.jpg\",\"datePublished\":\"2022-10-02T11:52:47+00:00\",\"dateModified\":\"2024-12-05T15:08:13+00:00\",\"description\":\"3 Kohlmeisen aus Metall an einem Gartenstecker kaufen? Eliassen bietet Ihnen eine gro\u00dfe Auswahl an Gartenpf\u00e4hlen in einem gro\u00dfen Ausstellungsraum und online ...\",\"breadcrumb\":{\"@id\":\"https:\/\/dev.eliassen.nl\/de\/3-kohlmeise-aus-metall-an-einem-gartenstecker\/#breadcrumb\"},\"inLanguage\":\"de\",\"potentialAction\":[{\"@type\":\"ReadAction\",\"target\":[\"https:\/\/dev.eliassen.nl\/de\/3-kohlmeise-aus-metall-an-einem-gartenstecker\/\"]}]},{\"@type\":\"ImageObject\",\"inLanguage\":\"de\",\"@id\":\"https:\/\/dev.eliassen.nl\/de\/3-kohlmeise-aus-metall-an-einem-gartenstecker\/#primaryimage\",\"url\":\"https:\/\/dev.eliassen.nl\/wp-content\/uploads\/2024\/01\/20220927161159resized.jpg\",\"contentUrl\":\"https:\/\/dev.eliassen.nl\/wp-content\/uploads\/2024\/01\/20220927161159resized.jpg\",\"width\":2000,\"height\":1125,\"caption\":\"20220927_161159_resized\"},{\"@type\":\"BreadcrumbList\",\"@id\":\"https:\/\/dev.eliassen.nl\/de\/3-kohlmeise-aus-metall-an-einem-gartenstecker\/#breadcrumb\",\"itemListElement\":[{\"@type\":\"ListItem\",\"position\":1,\"name\":\"Home\",\"item\":\"https:\/\/dev.eliassen.nl\/de\/\"},{\"@type\":\"ListItem\",\"position\":2,\"name\":\"Shop\",\"item\":\"https:\/\/dev.eliassen.nl\/nl\/winkel\/\"},{\"@type\":\"ListItem\",\"position\":3,\"name\":\"Gartenstecker\",\"item\":\"https:\/\/dev.eliassen.nl\/de\/gartenstecker\/\"},{\"@type\":\"ListItem\",\"position\":4,\"name\":\"Gartenpf\u00e4hle aus still\",\"item\":\"https:\/\/dev.eliassen.nl\/de\/gartenstecker\/gartenpfaehle-aus-still\/\"},{\"@type\":\"ListItem\",\"position\":5,\"name\":\"3 Kohlmeise aus Metall an einem Gartenstecker\"}]},{\"@type\":\"WebSite\",\"@id\":\"https:\/\/dev.eliassen.nl\/de\/#website\",\"url\":\"https:\/\/dev.eliassen.nl\/de\/\",\"name\":\"Eliassen Home & Garden Pleasure\",\"description\":\"\",\"publisher\":{\"@id\":\"https:\/\/dev.eliassen.nl\/de\/#organization\"},\"alternateName\":\"Eliassen.nl\",\"potentialAction\":[{\"@type\":\"SearchAction\",\"target\":{\"@type\":\"EntryPoint\",\"urlTemplate\":\"https:\/\/dev.eliassen.nl\/de\/?s={search_term_string}\"},\"query-input\":{\"@type\":\"PropertyValueSpecification\",\"valueRequired\":true,\"valueName\":\"search_term_string\"}}],\"inLanguage\":\"de\"},{\"@type\":\"Organization\",\"@id\":\"https:\/\/dev.eliassen.nl\/de\/#organization\",\"name\":\"Eliassen Home & Garden Pleasure\",\"url\":\"https:\/\/dev.eliassen.nl\/de\/\",\"logo\":{\"@type\":\"ImageObject\",\"inLanguage\":\"de\",\"@id\":\"https:\/\/dev.eliassen.nl\/de\/#\/schema\/logo\/image\/\",\"url\":\"https:\/\/www.eliassen.nl\/wp-content\/uploads\/2024\/01\/logo_4nd.jpg\",\"contentUrl\":\"https:\/\/www.eliassen.nl\/wp-content\/uploads\/2024\/01\/logo_4nd.jpg\",\"width\":500,\"height\":500,\"caption\":\"Eliassen Home & Garden Pleasure\"},\"image\":{\"@id\":\"https:\/\/dev.eliassen.nl\/de\/#\/schema\/logo\/image\/\"},\"sameAs\":[\"https:\/\/www.facebook.com\/TuincentrumEliassenAmmerzoden\",\"https:\/\/www.instagram.com\/eliassenhomeandgarden\/\",\"https:\/\/nl.pinterest.com\/eliassenhomeandgarden\/\",\"https:\/\/www.youtube.com\/@eliassenhomegardenpleasure4558\"]}]}<\/script>\n<!-- \/ Yoast SEO plugin. -->","yoast_head_json":{"title":"3 Kohlmeise aus Metall an einem Gartenstecker","description":"3 Kohlmeisen aus Metall an einem Gartenstecker kaufen? Eliassen bietet Ihnen eine gro\u00dfe Auswahl an Gartenpf\u00e4hlen in einem gro\u00dfen Ausstellungsraum und online ...","robots":{"index":"noindex","follow":"follow","max-snippet":"max-snippet:-1","max-image-preview":"max-image-preview:large","max-video-preview":"max-video-preview:-1"},"og_locale":"de_DE","og_type":"article","og_title":"3 Kohlmeise aus Metall an einem Gartenstecker","og_description":"3 Kohlmeisen aus Metall an einem Gartenstecker kaufen? Eliassen bietet Ihnen eine gro\u00dfe Auswahl an Gartenpf\u00e4hlen in einem gro\u00dfen Ausstellungsraum und online ...","og_url":"https:\/\/dev.eliassen.nl\/de\/3-kohlmeise-aus-metall-an-einem-gartenstecker\/","og_site_name":"Eliassen.nl","article_publisher":"https:\/\/www.facebook.com\/TuincentrumEliassenAmmerzoden","article_modified_time":"2024-12-05T15:08:13+00:00","og_image":[{"width":2000,"height":1125,"url":"https:\/\/dev.eliassen.nl\/wp-content\/uploads\/2024\/01\/20220927161159resized.jpg","type":"image\/jpeg"}],"twitter_card":"summary_large_image","schema":{"@context":"https:\/\/schema.org","@graph":[{"@type":"WebPage","@id":"https:\/\/dev.eliassen.nl\/de\/3-kohlmeise-aus-metall-an-einem-gartenstecker\/","url":"https:\/\/dev.eliassen.nl\/de\/3-kohlmeise-aus-metall-an-einem-gartenstecker\/","name":"3 Kohlmeise aus Metall an einem Gartenstecker","isPartOf":{"@id":"https:\/\/dev.eliassen.nl\/de\/#website"},"primaryImageOfPage":{"@id":"https:\/\/dev.eliassen.nl\/de\/3-kohlmeise-aus-metall-an-einem-gartenstecker\/#primaryimage"},"image":{"@id":"https:\/\/dev.eliassen.nl\/de\/3-kohlmeise-aus-metall-an-einem-gartenstecker\/#primaryimage"},"thumbnailUrl":"https:\/\/dev.eliassen.nl\/wp-content\/uploads\/2024\/01\/20220927161159resized.jpg","datePublished":"2022-10-02T11:52:47+00:00","dateModified":"2024-12-05T15:08:13+00:00","description":"3 Kohlmeisen aus Metall an einem Gartenstecker kaufen? Eliassen bietet Ihnen eine gro\u00dfe Auswahl an Gartenpf\u00e4hlen in einem gro\u00dfen Ausstellungsraum und online ...","breadcrumb":{"@id":"https:\/\/dev.eliassen.nl\/de\/3-kohlmeise-aus-metall-an-einem-gartenstecker\/#breadcrumb"},"inLanguage":"de","potentialAction":[{"@type":"ReadAction","target":["https:\/\/dev.eliassen.nl\/de\/3-kohlmeise-aus-metall-an-einem-gartenstecker\/"]}]},{"@type":"ImageObject","inLanguage":"de","@id":"https:\/\/dev.eliassen.nl\/de\/3-kohlmeise-aus-metall-an-einem-gartenstecker\/#primaryimage","url":"https:\/\/dev.eliassen.nl\/wp-content\/uploads\/2024\/01\/20220927161159resized.jpg","contentUrl":"https:\/\/dev.eliassen.nl\/wp-content\/uploads\/2024\/01\/20220927161159resized.jpg","width":2000,"height":1125,"caption":"20220927_161159_resized"},{"@type":"BreadcrumbList","@id":"https:\/\/dev.eliassen.nl\/de\/3-kohlmeise-aus-metall-an-einem-gartenstecker\/#breadcrumb","itemListElement":[{"@type":"ListItem","position":1,"name":"Home","item":"https:\/\/dev.eliassen.nl\/de\/"},{"@type":"ListItem","position":2,"name":"Shop","item":"https:\/\/dev.eliassen.nl\/nl\/winkel\/"},{"@type":"ListItem","position":3,"name":"Gartenstecker","item":"https:\/\/dev.eliassen.nl\/de\/gartenstecker\/"},{"@type":"ListItem","position":4,"name":"Gartenpf\u00e4hle aus still","item":"https:\/\/dev.eliassen.nl\/de\/gartenstecker\/gartenpfaehle-aus-still\/"},{"@type":"ListItem","position":5,"name":"3 Kohlmeise aus Metall an einem Gartenstecker"}]},{"@type":"WebSite","@id":"https:\/\/dev.eliassen.nl\/de\/#website","url":"https:\/\/dev.eliassen.nl\/de\/","name":"Eliassen Home & Garden Pleasure","description":"","publisher":{"@id":"https:\/\/dev.eliassen.nl\/de\/#organization"},"alternateName":"Eliassen.nl","potentialAction":[{"@type":"SearchAction","target":{"@type":"EntryPoint","urlTemplate":"https:\/\/dev.eliassen.nl\/de\/?s={search_term_string}"},"query-input":{"@type":"PropertyValueSpecification","valueRequired":true,"valueName":"search_term_string"}}],"inLanguage":"de"},{"@type":"Organization","@id":"https:\/\/dev.eliassen.nl\/de\/#organization","name":"Eliassen Home & Garden Pleasure","url":"https:\/\/dev.eliassen.nl\/de\/","logo":{"@type":"ImageObject","inLanguage":"de","@id":"https:\/\/dev.eliassen.nl\/de\/#\/schema\/logo\/image\/","url":"https:\/\/www.eliassen.nl\/wp-content\/uploads\/2024\/01\/logo_4nd.jpg","contentUrl":"https:\/\/www.eliassen.nl\/wp-content\/uploads\/2024\/01\/logo_4nd.jpg","width":500,"height":500,"caption":"Eliassen Home & Garden Pleasure"},"image":{"@id":"https:\/\/dev.eliassen.nl\/de\/#\/schema\/logo\/image\/"},"sameAs":["https:\/\/www.facebook.com\/TuincentrumEliassenAmmerzoden","https:\/\/www.instagram.com\/eliassenhomeandgarden\/","https:\/\/nl.pinterest.com\/eliassenhomeandgarden\/","https:\/\/www.youtube.com\/@eliassenhomegardenpleasure4558"]}]}},"df_price":27.5,"df_sale_price":"","df_regular_price":27.5,"df_image_link":"https:\/\/dev.eliassen.nl\/wp-content\/uploads\/2024\/01\/20220927161159resized.jpg","image":"https:\/\/dev.eliassen.nl\/wp-content\/uploads\/2024\/01\/20220927161159resized.jpg","price_search":"<span class=\"woocommerce-Price-amount amount\"><bdi><span class=\"woocommerce-Price-currencySymbol\">&euro;<\/span>&nbsp;27,50<\/bdi><\/span>","category":"Gartenpf\u00e4hle aus still","_links":{"self":[{"href":"https:\/\/dev.eliassen.nl\/de\/wp-json\/wp\/v2\/product\/75829","targetHints":{"allow":["GET"]}}],"collection":[{"href":"https:\/\/dev.eliassen.nl\/de\/wp-json\/wp\/v2\/product"}],"about":[{"href":"https:\/\/dev.eliassen.nl\/de\/wp-json\/wp\/v2\/types\/product"}],"wp:featuredmedia":[{"embeddable":true,"href":"https:\/\/dev.eliassen.nl\/de\/wp-json\/wp\/v2\/media\/75823"}],"wp:attachment":[{"href":"https:\/\/dev.eliassen.nl\/de\/wp-json\/wp\/v2\/media?parent=75829"}],"wp:term":[{"taxonomy":"product_brand","embeddable":true,"href":"https:\/\/dev.eliassen.nl\/de\/wp-json\/wp\/v2\/product_brand?post=75829"},{"taxonomy":"product_cat","embeddable":true,"href":"https:\/\/dev.eliassen.nl\/de\/wp-json\/wp\/v2\/product_cat?post=75829"},{"taxonomy":"product_tag","embeddable":true,"href":"https:\/\/dev.eliassen.nl\/de\/wp-json\/wp\/v2\/product_tag?post=75829"}],"curies":[{"name":"wp","href":"https:\/\/api.w.org\/{rel}","templated":true}]}}