{"id":76015,"date":"2022-10-10T15:26:13","date_gmt":"2022-10-10T13:26:13","guid":{"rendered":"https:\/\/www.eliassen.nl\/?product=glasschilderij-gouden-vrouw-in-het-blauw-80x120cm"},"modified":"2024-12-05T16:08:36","modified_gmt":"2024-12-05T15:08:36","slug":"glasbild-goldene-frau-in-blau-80x120cm","status":"publish","type":"product","link":"https:\/\/dev.eliassen.nl\/de\/glasbild-goldene-frau-in-blau-80x120cm\/","title":{"rendered":"Glasbild Goldene Frau in Blau 80x120cm."},"content":{"rendered":"<p>Sch\u00f6n in sch\u00f6nen, eleganten Innenr\u00e4umen, aber nat\u00fcrlich auch geschmackvoll in Ihrem B\u00fcro und\/oder Unternehmen.<br \/>Dies ist eine gro\u00dfe Glasplatte mit einer goldgemalten Frau auf blauem Hintergrund.<br \/>Da sich das Foto auf der R\u00fcckseite befindet, ergibt das Glas davor einen sch\u00f6nen Effekt.<\/p>\n<p><strong>Wir haben fast die gesamte Sammlung dieser Gem\u00e4ldesammlung in unserem Gesch\u00e4ft auf Lager, was in den Niederlanden einzigartig ist!<\/strong><\/p>\n<ul>\n<li>Gr\u00f6\u00dfe 80 x 120 cm hoch<\/li>\n<li>Schnell geliefert<\/li>\n<li>Nahezu unzerbrechlich<\/li>\n<li>Superscharfes Bild<\/li>\n<li>4 mm dickes geh\u00e4rtetes Glas<\/li>\n<li>Nahezu unempfindlich gegen Kratzer<\/li>\n<li>Einfach aufzuh\u00e4ngen mit 2 Haken<\/li>\n<\/ul>\n","protected":false},"excerpt":{"rendered":"<p>Sch\u00f6n in sch\u00f6nen, eleganten Innenr\u00e4umen, aber nat\u00fcrlich auch geschmackvoll in Ihrem B\u00fcro und\/oder Unternehmen.Dies ist eine gro\u00dfe Glasplatte mit einer goldgemalten Frau auf blauem Hintergrund.Da sich das Foto auf der R\u00fcckseite befindet, ergibt das Glas davor einen sch\u00f6nen Effekt. Wir haben fast die gesamte Sammlung dieser Gem\u00e4ldesammlung in unserem Gesch\u00e4ft auf Lager, was in den &hellip;<\/p>\n","protected":false},"featured_media":76012,"template":"","meta":{"_acf_changed":false},"product_brand":[],"product_cat":[410,455,443],"product_tag":[],"class_list":{"0":"post-76015","1":"product","2":"type-product","3":"status-publish","4":"has-post-thumbnail","6":"product_cat-gemaelde","7":"product_cat-glasmalerei-im-format-80x120cm","8":"product_cat-glasmalereien","10":"first","11":"outofstock","12":"taxable","13":"shipping-taxable","14":"purchasable","15":"product-type-simple"},"acf":[],"yoast_head":"<!-- This site is optimized with the Yoast SEO plugin v23.8 - https:\/\/yoast.com\/wordpress\/plugins\/seo\/ -->\n<title>Glasbild Goldene Frau in Blau 80x120cm.<\/title>\n<meta name=\"description\" content=\"M\u00f6chten Sie ein Glasbild goldene Frau in Blau kaufen? Eliassen bietet Ihnen eine gro\u00dfe Auswahl an (Glas-)Gem\u00e4lden in einem gro\u00dfen Showroom mit schnellen Onli...\" \/>\n<meta name=\"robots\" content=\"noindex, follow, max-snippet:-1, max-image-preview:large, max-video-preview:-1\" \/>\n<meta property=\"og:locale\" content=\"de_DE\" \/>\n<meta property=\"og:type\" content=\"article\" \/>\n<meta property=\"og:title\" content=\"Glasbild Goldene Frau in Blau 80x120cm.\" \/>\n<meta property=\"og:description\" content=\"M\u00f6chten Sie ein Glasbild goldene Frau in Blau kaufen? Eliassen bietet Ihnen eine gro\u00dfe Auswahl an (Glas-)Gem\u00e4lden in einem gro\u00dfen Showroom mit schnellen Onli...\" \/>\n<meta property=\"og:url\" content=\"https:\/\/dev.eliassen.nl\/de\/glasbild-goldene-frau-in-blau-80x120cm\/\" \/>\n<meta property=\"og:site_name\" content=\"Eliassen.nl\" \/>\n<meta property=\"article:publisher\" content=\"https:\/\/www.facebook.com\/TuincentrumEliassenAmmerzoden\" \/>\n<meta property=\"article:modified_time\" content=\"2024-12-05T15:08:36+00:00\" \/>\n<meta property=\"og:image\" content=\"https:\/\/dev.eliassen.nl\/wp-content\/uploads\/2024\/01\/glasschilderijgoudblauweliassennl.jpg\" \/>\n\t<meta property=\"og:image:width\" content=\"1000\" \/>\n\t<meta property=\"og:image:height\" content=\"667\" \/>\n\t<meta property=\"og:image:type\" content=\"image\/jpeg\" \/>\n<meta name=\"twitter:card\" content=\"summary_large_image\" \/>\n<script type=\"application\/ld+json\" class=\"yoast-schema-graph\">{\"@context\":\"https:\/\/schema.org\",\"@graph\":[{\"@type\":\"WebPage\",\"@id\":\"https:\/\/dev.eliassen.nl\/de\/glasbild-goldene-frau-in-blau-80x120cm\/\",\"url\":\"https:\/\/dev.eliassen.nl\/de\/glasbild-goldene-frau-in-blau-80x120cm\/\",\"name\":\"Glasbild Goldene Frau in Blau 80x120cm.\",\"isPartOf\":{\"@id\":\"https:\/\/dev.eliassen.nl\/de\/#website\"},\"primaryImageOfPage\":{\"@id\":\"https:\/\/dev.eliassen.nl\/de\/glasbild-goldene-frau-in-blau-80x120cm\/#primaryimage\"},\"image\":{\"@id\":\"https:\/\/dev.eliassen.nl\/de\/glasbild-goldene-frau-in-blau-80x120cm\/#primaryimage\"},\"thumbnailUrl\":\"https:\/\/dev.eliassen.nl\/wp-content\/uploads\/2024\/01\/glasschilderijgoudblauweliassennl.jpg\",\"datePublished\":\"2022-10-10T13:26:13+00:00\",\"dateModified\":\"2024-12-05T15:08:36+00:00\",\"description\":\"M\u00f6chten Sie ein Glasbild goldene Frau in Blau kaufen? Eliassen bietet Ihnen eine gro\u00dfe Auswahl an (Glas-)Gem\u00e4lden in einem gro\u00dfen Showroom mit schnellen Onli...\",\"breadcrumb\":{\"@id\":\"https:\/\/dev.eliassen.nl\/de\/glasbild-goldene-frau-in-blau-80x120cm\/#breadcrumb\"},\"inLanguage\":\"de\",\"potentialAction\":[{\"@type\":\"ReadAction\",\"target\":[\"https:\/\/dev.eliassen.nl\/de\/glasbild-goldene-frau-in-blau-80x120cm\/\"]}]},{\"@type\":\"ImageObject\",\"inLanguage\":\"de\",\"@id\":\"https:\/\/dev.eliassen.nl\/de\/glasbild-goldene-frau-in-blau-80x120cm\/#primaryimage\",\"url\":\"https:\/\/dev.eliassen.nl\/wp-content\/uploads\/2024\/01\/glasschilderijgoudblauweliassennl.jpg\",\"contentUrl\":\"https:\/\/dev.eliassen.nl\/wp-content\/uploads\/2024\/01\/glasschilderijgoudblauweliassennl.jpg\",\"width\":1000,\"height\":667,\"caption\":\"glasschilderij goud blauw - eliassen.nl\"},{\"@type\":\"BreadcrumbList\",\"@id\":\"https:\/\/dev.eliassen.nl\/de\/glasbild-goldene-frau-in-blau-80x120cm\/#breadcrumb\",\"itemListElement\":[{\"@type\":\"ListItem\",\"position\":1,\"name\":\"Home\",\"item\":\"https:\/\/dev.eliassen.nl\/de\/\"},{\"@type\":\"ListItem\",\"position\":2,\"name\":\"Shop\",\"item\":\"https:\/\/dev.eliassen.nl\/nl\/winkel\/\"},{\"@type\":\"ListItem\",\"position\":3,\"name\":\"Glasmalereien\",\"item\":\"https:\/\/dev.eliassen.nl\/de\/gemaelde\/glasmalereien\/\"},{\"@type\":\"ListItem\",\"position\":4,\"name\":\"Glasmalerei im Format 80x120cm\",\"item\":\"https:\/\/dev.eliassen.nl\/de\/gemaelde\/glasmalereien\/glasmalerei-im-format-80x120cm\/\"},{\"@type\":\"ListItem\",\"position\":5,\"name\":\"Glasbild Goldene Frau in Blau 80x120cm.\"}]},{\"@type\":\"WebSite\",\"@id\":\"https:\/\/dev.eliassen.nl\/de\/#website\",\"url\":\"https:\/\/dev.eliassen.nl\/de\/\",\"name\":\"Eliassen Home & Garden Pleasure\",\"description\":\"\",\"publisher\":{\"@id\":\"https:\/\/dev.eliassen.nl\/de\/#organization\"},\"alternateName\":\"Eliassen.nl\",\"potentialAction\":[{\"@type\":\"SearchAction\",\"target\":{\"@type\":\"EntryPoint\",\"urlTemplate\":\"https:\/\/dev.eliassen.nl\/de\/?s={search_term_string}\"},\"query-input\":{\"@type\":\"PropertyValueSpecification\",\"valueRequired\":true,\"valueName\":\"search_term_string\"}}],\"inLanguage\":\"de\"},{\"@type\":\"Organization\",\"@id\":\"https:\/\/dev.eliassen.nl\/de\/#organization\",\"name\":\"Eliassen Home & Garden Pleasure\",\"url\":\"https:\/\/dev.eliassen.nl\/de\/\",\"logo\":{\"@type\":\"ImageObject\",\"inLanguage\":\"de\",\"@id\":\"https:\/\/dev.eliassen.nl\/de\/#\/schema\/logo\/image\/\",\"url\":\"https:\/\/www.eliassen.nl\/wp-content\/uploads\/2024\/01\/logo_4nd.jpg\",\"contentUrl\":\"https:\/\/www.eliassen.nl\/wp-content\/uploads\/2024\/01\/logo_4nd.jpg\",\"width\":500,\"height\":500,\"caption\":\"Eliassen Home & Garden Pleasure\"},\"image\":{\"@id\":\"https:\/\/dev.eliassen.nl\/de\/#\/schema\/logo\/image\/\"},\"sameAs\":[\"https:\/\/www.facebook.com\/TuincentrumEliassenAmmerzoden\",\"https:\/\/www.instagram.com\/eliassenhomeandgarden\/\",\"https:\/\/nl.pinterest.com\/eliassenhomeandgarden\/\",\"https:\/\/www.youtube.com\/@eliassenhomegardenpleasure4558\"]}]}<\/script>\n<!-- \/ Yoast SEO plugin. -->","yoast_head_json":{"title":"Glasbild Goldene Frau in Blau 80x120cm.","description":"M\u00f6chten Sie ein Glasbild goldene Frau in Blau kaufen? Eliassen bietet Ihnen eine gro\u00dfe Auswahl an (Glas-)Gem\u00e4lden in einem gro\u00dfen Showroom mit schnellen Onli...","robots":{"index":"noindex","follow":"follow","max-snippet":"max-snippet:-1","max-image-preview":"max-image-preview:large","max-video-preview":"max-video-preview:-1"},"og_locale":"de_DE","og_type":"article","og_title":"Glasbild Goldene Frau in Blau 80x120cm.","og_description":"M\u00f6chten Sie ein Glasbild goldene Frau in Blau kaufen? Eliassen bietet Ihnen eine gro\u00dfe Auswahl an (Glas-)Gem\u00e4lden in einem gro\u00dfen Showroom mit schnellen Onli...","og_url":"https:\/\/dev.eliassen.nl\/de\/glasbild-goldene-frau-in-blau-80x120cm\/","og_site_name":"Eliassen.nl","article_publisher":"https:\/\/www.facebook.com\/TuincentrumEliassenAmmerzoden","article_modified_time":"2024-12-05T15:08:36+00:00","og_image":[{"width":1000,"height":667,"url":"https:\/\/dev.eliassen.nl\/wp-content\/uploads\/2024\/01\/glasschilderijgoudblauweliassennl.jpg","type":"image\/jpeg"}],"twitter_card":"summary_large_image","schema":{"@context":"https:\/\/schema.org","@graph":[{"@type":"WebPage","@id":"https:\/\/dev.eliassen.nl\/de\/glasbild-goldene-frau-in-blau-80x120cm\/","url":"https:\/\/dev.eliassen.nl\/de\/glasbild-goldene-frau-in-blau-80x120cm\/","name":"Glasbild Goldene Frau in Blau 80x120cm.","isPartOf":{"@id":"https:\/\/dev.eliassen.nl\/de\/#website"},"primaryImageOfPage":{"@id":"https:\/\/dev.eliassen.nl\/de\/glasbild-goldene-frau-in-blau-80x120cm\/#primaryimage"},"image":{"@id":"https:\/\/dev.eliassen.nl\/de\/glasbild-goldene-frau-in-blau-80x120cm\/#primaryimage"},"thumbnailUrl":"https:\/\/dev.eliassen.nl\/wp-content\/uploads\/2024\/01\/glasschilderijgoudblauweliassennl.jpg","datePublished":"2022-10-10T13:26:13+00:00","dateModified":"2024-12-05T15:08:36+00:00","description":"M\u00f6chten Sie ein Glasbild goldene Frau in Blau kaufen? Eliassen bietet Ihnen eine gro\u00dfe Auswahl an (Glas-)Gem\u00e4lden in einem gro\u00dfen Showroom mit schnellen Onli...","breadcrumb":{"@id":"https:\/\/dev.eliassen.nl\/de\/glasbild-goldene-frau-in-blau-80x120cm\/#breadcrumb"},"inLanguage":"de","potentialAction":[{"@type":"ReadAction","target":["https:\/\/dev.eliassen.nl\/de\/glasbild-goldene-frau-in-blau-80x120cm\/"]}]},{"@type":"ImageObject","inLanguage":"de","@id":"https:\/\/dev.eliassen.nl\/de\/glasbild-goldene-frau-in-blau-80x120cm\/#primaryimage","url":"https:\/\/dev.eliassen.nl\/wp-content\/uploads\/2024\/01\/glasschilderijgoudblauweliassennl.jpg","contentUrl":"https:\/\/dev.eliassen.nl\/wp-content\/uploads\/2024\/01\/glasschilderijgoudblauweliassennl.jpg","width":1000,"height":667,"caption":"glasschilderij goud blauw - eliassen.nl"},{"@type":"BreadcrumbList","@id":"https:\/\/dev.eliassen.nl\/de\/glasbild-goldene-frau-in-blau-80x120cm\/#breadcrumb","itemListElement":[{"@type":"ListItem","position":1,"name":"Home","item":"https:\/\/dev.eliassen.nl\/de\/"},{"@type":"ListItem","position":2,"name":"Shop","item":"https:\/\/dev.eliassen.nl\/nl\/winkel\/"},{"@type":"ListItem","position":3,"name":"Glasmalereien","item":"https:\/\/dev.eliassen.nl\/de\/gemaelde\/glasmalereien\/"},{"@type":"ListItem","position":4,"name":"Glasmalerei im Format 80x120cm","item":"https:\/\/dev.eliassen.nl\/de\/gemaelde\/glasmalereien\/glasmalerei-im-format-80x120cm\/"},{"@type":"ListItem","position":5,"name":"Glasbild Goldene Frau in Blau 80x120cm."}]},{"@type":"WebSite","@id":"https:\/\/dev.eliassen.nl\/de\/#website","url":"https:\/\/dev.eliassen.nl\/de\/","name":"Eliassen Home & Garden Pleasure","description":"","publisher":{"@id":"https:\/\/dev.eliassen.nl\/de\/#organization"},"alternateName":"Eliassen.nl","potentialAction":[{"@type":"SearchAction","target":{"@type":"EntryPoint","urlTemplate":"https:\/\/dev.eliassen.nl\/de\/?s={search_term_string}"},"query-input":{"@type":"PropertyValueSpecification","valueRequired":true,"valueName":"search_term_string"}}],"inLanguage":"de"},{"@type":"Organization","@id":"https:\/\/dev.eliassen.nl\/de\/#organization","name":"Eliassen Home & Garden Pleasure","url":"https:\/\/dev.eliassen.nl\/de\/","logo":{"@type":"ImageObject","inLanguage":"de","@id":"https:\/\/dev.eliassen.nl\/de\/#\/schema\/logo\/image\/","url":"https:\/\/www.eliassen.nl\/wp-content\/uploads\/2024\/01\/logo_4nd.jpg","contentUrl":"https:\/\/www.eliassen.nl\/wp-content\/uploads\/2024\/01\/logo_4nd.jpg","width":500,"height":500,"caption":"Eliassen Home & Garden Pleasure"},"image":{"@id":"https:\/\/dev.eliassen.nl\/de\/#\/schema\/logo\/image\/"},"sameAs":["https:\/\/www.facebook.com\/TuincentrumEliassenAmmerzoden","https:\/\/www.instagram.com\/eliassenhomeandgarden\/","https:\/\/nl.pinterest.com\/eliassenhomeandgarden\/","https:\/\/www.youtube.com\/@eliassenhomegardenpleasure4558"]}]}},"df_price":149,"df_sale_price":"","df_regular_price":149,"df_image_link":"https:\/\/dev.eliassen.nl\/wp-content\/uploads\/2024\/01\/glasschilderijgoudblauweliassennl.jpg","image":"https:\/\/dev.eliassen.nl\/wp-content\/uploads\/2024\/01\/glasschilderijgoudblauweliassennl.jpg","price_search":"<span class=\"woocommerce-Price-amount amount\"><bdi><span class=\"woocommerce-Price-currencySymbol\">&euro;<\/span>&nbsp;149,00<\/bdi><\/span>","category":"Gem\u00e4lde","_links":{"self":[{"href":"https:\/\/dev.eliassen.nl\/de\/wp-json\/wp\/v2\/product\/76015","targetHints":{"allow":["GET"]}}],"collection":[{"href":"https:\/\/dev.eliassen.nl\/de\/wp-json\/wp\/v2\/product"}],"about":[{"href":"https:\/\/dev.eliassen.nl\/de\/wp-json\/wp\/v2\/types\/product"}],"wp:featuredmedia":[{"embeddable":true,"href":"https:\/\/dev.eliassen.nl\/de\/wp-json\/wp\/v2\/media\/76012"}],"wp:attachment":[{"href":"https:\/\/dev.eliassen.nl\/de\/wp-json\/wp\/v2\/media?parent=76015"}],"wp:term":[{"taxonomy":"product_brand","embeddable":true,"href":"https:\/\/dev.eliassen.nl\/de\/wp-json\/wp\/v2\/product_brand?post=76015"},{"taxonomy":"product_cat","embeddable":true,"href":"https:\/\/dev.eliassen.nl\/de\/wp-json\/wp\/v2\/product_cat?post=76015"},{"taxonomy":"product_tag","embeddable":true,"href":"https:\/\/dev.eliassen.nl\/de\/wp-json\/wp\/v2\/product_tag?post=76015"}],"curies":[{"name":"wp","href":"https:\/\/api.w.org\/{rel}","templated":true}]}}