{"id":76201,"date":"2022-10-13T20:00:55","date_gmt":"2022-10-13T18:00:55","guid":{"rendered":"https:\/\/www.eliassen.nl\/?product=wandkaart-laatste-avondmaal-90cm"},"modified":"2024-12-05T16:08:47","modified_gmt":"2024-12-05T15:08:47","slug":"wandtafel-letztes-abendmahl-90cm","status":"publish","type":"product","link":"https:\/\/dev.eliassen.nl\/de\/wandtafel-letztes-abendmahl-90cm\/","title":{"rendered":"Wandtafel Letztes Abendmahl 90cm"},"content":{"rendered":"<p>Diese Wandkarte \u201eDas letzte Abendmahl\u201c ist eine alte Darstellung eines alten Originals und eine erschwingliche Wanddekoration f\u00fcr jedes Interieur. Dieses Schulposter ist aus echtem Leinen, also kein Papier. Die Gr\u00f6\u00dfe dieser rollbaren Wanddekoration betr\u00e4gt 90x67cm.<\/p>\n<p><strong>Wir haben auch fast die gesamte Kollektion dieser Serie im Laden.<\/strong><br \/><strong>Nirgendwo sonst finden Sie eine so gro\u00dfe Sammlung an Wanddekorationen. Gern geschehen.<\/strong><\/p>\n<ul>\n<li>Material: Leinen mit Holzlatten und Aufh\u00e4ngeseil.<\/li>\n<li>Gr\u00f6\u00dfe: 90 x 67 cm<\/li>\n<li>Rollbar<\/li>\n<li>Lieferung ab Lager<\/li>\n<li>Nur f\u00fcr den Innengebrauch.<\/li>\n<\/ul>\n","protected":false},"excerpt":{"rendered":"<p>Wandkarte aus echtem Leinen in Holzlatten.<\/p>\n","protected":false},"featured_media":76195,"template":"","meta":{"_acf_changed":false},"product_brand":[],"product_cat":[509,530],"product_tag":[],"class_list":{"0":"post-76201","1":"product","2":"type-product","3":"status-publish","4":"has-post-thumbnail","6":"product_cat-wanddekoration","7":"product_cat-wandkarten-leinwand","9":"first","10":"instock","11":"taxable","12":"shipping-taxable","13":"purchasable","14":"product-type-simple"},"acf":[],"yoast_head":"<!-- This site is optimized with the Yoast SEO plugin v23.8 - https:\/\/yoast.com\/wordpress\/plugins\/seo\/ -->\n<title>Wandtafel Letztes Abendmahl 90cm<\/title>\n<meta name=\"description\" content=\"Wandkarten und andere Wanddekorationen? Sehen Sie sich unsere gr\u00f6\u00dfte Kollektion in den Niederlanden live oder in unserem Webshop an!! \u2705 Vertrauensw\u00fcrdige Adr...\" \/>\n<meta name=\"robots\" content=\"noindex, follow, max-snippet:-1, max-image-preview:large, max-video-preview:-1\" \/>\n<meta property=\"og:locale\" content=\"de_DE\" \/>\n<meta property=\"og:type\" content=\"article\" \/>\n<meta property=\"og:title\" content=\"Wandtafel Letztes Abendmahl 90cm\" \/>\n<meta property=\"og:description\" content=\"Wandkarten und andere Wanddekorationen? Sehen Sie sich unsere gr\u00f6\u00dfte Kollektion in den Niederlanden live oder in unserem Webshop an!! \u2705 Vertrauensw\u00fcrdige Adr...\" \/>\n<meta property=\"og:url\" content=\"https:\/\/dev.eliassen.nl\/de\/wandtafel-letztes-abendmahl-90cm\/\" \/>\n<meta property=\"og:site_name\" content=\"Eliassen.nl\" \/>\n<meta property=\"article:publisher\" content=\"https:\/\/www.facebook.com\/TuincentrumEliassenAmmerzoden\" \/>\n<meta property=\"article:modified_time\" content=\"2024-12-05T15:08:47+00:00\" \/>\n<meta property=\"og:image\" content=\"https:\/\/dev.eliassen.nl\/wp-content\/uploads\/2024\/01\/fk1519.jpg\" \/>\n\t<meta property=\"og:image:width\" content=\"1022\" \/>\n\t<meta property=\"og:image:height\" content=\"978\" \/>\n\t<meta property=\"og:image:type\" content=\"image\/jpeg\" \/>\n<meta name=\"twitter:card\" content=\"summary_large_image\" \/>\n<script type=\"application\/ld+json\" class=\"yoast-schema-graph\">{\"@context\":\"https:\/\/schema.org\",\"@graph\":[{\"@type\":\"WebPage\",\"@id\":\"https:\/\/dev.eliassen.nl\/de\/wandtafel-letztes-abendmahl-90cm\/\",\"url\":\"https:\/\/dev.eliassen.nl\/de\/wandtafel-letztes-abendmahl-90cm\/\",\"name\":\"Wandtafel Letztes Abendmahl 90cm\",\"isPartOf\":{\"@id\":\"https:\/\/dev.eliassen.nl\/de\/#website\"},\"primaryImageOfPage\":{\"@id\":\"https:\/\/dev.eliassen.nl\/de\/wandtafel-letztes-abendmahl-90cm\/#primaryimage\"},\"image\":{\"@id\":\"https:\/\/dev.eliassen.nl\/de\/wandtafel-letztes-abendmahl-90cm\/#primaryimage\"},\"thumbnailUrl\":\"https:\/\/dev.eliassen.nl\/wp-content\/uploads\/2024\/01\/fk1519.jpg\",\"datePublished\":\"2022-10-13T18:00:55+00:00\",\"dateModified\":\"2024-12-05T15:08:47+00:00\",\"description\":\"Wandkarten und andere Wanddekorationen? Sehen Sie sich unsere gr\u00f6\u00dfte Kollektion in den Niederlanden live oder in unserem Webshop an!! \u2705 Vertrauensw\u00fcrdige Adr...\",\"breadcrumb\":{\"@id\":\"https:\/\/dev.eliassen.nl\/de\/wandtafel-letztes-abendmahl-90cm\/#breadcrumb\"},\"inLanguage\":\"de\",\"potentialAction\":[{\"@type\":\"ReadAction\",\"target\":[\"https:\/\/dev.eliassen.nl\/de\/wandtafel-letztes-abendmahl-90cm\/\"]}]},{\"@type\":\"ImageObject\",\"inLanguage\":\"de\",\"@id\":\"https:\/\/dev.eliassen.nl\/de\/wandtafel-letztes-abendmahl-90cm\/#primaryimage\",\"url\":\"https:\/\/dev.eliassen.nl\/wp-content\/uploads\/2024\/01\/fk1519.jpg\",\"contentUrl\":\"https:\/\/dev.eliassen.nl\/wp-content\/uploads\/2024\/01\/fk1519.jpg\",\"width\":1022,\"height\":978,\"caption\":\"fk1519\"},{\"@type\":\"BreadcrumbList\",\"@id\":\"https:\/\/dev.eliassen.nl\/de\/wandtafel-letztes-abendmahl-90cm\/#breadcrumb\",\"itemListElement\":[{\"@type\":\"ListItem\",\"position\":1,\"name\":\"Home\",\"item\":\"https:\/\/dev.eliassen.nl\/de\/\"},{\"@type\":\"ListItem\",\"position\":2,\"name\":\"Shop\",\"item\":\"https:\/\/dev.eliassen.nl\/nl\/winkel\/\"},{\"@type\":\"ListItem\",\"position\":3,\"name\":\"Wanddekoration\",\"item\":\"https:\/\/dev.eliassen.nl\/de\/wanddekoration\/\"},{\"@type\":\"ListItem\",\"position\":4,\"name\":\"Wandkarten-Leinwand\",\"item\":\"https:\/\/dev.eliassen.nl\/de\/wanddekoration\/wandkarten-leinwand\/\"},{\"@type\":\"ListItem\",\"position\":5,\"name\":\"Wandtafel Letztes Abendmahl 90cm\"}]},{\"@type\":\"WebSite\",\"@id\":\"https:\/\/dev.eliassen.nl\/de\/#website\",\"url\":\"https:\/\/dev.eliassen.nl\/de\/\",\"name\":\"Eliassen Home & Garden Pleasure\",\"description\":\"\",\"publisher\":{\"@id\":\"https:\/\/dev.eliassen.nl\/de\/#organization\"},\"alternateName\":\"Eliassen.nl\",\"potentialAction\":[{\"@type\":\"SearchAction\",\"target\":{\"@type\":\"EntryPoint\",\"urlTemplate\":\"https:\/\/dev.eliassen.nl\/de\/?s={search_term_string}\"},\"query-input\":{\"@type\":\"PropertyValueSpecification\",\"valueRequired\":true,\"valueName\":\"search_term_string\"}}],\"inLanguage\":\"de\"},{\"@type\":\"Organization\",\"@id\":\"https:\/\/dev.eliassen.nl\/de\/#organization\",\"name\":\"Eliassen Home & Garden Pleasure\",\"url\":\"https:\/\/dev.eliassen.nl\/de\/\",\"logo\":{\"@type\":\"ImageObject\",\"inLanguage\":\"de\",\"@id\":\"https:\/\/dev.eliassen.nl\/de\/#\/schema\/logo\/image\/\",\"url\":\"https:\/\/www.eliassen.nl\/wp-content\/uploads\/2024\/01\/logo_4nd.jpg\",\"contentUrl\":\"https:\/\/www.eliassen.nl\/wp-content\/uploads\/2024\/01\/logo_4nd.jpg\",\"width\":500,\"height\":500,\"caption\":\"Eliassen Home & Garden Pleasure\"},\"image\":{\"@id\":\"https:\/\/dev.eliassen.nl\/de\/#\/schema\/logo\/image\/\"},\"sameAs\":[\"https:\/\/www.facebook.com\/TuincentrumEliassenAmmerzoden\",\"https:\/\/www.instagram.com\/eliassenhomeandgarden\/\",\"https:\/\/nl.pinterest.com\/eliassenhomeandgarden\/\",\"https:\/\/www.youtube.com\/@eliassenhomegardenpleasure4558\"]}]}<\/script>\n<!-- \/ Yoast SEO plugin. -->","yoast_head_json":{"title":"Wandtafel Letztes Abendmahl 90cm","description":"Wandkarten und andere Wanddekorationen? Sehen Sie sich unsere gr\u00f6\u00dfte Kollektion in den Niederlanden live oder in unserem Webshop an!! \u2705 Vertrauensw\u00fcrdige Adr...","robots":{"index":"noindex","follow":"follow","max-snippet":"max-snippet:-1","max-image-preview":"max-image-preview:large","max-video-preview":"max-video-preview:-1"},"og_locale":"de_DE","og_type":"article","og_title":"Wandtafel Letztes Abendmahl 90cm","og_description":"Wandkarten und andere Wanddekorationen? Sehen Sie sich unsere gr\u00f6\u00dfte Kollektion in den Niederlanden live oder in unserem Webshop an!! \u2705 Vertrauensw\u00fcrdige Adr...","og_url":"https:\/\/dev.eliassen.nl\/de\/wandtafel-letztes-abendmahl-90cm\/","og_site_name":"Eliassen.nl","article_publisher":"https:\/\/www.facebook.com\/TuincentrumEliassenAmmerzoden","article_modified_time":"2024-12-05T15:08:47+00:00","og_image":[{"width":1022,"height":978,"url":"https:\/\/dev.eliassen.nl\/wp-content\/uploads\/2024\/01\/fk1519.jpg","type":"image\/jpeg"}],"twitter_card":"summary_large_image","schema":{"@context":"https:\/\/schema.org","@graph":[{"@type":"WebPage","@id":"https:\/\/dev.eliassen.nl\/de\/wandtafel-letztes-abendmahl-90cm\/","url":"https:\/\/dev.eliassen.nl\/de\/wandtafel-letztes-abendmahl-90cm\/","name":"Wandtafel Letztes Abendmahl 90cm","isPartOf":{"@id":"https:\/\/dev.eliassen.nl\/de\/#website"},"primaryImageOfPage":{"@id":"https:\/\/dev.eliassen.nl\/de\/wandtafel-letztes-abendmahl-90cm\/#primaryimage"},"image":{"@id":"https:\/\/dev.eliassen.nl\/de\/wandtafel-letztes-abendmahl-90cm\/#primaryimage"},"thumbnailUrl":"https:\/\/dev.eliassen.nl\/wp-content\/uploads\/2024\/01\/fk1519.jpg","datePublished":"2022-10-13T18:00:55+00:00","dateModified":"2024-12-05T15:08:47+00:00","description":"Wandkarten und andere Wanddekorationen? Sehen Sie sich unsere gr\u00f6\u00dfte Kollektion in den Niederlanden live oder in unserem Webshop an!! \u2705 Vertrauensw\u00fcrdige Adr...","breadcrumb":{"@id":"https:\/\/dev.eliassen.nl\/de\/wandtafel-letztes-abendmahl-90cm\/#breadcrumb"},"inLanguage":"de","potentialAction":[{"@type":"ReadAction","target":["https:\/\/dev.eliassen.nl\/de\/wandtafel-letztes-abendmahl-90cm\/"]}]},{"@type":"ImageObject","inLanguage":"de","@id":"https:\/\/dev.eliassen.nl\/de\/wandtafel-letztes-abendmahl-90cm\/#primaryimage","url":"https:\/\/dev.eliassen.nl\/wp-content\/uploads\/2024\/01\/fk1519.jpg","contentUrl":"https:\/\/dev.eliassen.nl\/wp-content\/uploads\/2024\/01\/fk1519.jpg","width":1022,"height":978,"caption":"fk1519"},{"@type":"BreadcrumbList","@id":"https:\/\/dev.eliassen.nl\/de\/wandtafel-letztes-abendmahl-90cm\/#breadcrumb","itemListElement":[{"@type":"ListItem","position":1,"name":"Home","item":"https:\/\/dev.eliassen.nl\/de\/"},{"@type":"ListItem","position":2,"name":"Shop","item":"https:\/\/dev.eliassen.nl\/nl\/winkel\/"},{"@type":"ListItem","position":3,"name":"Wanddekoration","item":"https:\/\/dev.eliassen.nl\/de\/wanddekoration\/"},{"@type":"ListItem","position":4,"name":"Wandkarten-Leinwand","item":"https:\/\/dev.eliassen.nl\/de\/wanddekoration\/wandkarten-leinwand\/"},{"@type":"ListItem","position":5,"name":"Wandtafel Letztes Abendmahl 90cm"}]},{"@type":"WebSite","@id":"https:\/\/dev.eliassen.nl\/de\/#website","url":"https:\/\/dev.eliassen.nl\/de\/","name":"Eliassen Home & Garden Pleasure","description":"","publisher":{"@id":"https:\/\/dev.eliassen.nl\/de\/#organization"},"alternateName":"Eliassen.nl","potentialAction":[{"@type":"SearchAction","target":{"@type":"EntryPoint","urlTemplate":"https:\/\/dev.eliassen.nl\/de\/?s={search_term_string}"},"query-input":{"@type":"PropertyValueSpecification","valueRequired":true,"valueName":"search_term_string"}}],"inLanguage":"de"},{"@type":"Organization","@id":"https:\/\/dev.eliassen.nl\/de\/#organization","name":"Eliassen Home & Garden Pleasure","url":"https:\/\/dev.eliassen.nl\/de\/","logo":{"@type":"ImageObject","inLanguage":"de","@id":"https:\/\/dev.eliassen.nl\/de\/#\/schema\/logo\/image\/","url":"https:\/\/www.eliassen.nl\/wp-content\/uploads\/2024\/01\/logo_4nd.jpg","contentUrl":"https:\/\/www.eliassen.nl\/wp-content\/uploads\/2024\/01\/logo_4nd.jpg","width":500,"height":500,"caption":"Eliassen Home & Garden Pleasure"},"image":{"@id":"https:\/\/dev.eliassen.nl\/de\/#\/schema\/logo\/image\/"},"sameAs":["https:\/\/www.facebook.com\/TuincentrumEliassenAmmerzoden","https:\/\/www.instagram.com\/eliassenhomeandgarden\/","https:\/\/nl.pinterest.com\/eliassenhomeandgarden\/","https:\/\/www.youtube.com\/@eliassenhomegardenpleasure4558"]}]}},"df_price":29.5,"df_sale_price":"","df_regular_price":29.5,"df_image_link":"https:\/\/dev.eliassen.nl\/wp-content\/uploads\/2024\/01\/fk1519.jpg","image":"https:\/\/dev.eliassen.nl\/wp-content\/uploads\/2024\/01\/fk1519.jpg","price_search":"<span class=\"woocommerce-Price-amount amount\"><bdi><span class=\"woocommerce-Price-currencySymbol\">&euro;<\/span>&nbsp;29,50<\/bdi><\/span>","category":"Wanddekoration","_links":{"self":[{"href":"https:\/\/dev.eliassen.nl\/de\/wp-json\/wp\/v2\/product\/76201","targetHints":{"allow":["GET"]}}],"collection":[{"href":"https:\/\/dev.eliassen.nl\/de\/wp-json\/wp\/v2\/product"}],"about":[{"href":"https:\/\/dev.eliassen.nl\/de\/wp-json\/wp\/v2\/types\/product"}],"wp:featuredmedia":[{"embeddable":true,"href":"https:\/\/dev.eliassen.nl\/de\/wp-json\/wp\/v2\/media\/76195"}],"wp:attachment":[{"href":"https:\/\/dev.eliassen.nl\/de\/wp-json\/wp\/v2\/media?parent=76201"}],"wp:term":[{"taxonomy":"product_brand","embeddable":true,"href":"https:\/\/dev.eliassen.nl\/de\/wp-json\/wp\/v2\/product_brand?post=76201"},{"taxonomy":"product_cat","embeddable":true,"href":"https:\/\/dev.eliassen.nl\/de\/wp-json\/wp\/v2\/product_cat?post=76201"},{"taxonomy":"product_tag","embeddable":true,"href":"https:\/\/dev.eliassen.nl\/de\/wp-json\/wp\/v2\/product_tag?post=76201"}],"curies":[{"name":"wp","href":"https:\/\/api.w.org\/{rel}","templated":true}]}}