{"id":76306,"date":"2022-10-16T11:56:56","date_gmt":"2022-10-16T09:56:56","guid":{"rendered":"https:\/\/www.eliassen.nl\/?product=bewaardoos-metaal-gold-amberblokjes-compleet-gevul"},"modified":"2024-12-05T16:09:03","modified_gmt":"2024-12-05T15:09:03","slug":"aufbewahrungsbox-aus-metall-gold-bernstein-wurfeln-vollstandig-gefullt","status":"publish","type":"product","link":"https:\/\/dev.eliassen.nl\/de\/aufbewahrungsbox-aus-metall-gold-bernstein-wurfeln-vollstandig-gefullt\/","title":{"rendered":"Aufbewahrungsbox aus Metall-Gold-Bernstein-W\u00fcrfeln, vollst\u00e4ndig gef\u00fcllt"},"content":{"rendered":"<p>Ist das nicht ein sch\u00f6nes Geschenk f\u00fcr Sie selbst oder jemand anderen? Das wird bei Ihrem Bekannten oder Freund bestimmt gut ankommen<\/p>\n<p>Diese wundersch\u00f6ne goldfarbene Metallschachtel ist mit Bernsteinw\u00fcrfeln unserer bekannten Qualit\u00e4t und einer Reihe von Organzas\u00e4ckchen gef\u00fcllt.<\/p>\n<p><strong>Dieser Artikel ist vom Umtausch ausgeschlossen.<\/strong><\/p>\n<ul>\n<li>Kartongr\u00f6\u00dfe: 12x12x5cm<\/li>\n<li>Boxfarbe: Gold<\/li>\n<li>Inhalt: Bernsteinw\u00fcrfel und Organzas\u00e4ckchen<\/li>\n<li>Eigener Bestand<\/li>\n<\/ul>\n","protected":false},"excerpt":{"rendered":"<p>Metallbox mit 10 Bernsteinw\u00fcrfeln, Reibe und 4 Organzabeuteln<\/p>\n","protected":false},"featured_media":76291,"template":"","meta":{"_acf_changed":false},"product_brand":[],"product_cat":[1358],"product_tag":[],"class_list":{"0":"post-76306","1":"product","2":"type-product","3":"status-publish","4":"has-post-thumbnail","6":"product_cat-bernsteinwuerfel","8":"first","9":"instock","10":"sale","11":"taxable","12":"shipping-taxable","13":"purchasable","14":"product-type-simple"},"acf":[],"yoast_head":"<!-- This site is optimized with the Yoast SEO plugin v23.8 - https:\/\/yoast.com\/wordpress\/plugins\/seo\/ -->\n<title>Aufbewahrungsbox aus Metall-Gold-Bernstein-W\u00fcrfeln, vollst\u00e4ndig gef\u00fcllt<\/title>\n<meta name=\"description\" content=\"Bernsteinw\u00fcrfel?? Sehen Sie sich unser Sortiment an original marokkanischen Bernsteinw\u00fcrfeln an. \u2705 Alles auch live zu sehen \u2705 Kaufen Sie mit Vertrauen \u2705 Gro\u00df...\" \/>\n<meta name=\"robots\" content=\"noindex, follow, max-snippet:-1, max-image-preview:large, max-video-preview:-1\" \/>\n<meta property=\"og:locale\" content=\"de_DE\" \/>\n<meta property=\"og:type\" content=\"article\" \/>\n<meta property=\"og:title\" content=\"Aufbewahrungsbox aus Metall-Gold-Bernstein-W\u00fcrfeln, vollst\u00e4ndig gef\u00fcllt\" \/>\n<meta property=\"og:description\" content=\"Bernsteinw\u00fcrfel?? Sehen Sie sich unser Sortiment an original marokkanischen Bernsteinw\u00fcrfeln an. \u2705 Alles auch live zu sehen \u2705 Kaufen Sie mit Vertrauen \u2705 Gro\u00df...\" \/>\n<meta property=\"og:url\" content=\"https:\/\/dev.eliassen.nl\/de\/aufbewahrungsbox-aus-metall-gold-bernstein-wurfeln-vollstandig-gefullt\/\" \/>\n<meta property=\"og:site_name\" content=\"Eliassen.nl\" \/>\n<meta property=\"article:publisher\" content=\"https:\/\/www.facebook.com\/TuincentrumEliassenAmmerzoden\" \/>\n<meta property=\"article:modified_time\" content=\"2024-12-05T15:09:03+00:00\" \/>\n<meta property=\"og:image\" content=\"https:\/\/dev.eliassen.nl\/wp-content\/uploads\/2024\/01\/processede8ce733d587c4a1a89647aba65147ec1xf8.jpg\" \/>\n\t<meta property=\"og:image:width\" content=\"1411\" \/>\n\t<meta property=\"og:image:height\" content=\"2048\" \/>\n\t<meta property=\"og:image:type\" content=\"image\/jpeg\" \/>\n<meta name=\"twitter:card\" content=\"summary_large_image\" \/>\n<script type=\"application\/ld+json\" class=\"yoast-schema-graph\">{\"@context\":\"https:\/\/schema.org\",\"@graph\":[{\"@type\":\"WebPage\",\"@id\":\"https:\/\/dev.eliassen.nl\/de\/aufbewahrungsbox-aus-metall-gold-bernstein-wurfeln-vollstandig-gefullt\/\",\"url\":\"https:\/\/dev.eliassen.nl\/de\/aufbewahrungsbox-aus-metall-gold-bernstein-wurfeln-vollstandig-gefullt\/\",\"name\":\"Aufbewahrungsbox aus Metall-Gold-Bernstein-W\u00fcrfeln, vollst\u00e4ndig gef\u00fcllt\",\"isPartOf\":{\"@id\":\"https:\/\/dev.eliassen.nl\/de\/#website\"},\"primaryImageOfPage\":{\"@id\":\"https:\/\/dev.eliassen.nl\/de\/aufbewahrungsbox-aus-metall-gold-bernstein-wurfeln-vollstandig-gefullt\/#primaryimage\"},\"image\":{\"@id\":\"https:\/\/dev.eliassen.nl\/de\/aufbewahrungsbox-aus-metall-gold-bernstein-wurfeln-vollstandig-gefullt\/#primaryimage\"},\"thumbnailUrl\":\"https:\/\/dev.eliassen.nl\/wp-content\/uploads\/2024\/01\/processede8ce733d587c4a1a89647aba65147ec1xf8.jpg\",\"datePublished\":\"2022-10-16T09:56:56+00:00\",\"dateModified\":\"2024-12-05T15:09:03+00:00\",\"description\":\"Bernsteinw\u00fcrfel?? Sehen Sie sich unser Sortiment an original marokkanischen Bernsteinw\u00fcrfeln an. \u2705 Alles auch live zu sehen \u2705 Kaufen Sie mit Vertrauen \u2705 Gro\u00df...\",\"breadcrumb\":{\"@id\":\"https:\/\/dev.eliassen.nl\/de\/aufbewahrungsbox-aus-metall-gold-bernstein-wurfeln-vollstandig-gefullt\/#breadcrumb\"},\"inLanguage\":\"de\",\"potentialAction\":[{\"@type\":\"ReadAction\",\"target\":[\"https:\/\/dev.eliassen.nl\/de\/aufbewahrungsbox-aus-metall-gold-bernstein-wurfeln-vollstandig-gefullt\/\"]}]},{\"@type\":\"ImageObject\",\"inLanguage\":\"de\",\"@id\":\"https:\/\/dev.eliassen.nl\/de\/aufbewahrungsbox-aus-metall-gold-bernstein-wurfeln-vollstandig-gefullt\/#primaryimage\",\"url\":\"https:\/\/dev.eliassen.nl\/wp-content\/uploads\/2024\/01\/processede8ce733d587c4a1a89647aba65147ec1xf8.jpg\",\"contentUrl\":\"https:\/\/dev.eliassen.nl\/wp-content\/uploads\/2024\/01\/processede8ce733d587c4a1a89647aba65147ec1xf8.jpg\",\"width\":1411,\"height\":2048,\"caption\":\"processed-e8ce733d-587c-4a1a-8964-7aba65147ec1_xf8bAbw1\"},{\"@type\":\"BreadcrumbList\",\"@id\":\"https:\/\/dev.eliassen.nl\/de\/aufbewahrungsbox-aus-metall-gold-bernstein-wurfeln-vollstandig-gefullt\/#breadcrumb\",\"itemListElement\":[{\"@type\":\"ListItem\",\"position\":1,\"name\":\"Home\",\"item\":\"https:\/\/dev.eliassen.nl\/de\/\"},{\"@type\":\"ListItem\",\"position\":2,\"name\":\"Shop\",\"item\":\"https:\/\/dev.eliassen.nl\/nl\/winkel\/\"},{\"@type\":\"ListItem\",\"position\":3,\"name\":\"Bernsteinw\u00fcrfel\",\"item\":\"https:\/\/dev.eliassen.nl\/de\/bernsteinwuerfel\/\"},{\"@type\":\"ListItem\",\"position\":4,\"name\":\"Aufbewahrungsbox aus Metall-Gold-Bernstein-W\u00fcrfeln, vollst\u00e4ndig gef\u00fcllt\"}]},{\"@type\":\"WebSite\",\"@id\":\"https:\/\/dev.eliassen.nl\/de\/#website\",\"url\":\"https:\/\/dev.eliassen.nl\/de\/\",\"name\":\"Eliassen Home & Garden Pleasure\",\"description\":\"\",\"publisher\":{\"@id\":\"https:\/\/dev.eliassen.nl\/de\/#organization\"},\"alternateName\":\"Eliassen.nl\",\"potentialAction\":[{\"@type\":\"SearchAction\",\"target\":{\"@type\":\"EntryPoint\",\"urlTemplate\":\"https:\/\/dev.eliassen.nl\/de\/?s={search_term_string}\"},\"query-input\":{\"@type\":\"PropertyValueSpecification\",\"valueRequired\":true,\"valueName\":\"search_term_string\"}}],\"inLanguage\":\"de\"},{\"@type\":\"Organization\",\"@id\":\"https:\/\/dev.eliassen.nl\/de\/#organization\",\"name\":\"Eliassen Home & Garden Pleasure\",\"url\":\"https:\/\/dev.eliassen.nl\/de\/\",\"logo\":{\"@type\":\"ImageObject\",\"inLanguage\":\"de\",\"@id\":\"https:\/\/dev.eliassen.nl\/de\/#\/schema\/logo\/image\/\",\"url\":\"https:\/\/www.eliassen.nl\/wp-content\/uploads\/2024\/01\/logo_4nd.jpg\",\"contentUrl\":\"https:\/\/www.eliassen.nl\/wp-content\/uploads\/2024\/01\/logo_4nd.jpg\",\"width\":500,\"height\":500,\"caption\":\"Eliassen Home & Garden Pleasure\"},\"image\":{\"@id\":\"https:\/\/dev.eliassen.nl\/de\/#\/schema\/logo\/image\/\"},\"sameAs\":[\"https:\/\/www.facebook.com\/TuincentrumEliassenAmmerzoden\",\"https:\/\/www.instagram.com\/eliassenhomeandgarden\/\",\"https:\/\/nl.pinterest.com\/eliassenhomeandgarden\/\",\"https:\/\/www.youtube.com\/@eliassenhomegardenpleasure4558\"]}]}<\/script>\n<!-- \/ Yoast SEO plugin. -->","yoast_head_json":{"title":"Aufbewahrungsbox aus Metall-Gold-Bernstein-W\u00fcrfeln, vollst\u00e4ndig gef\u00fcllt","description":"Bernsteinw\u00fcrfel?? Sehen Sie sich unser Sortiment an original marokkanischen Bernsteinw\u00fcrfeln an. \u2705 Alles auch live zu sehen \u2705 Kaufen Sie mit Vertrauen \u2705 Gro\u00df...","robots":{"index":"noindex","follow":"follow","max-snippet":"max-snippet:-1","max-image-preview":"max-image-preview:large","max-video-preview":"max-video-preview:-1"},"og_locale":"de_DE","og_type":"article","og_title":"Aufbewahrungsbox aus Metall-Gold-Bernstein-W\u00fcrfeln, vollst\u00e4ndig gef\u00fcllt","og_description":"Bernsteinw\u00fcrfel?? Sehen Sie sich unser Sortiment an original marokkanischen Bernsteinw\u00fcrfeln an. \u2705 Alles auch live zu sehen \u2705 Kaufen Sie mit Vertrauen \u2705 Gro\u00df...","og_url":"https:\/\/dev.eliassen.nl\/de\/aufbewahrungsbox-aus-metall-gold-bernstein-wurfeln-vollstandig-gefullt\/","og_site_name":"Eliassen.nl","article_publisher":"https:\/\/www.facebook.com\/TuincentrumEliassenAmmerzoden","article_modified_time":"2024-12-05T15:09:03+00:00","og_image":[{"width":1411,"height":2048,"url":"https:\/\/dev.eliassen.nl\/wp-content\/uploads\/2024\/01\/processede8ce733d587c4a1a89647aba65147ec1xf8.jpg","type":"image\/jpeg"}],"twitter_card":"summary_large_image","schema":{"@context":"https:\/\/schema.org","@graph":[{"@type":"WebPage","@id":"https:\/\/dev.eliassen.nl\/de\/aufbewahrungsbox-aus-metall-gold-bernstein-wurfeln-vollstandig-gefullt\/","url":"https:\/\/dev.eliassen.nl\/de\/aufbewahrungsbox-aus-metall-gold-bernstein-wurfeln-vollstandig-gefullt\/","name":"Aufbewahrungsbox aus Metall-Gold-Bernstein-W\u00fcrfeln, vollst\u00e4ndig gef\u00fcllt","isPartOf":{"@id":"https:\/\/dev.eliassen.nl\/de\/#website"},"primaryImageOfPage":{"@id":"https:\/\/dev.eliassen.nl\/de\/aufbewahrungsbox-aus-metall-gold-bernstein-wurfeln-vollstandig-gefullt\/#primaryimage"},"image":{"@id":"https:\/\/dev.eliassen.nl\/de\/aufbewahrungsbox-aus-metall-gold-bernstein-wurfeln-vollstandig-gefullt\/#primaryimage"},"thumbnailUrl":"https:\/\/dev.eliassen.nl\/wp-content\/uploads\/2024\/01\/processede8ce733d587c4a1a89647aba65147ec1xf8.jpg","datePublished":"2022-10-16T09:56:56+00:00","dateModified":"2024-12-05T15:09:03+00:00","description":"Bernsteinw\u00fcrfel?? Sehen Sie sich unser Sortiment an original marokkanischen Bernsteinw\u00fcrfeln an. \u2705 Alles auch live zu sehen \u2705 Kaufen Sie mit Vertrauen \u2705 Gro\u00df...","breadcrumb":{"@id":"https:\/\/dev.eliassen.nl\/de\/aufbewahrungsbox-aus-metall-gold-bernstein-wurfeln-vollstandig-gefullt\/#breadcrumb"},"inLanguage":"de","potentialAction":[{"@type":"ReadAction","target":["https:\/\/dev.eliassen.nl\/de\/aufbewahrungsbox-aus-metall-gold-bernstein-wurfeln-vollstandig-gefullt\/"]}]},{"@type":"ImageObject","inLanguage":"de","@id":"https:\/\/dev.eliassen.nl\/de\/aufbewahrungsbox-aus-metall-gold-bernstein-wurfeln-vollstandig-gefullt\/#primaryimage","url":"https:\/\/dev.eliassen.nl\/wp-content\/uploads\/2024\/01\/processede8ce733d587c4a1a89647aba65147ec1xf8.jpg","contentUrl":"https:\/\/dev.eliassen.nl\/wp-content\/uploads\/2024\/01\/processede8ce733d587c4a1a89647aba65147ec1xf8.jpg","width":1411,"height":2048,"caption":"processed-e8ce733d-587c-4a1a-8964-7aba65147ec1_xf8bAbw1"},{"@type":"BreadcrumbList","@id":"https:\/\/dev.eliassen.nl\/de\/aufbewahrungsbox-aus-metall-gold-bernstein-wurfeln-vollstandig-gefullt\/#breadcrumb","itemListElement":[{"@type":"ListItem","position":1,"name":"Home","item":"https:\/\/dev.eliassen.nl\/de\/"},{"@type":"ListItem","position":2,"name":"Shop","item":"https:\/\/dev.eliassen.nl\/nl\/winkel\/"},{"@type":"ListItem","position":3,"name":"Bernsteinw\u00fcrfel","item":"https:\/\/dev.eliassen.nl\/de\/bernsteinwuerfel\/"},{"@type":"ListItem","position":4,"name":"Aufbewahrungsbox aus Metall-Gold-Bernstein-W\u00fcrfeln, vollst\u00e4ndig gef\u00fcllt"}]},{"@type":"WebSite","@id":"https:\/\/dev.eliassen.nl\/de\/#website","url":"https:\/\/dev.eliassen.nl\/de\/","name":"Eliassen Home & Garden Pleasure","description":"","publisher":{"@id":"https:\/\/dev.eliassen.nl\/de\/#organization"},"alternateName":"Eliassen.nl","potentialAction":[{"@type":"SearchAction","target":{"@type":"EntryPoint","urlTemplate":"https:\/\/dev.eliassen.nl\/de\/?s={search_term_string}"},"query-input":{"@type":"PropertyValueSpecification","valueRequired":true,"valueName":"search_term_string"}}],"inLanguage":"de"},{"@type":"Organization","@id":"https:\/\/dev.eliassen.nl\/de\/#organization","name":"Eliassen Home & Garden Pleasure","url":"https:\/\/dev.eliassen.nl\/de\/","logo":{"@type":"ImageObject","inLanguage":"de","@id":"https:\/\/dev.eliassen.nl\/de\/#\/schema\/logo\/image\/","url":"https:\/\/www.eliassen.nl\/wp-content\/uploads\/2024\/01\/logo_4nd.jpg","contentUrl":"https:\/\/www.eliassen.nl\/wp-content\/uploads\/2024\/01\/logo_4nd.jpg","width":500,"height":500,"caption":"Eliassen Home & Garden Pleasure"},"image":{"@id":"https:\/\/dev.eliassen.nl\/de\/#\/schema\/logo\/image\/"},"sameAs":["https:\/\/www.facebook.com\/TuincentrumEliassenAmmerzoden","https:\/\/www.instagram.com\/eliassenhomeandgarden\/","https:\/\/nl.pinterest.com\/eliassenhomeandgarden\/","https:\/\/www.youtube.com\/@eliassenhomegardenpleasure4558"]}]}},"df_price":29.95,"df_sale_price":29.95,"df_regular_price":39.95,"df_image_link":"https:\/\/dev.eliassen.nl\/wp-content\/uploads\/2024\/01\/processede8ce733d587c4a1a89647aba65147ec1xf8.jpg","image":"https:\/\/dev.eliassen.nl\/wp-content\/uploads\/2024\/01\/processede8ce733d587c4a1a89647aba65147ec1xf8.jpg","price_search":"<span class=\"woocommerce-Price-amount amount\"><bdi><span class=\"woocommerce-Price-currencySymbol\">&euro;<\/span>&nbsp;29,95<\/bdi><\/span>","category":"Bernsteinw\u00fcrfel","_links":{"self":[{"href":"https:\/\/dev.eliassen.nl\/de\/wp-json\/wp\/v2\/product\/76306","targetHints":{"allow":["GET"]}}],"collection":[{"href":"https:\/\/dev.eliassen.nl\/de\/wp-json\/wp\/v2\/product"}],"about":[{"href":"https:\/\/dev.eliassen.nl\/de\/wp-json\/wp\/v2\/types\/product"}],"wp:featuredmedia":[{"embeddable":true,"href":"https:\/\/dev.eliassen.nl\/de\/wp-json\/wp\/v2\/media\/76291"}],"wp:attachment":[{"href":"https:\/\/dev.eliassen.nl\/de\/wp-json\/wp\/v2\/media?parent=76306"}],"wp:term":[{"taxonomy":"product_brand","embeddable":true,"href":"https:\/\/dev.eliassen.nl\/de\/wp-json\/wp\/v2\/product_brand?post=76306"},{"taxonomy":"product_cat","embeddable":true,"href":"https:\/\/dev.eliassen.nl\/de\/wp-json\/wp\/v2\/product_cat?post=76306"},{"taxonomy":"product_tag","embeddable":true,"href":"https:\/\/dev.eliassen.nl\/de\/wp-json\/wp\/v2\/product_tag?post=76306"}],"curies":[{"name":"wp","href":"https:\/\/api.w.org\/{rel}","templated":true}]}}