{"id":76882,"date":"2022-10-24T16:54:50","date_gmt":"2022-10-24T14:54:50","guid":{"rendered":"https:\/\/www.eliassen.nl\/?product=haan-bruin-van-glas-21cm"},"modified":"2024-12-05T16:09:56","modified_gmt":"2024-12-05T15:09:56","slug":"hahn-braun-aus-glas-21cm","status":"publish","type":"product","link":"https:\/\/dev.eliassen.nl\/de\/hahn-braun-aus-glas-21cm\/","title":{"rendered":"Hahn braun aus Glas 21cm"},"content":{"rendered":"<p>Dieses sch\u00f6ne, handgefertigte Glasobjekt in Form eines braunen Hahns ist ein sch\u00f6nes Dekorationsst\u00fcck f\u00fcr Ihr Zuhause oder B\u00fcro, aber auch sch\u00f6n zum Verschenken. Die Qualit\u00e4t dieses Hahns ist gut. Dies wird in der Tat von handwerklichen Glasbl\u00e4sern hergestellt. Es ist immer wieder ein Wunder, wie diese Handwerker aus einem Haufen Glas eine wundersch\u00f6ne Skulptur machen.<\/p>\n<p>Da dieses St\u00fcck Glasdekoration auf traditionelle Weise hergestellt wird, ist jedes St\u00fcck dieser Serie ein Unikat in Form und Farbe, sodass Ihre Glasdekoration vom Foto abweichen kann.<\/p>\n<ul>\n<li>Gr\u00f6\u00dfe: 21cm.<\/li>\n<li>Farbe: braun\/rot<\/li>\n<li>Material: Massives Glas<\/li>\n<li>1 Jahr Garantie<\/li>\n<li>Schnell geliefert aus eigenem Lager<\/li>\n<\/ul>\n","protected":false},"excerpt":{"rendered":"<p>Dieses sch\u00f6ne, handgefertigte Glasobjekt in Form eines braunen Hahns ist ein sch\u00f6nes Dekorationsst\u00fcck f\u00fcr Ihr Zuhause oder B\u00fcro, aber auch sch\u00f6n zum Verschenken. Die Qualit\u00e4t dieses Hahns ist gut. Dies wird in der Tat von handwerklichen Glasbl\u00e4sern hergestellt. Es ist immer wieder ein Wunder, wie diese Handwerker aus einem Haufen Glas eine wundersch\u00f6ne Skulptur machen. &hellip;<\/p>\n","protected":false},"featured_media":76879,"template":"","meta":{"_acf_changed":false},"product_brand":[],"product_cat":[800,824],"product_tag":[],"class_list":{"0":"post-76882","1":"product","2":"type-product","3":"status-publish","4":"has-post-thumbnail","6":"product_cat-glaskunst","7":"product_cat-tierfiguren-aus-glas","9":"first","10":"instock","11":"taxable","12":"shipping-taxable","13":"purchasable","14":"product-type-simple"},"acf":[],"yoast_head":"<!-- This site is optimized with the Yoast SEO plugin v23.8 - https:\/\/yoast.com\/wordpress\/plugins\/seo\/ -->\n<title>Hahn braun aus Glas 21cm<\/title>\n<meta name=\"description\" content=\"Glasobjekte?? \u2705 Massives kristallklares Glas \u2705 Sehr gro\u00dfe Kollektion auf Lager \u2705 Handarbeit \u2705 Kann auch live besichtigt werden \u2705 Kaufen Sie mit Vertrauen\" \/>\n<meta name=\"robots\" content=\"noindex, follow, max-snippet:-1, max-image-preview:large, max-video-preview:-1\" \/>\n<meta property=\"og:locale\" content=\"de_DE\" \/>\n<meta property=\"og:type\" content=\"article\" \/>\n<meta property=\"og:title\" content=\"Hahn braun aus Glas 21cm\" \/>\n<meta property=\"og:description\" content=\"Glasobjekte?? \u2705 Massives kristallklares Glas \u2705 Sehr gro\u00dfe Kollektion auf Lager \u2705 Handarbeit \u2705 Kann auch live besichtigt werden \u2705 Kaufen Sie mit Vertrauen\" \/>\n<meta property=\"og:url\" content=\"https:\/\/dev.eliassen.nl\/de\/hahn-braun-aus-glas-21cm\/\" \/>\n<meta property=\"og:site_name\" content=\"Eliassen.nl\" \/>\n<meta property=\"article:publisher\" content=\"https:\/\/www.facebook.com\/TuincentrumEliassenAmmerzoden\" \/>\n<meta property=\"article:modified_time\" content=\"2024-12-05T15:09:56+00:00\" \/>\n<meta property=\"og:image\" content=\"https:\/\/dev.eliassen.nl\/wp-content\/uploads\/2024\/01\/mn23560x560.jpg\" \/>\n\t<meta property=\"og:image:width\" content=\"560\" \/>\n\t<meta property=\"og:image:height\" content=\"560\" \/>\n\t<meta property=\"og:image:type\" content=\"image\/jpeg\" \/>\n<meta name=\"twitter:card\" content=\"summary_large_image\" \/>\n<script type=\"application\/ld+json\" class=\"yoast-schema-graph\">{\"@context\":\"https:\/\/schema.org\",\"@graph\":[{\"@type\":\"WebPage\",\"@id\":\"https:\/\/dev.eliassen.nl\/de\/hahn-braun-aus-glas-21cm\/\",\"url\":\"https:\/\/dev.eliassen.nl\/de\/hahn-braun-aus-glas-21cm\/\",\"name\":\"Hahn braun aus Glas 21cm\",\"isPartOf\":{\"@id\":\"https:\/\/dev.eliassen.nl\/de\/#website\"},\"primaryImageOfPage\":{\"@id\":\"https:\/\/dev.eliassen.nl\/de\/hahn-braun-aus-glas-21cm\/#primaryimage\"},\"image\":{\"@id\":\"https:\/\/dev.eliassen.nl\/de\/hahn-braun-aus-glas-21cm\/#primaryimage\"},\"thumbnailUrl\":\"https:\/\/dev.eliassen.nl\/wp-content\/uploads\/2024\/01\/mn23560x560.jpg\",\"datePublished\":\"2022-10-24T14:54:50+00:00\",\"dateModified\":\"2024-12-05T15:09:56+00:00\",\"description\":\"Glasobjekte?? \u2705 Massives kristallklares Glas \u2705 Sehr gro\u00dfe Kollektion auf Lager \u2705 Handarbeit \u2705 Kann auch live besichtigt werden \u2705 Kaufen Sie mit Vertrauen\",\"breadcrumb\":{\"@id\":\"https:\/\/dev.eliassen.nl\/de\/hahn-braun-aus-glas-21cm\/#breadcrumb\"},\"inLanguage\":\"de\",\"potentialAction\":[{\"@type\":\"ReadAction\",\"target\":[\"https:\/\/dev.eliassen.nl\/de\/hahn-braun-aus-glas-21cm\/\"]}]},{\"@type\":\"ImageObject\",\"inLanguage\":\"de\",\"@id\":\"https:\/\/dev.eliassen.nl\/de\/hahn-braun-aus-glas-21cm\/#primaryimage\",\"url\":\"https:\/\/dev.eliassen.nl\/wp-content\/uploads\/2024\/01\/mn23560x560.jpg\",\"contentUrl\":\"https:\/\/dev.eliassen.nl\/wp-content\/uploads\/2024\/01\/mn23560x560.jpg\",\"width\":560,\"height\":560,\"caption\":\"MN-23!560x560\"},{\"@type\":\"BreadcrumbList\",\"@id\":\"https:\/\/dev.eliassen.nl\/de\/hahn-braun-aus-glas-21cm\/#breadcrumb\",\"itemListElement\":[{\"@type\":\"ListItem\",\"position\":1,\"name\":\"Home\",\"item\":\"https:\/\/dev.eliassen.nl\/de\/\"},{\"@type\":\"ListItem\",\"position\":2,\"name\":\"Shop\",\"item\":\"https:\/\/dev.eliassen.nl\/nl\/winkel\/\"},{\"@type\":\"ListItem\",\"position\":3,\"name\":\"Glaskunst\",\"item\":\"https:\/\/dev.eliassen.nl\/de\/glaskunst\/\"},{\"@type\":\"ListItem\",\"position\":4,\"name\":\"Tierfiguren aus Glas\",\"item\":\"https:\/\/dev.eliassen.nl\/de\/glaskunst\/tierfiguren-aus-glas\/\"},{\"@type\":\"ListItem\",\"position\":5,\"name\":\"Hahn braun aus Glas 21cm\"}]},{\"@type\":\"WebSite\",\"@id\":\"https:\/\/dev.eliassen.nl\/de\/#website\",\"url\":\"https:\/\/dev.eliassen.nl\/de\/\",\"name\":\"Eliassen Home & Garden Pleasure\",\"description\":\"\",\"publisher\":{\"@id\":\"https:\/\/dev.eliassen.nl\/de\/#organization\"},\"alternateName\":\"Eliassen.nl\",\"potentialAction\":[{\"@type\":\"SearchAction\",\"target\":{\"@type\":\"EntryPoint\",\"urlTemplate\":\"https:\/\/dev.eliassen.nl\/de\/?s={search_term_string}\"},\"query-input\":{\"@type\":\"PropertyValueSpecification\",\"valueRequired\":true,\"valueName\":\"search_term_string\"}}],\"inLanguage\":\"de\"},{\"@type\":\"Organization\",\"@id\":\"https:\/\/dev.eliassen.nl\/de\/#organization\",\"name\":\"Eliassen Home & Garden Pleasure\",\"url\":\"https:\/\/dev.eliassen.nl\/de\/\",\"logo\":{\"@type\":\"ImageObject\",\"inLanguage\":\"de\",\"@id\":\"https:\/\/dev.eliassen.nl\/de\/#\/schema\/logo\/image\/\",\"url\":\"https:\/\/www.eliassen.nl\/wp-content\/uploads\/2024\/01\/logo_4nd.jpg\",\"contentUrl\":\"https:\/\/www.eliassen.nl\/wp-content\/uploads\/2024\/01\/logo_4nd.jpg\",\"width\":500,\"height\":500,\"caption\":\"Eliassen Home & Garden Pleasure\"},\"image\":{\"@id\":\"https:\/\/dev.eliassen.nl\/de\/#\/schema\/logo\/image\/\"},\"sameAs\":[\"https:\/\/www.facebook.com\/TuincentrumEliassenAmmerzoden\",\"https:\/\/www.instagram.com\/eliassenhomeandgarden\/\",\"https:\/\/nl.pinterest.com\/eliassenhomeandgarden\/\",\"https:\/\/www.youtube.com\/@eliassenhomegardenpleasure4558\"]}]}<\/script>\n<!-- \/ Yoast SEO plugin. -->","yoast_head_json":{"title":"Hahn braun aus Glas 21cm","description":"Glasobjekte?? \u2705 Massives kristallklares Glas \u2705 Sehr gro\u00dfe Kollektion auf Lager \u2705 Handarbeit \u2705 Kann auch live besichtigt werden \u2705 Kaufen Sie mit Vertrauen","robots":{"index":"noindex","follow":"follow","max-snippet":"max-snippet:-1","max-image-preview":"max-image-preview:large","max-video-preview":"max-video-preview:-1"},"og_locale":"de_DE","og_type":"article","og_title":"Hahn braun aus Glas 21cm","og_description":"Glasobjekte?? \u2705 Massives kristallklares Glas \u2705 Sehr gro\u00dfe Kollektion auf Lager \u2705 Handarbeit \u2705 Kann auch live besichtigt werden \u2705 Kaufen Sie mit Vertrauen","og_url":"https:\/\/dev.eliassen.nl\/de\/hahn-braun-aus-glas-21cm\/","og_site_name":"Eliassen.nl","article_publisher":"https:\/\/www.facebook.com\/TuincentrumEliassenAmmerzoden","article_modified_time":"2024-12-05T15:09:56+00:00","og_image":[{"width":560,"height":560,"url":"https:\/\/dev.eliassen.nl\/wp-content\/uploads\/2024\/01\/mn23560x560.jpg","type":"image\/jpeg"}],"twitter_card":"summary_large_image","schema":{"@context":"https:\/\/schema.org","@graph":[{"@type":"WebPage","@id":"https:\/\/dev.eliassen.nl\/de\/hahn-braun-aus-glas-21cm\/","url":"https:\/\/dev.eliassen.nl\/de\/hahn-braun-aus-glas-21cm\/","name":"Hahn braun aus Glas 21cm","isPartOf":{"@id":"https:\/\/dev.eliassen.nl\/de\/#website"},"primaryImageOfPage":{"@id":"https:\/\/dev.eliassen.nl\/de\/hahn-braun-aus-glas-21cm\/#primaryimage"},"image":{"@id":"https:\/\/dev.eliassen.nl\/de\/hahn-braun-aus-glas-21cm\/#primaryimage"},"thumbnailUrl":"https:\/\/dev.eliassen.nl\/wp-content\/uploads\/2024\/01\/mn23560x560.jpg","datePublished":"2022-10-24T14:54:50+00:00","dateModified":"2024-12-05T15:09:56+00:00","description":"Glasobjekte?? \u2705 Massives kristallklares Glas \u2705 Sehr gro\u00dfe Kollektion auf Lager \u2705 Handarbeit \u2705 Kann auch live besichtigt werden \u2705 Kaufen Sie mit Vertrauen","breadcrumb":{"@id":"https:\/\/dev.eliassen.nl\/de\/hahn-braun-aus-glas-21cm\/#breadcrumb"},"inLanguage":"de","potentialAction":[{"@type":"ReadAction","target":["https:\/\/dev.eliassen.nl\/de\/hahn-braun-aus-glas-21cm\/"]}]},{"@type":"ImageObject","inLanguage":"de","@id":"https:\/\/dev.eliassen.nl\/de\/hahn-braun-aus-glas-21cm\/#primaryimage","url":"https:\/\/dev.eliassen.nl\/wp-content\/uploads\/2024\/01\/mn23560x560.jpg","contentUrl":"https:\/\/dev.eliassen.nl\/wp-content\/uploads\/2024\/01\/mn23560x560.jpg","width":560,"height":560,"caption":"MN-23!560x560"},{"@type":"BreadcrumbList","@id":"https:\/\/dev.eliassen.nl\/de\/hahn-braun-aus-glas-21cm\/#breadcrumb","itemListElement":[{"@type":"ListItem","position":1,"name":"Home","item":"https:\/\/dev.eliassen.nl\/de\/"},{"@type":"ListItem","position":2,"name":"Shop","item":"https:\/\/dev.eliassen.nl\/nl\/winkel\/"},{"@type":"ListItem","position":3,"name":"Glaskunst","item":"https:\/\/dev.eliassen.nl\/de\/glaskunst\/"},{"@type":"ListItem","position":4,"name":"Tierfiguren aus Glas","item":"https:\/\/dev.eliassen.nl\/de\/glaskunst\/tierfiguren-aus-glas\/"},{"@type":"ListItem","position":5,"name":"Hahn braun aus Glas 21cm"}]},{"@type":"WebSite","@id":"https:\/\/dev.eliassen.nl\/de\/#website","url":"https:\/\/dev.eliassen.nl\/de\/","name":"Eliassen Home & Garden Pleasure","description":"","publisher":{"@id":"https:\/\/dev.eliassen.nl\/de\/#organization"},"alternateName":"Eliassen.nl","potentialAction":[{"@type":"SearchAction","target":{"@type":"EntryPoint","urlTemplate":"https:\/\/dev.eliassen.nl\/de\/?s={search_term_string}"},"query-input":{"@type":"PropertyValueSpecification","valueRequired":true,"valueName":"search_term_string"}}],"inLanguage":"de"},{"@type":"Organization","@id":"https:\/\/dev.eliassen.nl\/de\/#organization","name":"Eliassen Home & Garden Pleasure","url":"https:\/\/dev.eliassen.nl\/de\/","logo":{"@type":"ImageObject","inLanguage":"de","@id":"https:\/\/dev.eliassen.nl\/de\/#\/schema\/logo\/image\/","url":"https:\/\/www.eliassen.nl\/wp-content\/uploads\/2024\/01\/logo_4nd.jpg","contentUrl":"https:\/\/www.eliassen.nl\/wp-content\/uploads\/2024\/01\/logo_4nd.jpg","width":500,"height":500,"caption":"Eliassen Home & Garden Pleasure"},"image":{"@id":"https:\/\/dev.eliassen.nl\/de\/#\/schema\/logo\/image\/"},"sameAs":["https:\/\/www.facebook.com\/TuincentrumEliassenAmmerzoden","https:\/\/www.instagram.com\/eliassenhomeandgarden\/","https:\/\/nl.pinterest.com\/eliassenhomeandgarden\/","https:\/\/www.youtube.com\/@eliassenhomegardenpleasure4558"]}]}},"df_price":42.5,"df_sale_price":"","df_regular_price":42.5,"df_image_link":"https:\/\/dev.eliassen.nl\/wp-content\/uploads\/2024\/01\/mn23560x560.jpg","image":"https:\/\/dev.eliassen.nl\/wp-content\/uploads\/2024\/01\/mn23560x560.jpg","price_search":"<span class=\"woocommerce-Price-amount amount\"><bdi><span class=\"woocommerce-Price-currencySymbol\">&euro;<\/span>&nbsp;42,50<\/bdi><\/span>","category":"Glaskunst","_links":{"self":[{"href":"https:\/\/dev.eliassen.nl\/de\/wp-json\/wp\/v2\/product\/76882","targetHints":{"allow":["GET"]}}],"collection":[{"href":"https:\/\/dev.eliassen.nl\/de\/wp-json\/wp\/v2\/product"}],"about":[{"href":"https:\/\/dev.eliassen.nl\/de\/wp-json\/wp\/v2\/types\/product"}],"wp:featuredmedia":[{"embeddable":true,"href":"https:\/\/dev.eliassen.nl\/de\/wp-json\/wp\/v2\/media\/76879"}],"wp:attachment":[{"href":"https:\/\/dev.eliassen.nl\/de\/wp-json\/wp\/v2\/media?parent=76882"}],"wp:term":[{"taxonomy":"product_brand","embeddable":true,"href":"https:\/\/dev.eliassen.nl\/de\/wp-json\/wp\/v2\/product_brand?post=76882"},{"taxonomy":"product_cat","embeddable":true,"href":"https:\/\/dev.eliassen.nl\/de\/wp-json\/wp\/v2\/product_cat?post=76882"},{"taxonomy":"product_tag","embeddable":true,"href":"https:\/\/dev.eliassen.nl\/de\/wp-json\/wp\/v2\/product_tag?post=76882"}],"curies":[{"name":"wp","href":"https:\/\/api.w.org\/{rel}","templated":true}]}}