{"id":77128,"date":"2022-10-27T12:31:00","date_gmt":"2022-10-27T10:31:00","guid":{"rendered":"https:\/\/www.eliassen.nl\/?product=beeld-familie-3-op-rij-speksteen-19cm"},"modified":"2024-12-05T16:10:22","modified_gmt":"2024-12-05T15:10:22","slug":"statue-familie-3-in-einer-reihe-speckstein-19cm","status":"publish","type":"product","link":"https:\/\/dev.eliassen.nl\/de\/statue-familie-3-in-einer-reihe-speckstein-19cm\/","title":{"rendered":"Statue Familie 3 in einer Reihe Speckstein 19cm"},"content":{"rendered":"<p>G\u00f6nnen Sie sich oder jemand anderem eine moderne handgefertigte Statue aus Speckstein oder Serpentinstein. Diese Statuen werden mit gr\u00f6\u00dfter Sorgfalt manuell aus einem St\u00fcck Stein gefertigt. Alles wundersch\u00f6ne Kunstwerke aus Afrika, haupts\u00e4chlich Simbabwe.<\/p>\n<p>Serpentin oder Speckstein, aus dem diese Statuen gefertigt sind, sind weiche Steinarten, die in verschiedenen Farben vor allem in Zentralafrika vorkommen. Sch\u00f6n gl\u00e4nzend, in verschiedenen Farben, meist jedoch dunkelgrau.<\/p>\n<p>Diese Steinbrocken werden viele Stunden lang mit verschiedenen Werkzeugen bearbeitet, dann geschliffen und poliert, bis sie die richtige Gr\u00f6\u00dfe, Form und den richtigen Glanz haben.<\/p>\n<p>Diese Modellstatue, die eine Familie oder drei Freunde darstellt, kann in Farbe und Form vom Foto abweichen, da es sich um Handarbeit und ebenfalls um ein Naturmaterial handelt.<\/p>\n<ul>\n<li>Gr\u00f6\u00dfe LxBxH: 13x19cm hoch<\/li>\n<li>Material: Speckstein Serpentin<\/li>\n<li>Farbe: braun<\/li>\n<li>Geeignet f\u00fcr drinnen und drau\u00dfen<\/li>\n<li>Jede Statue ist in Form und Farbe einzigartig<\/li>\n<li>Kann auch in unserem Shop besichtigt werden<\/li>\n<\/ul>\n","protected":false},"excerpt":{"rendered":"<p>Modern geformte Statue, 19 cm, Vater, Mutter, Kind<\/p>\n","protected":false},"featured_media":77119,"template":"","meta":{"_acf_changed":false},"product_brand":[],"product_cat":[1364,1382,7076],"product_tag":[],"class_list":{"0":"post-77128","1":"product","2":"type-product","3":"status-publish","4":"has-post-thumbnail","6":"product_cat-figuren-liebe","7":"product_cat-statuen-aus-speckstein","8":"product_cat-statues-figures","10":"first","11":"outofstock","12":"taxable","13":"shipping-taxable","14":"purchasable","15":"product-type-simple"},"acf":[],"yoast_head":"<!-- This site is optimized with the Yoast SEO plugin v23.8 - https:\/\/yoast.com\/wordpress\/plugins\/seo\/ -->\n<title>Statue Familie 3 in einer Reihe Speckstein 19cm - Eliassen.nl<\/title>\n<meta name=\"description\" content=\"M\u00f6chten Sie handgefertigte Natursteinfiguren kaufen? Sehen Sie sich alle in unserem Webshop an oder kommen Sie uns besuchen!! \u2705 Gro\u00dfer eigener Lagerbestand \u2705...\" \/>\n<meta name=\"robots\" content=\"noindex, follow, max-snippet:-1, max-image-preview:large, max-video-preview:-1\" \/>\n<meta property=\"og:locale\" content=\"de_DE\" \/>\n<meta property=\"og:type\" content=\"article\" \/>\n<meta property=\"og:title\" content=\"Statue Familie 3 in einer Reihe Speckstein 19cm - Eliassen.nl\" \/>\n<meta property=\"og:description\" content=\"M\u00f6chten Sie handgefertigte Natursteinfiguren kaufen? Sehen Sie sich alle in unserem Webshop an oder kommen Sie uns besuchen!! \u2705 Gro\u00dfer eigener Lagerbestand \u2705...\" \/>\n<meta property=\"og:url\" content=\"https:\/\/dev.eliassen.nl\/de\/statue-familie-3-in-einer-reihe-speckstein-19cm\/\" \/>\n<meta property=\"og:site_name\" content=\"Eliassen.nl\" \/>\n<meta property=\"article:publisher\" content=\"https:\/\/www.facebook.com\/TuincentrumEliassenAmmerzoden\" \/>\n<meta property=\"article:modified_time\" content=\"2024-12-05T15:10:22+00:00\" \/>\n<meta property=\"og:image\" content=\"https:\/\/dev.eliassen.nl\/wp-content\/uploads\/2024\/01\/mijnproject_235nd.png\" \/>\n\t<meta property=\"og:image:width\" content=\"1152\" \/>\n\t<meta property=\"og:image:height\" content=\"1564\" \/>\n\t<meta property=\"og:image:type\" content=\"image\/png\" \/>\n<meta name=\"twitter:card\" content=\"summary_large_image\" \/>\n<script type=\"application\/ld+json\" class=\"yoast-schema-graph\">{\"@context\":\"https:\/\/schema.org\",\"@graph\":[{\"@type\":\"WebPage\",\"@id\":\"https:\/\/dev.eliassen.nl\/de\/statue-familie-3-in-einer-reihe-speckstein-19cm\/\",\"url\":\"https:\/\/dev.eliassen.nl\/de\/statue-familie-3-in-einer-reihe-speckstein-19cm\/\",\"name\":\"Statue Familie 3 in einer Reihe Speckstein 19cm - Eliassen.nl\",\"isPartOf\":{\"@id\":\"https:\/\/dev.eliassen.nl\/de\/#website\"},\"primaryImageOfPage\":{\"@id\":\"https:\/\/dev.eliassen.nl\/de\/statue-familie-3-in-einer-reihe-speckstein-19cm\/#primaryimage\"},\"image\":{\"@id\":\"https:\/\/dev.eliassen.nl\/de\/statue-familie-3-in-einer-reihe-speckstein-19cm\/#primaryimage\"},\"thumbnailUrl\":\"https:\/\/dev.eliassen.nl\/wp-content\/uploads\/2024\/01\/mijnproject_235nd.png\",\"datePublished\":\"2022-10-27T10:31:00+00:00\",\"dateModified\":\"2024-12-05T15:10:22+00:00\",\"description\":\"M\u00f6chten Sie handgefertigte Natursteinfiguren kaufen? Sehen Sie sich alle in unserem Webshop an oder kommen Sie uns besuchen!! \u2705 Gro\u00dfer eigener Lagerbestand \u2705...\",\"breadcrumb\":{\"@id\":\"https:\/\/dev.eliassen.nl\/de\/statue-familie-3-in-einer-reihe-speckstein-19cm\/#breadcrumb\"},\"inLanguage\":\"de\",\"potentialAction\":[{\"@type\":\"ReadAction\",\"target\":[\"https:\/\/dev.eliassen.nl\/de\/statue-familie-3-in-einer-reihe-speckstein-19cm\/\"]}]},{\"@type\":\"ImageObject\",\"inLanguage\":\"de\",\"@id\":\"https:\/\/dev.eliassen.nl\/de\/statue-familie-3-in-einer-reihe-speckstein-19cm\/#primaryimage\",\"url\":\"https:\/\/dev.eliassen.nl\/wp-content\/uploads\/2024\/01\/mijnproject_235nd.png\",\"contentUrl\":\"https:\/\/dev.eliassen.nl\/wp-content\/uploads\/2024\/01\/mijnproject_235nd.png\",\"width\":1152,\"height\":1564,\"caption\":\"Mijn project\"},{\"@type\":\"BreadcrumbList\",\"@id\":\"https:\/\/dev.eliassen.nl\/de\/statue-familie-3-in-einer-reihe-speckstein-19cm\/#breadcrumb\",\"itemListElement\":[{\"@type\":\"ListItem\",\"position\":1,\"name\":\"Home\",\"item\":\"https:\/\/dev.eliassen.nl\/de\/\"},{\"@type\":\"ListItem\",\"position\":2,\"name\":\"Shop\",\"item\":\"https:\/\/dev.eliassen.nl\/nl\/winkel\/\"},{\"@type\":\"ListItem\",\"position\":3,\"name\":\"Statuen-Skulpturen\",\"item\":\"https:\/\/dev.eliassen.nl\/de\/statuen-skulpturen\/\"},{\"@type\":\"ListItem\",\"position\":4,\"name\":\"Figuren Liebe\",\"item\":\"https:\/\/dev.eliassen.nl\/de\/bilder\/figuren-liebe\/\"},{\"@type\":\"ListItem\",\"position\":5,\"name\":\"Statue Familie 3 in einer Reihe Speckstein 19cm\"}]},{\"@type\":\"WebSite\",\"@id\":\"https:\/\/dev.eliassen.nl\/de\/#website\",\"url\":\"https:\/\/dev.eliassen.nl\/de\/\",\"name\":\"Eliassen Home & Garden Pleasure\",\"description\":\"\",\"publisher\":{\"@id\":\"https:\/\/dev.eliassen.nl\/de\/#organization\"},\"alternateName\":\"Eliassen.nl\",\"potentialAction\":[{\"@type\":\"SearchAction\",\"target\":{\"@type\":\"EntryPoint\",\"urlTemplate\":\"https:\/\/dev.eliassen.nl\/de\/?s={search_term_string}\"},\"query-input\":{\"@type\":\"PropertyValueSpecification\",\"valueRequired\":true,\"valueName\":\"search_term_string\"}}],\"inLanguage\":\"de\"},{\"@type\":\"Organization\",\"@id\":\"https:\/\/dev.eliassen.nl\/de\/#organization\",\"name\":\"Eliassen Home & Garden Pleasure\",\"url\":\"https:\/\/dev.eliassen.nl\/de\/\",\"logo\":{\"@type\":\"ImageObject\",\"inLanguage\":\"de\",\"@id\":\"https:\/\/dev.eliassen.nl\/de\/#\/schema\/logo\/image\/\",\"url\":\"https:\/\/www.eliassen.nl\/wp-content\/uploads\/2024\/01\/logo_4nd.jpg\",\"contentUrl\":\"https:\/\/www.eliassen.nl\/wp-content\/uploads\/2024\/01\/logo_4nd.jpg\",\"width\":500,\"height\":500,\"caption\":\"Eliassen Home & Garden Pleasure\"},\"image\":{\"@id\":\"https:\/\/dev.eliassen.nl\/de\/#\/schema\/logo\/image\/\"},\"sameAs\":[\"https:\/\/www.facebook.com\/TuincentrumEliassenAmmerzoden\",\"https:\/\/www.instagram.com\/eliassenhomeandgarden\/\",\"https:\/\/nl.pinterest.com\/eliassenhomeandgarden\/\",\"https:\/\/www.youtube.com\/@eliassenhomegardenpleasure4558\"]}]}<\/script>\n<!-- \/ Yoast SEO plugin. -->","yoast_head_json":{"title":"Statue Familie 3 in einer Reihe Speckstein 19cm - Eliassen.nl","description":"M\u00f6chten Sie handgefertigte Natursteinfiguren kaufen? Sehen Sie sich alle in unserem Webshop an oder kommen Sie uns besuchen!! \u2705 Gro\u00dfer eigener Lagerbestand \u2705...","robots":{"index":"noindex","follow":"follow","max-snippet":"max-snippet:-1","max-image-preview":"max-image-preview:large","max-video-preview":"max-video-preview:-1"},"og_locale":"de_DE","og_type":"article","og_title":"Statue Familie 3 in einer Reihe Speckstein 19cm - Eliassen.nl","og_description":"M\u00f6chten Sie handgefertigte Natursteinfiguren kaufen? Sehen Sie sich alle in unserem Webshop an oder kommen Sie uns besuchen!! \u2705 Gro\u00dfer eigener Lagerbestand \u2705...","og_url":"https:\/\/dev.eliassen.nl\/de\/statue-familie-3-in-einer-reihe-speckstein-19cm\/","og_site_name":"Eliassen.nl","article_publisher":"https:\/\/www.facebook.com\/TuincentrumEliassenAmmerzoden","article_modified_time":"2024-12-05T15:10:22+00:00","og_image":[{"width":1152,"height":1564,"url":"https:\/\/dev.eliassen.nl\/wp-content\/uploads\/2024\/01\/mijnproject_235nd.png","type":"image\/png"}],"twitter_card":"summary_large_image","schema":{"@context":"https:\/\/schema.org","@graph":[{"@type":"WebPage","@id":"https:\/\/dev.eliassen.nl\/de\/statue-familie-3-in-einer-reihe-speckstein-19cm\/","url":"https:\/\/dev.eliassen.nl\/de\/statue-familie-3-in-einer-reihe-speckstein-19cm\/","name":"Statue Familie 3 in einer Reihe Speckstein 19cm - Eliassen.nl","isPartOf":{"@id":"https:\/\/dev.eliassen.nl\/de\/#website"},"primaryImageOfPage":{"@id":"https:\/\/dev.eliassen.nl\/de\/statue-familie-3-in-einer-reihe-speckstein-19cm\/#primaryimage"},"image":{"@id":"https:\/\/dev.eliassen.nl\/de\/statue-familie-3-in-einer-reihe-speckstein-19cm\/#primaryimage"},"thumbnailUrl":"https:\/\/dev.eliassen.nl\/wp-content\/uploads\/2024\/01\/mijnproject_235nd.png","datePublished":"2022-10-27T10:31:00+00:00","dateModified":"2024-12-05T15:10:22+00:00","description":"M\u00f6chten Sie handgefertigte Natursteinfiguren kaufen? Sehen Sie sich alle in unserem Webshop an oder kommen Sie uns besuchen!! \u2705 Gro\u00dfer eigener Lagerbestand \u2705...","breadcrumb":{"@id":"https:\/\/dev.eliassen.nl\/de\/statue-familie-3-in-einer-reihe-speckstein-19cm\/#breadcrumb"},"inLanguage":"de","potentialAction":[{"@type":"ReadAction","target":["https:\/\/dev.eliassen.nl\/de\/statue-familie-3-in-einer-reihe-speckstein-19cm\/"]}]},{"@type":"ImageObject","inLanguage":"de","@id":"https:\/\/dev.eliassen.nl\/de\/statue-familie-3-in-einer-reihe-speckstein-19cm\/#primaryimage","url":"https:\/\/dev.eliassen.nl\/wp-content\/uploads\/2024\/01\/mijnproject_235nd.png","contentUrl":"https:\/\/dev.eliassen.nl\/wp-content\/uploads\/2024\/01\/mijnproject_235nd.png","width":1152,"height":1564,"caption":"Mijn project"},{"@type":"BreadcrumbList","@id":"https:\/\/dev.eliassen.nl\/de\/statue-familie-3-in-einer-reihe-speckstein-19cm\/#breadcrumb","itemListElement":[{"@type":"ListItem","position":1,"name":"Home","item":"https:\/\/dev.eliassen.nl\/de\/"},{"@type":"ListItem","position":2,"name":"Shop","item":"https:\/\/dev.eliassen.nl\/nl\/winkel\/"},{"@type":"ListItem","position":3,"name":"Statuen-Skulpturen","item":"https:\/\/dev.eliassen.nl\/de\/statuen-skulpturen\/"},{"@type":"ListItem","position":4,"name":"Figuren Liebe","item":"https:\/\/dev.eliassen.nl\/de\/bilder\/figuren-liebe\/"},{"@type":"ListItem","position":5,"name":"Statue Familie 3 in einer Reihe Speckstein 19cm"}]},{"@type":"WebSite","@id":"https:\/\/dev.eliassen.nl\/de\/#website","url":"https:\/\/dev.eliassen.nl\/de\/","name":"Eliassen Home & Garden Pleasure","description":"","publisher":{"@id":"https:\/\/dev.eliassen.nl\/de\/#organization"},"alternateName":"Eliassen.nl","potentialAction":[{"@type":"SearchAction","target":{"@type":"EntryPoint","urlTemplate":"https:\/\/dev.eliassen.nl\/de\/?s={search_term_string}"},"query-input":{"@type":"PropertyValueSpecification","valueRequired":true,"valueName":"search_term_string"}}],"inLanguage":"de"},{"@type":"Organization","@id":"https:\/\/dev.eliassen.nl\/de\/#organization","name":"Eliassen Home & Garden Pleasure","url":"https:\/\/dev.eliassen.nl\/de\/","logo":{"@type":"ImageObject","inLanguage":"de","@id":"https:\/\/dev.eliassen.nl\/de\/#\/schema\/logo\/image\/","url":"https:\/\/www.eliassen.nl\/wp-content\/uploads\/2024\/01\/logo_4nd.jpg","contentUrl":"https:\/\/www.eliassen.nl\/wp-content\/uploads\/2024\/01\/logo_4nd.jpg","width":500,"height":500,"caption":"Eliassen Home & Garden Pleasure"},"image":{"@id":"https:\/\/dev.eliassen.nl\/de\/#\/schema\/logo\/image\/"},"sameAs":["https:\/\/www.facebook.com\/TuincentrumEliassenAmmerzoden","https:\/\/www.instagram.com\/eliassenhomeandgarden\/","https:\/\/nl.pinterest.com\/eliassenhomeandgarden\/","https:\/\/www.youtube.com\/@eliassenhomegardenpleasure4558"]}]}},"df_price":34.5,"df_sale_price":"","df_regular_price":34.5,"df_image_link":"https:\/\/dev.eliassen.nl\/wp-content\/uploads\/2024\/01\/mijnproject_235nd.png","image":"https:\/\/dev.eliassen.nl\/wp-content\/uploads\/2024\/01\/mijnproject_235nd.png","price_search":"<span class=\"woocommerce-Price-amount amount\"><bdi><span class=\"woocommerce-Price-currencySymbol\">&euro;<\/span>&nbsp;34,50<\/bdi><\/span>","category":"Figuren Liebe","_links":{"self":[{"href":"https:\/\/dev.eliassen.nl\/de\/wp-json\/wp\/v2\/product\/77128","targetHints":{"allow":["GET"]}}],"collection":[{"href":"https:\/\/dev.eliassen.nl\/de\/wp-json\/wp\/v2\/product"}],"about":[{"href":"https:\/\/dev.eliassen.nl\/de\/wp-json\/wp\/v2\/types\/product"}],"wp:featuredmedia":[{"embeddable":true,"href":"https:\/\/dev.eliassen.nl\/de\/wp-json\/wp\/v2\/media\/77119"}],"wp:attachment":[{"href":"https:\/\/dev.eliassen.nl\/de\/wp-json\/wp\/v2\/media?parent=77128"}],"wp:term":[{"taxonomy":"product_brand","embeddable":true,"href":"https:\/\/dev.eliassen.nl\/de\/wp-json\/wp\/v2\/product_brand?post=77128"},{"taxonomy":"product_cat","embeddable":true,"href":"https:\/\/dev.eliassen.nl\/de\/wp-json\/wp\/v2\/product_cat?post=77128"},{"taxonomy":"product_tag","embeddable":true,"href":"https:\/\/dev.eliassen.nl\/de\/wp-json\/wp\/v2\/product_tag?post=77128"}],"curies":[{"name":"wp","href":"https:\/\/api.w.org\/{rel}","templated":true}]}}