{"id":77161,"date":"2022-10-27T12:40:39","date_gmt":"2022-10-27T10:40:39","guid":{"rendered":"https:\/\/www.eliassen.nl\/?product=beeld-levensboom-in-ring-speksteen-20cm"},"modified":"2024-12-05T16:10:24","modified_gmt":"2024-12-05T15:10:24","slug":"bild-lebensbaum-im-specksteinring-20cm","status":"publish","type":"product","link":"https:\/\/dev.eliassen.nl\/de\/bild-lebensbaum-im-specksteinring-20cm\/","title":{"rendered":"Bild Lebensbaum im Specksteinring 20cm"},"content":{"rendered":"<p>G\u00f6nnen Sie sich oder jemand anderem eine handgefertigte Statue aus Speckstein oder Serpentinstein. Diese Statuen werden mit gr\u00f6\u00dfter Sorgfalt manuell aus einem St\u00fcck Stein gefertigt. Alles wundersch\u00f6ne Kunstwerke aus Afrika, haupts\u00e4chlich Simbabwe.<\/p>\n<p>Serpentin oder Speckstein, aus dem diese Statuen gefertigt sind, sind weiche Steinarten, die in verschiedenen Farben vor allem in Zentralafrika vorkommen. Sch\u00f6n gl\u00e4nzend, in verschiedenen Farben, meist jedoch dunkelgrau.<\/p>\n<p>Diese Steinbrocken werden viele Stunden lang mit verschiedenen Werkzeugen bearbeitet, dann geschliffen und poliert, bis sie die richtige Gr\u00f6\u00dfe, Form und den richtigen Glanz haben.<\/p>\n<p>Diese Modellstatue mit der Abbildung eines Lebensbaums kann in Farbe und Form vom Foto abweichen, da es sich um Handarbeit und zudem um ein Naturmaterial handelt.<\/p>\n<ul>\n<li>Gr\u00f6\u00dfe LxBxH: 15x20cm hoch<\/li>\n<li>Material: Speckstein Serpentin<\/li>\n<li>Farbe: braun\/schwarz<\/li>\n<li>Geeignet f\u00fcr drinnen und drau\u00dfen<\/li>\n<li>Jede Statue ist in Form und Farbe einzigartig<\/li>\n<li>Kann auch in unserem Shop besichtigt werden<\/li>\n<\/ul>\n","protected":false},"excerpt":{"rendered":"<p>Wundersch\u00f6ner Lebensbaum aus braunem Speckstein<\/p>\n","protected":false},"featured_media":77146,"template":"","meta":{"_acf_changed":false},"product_brand":[],"product_cat":[1382,7239],"product_tag":[],"class_list":{"0":"post-77161","1":"product","2":"type-product","3":"status-publish","4":"has-post-thumbnail","6":"product_cat-statuen-aus-speckstein","7":"product_cat-statuen-skulpturen","9":"first","10":"instock","11":"taxable","12":"shipping-taxable","13":"purchasable","14":"product-type-simple"},"acf":[],"yoast_head":"<!-- This site is optimized with the Yoast SEO plugin v23.8 - https:\/\/yoast.com\/wordpress\/plugins\/seo\/ -->\n<title>Skulptur Lebensbaum im Specksteinring 20 cm - Eliassen.nl<\/title>\n<meta name=\"description\" content=\"Lebensbaumstatue im Specksteinring, komplett von Hand gefertigt. \u2705 Gro\u00dfer eigener Lagerbestand \u2705 Kaufen Sie mit Vertrauen \u2705 Auch live besichtigbar!\" \/>\n<meta name=\"robots\" content=\"noindex, follow, max-snippet:-1, max-image-preview:large, max-video-preview:-1\" \/>\n<meta property=\"og:locale\" content=\"de_DE\" \/>\n<meta property=\"og:type\" content=\"article\" \/>\n<meta property=\"og:title\" content=\"Skulptur Lebensbaum im Specksteinring 20 cm - Eliassen.nl\" \/>\n<meta property=\"og:description\" content=\"Lebensbaumstatue im Specksteinring, komplett von Hand gefertigt. \u2705 Gro\u00dfer eigener Lagerbestand \u2705 Kaufen Sie mit Vertrauen \u2705 Auch live besichtigbar!\" \/>\n<meta property=\"og:url\" content=\"https:\/\/dev.eliassen.nl\/de\/bild-lebensbaum-im-specksteinring-20cm\/\" \/>\n<meta property=\"og:site_name\" content=\"Eliassen.nl\" \/>\n<meta property=\"article:publisher\" content=\"https:\/\/www.facebook.com\/TuincentrumEliassenAmmerzoden\" \/>\n<meta property=\"article:modified_time\" content=\"2024-12-05T15:10:24+00:00\" \/>\n<meta property=\"og:image\" content=\"https:\/\/dev.eliassen.nl\/wp-content\/uploads\/2024\/01\/beeldlevensboominringspeksteen20cmeliassen.png\" \/>\n\t<meta property=\"og:image:width\" content=\"1151\" \/>\n\t<meta property=\"og:image:height\" content=\"1656\" \/>\n\t<meta property=\"og:image:type\" content=\"image\/png\" \/>\n<meta name=\"twitter:card\" content=\"summary_large_image\" \/>\n<script type=\"application\/ld+json\" class=\"yoast-schema-graph\">{\"@context\":\"https:\/\/schema.org\",\"@graph\":[{\"@type\":\"WebPage\",\"@id\":\"https:\/\/dev.eliassen.nl\/de\/bild-lebensbaum-im-specksteinring-20cm\/\",\"url\":\"https:\/\/dev.eliassen.nl\/de\/bild-lebensbaum-im-specksteinring-20cm\/\",\"name\":\"Skulptur Lebensbaum im Specksteinring 20 cm - Eliassen.nl\",\"isPartOf\":{\"@id\":\"https:\/\/dev.eliassen.nl\/de\/#website\"},\"primaryImageOfPage\":{\"@id\":\"https:\/\/dev.eliassen.nl\/de\/bild-lebensbaum-im-specksteinring-20cm\/#primaryimage\"},\"image\":{\"@id\":\"https:\/\/dev.eliassen.nl\/de\/bild-lebensbaum-im-specksteinring-20cm\/#primaryimage\"},\"thumbnailUrl\":\"https:\/\/dev.eliassen.nl\/wp-content\/uploads\/2024\/01\/beeldlevensboominringspeksteen20cmeliassen.png\",\"datePublished\":\"2022-10-27T10:40:39+00:00\",\"dateModified\":\"2024-12-05T15:10:24+00:00\",\"description\":\"Lebensbaumstatue im Specksteinring, komplett von Hand gefertigt. \u2705 Gro\u00dfer eigener Lagerbestand \u2705 Kaufen Sie mit Vertrauen \u2705 Auch live besichtigbar!\",\"breadcrumb\":{\"@id\":\"https:\/\/dev.eliassen.nl\/de\/bild-lebensbaum-im-specksteinring-20cm\/#breadcrumb\"},\"inLanguage\":\"de\",\"potentialAction\":[{\"@type\":\"ReadAction\",\"target\":[\"https:\/\/dev.eliassen.nl\/de\/bild-lebensbaum-im-specksteinring-20cm\/\"]}]},{\"@type\":\"ImageObject\",\"inLanguage\":\"de\",\"@id\":\"https:\/\/dev.eliassen.nl\/de\/bild-lebensbaum-im-specksteinring-20cm\/#primaryimage\",\"url\":\"https:\/\/dev.eliassen.nl\/wp-content\/uploads\/2024\/01\/beeldlevensboominringspeksteen20cmeliassen.png\",\"contentUrl\":\"https:\/\/dev.eliassen.nl\/wp-content\/uploads\/2024\/01\/beeldlevensboominringspeksteen20cmeliassen.png\",\"width\":1151,\"height\":1656,\"caption\":\"Beeld Levensboom in ring speksteen 20cm - Eliassen.nl\"},{\"@type\":\"BreadcrumbList\",\"@id\":\"https:\/\/dev.eliassen.nl\/de\/bild-lebensbaum-im-specksteinring-20cm\/#breadcrumb\",\"itemListElement\":[{\"@type\":\"ListItem\",\"position\":1,\"name\":\"Home\",\"item\":\"https:\/\/dev.eliassen.nl\/de\/\"},{\"@type\":\"ListItem\",\"position\":2,\"name\":\"Shop\",\"item\":\"https:\/\/dev.eliassen.nl\/nl\/winkel\/\"},{\"@type\":\"ListItem\",\"position\":3,\"name\":\"Statuen-Skulpturen\",\"item\":\"https:\/\/dev.eliassen.nl\/de\/statuen-skulpturen\/\"},{\"@type\":\"ListItem\",\"position\":4,\"name\":\"Statuen aus Speckstein\",\"item\":\"https:\/\/dev.eliassen.nl\/de\/bilder\/statuen-aus-speckstein\/\"},{\"@type\":\"ListItem\",\"position\":5,\"name\":\"Bild Lebensbaum im Specksteinring 20cm\"}]},{\"@type\":\"WebSite\",\"@id\":\"https:\/\/dev.eliassen.nl\/de\/#website\",\"url\":\"https:\/\/dev.eliassen.nl\/de\/\",\"name\":\"Eliassen Home & Garden Pleasure\",\"description\":\"\",\"publisher\":{\"@id\":\"https:\/\/dev.eliassen.nl\/de\/#organization\"},\"alternateName\":\"Eliassen.nl\",\"potentialAction\":[{\"@type\":\"SearchAction\",\"target\":{\"@type\":\"EntryPoint\",\"urlTemplate\":\"https:\/\/dev.eliassen.nl\/de\/?s={search_term_string}\"},\"query-input\":{\"@type\":\"PropertyValueSpecification\",\"valueRequired\":true,\"valueName\":\"search_term_string\"}}],\"inLanguage\":\"de\"},{\"@type\":\"Organization\",\"@id\":\"https:\/\/dev.eliassen.nl\/de\/#organization\",\"name\":\"Eliassen Home & Garden Pleasure\",\"url\":\"https:\/\/dev.eliassen.nl\/de\/\",\"logo\":{\"@type\":\"ImageObject\",\"inLanguage\":\"de\",\"@id\":\"https:\/\/dev.eliassen.nl\/de\/#\/schema\/logo\/image\/\",\"url\":\"https:\/\/www.eliassen.nl\/wp-content\/uploads\/2024\/01\/logo_4nd.jpg\",\"contentUrl\":\"https:\/\/www.eliassen.nl\/wp-content\/uploads\/2024\/01\/logo_4nd.jpg\",\"width\":500,\"height\":500,\"caption\":\"Eliassen Home & Garden Pleasure\"},\"image\":{\"@id\":\"https:\/\/dev.eliassen.nl\/de\/#\/schema\/logo\/image\/\"},\"sameAs\":[\"https:\/\/www.facebook.com\/TuincentrumEliassenAmmerzoden\",\"https:\/\/www.instagram.com\/eliassenhomeandgarden\/\",\"https:\/\/nl.pinterest.com\/eliassenhomeandgarden\/\",\"https:\/\/www.youtube.com\/@eliassenhomegardenpleasure4558\"]}]}<\/script>\n<!-- \/ Yoast SEO plugin. -->","yoast_head_json":{"title":"Skulptur Lebensbaum im Specksteinring 20 cm - Eliassen.nl","description":"Lebensbaumstatue im Specksteinring, komplett von Hand gefertigt. \u2705 Gro\u00dfer eigener Lagerbestand \u2705 Kaufen Sie mit Vertrauen \u2705 Auch live besichtigbar!","robots":{"index":"noindex","follow":"follow","max-snippet":"max-snippet:-1","max-image-preview":"max-image-preview:large","max-video-preview":"max-video-preview:-1"},"og_locale":"de_DE","og_type":"article","og_title":"Skulptur Lebensbaum im Specksteinring 20 cm - Eliassen.nl","og_description":"Lebensbaumstatue im Specksteinring, komplett von Hand gefertigt. \u2705 Gro\u00dfer eigener Lagerbestand \u2705 Kaufen Sie mit Vertrauen \u2705 Auch live besichtigbar!","og_url":"https:\/\/dev.eliassen.nl\/de\/bild-lebensbaum-im-specksteinring-20cm\/","og_site_name":"Eliassen.nl","article_publisher":"https:\/\/www.facebook.com\/TuincentrumEliassenAmmerzoden","article_modified_time":"2024-12-05T15:10:24+00:00","og_image":[{"width":1151,"height":1656,"url":"https:\/\/dev.eliassen.nl\/wp-content\/uploads\/2024\/01\/beeldlevensboominringspeksteen20cmeliassen.png","type":"image\/png"}],"twitter_card":"summary_large_image","schema":{"@context":"https:\/\/schema.org","@graph":[{"@type":"WebPage","@id":"https:\/\/dev.eliassen.nl\/de\/bild-lebensbaum-im-specksteinring-20cm\/","url":"https:\/\/dev.eliassen.nl\/de\/bild-lebensbaum-im-specksteinring-20cm\/","name":"Skulptur Lebensbaum im Specksteinring 20 cm - Eliassen.nl","isPartOf":{"@id":"https:\/\/dev.eliassen.nl\/de\/#website"},"primaryImageOfPage":{"@id":"https:\/\/dev.eliassen.nl\/de\/bild-lebensbaum-im-specksteinring-20cm\/#primaryimage"},"image":{"@id":"https:\/\/dev.eliassen.nl\/de\/bild-lebensbaum-im-specksteinring-20cm\/#primaryimage"},"thumbnailUrl":"https:\/\/dev.eliassen.nl\/wp-content\/uploads\/2024\/01\/beeldlevensboominringspeksteen20cmeliassen.png","datePublished":"2022-10-27T10:40:39+00:00","dateModified":"2024-12-05T15:10:24+00:00","description":"Lebensbaumstatue im Specksteinring, komplett von Hand gefertigt. \u2705 Gro\u00dfer eigener Lagerbestand \u2705 Kaufen Sie mit Vertrauen \u2705 Auch live besichtigbar!","breadcrumb":{"@id":"https:\/\/dev.eliassen.nl\/de\/bild-lebensbaum-im-specksteinring-20cm\/#breadcrumb"},"inLanguage":"de","potentialAction":[{"@type":"ReadAction","target":["https:\/\/dev.eliassen.nl\/de\/bild-lebensbaum-im-specksteinring-20cm\/"]}]},{"@type":"ImageObject","inLanguage":"de","@id":"https:\/\/dev.eliassen.nl\/de\/bild-lebensbaum-im-specksteinring-20cm\/#primaryimage","url":"https:\/\/dev.eliassen.nl\/wp-content\/uploads\/2024\/01\/beeldlevensboominringspeksteen20cmeliassen.png","contentUrl":"https:\/\/dev.eliassen.nl\/wp-content\/uploads\/2024\/01\/beeldlevensboominringspeksteen20cmeliassen.png","width":1151,"height":1656,"caption":"Beeld Levensboom in ring speksteen 20cm - Eliassen.nl"},{"@type":"BreadcrumbList","@id":"https:\/\/dev.eliassen.nl\/de\/bild-lebensbaum-im-specksteinring-20cm\/#breadcrumb","itemListElement":[{"@type":"ListItem","position":1,"name":"Home","item":"https:\/\/dev.eliassen.nl\/de\/"},{"@type":"ListItem","position":2,"name":"Shop","item":"https:\/\/dev.eliassen.nl\/nl\/winkel\/"},{"@type":"ListItem","position":3,"name":"Statuen-Skulpturen","item":"https:\/\/dev.eliassen.nl\/de\/statuen-skulpturen\/"},{"@type":"ListItem","position":4,"name":"Statuen aus Speckstein","item":"https:\/\/dev.eliassen.nl\/de\/bilder\/statuen-aus-speckstein\/"},{"@type":"ListItem","position":5,"name":"Bild Lebensbaum im Specksteinring 20cm"}]},{"@type":"WebSite","@id":"https:\/\/dev.eliassen.nl\/de\/#website","url":"https:\/\/dev.eliassen.nl\/de\/","name":"Eliassen Home & Garden Pleasure","description":"","publisher":{"@id":"https:\/\/dev.eliassen.nl\/de\/#organization"},"alternateName":"Eliassen.nl","potentialAction":[{"@type":"SearchAction","target":{"@type":"EntryPoint","urlTemplate":"https:\/\/dev.eliassen.nl\/de\/?s={search_term_string}"},"query-input":{"@type":"PropertyValueSpecification","valueRequired":true,"valueName":"search_term_string"}}],"inLanguage":"de"},{"@type":"Organization","@id":"https:\/\/dev.eliassen.nl\/de\/#organization","name":"Eliassen Home & Garden Pleasure","url":"https:\/\/dev.eliassen.nl\/de\/","logo":{"@type":"ImageObject","inLanguage":"de","@id":"https:\/\/dev.eliassen.nl\/de\/#\/schema\/logo\/image\/","url":"https:\/\/www.eliassen.nl\/wp-content\/uploads\/2024\/01\/logo_4nd.jpg","contentUrl":"https:\/\/www.eliassen.nl\/wp-content\/uploads\/2024\/01\/logo_4nd.jpg","width":500,"height":500,"caption":"Eliassen Home & Garden Pleasure"},"image":{"@id":"https:\/\/dev.eliassen.nl\/de\/#\/schema\/logo\/image\/"},"sameAs":["https:\/\/www.facebook.com\/TuincentrumEliassenAmmerzoden","https:\/\/www.instagram.com\/eliassenhomeandgarden\/","https:\/\/nl.pinterest.com\/eliassenhomeandgarden\/","https:\/\/www.youtube.com\/@eliassenhomegardenpleasure4558"]}]}},"df_price":54.5,"df_sale_price":"","df_regular_price":54.5,"df_image_link":"https:\/\/dev.eliassen.nl\/wp-content\/uploads\/2024\/01\/beeldlevensboominringspeksteen20cmeliassen.png","image":"https:\/\/dev.eliassen.nl\/wp-content\/uploads\/2024\/01\/beeldlevensboominringspeksteen20cmeliassen.png","price_search":"<span class=\"woocommerce-Price-amount amount\"><bdi><span class=\"woocommerce-Price-currencySymbol\">&euro;<\/span>&nbsp;54,50<\/bdi><\/span>","category":"Statuen aus Speckstein","_links":{"self":[{"href":"https:\/\/dev.eliassen.nl\/de\/wp-json\/wp\/v2\/product\/77161","targetHints":{"allow":["GET"]}}],"collection":[{"href":"https:\/\/dev.eliassen.nl\/de\/wp-json\/wp\/v2\/product"}],"about":[{"href":"https:\/\/dev.eliassen.nl\/de\/wp-json\/wp\/v2\/types\/product"}],"wp:featuredmedia":[{"embeddable":true,"href":"https:\/\/dev.eliassen.nl\/de\/wp-json\/wp\/v2\/media\/77146"}],"wp:attachment":[{"href":"https:\/\/dev.eliassen.nl\/de\/wp-json\/wp\/v2\/media?parent=77161"}],"wp:term":[{"taxonomy":"product_brand","embeddable":true,"href":"https:\/\/dev.eliassen.nl\/de\/wp-json\/wp\/v2\/product_brand?post=77161"},{"taxonomy":"product_cat","embeddable":true,"href":"https:\/\/dev.eliassen.nl\/de\/wp-json\/wp\/v2\/product_cat?post=77161"},{"taxonomy":"product_tag","embeddable":true,"href":"https:\/\/dev.eliassen.nl\/de\/wp-json\/wp\/v2\/product_tag?post=77161"}],"curies":[{"name":"wp","href":"https:\/\/api.w.org\/{rel}","templated":true}]}}