{"id":77302,"date":"2022-11-04T10:21:53","date_gmt":"2022-11-04T09:21:53","guid":{"rendered":"https:\/\/www.eliassen.nl\/?product=beeldje-brons-dans-paartje-10cm"},"modified":"2024-12-05T16:10:43","modified_gmt":"2024-12-05T15:10:43","slug":"statuette-bronze-tanzpaar-10cm","status":"publish","type":"product","link":"https:\/\/dev.eliassen.nl\/de\/statuette-bronze-tanzpaar-10cm\/","title":{"rendered":"Statuette Bronze Tanzpaar 10cm"},"content":{"rendered":"<p>Wundersch\u00f6ne Skulptur eines tanzenden Paares mit einer H\u00f6he von 10 cm, aus hochwertiger Bronze mit einem Mindestkupfergehalt von 75 %, was eine sehr lange Lebensdauer garantiert.<br \/>Sehr sch\u00f6n, sich selbst oder jemand anderen zu beschenken.<\/p>\n<ul>\n<li>Gr\u00f6\u00dfe: 10 x 3 x 5 cm.<\/li>\n<li>Kommt mit Zertifikat.<\/li>\n<li>Schnell geliefert <strong>.<\/strong><\/li>\n<li>30 Jahre Garantie.<\/li>\n<li><strong>Viele aus dieser Serie von Bronzestatuen k\u00f6nnen auch live in unserem Gesch\u00e4ft besichtigt werden.<\/strong><\/li>\n<\/ul>\n","protected":false},"excerpt":{"rendered":"<p>Kleine Bronzestatue eines modernen Tanzpaares.<\/p>\n","protected":false},"featured_media":77296,"template":"","meta":{"_acf_changed":false},"product_brand":[],"product_cat":[613,1364,620,7239],"product_tag":[],"class_list":{"0":"post-77302","1":"product","2":"type-product","3":"status-publish","4":"has-post-thumbnail","6":"product_cat-bronzestatuen","7":"product_cat-figuren-liebe","8":"product_cat-moderne-bronzestatuen","9":"product_cat-statuen-skulpturen","11":"first","12":"instock","13":"taxable","14":"shipping-taxable","15":"purchasable","16":"product-type-simple"},"acf":[],"yoast_head":"<!-- This site is optimized with the Yoast SEO plugin v23.8 - https:\/\/yoast.com\/wordpress\/plugins\/seo\/ -->\n<title>Statuette Bronze Tanzpaar 10cm<\/title>\n<meta name=\"description\" content=\"M\u00f6chten Sie eine kleine Bronzestatue eines kleinen DNA-Paares kaufen? Eine wundersch\u00f6ne Bronzestatue f\u00fcr Garten, B\u00fcro oder Wohnzimmer. \u221a 30 Jahre Garantie \u221a ...\" \/>\n<meta name=\"robots\" content=\"noindex, follow, max-snippet:-1, max-image-preview:large, max-video-preview:-1\" \/>\n<meta property=\"og:locale\" content=\"de_DE\" \/>\n<meta property=\"og:type\" content=\"article\" \/>\n<meta property=\"og:title\" content=\"Statuette Bronze Tanzpaar 10cm\" \/>\n<meta property=\"og:description\" content=\"M\u00f6chten Sie eine kleine Bronzestatue eines kleinen DNA-Paares kaufen? Eine wundersch\u00f6ne Bronzestatue f\u00fcr Garten, B\u00fcro oder Wohnzimmer. \u221a 30 Jahre Garantie \u221a ...\" \/>\n<meta property=\"og:url\" content=\"https:\/\/dev.eliassen.nl\/de\/statuette-bronze-tanzpaar-10cm\/\" \/>\n<meta property=\"og:site_name\" content=\"Eliassen.nl\" \/>\n<meta property=\"article:publisher\" content=\"https:\/\/www.facebook.com\/TuincentrumEliassenAmmerzoden\" \/>\n<meta property=\"article:modified_time\" content=\"2024-12-05T15:10:43+00:00\" \/>\n<meta property=\"og:image\" content=\"https:\/\/dev.eliassen.nl\/wp-content\/uploads\/2024\/01\/an2828brbi10x3x5cm400x284.jpg\" \/>\n\t<meta property=\"og:image:width\" content=\"400\" \/>\n\t<meta property=\"og:image:height\" content=\"284\" \/>\n\t<meta property=\"og:image:type\" content=\"image\/jpeg\" \/>\n<meta name=\"twitter:card\" content=\"summary_large_image\" \/>\n<script type=\"application\/ld+json\" class=\"yoast-schema-graph\">{\"@context\":\"https:\/\/schema.org\",\"@graph\":[{\"@type\":\"WebPage\",\"@id\":\"https:\/\/dev.eliassen.nl\/de\/statuette-bronze-tanzpaar-10cm\/\",\"url\":\"https:\/\/dev.eliassen.nl\/de\/statuette-bronze-tanzpaar-10cm\/\",\"name\":\"Statuette Bronze Tanzpaar 10cm\",\"isPartOf\":{\"@id\":\"https:\/\/dev.eliassen.nl\/de\/#website\"},\"primaryImageOfPage\":{\"@id\":\"https:\/\/dev.eliassen.nl\/de\/statuette-bronze-tanzpaar-10cm\/#primaryimage\"},\"image\":{\"@id\":\"https:\/\/dev.eliassen.nl\/de\/statuette-bronze-tanzpaar-10cm\/#primaryimage\"},\"thumbnailUrl\":\"https:\/\/dev.eliassen.nl\/wp-content\/uploads\/2024\/01\/an2828brbi10x3x5cm400x284.jpg\",\"datePublished\":\"2022-11-04T09:21:53+00:00\",\"dateModified\":\"2024-12-05T15:10:43+00:00\",\"description\":\"M\u00f6chten Sie eine kleine Bronzestatue eines kleinen DNA-Paares kaufen? Eine wundersch\u00f6ne Bronzestatue f\u00fcr Garten, B\u00fcro oder Wohnzimmer. \u221a 30 Jahre Garantie \u221a ...\",\"breadcrumb\":{\"@id\":\"https:\/\/dev.eliassen.nl\/de\/statuette-bronze-tanzpaar-10cm\/#breadcrumb\"},\"inLanguage\":\"de\",\"potentialAction\":[{\"@type\":\"ReadAction\",\"target\":[\"https:\/\/dev.eliassen.nl\/de\/statuette-bronze-tanzpaar-10cm\/\"]}]},{\"@type\":\"ImageObject\",\"inLanguage\":\"de\",\"@id\":\"https:\/\/dev.eliassen.nl\/de\/statuette-bronze-tanzpaar-10cm\/#primaryimage\",\"url\":\"https:\/\/dev.eliassen.nl\/wp-content\/uploads\/2024\/01\/an2828brbi10x3x5cm400x284.jpg\",\"contentUrl\":\"https:\/\/dev.eliassen.nl\/wp-content\/uploads\/2024\/01\/an2828brbi10x3x5cm400x284.jpg\",\"width\":400,\"height\":284,\"caption\":\"AN2828BR-BI-10x3x5-cm-400x284\"},{\"@type\":\"BreadcrumbList\",\"@id\":\"https:\/\/dev.eliassen.nl\/de\/statuette-bronze-tanzpaar-10cm\/#breadcrumb\",\"itemListElement\":[{\"@type\":\"ListItem\",\"position\":1,\"name\":\"Home\",\"item\":\"https:\/\/dev.eliassen.nl\/de\/\"},{\"@type\":\"ListItem\",\"position\":2,\"name\":\"Shop\",\"item\":\"https:\/\/dev.eliassen.nl\/nl\/winkel\/\"},{\"@type\":\"ListItem\",\"position\":3,\"name\":\"Statuen-Skulpturen\",\"item\":\"https:\/\/dev.eliassen.nl\/de\/statuen-skulpturen\/\"},{\"@type\":\"ListItem\",\"position\":4,\"name\":\"Figuren Liebe\",\"item\":\"https:\/\/dev.eliassen.nl\/de\/bilder\/figuren-liebe\/\"},{\"@type\":\"ListItem\",\"position\":5,\"name\":\"Statuette Bronze Tanzpaar 10cm\"}]},{\"@type\":\"WebSite\",\"@id\":\"https:\/\/dev.eliassen.nl\/de\/#website\",\"url\":\"https:\/\/dev.eliassen.nl\/de\/\",\"name\":\"Eliassen Home & Garden Pleasure\",\"description\":\"\",\"publisher\":{\"@id\":\"https:\/\/dev.eliassen.nl\/de\/#organization\"},\"alternateName\":\"Eliassen.nl\",\"potentialAction\":[{\"@type\":\"SearchAction\",\"target\":{\"@type\":\"EntryPoint\",\"urlTemplate\":\"https:\/\/dev.eliassen.nl\/de\/?s={search_term_string}\"},\"query-input\":{\"@type\":\"PropertyValueSpecification\",\"valueRequired\":true,\"valueName\":\"search_term_string\"}}],\"inLanguage\":\"de\"},{\"@type\":\"Organization\",\"@id\":\"https:\/\/dev.eliassen.nl\/de\/#organization\",\"name\":\"Eliassen Home & Garden Pleasure\",\"url\":\"https:\/\/dev.eliassen.nl\/de\/\",\"logo\":{\"@type\":\"ImageObject\",\"inLanguage\":\"de\",\"@id\":\"https:\/\/dev.eliassen.nl\/de\/#\/schema\/logo\/image\/\",\"url\":\"https:\/\/www.eliassen.nl\/wp-content\/uploads\/2024\/01\/logo_4nd.jpg\",\"contentUrl\":\"https:\/\/www.eliassen.nl\/wp-content\/uploads\/2024\/01\/logo_4nd.jpg\",\"width\":500,\"height\":500,\"caption\":\"Eliassen Home & Garden Pleasure\"},\"image\":{\"@id\":\"https:\/\/dev.eliassen.nl\/de\/#\/schema\/logo\/image\/\"},\"sameAs\":[\"https:\/\/www.facebook.com\/TuincentrumEliassenAmmerzoden\",\"https:\/\/www.instagram.com\/eliassenhomeandgarden\/\",\"https:\/\/nl.pinterest.com\/eliassenhomeandgarden\/\",\"https:\/\/www.youtube.com\/@eliassenhomegardenpleasure4558\"]}]}<\/script>\n<!-- \/ Yoast SEO plugin. -->","yoast_head_json":{"title":"Statuette Bronze Tanzpaar 10cm","description":"M\u00f6chten Sie eine kleine Bronzestatue eines kleinen DNA-Paares kaufen? Eine wundersch\u00f6ne Bronzestatue f\u00fcr Garten, B\u00fcro oder Wohnzimmer. \u221a 30 Jahre Garantie \u221a ...","robots":{"index":"noindex","follow":"follow","max-snippet":"max-snippet:-1","max-image-preview":"max-image-preview:large","max-video-preview":"max-video-preview:-1"},"og_locale":"de_DE","og_type":"article","og_title":"Statuette Bronze Tanzpaar 10cm","og_description":"M\u00f6chten Sie eine kleine Bronzestatue eines kleinen DNA-Paares kaufen? Eine wundersch\u00f6ne Bronzestatue f\u00fcr Garten, B\u00fcro oder Wohnzimmer. \u221a 30 Jahre Garantie \u221a ...","og_url":"https:\/\/dev.eliassen.nl\/de\/statuette-bronze-tanzpaar-10cm\/","og_site_name":"Eliassen.nl","article_publisher":"https:\/\/www.facebook.com\/TuincentrumEliassenAmmerzoden","article_modified_time":"2024-12-05T15:10:43+00:00","og_image":[{"width":400,"height":284,"url":"https:\/\/dev.eliassen.nl\/wp-content\/uploads\/2024\/01\/an2828brbi10x3x5cm400x284.jpg","type":"image\/jpeg"}],"twitter_card":"summary_large_image","schema":{"@context":"https:\/\/schema.org","@graph":[{"@type":"WebPage","@id":"https:\/\/dev.eliassen.nl\/de\/statuette-bronze-tanzpaar-10cm\/","url":"https:\/\/dev.eliassen.nl\/de\/statuette-bronze-tanzpaar-10cm\/","name":"Statuette Bronze Tanzpaar 10cm","isPartOf":{"@id":"https:\/\/dev.eliassen.nl\/de\/#website"},"primaryImageOfPage":{"@id":"https:\/\/dev.eliassen.nl\/de\/statuette-bronze-tanzpaar-10cm\/#primaryimage"},"image":{"@id":"https:\/\/dev.eliassen.nl\/de\/statuette-bronze-tanzpaar-10cm\/#primaryimage"},"thumbnailUrl":"https:\/\/dev.eliassen.nl\/wp-content\/uploads\/2024\/01\/an2828brbi10x3x5cm400x284.jpg","datePublished":"2022-11-04T09:21:53+00:00","dateModified":"2024-12-05T15:10:43+00:00","description":"M\u00f6chten Sie eine kleine Bronzestatue eines kleinen DNA-Paares kaufen? Eine wundersch\u00f6ne Bronzestatue f\u00fcr Garten, B\u00fcro oder Wohnzimmer. \u221a 30 Jahre Garantie \u221a ...","breadcrumb":{"@id":"https:\/\/dev.eliassen.nl\/de\/statuette-bronze-tanzpaar-10cm\/#breadcrumb"},"inLanguage":"de","potentialAction":[{"@type":"ReadAction","target":["https:\/\/dev.eliassen.nl\/de\/statuette-bronze-tanzpaar-10cm\/"]}]},{"@type":"ImageObject","inLanguage":"de","@id":"https:\/\/dev.eliassen.nl\/de\/statuette-bronze-tanzpaar-10cm\/#primaryimage","url":"https:\/\/dev.eliassen.nl\/wp-content\/uploads\/2024\/01\/an2828brbi10x3x5cm400x284.jpg","contentUrl":"https:\/\/dev.eliassen.nl\/wp-content\/uploads\/2024\/01\/an2828brbi10x3x5cm400x284.jpg","width":400,"height":284,"caption":"AN2828BR-BI-10x3x5-cm-400x284"},{"@type":"BreadcrumbList","@id":"https:\/\/dev.eliassen.nl\/de\/statuette-bronze-tanzpaar-10cm\/#breadcrumb","itemListElement":[{"@type":"ListItem","position":1,"name":"Home","item":"https:\/\/dev.eliassen.nl\/de\/"},{"@type":"ListItem","position":2,"name":"Shop","item":"https:\/\/dev.eliassen.nl\/nl\/winkel\/"},{"@type":"ListItem","position":3,"name":"Statuen-Skulpturen","item":"https:\/\/dev.eliassen.nl\/de\/statuen-skulpturen\/"},{"@type":"ListItem","position":4,"name":"Figuren Liebe","item":"https:\/\/dev.eliassen.nl\/de\/bilder\/figuren-liebe\/"},{"@type":"ListItem","position":5,"name":"Statuette Bronze Tanzpaar 10cm"}]},{"@type":"WebSite","@id":"https:\/\/dev.eliassen.nl\/de\/#website","url":"https:\/\/dev.eliassen.nl\/de\/","name":"Eliassen Home & Garden Pleasure","description":"","publisher":{"@id":"https:\/\/dev.eliassen.nl\/de\/#organization"},"alternateName":"Eliassen.nl","potentialAction":[{"@type":"SearchAction","target":{"@type":"EntryPoint","urlTemplate":"https:\/\/dev.eliassen.nl\/de\/?s={search_term_string}"},"query-input":{"@type":"PropertyValueSpecification","valueRequired":true,"valueName":"search_term_string"}}],"inLanguage":"de"},{"@type":"Organization","@id":"https:\/\/dev.eliassen.nl\/de\/#organization","name":"Eliassen Home & Garden Pleasure","url":"https:\/\/dev.eliassen.nl\/de\/","logo":{"@type":"ImageObject","inLanguage":"de","@id":"https:\/\/dev.eliassen.nl\/de\/#\/schema\/logo\/image\/","url":"https:\/\/www.eliassen.nl\/wp-content\/uploads\/2024\/01\/logo_4nd.jpg","contentUrl":"https:\/\/www.eliassen.nl\/wp-content\/uploads\/2024\/01\/logo_4nd.jpg","width":500,"height":500,"caption":"Eliassen Home & Garden Pleasure"},"image":{"@id":"https:\/\/dev.eliassen.nl\/de\/#\/schema\/logo\/image\/"},"sameAs":["https:\/\/www.facebook.com\/TuincentrumEliassenAmmerzoden","https:\/\/www.instagram.com\/eliassenhomeandgarden\/","https:\/\/nl.pinterest.com\/eliassenhomeandgarden\/","https:\/\/www.youtube.com\/@eliassenhomegardenpleasure4558"]}]}},"df_price":76.5,"df_sale_price":"","df_regular_price":76.5,"df_image_link":"https:\/\/dev.eliassen.nl\/wp-content\/uploads\/2024\/01\/an2828brbi10x3x5cm400x284.jpg","image":"https:\/\/dev.eliassen.nl\/wp-content\/uploads\/2024\/01\/an2828brbi10x3x5cm400x284.jpg","price_search":"<span class=\"woocommerce-Price-amount amount\"><bdi><span class=\"woocommerce-Price-currencySymbol\">&euro;<\/span>&nbsp;76,50<\/bdi><\/span>","category":"Bronzestatuen","_links":{"self":[{"href":"https:\/\/dev.eliassen.nl\/de\/wp-json\/wp\/v2\/product\/77302","targetHints":{"allow":["GET"]}}],"collection":[{"href":"https:\/\/dev.eliassen.nl\/de\/wp-json\/wp\/v2\/product"}],"about":[{"href":"https:\/\/dev.eliassen.nl\/de\/wp-json\/wp\/v2\/types\/product"}],"wp:featuredmedia":[{"embeddable":true,"href":"https:\/\/dev.eliassen.nl\/de\/wp-json\/wp\/v2\/media\/77296"}],"wp:attachment":[{"href":"https:\/\/dev.eliassen.nl\/de\/wp-json\/wp\/v2\/media?parent=77302"}],"wp:term":[{"taxonomy":"product_brand","embeddable":true,"href":"https:\/\/dev.eliassen.nl\/de\/wp-json\/wp\/v2\/product_brand?post=77302"},{"taxonomy":"product_cat","embeddable":true,"href":"https:\/\/dev.eliassen.nl\/de\/wp-json\/wp\/v2\/product_cat?post=77302"},{"taxonomy":"product_tag","embeddable":true,"href":"https:\/\/dev.eliassen.nl\/de\/wp-json\/wp\/v2\/product_tag?post=77302"}],"curies":[{"name":"wp","href":"https:\/\/api.w.org\/{rel}","templated":true}]}}