{"id":77362,"date":"2022-11-04T10:59:44","date_gmt":"2022-11-04T09:59:44","guid":{"rendered":"https:\/\/www.eliassen.nl\/?product=copy-of-beeld-spuitfiguur-brons-vis-klein"},"modified":"2024-12-05T16:10:59","modified_gmt":"2024-12-05T15:10:59","slug":"statue-spruhfigur-bronze-fisch-gross","status":"publish","type":"product","link":"https:\/\/dev.eliassen.nl\/de\/statue-spruhfigur-bronze-fisch-gross\/","title":{"rendered":"Statue Spr\u00fchfigur Bronze Fisch gro\u00df"},"content":{"rendered":"<p>Wundersch\u00f6ne Spritzfigur in Form eines stolzen Fisches aus echter Bronze. Die Bronze dieser Statue hat einen garantierten Kupfergehalt von 75 %, was der Lebensdauer und dem Aussehen sehr zugute kommt.<\/p>\n<p>Diese Bronzestatue wird mit der geschmolzenen Wachsmethode hergestellt, einer alten Technik. Auf die Form wird eine ca. 3 mm dicke Wachsschicht aufgetragen, danach wird der Rest des Zwischenraums mit Spezialton ausgef\u00fcllt. Wenn die Formvorbereitungen abgeschlossen sind, wird fl\u00fcssige Bronze von oben in die Form gegossen, das Wachs schmilzt und l\u00e4uft ab; Der entstehende Raum ist mit Bronze gef\u00fcllt. Nach dem Abk\u00fchlen wird die Form ge\u00f6ffnet, danach wird das Bild bearbeitet, poliert, geschliffen, Grate entfernt usw. Bei gr\u00f6\u00dferen Bronzeskulpturen und Statuen wird Bronze in Teilen gegossen, danach werden die Teile sehr sorgf\u00e4ltig zusammengel\u00f6tet, die N\u00e4hte sind dann poliert und geschliffen zu einem vollst\u00e4ndigen Bronzeobjekt. Bronzeskulpturen werden mit verschiedenen S\u00e4uren behandelt, um die richtige Farbe zu erhalten. Jede Art von S\u00e4ure verursacht ihre eigene Oxidation, die dauerhaft sein wird.<\/p>\n<p>Bronzestatuen k\u00f6nnen auch drau\u00dfen gelassen werden, die Statue wird etwas matt, was viele sch\u00f6n finden, wer den Glanz behalten m\u00f6chte, sollte die Bronzeskulptur zweimal im Jahr mit Bienenwachs abreiben.<\/p>\n<p><strong>Wir haben die gr\u00f6\u00dfte Sammlung von Bronzestatuen, die auch live besichtigt werden k\u00f6nnen. Kommen Sie gerne vorbei und schauen Sie sich um!! M\u00f6chten Sie vorbeikommen und nach einer bestimmten Bronzestatue suchen? Bitte rufen Sie uns an, damit wir best\u00e4tigen k\u00f6nnen, dass das Bild Ihrer Wahl bei uns verf\u00fcgbar ist!<\/strong><\/p>\n<ul>\n<li>Gr\u00f6\u00dfe: 23 x 16 x 35 cm.<\/li>\n<li>Material: Bronze<\/li>\n<li>Schnell geliefert <strong>.<\/strong><\/li>\n<li>10 Jahre Garantie.<\/li>\n<\/ul>\n<p>Fragen Sie uns nach den M\u00f6glichkeiten zum Wasseranschluss.<\/p>\n","protected":false},"excerpt":{"rendered":"<p>Wundersch\u00f6ne Sprayfigur eines Bronzefisches mit den Ma\u00dfen 35x16x23cm.<\/p>\n","protected":false},"featured_media":77356,"template":"","meta":{"_acf_changed":false},"product_brand":[6916],"product_cat":[593,613,590,635,536,7239],"product_tag":[],"class_list":{"0":"post-77362","1":"product","2":"type-product","3":"status-publish","4":"has-post-thumbnail","6":"product_brand-eliassen-de","7":"product_cat-bronzebrunnen","8":"product_cat-bronzestatuen","9":"product_cat-sprayfiguren-bronze","10":"product_cat-tierstatuen-aus-bronze","11":"product_cat-wassereigenschaften","12":"product_cat-statuen-skulpturen","14":"first","15":"instock","16":"taxable","17":"shipping-taxable","18":"purchasable","19":"product-type-simple"},"acf":[],"yoast_head":"<!-- This site is optimized with the Yoast SEO plugin v23.8 - https:\/\/yoast.com\/wordpress\/plugins\/seo\/ -->\n<title>Statue Spr\u00fchfigur Bronzefisch gro\u00df - Eliassen Home &amp; Gardenpleasure<\/title>\n<meta name=\"description\" content=\"Sch\u00f6ne bronzefarbene Spritzfigur in Form eines stolzen Fisches. Sehr dekorativ f\u00fcr den Garten \/ am Wasser. Hochwertige Bronze f\u00fcr eine lange Lebensdauer.\" \/>\n<meta name=\"robots\" content=\"noindex, follow, max-snippet:-1, max-image-preview:large, max-video-preview:-1\" \/>\n<meta property=\"og:locale\" content=\"de_DE\" \/>\n<meta property=\"og:type\" content=\"article\" \/>\n<meta property=\"og:title\" content=\"Statue Spr\u00fchfigur Bronzefisch gro\u00df - Eliassen Home &amp; Gardenpleasure\" \/>\n<meta property=\"og:description\" content=\"Sch\u00f6ne bronzefarbene Spritzfigur in Form eines stolzen Fisches. Sehr dekorativ f\u00fcr den Garten \/ am Wasser. Hochwertige Bronze f\u00fcr eine lange Lebensdauer.\" \/>\n<meta property=\"og:url\" content=\"https:\/\/dev.eliassen.nl\/de\/statue-spruhfigur-bronze-fisch-gross\/\" \/>\n<meta property=\"og:site_name\" content=\"Eliassen.nl\" \/>\n<meta property=\"article:publisher\" content=\"https:\/\/www.facebook.com\/TuincentrumEliassenAmmerzoden\" \/>\n<meta property=\"article:modified_time\" content=\"2024-12-05T15:10:59+00:00\" \/>\n<meta property=\"og:image\" content=\"https:\/\/dev.eliassen.nl\/wp-content\/uploads\/2024\/01\/an1140brvl23x16x35cm.jpg\" \/>\n\t<meta property=\"og:image:width\" content=\"1000\" \/>\n\t<meta property=\"og:image:height\" content=\"750\" \/>\n\t<meta property=\"og:image:type\" content=\"image\/jpeg\" \/>\n<meta name=\"twitter:card\" content=\"summary_large_image\" \/>\n<script type=\"application\/ld+json\" class=\"yoast-schema-graph\">{\"@context\":\"https:\/\/schema.org\",\"@graph\":[{\"@type\":\"WebPage\",\"@id\":\"https:\/\/dev.eliassen.nl\/de\/statue-spruhfigur-bronze-fisch-gross\/\",\"url\":\"https:\/\/dev.eliassen.nl\/de\/statue-spruhfigur-bronze-fisch-gross\/\",\"name\":\"Statue Spr\u00fchfigur Bronzefisch gro\u00df - Eliassen Home & Gardenpleasure\",\"isPartOf\":{\"@id\":\"https:\/\/dev.eliassen.nl\/de\/#website\"},\"primaryImageOfPage\":{\"@id\":\"https:\/\/dev.eliassen.nl\/de\/statue-spruhfigur-bronze-fisch-gross\/#primaryimage\"},\"image\":{\"@id\":\"https:\/\/dev.eliassen.nl\/de\/statue-spruhfigur-bronze-fisch-gross\/#primaryimage\"},\"thumbnailUrl\":\"https:\/\/dev.eliassen.nl\/wp-content\/uploads\/2024\/01\/an1140brvl23x16x35cm.jpg\",\"datePublished\":\"2022-11-04T09:59:44+00:00\",\"dateModified\":\"2024-12-05T15:10:59+00:00\",\"description\":\"Sch\u00f6ne bronzefarbene Spritzfigur in Form eines stolzen Fisches. Sehr dekorativ f\u00fcr den Garten \/ am Wasser. Hochwertige Bronze f\u00fcr eine lange Lebensdauer.\",\"breadcrumb\":{\"@id\":\"https:\/\/dev.eliassen.nl\/de\/statue-spruhfigur-bronze-fisch-gross\/#breadcrumb\"},\"inLanguage\":\"de\",\"potentialAction\":[{\"@type\":\"ReadAction\",\"target\":[\"https:\/\/dev.eliassen.nl\/de\/statue-spruhfigur-bronze-fisch-gross\/\"]}]},{\"@type\":\"ImageObject\",\"inLanguage\":\"de\",\"@id\":\"https:\/\/dev.eliassen.nl\/de\/statue-spruhfigur-bronze-fisch-gross\/#primaryimage\",\"url\":\"https:\/\/dev.eliassen.nl\/wp-content\/uploads\/2024\/01\/an1140brvl23x16x35cm.jpg\",\"contentUrl\":\"https:\/\/dev.eliassen.nl\/wp-content\/uploads\/2024\/01\/an1140brvl23x16x35cm.jpg\",\"width\":1000,\"height\":750,\"caption\":\"AN1140BR-V-L-23x16x35-cm\"},{\"@type\":\"BreadcrumbList\",\"@id\":\"https:\/\/dev.eliassen.nl\/de\/statue-spruhfigur-bronze-fisch-gross\/#breadcrumb\",\"itemListElement\":[{\"@type\":\"ListItem\",\"position\":1,\"name\":\"Home\",\"item\":\"https:\/\/dev.eliassen.nl\/de\/\"},{\"@type\":\"ListItem\",\"position\":2,\"name\":\"Shop\",\"item\":\"https:\/\/dev.eliassen.nl\/nl\/winkel\/\"},{\"@type\":\"ListItem\",\"position\":3,\"name\":\"Wasserspiele\",\"item\":\"https:\/\/dev.eliassen.nl\/de\/wassereigenschaften\/\"},{\"@type\":\"ListItem\",\"position\":4,\"name\":\"Bronzebrunnen\",\"item\":\"https:\/\/dev.eliassen.nl\/de\/wassereigenschaften\/bronzebrunnen\/\"},{\"@type\":\"ListItem\",\"position\":5,\"name\":\"Statue Spr\u00fchfigur Bronze Fisch gro\u00df\"}]},{\"@type\":\"WebSite\",\"@id\":\"https:\/\/dev.eliassen.nl\/de\/#website\",\"url\":\"https:\/\/dev.eliassen.nl\/de\/\",\"name\":\"Eliassen Home & Garden Pleasure\",\"description\":\"\",\"publisher\":{\"@id\":\"https:\/\/dev.eliassen.nl\/de\/#organization\"},\"alternateName\":\"Eliassen.nl\",\"potentialAction\":[{\"@type\":\"SearchAction\",\"target\":{\"@type\":\"EntryPoint\",\"urlTemplate\":\"https:\/\/dev.eliassen.nl\/de\/?s={search_term_string}\"},\"query-input\":{\"@type\":\"PropertyValueSpecification\",\"valueRequired\":true,\"valueName\":\"search_term_string\"}}],\"inLanguage\":\"de\"},{\"@type\":\"Organization\",\"@id\":\"https:\/\/dev.eliassen.nl\/de\/#organization\",\"name\":\"Eliassen Home & Garden Pleasure\",\"url\":\"https:\/\/dev.eliassen.nl\/de\/\",\"logo\":{\"@type\":\"ImageObject\",\"inLanguage\":\"de\",\"@id\":\"https:\/\/dev.eliassen.nl\/de\/#\/schema\/logo\/image\/\",\"url\":\"https:\/\/www.eliassen.nl\/wp-content\/uploads\/2024\/01\/logo_4nd.jpg\",\"contentUrl\":\"https:\/\/www.eliassen.nl\/wp-content\/uploads\/2024\/01\/logo_4nd.jpg\",\"width\":500,\"height\":500,\"caption\":\"Eliassen Home & Garden Pleasure\"},\"image\":{\"@id\":\"https:\/\/dev.eliassen.nl\/de\/#\/schema\/logo\/image\/\"},\"sameAs\":[\"https:\/\/www.facebook.com\/TuincentrumEliassenAmmerzoden\",\"https:\/\/www.instagram.com\/eliassenhomeandgarden\/\",\"https:\/\/nl.pinterest.com\/eliassenhomeandgarden\/\",\"https:\/\/www.youtube.com\/@eliassenhomegardenpleasure4558\"]}]}<\/script>\n<!-- \/ Yoast SEO plugin. -->","yoast_head_json":{"title":"Statue Spr\u00fchfigur Bronzefisch gro\u00df - Eliassen Home & Gardenpleasure","description":"Sch\u00f6ne bronzefarbene Spritzfigur in Form eines stolzen Fisches. Sehr dekorativ f\u00fcr den Garten \/ am Wasser. Hochwertige Bronze f\u00fcr eine lange Lebensdauer.","robots":{"index":"noindex","follow":"follow","max-snippet":"max-snippet:-1","max-image-preview":"max-image-preview:large","max-video-preview":"max-video-preview:-1"},"og_locale":"de_DE","og_type":"article","og_title":"Statue Spr\u00fchfigur Bronzefisch gro\u00df - Eliassen Home & Gardenpleasure","og_description":"Sch\u00f6ne bronzefarbene Spritzfigur in Form eines stolzen Fisches. Sehr dekorativ f\u00fcr den Garten \/ am Wasser. Hochwertige Bronze f\u00fcr eine lange Lebensdauer.","og_url":"https:\/\/dev.eliassen.nl\/de\/statue-spruhfigur-bronze-fisch-gross\/","og_site_name":"Eliassen.nl","article_publisher":"https:\/\/www.facebook.com\/TuincentrumEliassenAmmerzoden","article_modified_time":"2024-12-05T15:10:59+00:00","og_image":[{"width":1000,"height":750,"url":"https:\/\/dev.eliassen.nl\/wp-content\/uploads\/2024\/01\/an1140brvl23x16x35cm.jpg","type":"image\/jpeg"}],"twitter_card":"summary_large_image","schema":{"@context":"https:\/\/schema.org","@graph":[{"@type":"WebPage","@id":"https:\/\/dev.eliassen.nl\/de\/statue-spruhfigur-bronze-fisch-gross\/","url":"https:\/\/dev.eliassen.nl\/de\/statue-spruhfigur-bronze-fisch-gross\/","name":"Statue Spr\u00fchfigur Bronzefisch gro\u00df - Eliassen Home & Gardenpleasure","isPartOf":{"@id":"https:\/\/dev.eliassen.nl\/de\/#website"},"primaryImageOfPage":{"@id":"https:\/\/dev.eliassen.nl\/de\/statue-spruhfigur-bronze-fisch-gross\/#primaryimage"},"image":{"@id":"https:\/\/dev.eliassen.nl\/de\/statue-spruhfigur-bronze-fisch-gross\/#primaryimage"},"thumbnailUrl":"https:\/\/dev.eliassen.nl\/wp-content\/uploads\/2024\/01\/an1140brvl23x16x35cm.jpg","datePublished":"2022-11-04T09:59:44+00:00","dateModified":"2024-12-05T15:10:59+00:00","description":"Sch\u00f6ne bronzefarbene Spritzfigur in Form eines stolzen Fisches. Sehr dekorativ f\u00fcr den Garten \/ am Wasser. Hochwertige Bronze f\u00fcr eine lange Lebensdauer.","breadcrumb":{"@id":"https:\/\/dev.eliassen.nl\/de\/statue-spruhfigur-bronze-fisch-gross\/#breadcrumb"},"inLanguage":"de","potentialAction":[{"@type":"ReadAction","target":["https:\/\/dev.eliassen.nl\/de\/statue-spruhfigur-bronze-fisch-gross\/"]}]},{"@type":"ImageObject","inLanguage":"de","@id":"https:\/\/dev.eliassen.nl\/de\/statue-spruhfigur-bronze-fisch-gross\/#primaryimage","url":"https:\/\/dev.eliassen.nl\/wp-content\/uploads\/2024\/01\/an1140brvl23x16x35cm.jpg","contentUrl":"https:\/\/dev.eliassen.nl\/wp-content\/uploads\/2024\/01\/an1140brvl23x16x35cm.jpg","width":1000,"height":750,"caption":"AN1140BR-V-L-23x16x35-cm"},{"@type":"BreadcrumbList","@id":"https:\/\/dev.eliassen.nl\/de\/statue-spruhfigur-bronze-fisch-gross\/#breadcrumb","itemListElement":[{"@type":"ListItem","position":1,"name":"Home","item":"https:\/\/dev.eliassen.nl\/de\/"},{"@type":"ListItem","position":2,"name":"Shop","item":"https:\/\/dev.eliassen.nl\/nl\/winkel\/"},{"@type":"ListItem","position":3,"name":"Wasserspiele","item":"https:\/\/dev.eliassen.nl\/de\/wassereigenschaften\/"},{"@type":"ListItem","position":4,"name":"Bronzebrunnen","item":"https:\/\/dev.eliassen.nl\/de\/wassereigenschaften\/bronzebrunnen\/"},{"@type":"ListItem","position":5,"name":"Statue Spr\u00fchfigur Bronze Fisch gro\u00df"}]},{"@type":"WebSite","@id":"https:\/\/dev.eliassen.nl\/de\/#website","url":"https:\/\/dev.eliassen.nl\/de\/","name":"Eliassen Home & Garden Pleasure","description":"","publisher":{"@id":"https:\/\/dev.eliassen.nl\/de\/#organization"},"alternateName":"Eliassen.nl","potentialAction":[{"@type":"SearchAction","target":{"@type":"EntryPoint","urlTemplate":"https:\/\/dev.eliassen.nl\/de\/?s={search_term_string}"},"query-input":{"@type":"PropertyValueSpecification","valueRequired":true,"valueName":"search_term_string"}}],"inLanguage":"de"},{"@type":"Organization","@id":"https:\/\/dev.eliassen.nl\/de\/#organization","name":"Eliassen Home & Garden Pleasure","url":"https:\/\/dev.eliassen.nl\/de\/","logo":{"@type":"ImageObject","inLanguage":"de","@id":"https:\/\/dev.eliassen.nl\/de\/#\/schema\/logo\/image\/","url":"https:\/\/www.eliassen.nl\/wp-content\/uploads\/2024\/01\/logo_4nd.jpg","contentUrl":"https:\/\/www.eliassen.nl\/wp-content\/uploads\/2024\/01\/logo_4nd.jpg","width":500,"height":500,"caption":"Eliassen Home & Garden Pleasure"},"image":{"@id":"https:\/\/dev.eliassen.nl\/de\/#\/schema\/logo\/image\/"},"sameAs":["https:\/\/www.facebook.com\/TuincentrumEliassenAmmerzoden","https:\/\/www.instagram.com\/eliassenhomeandgarden\/","https:\/\/nl.pinterest.com\/eliassenhomeandgarden\/","https:\/\/www.youtube.com\/@eliassenhomegardenpleasure4558"]}]}},"df_price":298,"df_sale_price":"","df_regular_price":298,"df_image_link":"https:\/\/dev.eliassen.nl\/wp-content\/uploads\/2024\/01\/an1140brvl23x16x35cm.jpg","image":"https:\/\/dev.eliassen.nl\/wp-content\/uploads\/2024\/01\/an1140brvl23x16x35cm.jpg","price_search":"<span class=\"woocommerce-Price-amount amount\"><bdi><span class=\"woocommerce-Price-currencySymbol\">&euro;<\/span>&nbsp;298,00<\/bdi><\/span>","category":"Bronzebrunnen","_links":{"self":[{"href":"https:\/\/dev.eliassen.nl\/de\/wp-json\/wp\/v2\/product\/77362","targetHints":{"allow":["GET"]}}],"collection":[{"href":"https:\/\/dev.eliassen.nl\/de\/wp-json\/wp\/v2\/product"}],"about":[{"href":"https:\/\/dev.eliassen.nl\/de\/wp-json\/wp\/v2\/types\/product"}],"wp:featuredmedia":[{"embeddable":true,"href":"https:\/\/dev.eliassen.nl\/de\/wp-json\/wp\/v2\/media\/77356"}],"wp:attachment":[{"href":"https:\/\/dev.eliassen.nl\/de\/wp-json\/wp\/v2\/media?parent=77362"}],"wp:term":[{"taxonomy":"product_brand","embeddable":true,"href":"https:\/\/dev.eliassen.nl\/de\/wp-json\/wp\/v2\/product_brand?post=77362"},{"taxonomy":"product_cat","embeddable":true,"href":"https:\/\/dev.eliassen.nl\/de\/wp-json\/wp\/v2\/product_cat?post=77362"},{"taxonomy":"product_tag","embeddable":true,"href":"https:\/\/dev.eliassen.nl\/de\/wp-json\/wp\/v2\/product_tag?post=77362"}],"curies":[{"name":"wp","href":"https:\/\/api.w.org\/{rel}","templated":true}]}}