{"id":77578,"date":"2022-11-11T16:20:03","date_gmt":"2022-11-11T15:20:03","guid":{"rendered":"https:\/\/www.eliassen.nl\/?product=wanddecoratie-3d-hout-draaikolk-met-vissen-55cm-tu"},"modified":"2024-12-05T16:11:31","modified_gmt":"2024-12-05T15:11:31","slug":"wanddekoration-3d-holz-whirlpool-mit-fisch-55cm-turkis","status":"publish","type":"product","link":"https:\/\/dev.eliassen.nl\/de\/wanddekoration-3d-holz-whirlpool-mit-fisch-55cm-turkis\/","title":{"rendered":"Wanddekoration 3D Holz Whirlpool mit Fisch 55cm blau"},"content":{"rendered":"<p>Diese wundersch\u00f6ne 3D-Wanddekoration mit tollem 3D-Effekt wird Sie gl\u00fccklich machen, nicht wahr?<\/p>\n<p>Dieses Modell hat einen Eisenrahmen mit 20 handgeschnitzten t\u00fcrkisfarbenen Holzfischen!<\/p>\n<p>Das Ganze ist ca. 15 cm tief, wodurch ein toller Tiefeneffekt entsteht. Eine sch\u00f6ne Erg\u00e4nzung f\u00fcr Ihr Zuhause oder drau\u00dfen unter einer Veranda. Wir haben auch fast die gesamte Kollektion dieser Serie im Gesch\u00e4ft, was in den Niederlanden einzigartig ist. Nirgendwo sonst finden Sie eine so gro\u00dfe Sammlung. Gern geschehen.<\/p>\n<p>Dieser Artikel eignet sich auch gut zum Verschenken!<\/p>\n<ul>\n<li>Gr\u00f6\u00dfe: Durchmesser ca. 55 cm, Tiefe ca. 15 cm.<\/li>\n<li>Material: Metall und Holz.<\/li>\n<li>Farbe: altt\u00fcrkis.<\/li>\n<li>Einfaches Aufh\u00e4ngen mit einer Schraube.<\/li>\n<li>Schnell geliefert.<\/li>\n<li>Gr\u00f6\u00dfte Sammlung in den Benelux-L\u00e4ndern, die auch live besichtigt werden kann.<\/li>\n<li>1 Jahr Garantie.<\/li>\n<\/ul>\n","protected":false},"excerpt":{"rendered":"<p>Dieser Artikel kann Risse bekommen und eine gr\u00e4uliche Farbe annehmen, wenn er im Freien aufgestellt wird. Wanddekoration mit gro\u00dfer 3D-Tiefenwirkung von 15cm St\u00e4rke<\/p>\n","protected":false},"featured_media":77572,"template":"","meta":{"_acf_changed":false},"product_brand":[],"product_cat":[512,533,509,527],"product_tag":[],"class_list":{"0":"post-77578","1":"product","2":"type-product","3":"status-publish","4":"has-post-thumbnail","6":"product_cat-3d-wanddekoration-ohne-rahmen","7":"product_cat-andere-wanddekorationen","8":"product_cat-wanddekoration","9":"product_cat-wandpaneele-aus-holz","11":"first","12":"outofstock","13":"taxable","14":"shipping-taxable","15":"purchasable","16":"product-type-simple"},"acf":[],"yoast_head":"<!-- This site is optimized with the Yoast SEO plugin v23.8 - https:\/\/yoast.com\/wordpress\/plugins\/seo\/ -->\n<title>3D-Wanddekoration aus Holz Whirlpool mit Fisch | 55cm | T\u00fcrkis<\/title>\n<meta name=\"description\" content=\"Wundersch\u00f6ne 3D-Wanddekoration aus Holz mit einer Gruppe Fische in einem Whirlpool in der Farbe T\u00fcrkis. \u221a 1 Jahr Garantie \u221a Kann LIVE in unserem Showroom bes...\" \/>\n<meta name=\"robots\" content=\"noindex, follow, max-snippet:-1, max-image-preview:large, max-video-preview:-1\" \/>\n<meta property=\"og:locale\" content=\"de_DE\" \/>\n<meta property=\"og:type\" content=\"article\" \/>\n<meta property=\"og:title\" content=\"3D-Wanddekoration aus Holz Whirlpool mit Fisch | 55cm | T\u00fcrkis\" \/>\n<meta property=\"og:description\" content=\"Wundersch\u00f6ne 3D-Wanddekoration aus Holz mit einer Gruppe Fische in einem Whirlpool in der Farbe T\u00fcrkis. \u221a 1 Jahr Garantie \u221a Kann LIVE in unserem Showroom bes...\" \/>\n<meta property=\"og:url\" content=\"https:\/\/dev.eliassen.nl\/de\/wanddekoration-3d-holz-whirlpool-mit-fisch-55cm-turkis\/\" \/>\n<meta property=\"og:site_name\" content=\"Eliassen.nl\" \/>\n<meta property=\"article:publisher\" content=\"https:\/\/www.facebook.com\/TuincentrumEliassenAmmerzoden\" \/>\n<meta property=\"article:modified_time\" content=\"2024-12-05T15:11:31+00:00\" \/>\n<meta property=\"og:image\" content=\"https:\/\/dev.eliassen.nl\/wp-content\/uploads\/2024\/01\/wanddecoratie3dhoutdraaikolkmetvissen55cmtu.jpg\" \/>\n\t<meta property=\"og:image:width\" content=\"2048\" \/>\n\t<meta property=\"og:image:height\" content=\"1917\" \/>\n\t<meta property=\"og:image:type\" content=\"image\/jpeg\" \/>\n<meta name=\"twitter:card\" content=\"summary_large_image\" \/>\n<script type=\"application\/ld+json\" class=\"yoast-schema-graph\">{\"@context\":\"https:\/\/schema.org\",\"@graph\":[{\"@type\":\"WebPage\",\"@id\":\"https:\/\/dev.eliassen.nl\/de\/wanddekoration-3d-holz-whirlpool-mit-fisch-55cm-turkis\/\",\"url\":\"https:\/\/dev.eliassen.nl\/de\/wanddekoration-3d-holz-whirlpool-mit-fisch-55cm-turkis\/\",\"name\":\"3D-Wanddekoration aus Holz Whirlpool mit Fisch | 55cm | T\u00fcrkis\",\"isPartOf\":{\"@id\":\"https:\/\/dev.eliassen.nl\/de\/#website\"},\"primaryImageOfPage\":{\"@id\":\"https:\/\/dev.eliassen.nl\/de\/wanddekoration-3d-holz-whirlpool-mit-fisch-55cm-turkis\/#primaryimage\"},\"image\":{\"@id\":\"https:\/\/dev.eliassen.nl\/de\/wanddekoration-3d-holz-whirlpool-mit-fisch-55cm-turkis\/#primaryimage\"},\"thumbnailUrl\":\"https:\/\/dev.eliassen.nl\/wp-content\/uploads\/2024\/01\/wanddecoratie3dhoutdraaikolkmetvissen55cmtu.jpg\",\"datePublished\":\"2022-11-11T15:20:03+00:00\",\"dateModified\":\"2024-12-05T15:11:31+00:00\",\"description\":\"Wundersch\u00f6ne 3D-Wanddekoration aus Holz mit einer Gruppe Fische in einem Whirlpool in der Farbe T\u00fcrkis. \u221a 1 Jahr Garantie \u221a Kann LIVE in unserem Showroom bes...\",\"breadcrumb\":{\"@id\":\"https:\/\/dev.eliassen.nl\/de\/wanddekoration-3d-holz-whirlpool-mit-fisch-55cm-turkis\/#breadcrumb\"},\"inLanguage\":\"de\",\"potentialAction\":[{\"@type\":\"ReadAction\",\"target\":[\"https:\/\/dev.eliassen.nl\/de\/wanddekoration-3d-holz-whirlpool-mit-fisch-55cm-turkis\/\"]}]},{\"@type\":\"ImageObject\",\"inLanguage\":\"de\",\"@id\":\"https:\/\/dev.eliassen.nl\/de\/wanddekoration-3d-holz-whirlpool-mit-fisch-55cm-turkis\/#primaryimage\",\"url\":\"https:\/\/dev.eliassen.nl\/wp-content\/uploads\/2024\/01\/wanddecoratie3dhoutdraaikolkmetvissen55cmtu.jpg\",\"contentUrl\":\"https:\/\/dev.eliassen.nl\/wp-content\/uploads\/2024\/01\/wanddecoratie3dhoutdraaikolkmetvissen55cmtu.jpg\",\"width\":2048,\"height\":1917,\"caption\":\"Wanddecoratie 3d hout Draaikolk met vissen 55cm turqoise - Eliassen.nl\"},{\"@type\":\"BreadcrumbList\",\"@id\":\"https:\/\/dev.eliassen.nl\/de\/wanddekoration-3d-holz-whirlpool-mit-fisch-55cm-turkis\/#breadcrumb\",\"itemListElement\":[{\"@type\":\"ListItem\",\"position\":1,\"name\":\"Home\",\"item\":\"https:\/\/dev.eliassen.nl\/de\/\"},{\"@type\":\"ListItem\",\"position\":2,\"name\":\"Shop\",\"item\":\"https:\/\/dev.eliassen.nl\/nl\/winkel\/\"},{\"@type\":\"ListItem\",\"position\":3,\"name\":\"Wanddekoration\",\"item\":\"https:\/\/dev.eliassen.nl\/de\/wanddekoration\/\"},{\"@type\":\"ListItem\",\"position\":4,\"name\":\"3D-Wanddekoration ohne Rahmen\",\"item\":\"https:\/\/dev.eliassen.nl\/de\/wanddekoration\/3d-wanddekoration-ohne-rahmen\/\"},{\"@type\":\"ListItem\",\"position\":5,\"name\":\"Wanddekoration 3D Holz Whirlpool mit Fisch 55cm blau\"}]},{\"@type\":\"WebSite\",\"@id\":\"https:\/\/dev.eliassen.nl\/de\/#website\",\"url\":\"https:\/\/dev.eliassen.nl\/de\/\",\"name\":\"Eliassen Home & Garden Pleasure\",\"description\":\"\",\"publisher\":{\"@id\":\"https:\/\/dev.eliassen.nl\/de\/#organization\"},\"alternateName\":\"Eliassen.nl\",\"potentialAction\":[{\"@type\":\"SearchAction\",\"target\":{\"@type\":\"EntryPoint\",\"urlTemplate\":\"https:\/\/dev.eliassen.nl\/de\/?s={search_term_string}\"},\"query-input\":{\"@type\":\"PropertyValueSpecification\",\"valueRequired\":true,\"valueName\":\"search_term_string\"}}],\"inLanguage\":\"de\"},{\"@type\":\"Organization\",\"@id\":\"https:\/\/dev.eliassen.nl\/de\/#organization\",\"name\":\"Eliassen Home & Garden Pleasure\",\"url\":\"https:\/\/dev.eliassen.nl\/de\/\",\"logo\":{\"@type\":\"ImageObject\",\"inLanguage\":\"de\",\"@id\":\"https:\/\/dev.eliassen.nl\/de\/#\/schema\/logo\/image\/\",\"url\":\"https:\/\/www.eliassen.nl\/wp-content\/uploads\/2024\/01\/logo_4nd.jpg\",\"contentUrl\":\"https:\/\/www.eliassen.nl\/wp-content\/uploads\/2024\/01\/logo_4nd.jpg\",\"width\":500,\"height\":500,\"caption\":\"Eliassen Home & Garden Pleasure\"},\"image\":{\"@id\":\"https:\/\/dev.eliassen.nl\/de\/#\/schema\/logo\/image\/\"},\"sameAs\":[\"https:\/\/www.facebook.com\/TuincentrumEliassenAmmerzoden\",\"https:\/\/www.instagram.com\/eliassenhomeandgarden\/\",\"https:\/\/nl.pinterest.com\/eliassenhomeandgarden\/\",\"https:\/\/www.youtube.com\/@eliassenhomegardenpleasure4558\"]}]}<\/script>\n<!-- \/ Yoast SEO plugin. -->","yoast_head_json":{"title":"3D-Wanddekoration aus Holz Whirlpool mit Fisch | 55cm | T\u00fcrkis","description":"Wundersch\u00f6ne 3D-Wanddekoration aus Holz mit einer Gruppe Fische in einem Whirlpool in der Farbe T\u00fcrkis. \u221a 1 Jahr Garantie \u221a Kann LIVE in unserem Showroom bes...","robots":{"index":"noindex","follow":"follow","max-snippet":"max-snippet:-1","max-image-preview":"max-image-preview:large","max-video-preview":"max-video-preview:-1"},"og_locale":"de_DE","og_type":"article","og_title":"3D-Wanddekoration aus Holz Whirlpool mit Fisch | 55cm | T\u00fcrkis","og_description":"Wundersch\u00f6ne 3D-Wanddekoration aus Holz mit einer Gruppe Fische in einem Whirlpool in der Farbe T\u00fcrkis. \u221a 1 Jahr Garantie \u221a Kann LIVE in unserem Showroom bes...","og_url":"https:\/\/dev.eliassen.nl\/de\/wanddekoration-3d-holz-whirlpool-mit-fisch-55cm-turkis\/","og_site_name":"Eliassen.nl","article_publisher":"https:\/\/www.facebook.com\/TuincentrumEliassenAmmerzoden","article_modified_time":"2024-12-05T15:11:31+00:00","og_image":[{"width":2048,"height":1917,"url":"https:\/\/dev.eliassen.nl\/wp-content\/uploads\/2024\/01\/wanddecoratie3dhoutdraaikolkmetvissen55cmtu.jpg","type":"image\/jpeg"}],"twitter_card":"summary_large_image","schema":{"@context":"https:\/\/schema.org","@graph":[{"@type":"WebPage","@id":"https:\/\/dev.eliassen.nl\/de\/wanddekoration-3d-holz-whirlpool-mit-fisch-55cm-turkis\/","url":"https:\/\/dev.eliassen.nl\/de\/wanddekoration-3d-holz-whirlpool-mit-fisch-55cm-turkis\/","name":"3D-Wanddekoration aus Holz Whirlpool mit Fisch | 55cm | T\u00fcrkis","isPartOf":{"@id":"https:\/\/dev.eliassen.nl\/de\/#website"},"primaryImageOfPage":{"@id":"https:\/\/dev.eliassen.nl\/de\/wanddekoration-3d-holz-whirlpool-mit-fisch-55cm-turkis\/#primaryimage"},"image":{"@id":"https:\/\/dev.eliassen.nl\/de\/wanddekoration-3d-holz-whirlpool-mit-fisch-55cm-turkis\/#primaryimage"},"thumbnailUrl":"https:\/\/dev.eliassen.nl\/wp-content\/uploads\/2024\/01\/wanddecoratie3dhoutdraaikolkmetvissen55cmtu.jpg","datePublished":"2022-11-11T15:20:03+00:00","dateModified":"2024-12-05T15:11:31+00:00","description":"Wundersch\u00f6ne 3D-Wanddekoration aus Holz mit einer Gruppe Fische in einem Whirlpool in der Farbe T\u00fcrkis. \u221a 1 Jahr Garantie \u221a Kann LIVE in unserem Showroom bes...","breadcrumb":{"@id":"https:\/\/dev.eliassen.nl\/de\/wanddekoration-3d-holz-whirlpool-mit-fisch-55cm-turkis\/#breadcrumb"},"inLanguage":"de","potentialAction":[{"@type":"ReadAction","target":["https:\/\/dev.eliassen.nl\/de\/wanddekoration-3d-holz-whirlpool-mit-fisch-55cm-turkis\/"]}]},{"@type":"ImageObject","inLanguage":"de","@id":"https:\/\/dev.eliassen.nl\/de\/wanddekoration-3d-holz-whirlpool-mit-fisch-55cm-turkis\/#primaryimage","url":"https:\/\/dev.eliassen.nl\/wp-content\/uploads\/2024\/01\/wanddecoratie3dhoutdraaikolkmetvissen55cmtu.jpg","contentUrl":"https:\/\/dev.eliassen.nl\/wp-content\/uploads\/2024\/01\/wanddecoratie3dhoutdraaikolkmetvissen55cmtu.jpg","width":2048,"height":1917,"caption":"Wanddecoratie 3d hout Draaikolk met vissen 55cm turqoise - Eliassen.nl"},{"@type":"BreadcrumbList","@id":"https:\/\/dev.eliassen.nl\/de\/wanddekoration-3d-holz-whirlpool-mit-fisch-55cm-turkis\/#breadcrumb","itemListElement":[{"@type":"ListItem","position":1,"name":"Home","item":"https:\/\/dev.eliassen.nl\/de\/"},{"@type":"ListItem","position":2,"name":"Shop","item":"https:\/\/dev.eliassen.nl\/nl\/winkel\/"},{"@type":"ListItem","position":3,"name":"Wanddekoration","item":"https:\/\/dev.eliassen.nl\/de\/wanddekoration\/"},{"@type":"ListItem","position":4,"name":"3D-Wanddekoration ohne Rahmen","item":"https:\/\/dev.eliassen.nl\/de\/wanddekoration\/3d-wanddekoration-ohne-rahmen\/"},{"@type":"ListItem","position":5,"name":"Wanddekoration 3D Holz Whirlpool mit Fisch 55cm blau"}]},{"@type":"WebSite","@id":"https:\/\/dev.eliassen.nl\/de\/#website","url":"https:\/\/dev.eliassen.nl\/de\/","name":"Eliassen Home & Garden Pleasure","description":"","publisher":{"@id":"https:\/\/dev.eliassen.nl\/de\/#organization"},"alternateName":"Eliassen.nl","potentialAction":[{"@type":"SearchAction","target":{"@type":"EntryPoint","urlTemplate":"https:\/\/dev.eliassen.nl\/de\/?s={search_term_string}"},"query-input":{"@type":"PropertyValueSpecification","valueRequired":true,"valueName":"search_term_string"}}],"inLanguage":"de"},{"@type":"Organization","@id":"https:\/\/dev.eliassen.nl\/de\/#organization","name":"Eliassen Home & Garden Pleasure","url":"https:\/\/dev.eliassen.nl\/de\/","logo":{"@type":"ImageObject","inLanguage":"de","@id":"https:\/\/dev.eliassen.nl\/de\/#\/schema\/logo\/image\/","url":"https:\/\/www.eliassen.nl\/wp-content\/uploads\/2024\/01\/logo_4nd.jpg","contentUrl":"https:\/\/www.eliassen.nl\/wp-content\/uploads\/2024\/01\/logo_4nd.jpg","width":500,"height":500,"caption":"Eliassen Home & Garden Pleasure"},"image":{"@id":"https:\/\/dev.eliassen.nl\/de\/#\/schema\/logo\/image\/"},"sameAs":["https:\/\/www.facebook.com\/TuincentrumEliassenAmmerzoden","https:\/\/www.instagram.com\/eliassenhomeandgarden\/","https:\/\/nl.pinterest.com\/eliassenhomeandgarden\/","https:\/\/www.youtube.com\/@eliassenhomegardenpleasure4558"]}]}},"df_price":59,"df_sale_price":"","df_regular_price":59,"df_image_link":"https:\/\/dev.eliassen.nl\/wp-content\/uploads\/2024\/01\/wanddecoratie3dhoutdraaikolkmetvissen55cmtu.jpg","image":"https:\/\/dev.eliassen.nl\/wp-content\/uploads\/2024\/01\/wanddecoratie3dhoutdraaikolkmetvissen55cmtu.jpg","price_search":"<span class=\"woocommerce-Price-amount amount\"><bdi><span class=\"woocommerce-Price-currencySymbol\">&euro;<\/span>&nbsp;59,00<\/bdi><\/span>","category":"3D-Wanddekoration ohne Rahmen","_links":{"self":[{"href":"https:\/\/dev.eliassen.nl\/de\/wp-json\/wp\/v2\/product\/77578","targetHints":{"allow":["GET"]}}],"collection":[{"href":"https:\/\/dev.eliassen.nl\/de\/wp-json\/wp\/v2\/product"}],"about":[{"href":"https:\/\/dev.eliassen.nl\/de\/wp-json\/wp\/v2\/types\/product"}],"wp:featuredmedia":[{"embeddable":true,"href":"https:\/\/dev.eliassen.nl\/de\/wp-json\/wp\/v2\/media\/77572"}],"wp:attachment":[{"href":"https:\/\/dev.eliassen.nl\/de\/wp-json\/wp\/v2\/media?parent=77578"}],"wp:term":[{"taxonomy":"product_brand","embeddable":true,"href":"https:\/\/dev.eliassen.nl\/de\/wp-json\/wp\/v2\/product_brand?post=77578"},{"taxonomy":"product_cat","embeddable":true,"href":"https:\/\/dev.eliassen.nl\/de\/wp-json\/wp\/v2\/product_cat?post=77578"},{"taxonomy":"product_tag","embeddable":true,"href":"https:\/\/dev.eliassen.nl\/de\/wp-json\/wp\/v2\/product_tag?post=77578"}],"curies":[{"name":"wp","href":"https:\/\/api.w.org\/{rel}","templated":true}]}}