{"id":77638,"date":"2022-11-14T11:30:33","date_gmt":"2022-11-14T10:30:33","guid":{"rendered":"https:\/\/www.eliassen.nl\/?product=theelichthouder-vlinder-voor-2-theelichtjes-met-pa"},"modified":"2024-12-05T16:11:39","modified_gmt":"2024-12-05T15:11:39","slug":"teelichthalter-butterfly-fur-2-teelichter-mit-perlmutt-28cm","status":"publish","type":"product","link":"https:\/\/dev.eliassen.nl\/de\/teelichthalter-butterfly-fur-2-teelichter-mit-perlmutt-28cm\/","title":{"rendered":"Teelichthalter Butterfly f\u00fcr 2 Teelichter mit Perlmutt 28cm"},"content":{"rendered":"<p>Sch\u00f6nes Metallobjekt eines Schmetterlings, das auch als Teelichthalter f\u00fcr 2 Teelichter dient, wird Ihr Zuhause oder Ihren Arbeitsplatz stimmungsvoller machen, mit einem sch\u00f6nen Glanz durch das Perlmutt. Kann auf einer Kommode, Fensterbank, in der K\u00fcche, im B\u00fcro und so weiter platziert werden.<\/p>\n<p>Dieser Schmetterling aus Metall mit Perlmutt wird komplett von Hand geschnitten, ausgestanzt, gel\u00f6tet und anschlie\u00dfend mit verschiedenen Farben versehen und f\u00fcr einen sch\u00f6nen Farbeffekt wurde Perlmutt verwendet. Sehen Sie hier das Ergebnis, ein wundersch\u00f6nes Dekorationsobjekt mit warmen Farben. Da dies handgefertigt ist, wird jedes St\u00fcck eine andere Farbe haben, das Foto ist nur ein Beispiel.<\/p>\n<p>Perlmutt ist ein organisches Muschelmaterial, das normalerweise auf der Innenseite vieler Arten von gro\u00dfen Muscheln zu finden ist. Die Dicke des Perlmutts ist bei jedem Muscheltyp unterschiedlich.<br \/>Das Perlmutt wird von den Schalentieren \u00fcber Epithelzellen produziert. Das Perlmutt wird hergestellt, um den Schalentieren eine glatte Oberfl\u00e4che zu bieten und Parasiten abzuwehren.<br \/>Wenn ein Schalentier l\u00e4nger unter einem Parasiten leidet, produziert es st\u00e4ndig Perlmutt, das schlie\u00dflich eine Perle bilden kann.<\/p>\n<ul>\n<li>Gr\u00f6\u00dfe: 27 x 28 cm<\/li>\n<li>Farbe: Silber\/Wei\u00dft\u00f6ne<\/li>\n<li>Material: Metall mit Perlmutt<\/li>\n<li>1 Jahr Garantie<\/li>\n<\/ul>\n","protected":false},"excerpt":{"rendered":"<p>Sehr attraktiver doppelter Teelichthalter mit einem Schmetterling aus Perlmutt.<\/p>\n","protected":false},"featured_media":77635,"template":"","meta":{"_acf_changed":false},"product_brand":[],"product_cat":[665,659],"product_tag":[],"class_list":{"0":"post-77638","1":"product","2":"type-product","3":"status-publish","4":"has-post-thumbnail","6":"product_cat-dekofiguren-aus-metall","7":"product_cat-dekoration-aus-metall","9":"first","10":"instock","11":"taxable","12":"shipping-taxable","13":"purchasable","14":"product-type-simple"},"acf":[],"yoast_head":"<!-- This site is optimized with the Yoast SEO plugin v23.8 - https:\/\/yoast.com\/wordpress\/plugins\/seo\/ -->\n<title>Teelichthalter Butterfly f\u00fcr 2 Teelichter mit Perlmutt 28cm<\/title>\n<meta name=\"description\" content=\"Figuren aus Metall? Sehen Sie sich unsere riesige Kollektion in unserem Webshop an !! \u2705 Fast alles live sehen \u2705 Eigene Lagerware \u2705 Sicher kaufen \u2705 Faire Preise\" \/>\n<meta name=\"robots\" content=\"noindex, follow, max-snippet:-1, max-image-preview:large, max-video-preview:-1\" \/>\n<meta property=\"og:locale\" content=\"de_DE\" \/>\n<meta property=\"og:type\" content=\"article\" \/>\n<meta property=\"og:title\" content=\"Teelichthalter Butterfly f\u00fcr 2 Teelichter mit Perlmutt 28cm\" \/>\n<meta property=\"og:description\" content=\"Figuren aus Metall? Sehen Sie sich unsere riesige Kollektion in unserem Webshop an !! \u2705 Fast alles live sehen \u2705 Eigene Lagerware \u2705 Sicher kaufen \u2705 Faire Preise\" \/>\n<meta property=\"og:url\" content=\"https:\/\/dev.eliassen.nl\/de\/teelichthalter-butterfly-fur-2-teelichter-mit-perlmutt-28cm\/\" \/>\n<meta property=\"og:site_name\" content=\"Eliassen.nl\" \/>\n<meta property=\"article:publisher\" content=\"https:\/\/www.facebook.com\/TuincentrumEliassenAmmerzoden\" \/>\n<meta property=\"article:modified_time\" content=\"2024-12-05T15:11:39+00:00\" \/>\n<meta property=\"og:image\" content=\"https:\/\/dev.eliassen.nl\/wp-content\/uploads\/2024\/01\/mc641131200x1231.jpg\" \/>\n\t<meta property=\"og:image:width\" content=\"505\" \/>\n\t<meta property=\"og:image:height\" content=\"518\" \/>\n\t<meta property=\"og:image:type\" content=\"image\/jpeg\" \/>\n<meta name=\"twitter:card\" content=\"summary_large_image\" \/>\n<script type=\"application\/ld+json\" class=\"yoast-schema-graph\">{\"@context\":\"https:\/\/schema.org\",\"@graph\":[{\"@type\":\"WebPage\",\"@id\":\"https:\/\/dev.eliassen.nl\/de\/teelichthalter-butterfly-fur-2-teelichter-mit-perlmutt-28cm\/\",\"url\":\"https:\/\/dev.eliassen.nl\/de\/teelichthalter-butterfly-fur-2-teelichter-mit-perlmutt-28cm\/\",\"name\":\"Teelichthalter Butterfly f\u00fcr 2 Teelichter mit Perlmutt 28cm\",\"isPartOf\":{\"@id\":\"https:\/\/dev.eliassen.nl\/de\/#website\"},\"primaryImageOfPage\":{\"@id\":\"https:\/\/dev.eliassen.nl\/de\/teelichthalter-butterfly-fur-2-teelichter-mit-perlmutt-28cm\/#primaryimage\"},\"image\":{\"@id\":\"https:\/\/dev.eliassen.nl\/de\/teelichthalter-butterfly-fur-2-teelichter-mit-perlmutt-28cm\/#primaryimage\"},\"thumbnailUrl\":\"https:\/\/dev.eliassen.nl\/wp-content\/uploads\/2024\/01\/mc641131200x1231.jpg\",\"datePublished\":\"2022-11-14T10:30:33+00:00\",\"dateModified\":\"2024-12-05T15:11:39+00:00\",\"description\":\"Figuren aus Metall? Sehen Sie sich unsere riesige Kollektion in unserem Webshop an !! \u2705 Fast alles live sehen \u2705 Eigene Lagerware \u2705 Sicher kaufen \u2705 Faire Preise\",\"breadcrumb\":{\"@id\":\"https:\/\/dev.eliassen.nl\/de\/teelichthalter-butterfly-fur-2-teelichter-mit-perlmutt-28cm\/#breadcrumb\"},\"inLanguage\":\"de\",\"potentialAction\":[{\"@type\":\"ReadAction\",\"target\":[\"https:\/\/dev.eliassen.nl\/de\/teelichthalter-butterfly-fur-2-teelichter-mit-perlmutt-28cm\/\"]}]},{\"@type\":\"ImageObject\",\"inLanguage\":\"de\",\"@id\":\"https:\/\/dev.eliassen.nl\/de\/teelichthalter-butterfly-fur-2-teelichter-mit-perlmutt-28cm\/#primaryimage\",\"url\":\"https:\/\/dev.eliassen.nl\/wp-content\/uploads\/2024\/01\/mc641131200x1231.jpg\",\"contentUrl\":\"https:\/\/dev.eliassen.nl\/wp-content\/uploads\/2024\/01\/mc641131200x1231.jpg\",\"width\":505,\"height\":518,\"caption\":\"MC-64113-1200x1231\"},{\"@type\":\"BreadcrumbList\",\"@id\":\"https:\/\/dev.eliassen.nl\/de\/teelichthalter-butterfly-fur-2-teelichter-mit-perlmutt-28cm\/#breadcrumb\",\"itemListElement\":[{\"@type\":\"ListItem\",\"position\":1,\"name\":\"Home\",\"item\":\"https:\/\/dev.eliassen.nl\/de\/\"},{\"@type\":\"ListItem\",\"position\":2,\"name\":\"Shop\",\"item\":\"https:\/\/dev.eliassen.nl\/nl\/winkel\/\"},{\"@type\":\"ListItem\",\"position\":3,\"name\":\"Dekoration aus Metall\",\"item\":\"https:\/\/dev.eliassen.nl\/de\/dekoration-aus-metall\/\"},{\"@type\":\"ListItem\",\"position\":4,\"name\":\"Dekofiguren aus Metall\",\"item\":\"https:\/\/dev.eliassen.nl\/de\/dekoration-aus-metall\/dekofiguren-aus-metall\/\"},{\"@type\":\"ListItem\",\"position\":5,\"name\":\"Teelichthalter Butterfly f\u00fcr 2 Teelichter mit Perlmutt 28cm\"}]},{\"@type\":\"WebSite\",\"@id\":\"https:\/\/dev.eliassen.nl\/de\/#website\",\"url\":\"https:\/\/dev.eliassen.nl\/de\/\",\"name\":\"Eliassen Home & Garden Pleasure\",\"description\":\"\",\"publisher\":{\"@id\":\"https:\/\/dev.eliassen.nl\/de\/#organization\"},\"alternateName\":\"Eliassen.nl\",\"potentialAction\":[{\"@type\":\"SearchAction\",\"target\":{\"@type\":\"EntryPoint\",\"urlTemplate\":\"https:\/\/dev.eliassen.nl\/de\/?s={search_term_string}\"},\"query-input\":{\"@type\":\"PropertyValueSpecification\",\"valueRequired\":true,\"valueName\":\"search_term_string\"}}],\"inLanguage\":\"de\"},{\"@type\":\"Organization\",\"@id\":\"https:\/\/dev.eliassen.nl\/de\/#organization\",\"name\":\"Eliassen Home & Garden Pleasure\",\"url\":\"https:\/\/dev.eliassen.nl\/de\/\",\"logo\":{\"@type\":\"ImageObject\",\"inLanguage\":\"de\",\"@id\":\"https:\/\/dev.eliassen.nl\/de\/#\/schema\/logo\/image\/\",\"url\":\"https:\/\/www.eliassen.nl\/wp-content\/uploads\/2024\/01\/logo_4nd.jpg\",\"contentUrl\":\"https:\/\/www.eliassen.nl\/wp-content\/uploads\/2024\/01\/logo_4nd.jpg\",\"width\":500,\"height\":500,\"caption\":\"Eliassen Home & Garden Pleasure\"},\"image\":{\"@id\":\"https:\/\/dev.eliassen.nl\/de\/#\/schema\/logo\/image\/\"},\"sameAs\":[\"https:\/\/www.facebook.com\/TuincentrumEliassenAmmerzoden\",\"https:\/\/www.instagram.com\/eliassenhomeandgarden\/\",\"https:\/\/nl.pinterest.com\/eliassenhomeandgarden\/\",\"https:\/\/www.youtube.com\/@eliassenhomegardenpleasure4558\"]}]}<\/script>\n<!-- \/ Yoast SEO plugin. -->","yoast_head_json":{"title":"Teelichthalter Butterfly f\u00fcr 2 Teelichter mit Perlmutt 28cm","description":"Figuren aus Metall? Sehen Sie sich unsere riesige Kollektion in unserem Webshop an !! \u2705 Fast alles live sehen \u2705 Eigene Lagerware \u2705 Sicher kaufen \u2705 Faire Preise","robots":{"index":"noindex","follow":"follow","max-snippet":"max-snippet:-1","max-image-preview":"max-image-preview:large","max-video-preview":"max-video-preview:-1"},"og_locale":"de_DE","og_type":"article","og_title":"Teelichthalter Butterfly f\u00fcr 2 Teelichter mit Perlmutt 28cm","og_description":"Figuren aus Metall? Sehen Sie sich unsere riesige Kollektion in unserem Webshop an !! \u2705 Fast alles live sehen \u2705 Eigene Lagerware \u2705 Sicher kaufen \u2705 Faire Preise","og_url":"https:\/\/dev.eliassen.nl\/de\/teelichthalter-butterfly-fur-2-teelichter-mit-perlmutt-28cm\/","og_site_name":"Eliassen.nl","article_publisher":"https:\/\/www.facebook.com\/TuincentrumEliassenAmmerzoden","article_modified_time":"2024-12-05T15:11:39+00:00","og_image":[{"width":505,"height":518,"url":"https:\/\/dev.eliassen.nl\/wp-content\/uploads\/2024\/01\/mc641131200x1231.jpg","type":"image\/jpeg"}],"twitter_card":"summary_large_image","schema":{"@context":"https:\/\/schema.org","@graph":[{"@type":"WebPage","@id":"https:\/\/dev.eliassen.nl\/de\/teelichthalter-butterfly-fur-2-teelichter-mit-perlmutt-28cm\/","url":"https:\/\/dev.eliassen.nl\/de\/teelichthalter-butterfly-fur-2-teelichter-mit-perlmutt-28cm\/","name":"Teelichthalter Butterfly f\u00fcr 2 Teelichter mit Perlmutt 28cm","isPartOf":{"@id":"https:\/\/dev.eliassen.nl\/de\/#website"},"primaryImageOfPage":{"@id":"https:\/\/dev.eliassen.nl\/de\/teelichthalter-butterfly-fur-2-teelichter-mit-perlmutt-28cm\/#primaryimage"},"image":{"@id":"https:\/\/dev.eliassen.nl\/de\/teelichthalter-butterfly-fur-2-teelichter-mit-perlmutt-28cm\/#primaryimage"},"thumbnailUrl":"https:\/\/dev.eliassen.nl\/wp-content\/uploads\/2024\/01\/mc641131200x1231.jpg","datePublished":"2022-11-14T10:30:33+00:00","dateModified":"2024-12-05T15:11:39+00:00","description":"Figuren aus Metall? Sehen Sie sich unsere riesige Kollektion in unserem Webshop an !! \u2705 Fast alles live sehen \u2705 Eigene Lagerware \u2705 Sicher kaufen \u2705 Faire Preise","breadcrumb":{"@id":"https:\/\/dev.eliassen.nl\/de\/teelichthalter-butterfly-fur-2-teelichter-mit-perlmutt-28cm\/#breadcrumb"},"inLanguage":"de","potentialAction":[{"@type":"ReadAction","target":["https:\/\/dev.eliassen.nl\/de\/teelichthalter-butterfly-fur-2-teelichter-mit-perlmutt-28cm\/"]}]},{"@type":"ImageObject","inLanguage":"de","@id":"https:\/\/dev.eliassen.nl\/de\/teelichthalter-butterfly-fur-2-teelichter-mit-perlmutt-28cm\/#primaryimage","url":"https:\/\/dev.eliassen.nl\/wp-content\/uploads\/2024\/01\/mc641131200x1231.jpg","contentUrl":"https:\/\/dev.eliassen.nl\/wp-content\/uploads\/2024\/01\/mc641131200x1231.jpg","width":505,"height":518,"caption":"MC-64113-1200x1231"},{"@type":"BreadcrumbList","@id":"https:\/\/dev.eliassen.nl\/de\/teelichthalter-butterfly-fur-2-teelichter-mit-perlmutt-28cm\/#breadcrumb","itemListElement":[{"@type":"ListItem","position":1,"name":"Home","item":"https:\/\/dev.eliassen.nl\/de\/"},{"@type":"ListItem","position":2,"name":"Shop","item":"https:\/\/dev.eliassen.nl\/nl\/winkel\/"},{"@type":"ListItem","position":3,"name":"Dekoration aus Metall","item":"https:\/\/dev.eliassen.nl\/de\/dekoration-aus-metall\/"},{"@type":"ListItem","position":4,"name":"Dekofiguren aus Metall","item":"https:\/\/dev.eliassen.nl\/de\/dekoration-aus-metall\/dekofiguren-aus-metall\/"},{"@type":"ListItem","position":5,"name":"Teelichthalter Butterfly f\u00fcr 2 Teelichter mit Perlmutt 28cm"}]},{"@type":"WebSite","@id":"https:\/\/dev.eliassen.nl\/de\/#website","url":"https:\/\/dev.eliassen.nl\/de\/","name":"Eliassen Home & Garden Pleasure","description":"","publisher":{"@id":"https:\/\/dev.eliassen.nl\/de\/#organization"},"alternateName":"Eliassen.nl","potentialAction":[{"@type":"SearchAction","target":{"@type":"EntryPoint","urlTemplate":"https:\/\/dev.eliassen.nl\/de\/?s={search_term_string}"},"query-input":{"@type":"PropertyValueSpecification","valueRequired":true,"valueName":"search_term_string"}}],"inLanguage":"de"},{"@type":"Organization","@id":"https:\/\/dev.eliassen.nl\/de\/#organization","name":"Eliassen Home & Garden Pleasure","url":"https:\/\/dev.eliassen.nl\/de\/","logo":{"@type":"ImageObject","inLanguage":"de","@id":"https:\/\/dev.eliassen.nl\/de\/#\/schema\/logo\/image\/","url":"https:\/\/www.eliassen.nl\/wp-content\/uploads\/2024\/01\/logo_4nd.jpg","contentUrl":"https:\/\/www.eliassen.nl\/wp-content\/uploads\/2024\/01\/logo_4nd.jpg","width":500,"height":500,"caption":"Eliassen Home & Garden Pleasure"},"image":{"@id":"https:\/\/dev.eliassen.nl\/de\/#\/schema\/logo\/image\/"},"sameAs":["https:\/\/www.facebook.com\/TuincentrumEliassenAmmerzoden","https:\/\/www.instagram.com\/eliassenhomeandgarden\/","https:\/\/nl.pinterest.com\/eliassenhomeandgarden\/","https:\/\/www.youtube.com\/@eliassenhomegardenpleasure4558"]}]}},"df_price":39.5,"df_sale_price":"","df_regular_price":39.5,"df_image_link":"https:\/\/dev.eliassen.nl\/wp-content\/uploads\/2024\/01\/mc641131200x1231.jpg","image":"https:\/\/dev.eliassen.nl\/wp-content\/uploads\/2024\/01\/mc641131200x1231.jpg","price_search":"<span class=\"woocommerce-Price-amount amount\"><bdi><span class=\"woocommerce-Price-currencySymbol\">&euro;<\/span>&nbsp;39,50<\/bdi><\/span>","category":"Dekofiguren aus Metall","_links":{"self":[{"href":"https:\/\/dev.eliassen.nl\/de\/wp-json\/wp\/v2\/product\/77638","targetHints":{"allow":["GET"]}}],"collection":[{"href":"https:\/\/dev.eliassen.nl\/de\/wp-json\/wp\/v2\/product"}],"about":[{"href":"https:\/\/dev.eliassen.nl\/de\/wp-json\/wp\/v2\/types\/product"}],"wp:featuredmedia":[{"embeddable":true,"href":"https:\/\/dev.eliassen.nl\/de\/wp-json\/wp\/v2\/media\/77635"}],"wp:attachment":[{"href":"https:\/\/dev.eliassen.nl\/de\/wp-json\/wp\/v2\/media?parent=77638"}],"wp:term":[{"taxonomy":"product_brand","embeddable":true,"href":"https:\/\/dev.eliassen.nl\/de\/wp-json\/wp\/v2\/product_brand?post=77638"},{"taxonomy":"product_cat","embeddable":true,"href":"https:\/\/dev.eliassen.nl\/de\/wp-json\/wp\/v2\/product_cat?post=77638"},{"taxonomy":"product_tag","embeddable":true,"href":"https:\/\/dev.eliassen.nl\/de\/wp-json\/wp\/v2\/product_tag?post=77638"}],"curies":[{"name":"wp","href":"https:\/\/api.w.org\/{rel}","templated":true}]}}