{"id":77773,"date":"2022-11-17T12:23:12","date_gmt":"2022-11-17T11:23:12","guid":{"rendered":"https:\/\/www.eliassen.nl\/?product=copy-of-raamwerk-dia-40cm-4"},"modified":"2024-12-05T16:11:55","modified_gmt":"2024-12-05T15:11:55","slug":"wandpaneel-holz-um-lebensbaum-mit-grossen-blattern-40cm","status":"publish","type":"product","link":"https:\/\/dev.eliassen.nl\/de\/wandpaneel-holz-um-lebensbaum-mit-grossen-blattern-40cm\/","title":{"rendered":"Wandpaneel Holz um Lebensbaum mit gro\u00dfen Bl\u00e4ttern 40cm"},"content":{"rendered":"<p>Wundersch\u00f6nes Wandpaneel aus Holz, handgefertigt aus massivem Suar-Holz. Abgebildet ist ein wundersch\u00f6ner Lebensbaum mit gro\u00dfen Bl\u00e4ttern. In diese Holztafel wurden viele Stunden Schnitzarbeit investiert. Alles, was Sie sehen; Jede Locke, jedes Blatt und jeder Zweig, alles ist von Menschenhand gefertigt.<\/p>\n<p>Suarholz hat die Eigenschaft, kontrastierende Farben zu haben. Helles Holz kann direkt neben dunklem Holz liegen. Dass diese Farbunterschiede auch im Panel sichtbar sind, ist normal, kann aber leider nicht beanstandet werden.<\/p>\n<p>Das Symbol des Lebensbaums steht f\u00fcr Wachstum und pers\u00f6nliche Entwicklung, Gesundheit und Heilungskraft. Ihr Leben ist genau wie die Jahreszeiten, denen B\u00e4ume ausgesetzt sind. Es gibt Momente des Lebens wie im Fr\u00fchling, des Wachstums wie im Sommer und der heftigen Herbstst\u00fcrme und der Strapazen im Winter. Als Symbol ist dieser Lebensbaum ein wunderbares Geschenk f\u00fcr Ihre Liebsten oder Freunde.<\/p>\n<ul>\n<li>Gr\u00f6\u00dfe: 2 cm dick mit einem Durchmesser von 40 cm<\/li>\n<li>Material: massives Suar-Holz, leicht ge\u00f6lt<\/li>\n<li>Exklusiv<\/li>\n<li>Originale Holzschnitzereien<\/li>\n<li>Einfach an einem Nagel\/einer Schraube oder mit einer Schnur aufzuh\u00e4ngen<\/li>\n<li>Eigener Bestand<\/li>\n<li>Das Aufh\u00e4ngen im Freien ist erlaubt, allerdings wird das Holz dann grau und es k\u00f6nnen Risse entstehen.<\/li>\n<\/ul>\n","protected":false},"excerpt":{"rendered":"<p>Dieser Artikel kann Risse bekommen und eine gr\u00e4uliche Farbe annehmen, wenn er im Freien aufgestellt wird. Handgeschnitztes Holzwandpaneel 40 cm mit einem Lebensbaum<\/p>\n","protected":false},"featured_media":77767,"template":"","meta":{"_acf_changed":false},"product_brand":[],"product_cat":[509,527],"product_tag":[],"class_list":{"0":"post-77773","1":"product","2":"type-product","3":"status-publish","4":"has-post-thumbnail","6":"product_cat-wanddekoration","7":"product_cat-wandpaneele-aus-holz","9":"first","10":"instock","11":"taxable","12":"shipping-taxable","13":"purchasable","14":"product-type-simple"},"acf":[],"yoast_head":"<!-- This site is optimized with the Yoast SEO plugin v23.8 - https:\/\/yoast.com\/wordpress\/plugins\/seo\/ -->\n<title>Rahmen aus Holz, Durchmesser 40 cm, Baum des Lebens, Bl\u00e4tter<\/title>\n<meta name=\"description\" content=\"Wandpaneele aus Holz? Auch diese haben wir in gro\u00dfer Auswahl!! \u2705 Sehen Sie sich alles im Webshop an oder kommen Sie in unseren Laden! \u2705 Eigener Lagerbestand ...\" \/>\n<meta name=\"robots\" content=\"noindex, follow, max-snippet:-1, max-image-preview:large, max-video-preview:-1\" \/>\n<meta property=\"og:locale\" content=\"de_DE\" \/>\n<meta property=\"og:type\" content=\"article\" \/>\n<meta property=\"og:title\" content=\"Rahmen aus Holz, Durchmesser 40 cm, Baum des Lebens, Bl\u00e4tter\" \/>\n<meta property=\"og:description\" content=\"Wandpaneele aus Holz? Auch diese haben wir in gro\u00dfer Auswahl!! \u2705 Sehen Sie sich alles im Webshop an oder kommen Sie in unseren Laden! \u2705 Eigener Lagerbestand ...\" \/>\n<meta property=\"og:url\" content=\"https:\/\/dev.eliassen.nl\/de\/wandpaneel-holz-um-lebensbaum-mit-grossen-blattern-40cm\/\" \/>\n<meta property=\"og:site_name\" content=\"Eliassen.nl\" \/>\n<meta property=\"article:publisher\" content=\"https:\/\/www.facebook.com\/TuincentrumEliassenAmmerzoden\" \/>\n<meta property=\"article:modified_time\" content=\"2024-12-05T15:11:55+00:00\" \/>\n<meta property=\"og:image\" content=\"https:\/\/dev.eliassen.nl\/wp-content\/uploads\/2024\/01\/16687683002856708341589931150371.jpg\" \/>\n\t<meta property=\"og:image:width\" content=\"1536\" \/>\n\t<meta property=\"og:image:height\" content=\"1538\" \/>\n\t<meta property=\"og:image:type\" content=\"image\/jpeg\" \/>\n<meta name=\"twitter:card\" content=\"summary_large_image\" \/>\n<script type=\"application\/ld+json\" class=\"yoast-schema-graph\">{\"@context\":\"https:\/\/schema.org\",\"@graph\":[{\"@type\":\"WebPage\",\"@id\":\"https:\/\/dev.eliassen.nl\/de\/wandpaneel-holz-um-lebensbaum-mit-grossen-blattern-40cm\/\",\"url\":\"https:\/\/dev.eliassen.nl\/de\/wandpaneel-holz-um-lebensbaum-mit-grossen-blattern-40cm\/\",\"name\":\"Rahmen aus Holz, Durchmesser 40 cm, Baum des Lebens, Bl\u00e4tter\",\"isPartOf\":{\"@id\":\"https:\/\/dev.eliassen.nl\/de\/#website\"},\"primaryImageOfPage\":{\"@id\":\"https:\/\/dev.eliassen.nl\/de\/wandpaneel-holz-um-lebensbaum-mit-grossen-blattern-40cm\/#primaryimage\"},\"image\":{\"@id\":\"https:\/\/dev.eliassen.nl\/de\/wandpaneel-holz-um-lebensbaum-mit-grossen-blattern-40cm\/#primaryimage\"},\"thumbnailUrl\":\"https:\/\/dev.eliassen.nl\/wp-content\/uploads\/2024\/01\/16687683002856708341589931150371.jpg\",\"datePublished\":\"2022-11-17T11:23:12+00:00\",\"dateModified\":\"2024-12-05T15:11:55+00:00\",\"description\":\"Wandpaneele aus Holz? Auch diese haben wir in gro\u00dfer Auswahl!! \u2705 Sehen Sie sich alles im Webshop an oder kommen Sie in unseren Laden! \u2705 Eigener Lagerbestand ...\",\"breadcrumb\":{\"@id\":\"https:\/\/dev.eliassen.nl\/de\/wandpaneel-holz-um-lebensbaum-mit-grossen-blattern-40cm\/#breadcrumb\"},\"inLanguage\":\"de\",\"potentialAction\":[{\"@type\":\"ReadAction\",\"target\":[\"https:\/\/dev.eliassen.nl\/de\/wandpaneel-holz-um-lebensbaum-mit-grossen-blattern-40cm\/\"]}]},{\"@type\":\"ImageObject\",\"inLanguage\":\"de\",\"@id\":\"https:\/\/dev.eliassen.nl\/de\/wandpaneel-holz-um-lebensbaum-mit-grossen-blattern-40cm\/#primaryimage\",\"url\":\"https:\/\/dev.eliassen.nl\/wp-content\/uploads\/2024\/01\/16687683002856708341589931150371.jpg\",\"contentUrl\":\"https:\/\/dev.eliassen.nl\/wp-content\/uploads\/2024\/01\/16687683002856708341589931150371.jpg\",\"width\":1536,\"height\":1538,\"caption\":\"16687683002856708341589931150371\"},{\"@type\":\"BreadcrumbList\",\"@id\":\"https:\/\/dev.eliassen.nl\/de\/wandpaneel-holz-um-lebensbaum-mit-grossen-blattern-40cm\/#breadcrumb\",\"itemListElement\":[{\"@type\":\"ListItem\",\"position\":1,\"name\":\"Home\",\"item\":\"https:\/\/dev.eliassen.nl\/de\/\"},{\"@type\":\"ListItem\",\"position\":2,\"name\":\"Shop\",\"item\":\"https:\/\/dev.eliassen.nl\/nl\/winkel\/\"},{\"@type\":\"ListItem\",\"position\":3,\"name\":\"Wanddekoration\",\"item\":\"https:\/\/dev.eliassen.nl\/de\/wanddekoration\/\"},{\"@type\":\"ListItem\",\"position\":4,\"name\":\"Wandpaneele aus Holz\",\"item\":\"https:\/\/dev.eliassen.nl\/de\/wanddekoration\/wandpaneele-aus-holz\/\"},{\"@type\":\"ListItem\",\"position\":5,\"name\":\"Wandpaneel Holz um Lebensbaum mit gro\u00dfen Bl\u00e4ttern 40cm\"}]},{\"@type\":\"WebSite\",\"@id\":\"https:\/\/dev.eliassen.nl\/de\/#website\",\"url\":\"https:\/\/dev.eliassen.nl\/de\/\",\"name\":\"Eliassen Home & Garden Pleasure\",\"description\":\"\",\"publisher\":{\"@id\":\"https:\/\/dev.eliassen.nl\/de\/#organization\"},\"alternateName\":\"Eliassen.nl\",\"potentialAction\":[{\"@type\":\"SearchAction\",\"target\":{\"@type\":\"EntryPoint\",\"urlTemplate\":\"https:\/\/dev.eliassen.nl\/de\/?s={search_term_string}\"},\"query-input\":{\"@type\":\"PropertyValueSpecification\",\"valueRequired\":true,\"valueName\":\"search_term_string\"}}],\"inLanguage\":\"de\"},{\"@type\":\"Organization\",\"@id\":\"https:\/\/dev.eliassen.nl\/de\/#organization\",\"name\":\"Eliassen Home & Garden Pleasure\",\"url\":\"https:\/\/dev.eliassen.nl\/de\/\",\"logo\":{\"@type\":\"ImageObject\",\"inLanguage\":\"de\",\"@id\":\"https:\/\/dev.eliassen.nl\/de\/#\/schema\/logo\/image\/\",\"url\":\"https:\/\/www.eliassen.nl\/wp-content\/uploads\/2024\/01\/logo_4nd.jpg\",\"contentUrl\":\"https:\/\/www.eliassen.nl\/wp-content\/uploads\/2024\/01\/logo_4nd.jpg\",\"width\":500,\"height\":500,\"caption\":\"Eliassen Home & Garden Pleasure\"},\"image\":{\"@id\":\"https:\/\/dev.eliassen.nl\/de\/#\/schema\/logo\/image\/\"},\"sameAs\":[\"https:\/\/www.facebook.com\/TuincentrumEliassenAmmerzoden\",\"https:\/\/www.instagram.com\/eliassenhomeandgarden\/\",\"https:\/\/nl.pinterest.com\/eliassenhomeandgarden\/\",\"https:\/\/www.youtube.com\/@eliassenhomegardenpleasure4558\"]}]}<\/script>\n<!-- \/ Yoast SEO plugin. -->","yoast_head_json":{"title":"Rahmen aus Holz, Durchmesser 40 cm, Baum des Lebens, Bl\u00e4tter","description":"Wandpaneele aus Holz? Auch diese haben wir in gro\u00dfer Auswahl!! \u2705 Sehen Sie sich alles im Webshop an oder kommen Sie in unseren Laden! \u2705 Eigener Lagerbestand ...","robots":{"index":"noindex","follow":"follow","max-snippet":"max-snippet:-1","max-image-preview":"max-image-preview:large","max-video-preview":"max-video-preview:-1"},"og_locale":"de_DE","og_type":"article","og_title":"Rahmen aus Holz, Durchmesser 40 cm, Baum des Lebens, Bl\u00e4tter","og_description":"Wandpaneele aus Holz? Auch diese haben wir in gro\u00dfer Auswahl!! \u2705 Sehen Sie sich alles im Webshop an oder kommen Sie in unseren Laden! \u2705 Eigener Lagerbestand ...","og_url":"https:\/\/dev.eliassen.nl\/de\/wandpaneel-holz-um-lebensbaum-mit-grossen-blattern-40cm\/","og_site_name":"Eliassen.nl","article_publisher":"https:\/\/www.facebook.com\/TuincentrumEliassenAmmerzoden","article_modified_time":"2024-12-05T15:11:55+00:00","og_image":[{"width":1536,"height":1538,"url":"https:\/\/dev.eliassen.nl\/wp-content\/uploads\/2024\/01\/16687683002856708341589931150371.jpg","type":"image\/jpeg"}],"twitter_card":"summary_large_image","schema":{"@context":"https:\/\/schema.org","@graph":[{"@type":"WebPage","@id":"https:\/\/dev.eliassen.nl\/de\/wandpaneel-holz-um-lebensbaum-mit-grossen-blattern-40cm\/","url":"https:\/\/dev.eliassen.nl\/de\/wandpaneel-holz-um-lebensbaum-mit-grossen-blattern-40cm\/","name":"Rahmen aus Holz, Durchmesser 40 cm, Baum des Lebens, Bl\u00e4tter","isPartOf":{"@id":"https:\/\/dev.eliassen.nl\/de\/#website"},"primaryImageOfPage":{"@id":"https:\/\/dev.eliassen.nl\/de\/wandpaneel-holz-um-lebensbaum-mit-grossen-blattern-40cm\/#primaryimage"},"image":{"@id":"https:\/\/dev.eliassen.nl\/de\/wandpaneel-holz-um-lebensbaum-mit-grossen-blattern-40cm\/#primaryimage"},"thumbnailUrl":"https:\/\/dev.eliassen.nl\/wp-content\/uploads\/2024\/01\/16687683002856708341589931150371.jpg","datePublished":"2022-11-17T11:23:12+00:00","dateModified":"2024-12-05T15:11:55+00:00","description":"Wandpaneele aus Holz? Auch diese haben wir in gro\u00dfer Auswahl!! \u2705 Sehen Sie sich alles im Webshop an oder kommen Sie in unseren Laden! \u2705 Eigener Lagerbestand ...","breadcrumb":{"@id":"https:\/\/dev.eliassen.nl\/de\/wandpaneel-holz-um-lebensbaum-mit-grossen-blattern-40cm\/#breadcrumb"},"inLanguage":"de","potentialAction":[{"@type":"ReadAction","target":["https:\/\/dev.eliassen.nl\/de\/wandpaneel-holz-um-lebensbaum-mit-grossen-blattern-40cm\/"]}]},{"@type":"ImageObject","inLanguage":"de","@id":"https:\/\/dev.eliassen.nl\/de\/wandpaneel-holz-um-lebensbaum-mit-grossen-blattern-40cm\/#primaryimage","url":"https:\/\/dev.eliassen.nl\/wp-content\/uploads\/2024\/01\/16687683002856708341589931150371.jpg","contentUrl":"https:\/\/dev.eliassen.nl\/wp-content\/uploads\/2024\/01\/16687683002856708341589931150371.jpg","width":1536,"height":1538,"caption":"16687683002856708341589931150371"},{"@type":"BreadcrumbList","@id":"https:\/\/dev.eliassen.nl\/de\/wandpaneel-holz-um-lebensbaum-mit-grossen-blattern-40cm\/#breadcrumb","itemListElement":[{"@type":"ListItem","position":1,"name":"Home","item":"https:\/\/dev.eliassen.nl\/de\/"},{"@type":"ListItem","position":2,"name":"Shop","item":"https:\/\/dev.eliassen.nl\/nl\/winkel\/"},{"@type":"ListItem","position":3,"name":"Wanddekoration","item":"https:\/\/dev.eliassen.nl\/de\/wanddekoration\/"},{"@type":"ListItem","position":4,"name":"Wandpaneele aus Holz","item":"https:\/\/dev.eliassen.nl\/de\/wanddekoration\/wandpaneele-aus-holz\/"},{"@type":"ListItem","position":5,"name":"Wandpaneel Holz um Lebensbaum mit gro\u00dfen Bl\u00e4ttern 40cm"}]},{"@type":"WebSite","@id":"https:\/\/dev.eliassen.nl\/de\/#website","url":"https:\/\/dev.eliassen.nl\/de\/","name":"Eliassen Home & Garden Pleasure","description":"","publisher":{"@id":"https:\/\/dev.eliassen.nl\/de\/#organization"},"alternateName":"Eliassen.nl","potentialAction":[{"@type":"SearchAction","target":{"@type":"EntryPoint","urlTemplate":"https:\/\/dev.eliassen.nl\/de\/?s={search_term_string}"},"query-input":{"@type":"PropertyValueSpecification","valueRequired":true,"valueName":"search_term_string"}}],"inLanguage":"de"},{"@type":"Organization","@id":"https:\/\/dev.eliassen.nl\/de\/#organization","name":"Eliassen Home & Garden Pleasure","url":"https:\/\/dev.eliassen.nl\/de\/","logo":{"@type":"ImageObject","inLanguage":"de","@id":"https:\/\/dev.eliassen.nl\/de\/#\/schema\/logo\/image\/","url":"https:\/\/www.eliassen.nl\/wp-content\/uploads\/2024\/01\/logo_4nd.jpg","contentUrl":"https:\/\/www.eliassen.nl\/wp-content\/uploads\/2024\/01\/logo_4nd.jpg","width":500,"height":500,"caption":"Eliassen Home & Garden Pleasure"},"image":{"@id":"https:\/\/dev.eliassen.nl\/de\/#\/schema\/logo\/image\/"},"sameAs":["https:\/\/www.facebook.com\/TuincentrumEliassenAmmerzoden","https:\/\/www.instagram.com\/eliassenhomeandgarden\/","https:\/\/nl.pinterest.com\/eliassenhomeandgarden\/","https:\/\/www.youtube.com\/@eliassenhomegardenpleasure4558"]}]}},"df_price":69,"df_sale_price":"","df_regular_price":69,"df_image_link":"https:\/\/dev.eliassen.nl\/wp-content\/uploads\/2024\/01\/16687683002856708341589931150371.jpg","image":"https:\/\/dev.eliassen.nl\/wp-content\/uploads\/2024\/01\/16687683002856708341589931150371.jpg","price_search":"<span class=\"woocommerce-Price-amount amount\"><bdi><span class=\"woocommerce-Price-currencySymbol\">&euro;<\/span>&nbsp;69,00<\/bdi><\/span>","category":"Wanddekoration","_links":{"self":[{"href":"https:\/\/dev.eliassen.nl\/de\/wp-json\/wp\/v2\/product\/77773","targetHints":{"allow":["GET"]}}],"collection":[{"href":"https:\/\/dev.eliassen.nl\/de\/wp-json\/wp\/v2\/product"}],"about":[{"href":"https:\/\/dev.eliassen.nl\/de\/wp-json\/wp\/v2\/types\/product"}],"wp:featuredmedia":[{"embeddable":true,"href":"https:\/\/dev.eliassen.nl\/de\/wp-json\/wp\/v2\/media\/77767"}],"wp:attachment":[{"href":"https:\/\/dev.eliassen.nl\/de\/wp-json\/wp\/v2\/media?parent=77773"}],"wp:term":[{"taxonomy":"product_brand","embeddable":true,"href":"https:\/\/dev.eliassen.nl\/de\/wp-json\/wp\/v2\/product_brand?post=77773"},{"taxonomy":"product_cat","embeddable":true,"href":"https:\/\/dev.eliassen.nl\/de\/wp-json\/wp\/v2\/product_cat?post=77773"},{"taxonomy":"product_tag","embeddable":true,"href":"https:\/\/dev.eliassen.nl\/de\/wp-json\/wp\/v2\/product_tag?post=77773"}],"curies":[{"name":"wp","href":"https:\/\/api.w.org\/{rel}","templated":true}]}}