{"id":78199,"date":"2022-11-23T09:16:51","date_gmt":"2022-11-23T08:16:51","guid":{"rendered":"https:\/\/www.eliassen.nl\/?product=beeld-aluminium-duiker-achterover"},"modified":"2024-12-05T16:12:42","modified_gmt":"2024-12-05T15:12:42","slug":"bild-aluminium-taucher-liegend-160cm","status":"publish","type":"product","link":"https:\/\/dev.eliassen.nl\/de\/bild-aluminium-taucher-liegend-160cm\/","title":{"rendered":"Bild Aluminium Taucher liegend 160cm"},"content":{"rendered":"<p>Eine wundersch\u00f6ne Statue eines r\u00fcckw\u00e4rts springenden Tauchers aus Aluminium. Viele Stunden wurden aufgewendet, um dieses Bild aus verschiedenen Teilen zu einem vollst\u00e4ndigen Bild zu machen. Ein sch\u00f6nes Modell entlang eines gro\u00dfen Teiches oder Swimmingpools, aber auch in gro\u00dfen H\u00e4usern oder Firmen.<\/p>\n<p>Die etwas raue, kratzige Oberfl\u00e4che verleiht der Skulptur ein sch\u00f6nes Aussehen.<\/p>\n<ul>\n<li>Gr\u00f6\u00dfe: 156 x 80 x 160 cm<\/li>\n<li>Material: Aluminium<\/li>\n<li>Garantie: 3 Jahre<\/li>\n<li>Exklusives Modell<\/li>\n<\/ul>\n","protected":false},"excerpt":{"rendered":"<p>Gro\u00dfe Skulptur aus Aluminium, r\u00fcckw\u00e4rts tauchend 160 cm<\/p>\n","protected":false},"featured_media":78187,"template":"","meta":{"_acf_changed":false},"product_brand":[],"product_cat":[6999,659,662,7076],"product_tag":[],"class_list":{"0":"post-78199","1":"product","2":"type-product","3":"status-publish","4":"has-post-thumbnail","6":"product_cat-aluminiumstatuen","7":"product_cat-dekoration-aus-metall","8":"product_cat-gartenstatuen-aus-metall","9":"product_cat-statues-figures","11":"first","12":"instock","13":"taxable","14":"shipping-taxable","15":"purchasable","16":"product-type-simple"},"acf":[],"yoast_head":"<!-- This site is optimized with the Yoast SEO plugin v23.8 - https:\/\/yoast.com\/wordpress\/plugins\/seo\/ -->\n<title>Bild Aluminium Taucher liegend 160cm<\/title>\n<meta name=\"description\" content=\"Beelden ?? Bekijk onze enorme collectie online, of kom ze live bekijken !! Gratis parkeren\" \/>\n<meta name=\"robots\" content=\"noindex, follow, max-snippet:-1, max-image-preview:large, max-video-preview:-1\" \/>\n<meta property=\"og:locale\" content=\"de_DE\" \/>\n<meta property=\"og:type\" content=\"article\" \/>\n<meta property=\"og:title\" content=\"Bild Aluminium Taucher liegend 160cm\" \/>\n<meta property=\"og:description\" content=\"Beelden ?? Bekijk onze enorme collectie online, of kom ze live bekijken !! Gratis parkeren\" \/>\n<meta property=\"og:url\" content=\"https:\/\/dev.eliassen.nl\/de\/bild-aluminium-taucher-liegend-160cm\/\" \/>\n<meta property=\"og:site_name\" content=\"Eliassen.nl\" \/>\n<meta property=\"article:publisher\" content=\"https:\/\/www.facebook.com\/TuincentrumEliassenAmmerzoden\" \/>\n<meta property=\"article:modified_time\" content=\"2024-12-05T15:12:42+00:00\" \/>\n<meta property=\"og:image\" content=\"https:\/\/dev.eliassen.nl\/wp-content\/uploads\/2024\/01\/b7e3748a1f1a4b6ba5445e2820ae42c6.jpg\" \/>\n\t<meta property=\"og:image:width\" content=\"1536\" \/>\n\t<meta property=\"og:image:height\" content=\"2048\" \/>\n\t<meta property=\"og:image:type\" content=\"image\/jpeg\" \/>\n<meta name=\"twitter:card\" content=\"summary_large_image\" \/>\n<script type=\"application\/ld+json\" class=\"yoast-schema-graph\">{\"@context\":\"https:\/\/schema.org\",\"@graph\":[{\"@type\":\"WebPage\",\"@id\":\"https:\/\/dev.eliassen.nl\/de\/bild-aluminium-taucher-liegend-160cm\/\",\"url\":\"https:\/\/dev.eliassen.nl\/de\/bild-aluminium-taucher-liegend-160cm\/\",\"name\":\"Bild Aluminium Taucher liegend 160cm\",\"isPartOf\":{\"@id\":\"https:\/\/dev.eliassen.nl\/de\/#website\"},\"primaryImageOfPage\":{\"@id\":\"https:\/\/dev.eliassen.nl\/de\/bild-aluminium-taucher-liegend-160cm\/#primaryimage\"},\"image\":{\"@id\":\"https:\/\/dev.eliassen.nl\/de\/bild-aluminium-taucher-liegend-160cm\/#primaryimage\"},\"thumbnailUrl\":\"https:\/\/dev.eliassen.nl\/wp-content\/uploads\/2024\/01\/b7e3748a1f1a4b6ba5445e2820ae42c6.jpg\",\"datePublished\":\"2022-11-23T08:16:51+00:00\",\"dateModified\":\"2024-12-05T15:12:42+00:00\",\"description\":\"Beelden ?? Bekijk onze enorme collectie online, of kom ze live bekijken !! Gratis parkeren\",\"breadcrumb\":{\"@id\":\"https:\/\/dev.eliassen.nl\/de\/bild-aluminium-taucher-liegend-160cm\/#breadcrumb\"},\"inLanguage\":\"de\",\"potentialAction\":[{\"@type\":\"ReadAction\",\"target\":[\"https:\/\/dev.eliassen.nl\/de\/bild-aluminium-taucher-liegend-160cm\/\"]}]},{\"@type\":\"ImageObject\",\"inLanguage\":\"de\",\"@id\":\"https:\/\/dev.eliassen.nl\/de\/bild-aluminium-taucher-liegend-160cm\/#primaryimage\",\"url\":\"https:\/\/dev.eliassen.nl\/wp-content\/uploads\/2024\/01\/b7e3748a1f1a4b6ba5445e2820ae42c6.jpg\",\"contentUrl\":\"https:\/\/dev.eliassen.nl\/wp-content\/uploads\/2024\/01\/b7e3748a1f1a4b6ba5445e2820ae42c6.jpg\",\"width\":1536,\"height\":2048,\"caption\":\"b7e3748a-1f1a-4b6b-a544-5e2820ae42c6\"},{\"@type\":\"BreadcrumbList\",\"@id\":\"https:\/\/dev.eliassen.nl\/de\/bild-aluminium-taucher-liegend-160cm\/#breadcrumb\",\"itemListElement\":[{\"@type\":\"ListItem\",\"position\":1,\"name\":\"Home\",\"item\":\"https:\/\/dev.eliassen.nl\/de\/\"},{\"@type\":\"ListItem\",\"position\":2,\"name\":\"Shop\",\"item\":\"https:\/\/dev.eliassen.nl\/nl\/winkel\/\"},{\"@type\":\"ListItem\",\"position\":3,\"name\":\"Statuen-Skulpturen\",\"item\":\"https:\/\/dev.eliassen.nl\/de\/statuen-skulpturen\/\"},{\"@type\":\"ListItem\",\"position\":4,\"name\":\"Aluminiumstatuen\",\"item\":\"https:\/\/dev.eliassen.nl\/de\/bilder\/aluminiumstatuen\/\"},{\"@type\":\"ListItem\",\"position\":5,\"name\":\"Bild Aluminium Taucher liegend 160cm\"}]},{\"@type\":\"WebSite\",\"@id\":\"https:\/\/dev.eliassen.nl\/de\/#website\",\"url\":\"https:\/\/dev.eliassen.nl\/de\/\",\"name\":\"Eliassen Home & Garden Pleasure\",\"description\":\"\",\"publisher\":{\"@id\":\"https:\/\/dev.eliassen.nl\/de\/#organization\"},\"alternateName\":\"Eliassen.nl\",\"potentialAction\":[{\"@type\":\"SearchAction\",\"target\":{\"@type\":\"EntryPoint\",\"urlTemplate\":\"https:\/\/dev.eliassen.nl\/de\/?s={search_term_string}\"},\"query-input\":{\"@type\":\"PropertyValueSpecification\",\"valueRequired\":true,\"valueName\":\"search_term_string\"}}],\"inLanguage\":\"de\"},{\"@type\":\"Organization\",\"@id\":\"https:\/\/dev.eliassen.nl\/de\/#organization\",\"name\":\"Eliassen Home & Garden Pleasure\",\"url\":\"https:\/\/dev.eliassen.nl\/de\/\",\"logo\":{\"@type\":\"ImageObject\",\"inLanguage\":\"de\",\"@id\":\"https:\/\/dev.eliassen.nl\/de\/#\/schema\/logo\/image\/\",\"url\":\"https:\/\/www.eliassen.nl\/wp-content\/uploads\/2024\/01\/logo_4nd.jpg\",\"contentUrl\":\"https:\/\/www.eliassen.nl\/wp-content\/uploads\/2024\/01\/logo_4nd.jpg\",\"width\":500,\"height\":500,\"caption\":\"Eliassen Home & Garden Pleasure\"},\"image\":{\"@id\":\"https:\/\/dev.eliassen.nl\/de\/#\/schema\/logo\/image\/\"},\"sameAs\":[\"https:\/\/www.facebook.com\/TuincentrumEliassenAmmerzoden\",\"https:\/\/www.instagram.com\/eliassenhomeandgarden\/\",\"https:\/\/nl.pinterest.com\/eliassenhomeandgarden\/\",\"https:\/\/www.youtube.com\/@eliassenhomegardenpleasure4558\"]}]}<\/script>\n<!-- \/ Yoast SEO plugin. -->","yoast_head_json":{"title":"Bild Aluminium Taucher liegend 160cm","description":"Beelden ?? Bekijk onze enorme collectie online, of kom ze live bekijken !! Gratis parkeren","robots":{"index":"noindex","follow":"follow","max-snippet":"max-snippet:-1","max-image-preview":"max-image-preview:large","max-video-preview":"max-video-preview:-1"},"og_locale":"de_DE","og_type":"article","og_title":"Bild Aluminium Taucher liegend 160cm","og_description":"Beelden ?? Bekijk onze enorme collectie online, of kom ze live bekijken !! Gratis parkeren","og_url":"https:\/\/dev.eliassen.nl\/de\/bild-aluminium-taucher-liegend-160cm\/","og_site_name":"Eliassen.nl","article_publisher":"https:\/\/www.facebook.com\/TuincentrumEliassenAmmerzoden","article_modified_time":"2024-12-05T15:12:42+00:00","og_image":[{"width":1536,"height":2048,"url":"https:\/\/dev.eliassen.nl\/wp-content\/uploads\/2024\/01\/b7e3748a1f1a4b6ba5445e2820ae42c6.jpg","type":"image\/jpeg"}],"twitter_card":"summary_large_image","schema":{"@context":"https:\/\/schema.org","@graph":[{"@type":"WebPage","@id":"https:\/\/dev.eliassen.nl\/de\/bild-aluminium-taucher-liegend-160cm\/","url":"https:\/\/dev.eliassen.nl\/de\/bild-aluminium-taucher-liegend-160cm\/","name":"Bild Aluminium Taucher liegend 160cm","isPartOf":{"@id":"https:\/\/dev.eliassen.nl\/de\/#website"},"primaryImageOfPage":{"@id":"https:\/\/dev.eliassen.nl\/de\/bild-aluminium-taucher-liegend-160cm\/#primaryimage"},"image":{"@id":"https:\/\/dev.eliassen.nl\/de\/bild-aluminium-taucher-liegend-160cm\/#primaryimage"},"thumbnailUrl":"https:\/\/dev.eliassen.nl\/wp-content\/uploads\/2024\/01\/b7e3748a1f1a4b6ba5445e2820ae42c6.jpg","datePublished":"2022-11-23T08:16:51+00:00","dateModified":"2024-12-05T15:12:42+00:00","description":"Beelden ?? Bekijk onze enorme collectie online, of kom ze live bekijken !! Gratis parkeren","breadcrumb":{"@id":"https:\/\/dev.eliassen.nl\/de\/bild-aluminium-taucher-liegend-160cm\/#breadcrumb"},"inLanguage":"de","potentialAction":[{"@type":"ReadAction","target":["https:\/\/dev.eliassen.nl\/de\/bild-aluminium-taucher-liegend-160cm\/"]}]},{"@type":"ImageObject","inLanguage":"de","@id":"https:\/\/dev.eliassen.nl\/de\/bild-aluminium-taucher-liegend-160cm\/#primaryimage","url":"https:\/\/dev.eliassen.nl\/wp-content\/uploads\/2024\/01\/b7e3748a1f1a4b6ba5445e2820ae42c6.jpg","contentUrl":"https:\/\/dev.eliassen.nl\/wp-content\/uploads\/2024\/01\/b7e3748a1f1a4b6ba5445e2820ae42c6.jpg","width":1536,"height":2048,"caption":"b7e3748a-1f1a-4b6b-a544-5e2820ae42c6"},{"@type":"BreadcrumbList","@id":"https:\/\/dev.eliassen.nl\/de\/bild-aluminium-taucher-liegend-160cm\/#breadcrumb","itemListElement":[{"@type":"ListItem","position":1,"name":"Home","item":"https:\/\/dev.eliassen.nl\/de\/"},{"@type":"ListItem","position":2,"name":"Shop","item":"https:\/\/dev.eliassen.nl\/nl\/winkel\/"},{"@type":"ListItem","position":3,"name":"Statuen-Skulpturen","item":"https:\/\/dev.eliassen.nl\/de\/statuen-skulpturen\/"},{"@type":"ListItem","position":4,"name":"Aluminiumstatuen","item":"https:\/\/dev.eliassen.nl\/de\/bilder\/aluminiumstatuen\/"},{"@type":"ListItem","position":5,"name":"Bild Aluminium Taucher liegend 160cm"}]},{"@type":"WebSite","@id":"https:\/\/dev.eliassen.nl\/de\/#website","url":"https:\/\/dev.eliassen.nl\/de\/","name":"Eliassen Home & Garden Pleasure","description":"","publisher":{"@id":"https:\/\/dev.eliassen.nl\/de\/#organization"},"alternateName":"Eliassen.nl","potentialAction":[{"@type":"SearchAction","target":{"@type":"EntryPoint","urlTemplate":"https:\/\/dev.eliassen.nl\/de\/?s={search_term_string}"},"query-input":{"@type":"PropertyValueSpecification","valueRequired":true,"valueName":"search_term_string"}}],"inLanguage":"de"},{"@type":"Organization","@id":"https:\/\/dev.eliassen.nl\/de\/#organization","name":"Eliassen Home & Garden Pleasure","url":"https:\/\/dev.eliassen.nl\/de\/","logo":{"@type":"ImageObject","inLanguage":"de","@id":"https:\/\/dev.eliassen.nl\/de\/#\/schema\/logo\/image\/","url":"https:\/\/www.eliassen.nl\/wp-content\/uploads\/2024\/01\/logo_4nd.jpg","contentUrl":"https:\/\/www.eliassen.nl\/wp-content\/uploads\/2024\/01\/logo_4nd.jpg","width":500,"height":500,"caption":"Eliassen Home & Garden Pleasure"},"image":{"@id":"https:\/\/dev.eliassen.nl\/de\/#\/schema\/logo\/image\/"},"sameAs":["https:\/\/www.facebook.com\/TuincentrumEliassenAmmerzoden","https:\/\/www.instagram.com\/eliassenhomeandgarden\/","https:\/\/nl.pinterest.com\/eliassenhomeandgarden\/","https:\/\/www.youtube.com\/@eliassenhomegardenpleasure4558"]}]}},"df_price":2750,"df_sale_price":"","df_regular_price":2750,"df_image_link":"https:\/\/dev.eliassen.nl\/wp-content\/uploads\/2024\/01\/b7e3748a1f1a4b6ba5445e2820ae42c6.jpg","image":"https:\/\/dev.eliassen.nl\/wp-content\/uploads\/2024\/01\/b7e3748a1f1a4b6ba5445e2820ae42c6.jpg","price_search":"<span class=\"woocommerce-Price-amount amount\"><bdi><span class=\"woocommerce-Price-currencySymbol\">&euro;<\/span>&nbsp;2.750,00<\/bdi><\/span>","category":"Aluminiumstatuen","_links":{"self":[{"href":"https:\/\/dev.eliassen.nl\/de\/wp-json\/wp\/v2\/product\/78199","targetHints":{"allow":["GET"]}}],"collection":[{"href":"https:\/\/dev.eliassen.nl\/de\/wp-json\/wp\/v2\/product"}],"about":[{"href":"https:\/\/dev.eliassen.nl\/de\/wp-json\/wp\/v2\/types\/product"}],"wp:featuredmedia":[{"embeddable":true,"href":"https:\/\/dev.eliassen.nl\/de\/wp-json\/wp\/v2\/media\/78187"}],"wp:attachment":[{"href":"https:\/\/dev.eliassen.nl\/de\/wp-json\/wp\/v2\/media?parent=78199"}],"wp:term":[{"taxonomy":"product_brand","embeddable":true,"href":"https:\/\/dev.eliassen.nl\/de\/wp-json\/wp\/v2\/product_brand?post=78199"},{"taxonomy":"product_cat","embeddable":true,"href":"https:\/\/dev.eliassen.nl\/de\/wp-json\/wp\/v2\/product_cat?post=78199"},{"taxonomy":"product_tag","embeddable":true,"href":"https:\/\/dev.eliassen.nl\/de\/wp-json\/wp\/v2\/product_tag?post=78199"}],"curies":[{"name":"wp","href":"https:\/\/api.w.org\/{rel}","templated":true}]}}