{"id":78253,"date":"2022-11-23T09:25:07","date_gmt":"2022-11-23T08:25:07","guid":{"rendered":"https:\/\/www.eliassen.nl\/?product=nestkast-boswezen-handgesneden"},"modified":"2024-12-05T16:12:46","modified_gmt":"2024-12-05T15:12:46","slug":"nistkasten-boswezen-handgeschnitzt-22cm","status":"publish","type":"product","link":"https:\/\/dev.eliassen.nl\/de\/nistkasten-boswezen-handgeschnitzt-22cm\/","title":{"rendered":"Nistkasten Boswezen handgeschnitzt 22cm"},"content":{"rendered":"<p>ca.21x22cm<\/p>\n<p>Magst du handgefertigte Produkte? Dann wird Ihnen dieser handgeschnitzte Nistkasten bestimmt gefallen.<\/p>\n<p>Dieser Nistkasten ist aus einem einzigen St\u00fcck Stamm gefertigt, handgeschnitzt und ein wundersch\u00f6n gestaltetes Waldgesch\u00f6pf mit Liebe zum kleinsten Detail. Dieses Vogelhaus wird eine attraktive Erg\u00e4nzung f\u00fcr jeden Garten sein.<\/p>\n<p>Sie sollten damit rechnen, dass diese Holzschnitzerei au\u00dfen grau wird und manchmal Risse entstehen k\u00f6nnen, da Holz sowohl in nassen als auch in trockenen Perioden funktioniert. Durch Beizen k\u00f6nnen Sie die Vergrauung verlangsamen.<\/p>\n<p>Diese Statue besteht aus Suar-Holz, das gro\u00dfe Farbunterschiede aufweist. Das ist normal und kann nicht beanstandet werden.<\/p>\n<ul>\n<li>Echte authentische Holzschnitzerei<\/li>\n<li>Gr\u00f6\u00dfe: ca. 21x22cm hoch<\/li>\n<li>Material: Suar-Holz<\/li>\n<li>Eigener Bestand<\/li>\n<li>Kann auch live in unserem Laden angeschaut werden<\/li>\n<\/ul>\n","protected":false},"excerpt":{"rendered":"<p>Dieser Artikel kann Risse bekommen und eine gr\u00e4uliche Farbe annehmen, wenn er im Freien aufgestellt wird. Holzschnitzerei aus Baumstamm mit Gesicht eines Waldbewohners, 22 cm<\/p>\n","protected":false},"featured_media":78241,"template":"","meta":{"_acf_changed":false},"product_brand":[],"product_cat":[1367,7076,7239],"product_tag":[],"class_list":{"0":"post-78253","1":"product","2":"type-product","3":"status-publish","4":"has-post-thumbnail","6":"product_cat-holzstatuen","7":"product_cat-statues-figures","8":"product_cat-statuen-skulpturen","10":"first","11":"instock","12":"taxable","13":"shipping-taxable","14":"purchasable","15":"product-type-simple"},"acf":[],"yoast_head":"<!-- This site is optimized with the Yoast SEO plugin v23.8 - https:\/\/yoast.com\/wordpress\/plugins\/seo\/ -->\n<title>Nistkasten Boswezen handgeschnitzt<\/title>\n<meta name=\"description\" content=\"Bilder und Objekte aus Holz schnitzen? Sehen Sie sich alles in unserem Webshop an oder kommen Sie vorbei und sehen Sie sich alle live in unserem Laden an!! \u2705...\" \/>\n<meta name=\"robots\" content=\"noindex, follow, max-snippet:-1, max-image-preview:large, max-video-preview:-1\" \/>\n<meta property=\"og:locale\" content=\"de_DE\" \/>\n<meta property=\"og:type\" content=\"article\" \/>\n<meta property=\"og:title\" content=\"Nistkasten Boswezen handgeschnitzt\" \/>\n<meta property=\"og:description\" content=\"Bilder und Objekte aus Holz schnitzen? Sehen Sie sich alles in unserem Webshop an oder kommen Sie vorbei und sehen Sie sich alle live in unserem Laden an!! \u2705...\" \/>\n<meta property=\"og:url\" content=\"https:\/\/dev.eliassen.nl\/de\/nistkasten-boswezen-handgeschnitzt-22cm\/\" \/>\n<meta property=\"og:site_name\" content=\"Eliassen.nl\" \/>\n<meta property=\"article:publisher\" content=\"https:\/\/www.facebook.com\/TuincentrumEliassenAmmerzoden\" \/>\n<meta property=\"article:modified_time\" content=\"2024-12-05T15:12:46+00:00\" \/>\n<meta property=\"og:image\" content=\"https:\/\/dev.eliassen.nl\/wp-content\/uploads\/2024\/01\/nestkastboswezenhandgesnedeneliassennl.png\" \/>\n\t<meta property=\"og:image:width\" content=\"768\" \/>\n\t<meta property=\"og:image:height\" content=\"1024\" \/>\n\t<meta property=\"og:image:type\" content=\"image\/png\" \/>\n<meta name=\"twitter:card\" content=\"summary_large_image\" \/>\n<script type=\"application\/ld+json\" class=\"yoast-schema-graph\">{\"@context\":\"https:\/\/schema.org\",\"@graph\":[{\"@type\":\"WebPage\",\"@id\":\"https:\/\/dev.eliassen.nl\/de\/nistkasten-boswezen-handgeschnitzt-22cm\/\",\"url\":\"https:\/\/dev.eliassen.nl\/de\/nistkasten-boswezen-handgeschnitzt-22cm\/\",\"name\":\"Nistkasten Boswezen handgeschnitzt\",\"isPartOf\":{\"@id\":\"https:\/\/dev.eliassen.nl\/de\/#website\"},\"primaryImageOfPage\":{\"@id\":\"https:\/\/dev.eliassen.nl\/de\/nistkasten-boswezen-handgeschnitzt-22cm\/#primaryimage\"},\"image\":{\"@id\":\"https:\/\/dev.eliassen.nl\/de\/nistkasten-boswezen-handgeschnitzt-22cm\/#primaryimage\"},\"thumbnailUrl\":\"https:\/\/dev.eliassen.nl\/wp-content\/uploads\/2024\/01\/nestkastboswezenhandgesnedeneliassennl.png\",\"datePublished\":\"2022-11-23T08:25:07+00:00\",\"dateModified\":\"2024-12-05T15:12:46+00:00\",\"description\":\"Bilder und Objekte aus Holz schnitzen? Sehen Sie sich alles in unserem Webshop an oder kommen Sie vorbei und sehen Sie sich alle live in unserem Laden an!! \u2705...\",\"breadcrumb\":{\"@id\":\"https:\/\/dev.eliassen.nl\/de\/nistkasten-boswezen-handgeschnitzt-22cm\/#breadcrumb\"},\"inLanguage\":\"de\",\"potentialAction\":[{\"@type\":\"ReadAction\",\"target\":[\"https:\/\/dev.eliassen.nl\/de\/nistkasten-boswezen-handgeschnitzt-22cm\/\"]}]},{\"@type\":\"ImageObject\",\"inLanguage\":\"de\",\"@id\":\"https:\/\/dev.eliassen.nl\/de\/nistkasten-boswezen-handgeschnitzt-22cm\/#primaryimage\",\"url\":\"https:\/\/dev.eliassen.nl\/wp-content\/uploads\/2024\/01\/nestkastboswezenhandgesnedeneliassennl.png\",\"contentUrl\":\"https:\/\/dev.eliassen.nl\/wp-content\/uploads\/2024\/01\/nestkastboswezenhandgesnedeneliassennl.png\",\"width\":1536,\"height\":2048,\"caption\":\"Nestkast Boswezen handgesneden - eliassen.nl\"},{\"@type\":\"BreadcrumbList\",\"@id\":\"https:\/\/dev.eliassen.nl\/de\/nistkasten-boswezen-handgeschnitzt-22cm\/#breadcrumb\",\"itemListElement\":[{\"@type\":\"ListItem\",\"position\":1,\"name\":\"Home\",\"item\":\"https:\/\/dev.eliassen.nl\/de\/\"},{\"@type\":\"ListItem\",\"position\":2,\"name\":\"Shop\",\"item\":\"https:\/\/dev.eliassen.nl\/nl\/winkel\/\"},{\"@type\":\"ListItem\",\"position\":3,\"name\":\"Statuen-Skulpturen\",\"item\":\"https:\/\/dev.eliassen.nl\/de\/statuen-skulpturen\/\"},{\"@type\":\"ListItem\",\"position\":4,\"name\":\"Holzstatuen\",\"item\":\"https:\/\/dev.eliassen.nl\/de\/bilder\/holzstatuen\/\"},{\"@type\":\"ListItem\",\"position\":5,\"name\":\"Nistkasten Boswezen handgeschnitzt 22cm\"}]},{\"@type\":\"WebSite\",\"@id\":\"https:\/\/dev.eliassen.nl\/de\/#website\",\"url\":\"https:\/\/dev.eliassen.nl\/de\/\",\"name\":\"Eliassen Home & Garden Pleasure\",\"description\":\"\",\"publisher\":{\"@id\":\"https:\/\/dev.eliassen.nl\/de\/#organization\"},\"alternateName\":\"Eliassen.nl\",\"potentialAction\":[{\"@type\":\"SearchAction\",\"target\":{\"@type\":\"EntryPoint\",\"urlTemplate\":\"https:\/\/dev.eliassen.nl\/de\/?s={search_term_string}\"},\"query-input\":{\"@type\":\"PropertyValueSpecification\",\"valueRequired\":true,\"valueName\":\"search_term_string\"}}],\"inLanguage\":\"de\"},{\"@type\":\"Organization\",\"@id\":\"https:\/\/dev.eliassen.nl\/de\/#organization\",\"name\":\"Eliassen Home & Garden Pleasure\",\"url\":\"https:\/\/dev.eliassen.nl\/de\/\",\"logo\":{\"@type\":\"ImageObject\",\"inLanguage\":\"de\",\"@id\":\"https:\/\/dev.eliassen.nl\/de\/#\/schema\/logo\/image\/\",\"url\":\"https:\/\/www.eliassen.nl\/wp-content\/uploads\/2024\/01\/logo_4nd.jpg\",\"contentUrl\":\"https:\/\/www.eliassen.nl\/wp-content\/uploads\/2024\/01\/logo_4nd.jpg\",\"width\":500,\"height\":500,\"caption\":\"Eliassen Home & Garden Pleasure\"},\"image\":{\"@id\":\"https:\/\/dev.eliassen.nl\/de\/#\/schema\/logo\/image\/\"},\"sameAs\":[\"https:\/\/www.facebook.com\/TuincentrumEliassenAmmerzoden\",\"https:\/\/www.instagram.com\/eliassenhomeandgarden\/\",\"https:\/\/nl.pinterest.com\/eliassenhomeandgarden\/\",\"https:\/\/www.youtube.com\/@eliassenhomegardenpleasure4558\"]}]}<\/script>\n<!-- \/ Yoast SEO plugin. -->","yoast_head_json":{"title":"Nistkasten Boswezen handgeschnitzt","description":"Bilder und Objekte aus Holz schnitzen? Sehen Sie sich alles in unserem Webshop an oder kommen Sie vorbei und sehen Sie sich alle live in unserem Laden an!! \u2705...","robots":{"index":"noindex","follow":"follow","max-snippet":"max-snippet:-1","max-image-preview":"max-image-preview:large","max-video-preview":"max-video-preview:-1"},"og_locale":"de_DE","og_type":"article","og_title":"Nistkasten Boswezen handgeschnitzt","og_description":"Bilder und Objekte aus Holz schnitzen? Sehen Sie sich alles in unserem Webshop an oder kommen Sie vorbei und sehen Sie sich alle live in unserem Laden an!! \u2705...","og_url":"https:\/\/dev.eliassen.nl\/de\/nistkasten-boswezen-handgeschnitzt-22cm\/","og_site_name":"Eliassen.nl","article_publisher":"https:\/\/www.facebook.com\/TuincentrumEliassenAmmerzoden","article_modified_time":"2024-12-05T15:12:46+00:00","og_image":[{"url":"https:\/\/dev.eliassen.nl\/wp-content\/uploads\/2024\/01\/nestkastboswezenhandgesnedeneliassennl.png","width":768,"height":1024,"type":"image\/png"}],"twitter_card":"summary_large_image","schema":{"@context":"https:\/\/schema.org","@graph":[{"@type":"WebPage","@id":"https:\/\/dev.eliassen.nl\/de\/nistkasten-boswezen-handgeschnitzt-22cm\/","url":"https:\/\/dev.eliassen.nl\/de\/nistkasten-boswezen-handgeschnitzt-22cm\/","name":"Nistkasten Boswezen handgeschnitzt","isPartOf":{"@id":"https:\/\/dev.eliassen.nl\/de\/#website"},"primaryImageOfPage":{"@id":"https:\/\/dev.eliassen.nl\/de\/nistkasten-boswezen-handgeschnitzt-22cm\/#primaryimage"},"image":{"@id":"https:\/\/dev.eliassen.nl\/de\/nistkasten-boswezen-handgeschnitzt-22cm\/#primaryimage"},"thumbnailUrl":"https:\/\/dev.eliassen.nl\/wp-content\/uploads\/2024\/01\/nestkastboswezenhandgesnedeneliassennl.png","datePublished":"2022-11-23T08:25:07+00:00","dateModified":"2024-12-05T15:12:46+00:00","description":"Bilder und Objekte aus Holz schnitzen? Sehen Sie sich alles in unserem Webshop an oder kommen Sie vorbei und sehen Sie sich alle live in unserem Laden an!! \u2705...","breadcrumb":{"@id":"https:\/\/dev.eliassen.nl\/de\/nistkasten-boswezen-handgeschnitzt-22cm\/#breadcrumb"},"inLanguage":"de","potentialAction":[{"@type":"ReadAction","target":["https:\/\/dev.eliassen.nl\/de\/nistkasten-boswezen-handgeschnitzt-22cm\/"]}]},{"@type":"ImageObject","inLanguage":"de","@id":"https:\/\/dev.eliassen.nl\/de\/nistkasten-boswezen-handgeschnitzt-22cm\/#primaryimage","url":"https:\/\/dev.eliassen.nl\/wp-content\/uploads\/2024\/01\/nestkastboswezenhandgesnedeneliassennl.png","contentUrl":"https:\/\/dev.eliassen.nl\/wp-content\/uploads\/2024\/01\/nestkastboswezenhandgesnedeneliassennl.png","width":1536,"height":2048,"caption":"Nestkast Boswezen handgesneden - eliassen.nl"},{"@type":"BreadcrumbList","@id":"https:\/\/dev.eliassen.nl\/de\/nistkasten-boswezen-handgeschnitzt-22cm\/#breadcrumb","itemListElement":[{"@type":"ListItem","position":1,"name":"Home","item":"https:\/\/dev.eliassen.nl\/de\/"},{"@type":"ListItem","position":2,"name":"Shop","item":"https:\/\/dev.eliassen.nl\/nl\/winkel\/"},{"@type":"ListItem","position":3,"name":"Statuen-Skulpturen","item":"https:\/\/dev.eliassen.nl\/de\/statuen-skulpturen\/"},{"@type":"ListItem","position":4,"name":"Holzstatuen","item":"https:\/\/dev.eliassen.nl\/de\/bilder\/holzstatuen\/"},{"@type":"ListItem","position":5,"name":"Nistkasten Boswezen handgeschnitzt 22cm"}]},{"@type":"WebSite","@id":"https:\/\/dev.eliassen.nl\/de\/#website","url":"https:\/\/dev.eliassen.nl\/de\/","name":"Eliassen Home & Garden Pleasure","description":"","publisher":{"@id":"https:\/\/dev.eliassen.nl\/de\/#organization"},"alternateName":"Eliassen.nl","potentialAction":[{"@type":"SearchAction","target":{"@type":"EntryPoint","urlTemplate":"https:\/\/dev.eliassen.nl\/de\/?s={search_term_string}"},"query-input":{"@type":"PropertyValueSpecification","valueRequired":true,"valueName":"search_term_string"}}],"inLanguage":"de"},{"@type":"Organization","@id":"https:\/\/dev.eliassen.nl\/de\/#organization","name":"Eliassen Home & Garden Pleasure","url":"https:\/\/dev.eliassen.nl\/de\/","logo":{"@type":"ImageObject","inLanguage":"de","@id":"https:\/\/dev.eliassen.nl\/de\/#\/schema\/logo\/image\/","url":"https:\/\/www.eliassen.nl\/wp-content\/uploads\/2024\/01\/logo_4nd.jpg","contentUrl":"https:\/\/www.eliassen.nl\/wp-content\/uploads\/2024\/01\/logo_4nd.jpg","width":500,"height":500,"caption":"Eliassen Home & Garden Pleasure"},"image":{"@id":"https:\/\/dev.eliassen.nl\/de\/#\/schema\/logo\/image\/"},"sameAs":["https:\/\/www.facebook.com\/TuincentrumEliassenAmmerzoden","https:\/\/www.instagram.com\/eliassenhomeandgarden\/","https:\/\/nl.pinterest.com\/eliassenhomeandgarden\/","https:\/\/www.youtube.com\/@eliassenhomegardenpleasure4558"]}]}},"df_price":35,"df_sale_price":"","df_regular_price":35,"df_image_link":"https:\/\/dev.eliassen.nl\/wp-content\/uploads\/2024\/01\/nestkastboswezenhandgesnedeneliassennl.png","image":"https:\/\/dev.eliassen.nl\/wp-content\/uploads\/2024\/01\/nestkastboswezenhandgesnedeneliassennl.png","price_search":"<span class=\"woocommerce-Price-amount amount\"><bdi><span class=\"woocommerce-Price-currencySymbol\">&euro;<\/span>&nbsp;35,00<\/bdi><\/span>","category":"Holzstatuen","_links":{"self":[{"href":"https:\/\/dev.eliassen.nl\/de\/wp-json\/wp\/v2\/product\/78253","targetHints":{"allow":["GET"]}}],"collection":[{"href":"https:\/\/dev.eliassen.nl\/de\/wp-json\/wp\/v2\/product"}],"about":[{"href":"https:\/\/dev.eliassen.nl\/de\/wp-json\/wp\/v2\/types\/product"}],"wp:featuredmedia":[{"embeddable":true,"href":"https:\/\/dev.eliassen.nl\/de\/wp-json\/wp\/v2\/media\/78241"}],"wp:attachment":[{"href":"https:\/\/dev.eliassen.nl\/de\/wp-json\/wp\/v2\/media?parent=78253"}],"wp:term":[{"taxonomy":"product_brand","embeddable":true,"href":"https:\/\/dev.eliassen.nl\/de\/wp-json\/wp\/v2\/product_brand?post=78253"},{"taxonomy":"product_cat","embeddable":true,"href":"https:\/\/dev.eliassen.nl\/de\/wp-json\/wp\/v2\/product_cat?post=78253"},{"taxonomy":"product_tag","embeddable":true,"href":"https:\/\/dev.eliassen.nl\/de\/wp-json\/wp\/v2\/product_tag?post=78253"}],"curies":[{"name":"wp","href":"https:\/\/api.w.org\/{rel}","templated":true}]}}