{"id":78286,"date":"2022-11-23T09:29:00","date_gmt":"2022-11-23T08:29:00","guid":{"rendered":"https:\/\/www.eliassen.nl\/?product=houten-boeddhabeeld-met-ketting-80cm"},"modified":"2024-12-05T16:12:50","modified_gmt":"2024-12-05T15:12:50","slug":"buddha-statue-aus-holz-mit-kette-80-cm","status":"publish","type":"product","link":"https:\/\/dev.eliassen.nl\/de\/buddha-statue-aus-holz-mit-kette-80-cm\/","title":{"rendered":"Buddha-Statue aus Holz mit Kette, 80 cm"},"content":{"rendered":"<p>Magst du handgefertigte Produkte? Dann wird Ihnen dieser handgeschnitzte Buddha mit Halskette oder Gebetskette bestimmt gefallen.<\/p>\n<p>Diese Holzstatue eines Buddhas mit einer Mala, die um Gl\u00fcck betet, ist wundersch\u00f6n gestaltet und bis ins kleinste Detail wurde darauf geachtet. Dieses dekorative St\u00fcck wird eine attraktive Erg\u00e4nzung f\u00fcr jedes Haus und jeden Garten sein.<\/p>\n<p>Sie sollten damit rechnen, dass diese Holzschnitzerei au\u00dfen grau wird und manchmal Risse entstehen k\u00f6nnen, da Holz sowohl in nassen als auch in trockenen Perioden funktioniert. Durch Beizen k\u00f6nnen Sie die Vergrauung verlangsamen.<\/p>\n<p>Diese Statue besteht aus Suar-Holz, das gro\u00dfe Farbunterschiede aufweist. Das ist normal und kann nicht beanstandet werden.<\/p>\n<ul>\n<li>Echte authentische Holzschnitzerei<\/li>\n<li>Gr\u00f6\u00dfe: ca. 45x80cm<\/li>\n<li>Material: Suar-Holz<\/li>\n<li>Eigener Bestand<\/li>\n<li>Kann auch live in unserem Laden angeschaut werden<\/li>\n<\/ul>\n<p>\u00a0<\/p>\n","protected":false},"excerpt":{"rendered":"<p>Wundersch\u00f6ne handgeschnitzte Statue<\/p>\n","protected":false},"featured_media":78274,"template":"","meta":{"_acf_changed":false},"product_brand":[],"product_cat":[1367,7076],"product_tag":[],"class_list":{"0":"post-78286","1":"product","2":"type-product","3":"status-publish","4":"has-post-thumbnail","6":"product_cat-holzstatuen","7":"product_cat-statues-figures","9":"first","10":"outofstock","11":"taxable","12":"shipping-taxable","13":"purchasable","14":"product-type-simple"},"acf":[],"yoast_head":"<!-- This site is optimized with the Yoast SEO plugin v23.8 - https:\/\/yoast.com\/wordpress\/plugins\/seo\/ -->\n<title>Buddha-Statue aus Holz mit Kette, 80 cm<\/title>\n<meta name=\"robots\" content=\"noindex, follow, max-snippet:-1, max-image-preview:large, max-video-preview:-1\" \/>\n<meta property=\"og:locale\" content=\"de_DE\" \/>\n<meta property=\"og:type\" content=\"article\" \/>\n<meta property=\"og:title\" content=\"Buddha-Statue aus Holz mit Kette, 80 cm\" \/>\n<meta property=\"og:description\" content=\"Wundersch\u00f6ne handgeschnitzte Statue\" \/>\n<meta property=\"og:url\" content=\"https:\/\/dev.eliassen.nl\/de\/buddha-statue-aus-holz-mit-kette-80-cm\/\" \/>\n<meta property=\"og:site_name\" content=\"Eliassen.nl\" \/>\n<meta property=\"article:publisher\" content=\"https:\/\/www.facebook.com\/TuincentrumEliassenAmmerzoden\" \/>\n<meta property=\"article:modified_time\" content=\"2024-12-05T15:12:50+00:00\" \/>\n<meta property=\"og:image\" content=\"https:\/\/dev.eliassen.nl\/wp-content\/uploads\/2024\/01\/houtenboeddhabeeldmetketting80cmeliassennl.jpg\" \/>\n\t<meta property=\"og:image:width\" content=\"1536\" \/>\n\t<meta property=\"og:image:height\" content=\"2048\" \/>\n\t<meta property=\"og:image:type\" content=\"image\/jpeg\" \/>\n<meta name=\"twitter:card\" content=\"summary_large_image\" \/>\n<script type=\"application\/ld+json\" class=\"yoast-schema-graph\">{\"@context\":\"https:\/\/schema.org\",\"@graph\":[{\"@type\":\"WebPage\",\"@id\":\"https:\/\/dev.eliassen.nl\/de\/buddha-statue-aus-holz-mit-kette-80-cm\/\",\"url\":\"https:\/\/dev.eliassen.nl\/de\/buddha-statue-aus-holz-mit-kette-80-cm\/\",\"name\":\"Buddha-Statue aus Holz mit Kette, 80 cm\",\"isPartOf\":{\"@id\":\"https:\/\/dev.eliassen.nl\/de\/#website\"},\"primaryImageOfPage\":{\"@id\":\"https:\/\/dev.eliassen.nl\/de\/buddha-statue-aus-holz-mit-kette-80-cm\/#primaryimage\"},\"image\":{\"@id\":\"https:\/\/dev.eliassen.nl\/de\/buddha-statue-aus-holz-mit-kette-80-cm\/#primaryimage\"},\"thumbnailUrl\":\"https:\/\/dev.eliassen.nl\/wp-content\/uploads\/2024\/01\/houtenboeddhabeeldmetketting80cmeliassennl.jpg\",\"datePublished\":\"2022-11-23T08:29:00+00:00\",\"dateModified\":\"2024-12-05T15:12:50+00:00\",\"breadcrumb\":{\"@id\":\"https:\/\/dev.eliassen.nl\/de\/buddha-statue-aus-holz-mit-kette-80-cm\/#breadcrumb\"},\"inLanguage\":\"de\",\"potentialAction\":[{\"@type\":\"ReadAction\",\"target\":[\"https:\/\/dev.eliassen.nl\/de\/buddha-statue-aus-holz-mit-kette-80-cm\/\"]}]},{\"@type\":\"ImageObject\",\"inLanguage\":\"de\",\"@id\":\"https:\/\/dev.eliassen.nl\/de\/buddha-statue-aus-holz-mit-kette-80-cm\/#primaryimage\",\"url\":\"https:\/\/dev.eliassen.nl\/wp-content\/uploads\/2024\/01\/houtenboeddhabeeldmetketting80cmeliassennl.jpg\",\"contentUrl\":\"https:\/\/dev.eliassen.nl\/wp-content\/uploads\/2024\/01\/houtenboeddhabeeldmetketting80cmeliassennl.jpg\",\"width\":1536,\"height\":2048,\"caption\":\"Houten Boeddhabeeld met ketting 80cm eliassen.nl\"},{\"@type\":\"BreadcrumbList\",\"@id\":\"https:\/\/dev.eliassen.nl\/de\/buddha-statue-aus-holz-mit-kette-80-cm\/#breadcrumb\",\"itemListElement\":[{\"@type\":\"ListItem\",\"position\":1,\"name\":\"Home\",\"item\":\"https:\/\/dev.eliassen.nl\/de\/\"},{\"@type\":\"ListItem\",\"position\":2,\"name\":\"Shop\",\"item\":\"https:\/\/dev.eliassen.nl\/nl\/winkel\/\"},{\"@type\":\"ListItem\",\"position\":3,\"name\":\"Statuen-Skulpturen\",\"item\":\"https:\/\/dev.eliassen.nl\/de\/statuen-skulpturen\/\"},{\"@type\":\"ListItem\",\"position\":4,\"name\":\"Holzstatuen\",\"item\":\"https:\/\/dev.eliassen.nl\/de\/bilder\/holzstatuen\/\"},{\"@type\":\"ListItem\",\"position\":5,\"name\":\"Buddha-Statue aus Holz mit Kette, 80 cm\"}]},{\"@type\":\"WebSite\",\"@id\":\"https:\/\/dev.eliassen.nl\/de\/#website\",\"url\":\"https:\/\/dev.eliassen.nl\/de\/\",\"name\":\"Eliassen Home & Garden Pleasure\",\"description\":\"\",\"publisher\":{\"@id\":\"https:\/\/dev.eliassen.nl\/de\/#organization\"},\"alternateName\":\"Eliassen.nl\",\"potentialAction\":[{\"@type\":\"SearchAction\",\"target\":{\"@type\":\"EntryPoint\",\"urlTemplate\":\"https:\/\/dev.eliassen.nl\/de\/?s={search_term_string}\"},\"query-input\":{\"@type\":\"PropertyValueSpecification\",\"valueRequired\":true,\"valueName\":\"search_term_string\"}}],\"inLanguage\":\"de\"},{\"@type\":\"Organization\",\"@id\":\"https:\/\/dev.eliassen.nl\/de\/#organization\",\"name\":\"Eliassen Home & Garden Pleasure\",\"url\":\"https:\/\/dev.eliassen.nl\/de\/\",\"logo\":{\"@type\":\"ImageObject\",\"inLanguage\":\"de\",\"@id\":\"https:\/\/dev.eliassen.nl\/de\/#\/schema\/logo\/image\/\",\"url\":\"https:\/\/www.eliassen.nl\/wp-content\/uploads\/2024\/01\/logo_4nd.jpg\",\"contentUrl\":\"https:\/\/www.eliassen.nl\/wp-content\/uploads\/2024\/01\/logo_4nd.jpg\",\"width\":500,\"height\":500,\"caption\":\"Eliassen Home & Garden Pleasure\"},\"image\":{\"@id\":\"https:\/\/dev.eliassen.nl\/de\/#\/schema\/logo\/image\/\"},\"sameAs\":[\"https:\/\/www.facebook.com\/TuincentrumEliassenAmmerzoden\",\"https:\/\/www.instagram.com\/eliassenhomeandgarden\/\",\"https:\/\/nl.pinterest.com\/eliassenhomeandgarden\/\",\"https:\/\/www.youtube.com\/@eliassenhomegardenpleasure4558\"]}]}<\/script>\n<!-- \/ Yoast SEO plugin. -->","yoast_head_json":{"title":"Buddha-Statue aus Holz mit Kette, 80 cm","robots":{"index":"noindex","follow":"follow","max-snippet":"max-snippet:-1","max-image-preview":"max-image-preview:large","max-video-preview":"max-video-preview:-1"},"og_locale":"de_DE","og_type":"article","og_title":"Buddha-Statue aus Holz mit Kette, 80 cm","og_description":"Wundersch\u00f6ne handgeschnitzte Statue","og_url":"https:\/\/dev.eliassen.nl\/de\/buddha-statue-aus-holz-mit-kette-80-cm\/","og_site_name":"Eliassen.nl","article_publisher":"https:\/\/www.facebook.com\/TuincentrumEliassenAmmerzoden","article_modified_time":"2024-12-05T15:12:50+00:00","og_image":[{"width":1536,"height":2048,"url":"https:\/\/dev.eliassen.nl\/wp-content\/uploads\/2024\/01\/houtenboeddhabeeldmetketting80cmeliassennl.jpg","type":"image\/jpeg"}],"twitter_card":"summary_large_image","schema":{"@context":"https:\/\/schema.org","@graph":[{"@type":"WebPage","@id":"https:\/\/dev.eliassen.nl\/de\/buddha-statue-aus-holz-mit-kette-80-cm\/","url":"https:\/\/dev.eliassen.nl\/de\/buddha-statue-aus-holz-mit-kette-80-cm\/","name":"Buddha-Statue aus Holz mit Kette, 80 cm","isPartOf":{"@id":"https:\/\/dev.eliassen.nl\/de\/#website"},"primaryImageOfPage":{"@id":"https:\/\/dev.eliassen.nl\/de\/buddha-statue-aus-holz-mit-kette-80-cm\/#primaryimage"},"image":{"@id":"https:\/\/dev.eliassen.nl\/de\/buddha-statue-aus-holz-mit-kette-80-cm\/#primaryimage"},"thumbnailUrl":"https:\/\/dev.eliassen.nl\/wp-content\/uploads\/2024\/01\/houtenboeddhabeeldmetketting80cmeliassennl.jpg","datePublished":"2022-11-23T08:29:00+00:00","dateModified":"2024-12-05T15:12:50+00:00","breadcrumb":{"@id":"https:\/\/dev.eliassen.nl\/de\/buddha-statue-aus-holz-mit-kette-80-cm\/#breadcrumb"},"inLanguage":"de","potentialAction":[{"@type":"ReadAction","target":["https:\/\/dev.eliassen.nl\/de\/buddha-statue-aus-holz-mit-kette-80-cm\/"]}]},{"@type":"ImageObject","inLanguage":"de","@id":"https:\/\/dev.eliassen.nl\/de\/buddha-statue-aus-holz-mit-kette-80-cm\/#primaryimage","url":"https:\/\/dev.eliassen.nl\/wp-content\/uploads\/2024\/01\/houtenboeddhabeeldmetketting80cmeliassennl.jpg","contentUrl":"https:\/\/dev.eliassen.nl\/wp-content\/uploads\/2024\/01\/houtenboeddhabeeldmetketting80cmeliassennl.jpg","width":1536,"height":2048,"caption":"Houten Boeddhabeeld met ketting 80cm eliassen.nl"},{"@type":"BreadcrumbList","@id":"https:\/\/dev.eliassen.nl\/de\/buddha-statue-aus-holz-mit-kette-80-cm\/#breadcrumb","itemListElement":[{"@type":"ListItem","position":1,"name":"Home","item":"https:\/\/dev.eliassen.nl\/de\/"},{"@type":"ListItem","position":2,"name":"Shop","item":"https:\/\/dev.eliassen.nl\/nl\/winkel\/"},{"@type":"ListItem","position":3,"name":"Statuen-Skulpturen","item":"https:\/\/dev.eliassen.nl\/de\/statuen-skulpturen\/"},{"@type":"ListItem","position":4,"name":"Holzstatuen","item":"https:\/\/dev.eliassen.nl\/de\/bilder\/holzstatuen\/"},{"@type":"ListItem","position":5,"name":"Buddha-Statue aus Holz mit Kette, 80 cm"}]},{"@type":"WebSite","@id":"https:\/\/dev.eliassen.nl\/de\/#website","url":"https:\/\/dev.eliassen.nl\/de\/","name":"Eliassen Home & Garden Pleasure","description":"","publisher":{"@id":"https:\/\/dev.eliassen.nl\/de\/#organization"},"alternateName":"Eliassen.nl","potentialAction":[{"@type":"SearchAction","target":{"@type":"EntryPoint","urlTemplate":"https:\/\/dev.eliassen.nl\/de\/?s={search_term_string}"},"query-input":{"@type":"PropertyValueSpecification","valueRequired":true,"valueName":"search_term_string"}}],"inLanguage":"de"},{"@type":"Organization","@id":"https:\/\/dev.eliassen.nl\/de\/#organization","name":"Eliassen Home & Garden Pleasure","url":"https:\/\/dev.eliassen.nl\/de\/","logo":{"@type":"ImageObject","inLanguage":"de","@id":"https:\/\/dev.eliassen.nl\/de\/#\/schema\/logo\/image\/","url":"https:\/\/www.eliassen.nl\/wp-content\/uploads\/2024\/01\/logo_4nd.jpg","contentUrl":"https:\/\/www.eliassen.nl\/wp-content\/uploads\/2024\/01\/logo_4nd.jpg","width":500,"height":500,"caption":"Eliassen Home & Garden Pleasure"},"image":{"@id":"https:\/\/dev.eliassen.nl\/de\/#\/schema\/logo\/image\/"},"sameAs":["https:\/\/www.facebook.com\/TuincentrumEliassenAmmerzoden","https:\/\/www.instagram.com\/eliassenhomeandgarden\/","https:\/\/nl.pinterest.com\/eliassenhomeandgarden\/","https:\/\/www.youtube.com\/@eliassenhomegardenpleasure4558"]}]}},"df_price":289,"df_sale_price":"","df_regular_price":289,"df_image_link":"https:\/\/dev.eliassen.nl\/wp-content\/uploads\/2024\/01\/houtenboeddhabeeldmetketting80cmeliassennl.jpg","image":"https:\/\/dev.eliassen.nl\/wp-content\/uploads\/2024\/01\/houtenboeddhabeeldmetketting80cmeliassennl.jpg","price_search":"<span class=\"woocommerce-Price-amount amount\"><bdi><span class=\"woocommerce-Price-currencySymbol\">&euro;<\/span>&nbsp;289,00<\/bdi><\/span>","category":"Holzstatuen","_links":{"self":[{"href":"https:\/\/dev.eliassen.nl\/de\/wp-json\/wp\/v2\/product\/78286","targetHints":{"allow":["GET"]}}],"collection":[{"href":"https:\/\/dev.eliassen.nl\/de\/wp-json\/wp\/v2\/product"}],"about":[{"href":"https:\/\/dev.eliassen.nl\/de\/wp-json\/wp\/v2\/types\/product"}],"wp:featuredmedia":[{"embeddable":true,"href":"https:\/\/dev.eliassen.nl\/de\/wp-json\/wp\/v2\/media\/78274"}],"wp:attachment":[{"href":"https:\/\/dev.eliassen.nl\/de\/wp-json\/wp\/v2\/media?parent=78286"}],"wp:term":[{"taxonomy":"product_brand","embeddable":true,"href":"https:\/\/dev.eliassen.nl\/de\/wp-json\/wp\/v2\/product_brand?post=78286"},{"taxonomy":"product_cat","embeddable":true,"href":"https:\/\/dev.eliassen.nl\/de\/wp-json\/wp\/v2\/product_cat?post=78286"},{"taxonomy":"product_tag","embeddable":true,"href":"https:\/\/dev.eliassen.nl\/de\/wp-json\/wp\/v2\/product_tag?post=78286"}],"curies":[{"name":"wp","href":"https:\/\/api.w.org\/{rel}","templated":true}]}}