{"id":78391,"date":"2022-11-24T19:49:27","date_gmt":"2022-11-24T18:49:27","guid":{"rendered":"https:\/\/www.eliassen.nl\/?product=ronde-boomstam-met-handgesneden-boswezen-100cm"},"modified":"2024-12-05T16:13:02","modified_gmt":"2024-12-05T15:13:02","slug":"runder-baumstamm-mit-handgeschnitztem-waldwesen-100cm","status":"publish","type":"product","link":"https:\/\/dev.eliassen.nl\/de\/runder-baumstamm-mit-handgeschnitztem-waldwesen-100cm\/","title":{"rendered":"Runder Baumstamm mit handgeschnitztem Waldwesen 100cm"},"content":{"rendered":"<p>Magst du handgefertigte Produkte? Dann wird Ihnen dieser geschnitzte Baumstamm bestimmt gefallen.<\/p>\n<p>In diesen etwa 100 cm langen und etwa 14 cm dicken Baumstamm wurde das Fantasiegesicht eines sogenannten Waldwesens geschnitzt. Dieses geheimnisvoll gestaltete Gartendekorationsst\u00fcck ist eine attraktive Erg\u00e4nzung f\u00fcr jeden Garten, wird aber manchmal auch als attraktive Dekoration im Innenbereich platziert.<\/p>\n<p>Sie sollten damit rechnen, dass diese Holzschnitzerei au\u00dfen grau wird und manchmal Risse entstehen k\u00f6nnen, da Holz sowohl in nassen als auch in trockenen Perioden funktioniert. Durch Beizen k\u00f6nnen Sie die Vergrauung verlangsamen.<\/p>\n<p>Erh\u00e4ltlich in 3 Gesichtern. Bitte geben Sie in den Kommentaren an, welches Sie m\u00f6chten.<\/p>\n<ul>\n<li>Wirklich authentische Holzschnitzerei<\/li>\n<li>Gr\u00f6\u00dfe: ca. 12\u201314 x 100 cm<\/li>\n<li>Material: Verschiedene Holzarten<\/li>\n<li>Eigener Bestand<\/li>\n<li>Kann auch live in unserem Laden angeschaut werden<\/li>\n<\/ul>\n","protected":false},"excerpt":{"rendered":"<p>Dieser Artikel kann Risse bekommen und eine gr\u00e4uliche Farbe annehmen, wenn er im Freien aufgestellt wird. Holzschnitzerei aus Baumstamm mit Gesicht eines Waldbewohners, 100 cm<\/p>\n","protected":false},"featured_media":78379,"template":"","meta":{"_acf_changed":false},"product_brand":[],"product_cat":[1367,7076,7239],"product_tag":[],"class_list":{"0":"post-78391","1":"product","2":"type-product","3":"status-publish","4":"has-post-thumbnail","6":"product_cat-holzstatuen","7":"product_cat-statues-figures","8":"product_cat-statuen-skulpturen","10":"first","11":"outofstock","12":"taxable","13":"shipping-taxable","14":"purchasable","15":"product-type-simple"},"acf":[],"yoast_head":"<!-- This site is optimized with the Yoast SEO plugin v23.8 - https:\/\/yoast.com\/wordpress\/plugins\/seo\/ -->\n<title>Runder Baumstamm mit handgeschnitztem Waldwesen 100cm<\/title>\n<meta name=\"description\" content=\"Bilder und Objekte aus Holz schnitzen? Sehen Sie sich unsere Kollektion in unserem Webshop an oder kommen Sie vorbei und sehen Sie sie alle live in unserem L...\" \/>\n<meta name=\"robots\" content=\"noindex, follow, max-snippet:-1, max-image-preview:large, max-video-preview:-1\" \/>\n<meta property=\"og:locale\" content=\"de_DE\" \/>\n<meta property=\"og:type\" content=\"article\" \/>\n<meta property=\"og:title\" content=\"Runder Baumstamm mit handgeschnitztem Waldwesen 100cm\" \/>\n<meta property=\"og:description\" content=\"Bilder und Objekte aus Holz schnitzen? Sehen Sie sich unsere Kollektion in unserem Webshop an oder kommen Sie vorbei und sehen Sie sie alle live in unserem L...\" \/>\n<meta property=\"og:url\" content=\"https:\/\/dev.eliassen.nl\/de\/runder-baumstamm-mit-handgeschnitztem-waldwesen-100cm\/\" \/>\n<meta property=\"og:site_name\" content=\"Eliassen.nl\" \/>\n<meta property=\"article:publisher\" content=\"https:\/\/www.facebook.com\/TuincentrumEliassenAmmerzoden\" \/>\n<meta property=\"article:modified_time\" content=\"2024-12-05T15:13:02+00:00\" \/>\n<meta property=\"og:image\" content=\"https:\/\/dev.eliassen.nl\/wp-content\/uploads\/2024\/01\/1.png\" \/>\n\t<meta property=\"og:image:width\" content=\"1536\" \/>\n\t<meta property=\"og:image:height\" content=\"2048\" \/>\n\t<meta property=\"og:image:type\" content=\"image\/png\" \/>\n<meta name=\"twitter:card\" content=\"summary_large_image\" \/>\n<script type=\"application\/ld+json\" class=\"yoast-schema-graph\">{\"@context\":\"https:\/\/schema.org\",\"@graph\":[{\"@type\":\"WebPage\",\"@id\":\"https:\/\/dev.eliassen.nl\/de\/runder-baumstamm-mit-handgeschnitztem-waldwesen-100cm\/\",\"url\":\"https:\/\/dev.eliassen.nl\/de\/runder-baumstamm-mit-handgeschnitztem-waldwesen-100cm\/\",\"name\":\"Runder Baumstamm mit handgeschnitztem Waldwesen 100cm\",\"isPartOf\":{\"@id\":\"https:\/\/dev.eliassen.nl\/de\/#website\"},\"primaryImageOfPage\":{\"@id\":\"https:\/\/dev.eliassen.nl\/de\/runder-baumstamm-mit-handgeschnitztem-waldwesen-100cm\/#primaryimage\"},\"image\":{\"@id\":\"https:\/\/dev.eliassen.nl\/de\/runder-baumstamm-mit-handgeschnitztem-waldwesen-100cm\/#primaryimage\"},\"thumbnailUrl\":\"https:\/\/dev.eliassen.nl\/wp-content\/uploads\/2024\/01\/1.png\",\"datePublished\":\"2022-11-24T18:49:27+00:00\",\"dateModified\":\"2024-12-05T15:13:02+00:00\",\"description\":\"Bilder und Objekte aus Holz schnitzen? Sehen Sie sich unsere Kollektion in unserem Webshop an oder kommen Sie vorbei und sehen Sie sie alle live in unserem L...\",\"breadcrumb\":{\"@id\":\"https:\/\/dev.eliassen.nl\/de\/runder-baumstamm-mit-handgeschnitztem-waldwesen-100cm\/#breadcrumb\"},\"inLanguage\":\"de\",\"potentialAction\":[{\"@type\":\"ReadAction\",\"target\":[\"https:\/\/dev.eliassen.nl\/de\/runder-baumstamm-mit-handgeschnitztem-waldwesen-100cm\/\"]}]},{\"@type\":\"ImageObject\",\"inLanguage\":\"de\",\"@id\":\"https:\/\/dev.eliassen.nl\/de\/runder-baumstamm-mit-handgeschnitztem-waldwesen-100cm\/#primaryimage\",\"url\":\"https:\/\/dev.eliassen.nl\/wp-content\/uploads\/2024\/01\/1.png\",\"contentUrl\":\"https:\/\/dev.eliassen.nl\/wp-content\/uploads\/2024\/01\/1.png\",\"width\":1536,\"height\":2048,\"caption\":\"1\"},{\"@type\":\"BreadcrumbList\",\"@id\":\"https:\/\/dev.eliassen.nl\/de\/runder-baumstamm-mit-handgeschnitztem-waldwesen-100cm\/#breadcrumb\",\"itemListElement\":[{\"@type\":\"ListItem\",\"position\":1,\"name\":\"Home\",\"item\":\"https:\/\/dev.eliassen.nl\/de\/\"},{\"@type\":\"ListItem\",\"position\":2,\"name\":\"Shop\",\"item\":\"https:\/\/dev.eliassen.nl\/nl\/winkel\/\"},{\"@type\":\"ListItem\",\"position\":3,\"name\":\"Statuen-Skulpturen\",\"item\":\"https:\/\/dev.eliassen.nl\/de\/statuen-skulpturen\/\"},{\"@type\":\"ListItem\",\"position\":4,\"name\":\"Holzstatuen\",\"item\":\"https:\/\/dev.eliassen.nl\/de\/bilder\/holzstatuen\/\"},{\"@type\":\"ListItem\",\"position\":5,\"name\":\"Runder Baumstamm mit handgeschnitztem Waldwesen 100cm\"}]},{\"@type\":\"WebSite\",\"@id\":\"https:\/\/dev.eliassen.nl\/de\/#website\",\"url\":\"https:\/\/dev.eliassen.nl\/de\/\",\"name\":\"Eliassen Home & Garden Pleasure\",\"description\":\"\",\"publisher\":{\"@id\":\"https:\/\/dev.eliassen.nl\/de\/#organization\"},\"alternateName\":\"Eliassen.nl\",\"potentialAction\":[{\"@type\":\"SearchAction\",\"target\":{\"@type\":\"EntryPoint\",\"urlTemplate\":\"https:\/\/dev.eliassen.nl\/de\/?s={search_term_string}\"},\"query-input\":{\"@type\":\"PropertyValueSpecification\",\"valueRequired\":true,\"valueName\":\"search_term_string\"}}],\"inLanguage\":\"de\"},{\"@type\":\"Organization\",\"@id\":\"https:\/\/dev.eliassen.nl\/de\/#organization\",\"name\":\"Eliassen Home & Garden Pleasure\",\"url\":\"https:\/\/dev.eliassen.nl\/de\/\",\"logo\":{\"@type\":\"ImageObject\",\"inLanguage\":\"de\",\"@id\":\"https:\/\/dev.eliassen.nl\/de\/#\/schema\/logo\/image\/\",\"url\":\"https:\/\/www.eliassen.nl\/wp-content\/uploads\/2024\/01\/logo_4nd.jpg\",\"contentUrl\":\"https:\/\/www.eliassen.nl\/wp-content\/uploads\/2024\/01\/logo_4nd.jpg\",\"width\":500,\"height\":500,\"caption\":\"Eliassen Home & Garden Pleasure\"},\"image\":{\"@id\":\"https:\/\/dev.eliassen.nl\/de\/#\/schema\/logo\/image\/\"},\"sameAs\":[\"https:\/\/www.facebook.com\/TuincentrumEliassenAmmerzoden\",\"https:\/\/www.instagram.com\/eliassenhomeandgarden\/\",\"https:\/\/nl.pinterest.com\/eliassenhomeandgarden\/\",\"https:\/\/www.youtube.com\/@eliassenhomegardenpleasure4558\"]}]}<\/script>\n<!-- \/ Yoast SEO plugin. -->","yoast_head_json":{"title":"Runder Baumstamm mit handgeschnitztem Waldwesen 100cm","description":"Bilder und Objekte aus Holz schnitzen? Sehen Sie sich unsere Kollektion in unserem Webshop an oder kommen Sie vorbei und sehen Sie sie alle live in unserem L...","robots":{"index":"noindex","follow":"follow","max-snippet":"max-snippet:-1","max-image-preview":"max-image-preview:large","max-video-preview":"max-video-preview:-1"},"og_locale":"de_DE","og_type":"article","og_title":"Runder Baumstamm mit handgeschnitztem Waldwesen 100cm","og_description":"Bilder und Objekte aus Holz schnitzen? Sehen Sie sich unsere Kollektion in unserem Webshop an oder kommen Sie vorbei und sehen Sie sie alle live in unserem L...","og_url":"https:\/\/dev.eliassen.nl\/de\/runder-baumstamm-mit-handgeschnitztem-waldwesen-100cm\/","og_site_name":"Eliassen.nl","article_publisher":"https:\/\/www.facebook.com\/TuincentrumEliassenAmmerzoden","article_modified_time":"2024-12-05T15:13:02+00:00","og_image":[{"width":1536,"height":2048,"url":"https:\/\/dev.eliassen.nl\/wp-content\/uploads\/2024\/01\/1.png","type":"image\/png"}],"twitter_card":"summary_large_image","schema":{"@context":"https:\/\/schema.org","@graph":[{"@type":"WebPage","@id":"https:\/\/dev.eliassen.nl\/de\/runder-baumstamm-mit-handgeschnitztem-waldwesen-100cm\/","url":"https:\/\/dev.eliassen.nl\/de\/runder-baumstamm-mit-handgeschnitztem-waldwesen-100cm\/","name":"Runder Baumstamm mit handgeschnitztem Waldwesen 100cm","isPartOf":{"@id":"https:\/\/dev.eliassen.nl\/de\/#website"},"primaryImageOfPage":{"@id":"https:\/\/dev.eliassen.nl\/de\/runder-baumstamm-mit-handgeschnitztem-waldwesen-100cm\/#primaryimage"},"image":{"@id":"https:\/\/dev.eliassen.nl\/de\/runder-baumstamm-mit-handgeschnitztem-waldwesen-100cm\/#primaryimage"},"thumbnailUrl":"https:\/\/dev.eliassen.nl\/wp-content\/uploads\/2024\/01\/1.png","datePublished":"2022-11-24T18:49:27+00:00","dateModified":"2024-12-05T15:13:02+00:00","description":"Bilder und Objekte aus Holz schnitzen? Sehen Sie sich unsere Kollektion in unserem Webshop an oder kommen Sie vorbei und sehen Sie sie alle live in unserem L...","breadcrumb":{"@id":"https:\/\/dev.eliassen.nl\/de\/runder-baumstamm-mit-handgeschnitztem-waldwesen-100cm\/#breadcrumb"},"inLanguage":"de","potentialAction":[{"@type":"ReadAction","target":["https:\/\/dev.eliassen.nl\/de\/runder-baumstamm-mit-handgeschnitztem-waldwesen-100cm\/"]}]},{"@type":"ImageObject","inLanguage":"de","@id":"https:\/\/dev.eliassen.nl\/de\/runder-baumstamm-mit-handgeschnitztem-waldwesen-100cm\/#primaryimage","url":"https:\/\/dev.eliassen.nl\/wp-content\/uploads\/2024\/01\/1.png","contentUrl":"https:\/\/dev.eliassen.nl\/wp-content\/uploads\/2024\/01\/1.png","width":1536,"height":2048,"caption":"1"},{"@type":"BreadcrumbList","@id":"https:\/\/dev.eliassen.nl\/de\/runder-baumstamm-mit-handgeschnitztem-waldwesen-100cm\/#breadcrumb","itemListElement":[{"@type":"ListItem","position":1,"name":"Home","item":"https:\/\/dev.eliassen.nl\/de\/"},{"@type":"ListItem","position":2,"name":"Shop","item":"https:\/\/dev.eliassen.nl\/nl\/winkel\/"},{"@type":"ListItem","position":3,"name":"Statuen-Skulpturen","item":"https:\/\/dev.eliassen.nl\/de\/statuen-skulpturen\/"},{"@type":"ListItem","position":4,"name":"Holzstatuen","item":"https:\/\/dev.eliassen.nl\/de\/bilder\/holzstatuen\/"},{"@type":"ListItem","position":5,"name":"Runder Baumstamm mit handgeschnitztem Waldwesen 100cm"}]},{"@type":"WebSite","@id":"https:\/\/dev.eliassen.nl\/de\/#website","url":"https:\/\/dev.eliassen.nl\/de\/","name":"Eliassen Home & Garden Pleasure","description":"","publisher":{"@id":"https:\/\/dev.eliassen.nl\/de\/#organization"},"alternateName":"Eliassen.nl","potentialAction":[{"@type":"SearchAction","target":{"@type":"EntryPoint","urlTemplate":"https:\/\/dev.eliassen.nl\/de\/?s={search_term_string}"},"query-input":{"@type":"PropertyValueSpecification","valueRequired":true,"valueName":"search_term_string"}}],"inLanguage":"de"},{"@type":"Organization","@id":"https:\/\/dev.eliassen.nl\/de\/#organization","name":"Eliassen Home & Garden Pleasure","url":"https:\/\/dev.eliassen.nl\/de\/","logo":{"@type":"ImageObject","inLanguage":"de","@id":"https:\/\/dev.eliassen.nl\/de\/#\/schema\/logo\/image\/","url":"https:\/\/www.eliassen.nl\/wp-content\/uploads\/2024\/01\/logo_4nd.jpg","contentUrl":"https:\/\/www.eliassen.nl\/wp-content\/uploads\/2024\/01\/logo_4nd.jpg","width":500,"height":500,"caption":"Eliassen Home & Garden Pleasure"},"image":{"@id":"https:\/\/dev.eliassen.nl\/de\/#\/schema\/logo\/image\/"},"sameAs":["https:\/\/www.facebook.com\/TuincentrumEliassenAmmerzoden","https:\/\/www.instagram.com\/eliassenhomeandgarden\/","https:\/\/nl.pinterest.com\/eliassenhomeandgarden\/","https:\/\/www.youtube.com\/@eliassenhomegardenpleasure4558"]}]}},"df_price":39.5,"df_sale_price":"","df_regular_price":39.5,"df_image_link":"https:\/\/dev.eliassen.nl\/wp-content\/uploads\/2024\/01\/1.png","image":"https:\/\/dev.eliassen.nl\/wp-content\/uploads\/2024\/01\/1.png","price_search":"<span class=\"woocommerce-Price-amount amount\"><bdi><span class=\"woocommerce-Price-currencySymbol\">&euro;<\/span>&nbsp;39,50<\/bdi><\/span>","category":"Holzstatuen","_links":{"self":[{"href":"https:\/\/dev.eliassen.nl\/de\/wp-json\/wp\/v2\/product\/78391","targetHints":{"allow":["GET"]}}],"collection":[{"href":"https:\/\/dev.eliassen.nl\/de\/wp-json\/wp\/v2\/product"}],"about":[{"href":"https:\/\/dev.eliassen.nl\/de\/wp-json\/wp\/v2\/types\/product"}],"wp:featuredmedia":[{"embeddable":true,"href":"https:\/\/dev.eliassen.nl\/de\/wp-json\/wp\/v2\/media\/78379"}],"wp:attachment":[{"href":"https:\/\/dev.eliassen.nl\/de\/wp-json\/wp\/v2\/media?parent=78391"}],"wp:term":[{"taxonomy":"product_brand","embeddable":true,"href":"https:\/\/dev.eliassen.nl\/de\/wp-json\/wp\/v2\/product_brand?post=78391"},{"taxonomy":"product_cat","embeddable":true,"href":"https:\/\/dev.eliassen.nl\/de\/wp-json\/wp\/v2\/product_cat?post=78391"},{"taxonomy":"product_tag","embeddable":true,"href":"https:\/\/dev.eliassen.nl\/de\/wp-json\/wp\/v2\/product_tag?post=78391"}],"curies":[{"name":"wp","href":"https:\/\/api.w.org\/{rel}","templated":true}]}}