{"id":78787,"date":"2022-11-29T14:44:34","date_gmt":"2022-11-29T13:44:34","guid":{"rendered":"https:\/\/www.eliassen.nl\/?product=bronzen-urn-rode-roosje-op-kegeltje"},"modified":"2024-12-05T16:13:58","modified_gmt":"2024-12-05T15:13:58","slug":"bronzeurne-rote-rose-auf-kegel","status":"publish","type":"product","link":"https:\/\/dev.eliassen.nl\/de\/bronzeurne-rote-rose-auf-kegel\/","title":{"rendered":"Bronzeurne, rote Rose auf Kegel"},"content":{"rendered":"<p>Wundersch\u00f6ne Urne in Kegelform mit einer roten Rose auf echter Bronze. Die Bronze dieser Statue hat einen garantierten Kupfergehalt von 75 %, was der Lebensdauer und dem Aussehen enorm zugute kommt.<\/p>\n<p>Diese Bronzestatue wird mit der Methode des geschmolzenen Wachses hergestellt, einer alten Technik. Auf die Form wird eine etwa 3 mm dicke Wachsschicht aufgetragen, anschlie\u00dfend wird der restliche Hohlraum mit Spezialton ausgef\u00fcllt. Wenn die Formvorbereitungen abgeschlossen sind, wird fl\u00fcssige Bronze von oben in die Form gegossen, das Wachs schmilzt und l\u00e4uft ab; der entstehende Raum wird mit Bronze gef\u00fcllt. Nach dem Abk\u00fchlen wird die Form ge\u00f6ffnet, anschlie\u00dfend wird das Bild bearbeitet, poliert, geschliffen, Grate entfernt usw. Bei gr\u00f6\u00dferen Bronzeskulpturen und -statuen wird Bronze in Teilen gegossen, anschlie\u00dfend werden die Teile sehr sorgf\u00e4ltig zusammengel\u00f6tet, die N\u00e4hte werden dann poliert und geschliffen, bis ein vollst\u00e4ndiges Bronzeobjekt entsteht. Bronzeskulpturen werden mit verschiedenen S\u00e4uren behandelt, um die richtige Farbe zu erhalten. Jede Art von S\u00e4ure verursacht ihre eigene Oxidation, die dauerhaft ist.<\/p>\n<p>Bronzestatuen k\u00f6nnen auch drau\u00dfen gelassen werden, die Statue wird dadurch etwas matt, was viele Menschen sch\u00f6n finden, wer den Glanz behalten m\u00f6chte, sollte die Bronzeskulptur zweimal im Jahr mit Bienenwachs einreiben.<\/p>\n<p><strong>Wir verf\u00fcgen \u00fcber die gr\u00f6\u00dfte Sammlung an Bronzestatuen, die auch live besichtigt werden k\u00f6nnen. Kommen Sie gerne vorbei und schauen Sie sich das an!! M\u00f6chten Sie vorbeikommen und nach einer bestimmten Bronzestatue suchen? Bitte rufen Sie uns an, damit wir best\u00e4tigen k\u00f6nnen, dass das Bild Ihrer Wahl bei uns verf\u00fcgbar ist!<\/strong><\/p>\n<ul>\n<li>Gr\u00f6\u00dfe: 4,5 x 4,5 x 6,5 cm hoch.<\/li>\n<li>Inhalt 15ml.<\/li>\n<li>Material: Bronze<\/li>\n<li>Schnell geliefert <strong>.<\/strong><\/li>\n<li>10 Jahre Garantie.<\/li>\n<\/ul>\n","protected":false},"excerpt":{"rendered":"<p>Kleine Bronzeurne mit Rose oben drauf. Ma\u00dfe 4,5 x 4,5 x 6,5 cm hoch.<\/p>\n","protected":false},"featured_media":78781,"template":"","meta":{"_acf_changed":false},"product_brand":[],"product_cat":[644,613,656,7239],"product_tag":[],"class_list":{"0":"post-78787","1":"product","2":"type-product","3":"status-publish","4":"has-post-thumbnail","6":"product_cat-andere-bronzestatuen","7":"product_cat-bronzestatuen","8":"product_cat-urnen-und-grabschmuck","9":"product_cat-statuen-skulpturen","11":"first","12":"instock","13":"taxable","14":"shipping-taxable","15":"purchasable","16":"product-type-simple"},"acf":[],"yoast_head":"<!-- This site is optimized with the Yoast SEO plugin v23.8 - https:\/\/yoast.com\/wordpress\/plugins\/seo\/ -->\n<title>Bronzeurne, rote Rose auf Kegel \u2013 Eliassen Home &amp; Gardenpleasure<\/title>\n<meta name=\"description\" content=\"Suchen Sie eine kleine Urne? Dieser kleine Kegel mit einer bronzeroten Rose an der Spitze k\u00f6nnte genau das sein, was Sie suchen. In unserem Ausstellungsraum ...\" \/>\n<meta name=\"robots\" content=\"noindex, follow, max-snippet:-1, max-image-preview:large, max-video-preview:-1\" \/>\n<meta property=\"og:locale\" content=\"de_DE\" \/>\n<meta property=\"og:type\" content=\"article\" \/>\n<meta property=\"og:title\" content=\"Bronzeurne, rote Rose auf Kegel \u2013 Eliassen Home &amp; Gardenpleasure\" \/>\n<meta property=\"og:description\" content=\"Suchen Sie eine kleine Urne? Dieser kleine Kegel mit einer bronzeroten Rose an der Spitze k\u00f6nnte genau das sein, was Sie suchen. In unserem Ausstellungsraum ...\" \/>\n<meta property=\"og:url\" content=\"https:\/\/dev.eliassen.nl\/de\/bronzeurne-rote-rose-auf-kegel\/\" \/>\n<meta property=\"og:site_name\" content=\"Eliassen.nl\" \/>\n<meta property=\"article:publisher\" content=\"https:\/\/www.facebook.com\/TuincentrumEliassenAmmerzoden\" \/>\n<meta property=\"article:modified_time\" content=\"2024-12-05T15:13:58+00:00\" \/>\n<meta property=\"og:image\" content=\"https:\/\/dev.eliassen.nl\/wp-content\/uploads\/2024\/01\/bronzenurnroosjeeliassennl.jpg\" \/>\n\t<meta property=\"og:image:width\" content=\"1200\" \/>\n\t<meta property=\"og:image:height\" content=\"900\" \/>\n\t<meta property=\"og:image:type\" content=\"image\/jpeg\" \/>\n<meta name=\"twitter:card\" content=\"summary_large_image\" \/>\n<script type=\"application\/ld+json\" class=\"yoast-schema-graph\">{\"@context\":\"https:\/\/schema.org\",\"@graph\":[{\"@type\":\"WebPage\",\"@id\":\"https:\/\/dev.eliassen.nl\/de\/bronzeurne-rote-rose-auf-kegel\/\",\"url\":\"https:\/\/dev.eliassen.nl\/de\/bronzeurne-rote-rose-auf-kegel\/\",\"name\":\"Bronzeurne, rote Rose auf Kegel \u2013 Eliassen Home & Gardenpleasure\",\"isPartOf\":{\"@id\":\"https:\/\/dev.eliassen.nl\/de\/#website\"},\"primaryImageOfPage\":{\"@id\":\"https:\/\/dev.eliassen.nl\/de\/bronzeurne-rote-rose-auf-kegel\/#primaryimage\"},\"image\":{\"@id\":\"https:\/\/dev.eliassen.nl\/de\/bronzeurne-rote-rose-auf-kegel\/#primaryimage\"},\"thumbnailUrl\":\"https:\/\/dev.eliassen.nl\/wp-content\/uploads\/2024\/01\/bronzenurnroosjeeliassennl.jpg\",\"datePublished\":\"2022-11-29T13:44:34+00:00\",\"dateModified\":\"2024-12-05T15:13:58+00:00\",\"description\":\"Suchen Sie eine kleine Urne? Dieser kleine Kegel mit einer bronzeroten Rose an der Spitze k\u00f6nnte genau das sein, was Sie suchen. In unserem Ausstellungsraum ...\",\"breadcrumb\":{\"@id\":\"https:\/\/dev.eliassen.nl\/de\/bronzeurne-rote-rose-auf-kegel\/#breadcrumb\"},\"inLanguage\":\"de\",\"potentialAction\":[{\"@type\":\"ReadAction\",\"target\":[\"https:\/\/dev.eliassen.nl\/de\/bronzeurne-rote-rose-auf-kegel\/\"]}]},{\"@type\":\"ImageObject\",\"inLanguage\":\"de\",\"@id\":\"https:\/\/dev.eliassen.nl\/de\/bronzeurne-rote-rose-auf-kegel\/#primaryimage\",\"url\":\"https:\/\/dev.eliassen.nl\/wp-content\/uploads\/2024\/01\/bronzenurnroosjeeliassennl.jpg\",\"contentUrl\":\"https:\/\/dev.eliassen.nl\/wp-content\/uploads\/2024\/01\/bronzenurnroosjeeliassennl.jpg\",\"width\":1200,\"height\":900,\"caption\":\"bronzen urn roosje - eliassen.nl\"},{\"@type\":\"BreadcrumbList\",\"@id\":\"https:\/\/dev.eliassen.nl\/de\/bronzeurne-rote-rose-auf-kegel\/#breadcrumb\",\"itemListElement\":[{\"@type\":\"ListItem\",\"position\":1,\"name\":\"Home\",\"item\":\"https:\/\/dev.eliassen.nl\/de\/\"},{\"@type\":\"ListItem\",\"position\":2,\"name\":\"Shop\",\"item\":\"https:\/\/dev.eliassen.nl\/nl\/winkel\/\"},{\"@type\":\"ListItem\",\"position\":3,\"name\":\"Bronzestatuen\",\"item\":\"https:\/\/dev.eliassen.nl\/de\/bilder\/bronzestatuen\/\"},{\"@type\":\"ListItem\",\"position\":4,\"name\":\"Andere Bronzestatuen\",\"item\":\"https:\/\/dev.eliassen.nl\/de\/bilder\/bronzestatuen\/andere-bronzestatuen\/\"},{\"@type\":\"ListItem\",\"position\":5,\"name\":\"Bronzeurne, rote Rose auf Kegel\"}]},{\"@type\":\"WebSite\",\"@id\":\"https:\/\/dev.eliassen.nl\/de\/#website\",\"url\":\"https:\/\/dev.eliassen.nl\/de\/\",\"name\":\"Eliassen Home & Garden Pleasure\",\"description\":\"\",\"publisher\":{\"@id\":\"https:\/\/dev.eliassen.nl\/de\/#organization\"},\"alternateName\":\"Eliassen.nl\",\"potentialAction\":[{\"@type\":\"SearchAction\",\"target\":{\"@type\":\"EntryPoint\",\"urlTemplate\":\"https:\/\/dev.eliassen.nl\/de\/?s={search_term_string}\"},\"query-input\":{\"@type\":\"PropertyValueSpecification\",\"valueRequired\":true,\"valueName\":\"search_term_string\"}}],\"inLanguage\":\"de\"},{\"@type\":\"Organization\",\"@id\":\"https:\/\/dev.eliassen.nl\/de\/#organization\",\"name\":\"Eliassen Home & Garden Pleasure\",\"url\":\"https:\/\/dev.eliassen.nl\/de\/\",\"logo\":{\"@type\":\"ImageObject\",\"inLanguage\":\"de\",\"@id\":\"https:\/\/dev.eliassen.nl\/de\/#\/schema\/logo\/image\/\",\"url\":\"https:\/\/www.eliassen.nl\/wp-content\/uploads\/2024\/01\/logo_4nd.jpg\",\"contentUrl\":\"https:\/\/www.eliassen.nl\/wp-content\/uploads\/2024\/01\/logo_4nd.jpg\",\"width\":500,\"height\":500,\"caption\":\"Eliassen Home & Garden Pleasure\"},\"image\":{\"@id\":\"https:\/\/dev.eliassen.nl\/de\/#\/schema\/logo\/image\/\"},\"sameAs\":[\"https:\/\/www.facebook.com\/TuincentrumEliassenAmmerzoden\",\"https:\/\/www.instagram.com\/eliassenhomeandgarden\/\",\"https:\/\/nl.pinterest.com\/eliassenhomeandgarden\/\",\"https:\/\/www.youtube.com\/@eliassenhomegardenpleasure4558\"]}]}<\/script>\n<!-- \/ Yoast SEO plugin. -->","yoast_head_json":{"title":"Bronzeurne, rote Rose auf Kegel \u2013 Eliassen Home & Gardenpleasure","description":"Suchen Sie eine kleine Urne? Dieser kleine Kegel mit einer bronzeroten Rose an der Spitze k\u00f6nnte genau das sein, was Sie suchen. In unserem Ausstellungsraum ...","robots":{"index":"noindex","follow":"follow","max-snippet":"max-snippet:-1","max-image-preview":"max-image-preview:large","max-video-preview":"max-video-preview:-1"},"og_locale":"de_DE","og_type":"article","og_title":"Bronzeurne, rote Rose auf Kegel \u2013 Eliassen Home & Gardenpleasure","og_description":"Suchen Sie eine kleine Urne? Dieser kleine Kegel mit einer bronzeroten Rose an der Spitze k\u00f6nnte genau das sein, was Sie suchen. In unserem Ausstellungsraum ...","og_url":"https:\/\/dev.eliassen.nl\/de\/bronzeurne-rote-rose-auf-kegel\/","og_site_name":"Eliassen.nl","article_publisher":"https:\/\/www.facebook.com\/TuincentrumEliassenAmmerzoden","article_modified_time":"2024-12-05T15:13:58+00:00","og_image":[{"width":1200,"height":900,"url":"https:\/\/dev.eliassen.nl\/wp-content\/uploads\/2024\/01\/bronzenurnroosjeeliassennl.jpg","type":"image\/jpeg"}],"twitter_card":"summary_large_image","schema":{"@context":"https:\/\/schema.org","@graph":[{"@type":"WebPage","@id":"https:\/\/dev.eliassen.nl\/de\/bronzeurne-rote-rose-auf-kegel\/","url":"https:\/\/dev.eliassen.nl\/de\/bronzeurne-rote-rose-auf-kegel\/","name":"Bronzeurne, rote Rose auf Kegel \u2013 Eliassen Home & Gardenpleasure","isPartOf":{"@id":"https:\/\/dev.eliassen.nl\/de\/#website"},"primaryImageOfPage":{"@id":"https:\/\/dev.eliassen.nl\/de\/bronzeurne-rote-rose-auf-kegel\/#primaryimage"},"image":{"@id":"https:\/\/dev.eliassen.nl\/de\/bronzeurne-rote-rose-auf-kegel\/#primaryimage"},"thumbnailUrl":"https:\/\/dev.eliassen.nl\/wp-content\/uploads\/2024\/01\/bronzenurnroosjeeliassennl.jpg","datePublished":"2022-11-29T13:44:34+00:00","dateModified":"2024-12-05T15:13:58+00:00","description":"Suchen Sie eine kleine Urne? Dieser kleine Kegel mit einer bronzeroten Rose an der Spitze k\u00f6nnte genau das sein, was Sie suchen. In unserem Ausstellungsraum ...","breadcrumb":{"@id":"https:\/\/dev.eliassen.nl\/de\/bronzeurne-rote-rose-auf-kegel\/#breadcrumb"},"inLanguage":"de","potentialAction":[{"@type":"ReadAction","target":["https:\/\/dev.eliassen.nl\/de\/bronzeurne-rote-rose-auf-kegel\/"]}]},{"@type":"ImageObject","inLanguage":"de","@id":"https:\/\/dev.eliassen.nl\/de\/bronzeurne-rote-rose-auf-kegel\/#primaryimage","url":"https:\/\/dev.eliassen.nl\/wp-content\/uploads\/2024\/01\/bronzenurnroosjeeliassennl.jpg","contentUrl":"https:\/\/dev.eliassen.nl\/wp-content\/uploads\/2024\/01\/bronzenurnroosjeeliassennl.jpg","width":1200,"height":900,"caption":"bronzen urn roosje - eliassen.nl"},{"@type":"BreadcrumbList","@id":"https:\/\/dev.eliassen.nl\/de\/bronzeurne-rote-rose-auf-kegel\/#breadcrumb","itemListElement":[{"@type":"ListItem","position":1,"name":"Home","item":"https:\/\/dev.eliassen.nl\/de\/"},{"@type":"ListItem","position":2,"name":"Shop","item":"https:\/\/dev.eliassen.nl\/nl\/winkel\/"},{"@type":"ListItem","position":3,"name":"Bronzestatuen","item":"https:\/\/dev.eliassen.nl\/de\/bilder\/bronzestatuen\/"},{"@type":"ListItem","position":4,"name":"Andere Bronzestatuen","item":"https:\/\/dev.eliassen.nl\/de\/bilder\/bronzestatuen\/andere-bronzestatuen\/"},{"@type":"ListItem","position":5,"name":"Bronzeurne, rote Rose auf Kegel"}]},{"@type":"WebSite","@id":"https:\/\/dev.eliassen.nl\/de\/#website","url":"https:\/\/dev.eliassen.nl\/de\/","name":"Eliassen Home & Garden Pleasure","description":"","publisher":{"@id":"https:\/\/dev.eliassen.nl\/de\/#organization"},"alternateName":"Eliassen.nl","potentialAction":[{"@type":"SearchAction","target":{"@type":"EntryPoint","urlTemplate":"https:\/\/dev.eliassen.nl\/de\/?s={search_term_string}"},"query-input":{"@type":"PropertyValueSpecification","valueRequired":true,"valueName":"search_term_string"}}],"inLanguage":"de"},{"@type":"Organization","@id":"https:\/\/dev.eliassen.nl\/de\/#organization","name":"Eliassen Home & Garden Pleasure","url":"https:\/\/dev.eliassen.nl\/de\/","logo":{"@type":"ImageObject","inLanguage":"de","@id":"https:\/\/dev.eliassen.nl\/de\/#\/schema\/logo\/image\/","url":"https:\/\/www.eliassen.nl\/wp-content\/uploads\/2024\/01\/logo_4nd.jpg","contentUrl":"https:\/\/www.eliassen.nl\/wp-content\/uploads\/2024\/01\/logo_4nd.jpg","width":500,"height":500,"caption":"Eliassen Home & Garden Pleasure"},"image":{"@id":"https:\/\/dev.eliassen.nl\/de\/#\/schema\/logo\/image\/"},"sameAs":["https:\/\/www.facebook.com\/TuincentrumEliassenAmmerzoden","https:\/\/www.instagram.com\/eliassenhomeandgarden\/","https:\/\/nl.pinterest.com\/eliassenhomeandgarden\/","https:\/\/www.youtube.com\/@eliassenhomegardenpleasure4558"]}]}},"df_price":100,"df_sale_price":"","df_regular_price":100,"df_image_link":"https:\/\/dev.eliassen.nl\/wp-content\/uploads\/2024\/01\/bronzenurnroosjeeliassennl.jpg","image":"https:\/\/dev.eliassen.nl\/wp-content\/uploads\/2024\/01\/bronzenurnroosjeeliassennl.jpg","price_search":"<span class=\"woocommerce-Price-amount amount\"><bdi><span class=\"woocommerce-Price-currencySymbol\">&euro;<\/span>&nbsp;100,00<\/bdi><\/span>","category":"Andere Bronzestatuen","_links":{"self":[{"href":"https:\/\/dev.eliassen.nl\/de\/wp-json\/wp\/v2\/product\/78787","targetHints":{"allow":["GET"]}}],"collection":[{"href":"https:\/\/dev.eliassen.nl\/de\/wp-json\/wp\/v2\/product"}],"about":[{"href":"https:\/\/dev.eliassen.nl\/de\/wp-json\/wp\/v2\/types\/product"}],"wp:featuredmedia":[{"embeddable":true,"href":"https:\/\/dev.eliassen.nl\/de\/wp-json\/wp\/v2\/media\/78781"}],"wp:attachment":[{"href":"https:\/\/dev.eliassen.nl\/de\/wp-json\/wp\/v2\/media?parent=78787"}],"wp:term":[{"taxonomy":"product_brand","embeddable":true,"href":"https:\/\/dev.eliassen.nl\/de\/wp-json\/wp\/v2\/product_brand?post=78787"},{"taxonomy":"product_cat","embeddable":true,"href":"https:\/\/dev.eliassen.nl\/de\/wp-json\/wp\/v2\/product_cat?post=78787"},{"taxonomy":"product_tag","embeddable":true,"href":"https:\/\/dev.eliassen.nl\/de\/wp-json\/wp\/v2\/product_tag?post=78787"}],"curies":[{"name":"wp","href":"https:\/\/api.w.org\/{rel}","templated":true}]}}