{"id":78841,"date":"2022-11-30T09:26:38","date_gmt":"2022-11-30T08:26:38","guid":{"rendered":"https:\/\/www.eliassen.nl\/?product=urn-brons-poes-11cm"},"modified":"2024-12-05T16:14:13","modified_gmt":"2024-12-05T15:14:13","slug":"urne-katze-bronze-11cm","status":"publish","type":"product","link":"https:\/\/dev.eliassen.nl\/de\/urne-katze-bronze-11cm\/","title":{"rendered":"Urne Katze Bronze 11cm"},"content":{"rendered":"<p>Eine Urne, m\u00f6glicherweise geeignet zur Aufbewahrung der Asche eines geliebten Menschen. Innen oder au\u00dfen, unten mit Einf\u00fcllschnecke ausgestattet. Komplett aus Bronze gefertigt. Die f\u00fcr diese Statue verwendete Bronze hat einen Kupfergehalt von mindestens 75 %, wodurch Oxidation oder andere seltsame Flecken verhindert werden.<\/p>\n<ul>\n<li>Gr\u00f6\u00dfe: 11x11x6cm hoch<\/li>\n<li>Inhalt 300ml.<\/li>\n<li>Kommt mit Zertifikat.<\/li>\n<li>Schnell geliefert.<\/li>\n<li>30 Jahre Garantie.<\/li>\n<li>Viele dieser Bronzeskulpturenserien k\u00f6nnen auch live in unserem Shop besichtigt werden.<\/li>\n<\/ul>\n","protected":false},"excerpt":{"rendered":"<p>Katzenurne aus hochwertiger Bronze.<\/p>\n","protected":false},"featured_media":78838,"template":"","meta":{"_acf_changed":false},"product_brand":[],"product_cat":[613,635,656,7239],"product_tag":[],"class_list":{"0":"post-78841","1":"product","2":"type-product","3":"status-publish","4":"has-post-thumbnail","6":"product_cat-bronzestatuen","7":"product_cat-tierstatuen-aus-bronze","8":"product_cat-urnen-und-grabschmuck","9":"product_cat-statuen-skulpturen","11":"first","12":"instock","13":"taxable","14":"shipping-taxable","15":"purchasable","16":"product-type-simple"},"acf":[],"yoast_head":"<!-- This site is optimized with the Yoast SEO plugin v23.8 - https:\/\/yoast.com\/wordpress\/plugins\/seo\/ -->\n<title>Urne Katze Bronze 11cm<\/title>\n<meta name=\"description\" content=\"Bei Eliassen k\u00f6nnen Sie eine Bronzeurne mit Katze online oder im Ausstellungsraum kaufen. Wir haben eine gro\u00dfe Sammlung von Bronzestatuen online und im Laden.\" \/>\n<meta name=\"robots\" content=\"noindex, follow, max-snippet:-1, max-image-preview:large, max-video-preview:-1\" \/>\n<meta property=\"og:locale\" content=\"de_DE\" \/>\n<meta property=\"og:type\" content=\"article\" \/>\n<meta property=\"og:title\" content=\"Urne Katze Bronze 11cm\" \/>\n<meta property=\"og:description\" content=\"Bei Eliassen k\u00f6nnen Sie eine Bronzeurne mit Katze online oder im Ausstellungsraum kaufen. Wir haben eine gro\u00dfe Sammlung von Bronzestatuen online und im Laden.\" \/>\n<meta property=\"og:url\" content=\"https:\/\/dev.eliassen.nl\/de\/urne-katze-bronze-11cm\/\" \/>\n<meta property=\"og:site_name\" content=\"Eliassen.nl\" \/>\n<meta property=\"article:publisher\" content=\"https:\/\/www.facebook.com\/TuincentrumEliassenAmmerzoden\" \/>\n<meta property=\"article:modified_time\" content=\"2024-12-05T15:14:13+00:00\" \/>\n<meta property=\"og:image\" content=\"https:\/\/dev.eliassen.nl\/wp-content\/uploads\/2024\/01\/fv0673brwbi11x11x6cm.jpg\" \/>\n\t<meta property=\"og:image:width\" content=\"1200\" \/>\n\t<meta property=\"og:image:height\" content=\"900\" \/>\n\t<meta property=\"og:image:type\" content=\"image\/jpeg\" \/>\n<meta name=\"twitter:card\" content=\"summary_large_image\" \/>\n<script type=\"application\/ld+json\" class=\"yoast-schema-graph\">{\"@context\":\"https:\/\/schema.org\",\"@graph\":[{\"@type\":\"WebPage\",\"@id\":\"https:\/\/dev.eliassen.nl\/de\/urne-katze-bronze-11cm\/\",\"url\":\"https:\/\/dev.eliassen.nl\/de\/urne-katze-bronze-11cm\/\",\"name\":\"Urne Katze Bronze 11cm\",\"isPartOf\":{\"@id\":\"https:\/\/dev.eliassen.nl\/de\/#website\"},\"primaryImageOfPage\":{\"@id\":\"https:\/\/dev.eliassen.nl\/de\/urne-katze-bronze-11cm\/#primaryimage\"},\"image\":{\"@id\":\"https:\/\/dev.eliassen.nl\/de\/urne-katze-bronze-11cm\/#primaryimage\"},\"thumbnailUrl\":\"https:\/\/dev.eliassen.nl\/wp-content\/uploads\/2024\/01\/fv0673brwbi11x11x6cm.jpg\",\"datePublished\":\"2022-11-30T08:26:38+00:00\",\"dateModified\":\"2024-12-05T15:14:13+00:00\",\"description\":\"Bei Eliassen k\u00f6nnen Sie eine Bronzeurne mit Katze online oder im Ausstellungsraum kaufen. Wir haben eine gro\u00dfe Sammlung von Bronzestatuen online und im Laden.\",\"breadcrumb\":{\"@id\":\"https:\/\/dev.eliassen.nl\/de\/urne-katze-bronze-11cm\/#breadcrumb\"},\"inLanguage\":\"de\",\"potentialAction\":[{\"@type\":\"ReadAction\",\"target\":[\"https:\/\/dev.eliassen.nl\/de\/urne-katze-bronze-11cm\/\"]}]},{\"@type\":\"ImageObject\",\"inLanguage\":\"de\",\"@id\":\"https:\/\/dev.eliassen.nl\/de\/urne-katze-bronze-11cm\/#primaryimage\",\"url\":\"https:\/\/dev.eliassen.nl\/wp-content\/uploads\/2024\/01\/fv0673brwbi11x11x6cm.jpg\",\"contentUrl\":\"https:\/\/dev.eliassen.nl\/wp-content\/uploads\/2024\/01\/fv0673brwbi11x11x6cm.jpg\",\"width\":1200,\"height\":900,\"caption\":\"FV0673BRW-BI-11x11x6-cm\"},{\"@type\":\"BreadcrumbList\",\"@id\":\"https:\/\/dev.eliassen.nl\/de\/urne-katze-bronze-11cm\/#breadcrumb\",\"itemListElement\":[{\"@type\":\"ListItem\",\"position\":1,\"name\":\"Home\",\"item\":\"https:\/\/dev.eliassen.nl\/de\/\"},{\"@type\":\"ListItem\",\"position\":2,\"name\":\"Shop\",\"item\":\"https:\/\/dev.eliassen.nl\/nl\/winkel\/\"},{\"@type\":\"ListItem\",\"position\":3,\"name\":\"Bronzestatuen\",\"item\":\"https:\/\/dev.eliassen.nl\/de\/bilder\/bronzestatuen\/\"},{\"@type\":\"ListItem\",\"position\":4,\"name\":\"Tierstatuen aus Bronze\",\"item\":\"https:\/\/dev.eliassen.nl\/de\/bilder\/bronzestatuen\/tierstatuen-aus-bronze\/\"},{\"@type\":\"ListItem\",\"position\":5,\"name\":\"Urne Katze Bronze 11cm\"}]},{\"@type\":\"WebSite\",\"@id\":\"https:\/\/dev.eliassen.nl\/de\/#website\",\"url\":\"https:\/\/dev.eliassen.nl\/de\/\",\"name\":\"Eliassen Home & Garden Pleasure\",\"description\":\"\",\"publisher\":{\"@id\":\"https:\/\/dev.eliassen.nl\/de\/#organization\"},\"alternateName\":\"Eliassen.nl\",\"potentialAction\":[{\"@type\":\"SearchAction\",\"target\":{\"@type\":\"EntryPoint\",\"urlTemplate\":\"https:\/\/dev.eliassen.nl\/de\/?s={search_term_string}\"},\"query-input\":{\"@type\":\"PropertyValueSpecification\",\"valueRequired\":true,\"valueName\":\"search_term_string\"}}],\"inLanguage\":\"de\"},{\"@type\":\"Organization\",\"@id\":\"https:\/\/dev.eliassen.nl\/de\/#organization\",\"name\":\"Eliassen Home & Garden Pleasure\",\"url\":\"https:\/\/dev.eliassen.nl\/de\/\",\"logo\":{\"@type\":\"ImageObject\",\"inLanguage\":\"de\",\"@id\":\"https:\/\/dev.eliassen.nl\/de\/#\/schema\/logo\/image\/\",\"url\":\"https:\/\/www.eliassen.nl\/wp-content\/uploads\/2024\/01\/logo_4nd.jpg\",\"contentUrl\":\"https:\/\/www.eliassen.nl\/wp-content\/uploads\/2024\/01\/logo_4nd.jpg\",\"width\":500,\"height\":500,\"caption\":\"Eliassen Home & Garden Pleasure\"},\"image\":{\"@id\":\"https:\/\/dev.eliassen.nl\/de\/#\/schema\/logo\/image\/\"},\"sameAs\":[\"https:\/\/www.facebook.com\/TuincentrumEliassenAmmerzoden\",\"https:\/\/www.instagram.com\/eliassenhomeandgarden\/\",\"https:\/\/nl.pinterest.com\/eliassenhomeandgarden\/\",\"https:\/\/www.youtube.com\/@eliassenhomegardenpleasure4558\"]}]}<\/script>\n<!-- \/ Yoast SEO plugin. -->","yoast_head_json":{"title":"Urne Katze Bronze 11cm","description":"Bei Eliassen k\u00f6nnen Sie eine Bronzeurne mit Katze online oder im Ausstellungsraum kaufen. Wir haben eine gro\u00dfe Sammlung von Bronzestatuen online und im Laden.","robots":{"index":"noindex","follow":"follow","max-snippet":"max-snippet:-1","max-image-preview":"max-image-preview:large","max-video-preview":"max-video-preview:-1"},"og_locale":"de_DE","og_type":"article","og_title":"Urne Katze Bronze 11cm","og_description":"Bei Eliassen k\u00f6nnen Sie eine Bronzeurne mit Katze online oder im Ausstellungsraum kaufen. Wir haben eine gro\u00dfe Sammlung von Bronzestatuen online und im Laden.","og_url":"https:\/\/dev.eliassen.nl\/de\/urne-katze-bronze-11cm\/","og_site_name":"Eliassen.nl","article_publisher":"https:\/\/www.facebook.com\/TuincentrumEliassenAmmerzoden","article_modified_time":"2024-12-05T15:14:13+00:00","og_image":[{"width":1200,"height":900,"url":"https:\/\/dev.eliassen.nl\/wp-content\/uploads\/2024\/01\/fv0673brwbi11x11x6cm.jpg","type":"image\/jpeg"}],"twitter_card":"summary_large_image","schema":{"@context":"https:\/\/schema.org","@graph":[{"@type":"WebPage","@id":"https:\/\/dev.eliassen.nl\/de\/urne-katze-bronze-11cm\/","url":"https:\/\/dev.eliassen.nl\/de\/urne-katze-bronze-11cm\/","name":"Urne Katze Bronze 11cm","isPartOf":{"@id":"https:\/\/dev.eliassen.nl\/de\/#website"},"primaryImageOfPage":{"@id":"https:\/\/dev.eliassen.nl\/de\/urne-katze-bronze-11cm\/#primaryimage"},"image":{"@id":"https:\/\/dev.eliassen.nl\/de\/urne-katze-bronze-11cm\/#primaryimage"},"thumbnailUrl":"https:\/\/dev.eliassen.nl\/wp-content\/uploads\/2024\/01\/fv0673brwbi11x11x6cm.jpg","datePublished":"2022-11-30T08:26:38+00:00","dateModified":"2024-12-05T15:14:13+00:00","description":"Bei Eliassen k\u00f6nnen Sie eine Bronzeurne mit Katze online oder im Ausstellungsraum kaufen. Wir haben eine gro\u00dfe Sammlung von Bronzestatuen online und im Laden.","breadcrumb":{"@id":"https:\/\/dev.eliassen.nl\/de\/urne-katze-bronze-11cm\/#breadcrumb"},"inLanguage":"de","potentialAction":[{"@type":"ReadAction","target":["https:\/\/dev.eliassen.nl\/de\/urne-katze-bronze-11cm\/"]}]},{"@type":"ImageObject","inLanguage":"de","@id":"https:\/\/dev.eliassen.nl\/de\/urne-katze-bronze-11cm\/#primaryimage","url":"https:\/\/dev.eliassen.nl\/wp-content\/uploads\/2024\/01\/fv0673brwbi11x11x6cm.jpg","contentUrl":"https:\/\/dev.eliassen.nl\/wp-content\/uploads\/2024\/01\/fv0673brwbi11x11x6cm.jpg","width":1200,"height":900,"caption":"FV0673BRW-BI-11x11x6-cm"},{"@type":"BreadcrumbList","@id":"https:\/\/dev.eliassen.nl\/de\/urne-katze-bronze-11cm\/#breadcrumb","itemListElement":[{"@type":"ListItem","position":1,"name":"Home","item":"https:\/\/dev.eliassen.nl\/de\/"},{"@type":"ListItem","position":2,"name":"Shop","item":"https:\/\/dev.eliassen.nl\/nl\/winkel\/"},{"@type":"ListItem","position":3,"name":"Bronzestatuen","item":"https:\/\/dev.eliassen.nl\/de\/bilder\/bronzestatuen\/"},{"@type":"ListItem","position":4,"name":"Tierstatuen aus Bronze","item":"https:\/\/dev.eliassen.nl\/de\/bilder\/bronzestatuen\/tierstatuen-aus-bronze\/"},{"@type":"ListItem","position":5,"name":"Urne Katze Bronze 11cm"}]},{"@type":"WebSite","@id":"https:\/\/dev.eliassen.nl\/de\/#website","url":"https:\/\/dev.eliassen.nl\/de\/","name":"Eliassen Home & Garden Pleasure","description":"","publisher":{"@id":"https:\/\/dev.eliassen.nl\/de\/#organization"},"alternateName":"Eliassen.nl","potentialAction":[{"@type":"SearchAction","target":{"@type":"EntryPoint","urlTemplate":"https:\/\/dev.eliassen.nl\/de\/?s={search_term_string}"},"query-input":{"@type":"PropertyValueSpecification","valueRequired":true,"valueName":"search_term_string"}}],"inLanguage":"de"},{"@type":"Organization","@id":"https:\/\/dev.eliassen.nl\/de\/#organization","name":"Eliassen Home & Garden Pleasure","url":"https:\/\/dev.eliassen.nl\/de\/","logo":{"@type":"ImageObject","inLanguage":"de","@id":"https:\/\/dev.eliassen.nl\/de\/#\/schema\/logo\/image\/","url":"https:\/\/www.eliassen.nl\/wp-content\/uploads\/2024\/01\/logo_4nd.jpg","contentUrl":"https:\/\/www.eliassen.nl\/wp-content\/uploads\/2024\/01\/logo_4nd.jpg","width":500,"height":500,"caption":"Eliassen Home & Garden Pleasure"},"image":{"@id":"https:\/\/dev.eliassen.nl\/de\/#\/schema\/logo\/image\/"},"sameAs":["https:\/\/www.facebook.com\/TuincentrumEliassenAmmerzoden","https:\/\/www.instagram.com\/eliassenhomeandgarden\/","https:\/\/nl.pinterest.com\/eliassenhomeandgarden\/","https:\/\/www.youtube.com\/@eliassenhomegardenpleasure4558"]}]}},"df_price":130,"df_sale_price":"","df_regular_price":130,"df_image_link":"https:\/\/dev.eliassen.nl\/wp-content\/uploads\/2024\/01\/fv0673brwbi11x11x6cm.jpg","image":"https:\/\/dev.eliassen.nl\/wp-content\/uploads\/2024\/01\/fv0673brwbi11x11x6cm.jpg","price_search":"<span class=\"woocommerce-Price-amount amount\"><bdi><span class=\"woocommerce-Price-currencySymbol\">&euro;<\/span>&nbsp;130,00<\/bdi><\/span>","category":"Bronzestatuen","_links":{"self":[{"href":"https:\/\/dev.eliassen.nl\/de\/wp-json\/wp\/v2\/product\/78841","targetHints":{"allow":["GET"]}}],"collection":[{"href":"https:\/\/dev.eliassen.nl\/de\/wp-json\/wp\/v2\/product"}],"about":[{"href":"https:\/\/dev.eliassen.nl\/de\/wp-json\/wp\/v2\/types\/product"}],"wp:featuredmedia":[{"embeddable":true,"href":"https:\/\/dev.eliassen.nl\/de\/wp-json\/wp\/v2\/media\/78838"}],"wp:attachment":[{"href":"https:\/\/dev.eliassen.nl\/de\/wp-json\/wp\/v2\/media?parent=78841"}],"wp:term":[{"taxonomy":"product_brand","embeddable":true,"href":"https:\/\/dev.eliassen.nl\/de\/wp-json\/wp\/v2\/product_brand?post=78841"},{"taxonomy":"product_cat","embeddable":true,"href":"https:\/\/dev.eliassen.nl\/de\/wp-json\/wp\/v2\/product_cat?post=78841"},{"taxonomy":"product_tag","embeddable":true,"href":"https:\/\/dev.eliassen.nl\/de\/wp-json\/wp\/v2\/product_tag?post=78841"}],"curies":[{"name":"wp","href":"https:\/\/api.w.org\/{rel}","templated":true}]}}