{"id":79030,"date":"2022-12-06T15:04:29","date_gmt":"2022-12-06T14:04:29","guid":{"rendered":"https:\/\/www.eliassen.nl\/?product=zuil-hoogglans-urta-zilvergrijs-90cm"},"modified":"2024-12-05T16:14:36","modified_gmt":"2024-12-05T15:14:36","slug":"saule-hochglanz-urta-silbergrau-90cm","status":"publish","type":"product","link":"https:\/\/dev.eliassen.nl\/de\/saule-hochglanz-urta-silbergrau-90cm\/","title":{"rendered":"S\u00e4ule Hochglanz Urta silbergrau 90cm"},"content":{"rendered":"<p>Bringen Sie mit dieser gro\u00dfen, modernen Urta-S\u00e4ule in Hochglanz-Wei\u00df pure Sch\u00f6nheit in Ihr Haus oder Ihren Garten.<\/p>\n<p>Hergestellt aus starkem Fiberstone, wundersch\u00f6n verarbeitet mit einem superstarken, gl\u00e4nzenden Hochglanzlack von super Qualit\u00e4t, vergleichbar mit Autolack. Fiberstone wird aus gemahlenem Naturstein hergestellt, mit Polyester-Epoxidharz gemischt und mit Glasfasermatten verst\u00e4rkt. Diese Serie von Vasen und Pflanzgef\u00e4\u00dfen ist f\u00fcr den Innen- und Au\u00dfenbereich geeignet. Sch\u00f6n in Kombination mit dem Codi-Topf, aber auch f\u00fcr eine Statue, Sonnenuhr usw.<\/p>\n<p><strong>Diese Serie kann auch in unserem Shop angesehen werden.<\/strong><\/p>\n<ul>\n<li><span style=\"color: #000000;\">Gr\u00f6\u00dfe: 30 x 30 x 90 cm hoch<\/span><\/li>\n<li>Sehr stilvoll in eleganten, modernen Innenr\u00e4umen und G\u00e4rten<\/li>\n<li>Frostbest\u00e4ndig: Ja<\/li>\n<li>Maximale Belastung: 70 kg<\/li>\n<li>Material: Polyester-Faserstein<\/li>\n<li>3 Jahre Garantie, ausgenommen \u00e4u\u00dfere Sch\u00e4den<\/li>\n<li>UV-best\u00e4ndig<\/li>\n<li>Eigener Import und Lager<\/li>\n<li>Schnell geliefert<\/li>\n<li>Verpackt in einem stabilen Karton<\/li>\n<\/ul>\n","protected":false},"excerpt":{"rendered":"<p>Bringen Sie mit dieser gro\u00dfen, modernen Urta-S\u00e4ule in Hochglanz-Wei\u00df pure Sch\u00f6nheit in Ihr Haus oder Ihren Garten. Hergestellt aus starkem Fiberstone, wundersch\u00f6n verarbeitet mit einem superstarken, gl\u00e4nzenden Hochglanzlack von super Qualit\u00e4t, vergleichbar mit Autolack. Fiberstone wird aus gemahlenem Naturstein hergestellt, mit Polyester-Epoxidharz gemischt und mit Glasfasermatten verst\u00e4rkt. Diese Serie von Vasen und Pflanzgef\u00e4\u00dfen ist f\u00fcr &hellip;<\/p>\n","protected":false},"featured_media":79024,"template":"","meta":{"_acf_changed":false},"product_brand":[6916],"product_cat":[782,788],"product_tag":[],"class_list":{"0":"post-79030","1":"product","2":"type-product","3":"status-publish","4":"has-post-thumbnail","6":"product_brand-eliassen-de","7":"product_cat-sockel","8":"product_cat-sockel-aus-polyester","10":"first","11":"outofstock","12":"sale","13":"taxable","14":"shipping-taxable","15":"purchasable","16":"product-type-simple"},"acf":[],"yoast_head":"<!-- This site is optimized with the Yoast SEO plugin v23.8 - https:\/\/yoast.com\/wordpress\/plugins\/seo\/ -->\n<title>S\u00e4ule Hochglanz Urta silbergrau 90cm - eliassen.nl<\/title>\n<meta name=\"description\" content=\"S\u00e4ule wei\u00df hochgl\u00e4nzend, 90cm Urta hochgl\u00e4nzend. Hergestellt aus starkem Fiberstone, wundersch\u00f6n verarbeitet mit einem gl\u00e4nzenden Hochglanzlack in Superquali...\" \/>\n<meta name=\"robots\" content=\"noindex, follow, max-snippet:-1, max-image-preview:large, max-video-preview:-1\" \/>\n<meta property=\"og:locale\" content=\"de_DE\" \/>\n<meta property=\"og:type\" content=\"article\" \/>\n<meta property=\"og:title\" content=\"S\u00e4ule Hochglanz Urta silbergrau 90cm - eliassen.nl\" \/>\n<meta property=\"og:description\" content=\"S\u00e4ule wei\u00df hochgl\u00e4nzend, 90cm Urta hochgl\u00e4nzend. Hergestellt aus starkem Fiberstone, wundersch\u00f6n verarbeitet mit einem gl\u00e4nzenden Hochglanzlack in Superquali...\" \/>\n<meta property=\"og:url\" content=\"https:\/\/dev.eliassen.nl\/de\/saule-hochglanz-urta-silbergrau-90cm\/\" \/>\n<meta property=\"og:site_name\" content=\"Eliassen.nl\" \/>\n<meta property=\"article:publisher\" content=\"https:\/\/www.facebook.com\/TuincentrumEliassenAmmerzoden\" \/>\n<meta property=\"article:modified_time\" content=\"2024-12-05T15:14:36+00:00\" \/>\n<meta property=\"og:image\" content=\"https:\/\/dev.eliassen.nl\/wp-content\/uploads\/2024\/01\/mijnproject_255nd.png\" \/>\n\t<meta property=\"og:image:width\" content=\"536\" \/>\n\t<meta property=\"og:image:height\" content=\"1067\" \/>\n\t<meta property=\"og:image:type\" content=\"image\/png\" \/>\n<meta name=\"twitter:card\" content=\"summary_large_image\" \/>\n<script type=\"application\/ld+json\" class=\"yoast-schema-graph\">{\"@context\":\"https:\/\/schema.org\",\"@graph\":[{\"@type\":\"WebPage\",\"@id\":\"https:\/\/dev.eliassen.nl\/de\/saule-hochglanz-urta-silbergrau-90cm\/\",\"url\":\"https:\/\/dev.eliassen.nl\/de\/saule-hochglanz-urta-silbergrau-90cm\/\",\"name\":\"S\u00e4ule Hochglanz Urta silbergrau 90cm - eliassen.nl\",\"isPartOf\":{\"@id\":\"https:\/\/dev.eliassen.nl\/de\/#website\"},\"primaryImageOfPage\":{\"@id\":\"https:\/\/dev.eliassen.nl\/de\/saule-hochglanz-urta-silbergrau-90cm\/#primaryimage\"},\"image\":{\"@id\":\"https:\/\/dev.eliassen.nl\/de\/saule-hochglanz-urta-silbergrau-90cm\/#primaryimage\"},\"thumbnailUrl\":\"https:\/\/dev.eliassen.nl\/wp-content\/uploads\/2024\/01\/mijnproject_255nd.png\",\"datePublished\":\"2022-12-06T14:04:29+00:00\",\"dateModified\":\"2024-12-05T15:14:36+00:00\",\"description\":\"S\u00e4ule wei\u00df hochgl\u00e4nzend, 90cm Urta hochgl\u00e4nzend. Hergestellt aus starkem Fiberstone, wundersch\u00f6n verarbeitet mit einem gl\u00e4nzenden Hochglanzlack in Superquali...\",\"breadcrumb\":{\"@id\":\"https:\/\/dev.eliassen.nl\/de\/saule-hochglanz-urta-silbergrau-90cm\/#breadcrumb\"},\"inLanguage\":\"de\",\"potentialAction\":[{\"@type\":\"ReadAction\",\"target\":[\"https:\/\/dev.eliassen.nl\/de\/saule-hochglanz-urta-silbergrau-90cm\/\"]}]},{\"@type\":\"ImageObject\",\"inLanguage\":\"de\",\"@id\":\"https:\/\/dev.eliassen.nl\/de\/saule-hochglanz-urta-silbergrau-90cm\/#primaryimage\",\"url\":\"https:\/\/dev.eliassen.nl\/wp-content\/uploads\/2024\/01\/mijnproject_255nd.png\",\"contentUrl\":\"https:\/\/dev.eliassen.nl\/wp-content\/uploads\/2024\/01\/mijnproject_255nd.png\",\"width\":536,\"height\":1067,\"caption\":\"Mijn project\"},{\"@type\":\"BreadcrumbList\",\"@id\":\"https:\/\/dev.eliassen.nl\/de\/saule-hochglanz-urta-silbergrau-90cm\/#breadcrumb\",\"itemListElement\":[{\"@type\":\"ListItem\",\"position\":1,\"name\":\"Home\",\"item\":\"https:\/\/dev.eliassen.nl\/de\/\"},{\"@type\":\"ListItem\",\"position\":2,\"name\":\"Shop\",\"item\":\"https:\/\/dev.eliassen.nl\/nl\/winkel\/\"},{\"@type\":\"ListItem\",\"position\":3,\"name\":\"Sockel\",\"item\":\"https:\/\/dev.eliassen.nl\/de\/sockel\/\"},{\"@type\":\"ListItem\",\"position\":4,\"name\":\"Sockel aus Polyester\",\"item\":\"https:\/\/dev.eliassen.nl\/de\/sockel\/sockel-aus-polyester\/\"},{\"@type\":\"ListItem\",\"position\":5,\"name\":\"S\u00e4ule Hochglanz Urta silbergrau 90cm\"}]},{\"@type\":\"WebSite\",\"@id\":\"https:\/\/dev.eliassen.nl\/de\/#website\",\"url\":\"https:\/\/dev.eliassen.nl\/de\/\",\"name\":\"Eliassen Home & Garden Pleasure\",\"description\":\"\",\"publisher\":{\"@id\":\"https:\/\/dev.eliassen.nl\/de\/#organization\"},\"alternateName\":\"Eliassen.nl\",\"potentialAction\":[{\"@type\":\"SearchAction\",\"target\":{\"@type\":\"EntryPoint\",\"urlTemplate\":\"https:\/\/dev.eliassen.nl\/de\/?s={search_term_string}\"},\"query-input\":{\"@type\":\"PropertyValueSpecification\",\"valueRequired\":true,\"valueName\":\"search_term_string\"}}],\"inLanguage\":\"de\"},{\"@type\":\"Organization\",\"@id\":\"https:\/\/dev.eliassen.nl\/de\/#organization\",\"name\":\"Eliassen Home & Garden Pleasure\",\"url\":\"https:\/\/dev.eliassen.nl\/de\/\",\"logo\":{\"@type\":\"ImageObject\",\"inLanguage\":\"de\",\"@id\":\"https:\/\/dev.eliassen.nl\/de\/#\/schema\/logo\/image\/\",\"url\":\"https:\/\/www.eliassen.nl\/wp-content\/uploads\/2024\/01\/logo_4nd.jpg\",\"contentUrl\":\"https:\/\/www.eliassen.nl\/wp-content\/uploads\/2024\/01\/logo_4nd.jpg\",\"width\":500,\"height\":500,\"caption\":\"Eliassen Home & Garden Pleasure\"},\"image\":{\"@id\":\"https:\/\/dev.eliassen.nl\/de\/#\/schema\/logo\/image\/\"},\"sameAs\":[\"https:\/\/www.facebook.com\/TuincentrumEliassenAmmerzoden\",\"https:\/\/www.instagram.com\/eliassenhomeandgarden\/\",\"https:\/\/nl.pinterest.com\/eliassenhomeandgarden\/\",\"https:\/\/www.youtube.com\/@eliassenhomegardenpleasure4558\"]}]}<\/script>\n<!-- \/ Yoast SEO plugin. -->","yoast_head_json":{"title":"S\u00e4ule Hochglanz Urta silbergrau 90cm - eliassen.nl","description":"S\u00e4ule wei\u00df hochgl\u00e4nzend, 90cm Urta hochgl\u00e4nzend. Hergestellt aus starkem Fiberstone, wundersch\u00f6n verarbeitet mit einem gl\u00e4nzenden Hochglanzlack in Superquali...","robots":{"index":"noindex","follow":"follow","max-snippet":"max-snippet:-1","max-image-preview":"max-image-preview:large","max-video-preview":"max-video-preview:-1"},"og_locale":"de_DE","og_type":"article","og_title":"S\u00e4ule Hochglanz Urta silbergrau 90cm - eliassen.nl","og_description":"S\u00e4ule wei\u00df hochgl\u00e4nzend, 90cm Urta hochgl\u00e4nzend. Hergestellt aus starkem Fiberstone, wundersch\u00f6n verarbeitet mit einem gl\u00e4nzenden Hochglanzlack in Superquali...","og_url":"https:\/\/dev.eliassen.nl\/de\/saule-hochglanz-urta-silbergrau-90cm\/","og_site_name":"Eliassen.nl","article_publisher":"https:\/\/www.facebook.com\/TuincentrumEliassenAmmerzoden","article_modified_time":"2024-12-05T15:14:36+00:00","og_image":[{"width":536,"height":1067,"url":"https:\/\/dev.eliassen.nl\/wp-content\/uploads\/2024\/01\/mijnproject_255nd.png","type":"image\/png"}],"twitter_card":"summary_large_image","schema":{"@context":"https:\/\/schema.org","@graph":[{"@type":"WebPage","@id":"https:\/\/dev.eliassen.nl\/de\/saule-hochglanz-urta-silbergrau-90cm\/","url":"https:\/\/dev.eliassen.nl\/de\/saule-hochglanz-urta-silbergrau-90cm\/","name":"S\u00e4ule Hochglanz Urta silbergrau 90cm - eliassen.nl","isPartOf":{"@id":"https:\/\/dev.eliassen.nl\/de\/#website"},"primaryImageOfPage":{"@id":"https:\/\/dev.eliassen.nl\/de\/saule-hochglanz-urta-silbergrau-90cm\/#primaryimage"},"image":{"@id":"https:\/\/dev.eliassen.nl\/de\/saule-hochglanz-urta-silbergrau-90cm\/#primaryimage"},"thumbnailUrl":"https:\/\/dev.eliassen.nl\/wp-content\/uploads\/2024\/01\/mijnproject_255nd.png","datePublished":"2022-12-06T14:04:29+00:00","dateModified":"2024-12-05T15:14:36+00:00","description":"S\u00e4ule wei\u00df hochgl\u00e4nzend, 90cm Urta hochgl\u00e4nzend. Hergestellt aus starkem Fiberstone, wundersch\u00f6n verarbeitet mit einem gl\u00e4nzenden Hochglanzlack in Superquali...","breadcrumb":{"@id":"https:\/\/dev.eliassen.nl\/de\/saule-hochglanz-urta-silbergrau-90cm\/#breadcrumb"},"inLanguage":"de","potentialAction":[{"@type":"ReadAction","target":["https:\/\/dev.eliassen.nl\/de\/saule-hochglanz-urta-silbergrau-90cm\/"]}]},{"@type":"ImageObject","inLanguage":"de","@id":"https:\/\/dev.eliassen.nl\/de\/saule-hochglanz-urta-silbergrau-90cm\/#primaryimage","url":"https:\/\/dev.eliassen.nl\/wp-content\/uploads\/2024\/01\/mijnproject_255nd.png","contentUrl":"https:\/\/dev.eliassen.nl\/wp-content\/uploads\/2024\/01\/mijnproject_255nd.png","width":536,"height":1067,"caption":"Mijn project"},{"@type":"BreadcrumbList","@id":"https:\/\/dev.eliassen.nl\/de\/saule-hochglanz-urta-silbergrau-90cm\/#breadcrumb","itemListElement":[{"@type":"ListItem","position":1,"name":"Home","item":"https:\/\/dev.eliassen.nl\/de\/"},{"@type":"ListItem","position":2,"name":"Shop","item":"https:\/\/dev.eliassen.nl\/nl\/winkel\/"},{"@type":"ListItem","position":3,"name":"Sockel","item":"https:\/\/dev.eliassen.nl\/de\/sockel\/"},{"@type":"ListItem","position":4,"name":"Sockel aus Polyester","item":"https:\/\/dev.eliassen.nl\/de\/sockel\/sockel-aus-polyester\/"},{"@type":"ListItem","position":5,"name":"S\u00e4ule Hochglanz Urta silbergrau 90cm"}]},{"@type":"WebSite","@id":"https:\/\/dev.eliassen.nl\/de\/#website","url":"https:\/\/dev.eliassen.nl\/de\/","name":"Eliassen Home & Garden Pleasure","description":"","publisher":{"@id":"https:\/\/dev.eliassen.nl\/de\/#organization"},"alternateName":"Eliassen.nl","potentialAction":[{"@type":"SearchAction","target":{"@type":"EntryPoint","urlTemplate":"https:\/\/dev.eliassen.nl\/de\/?s={search_term_string}"},"query-input":{"@type":"PropertyValueSpecification","valueRequired":true,"valueName":"search_term_string"}}],"inLanguage":"de"},{"@type":"Organization","@id":"https:\/\/dev.eliassen.nl\/de\/#organization","name":"Eliassen Home & Garden Pleasure","url":"https:\/\/dev.eliassen.nl\/de\/","logo":{"@type":"ImageObject","inLanguage":"de","@id":"https:\/\/dev.eliassen.nl\/de\/#\/schema\/logo\/image\/","url":"https:\/\/www.eliassen.nl\/wp-content\/uploads\/2024\/01\/logo_4nd.jpg","contentUrl":"https:\/\/www.eliassen.nl\/wp-content\/uploads\/2024\/01\/logo_4nd.jpg","width":500,"height":500,"caption":"Eliassen Home & Garden Pleasure"},"image":{"@id":"https:\/\/dev.eliassen.nl\/de\/#\/schema\/logo\/image\/"},"sameAs":["https:\/\/www.facebook.com\/TuincentrumEliassenAmmerzoden","https:\/\/www.instagram.com\/eliassenhomeandgarden\/","https:\/\/nl.pinterest.com\/eliassenhomeandgarden\/","https:\/\/www.youtube.com\/@eliassenhomegardenpleasure4558"]}]}},"df_price":95,"df_sale_price":95,"df_regular_price":109,"df_image_link":"https:\/\/dev.eliassen.nl\/wp-content\/uploads\/2024\/01\/mijnproject_255nd.png","image":"https:\/\/dev.eliassen.nl\/wp-content\/uploads\/2024\/01\/mijnproject_255nd.png","price_search":"<span class=\"woocommerce-Price-amount amount\"><bdi><span class=\"woocommerce-Price-currencySymbol\">&euro;<\/span>&nbsp;95,00<\/bdi><\/span>","category":"Sockel","_links":{"self":[{"href":"https:\/\/dev.eliassen.nl\/de\/wp-json\/wp\/v2\/product\/79030","targetHints":{"allow":["GET"]}}],"collection":[{"href":"https:\/\/dev.eliassen.nl\/de\/wp-json\/wp\/v2\/product"}],"about":[{"href":"https:\/\/dev.eliassen.nl\/de\/wp-json\/wp\/v2\/types\/product"}],"wp:featuredmedia":[{"embeddable":true,"href":"https:\/\/dev.eliassen.nl\/de\/wp-json\/wp\/v2\/media\/79024"}],"wp:attachment":[{"href":"https:\/\/dev.eliassen.nl\/de\/wp-json\/wp\/v2\/media?parent=79030"}],"wp:term":[{"taxonomy":"product_brand","embeddable":true,"href":"https:\/\/dev.eliassen.nl\/de\/wp-json\/wp\/v2\/product_brand?post=79030"},{"taxonomy":"product_cat","embeddable":true,"href":"https:\/\/dev.eliassen.nl\/de\/wp-json\/wp\/v2\/product_cat?post=79030"},{"taxonomy":"product_tag","embeddable":true,"href":"https:\/\/dev.eliassen.nl\/de\/wp-json\/wp\/v2\/product_tag?post=79030"}],"curies":[{"name":"wp","href":"https:\/\/api.w.org\/{rel}","templated":true}]}}