{"id":79564,"date":"2022-12-22T11:31:57","date_gmt":"2022-12-22T10:31:57","guid":{"rendered":"https:\/\/www.eliassen.nl\/?product=bronzen-beeld-moderne-boom"},"modified":"2024-12-05T16:16:23","modified_gmt":"2024-12-05T15:16:23","slug":"bronzeskulptur-moderner-baum","status":"publish","type":"product","link":"https:\/\/dev.eliassen.nl\/de\/bronzeskulptur-moderner-baum\/","title":{"rendered":"Bronzeskulptur Moderner Baum"},"content":{"rendered":"<p>Gestalten Sie Ihr Wohn- oder Arbeitsumfeld mit einer langlebigen Statue aus Bronze sehr stimmungsvoll. Wir k\u00f6nnen Ihnen Modelle von Statuen anbieten, die in klassische, zeitlose oder moderne Umgebungen passen.<\/p>\n<p>Dieses moderne und abstrakte Bild eines modernen Baumes misst 80 x 38 x 133 cm und wird auf traditionelle Weise im sogenannten Wachsausschmelzverfahren hergestellt.<\/p>\n<p>Dies geschieht folgenderma\u00dfen: Ein Wachsmodell wird in eine feuerfeste Masse wie Ton eingebettet, danach wird das Wachs ausgeschmolzen und die Form getrocknet. In den entstandenen Hohlraum wird dann Bronze gegossen. Nach dem Abk\u00fchlen wird die Form demontiert und die \u00d6ffnung, durch die die Bronze in die Form gegossen wird, abges\u00e4gt und die Skulptur bleibt zur\u00fcck. Schlie\u00dflich wird die Skulptur durch L\u00f6ten von L\u00f6chern, Abschleifen von Unebenheiten und anschlie\u00dfendes Einf\u00e4rben mit S\u00e4ure fertiggestellt. Gr\u00f6\u00dfere Bronzestatuen werden in Teilen gegossen und dann zusammengeschwei\u00dft und dann glatt geschliffen.<\/p>\n<p>Bronze ist eine Legierung aus Kupfer und Zinn. Je h\u00f6her der Kupfergehalt, desto h\u00f6her die Qualit\u00e4t der Bronze. Diese Statue hat einen Kupfergehalt von mindestens 75%, womit die Haltbarkeit absolut garantiert ist.<\/p>\n<p>Diese Bronzeskulptur kann im Freien auf jeder ebenen Fl\u00e4che aufgestellt werden, viele Modelle sind mit einem M8-Gewindeanschluss ausgestattet, mit dem die Skulptur befestigt werden kann. Wenn nicht vorhanden, kann jedes Bild mit einem guten Montagesatz befestigt werden. Im Freien werden Bronzestatuen etwas stumpfer, Sie k\u00f6nnen sie wieder gl\u00e4nzend machen, indem Sie sie mit Bienenwachs pflegen.<\/p>\n<p>Bronzestatuen werden oft auf einen passenden Sockel gestellt. Wir haben auch eine riesige Sammlung von S\u00e4ulen und Sockeln, damit Sie eine sch\u00f6ne Kombination machen k\u00f6nnen.<\/p>\n<ul>\n<li>Gr\u00f6\u00dfe: 80 x 38 x 133 cm<\/li>\n<li>Gewicht: 15 kg<\/li>\n<li>Material: Bronze<\/li>\n<li>Kommt mit Zertifikat<\/li>\n<li>Schnell geliefert<\/li>\n<li>30 Jahre Garantie<\/li>\n<li><strong>Viele aus dieser Serie von Bronzeskulpturen k\u00f6nnen auch live in unserem Gesch\u00e4ft besichtigt werden<\/strong><\/li>\n<\/ul>\n","protected":false},"excerpt":{"rendered":"<p>80 x 38 x 133 cm<\/p>\n","protected":false},"featured_media":79561,"template":"","meta":{"_acf_changed":false},"product_brand":[],"product_cat":[803,644,613,620,7239],"product_tag":[],"class_list":{"0":"post-79564","1":"product","2":"type-product","3":"status-publish","4":"has-post-thumbnail","6":"product_cat-abstrakte-statuen-aus-bronze","7":"product_cat-andere-bronzestatuen","8":"product_cat-bronzestatuen","9":"product_cat-moderne-bronzestatuen","10":"product_cat-statuen-skulpturen","12":"first","13":"onbackorder","14":"taxable","15":"shipping-taxable","16":"purchasable","17":"product-type-simple"},"acf":[],"yoast_head":"<!-- This site is optimized with the Yoast SEO plugin v23.8 - https:\/\/yoast.com\/wordpress\/plugins\/seo\/ -->\n<title>Bronzen beeld Moderne boom - eliassen.nl<\/title>\n<meta name=\"description\" content=\"Moderne beelden van brons vindt u bij Eliassen. Bekijk hier moderne boom van brons! \u2713 Goede kwaliteit \u2713 Uniek model \u2713 Grote collectie \u2713 Snel leverbaar\" \/>\n<meta name=\"robots\" content=\"noindex, follow, max-snippet:-1, max-image-preview:large, max-video-preview:-1\" \/>\n<meta property=\"og:locale\" content=\"de_DE\" \/>\n<meta property=\"og:type\" content=\"article\" \/>\n<meta property=\"og:title\" content=\"Bronzen beeld Moderne boom - eliassen.nl\" \/>\n<meta property=\"og:description\" content=\"Moderne beelden van brons vindt u bij Eliassen. Bekijk hier moderne boom van brons! \u2713 Goede kwaliteit \u2713 Uniek model \u2713 Grote collectie \u2713 Snel leverbaar\" \/>\n<meta property=\"og:url\" content=\"https:\/\/dev.eliassen.nl\/de\/bronzeskulptur-moderner-baum\/\" \/>\n<meta property=\"og:site_name\" content=\"Eliassen.nl\" \/>\n<meta property=\"article:publisher\" content=\"https:\/\/www.facebook.com\/TuincentrumEliassenAmmerzoden\" \/>\n<meta property=\"article:modified_time\" content=\"2024-12-05T15:16:23+00:00\" \/>\n<meta property=\"og:image\" content=\"https:\/\/dev.eliassen.nl\/wp-content\/uploads\/2024\/01\/bronzenmoderneboomeliassennl.jpg\" \/>\n\t<meta property=\"og:image:width\" content=\"1500\" \/>\n\t<meta property=\"og:image:height\" content=\"1125\" \/>\n\t<meta property=\"og:image:type\" content=\"image\/jpeg\" \/>\n<meta name=\"twitter:card\" content=\"summary_large_image\" \/>\n<script type=\"application\/ld+json\" class=\"yoast-schema-graph\">{\"@context\":\"https:\/\/schema.org\",\"@graph\":[{\"@type\":\"WebPage\",\"@id\":\"https:\/\/dev.eliassen.nl\/de\/bronzeskulptur-moderner-baum\/\",\"url\":\"https:\/\/dev.eliassen.nl\/de\/bronzeskulptur-moderner-baum\/\",\"name\":\"Bronzen beeld Moderne boom - eliassen.nl\",\"isPartOf\":{\"@id\":\"https:\/\/dev.eliassen.nl\/de\/#website\"},\"primaryImageOfPage\":{\"@id\":\"https:\/\/dev.eliassen.nl\/de\/bronzeskulptur-moderner-baum\/#primaryimage\"},\"image\":{\"@id\":\"https:\/\/dev.eliassen.nl\/de\/bronzeskulptur-moderner-baum\/#primaryimage\"},\"thumbnailUrl\":\"https:\/\/dev.eliassen.nl\/wp-content\/uploads\/2024\/01\/bronzenmoderneboomeliassennl.jpg\",\"datePublished\":\"2022-12-22T10:31:57+00:00\",\"dateModified\":\"2024-12-05T15:16:23+00:00\",\"description\":\"Moderne beelden van brons vindt u bij Eliassen. Bekijk hier moderne boom van brons! \u2713 Goede kwaliteit \u2713 Uniek model \u2713 Grote collectie \u2713 Snel leverbaar\",\"breadcrumb\":{\"@id\":\"https:\/\/dev.eliassen.nl\/de\/bronzeskulptur-moderner-baum\/#breadcrumb\"},\"inLanguage\":\"de\",\"potentialAction\":[{\"@type\":\"ReadAction\",\"target\":[\"https:\/\/dev.eliassen.nl\/de\/bronzeskulptur-moderner-baum\/\"]}]},{\"@type\":\"ImageObject\",\"inLanguage\":\"de\",\"@id\":\"https:\/\/dev.eliassen.nl\/de\/bronzeskulptur-moderner-baum\/#primaryimage\",\"url\":\"https:\/\/dev.eliassen.nl\/wp-content\/uploads\/2024\/01\/bronzenmoderneboomeliassennl.jpg\",\"contentUrl\":\"https:\/\/dev.eliassen.nl\/wp-content\/uploads\/2024\/01\/bronzenmoderneboomeliassennl.jpg\",\"width\":1500,\"height\":1125,\"caption\":\"bronzen moderne boom - eliassen.nl\"},{\"@type\":\"BreadcrumbList\",\"@id\":\"https:\/\/dev.eliassen.nl\/de\/bronzeskulptur-moderner-baum\/#breadcrumb\",\"itemListElement\":[{\"@type\":\"ListItem\",\"position\":1,\"name\":\"Home\",\"item\":\"https:\/\/dev.eliassen.nl\/de\/\"},{\"@type\":\"ListItem\",\"position\":2,\"name\":\"Shop\",\"item\":\"https:\/\/dev.eliassen.nl\/nl\/winkel\/\"},{\"@type\":\"ListItem\",\"position\":3,\"name\":\"Bronzestatuen\",\"item\":\"https:\/\/dev.eliassen.nl\/de\/bilder\/bronzestatuen\/\"},{\"@type\":\"ListItem\",\"position\":4,\"name\":\"Abstrakte Statuen aus Bronze\",\"item\":\"https:\/\/dev.eliassen.nl\/de\/bilder\/bronzestatuen\/abstrakte-statuen-aus-bronze\/\"},{\"@type\":\"ListItem\",\"position\":5,\"name\":\"Bronzeskulptur Moderner Baum\"}]},{\"@type\":\"WebSite\",\"@id\":\"https:\/\/dev.eliassen.nl\/de\/#website\",\"url\":\"https:\/\/dev.eliassen.nl\/de\/\",\"name\":\"Eliassen Home & Garden Pleasure\",\"description\":\"\",\"publisher\":{\"@id\":\"https:\/\/dev.eliassen.nl\/de\/#organization\"},\"alternateName\":\"Eliassen.nl\",\"potentialAction\":[{\"@type\":\"SearchAction\",\"target\":{\"@type\":\"EntryPoint\",\"urlTemplate\":\"https:\/\/dev.eliassen.nl\/de\/?s={search_term_string}\"},\"query-input\":{\"@type\":\"PropertyValueSpecification\",\"valueRequired\":true,\"valueName\":\"search_term_string\"}}],\"inLanguage\":\"de\"},{\"@type\":\"Organization\",\"@id\":\"https:\/\/dev.eliassen.nl\/de\/#organization\",\"name\":\"Eliassen Home & Garden Pleasure\",\"url\":\"https:\/\/dev.eliassen.nl\/de\/\",\"logo\":{\"@type\":\"ImageObject\",\"inLanguage\":\"de\",\"@id\":\"https:\/\/dev.eliassen.nl\/de\/#\/schema\/logo\/image\/\",\"url\":\"https:\/\/www.eliassen.nl\/wp-content\/uploads\/2024\/01\/logo_4nd.jpg\",\"contentUrl\":\"https:\/\/www.eliassen.nl\/wp-content\/uploads\/2024\/01\/logo_4nd.jpg\",\"width\":500,\"height\":500,\"caption\":\"Eliassen Home & Garden Pleasure\"},\"image\":{\"@id\":\"https:\/\/dev.eliassen.nl\/de\/#\/schema\/logo\/image\/\"},\"sameAs\":[\"https:\/\/www.facebook.com\/TuincentrumEliassenAmmerzoden\",\"https:\/\/www.instagram.com\/eliassenhomeandgarden\/\",\"https:\/\/nl.pinterest.com\/eliassenhomeandgarden\/\",\"https:\/\/www.youtube.com\/@eliassenhomegardenpleasure4558\"]}]}<\/script>\n<!-- \/ Yoast SEO plugin. -->","yoast_head_json":{"title":"Bronzen beeld Moderne boom - eliassen.nl","description":"Moderne beelden van brons vindt u bij Eliassen. Bekijk hier moderne boom van brons! \u2713 Goede kwaliteit \u2713 Uniek model \u2713 Grote collectie \u2713 Snel leverbaar","robots":{"index":"noindex","follow":"follow","max-snippet":"max-snippet:-1","max-image-preview":"max-image-preview:large","max-video-preview":"max-video-preview:-1"},"og_locale":"de_DE","og_type":"article","og_title":"Bronzen beeld Moderne boom - eliassen.nl","og_description":"Moderne beelden van brons vindt u bij Eliassen. Bekijk hier moderne boom van brons! \u2713 Goede kwaliteit \u2713 Uniek model \u2713 Grote collectie \u2713 Snel leverbaar","og_url":"https:\/\/dev.eliassen.nl\/de\/bronzeskulptur-moderner-baum\/","og_site_name":"Eliassen.nl","article_publisher":"https:\/\/www.facebook.com\/TuincentrumEliassenAmmerzoden","article_modified_time":"2024-12-05T15:16:23+00:00","og_image":[{"width":1500,"height":1125,"url":"https:\/\/dev.eliassen.nl\/wp-content\/uploads\/2024\/01\/bronzenmoderneboomeliassennl.jpg","type":"image\/jpeg"}],"twitter_card":"summary_large_image","schema":{"@context":"https:\/\/schema.org","@graph":[{"@type":"WebPage","@id":"https:\/\/dev.eliassen.nl\/de\/bronzeskulptur-moderner-baum\/","url":"https:\/\/dev.eliassen.nl\/de\/bronzeskulptur-moderner-baum\/","name":"Bronzen beeld Moderne boom - eliassen.nl","isPartOf":{"@id":"https:\/\/dev.eliassen.nl\/de\/#website"},"primaryImageOfPage":{"@id":"https:\/\/dev.eliassen.nl\/de\/bronzeskulptur-moderner-baum\/#primaryimage"},"image":{"@id":"https:\/\/dev.eliassen.nl\/de\/bronzeskulptur-moderner-baum\/#primaryimage"},"thumbnailUrl":"https:\/\/dev.eliassen.nl\/wp-content\/uploads\/2024\/01\/bronzenmoderneboomeliassennl.jpg","datePublished":"2022-12-22T10:31:57+00:00","dateModified":"2024-12-05T15:16:23+00:00","description":"Moderne beelden van brons vindt u bij Eliassen. Bekijk hier moderne boom van brons! \u2713 Goede kwaliteit \u2713 Uniek model \u2713 Grote collectie \u2713 Snel leverbaar","breadcrumb":{"@id":"https:\/\/dev.eliassen.nl\/de\/bronzeskulptur-moderner-baum\/#breadcrumb"},"inLanguage":"de","potentialAction":[{"@type":"ReadAction","target":["https:\/\/dev.eliassen.nl\/de\/bronzeskulptur-moderner-baum\/"]}]},{"@type":"ImageObject","inLanguage":"de","@id":"https:\/\/dev.eliassen.nl\/de\/bronzeskulptur-moderner-baum\/#primaryimage","url":"https:\/\/dev.eliassen.nl\/wp-content\/uploads\/2024\/01\/bronzenmoderneboomeliassennl.jpg","contentUrl":"https:\/\/dev.eliassen.nl\/wp-content\/uploads\/2024\/01\/bronzenmoderneboomeliassennl.jpg","width":1500,"height":1125,"caption":"bronzen moderne boom - eliassen.nl"},{"@type":"BreadcrumbList","@id":"https:\/\/dev.eliassen.nl\/de\/bronzeskulptur-moderner-baum\/#breadcrumb","itemListElement":[{"@type":"ListItem","position":1,"name":"Home","item":"https:\/\/dev.eliassen.nl\/de\/"},{"@type":"ListItem","position":2,"name":"Shop","item":"https:\/\/dev.eliassen.nl\/nl\/winkel\/"},{"@type":"ListItem","position":3,"name":"Bronzestatuen","item":"https:\/\/dev.eliassen.nl\/de\/bilder\/bronzestatuen\/"},{"@type":"ListItem","position":4,"name":"Abstrakte Statuen aus Bronze","item":"https:\/\/dev.eliassen.nl\/de\/bilder\/bronzestatuen\/abstrakte-statuen-aus-bronze\/"},{"@type":"ListItem","position":5,"name":"Bronzeskulptur Moderner Baum"}]},{"@type":"WebSite","@id":"https:\/\/dev.eliassen.nl\/de\/#website","url":"https:\/\/dev.eliassen.nl\/de\/","name":"Eliassen Home & Garden Pleasure","description":"","publisher":{"@id":"https:\/\/dev.eliassen.nl\/de\/#organization"},"alternateName":"Eliassen.nl","potentialAction":[{"@type":"SearchAction","target":{"@type":"EntryPoint","urlTemplate":"https:\/\/dev.eliassen.nl\/de\/?s={search_term_string}"},"query-input":{"@type":"PropertyValueSpecification","valueRequired":true,"valueName":"search_term_string"}}],"inLanguage":"de"},{"@type":"Organization","@id":"https:\/\/dev.eliassen.nl\/de\/#organization","name":"Eliassen Home & Garden Pleasure","url":"https:\/\/dev.eliassen.nl\/de\/","logo":{"@type":"ImageObject","inLanguage":"de","@id":"https:\/\/dev.eliassen.nl\/de\/#\/schema\/logo\/image\/","url":"https:\/\/www.eliassen.nl\/wp-content\/uploads\/2024\/01\/logo_4nd.jpg","contentUrl":"https:\/\/www.eliassen.nl\/wp-content\/uploads\/2024\/01\/logo_4nd.jpg","width":500,"height":500,"caption":"Eliassen Home & Garden Pleasure"},"image":{"@id":"https:\/\/dev.eliassen.nl\/de\/#\/schema\/logo\/image\/"},"sameAs":["https:\/\/www.facebook.com\/TuincentrumEliassenAmmerzoden","https:\/\/www.instagram.com\/eliassenhomeandgarden\/","https:\/\/nl.pinterest.com\/eliassenhomeandgarden\/","https:\/\/www.youtube.com\/@eliassenhomegardenpleasure4558"]}]}},"df_price":1573,"df_sale_price":"","df_regular_price":1573,"df_image_link":"https:\/\/dev.eliassen.nl\/wp-content\/uploads\/2024\/01\/bronzenmoderneboomeliassennl.jpg","image":"https:\/\/dev.eliassen.nl\/wp-content\/uploads\/2024\/01\/bronzenmoderneboomeliassennl.jpg","price_search":"<span class=\"woocommerce-Price-amount amount\"><bdi><span class=\"woocommerce-Price-currencySymbol\">&euro;<\/span>&nbsp;1.573,00<\/bdi><\/span>","category":"Abstrakte Statuen aus Bronze","_links":{"self":[{"href":"https:\/\/dev.eliassen.nl\/de\/wp-json\/wp\/v2\/product\/79564","targetHints":{"allow":["GET"]}}],"collection":[{"href":"https:\/\/dev.eliassen.nl\/de\/wp-json\/wp\/v2\/product"}],"about":[{"href":"https:\/\/dev.eliassen.nl\/de\/wp-json\/wp\/v2\/types\/product"}],"wp:featuredmedia":[{"embeddable":true,"href":"https:\/\/dev.eliassen.nl\/de\/wp-json\/wp\/v2\/media\/79561"}],"wp:attachment":[{"href":"https:\/\/dev.eliassen.nl\/de\/wp-json\/wp\/v2\/media?parent=79564"}],"wp:term":[{"taxonomy":"product_brand","embeddable":true,"href":"https:\/\/dev.eliassen.nl\/de\/wp-json\/wp\/v2\/product_brand?post=79564"},{"taxonomy":"product_cat","embeddable":true,"href":"https:\/\/dev.eliassen.nl\/de\/wp-json\/wp\/v2\/product_cat?post=79564"},{"taxonomy":"product_tag","embeddable":true,"href":"https:\/\/dev.eliassen.nl\/de\/wp-json\/wp\/v2\/product_tag?post=79564"}],"curies":[{"name":"wp","href":"https:\/\/api.w.org\/{rel}","templated":true}]}}