{"id":79642,"date":"2022-12-22T11:51:45","date_gmt":"2022-12-22T10:51:45","guid":{"rendered":"https:\/\/www.eliassen.nl\/?product=bronzen-beeld-dolfijnen-familie"},"modified":"2024-12-05T16:16:38","modified_gmt":"2024-12-05T15:16:38","slug":"bronzestatue-der-delphinfamilie","status":"publish","type":"product","link":"https:\/\/dev.eliassen.nl\/de\/bronzestatue-der-delphinfamilie\/","title":{"rendered":"Bronzestatue der Delphinfamilie"},"content":{"rendered":"<p>Machen Sie Ihr Wohn- oder Arbeitsumfeld mit einer langlebigen Bronzestatue sehr attraktiv. Wir k\u00f6nnen Ihnen Modelle anbieten, die in klassische, zeitlose oder moderne Umgebungen passen.<\/p>\n<p>Diese zeitlose Statue einer Delfinfamilie misst 78 x 100 x 158 cm und wird traditionell im sogenannten Wachsausschmelzverfahren hergestellt.<\/p>\n<p>Dies geschieht wie folgt: Ein Wachsmodell wird in eine feuerfeste Masse wie Ton eingebettet, anschlie\u00dfend wird das Wachs ausgeschmolzen und die Form getrocknet. In den entstandenen Hohlraum wird dann Bronze gegossen. Nach dem Abk\u00fchlen wird die Form zerlegt und die \u00d6ffnung, durch die die Bronze in die Form gegossen wurde, abges\u00e4gt, so dass die Skulptur \u00fcbrig bleibt. Zum Schluss wird die Statue fertiggestellt, indem die L\u00f6cher verschlossen, Unebenheiten weggeschliffen und anschlie\u00dfend mit einer S\u00e4ure eingef\u00e4rbt werden. Gr\u00f6\u00dfere Bronzestatuen werden in Teilen gegossen, dann zusammengeschwei\u00dft und anschlie\u00dfend glattgeschliffen.<\/p>\n<p>Bronze ist eine Legierung aus Kupfer und Zinn. Je h\u00f6her der Kupfergehalt, desto hochwertiger ist die Bronze. Diese Statue hat einen Kupfergehalt von mindestens 75 %, was eine absolute Haltbarkeit garantiert.<\/p>\n<p>Sie k\u00f6nnen diese Bronzeskulptur im Freien auf jeder ebenen Fl\u00e4che platzieren, viele Modelle sind mit einem M8-Gewindeanschluss ausgestattet, mit dem die Statue befestigt werden kann. Sollte dies nicht vorgesehen sein, kann jedes Bild mit einem guten Montageset befestigt werden. Im Freien werden Bronzestatuen etwas stumpfer in der Farbe, Sie k\u00f6nnen sie durch die Pflege mit Bienenwachs wieder zum Gl\u00e4nzen bringen.<\/p>\n<p>Bronzestatuen werden oft auf einem passenden Sockel platziert. Wir haben eine riesige Sammlung von S\u00e4ulen und Sockeln, sodass Sie eine sch\u00f6ne Kombination erstellen k\u00f6nnen.<\/p>\n<ul>\n<li>Gr\u00f6\u00dfe: 78x100x158cm<\/li>\n<li>Gewicht: 55 kg<\/li>\n<li>Material: Bronze<\/li>\n<li>Kommt mit Zertifikat<\/li>\n<li>Schnell geliefert<\/li>\n<li>30 Jahre Garantie<\/li>\n<li><strong>Viele dieser Bronzestatuenserien k\u00f6nnen auch live in unserem Shop besichtigt werden<\/strong><\/li>\n<\/ul>\n","protected":false},"excerpt":{"rendered":"<p>78x100x158cm<\/p>\n","protected":false},"featured_media":79636,"template":"","meta":{"_acf_changed":false},"product_brand":[],"product_cat":[593,613,590,635,536,7239],"product_tag":[],"class_list":{"0":"post-79642","1":"product","2":"type-product","3":"status-publish","4":"has-post-thumbnail","6":"product_cat-bronzebrunnen","7":"product_cat-bronzestatuen","8":"product_cat-sprayfiguren-bronze","9":"product_cat-tierstatuen-aus-bronze","10":"product_cat-wassereigenschaften","11":"product_cat-statuen-skulpturen","13":"first","14":"onbackorder","15":"taxable","16":"shipping-taxable","17":"purchasable","18":"product-type-simple"},"acf":[],"yoast_head":"<!-- This site is optimized with the Yoast SEO plugin v23.8 - https:\/\/yoast.com\/wordpress\/plugins\/seo\/ -->\n<title>Bronzestatue Delfinfamilie - eliassen.nl<\/title>\n<meta name=\"description\" content=\"In Eliassen finden Sie bronzene Delfinstatuen. Sehen Sie sich die Bronzestatue einer Delfinfamilie hier auf unserer Website an! \u2713 Schnelle Lieferung \u2713 Gro\u00dfe ...\" \/>\n<meta name=\"robots\" content=\"noindex, follow, max-snippet:-1, max-image-preview:large, max-video-preview:-1\" \/>\n<meta property=\"og:locale\" content=\"de_DE\" \/>\n<meta property=\"og:type\" content=\"article\" \/>\n<meta property=\"og:title\" content=\"Bronzestatue Delfinfamilie - eliassen.nl\" \/>\n<meta property=\"og:description\" content=\"In Eliassen finden Sie bronzene Delfinstatuen. Sehen Sie sich die Bronzestatue einer Delfinfamilie hier auf unserer Website an! \u2713 Schnelle Lieferung \u2713 Gro\u00dfe ...\" \/>\n<meta property=\"og:url\" content=\"https:\/\/dev.eliassen.nl\/de\/bronzestatue-der-delphinfamilie\/\" \/>\n<meta property=\"og:site_name\" content=\"Eliassen.nl\" \/>\n<meta property=\"article:publisher\" content=\"https:\/\/www.facebook.com\/TuincentrumEliassenAmmerzoden\" \/>\n<meta property=\"article:modified_time\" content=\"2024-12-05T15:16:38+00:00\" \/>\n<meta property=\"og:image\" content=\"https:\/\/dev.eliassen.nl\/wp-content\/uploads\/2024\/01\/bronzendolfijnenfamilieeliassennl.jpg\" \/>\n\t<meta property=\"og:image:width\" content=\"2048\" \/>\n\t<meta property=\"og:image:height\" content=\"1536\" \/>\n\t<meta property=\"og:image:type\" content=\"image\/jpeg\" \/>\n<meta name=\"twitter:card\" content=\"summary_large_image\" \/>\n<script type=\"application\/ld+json\" class=\"yoast-schema-graph\">{\"@context\":\"https:\/\/schema.org\",\"@graph\":[{\"@type\":\"WebPage\",\"@id\":\"https:\/\/dev.eliassen.nl\/de\/bronzestatue-der-delphinfamilie\/\",\"url\":\"https:\/\/dev.eliassen.nl\/de\/bronzestatue-der-delphinfamilie\/\",\"name\":\"Bronzestatue Delfinfamilie - eliassen.nl\",\"isPartOf\":{\"@id\":\"https:\/\/dev.eliassen.nl\/de\/#website\"},\"primaryImageOfPage\":{\"@id\":\"https:\/\/dev.eliassen.nl\/de\/bronzestatue-der-delphinfamilie\/#primaryimage\"},\"image\":{\"@id\":\"https:\/\/dev.eliassen.nl\/de\/bronzestatue-der-delphinfamilie\/#primaryimage\"},\"thumbnailUrl\":\"https:\/\/dev.eliassen.nl\/wp-content\/uploads\/2024\/01\/bronzendolfijnenfamilieeliassennl.jpg\",\"datePublished\":\"2022-12-22T10:51:45+00:00\",\"dateModified\":\"2024-12-05T15:16:38+00:00\",\"description\":\"In Eliassen finden Sie bronzene Delfinstatuen. Sehen Sie sich die Bronzestatue einer Delfinfamilie hier auf unserer Website an! \u2713 Schnelle Lieferung \u2713 Gro\u00dfe ...\",\"breadcrumb\":{\"@id\":\"https:\/\/dev.eliassen.nl\/de\/bronzestatue-der-delphinfamilie\/#breadcrumb\"},\"inLanguage\":\"de\",\"potentialAction\":[{\"@type\":\"ReadAction\",\"target\":[\"https:\/\/dev.eliassen.nl\/de\/bronzestatue-der-delphinfamilie\/\"]}]},{\"@type\":\"ImageObject\",\"inLanguage\":\"de\",\"@id\":\"https:\/\/dev.eliassen.nl\/de\/bronzestatue-der-delphinfamilie\/#primaryimage\",\"url\":\"https:\/\/dev.eliassen.nl\/wp-content\/uploads\/2024\/01\/bronzendolfijnenfamilieeliassennl.jpg\",\"contentUrl\":\"https:\/\/dev.eliassen.nl\/wp-content\/uploads\/2024\/01\/bronzendolfijnenfamilieeliassennl.jpg\",\"width\":2048,\"height\":1536,\"caption\":\"bronzen dolfijnen familie - eliassen.nl\"},{\"@type\":\"BreadcrumbList\",\"@id\":\"https:\/\/dev.eliassen.nl\/de\/bronzestatue-der-delphinfamilie\/#breadcrumb\",\"itemListElement\":[{\"@type\":\"ListItem\",\"position\":1,\"name\":\"Home\",\"item\":\"https:\/\/dev.eliassen.nl\/de\/\"},{\"@type\":\"ListItem\",\"position\":2,\"name\":\"Shop\",\"item\":\"https:\/\/dev.eliassen.nl\/nl\/winkel\/\"},{\"@type\":\"ListItem\",\"position\":3,\"name\":\"Wasserspiele\",\"item\":\"https:\/\/dev.eliassen.nl\/de\/wassereigenschaften\/\"},{\"@type\":\"ListItem\",\"position\":4,\"name\":\"Bronzebrunnen\",\"item\":\"https:\/\/dev.eliassen.nl\/de\/wassereigenschaften\/bronzebrunnen\/\"},{\"@type\":\"ListItem\",\"position\":5,\"name\":\"Bronzestatue der Delphinfamilie\"}]},{\"@type\":\"WebSite\",\"@id\":\"https:\/\/dev.eliassen.nl\/de\/#website\",\"url\":\"https:\/\/dev.eliassen.nl\/de\/\",\"name\":\"Eliassen Home & Garden Pleasure\",\"description\":\"\",\"publisher\":{\"@id\":\"https:\/\/dev.eliassen.nl\/de\/#organization\"},\"alternateName\":\"Eliassen.nl\",\"potentialAction\":[{\"@type\":\"SearchAction\",\"target\":{\"@type\":\"EntryPoint\",\"urlTemplate\":\"https:\/\/dev.eliassen.nl\/de\/?s={search_term_string}\"},\"query-input\":{\"@type\":\"PropertyValueSpecification\",\"valueRequired\":true,\"valueName\":\"search_term_string\"}}],\"inLanguage\":\"de\"},{\"@type\":\"Organization\",\"@id\":\"https:\/\/dev.eliassen.nl\/de\/#organization\",\"name\":\"Eliassen Home & Garden Pleasure\",\"url\":\"https:\/\/dev.eliassen.nl\/de\/\",\"logo\":{\"@type\":\"ImageObject\",\"inLanguage\":\"de\",\"@id\":\"https:\/\/dev.eliassen.nl\/de\/#\/schema\/logo\/image\/\",\"url\":\"https:\/\/www.eliassen.nl\/wp-content\/uploads\/2024\/01\/logo_4nd.jpg\",\"contentUrl\":\"https:\/\/www.eliassen.nl\/wp-content\/uploads\/2024\/01\/logo_4nd.jpg\",\"width\":500,\"height\":500,\"caption\":\"Eliassen Home & Garden Pleasure\"},\"image\":{\"@id\":\"https:\/\/dev.eliassen.nl\/de\/#\/schema\/logo\/image\/\"},\"sameAs\":[\"https:\/\/www.facebook.com\/TuincentrumEliassenAmmerzoden\",\"https:\/\/www.instagram.com\/eliassenhomeandgarden\/\",\"https:\/\/nl.pinterest.com\/eliassenhomeandgarden\/\",\"https:\/\/www.youtube.com\/@eliassenhomegardenpleasure4558\"]}]}<\/script>\n<!-- \/ Yoast SEO plugin. -->","yoast_head_json":{"title":"Bronzestatue Delfinfamilie - eliassen.nl","description":"In Eliassen finden Sie bronzene Delfinstatuen. Sehen Sie sich die Bronzestatue einer Delfinfamilie hier auf unserer Website an! \u2713 Schnelle Lieferung \u2713 Gro\u00dfe ...","robots":{"index":"noindex","follow":"follow","max-snippet":"max-snippet:-1","max-image-preview":"max-image-preview:large","max-video-preview":"max-video-preview:-1"},"og_locale":"de_DE","og_type":"article","og_title":"Bronzestatue Delfinfamilie - eliassen.nl","og_description":"In Eliassen finden Sie bronzene Delfinstatuen. Sehen Sie sich die Bronzestatue einer Delfinfamilie hier auf unserer Website an! \u2713 Schnelle Lieferung \u2713 Gro\u00dfe ...","og_url":"https:\/\/dev.eliassen.nl\/de\/bronzestatue-der-delphinfamilie\/","og_site_name":"Eliassen.nl","article_publisher":"https:\/\/www.facebook.com\/TuincentrumEliassenAmmerzoden","article_modified_time":"2024-12-05T15:16:38+00:00","og_image":[{"width":2048,"height":1536,"url":"https:\/\/dev.eliassen.nl\/wp-content\/uploads\/2024\/01\/bronzendolfijnenfamilieeliassennl.jpg","type":"image\/jpeg"}],"twitter_card":"summary_large_image","schema":{"@context":"https:\/\/schema.org","@graph":[{"@type":"WebPage","@id":"https:\/\/dev.eliassen.nl\/de\/bronzestatue-der-delphinfamilie\/","url":"https:\/\/dev.eliassen.nl\/de\/bronzestatue-der-delphinfamilie\/","name":"Bronzestatue Delfinfamilie - eliassen.nl","isPartOf":{"@id":"https:\/\/dev.eliassen.nl\/de\/#website"},"primaryImageOfPage":{"@id":"https:\/\/dev.eliassen.nl\/de\/bronzestatue-der-delphinfamilie\/#primaryimage"},"image":{"@id":"https:\/\/dev.eliassen.nl\/de\/bronzestatue-der-delphinfamilie\/#primaryimage"},"thumbnailUrl":"https:\/\/dev.eliassen.nl\/wp-content\/uploads\/2024\/01\/bronzendolfijnenfamilieeliassennl.jpg","datePublished":"2022-12-22T10:51:45+00:00","dateModified":"2024-12-05T15:16:38+00:00","description":"In Eliassen finden Sie bronzene Delfinstatuen. Sehen Sie sich die Bronzestatue einer Delfinfamilie hier auf unserer Website an! \u2713 Schnelle Lieferung \u2713 Gro\u00dfe ...","breadcrumb":{"@id":"https:\/\/dev.eliassen.nl\/de\/bronzestatue-der-delphinfamilie\/#breadcrumb"},"inLanguage":"de","potentialAction":[{"@type":"ReadAction","target":["https:\/\/dev.eliassen.nl\/de\/bronzestatue-der-delphinfamilie\/"]}]},{"@type":"ImageObject","inLanguage":"de","@id":"https:\/\/dev.eliassen.nl\/de\/bronzestatue-der-delphinfamilie\/#primaryimage","url":"https:\/\/dev.eliassen.nl\/wp-content\/uploads\/2024\/01\/bronzendolfijnenfamilieeliassennl.jpg","contentUrl":"https:\/\/dev.eliassen.nl\/wp-content\/uploads\/2024\/01\/bronzendolfijnenfamilieeliassennl.jpg","width":2048,"height":1536,"caption":"bronzen dolfijnen familie - eliassen.nl"},{"@type":"BreadcrumbList","@id":"https:\/\/dev.eliassen.nl\/de\/bronzestatue-der-delphinfamilie\/#breadcrumb","itemListElement":[{"@type":"ListItem","position":1,"name":"Home","item":"https:\/\/dev.eliassen.nl\/de\/"},{"@type":"ListItem","position":2,"name":"Shop","item":"https:\/\/dev.eliassen.nl\/nl\/winkel\/"},{"@type":"ListItem","position":3,"name":"Wasserspiele","item":"https:\/\/dev.eliassen.nl\/de\/wassereigenschaften\/"},{"@type":"ListItem","position":4,"name":"Bronzebrunnen","item":"https:\/\/dev.eliassen.nl\/de\/wassereigenschaften\/bronzebrunnen\/"},{"@type":"ListItem","position":5,"name":"Bronzestatue der Delphinfamilie"}]},{"@type":"WebSite","@id":"https:\/\/dev.eliassen.nl\/de\/#website","url":"https:\/\/dev.eliassen.nl\/de\/","name":"Eliassen Home & Garden Pleasure","description":"","publisher":{"@id":"https:\/\/dev.eliassen.nl\/de\/#organization"},"alternateName":"Eliassen.nl","potentialAction":[{"@type":"SearchAction","target":{"@type":"EntryPoint","urlTemplate":"https:\/\/dev.eliassen.nl\/de\/?s={search_term_string}"},"query-input":{"@type":"PropertyValueSpecification","valueRequired":true,"valueName":"search_term_string"}}],"inLanguage":"de"},{"@type":"Organization","@id":"https:\/\/dev.eliassen.nl\/de\/#organization","name":"Eliassen Home & Garden Pleasure","url":"https:\/\/dev.eliassen.nl\/de\/","logo":{"@type":"ImageObject","inLanguage":"de","@id":"https:\/\/dev.eliassen.nl\/de\/#\/schema\/logo\/image\/","url":"https:\/\/www.eliassen.nl\/wp-content\/uploads\/2024\/01\/logo_4nd.jpg","contentUrl":"https:\/\/www.eliassen.nl\/wp-content\/uploads\/2024\/01\/logo_4nd.jpg","width":500,"height":500,"caption":"Eliassen Home & Garden Pleasure"},"image":{"@id":"https:\/\/dev.eliassen.nl\/de\/#\/schema\/logo\/image\/"},"sameAs":["https:\/\/www.facebook.com\/TuincentrumEliassenAmmerzoden","https:\/\/www.instagram.com\/eliassenhomeandgarden\/","https:\/\/nl.pinterest.com\/eliassenhomeandgarden\/","https:\/\/www.youtube.com\/@eliassenhomegardenpleasure4558"]}]}},"df_price":6205,"df_sale_price":"","df_regular_price":6205,"df_image_link":"https:\/\/dev.eliassen.nl\/wp-content\/uploads\/2024\/01\/bronzendolfijnenfamilieeliassennl.jpg","image":"https:\/\/dev.eliassen.nl\/wp-content\/uploads\/2024\/01\/bronzendolfijnenfamilieeliassennl.jpg","price_search":"<span class=\"woocommerce-Price-amount amount\"><bdi><span class=\"woocommerce-Price-currencySymbol\">&euro;<\/span>&nbsp;6.205,00<\/bdi><\/span>","category":"Bronzebrunnen","_links":{"self":[{"href":"https:\/\/dev.eliassen.nl\/de\/wp-json\/wp\/v2\/product\/79642","targetHints":{"allow":["GET"]}}],"collection":[{"href":"https:\/\/dev.eliassen.nl\/de\/wp-json\/wp\/v2\/product"}],"about":[{"href":"https:\/\/dev.eliassen.nl\/de\/wp-json\/wp\/v2\/types\/product"}],"wp:featuredmedia":[{"embeddable":true,"href":"https:\/\/dev.eliassen.nl\/de\/wp-json\/wp\/v2\/media\/79636"}],"wp:attachment":[{"href":"https:\/\/dev.eliassen.nl\/de\/wp-json\/wp\/v2\/media?parent=79642"}],"wp:term":[{"taxonomy":"product_brand","embeddable":true,"href":"https:\/\/dev.eliassen.nl\/de\/wp-json\/wp\/v2\/product_brand?post=79642"},{"taxonomy":"product_cat","embeddable":true,"href":"https:\/\/dev.eliassen.nl\/de\/wp-json\/wp\/v2\/product_cat?post=79642"},{"taxonomy":"product_tag","embeddable":true,"href":"https:\/\/dev.eliassen.nl\/de\/wp-json\/wp\/v2\/product_tag?post=79642"}],"curies":[{"name":"wp","href":"https:\/\/api.w.org\/{rel}","templated":true}]}}