{"id":80659,"date":"2023-01-18T14:28:36","date_gmt":"2023-01-18T13:28:36","guid":{"rendered":"https:\/\/www.eliassen.nl\/?product=pondostar-led-rgwb-set-3-delig"},"modified":"2024-12-05T16:18:59","modified_gmt":"2024-12-05T15:18:59","slug":"pondostar-led-rgwb-set-3-delig","status":"publish","type":"product","link":"https:\/\/dev.eliassen.nl\/de\/pondostar-led-rgwb-set-3-delig\/","title":{"rendered":"Pondostar LED RGB-Set 3-teilig"},"content":{"rendered":"<p>Das Pontec PondoStar LED Set-3 RGBW ist ein LED-Set mit 3 Spots \u00e0 1 Watt. Die Teichstrahler k\u00f6nnen \u00fcber oder unter Wasser platziert werden. Sie sind um 200\u00b0 schwenkbar und eignen sich daher hervorragend zur Beleuchtung von Wasserspielen aus n\u00e4chster N\u00e4he, sodass der Wassereffekt sch\u00f6n hervorgehoben wird, insbesondere bei Terrassenbrunnen, sodass diese Strahler auf dem Sockel platziert werden k\u00f6nnen. Aber nat\u00fcrlich auch geeignet, um andere Objekte aus der N\u00e4he hervorzuheben, beispielsweise Gartendekorationen.<\/p>\n<ul>\n<li>Leistung 3x 1 Watt, 4 verschiedene Farben, einstellbar mit Fernbedienung<\/li>\n<li>wasserdicht<\/li>\n<li>380\u00b0 schwenkbar<\/li>\n<li>Durchmesser Strahler 40mm<\/li>\n<li>Sichere 12-Volt-Beleuchtung mit 5 m Zuleitung, Kabell\u00e4nge zwischen den Strahlern betr\u00e4gt 2 m<\/li>\n<li>Garantie: 2 Jahre<\/li>\n<li>Pontec; Hergestellt von Oase<\/li>\n<\/ul>\n<p><a href=\"https:\/\/cdn.webshopapp.com\/shops\/289658\/files\/421987417\/pontec-pondostar-led-rgb-handleidingpdf.pdf\" target=\"_blank\" rel=\"noopener\">Bedienungsanleitung Pondostar LED RGBW<\/a><\/p>\n","protected":false},"excerpt":{"rendered":"<p>3-teiliger LED-Strahler mit Fernbedienung<\/p>\n","protected":false},"featured_media":80644,"template":"","meta":{"_acf_changed":false},"product_brand":[],"product_cat":[545,536],"product_tag":[],"class_list":{"0":"post-80659","1":"product","2":"type-product","3":"status-publish","4":"has-post-thumbnail","6":"product_cat-teile-wasserspiele","7":"product_cat-wassereigenschaften","9":"first","10":"instock","11":"taxable","12":"shipping-taxable","13":"purchasable","14":"product-type-simple"},"acf":[],"yoast_head":"<!-- This site is optimized with the Yoast SEO plugin v23.8 - https:\/\/yoast.com\/wordpress\/plugins\/seo\/ -->\n<title>Pondostar led rgwb set 3 delig<\/title>\n<meta name=\"description\" content=\"Bekende kwaliteit spots voor in de tuin, boven of onder water\" \/>\n<meta name=\"robots\" content=\"noindex, follow, max-snippet:-1, max-image-preview:large, max-video-preview:-1\" \/>\n<meta property=\"og:locale\" content=\"de_DE\" \/>\n<meta property=\"og:type\" content=\"article\" \/>\n<meta property=\"og:title\" content=\"Pondostar led rgwb set 3 delig\" \/>\n<meta property=\"og:description\" content=\"Bekende kwaliteit spots voor in de tuin, boven of onder water\" \/>\n<meta property=\"og:url\" content=\"https:\/\/dev.eliassen.nl\/de\/pondostar-led-rgwb-set-3-delig\/\" \/>\n<meta property=\"og:site_name\" content=\"Eliassen.nl\" \/>\n<meta property=\"article:publisher\" content=\"https:\/\/www.facebook.com\/TuincentrumEliassenAmmerzoden\" \/>\n<meta property=\"article:modified_time\" content=\"2024-12-05T15:18:59+00:00\" \/>\n<meta property=\"og:image\" content=\"https:\/\/dev.eliassen.nl\/wp-content\/uploads\/2024\/01\/pontecpondostarledrgbwset3.jpg\" \/>\n\t<meta property=\"og:image:width\" content=\"698\" \/>\n\t<meta property=\"og:image:height\" content=\"608\" \/>\n\t<meta property=\"og:image:type\" content=\"image\/jpeg\" \/>\n<meta name=\"twitter:card\" content=\"summary_large_image\" \/>\n<script type=\"application\/ld+json\" class=\"yoast-schema-graph\">{\"@context\":\"https:\/\/schema.org\",\"@graph\":[{\"@type\":\"WebPage\",\"@id\":\"https:\/\/dev.eliassen.nl\/de\/pondostar-led-rgwb-set-3-delig\/\",\"url\":\"https:\/\/dev.eliassen.nl\/de\/pondostar-led-rgwb-set-3-delig\/\",\"name\":\"Pondostar led rgwb set 3 delig\",\"isPartOf\":{\"@id\":\"https:\/\/dev.eliassen.nl\/de\/#website\"},\"primaryImageOfPage\":{\"@id\":\"https:\/\/dev.eliassen.nl\/de\/pondostar-led-rgwb-set-3-delig\/#primaryimage\"},\"image\":{\"@id\":\"https:\/\/dev.eliassen.nl\/de\/pondostar-led-rgwb-set-3-delig\/#primaryimage\"},\"thumbnailUrl\":\"https:\/\/dev.eliassen.nl\/wp-content\/uploads\/2024\/01\/pontecpondostarledrgbwset3.jpg\",\"datePublished\":\"2023-01-18T13:28:36+00:00\",\"dateModified\":\"2024-12-05T15:18:59+00:00\",\"description\":\"Bekende kwaliteit spots voor in de tuin, boven of onder water\",\"breadcrumb\":{\"@id\":\"https:\/\/dev.eliassen.nl\/de\/pondostar-led-rgwb-set-3-delig\/#breadcrumb\"},\"inLanguage\":\"de\",\"potentialAction\":[{\"@type\":\"ReadAction\",\"target\":[\"https:\/\/dev.eliassen.nl\/de\/pondostar-led-rgwb-set-3-delig\/\"]}]},{\"@type\":\"ImageObject\",\"inLanguage\":\"de\",\"@id\":\"https:\/\/dev.eliassen.nl\/de\/pondostar-led-rgwb-set-3-delig\/#primaryimage\",\"url\":\"https:\/\/dev.eliassen.nl\/wp-content\/uploads\/2024\/01\/pontecpondostarledrgbwset3.jpg\",\"contentUrl\":\"https:\/\/dev.eliassen.nl\/wp-content\/uploads\/2024\/01\/pontecpondostarledrgbwset3.jpg\",\"width\":698,\"height\":608,\"caption\":\"pontec-pondostar-led-rgbw-set-3\"},{\"@type\":\"BreadcrumbList\",\"@id\":\"https:\/\/dev.eliassen.nl\/de\/pondostar-led-rgwb-set-3-delig\/#breadcrumb\",\"itemListElement\":[{\"@type\":\"ListItem\",\"position\":1,\"name\":\"Home\",\"item\":\"https:\/\/dev.eliassen.nl\/de\/\"},{\"@type\":\"ListItem\",\"position\":2,\"name\":\"Shop\",\"item\":\"https:\/\/dev.eliassen.nl\/nl\/winkel\/\"},{\"@type\":\"ListItem\",\"position\":3,\"name\":\"Wasserspiele\",\"item\":\"https:\/\/dev.eliassen.nl\/de\/wassereigenschaften\/\"},{\"@type\":\"ListItem\",\"position\":4,\"name\":\"Teile Wasserspiele\",\"item\":\"https:\/\/dev.eliassen.nl\/de\/wassereigenschaften\/teile-wasserspiele\/\"},{\"@type\":\"ListItem\",\"position\":5,\"name\":\"Pondostar LED RGB-Set 3-teilig\"}]},{\"@type\":\"WebSite\",\"@id\":\"https:\/\/dev.eliassen.nl\/de\/#website\",\"url\":\"https:\/\/dev.eliassen.nl\/de\/\",\"name\":\"Eliassen Home & Garden Pleasure\",\"description\":\"\",\"publisher\":{\"@id\":\"https:\/\/dev.eliassen.nl\/de\/#organization\"},\"alternateName\":\"Eliassen.nl\",\"potentialAction\":[{\"@type\":\"SearchAction\",\"target\":{\"@type\":\"EntryPoint\",\"urlTemplate\":\"https:\/\/dev.eliassen.nl\/de\/?s={search_term_string}\"},\"query-input\":{\"@type\":\"PropertyValueSpecification\",\"valueRequired\":true,\"valueName\":\"search_term_string\"}}],\"inLanguage\":\"de\"},{\"@type\":\"Organization\",\"@id\":\"https:\/\/dev.eliassen.nl\/de\/#organization\",\"name\":\"Eliassen Home & Garden Pleasure\",\"url\":\"https:\/\/dev.eliassen.nl\/de\/\",\"logo\":{\"@type\":\"ImageObject\",\"inLanguage\":\"de\",\"@id\":\"https:\/\/dev.eliassen.nl\/de\/#\/schema\/logo\/image\/\",\"url\":\"https:\/\/www.eliassen.nl\/wp-content\/uploads\/2024\/01\/logo_4nd.jpg\",\"contentUrl\":\"https:\/\/www.eliassen.nl\/wp-content\/uploads\/2024\/01\/logo_4nd.jpg\",\"width\":500,\"height\":500,\"caption\":\"Eliassen Home & Garden Pleasure\"},\"image\":{\"@id\":\"https:\/\/dev.eliassen.nl\/de\/#\/schema\/logo\/image\/\"},\"sameAs\":[\"https:\/\/www.facebook.com\/TuincentrumEliassenAmmerzoden\",\"https:\/\/www.instagram.com\/eliassenhomeandgarden\/\",\"https:\/\/nl.pinterest.com\/eliassenhomeandgarden\/\",\"https:\/\/www.youtube.com\/@eliassenhomegardenpleasure4558\"]}]}<\/script>\n<!-- \/ Yoast SEO plugin. -->","yoast_head_json":{"title":"Pondostar led rgwb set 3 delig","description":"Bekende kwaliteit spots voor in de tuin, boven of onder water","robots":{"index":"noindex","follow":"follow","max-snippet":"max-snippet:-1","max-image-preview":"max-image-preview:large","max-video-preview":"max-video-preview:-1"},"og_locale":"de_DE","og_type":"article","og_title":"Pondostar led rgwb set 3 delig","og_description":"Bekende kwaliteit spots voor in de tuin, boven of onder water","og_url":"https:\/\/dev.eliassen.nl\/de\/pondostar-led-rgwb-set-3-delig\/","og_site_name":"Eliassen.nl","article_publisher":"https:\/\/www.facebook.com\/TuincentrumEliassenAmmerzoden","article_modified_time":"2024-12-05T15:18:59+00:00","og_image":[{"width":698,"height":608,"url":"https:\/\/dev.eliassen.nl\/wp-content\/uploads\/2024\/01\/pontecpondostarledrgbwset3.jpg","type":"image\/jpeg"}],"twitter_card":"summary_large_image","schema":{"@context":"https:\/\/schema.org","@graph":[{"@type":"WebPage","@id":"https:\/\/dev.eliassen.nl\/de\/pondostar-led-rgwb-set-3-delig\/","url":"https:\/\/dev.eliassen.nl\/de\/pondostar-led-rgwb-set-3-delig\/","name":"Pondostar led rgwb set 3 delig","isPartOf":{"@id":"https:\/\/dev.eliassen.nl\/de\/#website"},"primaryImageOfPage":{"@id":"https:\/\/dev.eliassen.nl\/de\/pondostar-led-rgwb-set-3-delig\/#primaryimage"},"image":{"@id":"https:\/\/dev.eliassen.nl\/de\/pondostar-led-rgwb-set-3-delig\/#primaryimage"},"thumbnailUrl":"https:\/\/dev.eliassen.nl\/wp-content\/uploads\/2024\/01\/pontecpondostarledrgbwset3.jpg","datePublished":"2023-01-18T13:28:36+00:00","dateModified":"2024-12-05T15:18:59+00:00","description":"Bekende kwaliteit spots voor in de tuin, boven of onder water","breadcrumb":{"@id":"https:\/\/dev.eliassen.nl\/de\/pondostar-led-rgwb-set-3-delig\/#breadcrumb"},"inLanguage":"de","potentialAction":[{"@type":"ReadAction","target":["https:\/\/dev.eliassen.nl\/de\/pondostar-led-rgwb-set-3-delig\/"]}]},{"@type":"ImageObject","inLanguage":"de","@id":"https:\/\/dev.eliassen.nl\/de\/pondostar-led-rgwb-set-3-delig\/#primaryimage","url":"https:\/\/dev.eliassen.nl\/wp-content\/uploads\/2024\/01\/pontecpondostarledrgbwset3.jpg","contentUrl":"https:\/\/dev.eliassen.nl\/wp-content\/uploads\/2024\/01\/pontecpondostarledrgbwset3.jpg","width":698,"height":608,"caption":"pontec-pondostar-led-rgbw-set-3"},{"@type":"BreadcrumbList","@id":"https:\/\/dev.eliassen.nl\/de\/pondostar-led-rgwb-set-3-delig\/#breadcrumb","itemListElement":[{"@type":"ListItem","position":1,"name":"Home","item":"https:\/\/dev.eliassen.nl\/de\/"},{"@type":"ListItem","position":2,"name":"Shop","item":"https:\/\/dev.eliassen.nl\/nl\/winkel\/"},{"@type":"ListItem","position":3,"name":"Wasserspiele","item":"https:\/\/dev.eliassen.nl\/de\/wassereigenschaften\/"},{"@type":"ListItem","position":4,"name":"Teile Wasserspiele","item":"https:\/\/dev.eliassen.nl\/de\/wassereigenschaften\/teile-wasserspiele\/"},{"@type":"ListItem","position":5,"name":"Pondostar LED RGB-Set 3-teilig"}]},{"@type":"WebSite","@id":"https:\/\/dev.eliassen.nl\/de\/#website","url":"https:\/\/dev.eliassen.nl\/de\/","name":"Eliassen Home & Garden Pleasure","description":"","publisher":{"@id":"https:\/\/dev.eliassen.nl\/de\/#organization"},"alternateName":"Eliassen.nl","potentialAction":[{"@type":"SearchAction","target":{"@type":"EntryPoint","urlTemplate":"https:\/\/dev.eliassen.nl\/de\/?s={search_term_string}"},"query-input":{"@type":"PropertyValueSpecification","valueRequired":true,"valueName":"search_term_string"}}],"inLanguage":"de"},{"@type":"Organization","@id":"https:\/\/dev.eliassen.nl\/de\/#organization","name":"Eliassen Home & Garden Pleasure","url":"https:\/\/dev.eliassen.nl\/de\/","logo":{"@type":"ImageObject","inLanguage":"de","@id":"https:\/\/dev.eliassen.nl\/de\/#\/schema\/logo\/image\/","url":"https:\/\/www.eliassen.nl\/wp-content\/uploads\/2024\/01\/logo_4nd.jpg","contentUrl":"https:\/\/www.eliassen.nl\/wp-content\/uploads\/2024\/01\/logo_4nd.jpg","width":500,"height":500,"caption":"Eliassen Home & Garden Pleasure"},"image":{"@id":"https:\/\/dev.eliassen.nl\/de\/#\/schema\/logo\/image\/"},"sameAs":["https:\/\/www.facebook.com\/TuincentrumEliassenAmmerzoden","https:\/\/www.instagram.com\/eliassenhomeandgarden\/","https:\/\/nl.pinterest.com\/eliassenhomeandgarden\/","https:\/\/www.youtube.com\/@eliassenhomegardenpleasure4558"]}]}},"df_price":119.95,"df_sale_price":"","df_regular_price":119.95,"df_image_link":"https:\/\/dev.eliassen.nl\/wp-content\/uploads\/2024\/01\/pontecpondostarledrgbwset3.jpg","image":"https:\/\/dev.eliassen.nl\/wp-content\/uploads\/2024\/01\/pontecpondostarledrgbwset3.jpg","price_search":"<span class=\"woocommerce-Price-amount amount\"><bdi><span class=\"woocommerce-Price-currencySymbol\">&euro;<\/span>&nbsp;119,95<\/bdi><\/span>","category":"Teile Wasserspiele","_links":{"self":[{"href":"https:\/\/dev.eliassen.nl\/de\/wp-json\/wp\/v2\/product\/80659","targetHints":{"allow":["GET"]}}],"collection":[{"href":"https:\/\/dev.eliassen.nl\/de\/wp-json\/wp\/v2\/product"}],"about":[{"href":"https:\/\/dev.eliassen.nl\/de\/wp-json\/wp\/v2\/types\/product"}],"wp:featuredmedia":[{"embeddable":true,"href":"https:\/\/dev.eliassen.nl\/de\/wp-json\/wp\/v2\/media\/80644"}],"wp:attachment":[{"href":"https:\/\/dev.eliassen.nl\/de\/wp-json\/wp\/v2\/media?parent=80659"}],"wp:term":[{"taxonomy":"product_brand","embeddable":true,"href":"https:\/\/dev.eliassen.nl\/de\/wp-json\/wp\/v2\/product_brand?post=80659"},{"taxonomy":"product_cat","embeddable":true,"href":"https:\/\/dev.eliassen.nl\/de\/wp-json\/wp\/v2\/product_cat?post=80659"},{"taxonomy":"product_tag","embeddable":true,"href":"https:\/\/dev.eliassen.nl\/de\/wp-json\/wp\/v2\/product_tag?post=80659"}],"curies":[{"name":"wp","href":"https:\/\/api.w.org\/{rel}","templated":true}]}}