{"id":82129,"date":"2023-02-14T16:05:09","date_gmt":"2023-02-14T15:05:09","guid":{"rendered":"https:\/\/www.eliassen.nl\/?product=rieten-mand-vierkant-37cm"},"modified":"2024-12-05T16:19:25","modified_gmt":"2024-12-05T15:19:25","slug":"weidenkorb-quadratisch-37cm","status":"publish","type":"product","link":"https:\/\/dev.eliassen.nl\/de\/weidenkorb-quadratisch-37cm\/","title":{"rendered":"Weidenkorb quadratisch 37cm"},"content":{"rendered":"<p>Dieser gro\u00dfe quadratische Rattankorb ist Teil unserer eigenen Kollektion. Dieser handgefertigte Korb besteht aus stabilem <strong>, superdickem<\/strong> Ganzrattan, <strong>also nicht gespaltenem Rattan<\/strong> , und hat ein einzigartiges und stilvolles Flechtdesign. Dieser runde Korb hat sehr stabile Griffe und eignet sich f\u00fcr unz\u00e4hlige Verwendungsm\u00f6glichkeiten, zum Beispiel f\u00fcr Spielzeug, Ofenholz, Pflanzen und so weiter.<\/p>\n<p>Diesen Korb kann man wirklich jahrzehntelang nutzen, eine sch\u00f6nere und schwerere Qualit\u00e4t gibt es nicht!<\/p>\n<ul>\n<li>Gr\u00f6\u00dfe: 32x32x37cm hoch<\/li>\n<li>Material: Rund, also kein gespaltenes Rattan, bis zu 20 mm Dicke<\/li>\n<li>Farbe: Natur<\/li>\n<li>Ausgestattet mit einer Folieninnenschicht<\/li>\n<li>Eigener Bestand, weg = weg<\/li>\n<\/ul>\n<p>\u00a0<\/p>\n","protected":false},"excerpt":{"rendered":"<p>Gro\u00dfer quadratischer Korb aus superdickem Rattan<\/p>\n","protected":false},"featured_media":82111,"template":"","meta":{"_acf_changed":false},"product_brand":[],"product_cat":[722,1418],"product_tag":[],"class_list":{"0":"post-82129","1":"product","2":"type-product","3":"status-publish","4":"has-post-thumbnail","6":"product_cat-blumentoepfe-und-pflanzgefaesse","7":"product_cat-koerbe-aus-rattan","9":"first","10":"instock","11":"sale","12":"taxable","13":"shipping-taxable","14":"purchasable","15":"product-type-simple"},"acf":[],"yoast_head":"<!-- This site is optimized with the Yoast SEO plugin v23.8 - https:\/\/yoast.com\/wordpress\/plugins\/seo\/ -->\n<title>Weidenkorb quadratisch 37cm<\/title>\n<meta name=\"description\" content=\"Sehen Sie sich unsere wundersch\u00f6ne Weidenk\u00f6rbe-Kollektion in unserem Webshop an oder kommen Sie vorbei und sehen Sie sie sich live in unserem Laden an!! Dies...\" \/>\n<meta name=\"robots\" content=\"noindex, follow, max-snippet:-1, max-image-preview:large, max-video-preview:-1\" \/>\n<meta property=\"og:locale\" content=\"de_DE\" \/>\n<meta property=\"og:type\" content=\"article\" \/>\n<meta property=\"og:title\" content=\"Weidenkorb quadratisch 37cm\" \/>\n<meta property=\"og:description\" content=\"Sehen Sie sich unsere wundersch\u00f6ne Weidenk\u00f6rbe-Kollektion in unserem Webshop an oder kommen Sie vorbei und sehen Sie sie sich live in unserem Laden an!! Dies...\" \/>\n<meta property=\"og:url\" content=\"https:\/\/dev.eliassen.nl\/de\/weidenkorb-quadratisch-37cm\/\" \/>\n<meta property=\"og:site_name\" content=\"Eliassen.nl\" \/>\n<meta property=\"article:publisher\" content=\"https:\/\/www.facebook.com\/TuincentrumEliassenAmmerzoden\" \/>\n<meta property=\"article:modified_time\" content=\"2024-12-05T15:19:25+00:00\" \/>\n<meta property=\"og:image\" content=\"https:\/\/dev.eliassen.nl\/wp-content\/uploads\/2024\/01\/127848.jpg\" \/>\n\t<meta property=\"og:image:width\" content=\"2048\" \/>\n\t<meta property=\"og:image:height\" content=\"2019\" \/>\n\t<meta property=\"og:image:type\" content=\"image\/jpeg\" \/>\n<meta name=\"twitter:card\" content=\"summary_large_image\" \/>\n<script type=\"application\/ld+json\" class=\"yoast-schema-graph\">{\"@context\":\"https:\/\/schema.org\",\"@graph\":[{\"@type\":\"WebPage\",\"@id\":\"https:\/\/dev.eliassen.nl\/de\/weidenkorb-quadratisch-37cm\/\",\"url\":\"https:\/\/dev.eliassen.nl\/de\/weidenkorb-quadratisch-37cm\/\",\"name\":\"Weidenkorb quadratisch 37cm\",\"isPartOf\":{\"@id\":\"https:\/\/dev.eliassen.nl\/de\/#website\"},\"primaryImageOfPage\":{\"@id\":\"https:\/\/dev.eliassen.nl\/de\/weidenkorb-quadratisch-37cm\/#primaryimage\"},\"image\":{\"@id\":\"https:\/\/dev.eliassen.nl\/de\/weidenkorb-quadratisch-37cm\/#primaryimage\"},\"thumbnailUrl\":\"https:\/\/dev.eliassen.nl\/wp-content\/uploads\/2024\/01\/127848.jpg\",\"datePublished\":\"2023-02-14T15:05:09+00:00\",\"dateModified\":\"2024-12-05T15:19:25+00:00\",\"description\":\"Sehen Sie sich unsere wundersch\u00f6ne Weidenk\u00f6rbe-Kollektion in unserem Webshop an oder kommen Sie vorbei und sehen Sie sie sich live in unserem Laden an!! Dies...\",\"breadcrumb\":{\"@id\":\"https:\/\/dev.eliassen.nl\/de\/weidenkorb-quadratisch-37cm\/#breadcrumb\"},\"inLanguage\":\"de\",\"potentialAction\":[{\"@type\":\"ReadAction\",\"target\":[\"https:\/\/dev.eliassen.nl\/de\/weidenkorb-quadratisch-37cm\/\"]}]},{\"@type\":\"ImageObject\",\"inLanguage\":\"de\",\"@id\":\"https:\/\/dev.eliassen.nl\/de\/weidenkorb-quadratisch-37cm\/#primaryimage\",\"url\":\"https:\/\/dev.eliassen.nl\/wp-content\/uploads\/2024\/01\/127848.jpg\",\"contentUrl\":\"https:\/\/dev.eliassen.nl\/wp-content\/uploads\/2024\/01\/127848.jpg\",\"width\":2048,\"height\":2019,\"caption\":\"127848\"},{\"@type\":\"BreadcrumbList\",\"@id\":\"https:\/\/dev.eliassen.nl\/de\/weidenkorb-quadratisch-37cm\/#breadcrumb\",\"itemListElement\":[{\"@type\":\"ListItem\",\"position\":1,\"name\":\"Home\",\"item\":\"https:\/\/dev.eliassen.nl\/de\/\"},{\"@type\":\"ListItem\",\"position\":2,\"name\":\"Shop\",\"item\":\"https:\/\/dev.eliassen.nl\/nl\/winkel\/\"},{\"@type\":\"ListItem\",\"position\":3,\"name\":\"Blument\u00f6pfe und Pflanzgef\u00e4\u00dfe\",\"item\":\"https:\/\/dev.eliassen.nl\/de\/blumentoepfe-und-pflanzgefaesse\/\"},{\"@type\":\"ListItem\",\"position\":4,\"name\":\"K\u00f6rbe aus Rattan\",\"item\":\"https:\/\/dev.eliassen.nl\/de\/blumentoepfe-und-pflanzgefaesse\/koerbe-aus-rattan\/\"},{\"@type\":\"ListItem\",\"position\":5,\"name\":\"Weidenkorb quadratisch 37cm\"}]},{\"@type\":\"WebSite\",\"@id\":\"https:\/\/dev.eliassen.nl\/de\/#website\",\"url\":\"https:\/\/dev.eliassen.nl\/de\/\",\"name\":\"Eliassen Home & Garden Pleasure\",\"description\":\"\",\"publisher\":{\"@id\":\"https:\/\/dev.eliassen.nl\/de\/#organization\"},\"alternateName\":\"Eliassen.nl\",\"potentialAction\":[{\"@type\":\"SearchAction\",\"target\":{\"@type\":\"EntryPoint\",\"urlTemplate\":\"https:\/\/dev.eliassen.nl\/de\/?s={search_term_string}\"},\"query-input\":{\"@type\":\"PropertyValueSpecification\",\"valueRequired\":true,\"valueName\":\"search_term_string\"}}],\"inLanguage\":\"de\"},{\"@type\":\"Organization\",\"@id\":\"https:\/\/dev.eliassen.nl\/de\/#organization\",\"name\":\"Eliassen Home & Garden Pleasure\",\"url\":\"https:\/\/dev.eliassen.nl\/de\/\",\"logo\":{\"@type\":\"ImageObject\",\"inLanguage\":\"de\",\"@id\":\"https:\/\/dev.eliassen.nl\/de\/#\/schema\/logo\/image\/\",\"url\":\"https:\/\/www.eliassen.nl\/wp-content\/uploads\/2024\/01\/logo_4nd.jpg\",\"contentUrl\":\"https:\/\/www.eliassen.nl\/wp-content\/uploads\/2024\/01\/logo_4nd.jpg\",\"width\":500,\"height\":500,\"caption\":\"Eliassen Home & Garden Pleasure\"},\"image\":{\"@id\":\"https:\/\/dev.eliassen.nl\/de\/#\/schema\/logo\/image\/\"},\"sameAs\":[\"https:\/\/www.facebook.com\/TuincentrumEliassenAmmerzoden\",\"https:\/\/www.instagram.com\/eliassenhomeandgarden\/\",\"https:\/\/nl.pinterest.com\/eliassenhomeandgarden\/\",\"https:\/\/www.youtube.com\/@eliassenhomegardenpleasure4558\"]}]}<\/script>\n<!-- \/ Yoast SEO plugin. -->","yoast_head_json":{"title":"Weidenkorb quadratisch 37cm","description":"Sehen Sie sich unsere wundersch\u00f6ne Weidenk\u00f6rbe-Kollektion in unserem Webshop an oder kommen Sie vorbei und sehen Sie sie sich live in unserem Laden an!! Dies...","robots":{"index":"noindex","follow":"follow","max-snippet":"max-snippet:-1","max-image-preview":"max-image-preview:large","max-video-preview":"max-video-preview:-1"},"og_locale":"de_DE","og_type":"article","og_title":"Weidenkorb quadratisch 37cm","og_description":"Sehen Sie sich unsere wundersch\u00f6ne Weidenk\u00f6rbe-Kollektion in unserem Webshop an oder kommen Sie vorbei und sehen Sie sie sich live in unserem Laden an!! Dies...","og_url":"https:\/\/dev.eliassen.nl\/de\/weidenkorb-quadratisch-37cm\/","og_site_name":"Eliassen.nl","article_publisher":"https:\/\/www.facebook.com\/TuincentrumEliassenAmmerzoden","article_modified_time":"2024-12-05T15:19:25+00:00","og_image":[{"width":2048,"height":2019,"url":"https:\/\/dev.eliassen.nl\/wp-content\/uploads\/2024\/01\/127848.jpg","type":"image\/jpeg"}],"twitter_card":"summary_large_image","schema":{"@context":"https:\/\/schema.org","@graph":[{"@type":"WebPage","@id":"https:\/\/dev.eliassen.nl\/de\/weidenkorb-quadratisch-37cm\/","url":"https:\/\/dev.eliassen.nl\/de\/weidenkorb-quadratisch-37cm\/","name":"Weidenkorb quadratisch 37cm","isPartOf":{"@id":"https:\/\/dev.eliassen.nl\/de\/#website"},"primaryImageOfPage":{"@id":"https:\/\/dev.eliassen.nl\/de\/weidenkorb-quadratisch-37cm\/#primaryimage"},"image":{"@id":"https:\/\/dev.eliassen.nl\/de\/weidenkorb-quadratisch-37cm\/#primaryimage"},"thumbnailUrl":"https:\/\/dev.eliassen.nl\/wp-content\/uploads\/2024\/01\/127848.jpg","datePublished":"2023-02-14T15:05:09+00:00","dateModified":"2024-12-05T15:19:25+00:00","description":"Sehen Sie sich unsere wundersch\u00f6ne Weidenk\u00f6rbe-Kollektion in unserem Webshop an oder kommen Sie vorbei und sehen Sie sie sich live in unserem Laden an!! Dies...","breadcrumb":{"@id":"https:\/\/dev.eliassen.nl\/de\/weidenkorb-quadratisch-37cm\/#breadcrumb"},"inLanguage":"de","potentialAction":[{"@type":"ReadAction","target":["https:\/\/dev.eliassen.nl\/de\/weidenkorb-quadratisch-37cm\/"]}]},{"@type":"ImageObject","inLanguage":"de","@id":"https:\/\/dev.eliassen.nl\/de\/weidenkorb-quadratisch-37cm\/#primaryimage","url":"https:\/\/dev.eliassen.nl\/wp-content\/uploads\/2024\/01\/127848.jpg","contentUrl":"https:\/\/dev.eliassen.nl\/wp-content\/uploads\/2024\/01\/127848.jpg","width":2048,"height":2019,"caption":"127848"},{"@type":"BreadcrumbList","@id":"https:\/\/dev.eliassen.nl\/de\/weidenkorb-quadratisch-37cm\/#breadcrumb","itemListElement":[{"@type":"ListItem","position":1,"name":"Home","item":"https:\/\/dev.eliassen.nl\/de\/"},{"@type":"ListItem","position":2,"name":"Shop","item":"https:\/\/dev.eliassen.nl\/nl\/winkel\/"},{"@type":"ListItem","position":3,"name":"Blument\u00f6pfe und Pflanzgef\u00e4\u00dfe","item":"https:\/\/dev.eliassen.nl\/de\/blumentoepfe-und-pflanzgefaesse\/"},{"@type":"ListItem","position":4,"name":"K\u00f6rbe aus Rattan","item":"https:\/\/dev.eliassen.nl\/de\/blumentoepfe-und-pflanzgefaesse\/koerbe-aus-rattan\/"},{"@type":"ListItem","position":5,"name":"Weidenkorb quadratisch 37cm"}]},{"@type":"WebSite","@id":"https:\/\/dev.eliassen.nl\/de\/#website","url":"https:\/\/dev.eliassen.nl\/de\/","name":"Eliassen Home & Garden Pleasure","description":"","publisher":{"@id":"https:\/\/dev.eliassen.nl\/de\/#organization"},"alternateName":"Eliassen.nl","potentialAction":[{"@type":"SearchAction","target":{"@type":"EntryPoint","urlTemplate":"https:\/\/dev.eliassen.nl\/de\/?s={search_term_string}"},"query-input":{"@type":"PropertyValueSpecification","valueRequired":true,"valueName":"search_term_string"}}],"inLanguage":"de"},{"@type":"Organization","@id":"https:\/\/dev.eliassen.nl\/de\/#organization","name":"Eliassen Home & Garden Pleasure","url":"https:\/\/dev.eliassen.nl\/de\/","logo":{"@type":"ImageObject","inLanguage":"de","@id":"https:\/\/dev.eliassen.nl\/de\/#\/schema\/logo\/image\/","url":"https:\/\/www.eliassen.nl\/wp-content\/uploads\/2024\/01\/logo_4nd.jpg","contentUrl":"https:\/\/www.eliassen.nl\/wp-content\/uploads\/2024\/01\/logo_4nd.jpg","width":500,"height":500,"caption":"Eliassen Home & Garden Pleasure"},"image":{"@id":"https:\/\/dev.eliassen.nl\/de\/#\/schema\/logo\/image\/"},"sameAs":["https:\/\/www.facebook.com\/TuincentrumEliassenAmmerzoden","https:\/\/www.instagram.com\/eliassenhomeandgarden\/","https:\/\/nl.pinterest.com\/eliassenhomeandgarden\/","https:\/\/www.youtube.com\/@eliassenhomegardenpleasure4558"]}]}},"df_price":34.5,"df_sale_price":34.5,"df_regular_price":44.5,"df_image_link":"https:\/\/dev.eliassen.nl\/wp-content\/uploads\/2024\/01\/127848.jpg","image":"https:\/\/dev.eliassen.nl\/wp-content\/uploads\/2024\/01\/127848.jpg","price_search":"<span class=\"woocommerce-Price-amount amount\"><bdi><span class=\"woocommerce-Price-currencySymbol\">&euro;<\/span>&nbsp;34,50<\/bdi><\/span>","category":"Blument\u00f6pfe und Pflanzgef\u00e4\u00dfe","_links":{"self":[{"href":"https:\/\/dev.eliassen.nl\/de\/wp-json\/wp\/v2\/product\/82129","targetHints":{"allow":["GET"]}}],"collection":[{"href":"https:\/\/dev.eliassen.nl\/de\/wp-json\/wp\/v2\/product"}],"about":[{"href":"https:\/\/dev.eliassen.nl\/de\/wp-json\/wp\/v2\/types\/product"}],"wp:featuredmedia":[{"embeddable":true,"href":"https:\/\/dev.eliassen.nl\/de\/wp-json\/wp\/v2\/media\/82111"}],"wp:attachment":[{"href":"https:\/\/dev.eliassen.nl\/de\/wp-json\/wp\/v2\/media?parent=82129"}],"wp:term":[{"taxonomy":"product_brand","embeddable":true,"href":"https:\/\/dev.eliassen.nl\/de\/wp-json\/wp\/v2\/product_brand?post=82129"},{"taxonomy":"product_cat","embeddable":true,"href":"https:\/\/dev.eliassen.nl\/de\/wp-json\/wp\/v2\/product_cat?post=82129"},{"taxonomy":"product_tag","embeddable":true,"href":"https:\/\/dev.eliassen.nl\/de\/wp-json\/wp\/v2\/product_tag?post=82129"}],"curies":[{"name":"wp","href":"https:\/\/api.w.org\/{rel}","templated":true}]}}