{"id":82438,"date":"2023-02-16T09:18:22","date_gmt":"2023-02-16T08:18:22","guid":{"rendered":"https:\/\/www.eliassen.nl\/?product=bronzen-beeld-modern-sculptuur-met-meisje-op-voet"},"modified":"2024-12-05T16:19:48","modified_gmt":"2024-12-05T15:19:48","slug":"bronzeskulptur-moderne-skulptur-mit-madchen-zu-fuss-46-cm","status":"publish","type":"product","link":"https:\/\/dev.eliassen.nl\/de\/bronzeskulptur-moderne-skulptur-mit-madchen-zu-fuss-46-cm\/","title":{"rendered":"Bronzeskulptur moderne Skulptur mit M\u00e4dchen zu Fu\u00df 46 cm"},"content":{"rendered":"<p>Sch\u00f6ne Skulptur eines M\u00e4dchens mit einer Reihe echter Bronzeblumen. Die Bronze dieser Statue hat einen garantierten Kupfergehalt von 75 %, was der Lebensdauer und dem Aussehen sehr zugute kommt.<\/p>\n<p>Diese Bronzestatue wird mit der geschmolzenen Wachsmethode hergestellt, einer alten Technik. Auf die Form wird eine ca. 3 mm dicke Wachsschicht aufgetragen, danach wird der Rest des Zwischenraums mit Spezialton ausgef\u00fcllt. Wenn die Formvorbereitungen abgeschlossen sind, wird fl\u00fcssige Bronze von oben in die Form gegossen, das Wachs schmilzt und l\u00e4uft ab; Der entstehende Raum ist mit Bronze gef\u00fcllt. Nach dem Abk\u00fchlen wird die Form ge\u00f6ffnet, danach wird das Bild bearbeitet, poliert, geschliffen, Grate entfernt usw. Bei gr\u00f6\u00dferen Bronzeskulpturen und Statuen wird Bronze in Teilen gegossen, danach werden die Teile sehr sorgf\u00e4ltig zusammengel\u00f6tet, die N\u00e4hte sind dann poliert und geschliffen zu einem vollst\u00e4ndigen Bronzeobjekt. Bronzeskulpturen werden mit verschiedenen S\u00e4uren behandelt, um die richtige Farbe zu erhalten. Jede Art von S\u00e4ure verursacht ihre eigene Oxidation, die dauerhaft sein wird.<\/p>\n<p>Bronzestatuen k\u00f6nnen auch drau\u00dfen gelassen werden, die Statue wird etwas matt, was viele sch\u00f6n finden, wer den Glanz behalten m\u00f6chte, sollte die Bronzeskulptur zweimal im Jahr mit Bienenwachs abreiben.<\/p>\n<p><strong>Wir haben die gr\u00f6\u00dfte Sammlung von Bronzestatuen, die auch live besichtigt werden k\u00f6nnen. Kommen Sie gerne vorbei und schauen Sie sich um!! M\u00f6chten Sie vorbeikommen und nach einer bestimmten Bronzestatue suchen? Bitte rufen Sie uns an, damit wir best\u00e4tigen k\u00f6nnen, dass das Bild Ihrer Wahl bei uns verf\u00fcgbar ist!<\/strong><\/p>\n<ul>\n<li>Gr\u00f6\u00dfe: 21 x 23 x 46 cm hoch.<\/li>\n<li>Material: Bronze<\/li>\n<li>Schnell geliefert <strong>.<\/strong><\/li>\n<li>10 Jahre Garantie.<\/li>\n<\/ul>\n","protected":false},"excerpt":{"rendered":"<p>21 x 23 x 46 cm hoch.<\/p>\n","protected":false},"featured_media":82435,"template":"","meta":{"_acf_changed":false},"product_brand":[],"product_cat":[803,613,620,7239],"product_tag":[],"class_list":{"0":"post-82438","1":"product","2":"type-product","3":"status-publish","4":"has-post-thumbnail","6":"product_cat-abstrakte-statuen-aus-bronze","7":"product_cat-bronzestatuen","8":"product_cat-moderne-bronzestatuen","9":"product_cat-statuen-skulpturen","11":"first","12":"instock","13":"taxable","14":"shipping-taxable","15":"purchasable","16":"product-type-simple"},"acf":[],"yoast_head":"<!-- This site is optimized with the Yoast SEO plugin v23.8 - https:\/\/yoast.com\/wordpress\/plugins\/seo\/ -->\n<title>Bronzeskulptur einer modernen Skulptur mit einem M\u00e4dchen auf einem Fu\u00df<\/title>\n<meta name=\"description\" content=\"Moderne Bronzeskulptur mit M\u00e4dchen? Nirgendwo sonst kann man so viele Bronzeobjekte live sehen!! \u2705 Sicher einkaufen \u2705 Faire Preise \u2705 Kostenlose Parkpl\u00e4tze\" \/>\n<meta name=\"robots\" content=\"noindex, follow, max-snippet:-1, max-image-preview:large, max-video-preview:-1\" \/>\n<meta property=\"og:locale\" content=\"de_DE\" \/>\n<meta property=\"og:type\" content=\"article\" \/>\n<meta property=\"og:title\" content=\"Bronzeskulptur einer modernen Skulptur mit einem M\u00e4dchen auf einem Fu\u00df\" \/>\n<meta property=\"og:description\" content=\"Moderne Bronzeskulptur mit M\u00e4dchen? Nirgendwo sonst kann man so viele Bronzeobjekte live sehen!! \u2705 Sicher einkaufen \u2705 Faire Preise \u2705 Kostenlose Parkpl\u00e4tze\" \/>\n<meta property=\"og:url\" content=\"https:\/\/dev.eliassen.nl\/de\/bronzeskulptur-moderne-skulptur-mit-madchen-zu-fuss-46-cm\/\" \/>\n<meta property=\"og:site_name\" content=\"Eliassen.nl\" \/>\n<meta property=\"article:publisher\" content=\"https:\/\/www.facebook.com\/TuincentrumEliassenAmmerzoden\" \/>\n<meta property=\"article:modified_time\" content=\"2024-12-05T15:19:48+00:00\" \/>\n<meta property=\"og:image\" content=\"https:\/\/dev.eliassen.nl\/wp-content\/uploads\/2024\/01\/bronzensculptuurmetmeisjeeliassennl.jpg\" \/>\n\t<meta property=\"og:image:width\" content=\"908\" \/>\n\t<meta property=\"og:image:height\" content=\"2048\" \/>\n\t<meta property=\"og:image:type\" content=\"image\/jpeg\" \/>\n<meta name=\"twitter:card\" content=\"summary_large_image\" \/>\n<script type=\"application\/ld+json\" class=\"yoast-schema-graph\">{\"@context\":\"https:\/\/schema.org\",\"@graph\":[{\"@type\":\"WebPage\",\"@id\":\"https:\/\/dev.eliassen.nl\/de\/bronzeskulptur-moderne-skulptur-mit-madchen-zu-fuss-46-cm\/\",\"url\":\"https:\/\/dev.eliassen.nl\/de\/bronzeskulptur-moderne-skulptur-mit-madchen-zu-fuss-46-cm\/\",\"name\":\"Bronzeskulptur einer modernen Skulptur mit einem M\u00e4dchen auf einem Fu\u00df\",\"isPartOf\":{\"@id\":\"https:\/\/dev.eliassen.nl\/de\/#website\"},\"primaryImageOfPage\":{\"@id\":\"https:\/\/dev.eliassen.nl\/de\/bronzeskulptur-moderne-skulptur-mit-madchen-zu-fuss-46-cm\/#primaryimage\"},\"image\":{\"@id\":\"https:\/\/dev.eliassen.nl\/de\/bronzeskulptur-moderne-skulptur-mit-madchen-zu-fuss-46-cm\/#primaryimage\"},\"thumbnailUrl\":\"https:\/\/dev.eliassen.nl\/wp-content\/uploads\/2024\/01\/bronzensculptuurmetmeisjeeliassennl.jpg\",\"datePublished\":\"2023-02-16T08:18:22+00:00\",\"dateModified\":\"2024-12-05T15:19:48+00:00\",\"description\":\"Moderne Bronzeskulptur mit M\u00e4dchen? Nirgendwo sonst kann man so viele Bronzeobjekte live sehen!! \u2705 Sicher einkaufen \u2705 Faire Preise \u2705 Kostenlose Parkpl\u00e4tze\",\"breadcrumb\":{\"@id\":\"https:\/\/dev.eliassen.nl\/de\/bronzeskulptur-moderne-skulptur-mit-madchen-zu-fuss-46-cm\/#breadcrumb\"},\"inLanguage\":\"de\",\"potentialAction\":[{\"@type\":\"ReadAction\",\"target\":[\"https:\/\/dev.eliassen.nl\/de\/bronzeskulptur-moderne-skulptur-mit-madchen-zu-fuss-46-cm\/\"]}]},{\"@type\":\"ImageObject\",\"inLanguage\":\"de\",\"@id\":\"https:\/\/dev.eliassen.nl\/de\/bronzeskulptur-moderne-skulptur-mit-madchen-zu-fuss-46-cm\/#primaryimage\",\"url\":\"https:\/\/dev.eliassen.nl\/wp-content\/uploads\/2024\/01\/bronzensculptuurmetmeisjeeliassennl.jpg\",\"contentUrl\":\"https:\/\/dev.eliassen.nl\/wp-content\/uploads\/2024\/01\/bronzensculptuurmetmeisjeeliassennl.jpg\",\"width\":908,\"height\":2048,\"caption\":\"bronzen sculptuur met meisje - eliassen.nl\"},{\"@type\":\"BreadcrumbList\",\"@id\":\"https:\/\/dev.eliassen.nl\/de\/bronzeskulptur-moderne-skulptur-mit-madchen-zu-fuss-46-cm\/#breadcrumb\",\"itemListElement\":[{\"@type\":\"ListItem\",\"position\":1,\"name\":\"Home\",\"item\":\"https:\/\/dev.eliassen.nl\/de\/\"},{\"@type\":\"ListItem\",\"position\":2,\"name\":\"Shop\",\"item\":\"https:\/\/dev.eliassen.nl\/nl\/winkel\/\"},{\"@type\":\"ListItem\",\"position\":3,\"name\":\"Bronzestatuen\",\"item\":\"https:\/\/dev.eliassen.nl\/de\/bilder\/bronzestatuen\/\"},{\"@type\":\"ListItem\",\"position\":4,\"name\":\"Abstrakte Statuen aus Bronze\",\"item\":\"https:\/\/dev.eliassen.nl\/de\/bilder\/bronzestatuen\/abstrakte-statuen-aus-bronze\/\"},{\"@type\":\"ListItem\",\"position\":5,\"name\":\"Bronzeskulptur moderne Skulptur mit M\u00e4dchen zu Fu\u00df 46 cm\"}]},{\"@type\":\"WebSite\",\"@id\":\"https:\/\/dev.eliassen.nl\/de\/#website\",\"url\":\"https:\/\/dev.eliassen.nl\/de\/\",\"name\":\"Eliassen Home & Garden Pleasure\",\"description\":\"\",\"publisher\":{\"@id\":\"https:\/\/dev.eliassen.nl\/de\/#organization\"},\"alternateName\":\"Eliassen.nl\",\"potentialAction\":[{\"@type\":\"SearchAction\",\"target\":{\"@type\":\"EntryPoint\",\"urlTemplate\":\"https:\/\/dev.eliassen.nl\/de\/?s={search_term_string}\"},\"query-input\":{\"@type\":\"PropertyValueSpecification\",\"valueRequired\":true,\"valueName\":\"search_term_string\"}}],\"inLanguage\":\"de\"},{\"@type\":\"Organization\",\"@id\":\"https:\/\/dev.eliassen.nl\/de\/#organization\",\"name\":\"Eliassen Home & Garden Pleasure\",\"url\":\"https:\/\/dev.eliassen.nl\/de\/\",\"logo\":{\"@type\":\"ImageObject\",\"inLanguage\":\"de\",\"@id\":\"https:\/\/dev.eliassen.nl\/de\/#\/schema\/logo\/image\/\",\"url\":\"https:\/\/www.eliassen.nl\/wp-content\/uploads\/2024\/01\/logo_4nd.jpg\",\"contentUrl\":\"https:\/\/www.eliassen.nl\/wp-content\/uploads\/2024\/01\/logo_4nd.jpg\",\"width\":500,\"height\":500,\"caption\":\"Eliassen Home & Garden Pleasure\"},\"image\":{\"@id\":\"https:\/\/dev.eliassen.nl\/de\/#\/schema\/logo\/image\/\"},\"sameAs\":[\"https:\/\/www.facebook.com\/TuincentrumEliassenAmmerzoden\",\"https:\/\/www.instagram.com\/eliassenhomeandgarden\/\",\"https:\/\/nl.pinterest.com\/eliassenhomeandgarden\/\",\"https:\/\/www.youtube.com\/@eliassenhomegardenpleasure4558\"]}]}<\/script>\n<!-- \/ Yoast SEO plugin. -->","yoast_head_json":{"title":"Bronzeskulptur einer modernen Skulptur mit einem M\u00e4dchen auf einem Fu\u00df","description":"Moderne Bronzeskulptur mit M\u00e4dchen? Nirgendwo sonst kann man so viele Bronzeobjekte live sehen!! \u2705 Sicher einkaufen \u2705 Faire Preise \u2705 Kostenlose Parkpl\u00e4tze","robots":{"index":"noindex","follow":"follow","max-snippet":"max-snippet:-1","max-image-preview":"max-image-preview:large","max-video-preview":"max-video-preview:-1"},"og_locale":"de_DE","og_type":"article","og_title":"Bronzeskulptur einer modernen Skulptur mit einem M\u00e4dchen auf einem Fu\u00df","og_description":"Moderne Bronzeskulptur mit M\u00e4dchen? Nirgendwo sonst kann man so viele Bronzeobjekte live sehen!! \u2705 Sicher einkaufen \u2705 Faire Preise \u2705 Kostenlose Parkpl\u00e4tze","og_url":"https:\/\/dev.eliassen.nl\/de\/bronzeskulptur-moderne-skulptur-mit-madchen-zu-fuss-46-cm\/","og_site_name":"Eliassen.nl","article_publisher":"https:\/\/www.facebook.com\/TuincentrumEliassenAmmerzoden","article_modified_time":"2024-12-05T15:19:48+00:00","og_image":[{"width":908,"height":2048,"url":"https:\/\/dev.eliassen.nl\/wp-content\/uploads\/2024\/01\/bronzensculptuurmetmeisjeeliassennl.jpg","type":"image\/jpeg"}],"twitter_card":"summary_large_image","schema":{"@context":"https:\/\/schema.org","@graph":[{"@type":"WebPage","@id":"https:\/\/dev.eliassen.nl\/de\/bronzeskulptur-moderne-skulptur-mit-madchen-zu-fuss-46-cm\/","url":"https:\/\/dev.eliassen.nl\/de\/bronzeskulptur-moderne-skulptur-mit-madchen-zu-fuss-46-cm\/","name":"Bronzeskulptur einer modernen Skulptur mit einem M\u00e4dchen auf einem Fu\u00df","isPartOf":{"@id":"https:\/\/dev.eliassen.nl\/de\/#website"},"primaryImageOfPage":{"@id":"https:\/\/dev.eliassen.nl\/de\/bronzeskulptur-moderne-skulptur-mit-madchen-zu-fuss-46-cm\/#primaryimage"},"image":{"@id":"https:\/\/dev.eliassen.nl\/de\/bronzeskulptur-moderne-skulptur-mit-madchen-zu-fuss-46-cm\/#primaryimage"},"thumbnailUrl":"https:\/\/dev.eliassen.nl\/wp-content\/uploads\/2024\/01\/bronzensculptuurmetmeisjeeliassennl.jpg","datePublished":"2023-02-16T08:18:22+00:00","dateModified":"2024-12-05T15:19:48+00:00","description":"Moderne Bronzeskulptur mit M\u00e4dchen? Nirgendwo sonst kann man so viele Bronzeobjekte live sehen!! \u2705 Sicher einkaufen \u2705 Faire Preise \u2705 Kostenlose Parkpl\u00e4tze","breadcrumb":{"@id":"https:\/\/dev.eliassen.nl\/de\/bronzeskulptur-moderne-skulptur-mit-madchen-zu-fuss-46-cm\/#breadcrumb"},"inLanguage":"de","potentialAction":[{"@type":"ReadAction","target":["https:\/\/dev.eliassen.nl\/de\/bronzeskulptur-moderne-skulptur-mit-madchen-zu-fuss-46-cm\/"]}]},{"@type":"ImageObject","inLanguage":"de","@id":"https:\/\/dev.eliassen.nl\/de\/bronzeskulptur-moderne-skulptur-mit-madchen-zu-fuss-46-cm\/#primaryimage","url":"https:\/\/dev.eliassen.nl\/wp-content\/uploads\/2024\/01\/bronzensculptuurmetmeisjeeliassennl.jpg","contentUrl":"https:\/\/dev.eliassen.nl\/wp-content\/uploads\/2024\/01\/bronzensculptuurmetmeisjeeliassennl.jpg","width":908,"height":2048,"caption":"bronzen sculptuur met meisje - eliassen.nl"},{"@type":"BreadcrumbList","@id":"https:\/\/dev.eliassen.nl\/de\/bronzeskulptur-moderne-skulptur-mit-madchen-zu-fuss-46-cm\/#breadcrumb","itemListElement":[{"@type":"ListItem","position":1,"name":"Home","item":"https:\/\/dev.eliassen.nl\/de\/"},{"@type":"ListItem","position":2,"name":"Shop","item":"https:\/\/dev.eliassen.nl\/nl\/winkel\/"},{"@type":"ListItem","position":3,"name":"Bronzestatuen","item":"https:\/\/dev.eliassen.nl\/de\/bilder\/bronzestatuen\/"},{"@type":"ListItem","position":4,"name":"Abstrakte Statuen aus Bronze","item":"https:\/\/dev.eliassen.nl\/de\/bilder\/bronzestatuen\/abstrakte-statuen-aus-bronze\/"},{"@type":"ListItem","position":5,"name":"Bronzeskulptur moderne Skulptur mit M\u00e4dchen zu Fu\u00df 46 cm"}]},{"@type":"WebSite","@id":"https:\/\/dev.eliassen.nl\/de\/#website","url":"https:\/\/dev.eliassen.nl\/de\/","name":"Eliassen Home & Garden Pleasure","description":"","publisher":{"@id":"https:\/\/dev.eliassen.nl\/de\/#organization"},"alternateName":"Eliassen.nl","potentialAction":[{"@type":"SearchAction","target":{"@type":"EntryPoint","urlTemplate":"https:\/\/dev.eliassen.nl\/de\/?s={search_term_string}"},"query-input":{"@type":"PropertyValueSpecification","valueRequired":true,"valueName":"search_term_string"}}],"inLanguage":"de"},{"@type":"Organization","@id":"https:\/\/dev.eliassen.nl\/de\/#organization","name":"Eliassen Home & Garden Pleasure","url":"https:\/\/dev.eliassen.nl\/de\/","logo":{"@type":"ImageObject","inLanguage":"de","@id":"https:\/\/dev.eliassen.nl\/de\/#\/schema\/logo\/image\/","url":"https:\/\/www.eliassen.nl\/wp-content\/uploads\/2024\/01\/logo_4nd.jpg","contentUrl":"https:\/\/www.eliassen.nl\/wp-content\/uploads\/2024\/01\/logo_4nd.jpg","width":500,"height":500,"caption":"Eliassen Home & Garden Pleasure"},"image":{"@id":"https:\/\/dev.eliassen.nl\/de\/#\/schema\/logo\/image\/"},"sameAs":["https:\/\/www.facebook.com\/TuincentrumEliassenAmmerzoden","https:\/\/www.instagram.com\/eliassenhomeandgarden\/","https:\/\/nl.pinterest.com\/eliassenhomeandgarden\/","https:\/\/www.youtube.com\/@eliassenhomegardenpleasure4558"]}]}},"df_price":520,"df_sale_price":"","df_regular_price":520,"df_image_link":"https:\/\/dev.eliassen.nl\/wp-content\/uploads\/2024\/01\/bronzensculptuurmetmeisjeeliassennl.jpg","image":"https:\/\/dev.eliassen.nl\/wp-content\/uploads\/2024\/01\/bronzensculptuurmetmeisjeeliassennl.jpg","price_search":"<span class=\"woocommerce-Price-amount amount\"><bdi><span class=\"woocommerce-Price-currencySymbol\">&euro;<\/span>&nbsp;520,00<\/bdi><\/span>","category":"Abstrakte Statuen aus Bronze","_links":{"self":[{"href":"https:\/\/dev.eliassen.nl\/de\/wp-json\/wp\/v2\/product\/82438","targetHints":{"allow":["GET"]}}],"collection":[{"href":"https:\/\/dev.eliassen.nl\/de\/wp-json\/wp\/v2\/product"}],"about":[{"href":"https:\/\/dev.eliassen.nl\/de\/wp-json\/wp\/v2\/types\/product"}],"wp:featuredmedia":[{"embeddable":true,"href":"https:\/\/dev.eliassen.nl\/de\/wp-json\/wp\/v2\/media\/82435"}],"wp:attachment":[{"href":"https:\/\/dev.eliassen.nl\/de\/wp-json\/wp\/v2\/media?parent=82438"}],"wp:term":[{"taxonomy":"product_brand","embeddable":true,"href":"https:\/\/dev.eliassen.nl\/de\/wp-json\/wp\/v2\/product_brand?post=82438"},{"taxonomy":"product_cat","embeddable":true,"href":"https:\/\/dev.eliassen.nl\/de\/wp-json\/wp\/v2\/product_cat?post=82438"},{"taxonomy":"product_tag","embeddable":true,"href":"https:\/\/dev.eliassen.nl\/de\/wp-json\/wp\/v2\/product_tag?post=82438"}],"curies":[{"name":"wp","href":"https:\/\/api.w.org\/{rel}","templated":true}]}}