{"id":83452,"date":"2023-02-17T12:24:14","date_gmt":"2023-02-17T11:24:14","guid":{"rendered":"https:\/\/www.eliassen.nl\/?product=glaslamp-uivorm-marlonon-36cm"},"modified":"2024-12-05T16:20:27","modified_gmt":"2024-12-05T15:20:27","slug":"glaslampe-zwiebelform-marlonon-36cm","status":"publish","type":"product","link":"https:\/\/dev.eliassen.nl\/de\/glaslampe-zwiebelform-marlonon-36cm\/","title":{"rendered":"Glaslampe Zwiebelform Marlonon 36cm"},"content":{"rendered":"<p>Diese Zwiebellampe aus dickem Glas wird eine Bereicherung f\u00fcr Ihr Zuhause oder Gesch\u00e4ft sein. Es ist ein einzigartiges Glasgeschirr, da dieses Modell mundgeblasen ist und daher jedes St\u00fcck farblich einzigartig ist. schwarze Farben mit dem wei\u00dfen Glas erzeugen einen tollen Lichteffekt. Diese Glaslampe ruht auf einem Buchenholzplateau von 15 cm und ist mit einer E14-Fassung mit 1,2 m Kabel mit Schalter ausgestattet. Sie k\u00f6nnen das Glas auf das Plateau stellen. In diese Lampen d\u00fcrfen nur LED-Lampen eingebaut werden, da LED-Lampen kaum W\u00e4rme erzeugen.<\/p>\n<p>Sie k\u00f6nnen sich diese Lampenserie auch live in unserem Store ansehen<\/p>\n<p>* Gr\u00f6\u00dfe ca.: Durchmesser ca. 30cm, 36cm hoch<br \/>*Material: B\u00f6hmisches Glas, mundgeblasen.<br \/>*Jedes Exemplar ist einzigartig in Form und Farbe<br \/>*Schnelle Lieferung.<br \/>*Mundgeblasene Glasartikel k\u00f6nnen immer M\u00e4ngel aufweisen, wie z. B. einen Minipunkt, eine Luftblase, die nicht reklamiert werden k\u00f6nnen.<\/p>\n<p>*Die angegebenen Gr\u00f6\u00dfen sind immer ungef\u00e4hre Angaben<\/p>\n","protected":false},"excerpt":{"rendered":"<p>Lampe aus mundgeblasenem Glas.<\/p>\n","protected":false},"featured_media":83446,"template":"","meta":{"_acf_changed":false},"product_brand":[],"product_cat":[749,746],"product_tag":[],"class_list":{"0":"post-83452","1":"product","2":"type-product","3":"status-publish","4":"has-post-thumbnail","6":"product_cat-glaslampen","7":"product_cat-stimmungsvolle-beleuchtung","9":"first","10":"instock","11":"taxable","12":"shipping-taxable","13":"purchasable","14":"product-type-simple"},"acf":[],"yoast_head":"<!-- This site is optimized with the Yoast SEO plugin v23.8 - https:\/\/yoast.com\/wordpress\/plugins\/seo\/ -->\n<title>Glaslamp Uivorm Marlonon 36cm<\/title>\n<meta name=\"description\" content=\"Sfeerlampen van glas? Kom ook gerust live onze collectie bekijken !\" \/>\n<meta name=\"robots\" content=\"noindex, follow, max-snippet:-1, max-image-preview:large, max-video-preview:-1\" \/>\n<meta property=\"og:locale\" content=\"de_DE\" \/>\n<meta property=\"og:type\" content=\"article\" \/>\n<meta property=\"og:title\" content=\"Glaslamp Uivorm Marlonon 36cm\" \/>\n<meta property=\"og:description\" content=\"Sfeerlampen van glas? Kom ook gerust live onze collectie bekijken !\" \/>\n<meta property=\"og:url\" content=\"https:\/\/dev.eliassen.nl\/de\/glaslampe-zwiebelform-marlonon-36cm\/\" \/>\n<meta property=\"og:site_name\" content=\"Eliassen.nl\" \/>\n<meta property=\"article:publisher\" content=\"https:\/\/www.facebook.com\/TuincentrumEliassenAmmerzoden\" \/>\n<meta property=\"article:modified_time\" content=\"2024-12-05T15:20:27+00:00\" \/>\n<meta property=\"og:image\" content=\"https:\/\/dev.eliassen.nl\/wp-content\/uploads\/2024\/01\/processed094a952860a842fe8330aa7afc1f3d55hbt.jpg\" \/>\n\t<meta property=\"og:image:width\" content=\"1152\" \/>\n\t<meta property=\"og:image:height\" content=\"2048\" \/>\n\t<meta property=\"og:image:type\" content=\"image\/jpeg\" \/>\n<meta name=\"twitter:card\" content=\"summary_large_image\" \/>\n<script type=\"application\/ld+json\" class=\"yoast-schema-graph\">{\"@context\":\"https:\/\/schema.org\",\"@graph\":[{\"@type\":\"WebPage\",\"@id\":\"https:\/\/dev.eliassen.nl\/de\/glaslampe-zwiebelform-marlonon-36cm\/\",\"url\":\"https:\/\/dev.eliassen.nl\/de\/glaslampe-zwiebelform-marlonon-36cm\/\",\"name\":\"Glaslamp Uivorm Marlonon 36cm\",\"isPartOf\":{\"@id\":\"https:\/\/dev.eliassen.nl\/de\/#website\"},\"primaryImageOfPage\":{\"@id\":\"https:\/\/dev.eliassen.nl\/de\/glaslampe-zwiebelform-marlonon-36cm\/#primaryimage\"},\"image\":{\"@id\":\"https:\/\/dev.eliassen.nl\/de\/glaslampe-zwiebelform-marlonon-36cm\/#primaryimage\"},\"thumbnailUrl\":\"https:\/\/dev.eliassen.nl\/wp-content\/uploads\/2024\/01\/processed094a952860a842fe8330aa7afc1f3d55hbt.jpg\",\"datePublished\":\"2023-02-17T11:24:14+00:00\",\"dateModified\":\"2024-12-05T15:20:27+00:00\",\"description\":\"Sfeerlampen van glas? Kom ook gerust live onze collectie bekijken !\",\"breadcrumb\":{\"@id\":\"https:\/\/dev.eliassen.nl\/de\/glaslampe-zwiebelform-marlonon-36cm\/#breadcrumb\"},\"inLanguage\":\"de\",\"potentialAction\":[{\"@type\":\"ReadAction\",\"target\":[\"https:\/\/dev.eliassen.nl\/de\/glaslampe-zwiebelform-marlonon-36cm\/\"]}]},{\"@type\":\"ImageObject\",\"inLanguage\":\"de\",\"@id\":\"https:\/\/dev.eliassen.nl\/de\/glaslampe-zwiebelform-marlonon-36cm\/#primaryimage\",\"url\":\"https:\/\/dev.eliassen.nl\/wp-content\/uploads\/2024\/01\/processed094a952860a842fe8330aa7afc1f3d55hbt.jpg\",\"contentUrl\":\"https:\/\/dev.eliassen.nl\/wp-content\/uploads\/2024\/01\/processed094a952860a842fe8330aa7afc1f3d55hbt.jpg\",\"width\":1152,\"height\":2048,\"caption\":\"processed-094a9528-60a8-42fe-8330-aa7afc1f3d55_HBtl82Nj\"},{\"@type\":\"BreadcrumbList\",\"@id\":\"https:\/\/dev.eliassen.nl\/de\/glaslampe-zwiebelform-marlonon-36cm\/#breadcrumb\",\"itemListElement\":[{\"@type\":\"ListItem\",\"position\":1,\"name\":\"Home\",\"item\":\"https:\/\/dev.eliassen.nl\/de\/\"},{\"@type\":\"ListItem\",\"position\":2,\"name\":\"Shop\",\"item\":\"https:\/\/dev.eliassen.nl\/nl\/winkel\/\"},{\"@type\":\"ListItem\",\"position\":3,\"name\":\"Stimmungsvolle Beleuchtung\",\"item\":\"https:\/\/dev.eliassen.nl\/de\/stimmungsvolle-beleuchtung\/\"},{\"@type\":\"ListItem\",\"position\":4,\"name\":\"Glaslampen\",\"item\":\"https:\/\/dev.eliassen.nl\/de\/stimmungsvolle-beleuchtung\/glaslampen\/\"},{\"@type\":\"ListItem\",\"position\":5,\"name\":\"Glaslampe Zwiebelform Marlonon 36cm\"}]},{\"@type\":\"WebSite\",\"@id\":\"https:\/\/dev.eliassen.nl\/de\/#website\",\"url\":\"https:\/\/dev.eliassen.nl\/de\/\",\"name\":\"Eliassen Home & Garden Pleasure\",\"description\":\"\",\"publisher\":{\"@id\":\"https:\/\/dev.eliassen.nl\/de\/#organization\"},\"alternateName\":\"Eliassen.nl\",\"potentialAction\":[{\"@type\":\"SearchAction\",\"target\":{\"@type\":\"EntryPoint\",\"urlTemplate\":\"https:\/\/dev.eliassen.nl\/de\/?s={search_term_string}\"},\"query-input\":{\"@type\":\"PropertyValueSpecification\",\"valueRequired\":true,\"valueName\":\"search_term_string\"}}],\"inLanguage\":\"de\"},{\"@type\":\"Organization\",\"@id\":\"https:\/\/dev.eliassen.nl\/de\/#organization\",\"name\":\"Eliassen Home & Garden Pleasure\",\"url\":\"https:\/\/dev.eliassen.nl\/de\/\",\"logo\":{\"@type\":\"ImageObject\",\"inLanguage\":\"de\",\"@id\":\"https:\/\/dev.eliassen.nl\/de\/#\/schema\/logo\/image\/\",\"url\":\"https:\/\/www.eliassen.nl\/wp-content\/uploads\/2024\/01\/logo_4nd.jpg\",\"contentUrl\":\"https:\/\/www.eliassen.nl\/wp-content\/uploads\/2024\/01\/logo_4nd.jpg\",\"width\":500,\"height\":500,\"caption\":\"Eliassen Home & Garden Pleasure\"},\"image\":{\"@id\":\"https:\/\/dev.eliassen.nl\/de\/#\/schema\/logo\/image\/\"},\"sameAs\":[\"https:\/\/www.facebook.com\/TuincentrumEliassenAmmerzoden\",\"https:\/\/www.instagram.com\/eliassenhomeandgarden\/\",\"https:\/\/nl.pinterest.com\/eliassenhomeandgarden\/\",\"https:\/\/www.youtube.com\/@eliassenhomegardenpleasure4558\"]}]}<\/script>\n<!-- \/ Yoast SEO plugin. -->","yoast_head_json":{"title":"Glaslamp Uivorm Marlonon 36cm","description":"Sfeerlampen van glas? Kom ook gerust live onze collectie bekijken !","robots":{"index":"noindex","follow":"follow","max-snippet":"max-snippet:-1","max-image-preview":"max-image-preview:large","max-video-preview":"max-video-preview:-1"},"og_locale":"de_DE","og_type":"article","og_title":"Glaslamp Uivorm Marlonon 36cm","og_description":"Sfeerlampen van glas? Kom ook gerust live onze collectie bekijken !","og_url":"https:\/\/dev.eliassen.nl\/de\/glaslampe-zwiebelform-marlonon-36cm\/","og_site_name":"Eliassen.nl","article_publisher":"https:\/\/www.facebook.com\/TuincentrumEliassenAmmerzoden","article_modified_time":"2024-12-05T15:20:27+00:00","og_image":[{"width":1152,"height":2048,"url":"https:\/\/dev.eliassen.nl\/wp-content\/uploads\/2024\/01\/processed094a952860a842fe8330aa7afc1f3d55hbt.jpg","type":"image\/jpeg"}],"twitter_card":"summary_large_image","schema":{"@context":"https:\/\/schema.org","@graph":[{"@type":"WebPage","@id":"https:\/\/dev.eliassen.nl\/de\/glaslampe-zwiebelform-marlonon-36cm\/","url":"https:\/\/dev.eliassen.nl\/de\/glaslampe-zwiebelform-marlonon-36cm\/","name":"Glaslamp Uivorm Marlonon 36cm","isPartOf":{"@id":"https:\/\/dev.eliassen.nl\/de\/#website"},"primaryImageOfPage":{"@id":"https:\/\/dev.eliassen.nl\/de\/glaslampe-zwiebelform-marlonon-36cm\/#primaryimage"},"image":{"@id":"https:\/\/dev.eliassen.nl\/de\/glaslampe-zwiebelform-marlonon-36cm\/#primaryimage"},"thumbnailUrl":"https:\/\/dev.eliassen.nl\/wp-content\/uploads\/2024\/01\/processed094a952860a842fe8330aa7afc1f3d55hbt.jpg","datePublished":"2023-02-17T11:24:14+00:00","dateModified":"2024-12-05T15:20:27+00:00","description":"Sfeerlampen van glas? Kom ook gerust live onze collectie bekijken !","breadcrumb":{"@id":"https:\/\/dev.eliassen.nl\/de\/glaslampe-zwiebelform-marlonon-36cm\/#breadcrumb"},"inLanguage":"de","potentialAction":[{"@type":"ReadAction","target":["https:\/\/dev.eliassen.nl\/de\/glaslampe-zwiebelform-marlonon-36cm\/"]}]},{"@type":"ImageObject","inLanguage":"de","@id":"https:\/\/dev.eliassen.nl\/de\/glaslampe-zwiebelform-marlonon-36cm\/#primaryimage","url":"https:\/\/dev.eliassen.nl\/wp-content\/uploads\/2024\/01\/processed094a952860a842fe8330aa7afc1f3d55hbt.jpg","contentUrl":"https:\/\/dev.eliassen.nl\/wp-content\/uploads\/2024\/01\/processed094a952860a842fe8330aa7afc1f3d55hbt.jpg","width":1152,"height":2048,"caption":"processed-094a9528-60a8-42fe-8330-aa7afc1f3d55_HBtl82Nj"},{"@type":"BreadcrumbList","@id":"https:\/\/dev.eliassen.nl\/de\/glaslampe-zwiebelform-marlonon-36cm\/#breadcrumb","itemListElement":[{"@type":"ListItem","position":1,"name":"Home","item":"https:\/\/dev.eliassen.nl\/de\/"},{"@type":"ListItem","position":2,"name":"Shop","item":"https:\/\/dev.eliassen.nl\/nl\/winkel\/"},{"@type":"ListItem","position":3,"name":"Stimmungsvolle Beleuchtung","item":"https:\/\/dev.eliassen.nl\/de\/stimmungsvolle-beleuchtung\/"},{"@type":"ListItem","position":4,"name":"Glaslampen","item":"https:\/\/dev.eliassen.nl\/de\/stimmungsvolle-beleuchtung\/glaslampen\/"},{"@type":"ListItem","position":5,"name":"Glaslampe Zwiebelform Marlonon 36cm"}]},{"@type":"WebSite","@id":"https:\/\/dev.eliassen.nl\/de\/#website","url":"https:\/\/dev.eliassen.nl\/de\/","name":"Eliassen Home & Garden Pleasure","description":"","publisher":{"@id":"https:\/\/dev.eliassen.nl\/de\/#organization"},"alternateName":"Eliassen.nl","potentialAction":[{"@type":"SearchAction","target":{"@type":"EntryPoint","urlTemplate":"https:\/\/dev.eliassen.nl\/de\/?s={search_term_string}"},"query-input":{"@type":"PropertyValueSpecification","valueRequired":true,"valueName":"search_term_string"}}],"inLanguage":"de"},{"@type":"Organization","@id":"https:\/\/dev.eliassen.nl\/de\/#organization","name":"Eliassen Home & Garden Pleasure","url":"https:\/\/dev.eliassen.nl\/de\/","logo":{"@type":"ImageObject","inLanguage":"de","@id":"https:\/\/dev.eliassen.nl\/de\/#\/schema\/logo\/image\/","url":"https:\/\/www.eliassen.nl\/wp-content\/uploads\/2024\/01\/logo_4nd.jpg","contentUrl":"https:\/\/www.eliassen.nl\/wp-content\/uploads\/2024\/01\/logo_4nd.jpg","width":500,"height":500,"caption":"Eliassen Home & Garden Pleasure"},"image":{"@id":"https:\/\/dev.eliassen.nl\/de\/#\/schema\/logo\/image\/"},"sameAs":["https:\/\/www.facebook.com\/TuincentrumEliassenAmmerzoden","https:\/\/www.instagram.com\/eliassenhomeandgarden\/","https:\/\/nl.pinterest.com\/eliassenhomeandgarden\/","https:\/\/www.youtube.com\/@eliassenhomegardenpleasure4558"]}]}},"df_price":149,"df_sale_price":"","df_regular_price":149,"df_image_link":"https:\/\/dev.eliassen.nl\/wp-content\/uploads\/2024\/01\/processed094a952860a842fe8330aa7afc1f3d55hbt.jpg","image":"https:\/\/dev.eliassen.nl\/wp-content\/uploads\/2024\/01\/processed094a952860a842fe8330aa7afc1f3d55hbt.jpg","price_search":"<span class=\"woocommerce-Price-amount amount\"><bdi><span class=\"woocommerce-Price-currencySymbol\">&euro;<\/span>&nbsp;149,00<\/bdi><\/span>","category":"Glaslampen","_links":{"self":[{"href":"https:\/\/dev.eliassen.nl\/de\/wp-json\/wp\/v2\/product\/83452","targetHints":{"allow":["GET"]}}],"collection":[{"href":"https:\/\/dev.eliassen.nl\/de\/wp-json\/wp\/v2\/product"}],"about":[{"href":"https:\/\/dev.eliassen.nl\/de\/wp-json\/wp\/v2\/types\/product"}],"wp:featuredmedia":[{"embeddable":true,"href":"https:\/\/dev.eliassen.nl\/de\/wp-json\/wp\/v2\/media\/83446"}],"wp:attachment":[{"href":"https:\/\/dev.eliassen.nl\/de\/wp-json\/wp\/v2\/media?parent=83452"}],"wp:term":[{"taxonomy":"product_brand","embeddable":true,"href":"https:\/\/dev.eliassen.nl\/de\/wp-json\/wp\/v2\/product_brand?post=83452"},{"taxonomy":"product_cat","embeddable":true,"href":"https:\/\/dev.eliassen.nl\/de\/wp-json\/wp\/v2\/product_cat?post=83452"},{"taxonomy":"product_tag","embeddable":true,"href":"https:\/\/dev.eliassen.nl\/de\/wp-json\/wp\/v2\/product_tag?post=83452"}],"curies":[{"name":"wp","href":"https:\/\/api.w.org\/{rel}","templated":true}]}}