{"id":84193,"date":"2023-02-18T13:25:51","date_gmt":"2023-02-18T12:25:51","guid":{"rendered":"https:\/\/www.eliassen.nl\/?product=tuinhaard-gietijzer-90cm-zware-kwaliteit"},"modified":"2025-01-21T16:59:23","modified_gmt":"2025-01-21T15:59:23","slug":"gartenkamin-gusseisen-90cm-schwere-qualitat","status":"publish","type":"product","link":"https:\/\/dev.eliassen.nl\/de\/gartenkamin-gusseisen-90cm-schwere-qualitat\/","title":{"rendered":"Gartenkamin Gusseisen 90cm schwere Qualit\u00e4t"},"content":{"rendered":"<p>Sie sitzen drau\u00dfen in angenehmer Gesellschaft, aber es f\u00e4ngt an kalt zu werden, dann ist dieser Gartenkamin eine echte L\u00f6sung.<\/p>\n<p>Wenn Sie diesen robusten Terrassenkamin mit trockenem, sauberem Holz nach der Schweizer Methode leise anz\u00fcnden, wird Sie der Rauch kaum st\u00f6ren. Dieser Terrassenheizstrahler wird nach einiger Zeit rosten, aber das kann bei Gusseisen nicht schaden. An diesem Au\u00dfenheizstrahler werden Sie bei sachgem\u00e4\u00dfer Anwendung jahrzehntelang Freude haben. Beine und Griffe m\u00fcssen Sie selbst montieren, Schrauben sind im Lieferumfang enthalten.<\/p>\n<p>Niemals diesen Gartenheizer sofort mit Wasser l\u00f6schen !! und beim Bewegen an den Ringen anheben, niemals ziehen !!<\/p>\n<ul>\n<li>Gr\u00f6\u00dfe 50x90cm hoch<\/li>\n<li>Material: Gusseisen, aus einem St\u00fcck<\/li>\n<li>Schwere Qualit\u00e4t<\/li>\n<li>mit Griffen<\/li>\n<\/ul>\n","protected":false},"excerpt":{"rendered":"<p>Robuster Gartenkamin, aus einem St\u00fcck gegossen<\/p>\n","protected":false},"featured_media":84178,"template":"","meta":{"_acf_changed":false},"product_brand":[],"product_cat":[764,752],"product_tag":[],"class_list":{"0":"post-84193","1":"product","2":"type-product","3":"status-publish","4":"has-post-thumbnail","6":"product_cat-terrassenkamine-feuerstellen","7":"product_cat-weitere-artikel","9":"first","10":"instock","11":"taxable","12":"shipping-taxable","13":"purchasable","14":"product-type-simple"},"acf":[],"yoast_head":"<!-- This site is optimized with the Yoast SEO plugin v23.8 - https:\/\/yoast.com\/wordpress\/plugins\/seo\/ -->\n<title>Tuinhaard gietijzer 90cm zware kwaliteit<\/title>\n<meta name=\"description\" content=\"Tuinhaarden of kachels? Bekijk ze allemaal in onze webshop, of kom ze live bekijken !\" \/>\n<meta name=\"robots\" content=\"noindex, follow, max-snippet:-1, max-image-preview:large, max-video-preview:-1\" \/>\n<meta property=\"og:locale\" content=\"de_DE\" \/>\n<meta property=\"og:type\" content=\"article\" \/>\n<meta property=\"og:title\" content=\"Tuinhaard gietijzer 90cm zware kwaliteit\" \/>\n<meta property=\"og:description\" content=\"Tuinhaarden of kachels? Bekijk ze allemaal in onze webshop, of kom ze live bekijken !\" \/>\n<meta property=\"og:url\" content=\"https:\/\/dev.eliassen.nl\/de\/gartenkamin-gusseisen-90cm-schwere-qualitat\/\" \/>\n<meta property=\"og:site_name\" content=\"Eliassen.nl\" \/>\n<meta property=\"article:publisher\" content=\"https:\/\/www.facebook.com\/TuincentrumEliassenAmmerzoden\" \/>\n<meta property=\"article:modified_time\" content=\"2025-01-21T15:59:23+00:00\" \/>\n<meta property=\"og:image\" content=\"https:\/\/dev.eliassen.nl\/wp-content\/uploads\/2024\/01\/knipsel_6nd.jpg\" \/>\n\t<meta property=\"og:image:width\" content=\"553\" \/>\n\t<meta property=\"og:image:height\" content=\"546\" \/>\n\t<meta property=\"og:image:type\" content=\"image\/jpeg\" \/>\n<meta name=\"twitter:card\" content=\"summary_large_image\" \/>\n<script type=\"application\/ld+json\" class=\"yoast-schema-graph\">{\"@context\":\"https:\/\/schema.org\",\"@graph\":[{\"@type\":\"WebPage\",\"@id\":\"https:\/\/dev.eliassen.nl\/de\/gartenkamin-gusseisen-90cm-schwere-qualitat\/\",\"url\":\"https:\/\/dev.eliassen.nl\/de\/gartenkamin-gusseisen-90cm-schwere-qualitat\/\",\"name\":\"Tuinhaard gietijzer 90cm zware kwaliteit\",\"isPartOf\":{\"@id\":\"https:\/\/dev.eliassen.nl\/de\/#website\"},\"primaryImageOfPage\":{\"@id\":\"https:\/\/dev.eliassen.nl\/de\/gartenkamin-gusseisen-90cm-schwere-qualitat\/#primaryimage\"},\"image\":{\"@id\":\"https:\/\/dev.eliassen.nl\/de\/gartenkamin-gusseisen-90cm-schwere-qualitat\/#primaryimage\"},\"thumbnailUrl\":\"https:\/\/dev.eliassen.nl\/wp-content\/uploads\/2024\/01\/knipsel_6nd.jpg\",\"datePublished\":\"2023-02-18T12:25:51+00:00\",\"dateModified\":\"2025-01-21T15:59:23+00:00\",\"description\":\"Tuinhaarden of kachels? Bekijk ze allemaal in onze webshop, of kom ze live bekijken !\",\"breadcrumb\":{\"@id\":\"https:\/\/dev.eliassen.nl\/de\/gartenkamin-gusseisen-90cm-schwere-qualitat\/#breadcrumb\"},\"inLanguage\":\"de\",\"potentialAction\":[{\"@type\":\"ReadAction\",\"target\":[\"https:\/\/dev.eliassen.nl\/de\/gartenkamin-gusseisen-90cm-schwere-qualitat\/\"]}]},{\"@type\":\"ImageObject\",\"inLanguage\":\"de\",\"@id\":\"https:\/\/dev.eliassen.nl\/de\/gartenkamin-gusseisen-90cm-schwere-qualitat\/#primaryimage\",\"url\":\"https:\/\/dev.eliassen.nl\/wp-content\/uploads\/2024\/01\/knipsel_6nd.jpg\",\"contentUrl\":\"https:\/\/dev.eliassen.nl\/wp-content\/uploads\/2024\/01\/knipsel_6nd.jpg\",\"width\":553,\"height\":546,\"caption\":\"Knipsel\"},{\"@type\":\"BreadcrumbList\",\"@id\":\"https:\/\/dev.eliassen.nl\/de\/gartenkamin-gusseisen-90cm-schwere-qualitat\/#breadcrumb\",\"itemListElement\":[{\"@type\":\"ListItem\",\"position\":1,\"name\":\"Home\",\"item\":\"https:\/\/dev.eliassen.nl\/de\/\"},{\"@type\":\"ListItem\",\"position\":2,\"name\":\"Shop\",\"item\":\"https:\/\/dev.eliassen.nl\/nl\/winkel\/\"},{\"@type\":\"ListItem\",\"position\":3,\"name\":\"Weitere Artikel\",\"item\":\"https:\/\/dev.eliassen.nl\/de\/weitere-artikel\/\"},{\"@type\":\"ListItem\",\"position\":4,\"name\":\"Terrassenkamine Feuerstellen\",\"item\":\"https:\/\/dev.eliassen.nl\/de\/garten-andere\/terrassenkamine-feuerstellen\/\"},{\"@type\":\"ListItem\",\"position\":5,\"name\":\"Gartenkamin Gusseisen 90cm schwere Qualit\u00e4t\"}]},{\"@type\":\"WebSite\",\"@id\":\"https:\/\/dev.eliassen.nl\/de\/#website\",\"url\":\"https:\/\/dev.eliassen.nl\/de\/\",\"name\":\"Eliassen Home & Garden Pleasure\",\"description\":\"\",\"publisher\":{\"@id\":\"https:\/\/dev.eliassen.nl\/de\/#organization\"},\"alternateName\":\"Eliassen.nl\",\"potentialAction\":[{\"@type\":\"SearchAction\",\"target\":{\"@type\":\"EntryPoint\",\"urlTemplate\":\"https:\/\/dev.eliassen.nl\/de\/?s={search_term_string}\"},\"query-input\":{\"@type\":\"PropertyValueSpecification\",\"valueRequired\":true,\"valueName\":\"search_term_string\"}}],\"inLanguage\":\"de\"},{\"@type\":\"Organization\",\"@id\":\"https:\/\/dev.eliassen.nl\/de\/#organization\",\"name\":\"Eliassen Home & Garden Pleasure\",\"url\":\"https:\/\/dev.eliassen.nl\/de\/\",\"logo\":{\"@type\":\"ImageObject\",\"inLanguage\":\"de\",\"@id\":\"https:\/\/dev.eliassen.nl\/de\/#\/schema\/logo\/image\/\",\"url\":\"https:\/\/www.eliassen.nl\/wp-content\/uploads\/2024\/01\/logo_4nd.jpg\",\"contentUrl\":\"https:\/\/www.eliassen.nl\/wp-content\/uploads\/2024\/01\/logo_4nd.jpg\",\"width\":500,\"height\":500,\"caption\":\"Eliassen Home & Garden Pleasure\"},\"image\":{\"@id\":\"https:\/\/dev.eliassen.nl\/de\/#\/schema\/logo\/image\/\"},\"sameAs\":[\"https:\/\/www.facebook.com\/TuincentrumEliassenAmmerzoden\",\"https:\/\/www.instagram.com\/eliassenhomeandgarden\/\",\"https:\/\/nl.pinterest.com\/eliassenhomeandgarden\/\",\"https:\/\/www.youtube.com\/@eliassenhomegardenpleasure4558\"]}]}<\/script>\n<!-- \/ Yoast SEO plugin. -->","yoast_head_json":{"title":"Tuinhaard gietijzer 90cm zware kwaliteit","description":"Tuinhaarden of kachels? Bekijk ze allemaal in onze webshop, of kom ze live bekijken !","robots":{"index":"noindex","follow":"follow","max-snippet":"max-snippet:-1","max-image-preview":"max-image-preview:large","max-video-preview":"max-video-preview:-1"},"og_locale":"de_DE","og_type":"article","og_title":"Tuinhaard gietijzer 90cm zware kwaliteit","og_description":"Tuinhaarden of kachels? Bekijk ze allemaal in onze webshop, of kom ze live bekijken !","og_url":"https:\/\/dev.eliassen.nl\/de\/gartenkamin-gusseisen-90cm-schwere-qualitat\/","og_site_name":"Eliassen.nl","article_publisher":"https:\/\/www.facebook.com\/TuincentrumEliassenAmmerzoden","article_modified_time":"2025-01-21T15:59:23+00:00","og_image":[{"width":553,"height":546,"url":"https:\/\/dev.eliassen.nl\/wp-content\/uploads\/2024\/01\/knipsel_6nd.jpg","type":"image\/jpeg"}],"twitter_card":"summary_large_image","schema":{"@context":"https:\/\/schema.org","@graph":[{"@type":"WebPage","@id":"https:\/\/dev.eliassen.nl\/de\/gartenkamin-gusseisen-90cm-schwere-qualitat\/","url":"https:\/\/dev.eliassen.nl\/de\/gartenkamin-gusseisen-90cm-schwere-qualitat\/","name":"Tuinhaard gietijzer 90cm zware kwaliteit","isPartOf":{"@id":"https:\/\/dev.eliassen.nl\/de\/#website"},"primaryImageOfPage":{"@id":"https:\/\/dev.eliassen.nl\/de\/gartenkamin-gusseisen-90cm-schwere-qualitat\/#primaryimage"},"image":{"@id":"https:\/\/dev.eliassen.nl\/de\/gartenkamin-gusseisen-90cm-schwere-qualitat\/#primaryimage"},"thumbnailUrl":"https:\/\/dev.eliassen.nl\/wp-content\/uploads\/2024\/01\/knipsel_6nd.jpg","datePublished":"2023-02-18T12:25:51+00:00","dateModified":"2025-01-21T15:59:23+00:00","description":"Tuinhaarden of kachels? Bekijk ze allemaal in onze webshop, of kom ze live bekijken !","breadcrumb":{"@id":"https:\/\/dev.eliassen.nl\/de\/gartenkamin-gusseisen-90cm-schwere-qualitat\/#breadcrumb"},"inLanguage":"de","potentialAction":[{"@type":"ReadAction","target":["https:\/\/dev.eliassen.nl\/de\/gartenkamin-gusseisen-90cm-schwere-qualitat\/"]}]},{"@type":"ImageObject","inLanguage":"de","@id":"https:\/\/dev.eliassen.nl\/de\/gartenkamin-gusseisen-90cm-schwere-qualitat\/#primaryimage","url":"https:\/\/dev.eliassen.nl\/wp-content\/uploads\/2024\/01\/knipsel_6nd.jpg","contentUrl":"https:\/\/dev.eliassen.nl\/wp-content\/uploads\/2024\/01\/knipsel_6nd.jpg","width":553,"height":546,"caption":"Knipsel"},{"@type":"BreadcrumbList","@id":"https:\/\/dev.eliassen.nl\/de\/gartenkamin-gusseisen-90cm-schwere-qualitat\/#breadcrumb","itemListElement":[{"@type":"ListItem","position":1,"name":"Home","item":"https:\/\/dev.eliassen.nl\/de\/"},{"@type":"ListItem","position":2,"name":"Shop","item":"https:\/\/dev.eliassen.nl\/nl\/winkel\/"},{"@type":"ListItem","position":3,"name":"Weitere Artikel","item":"https:\/\/dev.eliassen.nl\/de\/weitere-artikel\/"},{"@type":"ListItem","position":4,"name":"Terrassenkamine Feuerstellen","item":"https:\/\/dev.eliassen.nl\/de\/garten-andere\/terrassenkamine-feuerstellen\/"},{"@type":"ListItem","position":5,"name":"Gartenkamin Gusseisen 90cm schwere Qualit\u00e4t"}]},{"@type":"WebSite","@id":"https:\/\/dev.eliassen.nl\/de\/#website","url":"https:\/\/dev.eliassen.nl\/de\/","name":"Eliassen Home & Garden Pleasure","description":"","publisher":{"@id":"https:\/\/dev.eliassen.nl\/de\/#organization"},"alternateName":"Eliassen.nl","potentialAction":[{"@type":"SearchAction","target":{"@type":"EntryPoint","urlTemplate":"https:\/\/dev.eliassen.nl\/de\/?s={search_term_string}"},"query-input":{"@type":"PropertyValueSpecification","valueRequired":true,"valueName":"search_term_string"}}],"inLanguage":"de"},{"@type":"Organization","@id":"https:\/\/dev.eliassen.nl\/de\/#organization","name":"Eliassen Home & Garden Pleasure","url":"https:\/\/dev.eliassen.nl\/de\/","logo":{"@type":"ImageObject","inLanguage":"de","@id":"https:\/\/dev.eliassen.nl\/de\/#\/schema\/logo\/image\/","url":"https:\/\/www.eliassen.nl\/wp-content\/uploads\/2024\/01\/logo_4nd.jpg","contentUrl":"https:\/\/www.eliassen.nl\/wp-content\/uploads\/2024\/01\/logo_4nd.jpg","width":500,"height":500,"caption":"Eliassen Home & Garden Pleasure"},"image":{"@id":"https:\/\/dev.eliassen.nl\/de\/#\/schema\/logo\/image\/"},"sameAs":["https:\/\/www.facebook.com\/TuincentrumEliassenAmmerzoden","https:\/\/www.instagram.com\/eliassenhomeandgarden\/","https:\/\/nl.pinterest.com\/eliassenhomeandgarden\/","https:\/\/www.youtube.com\/@eliassenhomegardenpleasure4558"]}]}},"df_price":329,"df_sale_price":"","df_regular_price":329,"df_image_link":"https:\/\/dev.eliassen.nl\/wp-content\/uploads\/2024\/01\/knipsel_6nd.jpg","image":"https:\/\/dev.eliassen.nl\/wp-content\/uploads\/2024\/01\/knipsel_6nd.jpg","price_search":"<span class=\"woocommerce-Price-amount amount\"><bdi><span class=\"woocommerce-Price-currencySymbol\">&euro;<\/span>&nbsp;329,00<\/bdi><\/span>","category":"Terrassenkamine Feuerstellen","_links":{"self":[{"href":"https:\/\/dev.eliassen.nl\/de\/wp-json\/wp\/v2\/product\/84193","targetHints":{"allow":["GET"]}}],"collection":[{"href":"https:\/\/dev.eliassen.nl\/de\/wp-json\/wp\/v2\/product"}],"about":[{"href":"https:\/\/dev.eliassen.nl\/de\/wp-json\/wp\/v2\/types\/product"}],"wp:featuredmedia":[{"embeddable":true,"href":"https:\/\/dev.eliassen.nl\/de\/wp-json\/wp\/v2\/media\/84178"}],"wp:attachment":[{"href":"https:\/\/dev.eliassen.nl\/de\/wp-json\/wp\/v2\/media?parent=84193"}],"wp:term":[{"taxonomy":"product_brand","embeddable":true,"href":"https:\/\/dev.eliassen.nl\/de\/wp-json\/wp\/v2\/product_brand?post=84193"},{"taxonomy":"product_cat","embeddable":true,"href":"https:\/\/dev.eliassen.nl\/de\/wp-json\/wp\/v2\/product_cat?post=84193"},{"taxonomy":"product_tag","embeddable":true,"href":"https:\/\/dev.eliassen.nl\/de\/wp-json\/wp\/v2\/product_tag?post=84193"}],"curies":[{"name":"wp","href":"https:\/\/api.w.org\/{rel}","templated":true}]}}