{"id":84253,"date":"2023-02-18T15:53:13","date_gmt":"2023-02-18T14:53:13","guid":{"rendered":"https:\/\/www.eliassen.nl\/?product=bloempot-rond-groot-odeon-corfu-taupe-78cm"},"modified":"2024-12-05T16:20:40","modified_gmt":"2024-12-05T15:20:40","slug":"blumentopf-rund-gross-odeon-korfu-taupe-78cm","status":"publish","type":"product","link":"https:\/\/dev.eliassen.nl\/de\/blumentopf-rund-gross-odeon-korfu-taupe-78cm\/","title":{"rendered":"Blumentopf rund gro\u00df Odeon Korfu taupe 78cm"},"content":{"rendered":"<p>Wenn Sie einen gro\u00dfen runden modernen Blumentopf in taupefarbener Farbe w\u00fcnschen, der f\u00fcr Palmen, Olivenb\u00e4ume oder andere mediterrane Pflanzen geeignet ist, der sehr robust, farbecht und leicht ist, dann ist die Wahl f\u00fcr diesen Topf schnell getroffen.<\/p>\n<p>Sie k\u00f6nnen diesen Blumentopf nicht vom Original unterscheiden, die Farbe und das Aussehen sind genau gleich wie bei einem Blumentopf aus Steingut. Dies liegt unter anderem daran, dass dieser Topf im sogenannten Rotationsverfahren hergestellt wird, wodurch eine sch\u00f6ne Struktur erzielt wird. Dieser Topf wird oben umgedreht, was ihm gro\u00dfe Festigkeit verleiht<\/p>\n<p>Da dieser Topf viel Weichmacher enth\u00e4lt, m\u00fcssen Sie sich keine Gedanken \u00fcber spontane Risse oder Ausbleichen durch die Sonne machen.<\/p>\n<ul>\n<li>Gr\u00f6\u00dfe: Durchmesser unten 52 cm, Durchmesser oben 78 cm, H\u00f6he 68 cm<\/li>\n<li>Farbe: hellgrau<\/li>\n<li>Farbecht<\/li>\n<li>Leicht<\/li>\n<li>100 % frostbest\u00e4ndig<\/li>\n<li>Von echten Steingutt\u00f6pfen nicht zu unterscheiden<\/li>\n<li>10 Jahre Garantie<\/li>\n<\/ul>\n","protected":false},"excerpt":{"rendered":"<p>gro\u00dfer moderner Topf in Taupe<\/p>\n","protected":false},"featured_media":84241,"template":"","meta":{"_acf_changed":false},"product_brand":[],"product_cat":[722,740],"product_tag":[],"class_list":{"0":"post-84253","1":"product","2":"type-product","3":"status-publish","4":"has-post-thumbnail","6":"product_cat-blumentoepfe-und-pflanzgefaesse","7":"product_cat-pflanzkuebel-fuer-den-aussenbereich-gross-leicht","9":"first","10":"instock","11":"taxable","12":"shipping-taxable","13":"purchasable","14":"product-type-simple"},"acf":[],"yoast_head":"<!-- This site is optimized with the Yoast SEO plugin v23.8 - https:\/\/yoast.com\/wordpress\/plugins\/seo\/ -->\n<title>Bloempot rond groot Odeon Corfu taupe 78cm<\/title>\n<meta name=\"description\" content=\"Een mooie lichtgewicht bloempot kopen? Deze taupe kleurige bloempot is groot qua formaat en geschikt voor grote planten en olijfbomen. \u221a 10 jaar garantie!\" \/>\n<meta name=\"robots\" content=\"noindex, follow, max-snippet:-1, max-image-preview:large, max-video-preview:-1\" \/>\n<meta property=\"og:locale\" content=\"de_DE\" \/>\n<meta property=\"og:type\" content=\"article\" \/>\n<meta property=\"og:title\" content=\"Bloempot rond groot Odeon Corfu taupe 78cm\" \/>\n<meta property=\"og:description\" content=\"Een mooie lichtgewicht bloempot kopen? Deze taupe kleurige bloempot is groot qua formaat en geschikt voor grote planten en olijfbomen. \u221a 10 jaar garantie!\" \/>\n<meta property=\"og:url\" content=\"https:\/\/dev.eliassen.nl\/de\/blumentopf-rund-gross-odeon-korfu-taupe-78cm\/\" \/>\n<meta property=\"og:site_name\" content=\"Eliassen.nl\" \/>\n<meta property=\"article:publisher\" content=\"https:\/\/www.facebook.com\/TuincentrumEliassenAmmerzoden\" \/>\n<meta property=\"article:modified_time\" content=\"2024-12-05T15:20:40+00:00\" \/>\n<meta property=\"og:image\" content=\"https:\/\/dev.eliassen.nl\/wp-content\/uploads\/2024\/01\/119136.jpg\" \/>\n\t<meta property=\"og:image:width\" content=\"2048\" \/>\n\t<meta property=\"og:image:height\" content=\"2006\" \/>\n\t<meta property=\"og:image:type\" content=\"image\/jpeg\" \/>\n<meta name=\"twitter:card\" content=\"summary_large_image\" \/>\n<script type=\"application\/ld+json\" class=\"yoast-schema-graph\">{\"@context\":\"https:\/\/schema.org\",\"@graph\":[{\"@type\":\"WebPage\",\"@id\":\"https:\/\/dev.eliassen.nl\/de\/blumentopf-rund-gross-odeon-korfu-taupe-78cm\/\",\"url\":\"https:\/\/dev.eliassen.nl\/de\/blumentopf-rund-gross-odeon-korfu-taupe-78cm\/\",\"name\":\"Bloempot rond groot Odeon Corfu taupe 78cm\",\"isPartOf\":{\"@id\":\"https:\/\/dev.eliassen.nl\/de\/#website\"},\"primaryImageOfPage\":{\"@id\":\"https:\/\/dev.eliassen.nl\/de\/blumentopf-rund-gross-odeon-korfu-taupe-78cm\/#primaryimage\"},\"image\":{\"@id\":\"https:\/\/dev.eliassen.nl\/de\/blumentopf-rund-gross-odeon-korfu-taupe-78cm\/#primaryimage\"},\"thumbnailUrl\":\"https:\/\/dev.eliassen.nl\/wp-content\/uploads\/2024\/01\/119136.jpg\",\"datePublished\":\"2023-02-18T14:53:13+00:00\",\"dateModified\":\"2024-12-05T15:20:40+00:00\",\"description\":\"Een mooie lichtgewicht bloempot kopen? Deze taupe kleurige bloempot is groot qua formaat en geschikt voor grote planten en olijfbomen. \u221a 10 jaar garantie!\",\"breadcrumb\":{\"@id\":\"https:\/\/dev.eliassen.nl\/de\/blumentopf-rund-gross-odeon-korfu-taupe-78cm\/#breadcrumb\"},\"inLanguage\":\"de\",\"potentialAction\":[{\"@type\":\"ReadAction\",\"target\":[\"https:\/\/dev.eliassen.nl\/de\/blumentopf-rund-gross-odeon-korfu-taupe-78cm\/\"]}]},{\"@type\":\"ImageObject\",\"inLanguage\":\"de\",\"@id\":\"https:\/\/dev.eliassen.nl\/de\/blumentopf-rund-gross-odeon-korfu-taupe-78cm\/#primaryimage\",\"url\":\"https:\/\/dev.eliassen.nl\/wp-content\/uploads\/2024\/01\/119136.jpg\",\"contentUrl\":\"https:\/\/dev.eliassen.nl\/wp-content\/uploads\/2024\/01\/119136.jpg\",\"width\":2048,\"height\":2006,\"caption\":\"119136\"},{\"@type\":\"BreadcrumbList\",\"@id\":\"https:\/\/dev.eliassen.nl\/de\/blumentopf-rund-gross-odeon-korfu-taupe-78cm\/#breadcrumb\",\"itemListElement\":[{\"@type\":\"ListItem\",\"position\":1,\"name\":\"Home\",\"item\":\"https:\/\/dev.eliassen.nl\/de\/\"},{\"@type\":\"ListItem\",\"position\":2,\"name\":\"Shop\",\"item\":\"https:\/\/dev.eliassen.nl\/nl\/winkel\/\"},{\"@type\":\"ListItem\",\"position\":3,\"name\":\"Blument\u00f6pfe und Pflanzgef\u00e4\u00dfe\",\"item\":\"https:\/\/dev.eliassen.nl\/de\/blumentoepfe-und-pflanzgefaesse\/\"},{\"@type\":\"ListItem\",\"position\":4,\"name\":\"Pflanzk\u00fcbel f\u00fcr den Au\u00dfenbereich gro\u00df leicht\",\"item\":\"https:\/\/dev.eliassen.nl\/de\/blumentoepfe-und-pflanzgefaesse\/pflanzkuebel-fuer-den-aussenbereich-gross-leicht\/\"},{\"@type\":\"ListItem\",\"position\":5,\"name\":\"Blumentopf rund gro\u00df Odeon Korfu taupe 78cm\"}]},{\"@type\":\"WebSite\",\"@id\":\"https:\/\/dev.eliassen.nl\/de\/#website\",\"url\":\"https:\/\/dev.eliassen.nl\/de\/\",\"name\":\"Eliassen Home & Garden Pleasure\",\"description\":\"\",\"publisher\":{\"@id\":\"https:\/\/dev.eliassen.nl\/de\/#organization\"},\"alternateName\":\"Eliassen.nl\",\"potentialAction\":[{\"@type\":\"SearchAction\",\"target\":{\"@type\":\"EntryPoint\",\"urlTemplate\":\"https:\/\/dev.eliassen.nl\/de\/?s={search_term_string}\"},\"query-input\":{\"@type\":\"PropertyValueSpecification\",\"valueRequired\":true,\"valueName\":\"search_term_string\"}}],\"inLanguage\":\"de\"},{\"@type\":\"Organization\",\"@id\":\"https:\/\/dev.eliassen.nl\/de\/#organization\",\"name\":\"Eliassen Home & Garden Pleasure\",\"url\":\"https:\/\/dev.eliassen.nl\/de\/\",\"logo\":{\"@type\":\"ImageObject\",\"inLanguage\":\"de\",\"@id\":\"https:\/\/dev.eliassen.nl\/de\/#\/schema\/logo\/image\/\",\"url\":\"https:\/\/www.eliassen.nl\/wp-content\/uploads\/2024\/01\/logo_4nd.jpg\",\"contentUrl\":\"https:\/\/www.eliassen.nl\/wp-content\/uploads\/2024\/01\/logo_4nd.jpg\",\"width\":500,\"height\":500,\"caption\":\"Eliassen Home & Garden Pleasure\"},\"image\":{\"@id\":\"https:\/\/dev.eliassen.nl\/de\/#\/schema\/logo\/image\/\"},\"sameAs\":[\"https:\/\/www.facebook.com\/TuincentrumEliassenAmmerzoden\",\"https:\/\/www.instagram.com\/eliassenhomeandgarden\/\",\"https:\/\/nl.pinterest.com\/eliassenhomeandgarden\/\",\"https:\/\/www.youtube.com\/@eliassenhomegardenpleasure4558\"]}]}<\/script>\n<!-- \/ Yoast SEO plugin. -->","yoast_head_json":{"title":"Bloempot rond groot Odeon Corfu taupe 78cm","description":"Een mooie lichtgewicht bloempot kopen? Deze taupe kleurige bloempot is groot qua formaat en geschikt voor grote planten en olijfbomen. \u221a 10 jaar garantie!","robots":{"index":"noindex","follow":"follow","max-snippet":"max-snippet:-1","max-image-preview":"max-image-preview:large","max-video-preview":"max-video-preview:-1"},"og_locale":"de_DE","og_type":"article","og_title":"Bloempot rond groot Odeon Corfu taupe 78cm","og_description":"Een mooie lichtgewicht bloempot kopen? Deze taupe kleurige bloempot is groot qua formaat en geschikt voor grote planten en olijfbomen. \u221a 10 jaar garantie!","og_url":"https:\/\/dev.eliassen.nl\/de\/blumentopf-rund-gross-odeon-korfu-taupe-78cm\/","og_site_name":"Eliassen.nl","article_publisher":"https:\/\/www.facebook.com\/TuincentrumEliassenAmmerzoden","article_modified_time":"2024-12-05T15:20:40+00:00","og_image":[{"width":2048,"height":2006,"url":"https:\/\/dev.eliassen.nl\/wp-content\/uploads\/2024\/01\/119136.jpg","type":"image\/jpeg"}],"twitter_card":"summary_large_image","schema":{"@context":"https:\/\/schema.org","@graph":[{"@type":"WebPage","@id":"https:\/\/dev.eliassen.nl\/de\/blumentopf-rund-gross-odeon-korfu-taupe-78cm\/","url":"https:\/\/dev.eliassen.nl\/de\/blumentopf-rund-gross-odeon-korfu-taupe-78cm\/","name":"Bloempot rond groot Odeon Corfu taupe 78cm","isPartOf":{"@id":"https:\/\/dev.eliassen.nl\/de\/#website"},"primaryImageOfPage":{"@id":"https:\/\/dev.eliassen.nl\/de\/blumentopf-rund-gross-odeon-korfu-taupe-78cm\/#primaryimage"},"image":{"@id":"https:\/\/dev.eliassen.nl\/de\/blumentopf-rund-gross-odeon-korfu-taupe-78cm\/#primaryimage"},"thumbnailUrl":"https:\/\/dev.eliassen.nl\/wp-content\/uploads\/2024\/01\/119136.jpg","datePublished":"2023-02-18T14:53:13+00:00","dateModified":"2024-12-05T15:20:40+00:00","description":"Een mooie lichtgewicht bloempot kopen? Deze taupe kleurige bloempot is groot qua formaat en geschikt voor grote planten en olijfbomen. \u221a 10 jaar garantie!","breadcrumb":{"@id":"https:\/\/dev.eliassen.nl\/de\/blumentopf-rund-gross-odeon-korfu-taupe-78cm\/#breadcrumb"},"inLanguage":"de","potentialAction":[{"@type":"ReadAction","target":["https:\/\/dev.eliassen.nl\/de\/blumentopf-rund-gross-odeon-korfu-taupe-78cm\/"]}]},{"@type":"ImageObject","inLanguage":"de","@id":"https:\/\/dev.eliassen.nl\/de\/blumentopf-rund-gross-odeon-korfu-taupe-78cm\/#primaryimage","url":"https:\/\/dev.eliassen.nl\/wp-content\/uploads\/2024\/01\/119136.jpg","contentUrl":"https:\/\/dev.eliassen.nl\/wp-content\/uploads\/2024\/01\/119136.jpg","width":2048,"height":2006,"caption":"119136"},{"@type":"BreadcrumbList","@id":"https:\/\/dev.eliassen.nl\/de\/blumentopf-rund-gross-odeon-korfu-taupe-78cm\/#breadcrumb","itemListElement":[{"@type":"ListItem","position":1,"name":"Home","item":"https:\/\/dev.eliassen.nl\/de\/"},{"@type":"ListItem","position":2,"name":"Shop","item":"https:\/\/dev.eliassen.nl\/nl\/winkel\/"},{"@type":"ListItem","position":3,"name":"Blument\u00f6pfe und Pflanzgef\u00e4\u00dfe","item":"https:\/\/dev.eliassen.nl\/de\/blumentoepfe-und-pflanzgefaesse\/"},{"@type":"ListItem","position":4,"name":"Pflanzk\u00fcbel f\u00fcr den Au\u00dfenbereich gro\u00df leicht","item":"https:\/\/dev.eliassen.nl\/de\/blumentoepfe-und-pflanzgefaesse\/pflanzkuebel-fuer-den-aussenbereich-gross-leicht\/"},{"@type":"ListItem","position":5,"name":"Blumentopf rund gro\u00df Odeon Korfu taupe 78cm"}]},{"@type":"WebSite","@id":"https:\/\/dev.eliassen.nl\/de\/#website","url":"https:\/\/dev.eliassen.nl\/de\/","name":"Eliassen Home & Garden Pleasure","description":"","publisher":{"@id":"https:\/\/dev.eliassen.nl\/de\/#organization"},"alternateName":"Eliassen.nl","potentialAction":[{"@type":"SearchAction","target":{"@type":"EntryPoint","urlTemplate":"https:\/\/dev.eliassen.nl\/de\/?s={search_term_string}"},"query-input":{"@type":"PropertyValueSpecification","valueRequired":true,"valueName":"search_term_string"}}],"inLanguage":"de"},{"@type":"Organization","@id":"https:\/\/dev.eliassen.nl\/de\/#organization","name":"Eliassen Home & Garden Pleasure","url":"https:\/\/dev.eliassen.nl\/de\/","logo":{"@type":"ImageObject","inLanguage":"de","@id":"https:\/\/dev.eliassen.nl\/de\/#\/schema\/logo\/image\/","url":"https:\/\/www.eliassen.nl\/wp-content\/uploads\/2024\/01\/logo_4nd.jpg","contentUrl":"https:\/\/www.eliassen.nl\/wp-content\/uploads\/2024\/01\/logo_4nd.jpg","width":500,"height":500,"caption":"Eliassen Home & Garden Pleasure"},"image":{"@id":"https:\/\/dev.eliassen.nl\/de\/#\/schema\/logo\/image\/"},"sameAs":["https:\/\/www.facebook.com\/TuincentrumEliassenAmmerzoden","https:\/\/www.instagram.com\/eliassenhomeandgarden\/","https:\/\/nl.pinterest.com\/eliassenhomeandgarden\/","https:\/\/www.youtube.com\/@eliassenhomegardenpleasure4558"]}]}},"df_price":129,"df_sale_price":"","df_regular_price":129,"df_image_link":"https:\/\/dev.eliassen.nl\/wp-content\/uploads\/2024\/01\/119136.jpg","image":"https:\/\/dev.eliassen.nl\/wp-content\/uploads\/2024\/01\/119136.jpg","price_search":"<span class=\"woocommerce-Price-amount amount\"><bdi><span class=\"woocommerce-Price-currencySymbol\">&euro;<\/span>&nbsp;129,00<\/bdi><\/span>","category":"Blument\u00f6pfe und Pflanzgef\u00e4\u00dfe","_links":{"self":[{"href":"https:\/\/dev.eliassen.nl\/de\/wp-json\/wp\/v2\/product\/84253","targetHints":{"allow":["GET"]}}],"collection":[{"href":"https:\/\/dev.eliassen.nl\/de\/wp-json\/wp\/v2\/product"}],"about":[{"href":"https:\/\/dev.eliassen.nl\/de\/wp-json\/wp\/v2\/types\/product"}],"wp:featuredmedia":[{"embeddable":true,"href":"https:\/\/dev.eliassen.nl\/de\/wp-json\/wp\/v2\/media\/84241"}],"wp:attachment":[{"href":"https:\/\/dev.eliassen.nl\/de\/wp-json\/wp\/v2\/media?parent=84253"}],"wp:term":[{"taxonomy":"product_brand","embeddable":true,"href":"https:\/\/dev.eliassen.nl\/de\/wp-json\/wp\/v2\/product_brand?post=84253"},{"taxonomy":"product_cat","embeddable":true,"href":"https:\/\/dev.eliassen.nl\/de\/wp-json\/wp\/v2\/product_cat?post=84253"},{"taxonomy":"product_tag","embeddable":true,"href":"https:\/\/dev.eliassen.nl\/de\/wp-json\/wp\/v2\/product_tag?post=84253"}],"curies":[{"name":"wp","href":"https:\/\/api.w.org\/{rel}","templated":true}]}}