{"id":84331,"date":"2023-02-20T16:10:41","date_gmt":"2023-02-20T15:10:41","guid":{"rendered":"https:\/\/www.eliassen.nl\/?product=bolpot-monika-110cm-breed-antraciet"},"modified":"2023-07-27T15:09:52","modified_gmt":"2023-07-27T15:09:52","slug":"bolpot-monika-110cm-breit-anthrazit","status":"publish","type":"product","link":"https:\/\/dev.eliassen.nl\/de\/bolpot-monika-110cm-breit-anthrazit\/","title":{"rendered":"Bolpot Monika 110cm breit anthrazit"},"content":{"rendered":"<p>Wenn Sie einen supergro\u00dfen, runden, modernen Blumentopf in Anthrazit w\u00fcnschen, der f\u00fcr Palmen, Olivenb\u00e4ume oder andere mediterrane oder gew\u00f6hnliche Pflanzen geeignet ist, der sehr stark, farbecht und nicht zu schwer ist, dann ist die Wahl f\u00fcr diesen Topf ist schnell gemacht.<\/p>\n<p>Dieser XXL-Blumentopf aus dem sehr starken und langlebigen Material Fiberstone Fiberstone ist ein mit Kunstharz vermischtes Steinmehl, das bei der Verarbeitung mit Glasfasermatten verst\u00e4rkt wird. Das Ergebnis ist ein sehr starkes Material, das nicht zu stark ist. Dieser Topf wird oben umgedreht, was ihm gro\u00dfe Festigkeit verleiht<\/p>\n<ul>\n<li>Gr\u00f6\u00dfe: Durchmesser 110 cm, H\u00f6he 75 cm<\/li>\n<li>Farbe: Anthrazit<\/li>\n<li>Farbecht<\/li>\n<li>Leichter im Gewicht<\/li>\n<li>100 % frostbest\u00e4ndig<\/li>\n<li>sehr stark<\/li>\n<li>2 Jahre Garantie<\/li>\n<\/ul>\n","protected":false},"excerpt":{"rendered":"<p>schlanker gro\u00dfer anthrazitfarbener runder Topf<\/p>\n","protected":false},"featured_media":84328,"template":"","meta":{"_acf_changed":false},"product_brand":[],"product_cat":[722,740],"product_tag":[],"class_list":{"0":"post-84331","1":"product","2":"type-product","3":"status-publish","4":"has-post-thumbnail","6":"product_cat-blumentoepfe-und-pflanzgefaesse","7":"product_cat-pflanzkuebel-fuer-den-aussenbereich-gross-leicht","9":"first","10":"instock","11":"sale","12":"taxable","13":"shipping-taxable","14":"purchasable","15":"product-type-simple"},"acf":[],"yoast_head":"<!-- This site is optimized with the Yoast SEO plugin v23.8 - https:\/\/yoast.com\/wordpress\/plugins\/seo\/ -->\n<title>Groot formaat bolpot | Antraciet | 110cm breed | Eliassen.nl<\/title>\n<meta name=\"description\" content=\"Zeer grote bolpot in de kleur antraciet. Ook geschikt voor grotere planten of olijfbomen. Gemaakt van Fiberstone. \u221a 100 vorstbestendig \u221a LIVE te bekijken!\" \/>\n<meta name=\"robots\" content=\"noindex, follow, max-snippet:-1, max-image-preview:large, max-video-preview:-1\" \/>\n<meta property=\"og:locale\" content=\"de_DE\" \/>\n<meta property=\"og:type\" content=\"article\" \/>\n<meta property=\"og:title\" content=\"Groot formaat bolpot | Antraciet | 110cm breed | Eliassen.nl\" \/>\n<meta property=\"og:description\" content=\"Zeer grote bolpot in de kleur antraciet. Ook geschikt voor grotere planten of olijfbomen. Gemaakt van Fiberstone. \u221a 100 vorstbestendig \u221a LIVE te bekijken!\" \/>\n<meta property=\"og:url\" content=\"https:\/\/dev.eliassen.nl\/de\/bolpot-monika-110cm-breit-anthrazit\/\" \/>\n<meta property=\"og:site_name\" content=\"Eliassen.nl\" \/>\n<meta property=\"article:publisher\" content=\"https:\/\/www.facebook.com\/TuincentrumEliassenAmmerzoden\" \/>\n<meta property=\"article:modified_time\" content=\"2023-07-27T15:09:52+00:00\" \/>\n<meta property=\"og:image\" content=\"https:\/\/dev.eliassen.nl\/wp-content\/uploads\/2024\/01\/126104.jpg\" \/>\n\t<meta property=\"og:image:width\" content=\"2048\" \/>\n\t<meta property=\"og:image:height\" content=\"1672\" \/>\n\t<meta property=\"og:image:type\" content=\"image\/jpeg\" \/>\n<meta name=\"twitter:card\" content=\"summary_large_image\" \/>\n<script type=\"application\/ld+json\" class=\"yoast-schema-graph\">{\"@context\":\"https:\/\/schema.org\",\"@graph\":[{\"@type\":\"WebPage\",\"@id\":\"https:\/\/dev.eliassen.nl\/de\/bolpot-monika-110cm-breit-anthrazit\/\",\"url\":\"https:\/\/dev.eliassen.nl\/de\/bolpot-monika-110cm-breit-anthrazit\/\",\"name\":\"Groot formaat bolpot | Antraciet | 110cm breed | Eliassen.nl\",\"isPartOf\":{\"@id\":\"https:\/\/dev.eliassen.nl\/de\/#website\"},\"primaryImageOfPage\":{\"@id\":\"https:\/\/dev.eliassen.nl\/de\/bolpot-monika-110cm-breit-anthrazit\/#primaryimage\"},\"image\":{\"@id\":\"https:\/\/dev.eliassen.nl\/de\/bolpot-monika-110cm-breit-anthrazit\/#primaryimage\"},\"thumbnailUrl\":\"https:\/\/dev.eliassen.nl\/wp-content\/uploads\/2024\/01\/126104.jpg\",\"datePublished\":\"2023-02-20T15:10:41+00:00\",\"dateModified\":\"2023-07-27T15:09:52+00:00\",\"description\":\"Zeer grote bolpot in de kleur antraciet. Ook geschikt voor grotere planten of olijfbomen. Gemaakt van Fiberstone. \u221a 100 vorstbestendig \u221a LIVE te bekijken!\",\"breadcrumb\":{\"@id\":\"https:\/\/dev.eliassen.nl\/de\/bolpot-monika-110cm-breit-anthrazit\/#breadcrumb\"},\"inLanguage\":\"de\",\"potentialAction\":[{\"@type\":\"ReadAction\",\"target\":[\"https:\/\/dev.eliassen.nl\/de\/bolpot-monika-110cm-breit-anthrazit\/\"]}]},{\"@type\":\"ImageObject\",\"inLanguage\":\"de\",\"@id\":\"https:\/\/dev.eliassen.nl\/de\/bolpot-monika-110cm-breit-anthrazit\/#primaryimage\",\"url\":\"https:\/\/dev.eliassen.nl\/wp-content\/uploads\/2024\/01\/126104.jpg\",\"contentUrl\":\"https:\/\/dev.eliassen.nl\/wp-content\/uploads\/2024\/01\/126104.jpg\",\"width\":2048,\"height\":1672,\"caption\":\"126104\"},{\"@type\":\"BreadcrumbList\",\"@id\":\"https:\/\/dev.eliassen.nl\/de\/bolpot-monika-110cm-breit-anthrazit\/#breadcrumb\",\"itemListElement\":[{\"@type\":\"ListItem\",\"position\":1,\"name\":\"Home\",\"item\":\"https:\/\/dev.eliassen.nl\/de\/\"},{\"@type\":\"ListItem\",\"position\":2,\"name\":\"Shop\",\"item\":\"https:\/\/dev.eliassen.nl\/nl\/winkel\/\"},{\"@type\":\"ListItem\",\"position\":3,\"name\":\"Blument\u00f6pfe und Pflanzgef\u00e4\u00dfe\",\"item\":\"https:\/\/dev.eliassen.nl\/de\/blumentoepfe-und-pflanzgefaesse\/\"},{\"@type\":\"ListItem\",\"position\":4,\"name\":\"Pflanzk\u00fcbel f\u00fcr den Au\u00dfenbereich gro\u00df leicht\",\"item\":\"https:\/\/dev.eliassen.nl\/de\/blumentoepfe-und-pflanzgefaesse\/pflanzkuebel-fuer-den-aussenbereich-gross-leicht\/\"},{\"@type\":\"ListItem\",\"position\":5,\"name\":\"Bolpot Monika 110cm breit anthrazit\"}]},{\"@type\":\"WebSite\",\"@id\":\"https:\/\/dev.eliassen.nl\/de\/#website\",\"url\":\"https:\/\/dev.eliassen.nl\/de\/\",\"name\":\"Eliassen Home & Garden Pleasure\",\"description\":\"\",\"publisher\":{\"@id\":\"https:\/\/dev.eliassen.nl\/de\/#organization\"},\"alternateName\":\"Eliassen.nl\",\"potentialAction\":[{\"@type\":\"SearchAction\",\"target\":{\"@type\":\"EntryPoint\",\"urlTemplate\":\"https:\/\/dev.eliassen.nl\/de\/?s={search_term_string}\"},\"query-input\":{\"@type\":\"PropertyValueSpecification\",\"valueRequired\":true,\"valueName\":\"search_term_string\"}}],\"inLanguage\":\"de\"},{\"@type\":\"Organization\",\"@id\":\"https:\/\/dev.eliassen.nl\/de\/#organization\",\"name\":\"Eliassen Home & Garden Pleasure\",\"url\":\"https:\/\/dev.eliassen.nl\/de\/\",\"logo\":{\"@type\":\"ImageObject\",\"inLanguage\":\"de\",\"@id\":\"https:\/\/dev.eliassen.nl\/de\/#\/schema\/logo\/image\/\",\"url\":\"https:\/\/www.eliassen.nl\/wp-content\/uploads\/2024\/01\/logo_4nd.jpg\",\"contentUrl\":\"https:\/\/www.eliassen.nl\/wp-content\/uploads\/2024\/01\/logo_4nd.jpg\",\"width\":500,\"height\":500,\"caption\":\"Eliassen Home & Garden Pleasure\"},\"image\":{\"@id\":\"https:\/\/dev.eliassen.nl\/de\/#\/schema\/logo\/image\/\"},\"sameAs\":[\"https:\/\/www.facebook.com\/TuincentrumEliassenAmmerzoden\",\"https:\/\/www.instagram.com\/eliassenhomeandgarden\/\",\"https:\/\/nl.pinterest.com\/eliassenhomeandgarden\/\",\"https:\/\/www.youtube.com\/@eliassenhomegardenpleasure4558\"]}]}<\/script>\n<!-- \/ Yoast SEO plugin. -->","yoast_head_json":{"title":"Groot formaat bolpot | Antraciet | 110cm breed | Eliassen.nl","description":"Zeer grote bolpot in de kleur antraciet. Ook geschikt voor grotere planten of olijfbomen. Gemaakt van Fiberstone. \u221a 100 vorstbestendig \u221a LIVE te bekijken!","robots":{"index":"noindex","follow":"follow","max-snippet":"max-snippet:-1","max-image-preview":"max-image-preview:large","max-video-preview":"max-video-preview:-1"},"og_locale":"de_DE","og_type":"article","og_title":"Groot formaat bolpot | Antraciet | 110cm breed | Eliassen.nl","og_description":"Zeer grote bolpot in de kleur antraciet. Ook geschikt voor grotere planten of olijfbomen. Gemaakt van Fiberstone. \u221a 100 vorstbestendig \u221a LIVE te bekijken!","og_url":"https:\/\/dev.eliassen.nl\/de\/bolpot-monika-110cm-breit-anthrazit\/","og_site_name":"Eliassen.nl","article_publisher":"https:\/\/www.facebook.com\/TuincentrumEliassenAmmerzoden","article_modified_time":"2023-07-27T15:09:52+00:00","og_image":[{"width":2048,"height":1672,"url":"https:\/\/dev.eliassen.nl\/wp-content\/uploads\/2024\/01\/126104.jpg","type":"image\/jpeg"}],"twitter_card":"summary_large_image","schema":{"@context":"https:\/\/schema.org","@graph":[{"@type":"WebPage","@id":"https:\/\/dev.eliassen.nl\/de\/bolpot-monika-110cm-breit-anthrazit\/","url":"https:\/\/dev.eliassen.nl\/de\/bolpot-monika-110cm-breit-anthrazit\/","name":"Groot formaat bolpot | Antraciet | 110cm breed | Eliassen.nl","isPartOf":{"@id":"https:\/\/dev.eliassen.nl\/de\/#website"},"primaryImageOfPage":{"@id":"https:\/\/dev.eliassen.nl\/de\/bolpot-monika-110cm-breit-anthrazit\/#primaryimage"},"image":{"@id":"https:\/\/dev.eliassen.nl\/de\/bolpot-monika-110cm-breit-anthrazit\/#primaryimage"},"thumbnailUrl":"https:\/\/dev.eliassen.nl\/wp-content\/uploads\/2024\/01\/126104.jpg","datePublished":"2023-02-20T15:10:41+00:00","dateModified":"2023-07-27T15:09:52+00:00","description":"Zeer grote bolpot in de kleur antraciet. Ook geschikt voor grotere planten of olijfbomen. Gemaakt van Fiberstone. \u221a 100 vorstbestendig \u221a LIVE te bekijken!","breadcrumb":{"@id":"https:\/\/dev.eliassen.nl\/de\/bolpot-monika-110cm-breit-anthrazit\/#breadcrumb"},"inLanguage":"de","potentialAction":[{"@type":"ReadAction","target":["https:\/\/dev.eliassen.nl\/de\/bolpot-monika-110cm-breit-anthrazit\/"]}]},{"@type":"ImageObject","inLanguage":"de","@id":"https:\/\/dev.eliassen.nl\/de\/bolpot-monika-110cm-breit-anthrazit\/#primaryimage","url":"https:\/\/dev.eliassen.nl\/wp-content\/uploads\/2024\/01\/126104.jpg","contentUrl":"https:\/\/dev.eliassen.nl\/wp-content\/uploads\/2024\/01\/126104.jpg","width":2048,"height":1672,"caption":"126104"},{"@type":"BreadcrumbList","@id":"https:\/\/dev.eliassen.nl\/de\/bolpot-monika-110cm-breit-anthrazit\/#breadcrumb","itemListElement":[{"@type":"ListItem","position":1,"name":"Home","item":"https:\/\/dev.eliassen.nl\/de\/"},{"@type":"ListItem","position":2,"name":"Shop","item":"https:\/\/dev.eliassen.nl\/nl\/winkel\/"},{"@type":"ListItem","position":3,"name":"Blument\u00f6pfe und Pflanzgef\u00e4\u00dfe","item":"https:\/\/dev.eliassen.nl\/de\/blumentoepfe-und-pflanzgefaesse\/"},{"@type":"ListItem","position":4,"name":"Pflanzk\u00fcbel f\u00fcr den Au\u00dfenbereich gro\u00df leicht","item":"https:\/\/dev.eliassen.nl\/de\/blumentoepfe-und-pflanzgefaesse\/pflanzkuebel-fuer-den-aussenbereich-gross-leicht\/"},{"@type":"ListItem","position":5,"name":"Bolpot Monika 110cm breit anthrazit"}]},{"@type":"WebSite","@id":"https:\/\/dev.eliassen.nl\/de\/#website","url":"https:\/\/dev.eliassen.nl\/de\/","name":"Eliassen Home & Garden Pleasure","description":"","publisher":{"@id":"https:\/\/dev.eliassen.nl\/de\/#organization"},"alternateName":"Eliassen.nl","potentialAction":[{"@type":"SearchAction","target":{"@type":"EntryPoint","urlTemplate":"https:\/\/dev.eliassen.nl\/de\/?s={search_term_string}"},"query-input":{"@type":"PropertyValueSpecification","valueRequired":true,"valueName":"search_term_string"}}],"inLanguage":"de"},{"@type":"Organization","@id":"https:\/\/dev.eliassen.nl\/de\/#organization","name":"Eliassen Home & Garden Pleasure","url":"https:\/\/dev.eliassen.nl\/de\/","logo":{"@type":"ImageObject","inLanguage":"de","@id":"https:\/\/dev.eliassen.nl\/de\/#\/schema\/logo\/image\/","url":"https:\/\/www.eliassen.nl\/wp-content\/uploads\/2024\/01\/logo_4nd.jpg","contentUrl":"https:\/\/www.eliassen.nl\/wp-content\/uploads\/2024\/01\/logo_4nd.jpg","width":500,"height":500,"caption":"Eliassen Home & Garden Pleasure"},"image":{"@id":"https:\/\/dev.eliassen.nl\/de\/#\/schema\/logo\/image\/"},"sameAs":["https:\/\/www.facebook.com\/TuincentrumEliassenAmmerzoden","https:\/\/www.instagram.com\/eliassenhomeandgarden\/","https:\/\/nl.pinterest.com\/eliassenhomeandgarden\/","https:\/\/www.youtube.com\/@eliassenhomegardenpleasure4558"]}]}},"df_price":450,"df_sale_price":450,"df_regular_price":599,"df_image_link":"https:\/\/dev.eliassen.nl\/wp-content\/uploads\/2024\/01\/126104.jpg","image":"https:\/\/dev.eliassen.nl\/wp-content\/uploads\/2024\/01\/126104.jpg","price_search":"<span class=\"woocommerce-Price-amount amount\"><bdi><span class=\"woocommerce-Price-currencySymbol\">&euro;<\/span>&nbsp;450,00<\/bdi><\/span>","category":"Blument\u00f6pfe und Pflanzgef\u00e4\u00dfe","_links":{"self":[{"href":"https:\/\/dev.eliassen.nl\/de\/wp-json\/wp\/v2\/product\/84331","targetHints":{"allow":["GET"]}}],"collection":[{"href":"https:\/\/dev.eliassen.nl\/de\/wp-json\/wp\/v2\/product"}],"about":[{"href":"https:\/\/dev.eliassen.nl\/de\/wp-json\/wp\/v2\/types\/product"}],"wp:featuredmedia":[{"embeddable":true,"href":"https:\/\/dev.eliassen.nl\/de\/wp-json\/wp\/v2\/media\/84328"}],"wp:attachment":[{"href":"https:\/\/dev.eliassen.nl\/de\/wp-json\/wp\/v2\/media?parent=84331"}],"wp:term":[{"taxonomy":"product_brand","embeddable":true,"href":"https:\/\/dev.eliassen.nl\/de\/wp-json\/wp\/v2\/product_brand?post=84331"},{"taxonomy":"product_cat","embeddable":true,"href":"https:\/\/dev.eliassen.nl\/de\/wp-json\/wp\/v2\/product_cat?post=84331"},{"taxonomy":"product_tag","embeddable":true,"href":"https:\/\/dev.eliassen.nl\/de\/wp-json\/wp\/v2\/product_tag?post=84331"}],"curies":[{"name":"wp","href":"https:\/\/api.w.org\/{rel}","templated":true}]}}