{"id":85114,"date":"2023-02-23T15:11:02","date_gmt":"2023-02-23T14:11:02","guid":{"rendered":"https:\/\/www.eliassen.nl\/?product=beeld-beton-bosbewoonster-sigrun-80cm"},"modified":"2024-12-05T16:21:35","modified_gmt":"2024-12-05T15:21:35","slug":"statue-beton-waldbewohnerin-sigrun-80cm","status":"publish","type":"product","link":"https:\/\/dev.eliassen.nl\/de\/statue-beton-waldbewohnerin-sigrun-80cm\/","title":{"rendered":"Statue Beton Waldbewohnerin Sigrun 80cm"},"content":{"rendered":"<p>Dieses gro\u00dfe Gesicht einer weiblichen Waldfigur ist atemberaubend sch\u00f6n, perfekt detailliert und mit einer gr\u00e4ulichen Waschung. Diese Statue ist aus hochwertigem, massivem Steinguss gefertigt, der f\u00fcr jahrelange stimmungsvolle Freude sorgt. Dieses Bild ist sch\u00f6n in Ihrem Garten, aber sicherlich auch in den gr\u00f6\u00dferen H\u00e4usern oder in \/ in der N\u00e4he Ihres Unternehmens. Steht stabil auf einer soliden Bodenplatte.<\/p>\n<ul>\n<li>Massiver Steinguss<\/li>\n<li>Farbe nat\u00fcrlich<\/li>\n<li>Gr\u00f6\u00dfe 26 cm breit und 80 cm hoch<\/li>\n<li>35kg<\/li>\n<li>10 Jahre Garantie<\/li>\n<li>Vorsicht vor F\u00e4lschungen, Bilder von vidroflor sind immer mit einem G\u00fctesiegel versehen!<\/li>\n<li>Wir bem\u00fchen uns, dieses Produkt immer in unserem Showroom zu haben, damit Sie dieses Modell auch live sehen k\u00f6nnen. Rufen Sie uns an oder mailen Sie uns, wenn Sie kommen m\u00f6chten, um Missverst\u00e4ndnisse zu vermeiden.<\/li>\n<\/ul>\n<p>\u00a0<\/p>\n","protected":false},"excerpt":{"rendered":"<p>Statue eines steinernen Waldm\u00e4dchens 80 cm<\/p>\n","protected":false},"featured_media":85108,"template":"","meta":{"_acf_changed":false},"product_brand":[],"product_cat":[677,710,7076],"product_tag":[],"class_list":{"0":"post-85114","1":"product","2":"type-product","3":"status-publish","4":"has-post-thumbnail","6":"product_cat-betonstatuen","7":"product_cat-mythologische-bilder","8":"product_cat-statues-figures","10":"first","11":"instock","12":"taxable","13":"shipping-taxable","14":"purchasable","15":"product-type-simple"},"acf":[],"yoast_head":"<!-- This site is optimized with the Yoast SEO plugin v23.8 - https:\/\/yoast.com\/wordpress\/plugins\/seo\/ -->\n<title>Beeld beton Bosbewoonster Sigrun 80cm<\/title>\n<meta name=\"description\" content=\"Stenen tuinbeelden? Bekijk onze mega collectie in onze webshop, of kom live bij ons kijken !!\" \/>\n<meta name=\"robots\" content=\"noindex, follow, max-snippet:-1, max-image-preview:large, max-video-preview:-1\" \/>\n<meta property=\"og:locale\" content=\"de_DE\" \/>\n<meta property=\"og:type\" content=\"article\" \/>\n<meta property=\"og:title\" content=\"Beeld beton Bosbewoonster Sigrun 80cm\" \/>\n<meta property=\"og:description\" content=\"Stenen tuinbeelden? Bekijk onze mega collectie in onze webshop, of kom live bij ons kijken !!\" \/>\n<meta property=\"og:url\" content=\"https:\/\/dev.eliassen.nl\/de\/statue-beton-waldbewohnerin-sigrun-80cm\/\" \/>\n<meta property=\"og:site_name\" content=\"Eliassen.nl\" \/>\n<meta property=\"article:publisher\" content=\"https:\/\/www.facebook.com\/TuincentrumEliassenAmmerzoden\" \/>\n<meta property=\"article:modified_time\" content=\"2024-12-05T15:21:35+00:00\" \/>\n<meta property=\"og:image\" content=\"https:\/\/dev.eliassen.nl\/wp-content\/uploads\/2024\/01\/0114505.jpg\" \/>\n\t<meta property=\"og:image:width\" content=\"918\" \/>\n\t<meta property=\"og:image:height\" content=\"918\" \/>\n\t<meta property=\"og:image:type\" content=\"image\/jpeg\" \/>\n<meta name=\"twitter:card\" content=\"summary_large_image\" \/>\n<script type=\"application\/ld+json\" class=\"yoast-schema-graph\">{\"@context\":\"https:\/\/schema.org\",\"@graph\":[{\"@type\":\"WebPage\",\"@id\":\"https:\/\/dev.eliassen.nl\/de\/statue-beton-waldbewohnerin-sigrun-80cm\/\",\"url\":\"https:\/\/dev.eliassen.nl\/de\/statue-beton-waldbewohnerin-sigrun-80cm\/\",\"name\":\"Beeld beton Bosbewoonster Sigrun 80cm\",\"isPartOf\":{\"@id\":\"https:\/\/dev.eliassen.nl\/de\/#website\"},\"primaryImageOfPage\":{\"@id\":\"https:\/\/dev.eliassen.nl\/de\/statue-beton-waldbewohnerin-sigrun-80cm\/#primaryimage\"},\"image\":{\"@id\":\"https:\/\/dev.eliassen.nl\/de\/statue-beton-waldbewohnerin-sigrun-80cm\/#primaryimage\"},\"thumbnailUrl\":\"https:\/\/dev.eliassen.nl\/wp-content\/uploads\/2024\/01\/0114505.jpg\",\"datePublished\":\"2023-02-23T14:11:02+00:00\",\"dateModified\":\"2024-12-05T15:21:35+00:00\",\"description\":\"Stenen tuinbeelden? Bekijk onze mega collectie in onze webshop, of kom live bij ons kijken !!\",\"breadcrumb\":{\"@id\":\"https:\/\/dev.eliassen.nl\/de\/statue-beton-waldbewohnerin-sigrun-80cm\/#breadcrumb\"},\"inLanguage\":\"de\",\"potentialAction\":[{\"@type\":\"ReadAction\",\"target\":[\"https:\/\/dev.eliassen.nl\/de\/statue-beton-waldbewohnerin-sigrun-80cm\/\"]}]},{\"@type\":\"ImageObject\",\"inLanguage\":\"de\",\"@id\":\"https:\/\/dev.eliassen.nl\/de\/statue-beton-waldbewohnerin-sigrun-80cm\/#primaryimage\",\"url\":\"https:\/\/dev.eliassen.nl\/wp-content\/uploads\/2024\/01\/0114505.jpg\",\"contentUrl\":\"https:\/\/dev.eliassen.nl\/wp-content\/uploads\/2024\/01\/0114505.jpg\",\"width\":918,\"height\":918,\"caption\":\"0-114505\"},{\"@type\":\"BreadcrumbList\",\"@id\":\"https:\/\/dev.eliassen.nl\/de\/statue-beton-waldbewohnerin-sigrun-80cm\/#breadcrumb\",\"itemListElement\":[{\"@type\":\"ListItem\",\"position\":1,\"name\":\"Home\",\"item\":\"https:\/\/dev.eliassen.nl\/de\/\"},{\"@type\":\"ListItem\",\"position\":2,\"name\":\"Shop\",\"item\":\"https:\/\/dev.eliassen.nl\/nl\/winkel\/\"},{\"@type\":\"ListItem\",\"position\":3,\"name\":\"Statuen-Skulpturen\",\"item\":\"https:\/\/dev.eliassen.nl\/de\/statuen-skulpturen\/\"},{\"@type\":\"ListItem\",\"position\":4,\"name\":\"Betonstatuen\",\"item\":\"https:\/\/dev.eliassen.nl\/de\/bilder\/betonstatuen\/\"},{\"@type\":\"ListItem\",\"position\":5,\"name\":\"Mythologische Bilder\",\"item\":\"https:\/\/dev.eliassen.nl\/de\/bilder\/betonstatuen\/mythologische-bilder\/\"},{\"@type\":\"ListItem\",\"position\":6,\"name\":\"Statue Beton Waldbewohnerin Sigrun 80cm\"}]},{\"@type\":\"WebSite\",\"@id\":\"https:\/\/dev.eliassen.nl\/de\/#website\",\"url\":\"https:\/\/dev.eliassen.nl\/de\/\",\"name\":\"Eliassen Home & Garden Pleasure\",\"description\":\"\",\"publisher\":{\"@id\":\"https:\/\/dev.eliassen.nl\/de\/#organization\"},\"alternateName\":\"Eliassen.nl\",\"potentialAction\":[{\"@type\":\"SearchAction\",\"target\":{\"@type\":\"EntryPoint\",\"urlTemplate\":\"https:\/\/dev.eliassen.nl\/de\/?s={search_term_string}\"},\"query-input\":{\"@type\":\"PropertyValueSpecification\",\"valueRequired\":true,\"valueName\":\"search_term_string\"}}],\"inLanguage\":\"de\"},{\"@type\":\"Organization\",\"@id\":\"https:\/\/dev.eliassen.nl\/de\/#organization\",\"name\":\"Eliassen Home & Garden Pleasure\",\"url\":\"https:\/\/dev.eliassen.nl\/de\/\",\"logo\":{\"@type\":\"ImageObject\",\"inLanguage\":\"de\",\"@id\":\"https:\/\/dev.eliassen.nl\/de\/#\/schema\/logo\/image\/\",\"url\":\"https:\/\/www.eliassen.nl\/wp-content\/uploads\/2024\/01\/logo_4nd.jpg\",\"contentUrl\":\"https:\/\/www.eliassen.nl\/wp-content\/uploads\/2024\/01\/logo_4nd.jpg\",\"width\":500,\"height\":500,\"caption\":\"Eliassen Home & Garden Pleasure\"},\"image\":{\"@id\":\"https:\/\/dev.eliassen.nl\/de\/#\/schema\/logo\/image\/\"},\"sameAs\":[\"https:\/\/www.facebook.com\/TuincentrumEliassenAmmerzoden\",\"https:\/\/www.instagram.com\/eliassenhomeandgarden\/\",\"https:\/\/nl.pinterest.com\/eliassenhomeandgarden\/\",\"https:\/\/www.youtube.com\/@eliassenhomegardenpleasure4558\"]}]}<\/script>\n<!-- \/ Yoast SEO plugin. -->","yoast_head_json":{"title":"Beeld beton Bosbewoonster Sigrun 80cm","description":"Stenen tuinbeelden? Bekijk onze mega collectie in onze webshop, of kom live bij ons kijken !!","robots":{"index":"noindex","follow":"follow","max-snippet":"max-snippet:-1","max-image-preview":"max-image-preview:large","max-video-preview":"max-video-preview:-1"},"og_locale":"de_DE","og_type":"article","og_title":"Beeld beton Bosbewoonster Sigrun 80cm","og_description":"Stenen tuinbeelden? Bekijk onze mega collectie in onze webshop, of kom live bij ons kijken !!","og_url":"https:\/\/dev.eliassen.nl\/de\/statue-beton-waldbewohnerin-sigrun-80cm\/","og_site_name":"Eliassen.nl","article_publisher":"https:\/\/www.facebook.com\/TuincentrumEliassenAmmerzoden","article_modified_time":"2024-12-05T15:21:35+00:00","og_image":[{"width":918,"height":918,"url":"https:\/\/dev.eliassen.nl\/wp-content\/uploads\/2024\/01\/0114505.jpg","type":"image\/jpeg"}],"twitter_card":"summary_large_image","schema":{"@context":"https:\/\/schema.org","@graph":[{"@type":"WebPage","@id":"https:\/\/dev.eliassen.nl\/de\/statue-beton-waldbewohnerin-sigrun-80cm\/","url":"https:\/\/dev.eliassen.nl\/de\/statue-beton-waldbewohnerin-sigrun-80cm\/","name":"Beeld beton Bosbewoonster Sigrun 80cm","isPartOf":{"@id":"https:\/\/dev.eliassen.nl\/de\/#website"},"primaryImageOfPage":{"@id":"https:\/\/dev.eliassen.nl\/de\/statue-beton-waldbewohnerin-sigrun-80cm\/#primaryimage"},"image":{"@id":"https:\/\/dev.eliassen.nl\/de\/statue-beton-waldbewohnerin-sigrun-80cm\/#primaryimage"},"thumbnailUrl":"https:\/\/dev.eliassen.nl\/wp-content\/uploads\/2024\/01\/0114505.jpg","datePublished":"2023-02-23T14:11:02+00:00","dateModified":"2024-12-05T15:21:35+00:00","description":"Stenen tuinbeelden? Bekijk onze mega collectie in onze webshop, of kom live bij ons kijken !!","breadcrumb":{"@id":"https:\/\/dev.eliassen.nl\/de\/statue-beton-waldbewohnerin-sigrun-80cm\/#breadcrumb"},"inLanguage":"de","potentialAction":[{"@type":"ReadAction","target":["https:\/\/dev.eliassen.nl\/de\/statue-beton-waldbewohnerin-sigrun-80cm\/"]}]},{"@type":"ImageObject","inLanguage":"de","@id":"https:\/\/dev.eliassen.nl\/de\/statue-beton-waldbewohnerin-sigrun-80cm\/#primaryimage","url":"https:\/\/dev.eliassen.nl\/wp-content\/uploads\/2024\/01\/0114505.jpg","contentUrl":"https:\/\/dev.eliassen.nl\/wp-content\/uploads\/2024\/01\/0114505.jpg","width":918,"height":918,"caption":"0-114505"},{"@type":"BreadcrumbList","@id":"https:\/\/dev.eliassen.nl\/de\/statue-beton-waldbewohnerin-sigrun-80cm\/#breadcrumb","itemListElement":[{"@type":"ListItem","position":1,"name":"Home","item":"https:\/\/dev.eliassen.nl\/de\/"},{"@type":"ListItem","position":2,"name":"Shop","item":"https:\/\/dev.eliassen.nl\/nl\/winkel\/"},{"@type":"ListItem","position":3,"name":"Statuen-Skulpturen","item":"https:\/\/dev.eliassen.nl\/de\/statuen-skulpturen\/"},{"@type":"ListItem","position":4,"name":"Betonstatuen","item":"https:\/\/dev.eliassen.nl\/de\/bilder\/betonstatuen\/"},{"@type":"ListItem","position":5,"name":"Mythologische Bilder","item":"https:\/\/dev.eliassen.nl\/de\/bilder\/betonstatuen\/mythologische-bilder\/"},{"@type":"ListItem","position":6,"name":"Statue Beton Waldbewohnerin Sigrun 80cm"}]},{"@type":"WebSite","@id":"https:\/\/dev.eliassen.nl\/de\/#website","url":"https:\/\/dev.eliassen.nl\/de\/","name":"Eliassen Home & Garden Pleasure","description":"","publisher":{"@id":"https:\/\/dev.eliassen.nl\/de\/#organization"},"alternateName":"Eliassen.nl","potentialAction":[{"@type":"SearchAction","target":{"@type":"EntryPoint","urlTemplate":"https:\/\/dev.eliassen.nl\/de\/?s={search_term_string}"},"query-input":{"@type":"PropertyValueSpecification","valueRequired":true,"valueName":"search_term_string"}}],"inLanguage":"de"},{"@type":"Organization","@id":"https:\/\/dev.eliassen.nl\/de\/#organization","name":"Eliassen Home & Garden Pleasure","url":"https:\/\/dev.eliassen.nl\/de\/","logo":{"@type":"ImageObject","inLanguage":"de","@id":"https:\/\/dev.eliassen.nl\/de\/#\/schema\/logo\/image\/","url":"https:\/\/www.eliassen.nl\/wp-content\/uploads\/2024\/01\/logo_4nd.jpg","contentUrl":"https:\/\/www.eliassen.nl\/wp-content\/uploads\/2024\/01\/logo_4nd.jpg","width":500,"height":500,"caption":"Eliassen Home & Garden Pleasure"},"image":{"@id":"https:\/\/dev.eliassen.nl\/de\/#\/schema\/logo\/image\/"},"sameAs":["https:\/\/www.facebook.com\/TuincentrumEliassenAmmerzoden","https:\/\/www.instagram.com\/eliassenhomeandgarden\/","https:\/\/nl.pinterest.com\/eliassenhomeandgarden\/","https:\/\/www.youtube.com\/@eliassenhomegardenpleasure4558"]}]}},"df_price":279,"df_sale_price":"","df_regular_price":279,"df_image_link":"https:\/\/dev.eliassen.nl\/wp-content\/uploads\/2024\/01\/0114505.jpg","image":"https:\/\/dev.eliassen.nl\/wp-content\/uploads\/2024\/01\/0114505.jpg","price_search":"<span class=\"woocommerce-Price-amount amount\"><bdi><span class=\"woocommerce-Price-currencySymbol\">&euro;<\/span>&nbsp;279,00<\/bdi><\/span>","category":"Betonstatuen","_links":{"self":[{"href":"https:\/\/dev.eliassen.nl\/de\/wp-json\/wp\/v2\/product\/85114","targetHints":{"allow":["GET"]}}],"collection":[{"href":"https:\/\/dev.eliassen.nl\/de\/wp-json\/wp\/v2\/product"}],"about":[{"href":"https:\/\/dev.eliassen.nl\/de\/wp-json\/wp\/v2\/types\/product"}],"wp:featuredmedia":[{"embeddable":true,"href":"https:\/\/dev.eliassen.nl\/de\/wp-json\/wp\/v2\/media\/85108"}],"wp:attachment":[{"href":"https:\/\/dev.eliassen.nl\/de\/wp-json\/wp\/v2\/media?parent=85114"}],"wp:term":[{"taxonomy":"product_brand","embeddable":true,"href":"https:\/\/dev.eliassen.nl\/de\/wp-json\/wp\/v2\/product_brand?post=85114"},{"taxonomy":"product_cat","embeddable":true,"href":"https:\/\/dev.eliassen.nl\/de\/wp-json\/wp\/v2\/product_cat?post=85114"},{"taxonomy":"product_tag","embeddable":true,"href":"https:\/\/dev.eliassen.nl\/de\/wp-json\/wp\/v2\/product_tag?post=85114"}],"curies":[{"name":"wp","href":"https:\/\/api.w.org\/{rel}","templated":true}]}}