{"id":85807,"date":"2023-02-27T13:38:09","date_gmt":"2023-02-27T12:38:09","guid":{"rendered":"https:\/\/www.eliassen.nl\/?product=gietijzeren-abstract-liefdeskoppel-130cm"},"modified":"2024-12-05T16:21:39","modified_gmt":"2024-12-05T15:21:39","slug":"abstraktes-liebespaar-aus-gusseisen-130cm","status":"publish","type":"product","link":"https:\/\/dev.eliassen.nl\/de\/abstraktes-liebespaar-aus-gusseisen-130cm\/","title":{"rendered":"Abstraktes Liebespaar aus Gusseisen 130cm."},"content":{"rendered":"<p>Suchen Sie ein nostalgisches Bild mit einem zeitlosen l\u00e4ndlichen Look, das niemals brechen wird? Dann ist diese gusseiserne Statue in Form eines Liebespaares vielleicht etwas f\u00fcr Sie.<\/p>\n<p>Diese Gusseisenskulptur ist unbehandelt und daher rostig. Gusseisen ist eine Eisenart mit hohem Kohlenstoffgehalt. Gusseisen hat eine hervorragende Gie\u00dfbarkeit und ist unverw\u00fcstlich. Ein Nachteil von Gusseisen ist, dass es brechen kann, also lassen Sie niemals eine Statue aus Gusseisen fallen.<\/p>\n<p>Auf Gusseisen bildet sich eine Rostschicht, dieser Rost ist auch die Schutzschicht des Eisens, damit es nicht weiter rostet. Diese Tatsache sorgt daf\u00fcr, dass gusseiserne Objekte Hunderte von Jahren halten.<\/p>\n<ul>\n<li>Gr\u00f6\u00dfe: 130cm<\/li>\n<li>Material: Gusseisen<\/li>\n<li>Farbe: Rostbraun<\/li>\n<li>Gewicht ca. 60 kg<\/li>\n<li>Achten Sie auf Roststellen im Garten<\/li>\n<li>Viele dieser Serien k\u00f6nnen live in unserem Shop angesehen werden!<\/li>\n<\/ul>\n","protected":false},"excerpt":{"rendered":"<p>Gro\u00dfe Statue aus Gusseisen 130 cm<\/p>\n","protected":false},"featured_media":85804,"template":"","meta":{"_acf_changed":false},"product_brand":[],"product_cat":[1421,7239],"product_tag":[],"class_list":{"0":"post-85807","1":"product","2":"type-product","3":"status-publish","4":"has-post-thumbnail","6":"product_cat-statuen-aus-gusseisen","7":"product_cat-statuen-skulpturen","9":"first","10":"instock","11":"taxable","12":"shipping-taxable","13":"purchasable","14":"product-type-simple"},"acf":[],"yoast_head":"<!-- This site is optimized with the Yoast SEO plugin v23.8 - https:\/\/yoast.com\/wordpress\/plugins\/seo\/ -->\n<title>Abstraktes Liebespaar aus Gusseisen 130cm. - Eliassen.nl<\/title>\n<meta name=\"description\" content=\"Auf der Suche nach einer sch\u00f6nen Gartenskulptur aus Gusseisen? Schauen Sie sich dieses wundersch\u00f6ne Liebespaar mit einer K\u00f6rpergr\u00f6\u00dfe von 130 cm an. Sch\u00f6n in ...\" \/>\n<meta name=\"robots\" content=\"noindex, follow, max-snippet:-1, max-image-preview:large, max-video-preview:-1\" \/>\n<meta property=\"og:locale\" content=\"de_DE\" \/>\n<meta property=\"og:type\" content=\"article\" \/>\n<meta property=\"og:title\" content=\"Abstraktes Liebespaar aus Gusseisen 130cm. - Eliassen.nl\" \/>\n<meta property=\"og:description\" content=\"Auf der Suche nach einer sch\u00f6nen Gartenskulptur aus Gusseisen? Schauen Sie sich dieses wundersch\u00f6ne Liebespaar mit einer K\u00f6rpergr\u00f6\u00dfe von 130 cm an. Sch\u00f6n in ...\" \/>\n<meta property=\"og:url\" content=\"https:\/\/dev.eliassen.nl\/de\/abstraktes-liebespaar-aus-gusseisen-130cm\/\" \/>\n<meta property=\"og:site_name\" content=\"Eliassen.nl\" \/>\n<meta property=\"article:publisher\" content=\"https:\/\/www.facebook.com\/TuincentrumEliassenAmmerzoden\" \/>\n<meta property=\"article:modified_time\" content=\"2024-12-05T15:21:39+00:00\" \/>\n<meta property=\"og:image\" content=\"https:\/\/dev.eliassen.nl\/wp-content\/uploads\/2024\/01\/gietijzerenabstractbeeldeliassennl_3nd.jpg\" \/>\n\t<meta property=\"og:image:width\" content=\"94\" \/>\n\t<meta property=\"og:image:height\" content=\"480\" \/>\n\t<meta property=\"og:image:type\" content=\"image\/jpeg\" \/>\n<meta name=\"twitter:card\" content=\"summary_large_image\" \/>\n<script type=\"application\/ld+json\" class=\"yoast-schema-graph\">{\"@context\":\"https:\/\/schema.org\",\"@graph\":[{\"@type\":\"WebPage\",\"@id\":\"https:\/\/dev.eliassen.nl\/de\/abstraktes-liebespaar-aus-gusseisen-130cm\/\",\"url\":\"https:\/\/dev.eliassen.nl\/de\/abstraktes-liebespaar-aus-gusseisen-130cm\/\",\"name\":\"Abstraktes Liebespaar aus Gusseisen 130cm. - Eliassen.nl\",\"isPartOf\":{\"@id\":\"https:\/\/dev.eliassen.nl\/de\/#website\"},\"primaryImageOfPage\":{\"@id\":\"https:\/\/dev.eliassen.nl\/de\/abstraktes-liebespaar-aus-gusseisen-130cm\/#primaryimage\"},\"image\":{\"@id\":\"https:\/\/dev.eliassen.nl\/de\/abstraktes-liebespaar-aus-gusseisen-130cm\/#primaryimage\"},\"thumbnailUrl\":\"https:\/\/dev.eliassen.nl\/wp-content\/uploads\/2024\/01\/gietijzerenabstractbeeldeliassennl_3nd.jpg\",\"datePublished\":\"2023-02-27T12:38:09+00:00\",\"dateModified\":\"2024-12-05T15:21:39+00:00\",\"description\":\"Auf der Suche nach einer sch\u00f6nen Gartenskulptur aus Gusseisen? Schauen Sie sich dieses wundersch\u00f6ne Liebespaar mit einer K\u00f6rpergr\u00f6\u00dfe von 130 cm an. Sch\u00f6n in ...\",\"breadcrumb\":{\"@id\":\"https:\/\/dev.eliassen.nl\/de\/abstraktes-liebespaar-aus-gusseisen-130cm\/#breadcrumb\"},\"inLanguage\":\"de\",\"potentialAction\":[{\"@type\":\"ReadAction\",\"target\":[\"https:\/\/dev.eliassen.nl\/de\/abstraktes-liebespaar-aus-gusseisen-130cm\/\"]}]},{\"@type\":\"ImageObject\",\"inLanguage\":\"de\",\"@id\":\"https:\/\/dev.eliassen.nl\/de\/abstraktes-liebespaar-aus-gusseisen-130cm\/#primaryimage\",\"url\":\"https:\/\/dev.eliassen.nl\/wp-content\/uploads\/2024\/01\/gietijzerenabstractbeeldeliassennl_3nd.jpg\",\"contentUrl\":\"https:\/\/dev.eliassen.nl\/wp-content\/uploads\/2024\/01\/gietijzerenabstractbeeldeliassennl_3nd.jpg\",\"width\":94,\"height\":480,\"caption\":\"Gietijzeren abstract beeld - eliassen.nl\"},{\"@type\":\"BreadcrumbList\",\"@id\":\"https:\/\/dev.eliassen.nl\/de\/abstraktes-liebespaar-aus-gusseisen-130cm\/#breadcrumb\",\"itemListElement\":[{\"@type\":\"ListItem\",\"position\":1,\"name\":\"Home\",\"item\":\"https:\/\/dev.eliassen.nl\/de\/\"},{\"@type\":\"ListItem\",\"position\":2,\"name\":\"Shop\",\"item\":\"https:\/\/dev.eliassen.nl\/nl\/winkel\/\"},{\"@type\":\"ListItem\",\"position\":3,\"name\":\"Statuen-Skulpturen\",\"item\":\"https:\/\/dev.eliassen.nl\/de\/statuen-skulpturen\/\"},{\"@type\":\"ListItem\",\"position\":4,\"name\":\"Statuen aus Gusseisen\",\"item\":\"https:\/\/dev.eliassen.nl\/de\/bilder\/statuen-aus-gusseisen\/\"},{\"@type\":\"ListItem\",\"position\":5,\"name\":\"Abstraktes Liebespaar aus Gusseisen 130cm.\"}]},{\"@type\":\"WebSite\",\"@id\":\"https:\/\/dev.eliassen.nl\/de\/#website\",\"url\":\"https:\/\/dev.eliassen.nl\/de\/\",\"name\":\"Eliassen Home & Garden Pleasure\",\"description\":\"\",\"publisher\":{\"@id\":\"https:\/\/dev.eliassen.nl\/de\/#organization\"},\"alternateName\":\"Eliassen.nl\",\"potentialAction\":[{\"@type\":\"SearchAction\",\"target\":{\"@type\":\"EntryPoint\",\"urlTemplate\":\"https:\/\/dev.eliassen.nl\/de\/?s={search_term_string}\"},\"query-input\":{\"@type\":\"PropertyValueSpecification\",\"valueRequired\":true,\"valueName\":\"search_term_string\"}}],\"inLanguage\":\"de\"},{\"@type\":\"Organization\",\"@id\":\"https:\/\/dev.eliassen.nl\/de\/#organization\",\"name\":\"Eliassen Home & Garden Pleasure\",\"url\":\"https:\/\/dev.eliassen.nl\/de\/\",\"logo\":{\"@type\":\"ImageObject\",\"inLanguage\":\"de\",\"@id\":\"https:\/\/dev.eliassen.nl\/de\/#\/schema\/logo\/image\/\",\"url\":\"https:\/\/www.eliassen.nl\/wp-content\/uploads\/2024\/01\/logo_4nd.jpg\",\"contentUrl\":\"https:\/\/www.eliassen.nl\/wp-content\/uploads\/2024\/01\/logo_4nd.jpg\",\"width\":500,\"height\":500,\"caption\":\"Eliassen Home & Garden Pleasure\"},\"image\":{\"@id\":\"https:\/\/dev.eliassen.nl\/de\/#\/schema\/logo\/image\/\"},\"sameAs\":[\"https:\/\/www.facebook.com\/TuincentrumEliassenAmmerzoden\",\"https:\/\/www.instagram.com\/eliassenhomeandgarden\/\",\"https:\/\/nl.pinterest.com\/eliassenhomeandgarden\/\",\"https:\/\/www.youtube.com\/@eliassenhomegardenpleasure4558\"]}]}<\/script>\n<!-- \/ Yoast SEO plugin. -->","yoast_head_json":{"title":"Abstraktes Liebespaar aus Gusseisen 130cm. - Eliassen.nl","description":"Auf der Suche nach einer sch\u00f6nen Gartenskulptur aus Gusseisen? Schauen Sie sich dieses wundersch\u00f6ne Liebespaar mit einer K\u00f6rpergr\u00f6\u00dfe von 130 cm an. Sch\u00f6n in ...","robots":{"index":"noindex","follow":"follow","max-snippet":"max-snippet:-1","max-image-preview":"max-image-preview:large","max-video-preview":"max-video-preview:-1"},"og_locale":"de_DE","og_type":"article","og_title":"Abstraktes Liebespaar aus Gusseisen 130cm. - Eliassen.nl","og_description":"Auf der Suche nach einer sch\u00f6nen Gartenskulptur aus Gusseisen? Schauen Sie sich dieses wundersch\u00f6ne Liebespaar mit einer K\u00f6rpergr\u00f6\u00dfe von 130 cm an. Sch\u00f6n in ...","og_url":"https:\/\/dev.eliassen.nl\/de\/abstraktes-liebespaar-aus-gusseisen-130cm\/","og_site_name":"Eliassen.nl","article_publisher":"https:\/\/www.facebook.com\/TuincentrumEliassenAmmerzoden","article_modified_time":"2024-12-05T15:21:39+00:00","og_image":[{"width":94,"height":480,"url":"https:\/\/dev.eliassen.nl\/wp-content\/uploads\/2024\/01\/gietijzerenabstractbeeldeliassennl_3nd.jpg","type":"image\/jpeg"}],"twitter_card":"summary_large_image","schema":{"@context":"https:\/\/schema.org","@graph":[{"@type":"WebPage","@id":"https:\/\/dev.eliassen.nl\/de\/abstraktes-liebespaar-aus-gusseisen-130cm\/","url":"https:\/\/dev.eliassen.nl\/de\/abstraktes-liebespaar-aus-gusseisen-130cm\/","name":"Abstraktes Liebespaar aus Gusseisen 130cm. - Eliassen.nl","isPartOf":{"@id":"https:\/\/dev.eliassen.nl\/de\/#website"},"primaryImageOfPage":{"@id":"https:\/\/dev.eliassen.nl\/de\/abstraktes-liebespaar-aus-gusseisen-130cm\/#primaryimage"},"image":{"@id":"https:\/\/dev.eliassen.nl\/de\/abstraktes-liebespaar-aus-gusseisen-130cm\/#primaryimage"},"thumbnailUrl":"https:\/\/dev.eliassen.nl\/wp-content\/uploads\/2024\/01\/gietijzerenabstractbeeldeliassennl_3nd.jpg","datePublished":"2023-02-27T12:38:09+00:00","dateModified":"2024-12-05T15:21:39+00:00","description":"Auf der Suche nach einer sch\u00f6nen Gartenskulptur aus Gusseisen? Schauen Sie sich dieses wundersch\u00f6ne Liebespaar mit einer K\u00f6rpergr\u00f6\u00dfe von 130 cm an. Sch\u00f6n in ...","breadcrumb":{"@id":"https:\/\/dev.eliassen.nl\/de\/abstraktes-liebespaar-aus-gusseisen-130cm\/#breadcrumb"},"inLanguage":"de","potentialAction":[{"@type":"ReadAction","target":["https:\/\/dev.eliassen.nl\/de\/abstraktes-liebespaar-aus-gusseisen-130cm\/"]}]},{"@type":"ImageObject","inLanguage":"de","@id":"https:\/\/dev.eliassen.nl\/de\/abstraktes-liebespaar-aus-gusseisen-130cm\/#primaryimage","url":"https:\/\/dev.eliassen.nl\/wp-content\/uploads\/2024\/01\/gietijzerenabstractbeeldeliassennl_3nd.jpg","contentUrl":"https:\/\/dev.eliassen.nl\/wp-content\/uploads\/2024\/01\/gietijzerenabstractbeeldeliassennl_3nd.jpg","width":94,"height":480,"caption":"Gietijzeren abstract beeld - eliassen.nl"},{"@type":"BreadcrumbList","@id":"https:\/\/dev.eliassen.nl\/de\/abstraktes-liebespaar-aus-gusseisen-130cm\/#breadcrumb","itemListElement":[{"@type":"ListItem","position":1,"name":"Home","item":"https:\/\/dev.eliassen.nl\/de\/"},{"@type":"ListItem","position":2,"name":"Shop","item":"https:\/\/dev.eliassen.nl\/nl\/winkel\/"},{"@type":"ListItem","position":3,"name":"Statuen-Skulpturen","item":"https:\/\/dev.eliassen.nl\/de\/statuen-skulpturen\/"},{"@type":"ListItem","position":4,"name":"Statuen aus Gusseisen","item":"https:\/\/dev.eliassen.nl\/de\/bilder\/statuen-aus-gusseisen\/"},{"@type":"ListItem","position":5,"name":"Abstraktes Liebespaar aus Gusseisen 130cm."}]},{"@type":"WebSite","@id":"https:\/\/dev.eliassen.nl\/de\/#website","url":"https:\/\/dev.eliassen.nl\/de\/","name":"Eliassen Home & Garden Pleasure","description":"","publisher":{"@id":"https:\/\/dev.eliassen.nl\/de\/#organization"},"alternateName":"Eliassen.nl","potentialAction":[{"@type":"SearchAction","target":{"@type":"EntryPoint","urlTemplate":"https:\/\/dev.eliassen.nl\/de\/?s={search_term_string}"},"query-input":{"@type":"PropertyValueSpecification","valueRequired":true,"valueName":"search_term_string"}}],"inLanguage":"de"},{"@type":"Organization","@id":"https:\/\/dev.eliassen.nl\/de\/#organization","name":"Eliassen Home & Garden Pleasure","url":"https:\/\/dev.eliassen.nl\/de\/","logo":{"@type":"ImageObject","inLanguage":"de","@id":"https:\/\/dev.eliassen.nl\/de\/#\/schema\/logo\/image\/","url":"https:\/\/www.eliassen.nl\/wp-content\/uploads\/2024\/01\/logo_4nd.jpg","contentUrl":"https:\/\/www.eliassen.nl\/wp-content\/uploads\/2024\/01\/logo_4nd.jpg","width":500,"height":500,"caption":"Eliassen Home & Garden Pleasure"},"image":{"@id":"https:\/\/dev.eliassen.nl\/de\/#\/schema\/logo\/image\/"},"sameAs":["https:\/\/www.facebook.com\/TuincentrumEliassenAmmerzoden","https:\/\/www.instagram.com\/eliassenhomeandgarden\/","https:\/\/nl.pinterest.com\/eliassenhomeandgarden\/","https:\/\/www.youtube.com\/@eliassenhomegardenpleasure4558"]}]}},"df_price":326,"df_sale_price":"","df_regular_price":326,"df_image_link":"https:\/\/dev.eliassen.nl\/wp-content\/uploads\/2024\/01\/gietijzerenabstractbeeldeliassennl_3nd.jpg","image":"https:\/\/dev.eliassen.nl\/wp-content\/uploads\/2024\/01\/gietijzerenabstractbeeldeliassennl_3nd.jpg","price_search":"<span class=\"woocommerce-Price-amount amount\"><bdi><span class=\"woocommerce-Price-currencySymbol\">&euro;<\/span>&nbsp;326,00<\/bdi><\/span>","category":"Statuen aus Gusseisen","_links":{"self":[{"href":"https:\/\/dev.eliassen.nl\/de\/wp-json\/wp\/v2\/product\/85807","targetHints":{"allow":["GET"]}}],"collection":[{"href":"https:\/\/dev.eliassen.nl\/de\/wp-json\/wp\/v2\/product"}],"about":[{"href":"https:\/\/dev.eliassen.nl\/de\/wp-json\/wp\/v2\/types\/product"}],"wp:featuredmedia":[{"embeddable":true,"href":"https:\/\/dev.eliassen.nl\/de\/wp-json\/wp\/v2\/media\/85804"}],"wp:attachment":[{"href":"https:\/\/dev.eliassen.nl\/de\/wp-json\/wp\/v2\/media?parent=85807"}],"wp:term":[{"taxonomy":"product_brand","embeddable":true,"href":"https:\/\/dev.eliassen.nl\/de\/wp-json\/wp\/v2\/product_brand?post=85807"},{"taxonomy":"product_cat","embeddable":true,"href":"https:\/\/dev.eliassen.nl\/de\/wp-json\/wp\/v2\/product_cat?post=85807"},{"taxonomy":"product_tag","embeddable":true,"href":"https:\/\/dev.eliassen.nl\/de\/wp-json\/wp\/v2\/product_tag?post=85807"}],"curies":[{"name":"wp","href":"https:\/\/api.w.org\/{rel}","templated":true}]}}