{"id":85855,"date":"2023-02-27T13:50:35","date_gmt":"2023-02-27T12:50:35","guid":{"rendered":"https:\/\/www.eliassen.nl\/?product=gietijzeren-beeld-jezus-50cm"},"modified":"2024-12-05T16:21:47","modified_gmt":"2024-12-05T15:21:47","slug":"gusseisenstatue-jesus-50cm","status":"publish","type":"product","link":"https:\/\/dev.eliassen.nl\/de\/gusseisenstatue-jesus-50cm\/","title":{"rendered":"Gusseisenstatue Jesus 50cm."},"content":{"rendered":"<p>Suchen Sie ein nostalgisches Bild mit einem zeitlosen l\u00e4ndlichen Look, das niemals brechen wird? Dann ist diese gusseiserne Statue in Form dieser sogenannten Herz-Jesu-Statue vielleicht etwas f\u00fcr Sie.<\/p>\n<p>Diese Gusseisenskulptur ist unbehandelt und daher rostig. Gusseisen ist eine Eisenart mit hohem Kohlenstoffgehalt. Gusseisen hat eine hervorragende Gie\u00dfbarkeit und ist unverw\u00fcstlich. Ein Nachteil von Gusseisen ist, dass es brechen kann, also lassen Sie niemals eine Statue aus Gusseisen fallen.<\/p>\n<p>Auf Gusseisen bildet sich eine Rostschicht, dieser Rost ist auch die Schutzschicht des Eisens, damit es nicht weiter rostet. Diese Tatsache sorgt daf\u00fcr, dass gusseiserne Objekte Hunderte von Jahren halten.<\/p>\n<ul>\n<li>Gr\u00f6\u00dfe: 17 x 16 x 50 cm hoch<\/li>\n<li>Material: Gusseisen<\/li>\n<li>Farbe: Rostbraun<\/li>\n<li>Gewicht ca. 9 kg<\/li>\n<li>Achten Sie auf Roststellen im Garten<\/li>\n<li>Viele dieser Serien k\u00f6nnen live in unserem Shop angesehen werden!<\/li>\n<\/ul>\n","protected":false},"excerpt":{"rendered":"<p>Herz-Jesu-Statue Gusseisen 50cm<\/p>\n","protected":false},"featured_media":85852,"template":"","meta":{"_acf_changed":false},"product_brand":[],"product_cat":[1421,7076],"product_tag":[],"class_list":{"0":"post-85855","1":"product","2":"type-product","3":"status-publish","4":"has-post-thumbnail","6":"product_cat-statuen-aus-gusseisen","7":"product_cat-statues-figures","9":"first","10":"instock","11":"taxable","12":"shipping-taxable","13":"purchasable","14":"product-type-simple"},"acf":[],"yoast_head":"<!-- This site is optimized with the Yoast SEO plugin v23.8 - https:\/\/yoast.com\/wordpress\/plugins\/seo\/ -->\n<title>Gusseisenstatue Jesus 50cm. - Eliassen Heim- und Gartenvergn\u00fcgen<\/title>\n<meta name=\"description\" content=\"Auf der Suche nach einer gusseisernen Jesus-Statue? Schauen Sie sich diese sch\u00f6ne Statue f\u00fcr drinnen oder drau\u00dfen an.\" \/>\n<meta name=\"robots\" content=\"noindex, follow, max-snippet:-1, max-image-preview:large, max-video-preview:-1\" \/>\n<meta property=\"og:locale\" content=\"de_DE\" \/>\n<meta property=\"og:type\" content=\"article\" \/>\n<meta property=\"og:title\" content=\"Gusseisenstatue Jesus 50cm. - Eliassen Heim- und Gartenvergn\u00fcgen\" \/>\n<meta property=\"og:description\" content=\"Auf der Suche nach einer gusseisernen Jesus-Statue? Schauen Sie sich diese sch\u00f6ne Statue f\u00fcr drinnen oder drau\u00dfen an.\" \/>\n<meta property=\"og:url\" content=\"https:\/\/dev.eliassen.nl\/de\/gusseisenstatue-jesus-50cm\/\" \/>\n<meta property=\"og:site_name\" content=\"Eliassen.nl\" \/>\n<meta property=\"article:publisher\" content=\"https:\/\/www.facebook.com\/TuincentrumEliassenAmmerzoden\" \/>\n<meta property=\"article:modified_time\" content=\"2024-12-05T15:21:47+00:00\" \/>\n<meta property=\"og:image\" content=\"https:\/\/dev.eliassen.nl\/wp-content\/uploads\/2024\/01\/gietijzerenjezuseliassennl.jpg\" \/>\n\t<meta property=\"og:image:width\" content=\"270\" \/>\n\t<meta property=\"og:image:height\" content=\"480\" \/>\n\t<meta property=\"og:image:type\" content=\"image\/jpeg\" \/>\n<meta name=\"twitter:card\" content=\"summary_large_image\" \/>\n<script type=\"application\/ld+json\" class=\"yoast-schema-graph\">{\"@context\":\"https:\/\/schema.org\",\"@graph\":[{\"@type\":\"WebPage\",\"@id\":\"https:\/\/dev.eliassen.nl\/de\/gusseisenstatue-jesus-50cm\/\",\"url\":\"https:\/\/dev.eliassen.nl\/de\/gusseisenstatue-jesus-50cm\/\",\"name\":\"Gusseisenstatue Jesus 50cm. - Eliassen Heim- und Gartenvergn\u00fcgen\",\"isPartOf\":{\"@id\":\"https:\/\/dev.eliassen.nl\/de\/#website\"},\"primaryImageOfPage\":{\"@id\":\"https:\/\/dev.eliassen.nl\/de\/gusseisenstatue-jesus-50cm\/#primaryimage\"},\"image\":{\"@id\":\"https:\/\/dev.eliassen.nl\/de\/gusseisenstatue-jesus-50cm\/#primaryimage\"},\"thumbnailUrl\":\"https:\/\/dev.eliassen.nl\/wp-content\/uploads\/2024\/01\/gietijzerenjezuseliassennl.jpg\",\"datePublished\":\"2023-02-27T12:50:35+00:00\",\"dateModified\":\"2024-12-05T15:21:47+00:00\",\"description\":\"Auf der Suche nach einer gusseisernen Jesus-Statue? Schauen Sie sich diese sch\u00f6ne Statue f\u00fcr drinnen oder drau\u00dfen an.\",\"breadcrumb\":{\"@id\":\"https:\/\/dev.eliassen.nl\/de\/gusseisenstatue-jesus-50cm\/#breadcrumb\"},\"inLanguage\":\"de\",\"potentialAction\":[{\"@type\":\"ReadAction\",\"target\":[\"https:\/\/dev.eliassen.nl\/de\/gusseisenstatue-jesus-50cm\/\"]}]},{\"@type\":\"ImageObject\",\"inLanguage\":\"de\",\"@id\":\"https:\/\/dev.eliassen.nl\/de\/gusseisenstatue-jesus-50cm\/#primaryimage\",\"url\":\"https:\/\/dev.eliassen.nl\/wp-content\/uploads\/2024\/01\/gietijzerenjezuseliassennl.jpg\",\"contentUrl\":\"https:\/\/dev.eliassen.nl\/wp-content\/uploads\/2024\/01\/gietijzerenjezuseliassennl.jpg\",\"width\":270,\"height\":480,\"caption\":\"gietijzeren jezus - eliassen.nl\"},{\"@type\":\"BreadcrumbList\",\"@id\":\"https:\/\/dev.eliassen.nl\/de\/gusseisenstatue-jesus-50cm\/#breadcrumb\",\"itemListElement\":[{\"@type\":\"ListItem\",\"position\":1,\"name\":\"Home\",\"item\":\"https:\/\/dev.eliassen.nl\/de\/\"},{\"@type\":\"ListItem\",\"position\":2,\"name\":\"Shop\",\"item\":\"https:\/\/dev.eliassen.nl\/nl\/winkel\/\"},{\"@type\":\"ListItem\",\"position\":3,\"name\":\"Statuen-Skulpturen\",\"item\":\"https:\/\/dev.eliassen.nl\/de\/statuen-skulpturen\/\"},{\"@type\":\"ListItem\",\"position\":4,\"name\":\"Statuen aus Gusseisen\",\"item\":\"https:\/\/dev.eliassen.nl\/de\/bilder\/statuen-aus-gusseisen\/\"},{\"@type\":\"ListItem\",\"position\":5,\"name\":\"Gusseisenstatue Jesus 50cm.\"}]},{\"@type\":\"WebSite\",\"@id\":\"https:\/\/dev.eliassen.nl\/de\/#website\",\"url\":\"https:\/\/dev.eliassen.nl\/de\/\",\"name\":\"Eliassen Home & Garden Pleasure\",\"description\":\"\",\"publisher\":{\"@id\":\"https:\/\/dev.eliassen.nl\/de\/#organization\"},\"alternateName\":\"Eliassen.nl\",\"potentialAction\":[{\"@type\":\"SearchAction\",\"target\":{\"@type\":\"EntryPoint\",\"urlTemplate\":\"https:\/\/dev.eliassen.nl\/de\/?s={search_term_string}\"},\"query-input\":{\"@type\":\"PropertyValueSpecification\",\"valueRequired\":true,\"valueName\":\"search_term_string\"}}],\"inLanguage\":\"de\"},{\"@type\":\"Organization\",\"@id\":\"https:\/\/dev.eliassen.nl\/de\/#organization\",\"name\":\"Eliassen Home & Garden Pleasure\",\"url\":\"https:\/\/dev.eliassen.nl\/de\/\",\"logo\":{\"@type\":\"ImageObject\",\"inLanguage\":\"de\",\"@id\":\"https:\/\/dev.eliassen.nl\/de\/#\/schema\/logo\/image\/\",\"url\":\"https:\/\/www.eliassen.nl\/wp-content\/uploads\/2024\/01\/logo_4nd.jpg\",\"contentUrl\":\"https:\/\/www.eliassen.nl\/wp-content\/uploads\/2024\/01\/logo_4nd.jpg\",\"width\":500,\"height\":500,\"caption\":\"Eliassen Home & Garden Pleasure\"},\"image\":{\"@id\":\"https:\/\/dev.eliassen.nl\/de\/#\/schema\/logo\/image\/\"},\"sameAs\":[\"https:\/\/www.facebook.com\/TuincentrumEliassenAmmerzoden\",\"https:\/\/www.instagram.com\/eliassenhomeandgarden\/\",\"https:\/\/nl.pinterest.com\/eliassenhomeandgarden\/\",\"https:\/\/www.youtube.com\/@eliassenhomegardenpleasure4558\"]}]}<\/script>\n<!-- \/ Yoast SEO plugin. -->","yoast_head_json":{"title":"Gusseisenstatue Jesus 50cm. - Eliassen Heim- und Gartenvergn\u00fcgen","description":"Auf der Suche nach einer gusseisernen Jesus-Statue? Schauen Sie sich diese sch\u00f6ne Statue f\u00fcr drinnen oder drau\u00dfen an.","robots":{"index":"noindex","follow":"follow","max-snippet":"max-snippet:-1","max-image-preview":"max-image-preview:large","max-video-preview":"max-video-preview:-1"},"og_locale":"de_DE","og_type":"article","og_title":"Gusseisenstatue Jesus 50cm. - Eliassen Heim- und Gartenvergn\u00fcgen","og_description":"Auf der Suche nach einer gusseisernen Jesus-Statue? Schauen Sie sich diese sch\u00f6ne Statue f\u00fcr drinnen oder drau\u00dfen an.","og_url":"https:\/\/dev.eliassen.nl\/de\/gusseisenstatue-jesus-50cm\/","og_site_name":"Eliassen.nl","article_publisher":"https:\/\/www.facebook.com\/TuincentrumEliassenAmmerzoden","article_modified_time":"2024-12-05T15:21:47+00:00","og_image":[{"width":270,"height":480,"url":"https:\/\/dev.eliassen.nl\/wp-content\/uploads\/2024\/01\/gietijzerenjezuseliassennl.jpg","type":"image\/jpeg"}],"twitter_card":"summary_large_image","schema":{"@context":"https:\/\/schema.org","@graph":[{"@type":"WebPage","@id":"https:\/\/dev.eliassen.nl\/de\/gusseisenstatue-jesus-50cm\/","url":"https:\/\/dev.eliassen.nl\/de\/gusseisenstatue-jesus-50cm\/","name":"Gusseisenstatue Jesus 50cm. - Eliassen Heim- und Gartenvergn\u00fcgen","isPartOf":{"@id":"https:\/\/dev.eliassen.nl\/de\/#website"},"primaryImageOfPage":{"@id":"https:\/\/dev.eliassen.nl\/de\/gusseisenstatue-jesus-50cm\/#primaryimage"},"image":{"@id":"https:\/\/dev.eliassen.nl\/de\/gusseisenstatue-jesus-50cm\/#primaryimage"},"thumbnailUrl":"https:\/\/dev.eliassen.nl\/wp-content\/uploads\/2024\/01\/gietijzerenjezuseliassennl.jpg","datePublished":"2023-02-27T12:50:35+00:00","dateModified":"2024-12-05T15:21:47+00:00","description":"Auf der Suche nach einer gusseisernen Jesus-Statue? Schauen Sie sich diese sch\u00f6ne Statue f\u00fcr drinnen oder drau\u00dfen an.","breadcrumb":{"@id":"https:\/\/dev.eliassen.nl\/de\/gusseisenstatue-jesus-50cm\/#breadcrumb"},"inLanguage":"de","potentialAction":[{"@type":"ReadAction","target":["https:\/\/dev.eliassen.nl\/de\/gusseisenstatue-jesus-50cm\/"]}]},{"@type":"ImageObject","inLanguage":"de","@id":"https:\/\/dev.eliassen.nl\/de\/gusseisenstatue-jesus-50cm\/#primaryimage","url":"https:\/\/dev.eliassen.nl\/wp-content\/uploads\/2024\/01\/gietijzerenjezuseliassennl.jpg","contentUrl":"https:\/\/dev.eliassen.nl\/wp-content\/uploads\/2024\/01\/gietijzerenjezuseliassennl.jpg","width":270,"height":480,"caption":"gietijzeren jezus - eliassen.nl"},{"@type":"BreadcrumbList","@id":"https:\/\/dev.eliassen.nl\/de\/gusseisenstatue-jesus-50cm\/#breadcrumb","itemListElement":[{"@type":"ListItem","position":1,"name":"Home","item":"https:\/\/dev.eliassen.nl\/de\/"},{"@type":"ListItem","position":2,"name":"Shop","item":"https:\/\/dev.eliassen.nl\/nl\/winkel\/"},{"@type":"ListItem","position":3,"name":"Statuen-Skulpturen","item":"https:\/\/dev.eliassen.nl\/de\/statuen-skulpturen\/"},{"@type":"ListItem","position":4,"name":"Statuen aus Gusseisen","item":"https:\/\/dev.eliassen.nl\/de\/bilder\/statuen-aus-gusseisen\/"},{"@type":"ListItem","position":5,"name":"Gusseisenstatue Jesus 50cm."}]},{"@type":"WebSite","@id":"https:\/\/dev.eliassen.nl\/de\/#website","url":"https:\/\/dev.eliassen.nl\/de\/","name":"Eliassen Home & Garden Pleasure","description":"","publisher":{"@id":"https:\/\/dev.eliassen.nl\/de\/#organization"},"alternateName":"Eliassen.nl","potentialAction":[{"@type":"SearchAction","target":{"@type":"EntryPoint","urlTemplate":"https:\/\/dev.eliassen.nl\/de\/?s={search_term_string}"},"query-input":{"@type":"PropertyValueSpecification","valueRequired":true,"valueName":"search_term_string"}}],"inLanguage":"de"},{"@type":"Organization","@id":"https:\/\/dev.eliassen.nl\/de\/#organization","name":"Eliassen Home & Garden Pleasure","url":"https:\/\/dev.eliassen.nl\/de\/","logo":{"@type":"ImageObject","inLanguage":"de","@id":"https:\/\/dev.eliassen.nl\/de\/#\/schema\/logo\/image\/","url":"https:\/\/www.eliassen.nl\/wp-content\/uploads\/2024\/01\/logo_4nd.jpg","contentUrl":"https:\/\/www.eliassen.nl\/wp-content\/uploads\/2024\/01\/logo_4nd.jpg","width":500,"height":500,"caption":"Eliassen Home & Garden Pleasure"},"image":{"@id":"https:\/\/dev.eliassen.nl\/de\/#\/schema\/logo\/image\/"},"sameAs":["https:\/\/www.facebook.com\/TuincentrumEliassenAmmerzoden","https:\/\/www.instagram.com\/eliassenhomeandgarden\/","https:\/\/nl.pinterest.com\/eliassenhomeandgarden\/","https:\/\/www.youtube.com\/@eliassenhomegardenpleasure4558"]}]}},"df_price":95,"df_sale_price":"","df_regular_price":95,"df_image_link":"https:\/\/dev.eliassen.nl\/wp-content\/uploads\/2024\/01\/gietijzerenjezuseliassennl.jpg","image":"https:\/\/dev.eliassen.nl\/wp-content\/uploads\/2024\/01\/gietijzerenjezuseliassennl.jpg","price_search":"<span class=\"woocommerce-Price-amount amount\"><bdi><span class=\"woocommerce-Price-currencySymbol\">&euro;<\/span>&nbsp;95,00<\/bdi><\/span>","category":"Statuen aus Gusseisen","_links":{"self":[{"href":"https:\/\/dev.eliassen.nl\/de\/wp-json\/wp\/v2\/product\/85855","targetHints":{"allow":["GET"]}}],"collection":[{"href":"https:\/\/dev.eliassen.nl\/de\/wp-json\/wp\/v2\/product"}],"about":[{"href":"https:\/\/dev.eliassen.nl\/de\/wp-json\/wp\/v2\/types\/product"}],"wp:featuredmedia":[{"embeddable":true,"href":"https:\/\/dev.eliassen.nl\/de\/wp-json\/wp\/v2\/media\/85852"}],"wp:attachment":[{"href":"https:\/\/dev.eliassen.nl\/de\/wp-json\/wp\/v2\/media?parent=85855"}],"wp:term":[{"taxonomy":"product_brand","embeddable":true,"href":"https:\/\/dev.eliassen.nl\/de\/wp-json\/wp\/v2\/product_brand?post=85855"},{"taxonomy":"product_cat","embeddable":true,"href":"https:\/\/dev.eliassen.nl\/de\/wp-json\/wp\/v2\/product_cat?post=85855"},{"taxonomy":"product_tag","embeddable":true,"href":"https:\/\/dev.eliassen.nl\/de\/wp-json\/wp\/v2\/product_tag?post=85855"}],"curies":[{"name":"wp","href":"https:\/\/api.w.org\/{rel}","templated":true}]}}