{"id":86023,"date":"2023-02-27T14:33:22","date_gmt":"2023-02-27T13:33:22","guid":{"rendered":"https:\/\/www.eliassen.nl\/?product=gietijzeren-vaas-met-krullen-78cm"},"modified":"2024-12-05T16:22:24","modified_gmt":"2024-12-05T15:22:24","slug":"vase-aus-gusseisen-mit-locken-78-cm","status":"publish","type":"product","link":"https:\/\/dev.eliassen.nl\/de\/vase-aus-gusseisen-mit-locken-78-cm\/","title":{"rendered":"Vase aus Gusseisen mit Locken 78 cm."},"content":{"rendered":"<p>Suchen Sie eine authentische Gartenvase mit zeitlos klassischem und l\u00e4ndlichem Look, die niemals kaputt geht? Dann ist dieses Modell franz\u00f6sischer Vase mit Blumenrand und gusseisernen Griffen vielleicht etwas f\u00fcr Sie.<\/p>\n<p>Diese Gartenvase aus Gusseisen ist unbehandelt und daher rostig. Gusseisen ist eine Eisenart mit hohem Kohlenstoffgehalt. Gusseisen hat eine hervorragende Gie\u00dfbarkeit und ist unverw\u00fcstlich. Ein Nachteil von Gusseisen ist, dass es zerbrechen kann, also lassen Sie eine Vase aus Gusseisen niemals fallen.<\/p>\n<p>Auf Gusseisen bildet sich eine Rostschicht, dieser Rost ist auch die Schutzschicht des Eisens, damit es nicht weiter rostet. Diese Tatsache sorgt daf\u00fcr, dass gusseiserne Objekte Hunderte von Jahren halten.<\/p>\n<p><strong>Der passende Sockel f\u00fcr diese Vase ist der CL77<\/strong><\/p>\n<ul>\n<li>Gr\u00f6\u00dfe: 58 x 78 cm hoch<\/li>\n<li>Material: Gusseisen<\/li>\n<li>Farbe: Rostbraun<\/li>\n<li>Gewicht ca. 50 kg<\/li>\n<li>Achten Sie auf Roststellen im Garten<\/li>\n<li>Viele dieser Serien k\u00f6nnen live in unserem Shop angesehen werden!<\/li>\n<\/ul>\n","protected":false},"excerpt":{"rendered":"<p>Anmutig geformte Gartenvase mit Blumen<\/p>\n","protected":false},"featured_media":86017,"template":"","meta":{"_acf_changed":false},"product_brand":[],"product_cat":[722,1424],"product_tag":[],"class_list":{"0":"post-86023","1":"product","2":"type-product","3":"status-publish","4":"has-post-thumbnail","6":"product_cat-blumentoepfe-und-pflanzgefaesse","7":"product_cat-gartenvasen-aus-gusseisen","9":"first","10":"instock","11":"taxable","12":"shipping-taxable","13":"purchasable","14":"product-type-simple"},"acf":[],"yoast_head":"<!-- This site is optimized with the Yoast SEO plugin v23.8 - https:\/\/yoast.com\/wordpress\/plugins\/seo\/ -->\n<title>Vase aus Gusseisen mit Locken 78 cm. - Eliassen Heim- und Gartenvergn\u00fcgen<\/title>\n<meta name=\"description\" content=\"Gartenvasen aus Gusseisen? Sehen Sie sie sich alle in unserem Webshop an oder kommen Sie und sehen Sie sich das live an!!\" \/>\n<meta name=\"robots\" content=\"noindex, follow, max-snippet:-1, max-image-preview:large, max-video-preview:-1\" \/>\n<meta property=\"og:locale\" content=\"de_DE\" \/>\n<meta property=\"og:type\" content=\"article\" \/>\n<meta property=\"og:title\" content=\"Vase aus Gusseisen mit Locken 78 cm. - Eliassen Heim- und Gartenvergn\u00fcgen\" \/>\n<meta property=\"og:description\" content=\"Gartenvasen aus Gusseisen? Sehen Sie sie sich alle in unserem Webshop an oder kommen Sie und sehen Sie sich das live an!!\" \/>\n<meta property=\"og:url\" content=\"https:\/\/dev.eliassen.nl\/de\/vase-aus-gusseisen-mit-locken-78-cm\/\" \/>\n<meta property=\"og:site_name\" content=\"Eliassen.nl\" \/>\n<meta property=\"article:publisher\" content=\"https:\/\/www.facebook.com\/TuincentrumEliassenAmmerzoden\" \/>\n<meta property=\"article:modified_time\" content=\"2024-12-05T15:22:24+00:00\" \/>\n<meta property=\"og:image\" content=\"https:\/\/dev.eliassen.nl\/wp-content\/uploads\/2024\/01\/gietijzerenvaasaeliassennl.jpg\" \/>\n\t<meta property=\"og:image:width\" content=\"250\" \/>\n\t<meta property=\"og:image:height\" content=\"354\" \/>\n\t<meta property=\"og:image:type\" content=\"image\/jpeg\" \/>\n<meta name=\"twitter:card\" content=\"summary_large_image\" \/>\n<script type=\"application\/ld+json\" class=\"yoast-schema-graph\">{\"@context\":\"https:\/\/schema.org\",\"@graph\":[{\"@type\":\"WebPage\",\"@id\":\"https:\/\/dev.eliassen.nl\/de\/vase-aus-gusseisen-mit-locken-78-cm\/\",\"url\":\"https:\/\/dev.eliassen.nl\/de\/vase-aus-gusseisen-mit-locken-78-cm\/\",\"name\":\"Vase aus Gusseisen mit Locken 78 cm. - Eliassen Heim- und Gartenvergn\u00fcgen\",\"isPartOf\":{\"@id\":\"https:\/\/dev.eliassen.nl\/de\/#website\"},\"primaryImageOfPage\":{\"@id\":\"https:\/\/dev.eliassen.nl\/de\/vase-aus-gusseisen-mit-locken-78-cm\/#primaryimage\"},\"image\":{\"@id\":\"https:\/\/dev.eliassen.nl\/de\/vase-aus-gusseisen-mit-locken-78-cm\/#primaryimage\"},\"thumbnailUrl\":\"https:\/\/dev.eliassen.nl\/wp-content\/uploads\/2024\/01\/gietijzerenvaasaeliassennl.jpg\",\"datePublished\":\"2023-02-27T13:33:22+00:00\",\"dateModified\":\"2024-12-05T15:22:24+00:00\",\"description\":\"Gartenvasen aus Gusseisen? Sehen Sie sie sich alle in unserem Webshop an oder kommen Sie und sehen Sie sich das live an!!\",\"breadcrumb\":{\"@id\":\"https:\/\/dev.eliassen.nl\/de\/vase-aus-gusseisen-mit-locken-78-cm\/#breadcrumb\"},\"inLanguage\":\"de\",\"potentialAction\":[{\"@type\":\"ReadAction\",\"target\":[\"https:\/\/dev.eliassen.nl\/de\/vase-aus-gusseisen-mit-locken-78-cm\/\"]}]},{\"@type\":\"ImageObject\",\"inLanguage\":\"de\",\"@id\":\"https:\/\/dev.eliassen.nl\/de\/vase-aus-gusseisen-mit-locken-78-cm\/#primaryimage\",\"url\":\"https:\/\/dev.eliassen.nl\/wp-content\/uploads\/2024\/01\/gietijzerenvaasaeliassennl.jpg\",\"contentUrl\":\"https:\/\/dev.eliassen.nl\/wp-content\/uploads\/2024\/01\/gietijzerenvaasaeliassennl.jpg\",\"width\":250,\"height\":354,\"caption\":\"gietijzeren vaas a - eliassen.nl\"},{\"@type\":\"BreadcrumbList\",\"@id\":\"https:\/\/dev.eliassen.nl\/de\/vase-aus-gusseisen-mit-locken-78-cm\/#breadcrumb\",\"itemListElement\":[{\"@type\":\"ListItem\",\"position\":1,\"name\":\"Home\",\"item\":\"https:\/\/dev.eliassen.nl\/de\/\"},{\"@type\":\"ListItem\",\"position\":2,\"name\":\"Shop\",\"item\":\"https:\/\/dev.eliassen.nl\/nl\/winkel\/\"},{\"@type\":\"ListItem\",\"position\":3,\"name\":\"Blument\u00f6pfe und Pflanzgef\u00e4\u00dfe\",\"item\":\"https:\/\/dev.eliassen.nl\/de\/blumentoepfe-und-pflanzgefaesse\/\"},{\"@type\":\"ListItem\",\"position\":4,\"name\":\"Gartenvasen aus Gusseisen\",\"item\":\"https:\/\/dev.eliassen.nl\/de\/blumentoepfe-und-pflanzgefaesse\/gartenvasen-aus-gusseisen\/\"},{\"@type\":\"ListItem\",\"position\":5,\"name\":\"Vase aus Gusseisen mit Locken 78 cm.\"}]},{\"@type\":\"WebSite\",\"@id\":\"https:\/\/dev.eliassen.nl\/de\/#website\",\"url\":\"https:\/\/dev.eliassen.nl\/de\/\",\"name\":\"Eliassen Home & Garden Pleasure\",\"description\":\"\",\"publisher\":{\"@id\":\"https:\/\/dev.eliassen.nl\/de\/#organization\"},\"alternateName\":\"Eliassen.nl\",\"potentialAction\":[{\"@type\":\"SearchAction\",\"target\":{\"@type\":\"EntryPoint\",\"urlTemplate\":\"https:\/\/dev.eliassen.nl\/de\/?s={search_term_string}\"},\"query-input\":{\"@type\":\"PropertyValueSpecification\",\"valueRequired\":true,\"valueName\":\"search_term_string\"}}],\"inLanguage\":\"de\"},{\"@type\":\"Organization\",\"@id\":\"https:\/\/dev.eliassen.nl\/de\/#organization\",\"name\":\"Eliassen Home & Garden Pleasure\",\"url\":\"https:\/\/dev.eliassen.nl\/de\/\",\"logo\":{\"@type\":\"ImageObject\",\"inLanguage\":\"de\",\"@id\":\"https:\/\/dev.eliassen.nl\/de\/#\/schema\/logo\/image\/\",\"url\":\"https:\/\/www.eliassen.nl\/wp-content\/uploads\/2024\/01\/logo_4nd.jpg\",\"contentUrl\":\"https:\/\/www.eliassen.nl\/wp-content\/uploads\/2024\/01\/logo_4nd.jpg\",\"width\":500,\"height\":500,\"caption\":\"Eliassen Home & Garden Pleasure\"},\"image\":{\"@id\":\"https:\/\/dev.eliassen.nl\/de\/#\/schema\/logo\/image\/\"},\"sameAs\":[\"https:\/\/www.facebook.com\/TuincentrumEliassenAmmerzoden\",\"https:\/\/www.instagram.com\/eliassenhomeandgarden\/\",\"https:\/\/nl.pinterest.com\/eliassenhomeandgarden\/\",\"https:\/\/www.youtube.com\/@eliassenhomegardenpleasure4558\"]}]}<\/script>\n<!-- \/ Yoast SEO plugin. -->","yoast_head_json":{"title":"Vase aus Gusseisen mit Locken 78 cm. - Eliassen Heim- und Gartenvergn\u00fcgen","description":"Gartenvasen aus Gusseisen? Sehen Sie sie sich alle in unserem Webshop an oder kommen Sie und sehen Sie sich das live an!!","robots":{"index":"noindex","follow":"follow","max-snippet":"max-snippet:-1","max-image-preview":"max-image-preview:large","max-video-preview":"max-video-preview:-1"},"og_locale":"de_DE","og_type":"article","og_title":"Vase aus Gusseisen mit Locken 78 cm. - Eliassen Heim- und Gartenvergn\u00fcgen","og_description":"Gartenvasen aus Gusseisen? Sehen Sie sie sich alle in unserem Webshop an oder kommen Sie und sehen Sie sich das live an!!","og_url":"https:\/\/dev.eliassen.nl\/de\/vase-aus-gusseisen-mit-locken-78-cm\/","og_site_name":"Eliassen.nl","article_publisher":"https:\/\/www.facebook.com\/TuincentrumEliassenAmmerzoden","article_modified_time":"2024-12-05T15:22:24+00:00","og_image":[{"width":250,"height":354,"url":"https:\/\/dev.eliassen.nl\/wp-content\/uploads\/2024\/01\/gietijzerenvaasaeliassennl.jpg","type":"image\/jpeg"}],"twitter_card":"summary_large_image","schema":{"@context":"https:\/\/schema.org","@graph":[{"@type":"WebPage","@id":"https:\/\/dev.eliassen.nl\/de\/vase-aus-gusseisen-mit-locken-78-cm\/","url":"https:\/\/dev.eliassen.nl\/de\/vase-aus-gusseisen-mit-locken-78-cm\/","name":"Vase aus Gusseisen mit Locken 78 cm. - Eliassen Heim- und Gartenvergn\u00fcgen","isPartOf":{"@id":"https:\/\/dev.eliassen.nl\/de\/#website"},"primaryImageOfPage":{"@id":"https:\/\/dev.eliassen.nl\/de\/vase-aus-gusseisen-mit-locken-78-cm\/#primaryimage"},"image":{"@id":"https:\/\/dev.eliassen.nl\/de\/vase-aus-gusseisen-mit-locken-78-cm\/#primaryimage"},"thumbnailUrl":"https:\/\/dev.eliassen.nl\/wp-content\/uploads\/2024\/01\/gietijzerenvaasaeliassennl.jpg","datePublished":"2023-02-27T13:33:22+00:00","dateModified":"2024-12-05T15:22:24+00:00","description":"Gartenvasen aus Gusseisen? Sehen Sie sie sich alle in unserem Webshop an oder kommen Sie und sehen Sie sich das live an!!","breadcrumb":{"@id":"https:\/\/dev.eliassen.nl\/de\/vase-aus-gusseisen-mit-locken-78-cm\/#breadcrumb"},"inLanguage":"de","potentialAction":[{"@type":"ReadAction","target":["https:\/\/dev.eliassen.nl\/de\/vase-aus-gusseisen-mit-locken-78-cm\/"]}]},{"@type":"ImageObject","inLanguage":"de","@id":"https:\/\/dev.eliassen.nl\/de\/vase-aus-gusseisen-mit-locken-78-cm\/#primaryimage","url":"https:\/\/dev.eliassen.nl\/wp-content\/uploads\/2024\/01\/gietijzerenvaasaeliassennl.jpg","contentUrl":"https:\/\/dev.eliassen.nl\/wp-content\/uploads\/2024\/01\/gietijzerenvaasaeliassennl.jpg","width":250,"height":354,"caption":"gietijzeren vaas a - eliassen.nl"},{"@type":"BreadcrumbList","@id":"https:\/\/dev.eliassen.nl\/de\/vase-aus-gusseisen-mit-locken-78-cm\/#breadcrumb","itemListElement":[{"@type":"ListItem","position":1,"name":"Home","item":"https:\/\/dev.eliassen.nl\/de\/"},{"@type":"ListItem","position":2,"name":"Shop","item":"https:\/\/dev.eliassen.nl\/nl\/winkel\/"},{"@type":"ListItem","position":3,"name":"Blument\u00f6pfe und Pflanzgef\u00e4\u00dfe","item":"https:\/\/dev.eliassen.nl\/de\/blumentoepfe-und-pflanzgefaesse\/"},{"@type":"ListItem","position":4,"name":"Gartenvasen aus Gusseisen","item":"https:\/\/dev.eliassen.nl\/de\/blumentoepfe-und-pflanzgefaesse\/gartenvasen-aus-gusseisen\/"},{"@type":"ListItem","position":5,"name":"Vase aus Gusseisen mit Locken 78 cm."}]},{"@type":"WebSite","@id":"https:\/\/dev.eliassen.nl\/de\/#website","url":"https:\/\/dev.eliassen.nl\/de\/","name":"Eliassen Home & Garden Pleasure","description":"","publisher":{"@id":"https:\/\/dev.eliassen.nl\/de\/#organization"},"alternateName":"Eliassen.nl","potentialAction":[{"@type":"SearchAction","target":{"@type":"EntryPoint","urlTemplate":"https:\/\/dev.eliassen.nl\/de\/?s={search_term_string}"},"query-input":{"@type":"PropertyValueSpecification","valueRequired":true,"valueName":"search_term_string"}}],"inLanguage":"de"},{"@type":"Organization","@id":"https:\/\/dev.eliassen.nl\/de\/#organization","name":"Eliassen Home & Garden Pleasure","url":"https:\/\/dev.eliassen.nl\/de\/","logo":{"@type":"ImageObject","inLanguage":"de","@id":"https:\/\/dev.eliassen.nl\/de\/#\/schema\/logo\/image\/","url":"https:\/\/www.eliassen.nl\/wp-content\/uploads\/2024\/01\/logo_4nd.jpg","contentUrl":"https:\/\/www.eliassen.nl\/wp-content\/uploads\/2024\/01\/logo_4nd.jpg","width":500,"height":500,"caption":"Eliassen Home & Garden Pleasure"},"image":{"@id":"https:\/\/dev.eliassen.nl\/de\/#\/schema\/logo\/image\/"},"sameAs":["https:\/\/www.facebook.com\/TuincentrumEliassenAmmerzoden","https:\/\/www.instagram.com\/eliassenhomeandgarden\/","https:\/\/nl.pinterest.com\/eliassenhomeandgarden\/","https:\/\/www.youtube.com\/@eliassenhomegardenpleasure4558"]}]}},"df_price":389,"df_sale_price":"","df_regular_price":389,"df_image_link":"https:\/\/dev.eliassen.nl\/wp-content\/uploads\/2024\/01\/gietijzerenvaasaeliassennl.jpg","image":"https:\/\/dev.eliassen.nl\/wp-content\/uploads\/2024\/01\/gietijzerenvaasaeliassennl.jpg","price_search":"<span class=\"woocommerce-Price-amount amount\"><bdi><span class=\"woocommerce-Price-currencySymbol\">&euro;<\/span>&nbsp;389,00<\/bdi><\/span>","category":"Blument\u00f6pfe und Pflanzgef\u00e4\u00dfe","_links":{"self":[{"href":"https:\/\/dev.eliassen.nl\/de\/wp-json\/wp\/v2\/product\/86023","targetHints":{"allow":["GET"]}}],"collection":[{"href":"https:\/\/dev.eliassen.nl\/de\/wp-json\/wp\/v2\/product"}],"about":[{"href":"https:\/\/dev.eliassen.nl\/de\/wp-json\/wp\/v2\/types\/product"}],"wp:featuredmedia":[{"embeddable":true,"href":"https:\/\/dev.eliassen.nl\/de\/wp-json\/wp\/v2\/media\/86017"}],"wp:attachment":[{"href":"https:\/\/dev.eliassen.nl\/de\/wp-json\/wp\/v2\/media?parent=86023"}],"wp:term":[{"taxonomy":"product_brand","embeddable":true,"href":"https:\/\/dev.eliassen.nl\/de\/wp-json\/wp\/v2\/product_brand?post=86023"},{"taxonomy":"product_cat","embeddable":true,"href":"https:\/\/dev.eliassen.nl\/de\/wp-json\/wp\/v2\/product_cat?post=86023"},{"taxonomy":"product_tag","embeddable":true,"href":"https:\/\/dev.eliassen.nl\/de\/wp-json\/wp\/v2\/product_tag?post=86023"}],"curies":[{"name":"wp","href":"https:\/\/api.w.org\/{rel}","templated":true}]}}