{"id":86038,"date":"2023-02-27T14:36:40","date_gmt":"2023-02-27T13:36:40","guid":{"rendered":"https:\/\/www.eliassen.nl\/?product=gietijzeren-vaas-breed-en-hoog-62cm"},"modified":"2024-12-05T16:22:26","modified_gmt":"2024-12-05T15:22:26","slug":"gusseisenvase-breit-und-hoch-62-cm","status":"publish","type":"product","link":"https:\/\/dev.eliassen.nl\/de\/gusseisenvase-breit-und-hoch-62-cm\/","title":{"rendered":"Gusseisenvase breit und hoch 62 cm"},"content":{"rendered":"<p>Suchen Sie eine authentische Gartenvase mit einem zeitlosen, klassischen und l\u00e4ndlichen Look, die niemals kaputt geht? Dann k\u00f6nnte dieses franz\u00f6sische Vasenmodell aus Gusseisen etwas f\u00fcr Sie sein.<\/p>\n<p>Dieser Gartentopf aus Gusseisen ist unbehandelt und daher rostig. Gusseisen ist eine Eisenart mit einem hohen Kohlenstoffgehalt. Gusseisen ist hervorragend gie\u00dfbar und unzerst\u00f6rbar. Eine nachteilige Eigenschaft von Gusseisen besteht darin, dass es brechen kann. Lassen Sie eine Vase aus Gusseisen daher niemals fallen.<\/p>\n<p>Auf Gusseisen bildet sich eine Rostschicht, dieser Rost ist gleichzeitig die Schutzschicht des Eisens, sodass es nicht weiter rostet. Diese Tatsache sorgt daf\u00fcr, dass Gusseisengegenst\u00e4nde Hunderte von Jahren halten.<\/p>\n<ul>\n<li>Gr\u00f6\u00dfe: 48 cm Durchmesser x 62 cm H\u00f6he.<\/li>\n<li>Material: Gusseisen<\/li>\n<li>Farbe: Rostbraun<\/li>\n<li>Gewicht ca. 50kg<\/li>\n<li>Achten Sie auf Roststellen im Garten<\/li>\n<li>Ein Gro\u00dfteil dieser Serie kann live in unserem Laden angeschaut werden!<\/li>\n<\/ul>\n","protected":false},"excerpt":{"rendered":"<p>Wundersch\u00f6ne hohe Modellvase aus Gusseisen, 62 cm hoch.<\/p>\n","protected":false},"featured_media":86032,"template":"","meta":{"_acf_changed":false},"product_brand":[],"product_cat":[722,1424],"product_tag":[],"class_list":{"0":"post-86038","1":"product","2":"type-product","3":"status-publish","4":"has-post-thumbnail","6":"product_cat-blumentoepfe-und-pflanzgefaesse","7":"product_cat-gartenvasen-aus-gusseisen","9":"first","10":"outofstock","11":"taxable","12":"shipping-taxable","13":"purchasable","14":"product-type-simple"},"acf":[],"yoast_head":"<!-- This site is optimized with the Yoast SEO plugin v23.8 - https:\/\/yoast.com\/wordpress\/plugins\/seo\/ -->\n<title>Vase aus Gusseisen, breit und hoch, 62 cm \u2013 Eliassen Home &amp; Gardenpleasure<\/title>\n<meta name=\"description\" content=\"Suchen Sie eine hohe Vase aus Gusseisen? Vielleicht finden Sie in diesem wundersch\u00f6nen klassischen Modell genau das, was Sie suchen!\" \/>\n<meta name=\"robots\" content=\"noindex, follow, max-snippet:-1, max-image-preview:large, max-video-preview:-1\" \/>\n<meta property=\"og:locale\" content=\"de_DE\" \/>\n<meta property=\"og:type\" content=\"article\" \/>\n<meta property=\"og:title\" content=\"Vase aus Gusseisen, breit und hoch, 62 cm \u2013 Eliassen Home &amp; Gardenpleasure\" \/>\n<meta property=\"og:description\" content=\"Suchen Sie eine hohe Vase aus Gusseisen? Vielleicht finden Sie in diesem wundersch\u00f6nen klassischen Modell genau das, was Sie suchen!\" \/>\n<meta property=\"og:url\" content=\"https:\/\/dev.eliassen.nl\/de\/gusseisenvase-breit-und-hoch-62-cm\/\" \/>\n<meta property=\"og:site_name\" content=\"Eliassen.nl\" \/>\n<meta property=\"article:publisher\" content=\"https:\/\/www.facebook.com\/TuincentrumEliassenAmmerzoden\" \/>\n<meta property=\"article:modified_time\" content=\"2024-12-05T15:22:26+00:00\" \/>\n<meta property=\"og:image\" content=\"https:\/\/dev.eliassen.nl\/wp-content\/uploads\/2024\/01\/gietijzervaasci532eliassen.jpg\" \/>\n\t<meta property=\"og:image:width\" content=\"450\" \/>\n\t<meta property=\"og:image:height\" content=\"600\" \/>\n\t<meta property=\"og:image:type\" content=\"image\/jpeg\" \/>\n<meta name=\"twitter:card\" content=\"summary_large_image\" \/>\n<script type=\"application\/ld+json\" class=\"yoast-schema-graph\">{\"@context\":\"https:\/\/schema.org\",\"@graph\":[{\"@type\":\"WebPage\",\"@id\":\"https:\/\/dev.eliassen.nl\/de\/gusseisenvase-breit-und-hoch-62-cm\/\",\"url\":\"https:\/\/dev.eliassen.nl\/de\/gusseisenvase-breit-und-hoch-62-cm\/\",\"name\":\"Vase aus Gusseisen, breit und hoch, 62 cm \u2013 Eliassen Home & Gardenpleasure\",\"isPartOf\":{\"@id\":\"https:\/\/dev.eliassen.nl\/de\/#website\"},\"primaryImageOfPage\":{\"@id\":\"https:\/\/dev.eliassen.nl\/de\/gusseisenvase-breit-und-hoch-62-cm\/#primaryimage\"},\"image\":{\"@id\":\"https:\/\/dev.eliassen.nl\/de\/gusseisenvase-breit-und-hoch-62-cm\/#primaryimage\"},\"thumbnailUrl\":\"https:\/\/dev.eliassen.nl\/wp-content\/uploads\/2024\/01\/gietijzervaasci532eliassen.jpg\",\"datePublished\":\"2023-02-27T13:36:40+00:00\",\"dateModified\":\"2024-12-05T15:22:26+00:00\",\"description\":\"Suchen Sie eine hohe Vase aus Gusseisen? Vielleicht finden Sie in diesem wundersch\u00f6nen klassischen Modell genau das, was Sie suchen!\",\"breadcrumb\":{\"@id\":\"https:\/\/dev.eliassen.nl\/de\/gusseisenvase-breit-und-hoch-62-cm\/#breadcrumb\"},\"inLanguage\":\"de\",\"potentialAction\":[{\"@type\":\"ReadAction\",\"target\":[\"https:\/\/dev.eliassen.nl\/de\/gusseisenvase-breit-und-hoch-62-cm\/\"]}]},{\"@type\":\"ImageObject\",\"inLanguage\":\"de\",\"@id\":\"https:\/\/dev.eliassen.nl\/de\/gusseisenvase-breit-und-hoch-62-cm\/#primaryimage\",\"url\":\"https:\/\/dev.eliassen.nl\/wp-content\/uploads\/2024\/01\/gietijzervaasci532eliassen.jpg\",\"contentUrl\":\"https:\/\/dev.eliassen.nl\/wp-content\/uploads\/2024\/01\/gietijzervaasci532eliassen.jpg\",\"width\":450,\"height\":600,\"caption\":\"Gietijzer vaas CI-532 eliassen\"},{\"@type\":\"BreadcrumbList\",\"@id\":\"https:\/\/dev.eliassen.nl\/de\/gusseisenvase-breit-und-hoch-62-cm\/#breadcrumb\",\"itemListElement\":[{\"@type\":\"ListItem\",\"position\":1,\"name\":\"Home\",\"item\":\"https:\/\/dev.eliassen.nl\/de\/\"},{\"@type\":\"ListItem\",\"position\":2,\"name\":\"Shop\",\"item\":\"https:\/\/dev.eliassen.nl\/nl\/winkel\/\"},{\"@type\":\"ListItem\",\"position\":3,\"name\":\"Blument\u00f6pfe und Pflanzgef\u00e4\u00dfe\",\"item\":\"https:\/\/dev.eliassen.nl\/de\/blumentoepfe-und-pflanzgefaesse\/\"},{\"@type\":\"ListItem\",\"position\":4,\"name\":\"Gartenvasen aus Gusseisen\",\"item\":\"https:\/\/dev.eliassen.nl\/de\/blumentoepfe-und-pflanzgefaesse\/gartenvasen-aus-gusseisen\/\"},{\"@type\":\"ListItem\",\"position\":5,\"name\":\"Gusseisenvase breit und hoch 62 cm\"}]},{\"@type\":\"WebSite\",\"@id\":\"https:\/\/dev.eliassen.nl\/de\/#website\",\"url\":\"https:\/\/dev.eliassen.nl\/de\/\",\"name\":\"Eliassen Home & Garden Pleasure\",\"description\":\"\",\"publisher\":{\"@id\":\"https:\/\/dev.eliassen.nl\/de\/#organization\"},\"alternateName\":\"Eliassen.nl\",\"potentialAction\":[{\"@type\":\"SearchAction\",\"target\":{\"@type\":\"EntryPoint\",\"urlTemplate\":\"https:\/\/dev.eliassen.nl\/de\/?s={search_term_string}\"},\"query-input\":{\"@type\":\"PropertyValueSpecification\",\"valueRequired\":true,\"valueName\":\"search_term_string\"}}],\"inLanguage\":\"de\"},{\"@type\":\"Organization\",\"@id\":\"https:\/\/dev.eliassen.nl\/de\/#organization\",\"name\":\"Eliassen Home & Garden Pleasure\",\"url\":\"https:\/\/dev.eliassen.nl\/de\/\",\"logo\":{\"@type\":\"ImageObject\",\"inLanguage\":\"de\",\"@id\":\"https:\/\/dev.eliassen.nl\/de\/#\/schema\/logo\/image\/\",\"url\":\"https:\/\/www.eliassen.nl\/wp-content\/uploads\/2024\/01\/logo_4nd.jpg\",\"contentUrl\":\"https:\/\/www.eliassen.nl\/wp-content\/uploads\/2024\/01\/logo_4nd.jpg\",\"width\":500,\"height\":500,\"caption\":\"Eliassen Home & Garden Pleasure\"},\"image\":{\"@id\":\"https:\/\/dev.eliassen.nl\/de\/#\/schema\/logo\/image\/\"},\"sameAs\":[\"https:\/\/www.facebook.com\/TuincentrumEliassenAmmerzoden\",\"https:\/\/www.instagram.com\/eliassenhomeandgarden\/\",\"https:\/\/nl.pinterest.com\/eliassenhomeandgarden\/\",\"https:\/\/www.youtube.com\/@eliassenhomegardenpleasure4558\"]}]}<\/script>\n<!-- \/ Yoast SEO plugin. -->","yoast_head_json":{"title":"Vase aus Gusseisen, breit und hoch, 62 cm \u2013 Eliassen Home & Gardenpleasure","description":"Suchen Sie eine hohe Vase aus Gusseisen? Vielleicht finden Sie in diesem wundersch\u00f6nen klassischen Modell genau das, was Sie suchen!","robots":{"index":"noindex","follow":"follow","max-snippet":"max-snippet:-1","max-image-preview":"max-image-preview:large","max-video-preview":"max-video-preview:-1"},"og_locale":"de_DE","og_type":"article","og_title":"Vase aus Gusseisen, breit und hoch, 62 cm \u2013 Eliassen Home & Gardenpleasure","og_description":"Suchen Sie eine hohe Vase aus Gusseisen? Vielleicht finden Sie in diesem wundersch\u00f6nen klassischen Modell genau das, was Sie suchen!","og_url":"https:\/\/dev.eliassen.nl\/de\/gusseisenvase-breit-und-hoch-62-cm\/","og_site_name":"Eliassen.nl","article_publisher":"https:\/\/www.facebook.com\/TuincentrumEliassenAmmerzoden","article_modified_time":"2024-12-05T15:22:26+00:00","og_image":[{"width":450,"height":600,"url":"https:\/\/dev.eliassen.nl\/wp-content\/uploads\/2024\/01\/gietijzervaasci532eliassen.jpg","type":"image\/jpeg"}],"twitter_card":"summary_large_image","schema":{"@context":"https:\/\/schema.org","@graph":[{"@type":"WebPage","@id":"https:\/\/dev.eliassen.nl\/de\/gusseisenvase-breit-und-hoch-62-cm\/","url":"https:\/\/dev.eliassen.nl\/de\/gusseisenvase-breit-und-hoch-62-cm\/","name":"Vase aus Gusseisen, breit und hoch, 62 cm \u2013 Eliassen Home & Gardenpleasure","isPartOf":{"@id":"https:\/\/dev.eliassen.nl\/de\/#website"},"primaryImageOfPage":{"@id":"https:\/\/dev.eliassen.nl\/de\/gusseisenvase-breit-und-hoch-62-cm\/#primaryimage"},"image":{"@id":"https:\/\/dev.eliassen.nl\/de\/gusseisenvase-breit-und-hoch-62-cm\/#primaryimage"},"thumbnailUrl":"https:\/\/dev.eliassen.nl\/wp-content\/uploads\/2024\/01\/gietijzervaasci532eliassen.jpg","datePublished":"2023-02-27T13:36:40+00:00","dateModified":"2024-12-05T15:22:26+00:00","description":"Suchen Sie eine hohe Vase aus Gusseisen? Vielleicht finden Sie in diesem wundersch\u00f6nen klassischen Modell genau das, was Sie suchen!","breadcrumb":{"@id":"https:\/\/dev.eliassen.nl\/de\/gusseisenvase-breit-und-hoch-62-cm\/#breadcrumb"},"inLanguage":"de","potentialAction":[{"@type":"ReadAction","target":["https:\/\/dev.eliassen.nl\/de\/gusseisenvase-breit-und-hoch-62-cm\/"]}]},{"@type":"ImageObject","inLanguage":"de","@id":"https:\/\/dev.eliassen.nl\/de\/gusseisenvase-breit-und-hoch-62-cm\/#primaryimage","url":"https:\/\/dev.eliassen.nl\/wp-content\/uploads\/2024\/01\/gietijzervaasci532eliassen.jpg","contentUrl":"https:\/\/dev.eliassen.nl\/wp-content\/uploads\/2024\/01\/gietijzervaasci532eliassen.jpg","width":450,"height":600,"caption":"Gietijzer vaas CI-532 eliassen"},{"@type":"BreadcrumbList","@id":"https:\/\/dev.eliassen.nl\/de\/gusseisenvase-breit-und-hoch-62-cm\/#breadcrumb","itemListElement":[{"@type":"ListItem","position":1,"name":"Home","item":"https:\/\/dev.eliassen.nl\/de\/"},{"@type":"ListItem","position":2,"name":"Shop","item":"https:\/\/dev.eliassen.nl\/nl\/winkel\/"},{"@type":"ListItem","position":3,"name":"Blument\u00f6pfe und Pflanzgef\u00e4\u00dfe","item":"https:\/\/dev.eliassen.nl\/de\/blumentoepfe-und-pflanzgefaesse\/"},{"@type":"ListItem","position":4,"name":"Gartenvasen aus Gusseisen","item":"https:\/\/dev.eliassen.nl\/de\/blumentoepfe-und-pflanzgefaesse\/gartenvasen-aus-gusseisen\/"},{"@type":"ListItem","position":5,"name":"Gusseisenvase breit und hoch 62 cm"}]},{"@type":"WebSite","@id":"https:\/\/dev.eliassen.nl\/de\/#website","url":"https:\/\/dev.eliassen.nl\/de\/","name":"Eliassen Home & Garden Pleasure","description":"","publisher":{"@id":"https:\/\/dev.eliassen.nl\/de\/#organization"},"alternateName":"Eliassen.nl","potentialAction":[{"@type":"SearchAction","target":{"@type":"EntryPoint","urlTemplate":"https:\/\/dev.eliassen.nl\/de\/?s={search_term_string}"},"query-input":{"@type":"PropertyValueSpecification","valueRequired":true,"valueName":"search_term_string"}}],"inLanguage":"de"},{"@type":"Organization","@id":"https:\/\/dev.eliassen.nl\/de\/#organization","name":"Eliassen Home & Garden Pleasure","url":"https:\/\/dev.eliassen.nl\/de\/","logo":{"@type":"ImageObject","inLanguage":"de","@id":"https:\/\/dev.eliassen.nl\/de\/#\/schema\/logo\/image\/","url":"https:\/\/www.eliassen.nl\/wp-content\/uploads\/2024\/01\/logo_4nd.jpg","contentUrl":"https:\/\/www.eliassen.nl\/wp-content\/uploads\/2024\/01\/logo_4nd.jpg","width":500,"height":500,"caption":"Eliassen Home & Garden Pleasure"},"image":{"@id":"https:\/\/dev.eliassen.nl\/de\/#\/schema\/logo\/image\/"},"sameAs":["https:\/\/www.facebook.com\/TuincentrumEliassenAmmerzoden","https:\/\/www.instagram.com\/eliassenhomeandgarden\/","https:\/\/nl.pinterest.com\/eliassenhomeandgarden\/","https:\/\/www.youtube.com\/@eliassenhomegardenpleasure4558"]}]}},"df_price":145,"df_sale_price":"","df_regular_price":145,"df_image_link":"https:\/\/dev.eliassen.nl\/wp-content\/uploads\/2024\/01\/gietijzervaasci532eliassen.jpg","image":"https:\/\/dev.eliassen.nl\/wp-content\/uploads\/2024\/01\/gietijzervaasci532eliassen.jpg","price_search":"<span class=\"woocommerce-Price-amount amount\"><bdi><span class=\"woocommerce-Price-currencySymbol\">&euro;<\/span>&nbsp;145,00<\/bdi><\/span>","category":"Blument\u00f6pfe und Pflanzgef\u00e4\u00dfe","_links":{"self":[{"href":"https:\/\/dev.eliassen.nl\/de\/wp-json\/wp\/v2\/product\/86038","targetHints":{"allow":["GET"]}}],"collection":[{"href":"https:\/\/dev.eliassen.nl\/de\/wp-json\/wp\/v2\/product"}],"about":[{"href":"https:\/\/dev.eliassen.nl\/de\/wp-json\/wp\/v2\/types\/product"}],"wp:featuredmedia":[{"embeddable":true,"href":"https:\/\/dev.eliassen.nl\/de\/wp-json\/wp\/v2\/media\/86032"}],"wp:attachment":[{"href":"https:\/\/dev.eliassen.nl\/de\/wp-json\/wp\/v2\/media?parent=86038"}],"wp:term":[{"taxonomy":"product_brand","embeddable":true,"href":"https:\/\/dev.eliassen.nl\/de\/wp-json\/wp\/v2\/product_brand?post=86038"},{"taxonomy":"product_cat","embeddable":true,"href":"https:\/\/dev.eliassen.nl\/de\/wp-json\/wp\/v2\/product_cat?post=86038"},{"taxonomy":"product_tag","embeddable":true,"href":"https:\/\/dev.eliassen.nl\/de\/wp-json\/wp\/v2\/product_tag?post=86038"}],"curies":[{"name":"wp","href":"https:\/\/api.w.org\/{rel}","templated":true}]}}