{"id":86059,"date":"2023-02-27T14:44:29","date_gmt":"2023-02-27T13:44:29","guid":{"rendered":"https:\/\/www.eliassen.nl\/?product=gietijzeren-sokkel-hoog-62cm"},"modified":"2024-12-05T16:22:31","modified_gmt":"2024-12-05T15:22:31","slug":"sockel-aus-gusseisen-hohe-62-cm-cl077","status":"publish","type":"product","link":"https:\/\/dev.eliassen.nl\/de\/sockel-aus-gusseisen-hohe-62-cm-cl077\/","title":{"rendered":"Sockel aus Gusseisen, H\u00f6he 62 cm. CL077"},"content":{"rendered":"<p>Suchen Sie einen authentischen Sockel, der perfekt unter Ihre gusseiserne Gartenvase passt, mit einem zeitlos klassischen und l\u00e4ndlichen Look, der niemals brechen wird? Dann ist dieses Modell einer Gusss\u00e4ule aus Gusseisen vielleicht etwas f\u00fcr Sie.<\/p>\n<p>Dieses Sockelmodell aus Gusseisen ist unbehandelt und daher rostig. Gusseisen ist eine Eisenart mit hohem Kohlenstoffgehalt. Gusseisen hat eine hervorragende Gie\u00dfbarkeit und ist unverw\u00fcstlich. Ein Nachteil von Gusseisen ist, dass es brechen kann, also lassen Sie niemals einen Sockel aus Gusseisen fallen.<\/p>\n<p>Auf Gusseisen bildet sich eine Rostschicht, dieser Rost ist auch die Schutzschicht des Eisens, damit es nicht weiter rostet. Diese Tatsache sorgt daf\u00fcr, dass gusseiserne Objekte Hunderte von Jahren halten.<\/p>\n<ul>\n<li>Gr\u00f6\u00dfe: 44 x 44 x 62 cm hoch<\/li>\n<li>Material: Gusseisen<\/li>\n<li>Farbe: Rostbraun<\/li>\n<li>Gewicht ca. 60 kg<\/li>\n<li>Achten Sie auf Roststellen im Garten<\/li>\n<li>Viele dieser Serien k\u00f6nnen live in unserem Shop angesehen werden!<\/li>\n<\/ul>\n<p>\u00a0<\/p>\n","protected":false},"excerpt":{"rendered":"<p>gro\u00dfe schwere Basis aus Gusseisen<\/p>\n","protected":false},"featured_media":86053,"template":"","meta":{"_acf_changed":false},"product_brand":[],"product_cat":[722,1424],"product_tag":[],"class_list":{"0":"post-86059","1":"product","2":"type-product","3":"status-publish","4":"has-post-thumbnail","6":"product_cat-blumentoepfe-und-pflanzgefaesse","7":"product_cat-gartenvasen-aus-gusseisen","9":"first","10":"instock","11":"taxable","12":"shipping-taxable","13":"purchasable","14":"product-type-simple"},"acf":[],"yoast_head":"<!-- This site is optimized with the Yoast SEO plugin v23.8 - https:\/\/yoast.com\/wordpress\/plugins\/seo\/ -->\n<title>Sockel aus Gusseisen, H\u00f6he 62 cm. - Eliassen Heim- und Gartenvergn\u00fcgen<\/title>\n<meta name=\"description\" content=\"Sockel f\u00fcr Ihre gusseisernen Gartenvasen? Sehen Sie sie sich alle in unserem Webshop an oder kommen Sie und sehen Sie sich das live an!!\" \/>\n<meta name=\"robots\" content=\"noindex, follow, max-snippet:-1, max-image-preview:large, max-video-preview:-1\" \/>\n<meta property=\"og:locale\" content=\"de_DE\" \/>\n<meta property=\"og:type\" content=\"article\" \/>\n<meta property=\"og:title\" content=\"Sockel aus Gusseisen, H\u00f6he 62 cm. - Eliassen Heim- und Gartenvergn\u00fcgen\" \/>\n<meta property=\"og:description\" content=\"Sockel f\u00fcr Ihre gusseisernen Gartenvasen? Sehen Sie sie sich alle in unserem Webshop an oder kommen Sie und sehen Sie sich das live an!!\" \/>\n<meta property=\"og:url\" content=\"https:\/\/dev.eliassen.nl\/de\/sockel-aus-gusseisen-hohe-62-cm-cl077\/\" \/>\n<meta property=\"og:site_name\" content=\"Eliassen.nl\" \/>\n<meta property=\"article:publisher\" content=\"https:\/\/www.facebook.com\/TuincentrumEliassenAmmerzoden\" \/>\n<meta property=\"article:modified_time\" content=\"2024-12-05T15:22:31+00:00\" \/>\n<meta property=\"og:image\" content=\"https:\/\/dev.eliassen.nl\/wp-content\/uploads\/2024\/01\/gietijzerensokkelbeliassennl.jpg\" \/>\n\t<meta property=\"og:image:width\" content=\"217\" \/>\n\t<meta property=\"og:image:height\" content=\"285\" \/>\n\t<meta property=\"og:image:type\" content=\"image\/jpeg\" \/>\n<meta name=\"twitter:card\" content=\"summary_large_image\" \/>\n<script type=\"application\/ld+json\" class=\"yoast-schema-graph\">{\"@context\":\"https:\/\/schema.org\",\"@graph\":[{\"@type\":\"WebPage\",\"@id\":\"https:\/\/dev.eliassen.nl\/de\/sockel-aus-gusseisen-hohe-62-cm-cl077\/\",\"url\":\"https:\/\/dev.eliassen.nl\/de\/sockel-aus-gusseisen-hohe-62-cm-cl077\/\",\"name\":\"Sockel aus Gusseisen, H\u00f6he 62 cm. - Eliassen Heim- und Gartenvergn\u00fcgen\",\"isPartOf\":{\"@id\":\"https:\/\/dev.eliassen.nl\/de\/#website\"},\"primaryImageOfPage\":{\"@id\":\"https:\/\/dev.eliassen.nl\/de\/sockel-aus-gusseisen-hohe-62-cm-cl077\/#primaryimage\"},\"image\":{\"@id\":\"https:\/\/dev.eliassen.nl\/de\/sockel-aus-gusseisen-hohe-62-cm-cl077\/#primaryimage\"},\"thumbnailUrl\":\"https:\/\/dev.eliassen.nl\/wp-content\/uploads\/2024\/01\/gietijzerensokkelbeliassennl.jpg\",\"datePublished\":\"2023-02-27T13:44:29+00:00\",\"dateModified\":\"2024-12-05T15:22:31+00:00\",\"description\":\"Sockel f\u00fcr Ihre gusseisernen Gartenvasen? Sehen Sie sie sich alle in unserem Webshop an oder kommen Sie und sehen Sie sich das live an!!\",\"breadcrumb\":{\"@id\":\"https:\/\/dev.eliassen.nl\/de\/sockel-aus-gusseisen-hohe-62-cm-cl077\/#breadcrumb\"},\"inLanguage\":\"de\",\"potentialAction\":[{\"@type\":\"ReadAction\",\"target\":[\"https:\/\/dev.eliassen.nl\/de\/sockel-aus-gusseisen-hohe-62-cm-cl077\/\"]}]},{\"@type\":\"ImageObject\",\"inLanguage\":\"de\",\"@id\":\"https:\/\/dev.eliassen.nl\/de\/sockel-aus-gusseisen-hohe-62-cm-cl077\/#primaryimage\",\"url\":\"https:\/\/dev.eliassen.nl\/wp-content\/uploads\/2024\/01\/gietijzerensokkelbeliassennl.jpg\",\"contentUrl\":\"https:\/\/dev.eliassen.nl\/wp-content\/uploads\/2024\/01\/gietijzerensokkelbeliassennl.jpg\",\"width\":217,\"height\":285,\"caption\":\"gietijzeren sokkel b - eliassen.nl\"},{\"@type\":\"BreadcrumbList\",\"@id\":\"https:\/\/dev.eliassen.nl\/de\/sockel-aus-gusseisen-hohe-62-cm-cl077\/#breadcrumb\",\"itemListElement\":[{\"@type\":\"ListItem\",\"position\":1,\"name\":\"Home\",\"item\":\"https:\/\/dev.eliassen.nl\/de\/\"},{\"@type\":\"ListItem\",\"position\":2,\"name\":\"Shop\",\"item\":\"https:\/\/dev.eliassen.nl\/nl\/winkel\/\"},{\"@type\":\"ListItem\",\"position\":3,\"name\":\"Blument\u00f6pfe und Pflanzgef\u00e4\u00dfe\",\"item\":\"https:\/\/dev.eliassen.nl\/de\/blumentoepfe-und-pflanzgefaesse\/\"},{\"@type\":\"ListItem\",\"position\":4,\"name\":\"Gartenvasen aus Gusseisen\",\"item\":\"https:\/\/dev.eliassen.nl\/de\/blumentoepfe-und-pflanzgefaesse\/gartenvasen-aus-gusseisen\/\"},{\"@type\":\"ListItem\",\"position\":5,\"name\":\"Sockel aus Gusseisen, H\u00f6he 62 cm. CL077\"}]},{\"@type\":\"WebSite\",\"@id\":\"https:\/\/dev.eliassen.nl\/de\/#website\",\"url\":\"https:\/\/dev.eliassen.nl\/de\/\",\"name\":\"Eliassen Home & Garden Pleasure\",\"description\":\"\",\"publisher\":{\"@id\":\"https:\/\/dev.eliassen.nl\/de\/#organization\"},\"alternateName\":\"Eliassen.nl\",\"potentialAction\":[{\"@type\":\"SearchAction\",\"target\":{\"@type\":\"EntryPoint\",\"urlTemplate\":\"https:\/\/dev.eliassen.nl\/de\/?s={search_term_string}\"},\"query-input\":{\"@type\":\"PropertyValueSpecification\",\"valueRequired\":true,\"valueName\":\"search_term_string\"}}],\"inLanguage\":\"de\"},{\"@type\":\"Organization\",\"@id\":\"https:\/\/dev.eliassen.nl\/de\/#organization\",\"name\":\"Eliassen Home & Garden Pleasure\",\"url\":\"https:\/\/dev.eliassen.nl\/de\/\",\"logo\":{\"@type\":\"ImageObject\",\"inLanguage\":\"de\",\"@id\":\"https:\/\/dev.eliassen.nl\/de\/#\/schema\/logo\/image\/\",\"url\":\"https:\/\/www.eliassen.nl\/wp-content\/uploads\/2024\/01\/logo_4nd.jpg\",\"contentUrl\":\"https:\/\/www.eliassen.nl\/wp-content\/uploads\/2024\/01\/logo_4nd.jpg\",\"width\":500,\"height\":500,\"caption\":\"Eliassen Home & Garden Pleasure\"},\"image\":{\"@id\":\"https:\/\/dev.eliassen.nl\/de\/#\/schema\/logo\/image\/\"},\"sameAs\":[\"https:\/\/www.facebook.com\/TuincentrumEliassenAmmerzoden\",\"https:\/\/www.instagram.com\/eliassenhomeandgarden\/\",\"https:\/\/nl.pinterest.com\/eliassenhomeandgarden\/\",\"https:\/\/www.youtube.com\/@eliassenhomegardenpleasure4558\"]}]}<\/script>\n<!-- \/ Yoast SEO plugin. -->","yoast_head_json":{"title":"Sockel aus Gusseisen, H\u00f6he 62 cm. - Eliassen Heim- und Gartenvergn\u00fcgen","description":"Sockel f\u00fcr Ihre gusseisernen Gartenvasen? Sehen Sie sie sich alle in unserem Webshop an oder kommen Sie und sehen Sie sich das live an!!","robots":{"index":"noindex","follow":"follow","max-snippet":"max-snippet:-1","max-image-preview":"max-image-preview:large","max-video-preview":"max-video-preview:-1"},"og_locale":"de_DE","og_type":"article","og_title":"Sockel aus Gusseisen, H\u00f6he 62 cm. - Eliassen Heim- und Gartenvergn\u00fcgen","og_description":"Sockel f\u00fcr Ihre gusseisernen Gartenvasen? Sehen Sie sie sich alle in unserem Webshop an oder kommen Sie und sehen Sie sich das live an!!","og_url":"https:\/\/dev.eliassen.nl\/de\/sockel-aus-gusseisen-hohe-62-cm-cl077\/","og_site_name":"Eliassen.nl","article_publisher":"https:\/\/www.facebook.com\/TuincentrumEliassenAmmerzoden","article_modified_time":"2024-12-05T15:22:31+00:00","og_image":[{"width":217,"height":285,"url":"https:\/\/dev.eliassen.nl\/wp-content\/uploads\/2024\/01\/gietijzerensokkelbeliassennl.jpg","type":"image\/jpeg"}],"twitter_card":"summary_large_image","schema":{"@context":"https:\/\/schema.org","@graph":[{"@type":"WebPage","@id":"https:\/\/dev.eliassen.nl\/de\/sockel-aus-gusseisen-hohe-62-cm-cl077\/","url":"https:\/\/dev.eliassen.nl\/de\/sockel-aus-gusseisen-hohe-62-cm-cl077\/","name":"Sockel aus Gusseisen, H\u00f6he 62 cm. - Eliassen Heim- und Gartenvergn\u00fcgen","isPartOf":{"@id":"https:\/\/dev.eliassen.nl\/de\/#website"},"primaryImageOfPage":{"@id":"https:\/\/dev.eliassen.nl\/de\/sockel-aus-gusseisen-hohe-62-cm-cl077\/#primaryimage"},"image":{"@id":"https:\/\/dev.eliassen.nl\/de\/sockel-aus-gusseisen-hohe-62-cm-cl077\/#primaryimage"},"thumbnailUrl":"https:\/\/dev.eliassen.nl\/wp-content\/uploads\/2024\/01\/gietijzerensokkelbeliassennl.jpg","datePublished":"2023-02-27T13:44:29+00:00","dateModified":"2024-12-05T15:22:31+00:00","description":"Sockel f\u00fcr Ihre gusseisernen Gartenvasen? Sehen Sie sie sich alle in unserem Webshop an oder kommen Sie und sehen Sie sich das live an!!","breadcrumb":{"@id":"https:\/\/dev.eliassen.nl\/de\/sockel-aus-gusseisen-hohe-62-cm-cl077\/#breadcrumb"},"inLanguage":"de","potentialAction":[{"@type":"ReadAction","target":["https:\/\/dev.eliassen.nl\/de\/sockel-aus-gusseisen-hohe-62-cm-cl077\/"]}]},{"@type":"ImageObject","inLanguage":"de","@id":"https:\/\/dev.eliassen.nl\/de\/sockel-aus-gusseisen-hohe-62-cm-cl077\/#primaryimage","url":"https:\/\/dev.eliassen.nl\/wp-content\/uploads\/2024\/01\/gietijzerensokkelbeliassennl.jpg","contentUrl":"https:\/\/dev.eliassen.nl\/wp-content\/uploads\/2024\/01\/gietijzerensokkelbeliassennl.jpg","width":217,"height":285,"caption":"gietijzeren sokkel b - eliassen.nl"},{"@type":"BreadcrumbList","@id":"https:\/\/dev.eliassen.nl\/de\/sockel-aus-gusseisen-hohe-62-cm-cl077\/#breadcrumb","itemListElement":[{"@type":"ListItem","position":1,"name":"Home","item":"https:\/\/dev.eliassen.nl\/de\/"},{"@type":"ListItem","position":2,"name":"Shop","item":"https:\/\/dev.eliassen.nl\/nl\/winkel\/"},{"@type":"ListItem","position":3,"name":"Blument\u00f6pfe und Pflanzgef\u00e4\u00dfe","item":"https:\/\/dev.eliassen.nl\/de\/blumentoepfe-und-pflanzgefaesse\/"},{"@type":"ListItem","position":4,"name":"Gartenvasen aus Gusseisen","item":"https:\/\/dev.eliassen.nl\/de\/blumentoepfe-und-pflanzgefaesse\/gartenvasen-aus-gusseisen\/"},{"@type":"ListItem","position":5,"name":"Sockel aus Gusseisen, H\u00f6he 62 cm. CL077"}]},{"@type":"WebSite","@id":"https:\/\/dev.eliassen.nl\/de\/#website","url":"https:\/\/dev.eliassen.nl\/de\/","name":"Eliassen Home & Garden Pleasure","description":"","publisher":{"@id":"https:\/\/dev.eliassen.nl\/de\/#organization"},"alternateName":"Eliassen.nl","potentialAction":[{"@type":"SearchAction","target":{"@type":"EntryPoint","urlTemplate":"https:\/\/dev.eliassen.nl\/de\/?s={search_term_string}"},"query-input":{"@type":"PropertyValueSpecification","valueRequired":true,"valueName":"search_term_string"}}],"inLanguage":"de"},{"@type":"Organization","@id":"https:\/\/dev.eliassen.nl\/de\/#organization","name":"Eliassen Home & Garden Pleasure","url":"https:\/\/dev.eliassen.nl\/de\/","logo":{"@type":"ImageObject","inLanguage":"de","@id":"https:\/\/dev.eliassen.nl\/de\/#\/schema\/logo\/image\/","url":"https:\/\/www.eliassen.nl\/wp-content\/uploads\/2024\/01\/logo_4nd.jpg","contentUrl":"https:\/\/www.eliassen.nl\/wp-content\/uploads\/2024\/01\/logo_4nd.jpg","width":500,"height":500,"caption":"Eliassen Home & Garden Pleasure"},"image":{"@id":"https:\/\/dev.eliassen.nl\/de\/#\/schema\/logo\/image\/"},"sameAs":["https:\/\/www.facebook.com\/TuincentrumEliassenAmmerzoden","https:\/\/www.instagram.com\/eliassenhomeandgarden\/","https:\/\/nl.pinterest.com\/eliassenhomeandgarden\/","https:\/\/www.youtube.com\/@eliassenhomegardenpleasure4558"]}]}},"df_price":399,"df_sale_price":"","df_regular_price":399,"df_image_link":"https:\/\/dev.eliassen.nl\/wp-content\/uploads\/2024\/01\/gietijzerensokkelbeliassennl.jpg","image":"https:\/\/dev.eliassen.nl\/wp-content\/uploads\/2024\/01\/gietijzerensokkelbeliassennl.jpg","price_search":"<span class=\"woocommerce-Price-amount amount\"><bdi><span class=\"woocommerce-Price-currencySymbol\">&euro;<\/span>&nbsp;399,00<\/bdi><\/span>","category":"Blument\u00f6pfe und Pflanzgef\u00e4\u00dfe","_links":{"self":[{"href":"https:\/\/dev.eliassen.nl\/de\/wp-json\/wp\/v2\/product\/86059","targetHints":{"allow":["GET"]}}],"collection":[{"href":"https:\/\/dev.eliassen.nl\/de\/wp-json\/wp\/v2\/product"}],"about":[{"href":"https:\/\/dev.eliassen.nl\/de\/wp-json\/wp\/v2\/types\/product"}],"wp:featuredmedia":[{"embeddable":true,"href":"https:\/\/dev.eliassen.nl\/de\/wp-json\/wp\/v2\/media\/86053"}],"wp:attachment":[{"href":"https:\/\/dev.eliassen.nl\/de\/wp-json\/wp\/v2\/media?parent=86059"}],"wp:term":[{"taxonomy":"product_brand","embeddable":true,"href":"https:\/\/dev.eliassen.nl\/de\/wp-json\/wp\/v2\/product_brand?post=86059"},{"taxonomy":"product_cat","embeddable":true,"href":"https:\/\/dev.eliassen.nl\/de\/wp-json\/wp\/v2\/product_cat?post=86059"},{"taxonomy":"product_tag","embeddable":true,"href":"https:\/\/dev.eliassen.nl\/de\/wp-json\/wp\/v2\/product_tag?post=86059"}],"curies":[{"name":"wp","href":"https:\/\/api.w.org\/{rel}","templated":true}]}}