{"id":86071,"date":"2023-02-27T15:52:14","date_gmt":"2023-02-27T14:52:14","guid":{"rendered":"https:\/\/www.eliassen.nl\/?product=boeddha-beeld-op-lotus-thais-125cm"},"modified":"2024-12-05T16:22:32","modified_gmt":"2024-12-05T15:22:32","slug":"buddha-statue-auf-lotus-thai-125cm","status":"publish","type":"product","link":"https:\/\/dev.eliassen.nl\/de\/buddha-statue-auf-lotus-thai-125cm\/","title":{"rendered":"Buddha-Statue auf Lotus Thai 125cm"},"content":{"rendered":"<p>Mit unseren Bildern k\u00f6nnen Sie eine sch\u00f6ne warme orientalische Atmosph\u00e4re in Ihrem Garten, Ihrer Firma, Ihrem Praxisraum oder Ihrem Zuhause schaffen.<br \/>Statuen dieser Serie bestehen alle aus hochwertigem Kunststein mit einem sehr hohen Zementanteil, wodurch alle diese Statuen allen Witterungseinfl\u00fcssen problemlos standhalten. Die Farbe ist schwarz\/braun und kann leicht vom Foto abweichen, da die gesamte Serie handgefertigt ist. Dieser sitzende thail\u00e4ndische Buddha auf einer Lotusblume ist 125 cm gro\u00df.<\/p>\n<p>In der thail\u00e4ndischen Tradition bedeutet der auf dem Boden ruhende thail\u00e4ndische Buddha Gautamas bevorstehende Erleuchtung oder sein bevorstehendes Erwachen. Er w\u00fcrde hier so friedlich sein, dass das Nirvana in greifbarer N\u00e4he w\u00e4re.<\/p>\n<ul>\n<li>H\u00f6he: 125 cm<\/li>\n<li>Farbe schwarz<\/li>\n<li>Hochwertiger Kunststein<\/li>\n<li>Geeignet f\u00fcr den Innen- und Au\u00dfenbereich<\/li>\n<li>Handgefertigt<\/li>\n<li>Schnell geliefert<\/li>\n<li><strong>Viele dieser Serien k\u00f6nnen auch in unserem Shop besichtigt werden<\/strong><\/li>\n<\/ul>\n","protected":false},"excerpt":{"rendered":"<p>\u2713 Hochwertiger Kunststein \u2713 Wundersch\u00f6n detailliert<\/p>\n","protected":false},"featured_media":86068,"template":"","meta":{"_acf_changed":false},"product_brand":[],"product_cat":[677,680,7239],"product_tag":[],"class_list":{"0":"post-86071","1":"product","2":"type-product","3":"status-publish","4":"has-post-thumbnail","6":"product_cat-betonstatuen","7":"product_cat-buddha-statuen","8":"product_cat-statuen-skulpturen","10":"first","11":"outofstock","12":"taxable","13":"shipping-taxable","14":"purchasable","15":"product-type-simple"},"acf":[],"yoast_head":"<!-- This site is optimized with the Yoast SEO plugin v23.8 - https:\/\/yoast.com\/wordpress\/plugins\/seo\/ -->\n<title>Boeddha beeld op lotus Thais 125cm<\/title>\n<meta name=\"description\" content=\"Thais boeddha beeld, maar liefst 125cm groot, Ook live te bekijken !!\" \/>\n<meta name=\"robots\" content=\"noindex, follow, max-snippet:-1, max-image-preview:large, max-video-preview:-1\" \/>\n<meta property=\"og:locale\" content=\"de_DE\" \/>\n<meta property=\"og:type\" content=\"article\" \/>\n<meta property=\"og:title\" content=\"Boeddha beeld op lotus Thais 125cm\" \/>\n<meta property=\"og:description\" content=\"Thais boeddha beeld, maar liefst 125cm groot, Ook live te bekijken !!\" \/>\n<meta property=\"og:url\" content=\"https:\/\/dev.eliassen.nl\/de\/buddha-statue-auf-lotus-thai-125cm\/\" \/>\n<meta property=\"og:site_name\" content=\"Eliassen.nl\" \/>\n<meta property=\"article:publisher\" content=\"https:\/\/www.facebook.com\/TuincentrumEliassenAmmerzoden\" \/>\n<meta property=\"article:modified_time\" content=\"2024-12-05T15:22:32+00:00\" \/>\n<meta property=\"og:image\" content=\"https:\/\/dev.eliassen.nl\/wp-content\/uploads\/2024\/01\/brblot100125_2nd.jpg\" \/>\n\t<meta property=\"og:image:width\" content=\"481\" \/>\n\t<meta property=\"og:image:height\" content=\"777\" \/>\n\t<meta property=\"og:image:type\" content=\"image\/jpeg\" \/>\n<meta name=\"twitter:card\" content=\"summary_large_image\" \/>\n<script type=\"application\/ld+json\" class=\"yoast-schema-graph\">{\"@context\":\"https:\/\/schema.org\",\"@graph\":[{\"@type\":\"WebPage\",\"@id\":\"https:\/\/dev.eliassen.nl\/de\/buddha-statue-auf-lotus-thai-125cm\/\",\"url\":\"https:\/\/dev.eliassen.nl\/de\/buddha-statue-auf-lotus-thai-125cm\/\",\"name\":\"Boeddha beeld op lotus Thais 125cm\",\"isPartOf\":{\"@id\":\"https:\/\/dev.eliassen.nl\/de\/#website\"},\"primaryImageOfPage\":{\"@id\":\"https:\/\/dev.eliassen.nl\/de\/buddha-statue-auf-lotus-thai-125cm\/#primaryimage\"},\"image\":{\"@id\":\"https:\/\/dev.eliassen.nl\/de\/buddha-statue-auf-lotus-thai-125cm\/#primaryimage\"},\"thumbnailUrl\":\"https:\/\/dev.eliassen.nl\/wp-content\/uploads\/2024\/01\/brblot100125_2nd.jpg\",\"datePublished\":\"2023-02-27T14:52:14+00:00\",\"dateModified\":\"2024-12-05T15:22:32+00:00\",\"description\":\"Thais boeddha beeld, maar liefst 125cm groot, Ook live te bekijken !!\",\"breadcrumb\":{\"@id\":\"https:\/\/dev.eliassen.nl\/de\/buddha-statue-auf-lotus-thai-125cm\/#breadcrumb\"},\"inLanguage\":\"de\",\"potentialAction\":[{\"@type\":\"ReadAction\",\"target\":[\"https:\/\/dev.eliassen.nl\/de\/buddha-statue-auf-lotus-thai-125cm\/\"]}]},{\"@type\":\"ImageObject\",\"inLanguage\":\"de\",\"@id\":\"https:\/\/dev.eliassen.nl\/de\/buddha-statue-auf-lotus-thai-125cm\/#primaryimage\",\"url\":\"https:\/\/dev.eliassen.nl\/wp-content\/uploads\/2024\/01\/brblot100125_2nd.jpg\",\"contentUrl\":\"https:\/\/dev.eliassen.nl\/wp-content\/uploads\/2024\/01\/brblot100125_2nd.jpg\",\"width\":481,\"height\":777,\"caption\":\"BR BLOT 100 & 125\"},{\"@type\":\"BreadcrumbList\",\"@id\":\"https:\/\/dev.eliassen.nl\/de\/buddha-statue-auf-lotus-thai-125cm\/#breadcrumb\",\"itemListElement\":[{\"@type\":\"ListItem\",\"position\":1,\"name\":\"Home\",\"item\":\"https:\/\/dev.eliassen.nl\/de\/\"},{\"@type\":\"ListItem\",\"position\":2,\"name\":\"Shop\",\"item\":\"https:\/\/dev.eliassen.nl\/nl\/winkel\/\"},{\"@type\":\"ListItem\",\"position\":3,\"name\":\"Statuen-Skulpturen\",\"item\":\"https:\/\/dev.eliassen.nl\/de\/statuen-skulpturen\/\"},{\"@type\":\"ListItem\",\"position\":4,\"name\":\"Betonstatuen\",\"item\":\"https:\/\/dev.eliassen.nl\/de\/bilder\/betonstatuen\/\"},{\"@type\":\"ListItem\",\"position\":5,\"name\":\"Buddha-Statuen\",\"item\":\"https:\/\/dev.eliassen.nl\/de\/bilder\/betonstatuen\/buddha-statuen\/\"},{\"@type\":\"ListItem\",\"position\":6,\"name\":\"Buddha-Statue auf Lotus Thai 125cm\"}]},{\"@type\":\"WebSite\",\"@id\":\"https:\/\/dev.eliassen.nl\/de\/#website\",\"url\":\"https:\/\/dev.eliassen.nl\/de\/\",\"name\":\"Eliassen Home & Garden Pleasure\",\"description\":\"\",\"publisher\":{\"@id\":\"https:\/\/dev.eliassen.nl\/de\/#organization\"},\"alternateName\":\"Eliassen.nl\",\"potentialAction\":[{\"@type\":\"SearchAction\",\"target\":{\"@type\":\"EntryPoint\",\"urlTemplate\":\"https:\/\/dev.eliassen.nl\/de\/?s={search_term_string}\"},\"query-input\":{\"@type\":\"PropertyValueSpecification\",\"valueRequired\":true,\"valueName\":\"search_term_string\"}}],\"inLanguage\":\"de\"},{\"@type\":\"Organization\",\"@id\":\"https:\/\/dev.eliassen.nl\/de\/#organization\",\"name\":\"Eliassen Home & Garden Pleasure\",\"url\":\"https:\/\/dev.eliassen.nl\/de\/\",\"logo\":{\"@type\":\"ImageObject\",\"inLanguage\":\"de\",\"@id\":\"https:\/\/dev.eliassen.nl\/de\/#\/schema\/logo\/image\/\",\"url\":\"https:\/\/www.eliassen.nl\/wp-content\/uploads\/2024\/01\/logo_4nd.jpg\",\"contentUrl\":\"https:\/\/www.eliassen.nl\/wp-content\/uploads\/2024\/01\/logo_4nd.jpg\",\"width\":500,\"height\":500,\"caption\":\"Eliassen Home & Garden Pleasure\"},\"image\":{\"@id\":\"https:\/\/dev.eliassen.nl\/de\/#\/schema\/logo\/image\/\"},\"sameAs\":[\"https:\/\/www.facebook.com\/TuincentrumEliassenAmmerzoden\",\"https:\/\/www.instagram.com\/eliassenhomeandgarden\/\",\"https:\/\/nl.pinterest.com\/eliassenhomeandgarden\/\",\"https:\/\/www.youtube.com\/@eliassenhomegardenpleasure4558\"]}]}<\/script>\n<!-- \/ Yoast SEO plugin. -->","yoast_head_json":{"title":"Boeddha beeld op lotus Thais 125cm","description":"Thais boeddha beeld, maar liefst 125cm groot, Ook live te bekijken !!","robots":{"index":"noindex","follow":"follow","max-snippet":"max-snippet:-1","max-image-preview":"max-image-preview:large","max-video-preview":"max-video-preview:-1"},"og_locale":"de_DE","og_type":"article","og_title":"Boeddha beeld op lotus Thais 125cm","og_description":"Thais boeddha beeld, maar liefst 125cm groot, Ook live te bekijken !!","og_url":"https:\/\/dev.eliassen.nl\/de\/buddha-statue-auf-lotus-thai-125cm\/","og_site_name":"Eliassen.nl","article_publisher":"https:\/\/www.facebook.com\/TuincentrumEliassenAmmerzoden","article_modified_time":"2024-12-05T15:22:32+00:00","og_image":[{"width":481,"height":777,"url":"https:\/\/dev.eliassen.nl\/wp-content\/uploads\/2024\/01\/brblot100125_2nd.jpg","type":"image\/jpeg"}],"twitter_card":"summary_large_image","schema":{"@context":"https:\/\/schema.org","@graph":[{"@type":"WebPage","@id":"https:\/\/dev.eliassen.nl\/de\/buddha-statue-auf-lotus-thai-125cm\/","url":"https:\/\/dev.eliassen.nl\/de\/buddha-statue-auf-lotus-thai-125cm\/","name":"Boeddha beeld op lotus Thais 125cm","isPartOf":{"@id":"https:\/\/dev.eliassen.nl\/de\/#website"},"primaryImageOfPage":{"@id":"https:\/\/dev.eliassen.nl\/de\/buddha-statue-auf-lotus-thai-125cm\/#primaryimage"},"image":{"@id":"https:\/\/dev.eliassen.nl\/de\/buddha-statue-auf-lotus-thai-125cm\/#primaryimage"},"thumbnailUrl":"https:\/\/dev.eliassen.nl\/wp-content\/uploads\/2024\/01\/brblot100125_2nd.jpg","datePublished":"2023-02-27T14:52:14+00:00","dateModified":"2024-12-05T15:22:32+00:00","description":"Thais boeddha beeld, maar liefst 125cm groot, Ook live te bekijken !!","breadcrumb":{"@id":"https:\/\/dev.eliassen.nl\/de\/buddha-statue-auf-lotus-thai-125cm\/#breadcrumb"},"inLanguage":"de","potentialAction":[{"@type":"ReadAction","target":["https:\/\/dev.eliassen.nl\/de\/buddha-statue-auf-lotus-thai-125cm\/"]}]},{"@type":"ImageObject","inLanguage":"de","@id":"https:\/\/dev.eliassen.nl\/de\/buddha-statue-auf-lotus-thai-125cm\/#primaryimage","url":"https:\/\/dev.eliassen.nl\/wp-content\/uploads\/2024\/01\/brblot100125_2nd.jpg","contentUrl":"https:\/\/dev.eliassen.nl\/wp-content\/uploads\/2024\/01\/brblot100125_2nd.jpg","width":481,"height":777,"caption":"BR BLOT 100 & 125"},{"@type":"BreadcrumbList","@id":"https:\/\/dev.eliassen.nl\/de\/buddha-statue-auf-lotus-thai-125cm\/#breadcrumb","itemListElement":[{"@type":"ListItem","position":1,"name":"Home","item":"https:\/\/dev.eliassen.nl\/de\/"},{"@type":"ListItem","position":2,"name":"Shop","item":"https:\/\/dev.eliassen.nl\/nl\/winkel\/"},{"@type":"ListItem","position":3,"name":"Statuen-Skulpturen","item":"https:\/\/dev.eliassen.nl\/de\/statuen-skulpturen\/"},{"@type":"ListItem","position":4,"name":"Betonstatuen","item":"https:\/\/dev.eliassen.nl\/de\/bilder\/betonstatuen\/"},{"@type":"ListItem","position":5,"name":"Buddha-Statuen","item":"https:\/\/dev.eliassen.nl\/de\/bilder\/betonstatuen\/buddha-statuen\/"},{"@type":"ListItem","position":6,"name":"Buddha-Statue auf Lotus Thai 125cm"}]},{"@type":"WebSite","@id":"https:\/\/dev.eliassen.nl\/de\/#website","url":"https:\/\/dev.eliassen.nl\/de\/","name":"Eliassen Home & Garden Pleasure","description":"","publisher":{"@id":"https:\/\/dev.eliassen.nl\/de\/#organization"},"alternateName":"Eliassen.nl","potentialAction":[{"@type":"SearchAction","target":{"@type":"EntryPoint","urlTemplate":"https:\/\/dev.eliassen.nl\/de\/?s={search_term_string}"},"query-input":{"@type":"PropertyValueSpecification","valueRequired":true,"valueName":"search_term_string"}}],"inLanguage":"de"},{"@type":"Organization","@id":"https:\/\/dev.eliassen.nl\/de\/#organization","name":"Eliassen Home & Garden Pleasure","url":"https:\/\/dev.eliassen.nl\/de\/","logo":{"@type":"ImageObject","inLanguage":"de","@id":"https:\/\/dev.eliassen.nl\/de\/#\/schema\/logo\/image\/","url":"https:\/\/www.eliassen.nl\/wp-content\/uploads\/2024\/01\/logo_4nd.jpg","contentUrl":"https:\/\/www.eliassen.nl\/wp-content\/uploads\/2024\/01\/logo_4nd.jpg","width":500,"height":500,"caption":"Eliassen Home & Garden Pleasure"},"image":{"@id":"https:\/\/dev.eliassen.nl\/de\/#\/schema\/logo\/image\/"},"sameAs":["https:\/\/www.facebook.com\/TuincentrumEliassenAmmerzoden","https:\/\/www.instagram.com\/eliassenhomeandgarden\/","https:\/\/nl.pinterest.com\/eliassenhomeandgarden\/","https:\/\/www.youtube.com\/@eliassenhomegardenpleasure4558"]}]}},"df_price":435,"df_sale_price":"","df_regular_price":435,"df_image_link":"https:\/\/dev.eliassen.nl\/wp-content\/uploads\/2024\/01\/brblot100125_2nd.jpg","image":"https:\/\/dev.eliassen.nl\/wp-content\/uploads\/2024\/01\/brblot100125_2nd.jpg","price_search":"<span class=\"woocommerce-Price-amount amount\"><bdi><span class=\"woocommerce-Price-currencySymbol\">&euro;<\/span>&nbsp;435,00<\/bdi><\/span>","category":"Betonstatuen","_links":{"self":[{"href":"https:\/\/dev.eliassen.nl\/de\/wp-json\/wp\/v2\/product\/86071","targetHints":{"allow":["GET"]}}],"collection":[{"href":"https:\/\/dev.eliassen.nl\/de\/wp-json\/wp\/v2\/product"}],"about":[{"href":"https:\/\/dev.eliassen.nl\/de\/wp-json\/wp\/v2\/types\/product"}],"wp:featuredmedia":[{"embeddable":true,"href":"https:\/\/dev.eliassen.nl\/de\/wp-json\/wp\/v2\/media\/86068"}],"wp:attachment":[{"href":"https:\/\/dev.eliassen.nl\/de\/wp-json\/wp\/v2\/media?parent=86071"}],"wp:term":[{"taxonomy":"product_brand","embeddable":true,"href":"https:\/\/dev.eliassen.nl\/de\/wp-json\/wp\/v2\/product_brand?post=86071"},{"taxonomy":"product_cat","embeddable":true,"href":"https:\/\/dev.eliassen.nl\/de\/wp-json\/wp\/v2\/product_cat?post=86071"},{"taxonomy":"product_tag","embeddable":true,"href":"https:\/\/dev.eliassen.nl\/de\/wp-json\/wp\/v2\/product_tag?post=86071"}],"curies":[{"name":"wp","href":"https:\/\/api.w.org\/{rel}","templated":true}]}}