{"id":8695,"date":"2019-10-28T16:33:19","date_gmt":"2019-10-28T15:33:19","guid":{"rendered":"https:\/\/www.eliassen.nl\/?product=crag-zu-gross-copy"},"modified":"2024-12-05T15:12:23","modified_gmt":"2024-12-05T14:12:23","slug":"wasserset-shanghai-superset","status":"publish","type":"product","link":"https:\/\/dev.eliassen.nl\/de\/wasserset-shanghai-superset\/","title":{"rendered":"Wasserset Shanghai SUPERSET"},"content":{"rendered":"<p><video controls=\"controls\" width=\"500\" height=\"250\"><source src=\"https:\/\/cdn.webshopapp.com\/shops\/289658\/files\/444300481\/eliassen-waterset-shanghai-superset.mp4\" type=\"video\/mp4\" \/><\/video><\/p>\n<p>Wundersch\u00f6nes S\u00e4ulenset aus dunkelgrauem Granit, oben poliert, unten grob geschnitten.<br \/>Die Dicke dieser massiven S\u00e4ulen betr\u00e4gt 15 x 15 cm und die H\u00f6he betr\u00e4gt 20, 35 und 45 cm. <span style=\"color: #ff0000;\"><br \/><span style=\"color: #000000;\">Dies ist ein sehr komplettes Set, n\u00e4mlich:<\/span><br \/><\/span><\/p>\n<ul>\n<li><span style=\"color: #ff0000;\"><span style=\"color: #000000;\">S\u00e4ulenset Granit<\/span><\/span><\/li>\n<li><span style=\"color: #ff0000;\"><span style=\"color: #000000;\">Wassertank 90 Liter<\/span><\/span><\/li>\n<li><span style=\"color: #ff0000;\"><span style=\"color: #000000;\">Deckel 65cm<\/span><\/span><\/li>\n<li><span style=\"color: #ff0000;\"><span style=\"color: #000000;\">Pumpe 1500 Pontec<\/span><\/span><\/li>\n<li><span style=\"color: #ff0000;\"><span style=\"color: #000000;\">3-Wege-Verteiler<\/span><\/span><\/li>\n<li><span style=\"color: #ff0000;\"><span style=\"color: #000000;\">3x Schlauch 1\/2 Zoll<\/span><\/span><\/li>\n<li><span style=\"color: #ff0000;\"><span style=\"color: #000000;\">6x Schaumstoffringe<\/span><\/span><\/li>\n<li><span style=\"color: #ff0000;\"><span style=\"color: #000000;\">Keile<\/span><\/span><\/li>\n<li><span style=\"color: #ff0000;\"><span style=\"color: #000000;\">Algo-Wasserpflege<\/span><\/span><\/li>\n<li><span style=\"color: #ff0000;\"><span style=\"color: #000000;\">1x Beutel mit flachen wei\u00dfen Kieselsteinen 3-5cm<\/span><\/span><\/li>\n<li><span style=\"color: #ff0000;\"><span style=\"color: #000000;\">Pondostar Trio LED-Strahler-Set<\/span><\/span><\/li>\n<\/ul>\n<p><span style=\"color: #ff0000;\"><span style=\"color: #000000;\">Flecken, Adern usw. k\u00f6nnen in Granit immer auftreten. Das ist normal, dar\u00fcber kann man sich nicht beschweren. Bevorzugen Sie eine andere Farbe der Dekosteine f\u00fcr den Abschluss? das ist in Absprache immer m\u00f6glich!!<\/span><\/span><\/p>\n<ul>\n<li>massiver Granit<\/li>\n<li>teils poliert, teils geschliffen<\/li>\n<li>bleibt sch\u00f6n<\/li>\n<li>Dieses Set ist nur bei uns erh\u00e4ltlich<\/li>\n<li>Haben Sie Fragen zu diesem Artikel oder ben\u00f6tigen Sie Ratschl\u00e4ge, wie Sie dieses Modell mit allen anderen Notwendigkeiten erg\u00e4nzen k\u00f6nnen? Dann klicken Sie <a href=\"mailto:info@eliassen.nl\"><strong>HIER<\/strong><\/a> und stellen Sie Ihre Frage.<\/li>\n<\/ul>\n","protected":false},"excerpt":{"rendered":"<p>Wundersch\u00f6nes S\u00e4ulenset aus dunkelgrauem Granit, oben poliert, unten grob geschnitten.Die Dicke dieser massiven S\u00e4ulen betr\u00e4gt 15 x 15 cm und die H\u00f6he betr\u00e4gt 20, 35 und 45 cm. Dies ist ein sehr komplettes Set, n\u00e4mlich: S\u00e4ulenset Granit Wassertank 90 Liter Deckel 65cm Pumpe 1500 Pontec 3-Wege-Verteiler 3x Schlauch 1\/2 Zoll 6x Schaumstoffringe Keile Algo-Wasserpflege 1x &hellip;<\/p>\n","protected":false},"featured_media":8689,"template":"","meta":{"_acf_changed":false},"product_brand":[6916],"product_cat":[596,599,554,536,7064],"product_tag":[],"class_list":{"0":"post-8695","1":"product","2":"type-product","3":"status-publish","4":"has-post-thumbnail","6":"product_brand-eliassen-de","7":"product_cat-auslass-fuer-wasserspiele","8":"product_cat-guenstige-wasserspiele","9":"product_cat-wasserspiel-mit-grabbecken","10":"product_cat-wassereigenschaften","11":"product_cat-werbeartikel","13":"first","14":"instock","15":"taxable","16":"shipping-taxable","17":"purchasable","18":"product-type-simple"},"acf":[],"yoast_head":"<!-- This site is optimized with the Yoast SEO plugin v23.8 - https:\/\/yoast.com\/wordpress\/plugins\/seo\/ -->\n<title>Wasserset Shanghai SUPERSET | Eliassen<\/title>\n<meta name=\"description\" content=\"Bei Eliassen k\u00f6nnen Sie Waterset Shanghai SUPERSET online kaufen oder live im Showroom besichtigen. Bestellen Sie direkt online.\" \/>\n<meta name=\"robots\" content=\"noindex, follow, max-snippet:-1, max-image-preview:large, max-video-preview:-1\" \/>\n<meta property=\"og:locale\" content=\"de_DE\" \/>\n<meta property=\"og:type\" content=\"article\" \/>\n<meta property=\"og:title\" content=\"Wasserset Shanghai SUPERSET | Eliassen\" \/>\n<meta property=\"og:description\" content=\"Bei Eliassen k\u00f6nnen Sie Waterset Shanghai SUPERSET online kaufen oder live im Showroom besichtigen. Bestellen Sie direkt online.\" \/>\n<meta property=\"og:url\" content=\"https:\/\/dev.eliassen.nl\/de\/wasserset-shanghai-superset\/\" \/>\n<meta property=\"og:site_name\" content=\"Eliassen.nl\" \/>\n<meta property=\"article:publisher\" content=\"https:\/\/www.facebook.com\/TuincentrumEliassenAmmerzoden\" \/>\n<meta property=\"article:modified_time\" content=\"2024-12-05T14:12:23+00:00\" \/>\n<meta property=\"og:image\" content=\"https:\/\/dev.eliassen.nl\/wp-content\/uploads\/2024\/01\/09821480.jpg\" \/>\n\t<meta property=\"og:image:width\" content=\"1024\" \/>\n\t<meta property=\"og:image:height\" content=\"575\" \/>\n\t<meta property=\"og:image:type\" content=\"image\/jpeg\" \/>\n<meta name=\"twitter:card\" content=\"summary_large_image\" \/>\n<script type=\"application\/ld+json\" class=\"yoast-schema-graph\">{\"@context\":\"https:\/\/schema.org\",\"@graph\":[{\"@type\":\"WebPage\",\"@id\":\"https:\/\/dev.eliassen.nl\/de\/wasserset-shanghai-superset\/\",\"url\":\"https:\/\/dev.eliassen.nl\/de\/wasserset-shanghai-superset\/\",\"name\":\"Wasserset Shanghai SUPERSET | Eliassen\",\"isPartOf\":{\"@id\":\"https:\/\/dev.eliassen.nl\/de\/#website\"},\"primaryImageOfPage\":{\"@id\":\"https:\/\/dev.eliassen.nl\/de\/wasserset-shanghai-superset\/#primaryimage\"},\"image\":{\"@id\":\"https:\/\/dev.eliassen.nl\/de\/wasserset-shanghai-superset\/#primaryimage\"},\"thumbnailUrl\":\"https:\/\/dev.eliassen.nl\/wp-content\/uploads\/2024\/01\/09821480.jpg\",\"datePublished\":\"2019-10-28T15:33:19+00:00\",\"dateModified\":\"2024-12-05T14:12:23+00:00\",\"description\":\"Bei Eliassen k\u00f6nnen Sie Waterset Shanghai SUPERSET online kaufen oder live im Showroom besichtigen. Bestellen Sie direkt online.\",\"breadcrumb\":{\"@id\":\"https:\/\/dev.eliassen.nl\/de\/wasserset-shanghai-superset\/#breadcrumb\"},\"inLanguage\":\"de\",\"potentialAction\":[{\"@type\":\"ReadAction\",\"target\":[\"https:\/\/dev.eliassen.nl\/de\/wasserset-shanghai-superset\/\"]}]},{\"@type\":\"ImageObject\",\"inLanguage\":\"de\",\"@id\":\"https:\/\/dev.eliassen.nl\/de\/wasserset-shanghai-superset\/#primaryimage\",\"url\":\"https:\/\/dev.eliassen.nl\/wp-content\/uploads\/2024\/01\/09821480.jpg\",\"contentUrl\":\"https:\/\/dev.eliassen.nl\/wp-content\/uploads\/2024\/01\/09821480.jpg\",\"width\":1024,\"height\":575,\"caption\":\"0982148-0\"},{\"@type\":\"BreadcrumbList\",\"@id\":\"https:\/\/dev.eliassen.nl\/de\/wasserset-shanghai-superset\/#breadcrumb\",\"itemListElement\":[{\"@type\":\"ListItem\",\"position\":1,\"name\":\"Home\",\"item\":\"https:\/\/dev.eliassen.nl\/de\/\"},{\"@type\":\"ListItem\",\"position\":2,\"name\":\"Shop\",\"item\":\"https:\/\/dev.eliassen.nl\/nl\/winkel\/\"},{\"@type\":\"ListItem\",\"position\":3,\"name\":\"Wasserspiele\",\"item\":\"https:\/\/dev.eliassen.nl\/de\/wassereigenschaften\/\"},{\"@type\":\"ListItem\",\"position\":4,\"name\":\"Auslass f\u00fcr Wasserspiele\",\"item\":\"https:\/\/dev.eliassen.nl\/de\/wassereigenschaften\/auslass-fuer-wasserspiele\/\"},{\"@type\":\"ListItem\",\"position\":5,\"name\":\"Wasserset Shanghai SUPERSET\"}]},{\"@type\":\"WebSite\",\"@id\":\"https:\/\/dev.eliassen.nl\/de\/#website\",\"url\":\"https:\/\/dev.eliassen.nl\/de\/\",\"name\":\"Eliassen Home & Garden Pleasure\",\"description\":\"\",\"publisher\":{\"@id\":\"https:\/\/dev.eliassen.nl\/de\/#organization\"},\"alternateName\":\"Eliassen.nl\",\"potentialAction\":[{\"@type\":\"SearchAction\",\"target\":{\"@type\":\"EntryPoint\",\"urlTemplate\":\"https:\/\/dev.eliassen.nl\/de\/?s={search_term_string}\"},\"query-input\":{\"@type\":\"PropertyValueSpecification\",\"valueRequired\":true,\"valueName\":\"search_term_string\"}}],\"inLanguage\":\"de\"},{\"@type\":\"Organization\",\"@id\":\"https:\/\/dev.eliassen.nl\/de\/#organization\",\"name\":\"Eliassen Home & Garden Pleasure\",\"url\":\"https:\/\/dev.eliassen.nl\/de\/\",\"logo\":{\"@type\":\"ImageObject\",\"inLanguage\":\"de\",\"@id\":\"https:\/\/dev.eliassen.nl\/de\/#\/schema\/logo\/image\/\",\"url\":\"https:\/\/www.eliassen.nl\/wp-content\/uploads\/2024\/01\/logo_4nd.jpg\",\"contentUrl\":\"https:\/\/www.eliassen.nl\/wp-content\/uploads\/2024\/01\/logo_4nd.jpg\",\"width\":500,\"height\":500,\"caption\":\"Eliassen Home & Garden Pleasure\"},\"image\":{\"@id\":\"https:\/\/dev.eliassen.nl\/de\/#\/schema\/logo\/image\/\"},\"sameAs\":[\"https:\/\/www.facebook.com\/TuincentrumEliassenAmmerzoden\",\"https:\/\/www.instagram.com\/eliassenhomeandgarden\/\",\"https:\/\/nl.pinterest.com\/eliassenhomeandgarden\/\",\"https:\/\/www.youtube.com\/@eliassenhomegardenpleasure4558\"]}]}<\/script>\n<!-- \/ Yoast SEO plugin. -->","yoast_head_json":{"title":"Wasserset Shanghai SUPERSET | Eliassen","description":"Bei Eliassen k\u00f6nnen Sie Waterset Shanghai SUPERSET online kaufen oder live im Showroom besichtigen. Bestellen Sie direkt online.","robots":{"index":"noindex","follow":"follow","max-snippet":"max-snippet:-1","max-image-preview":"max-image-preview:large","max-video-preview":"max-video-preview:-1"},"og_locale":"de_DE","og_type":"article","og_title":"Wasserset Shanghai SUPERSET | Eliassen","og_description":"Bei Eliassen k\u00f6nnen Sie Waterset Shanghai SUPERSET online kaufen oder live im Showroom besichtigen. Bestellen Sie direkt online.","og_url":"https:\/\/dev.eliassen.nl\/de\/wasserset-shanghai-superset\/","og_site_name":"Eliassen.nl","article_publisher":"https:\/\/www.facebook.com\/TuincentrumEliassenAmmerzoden","article_modified_time":"2024-12-05T14:12:23+00:00","og_image":[{"width":1024,"height":575,"url":"https:\/\/dev.eliassen.nl\/wp-content\/uploads\/2024\/01\/09821480.jpg","type":"image\/jpeg"}],"twitter_card":"summary_large_image","schema":{"@context":"https:\/\/schema.org","@graph":[{"@type":"WebPage","@id":"https:\/\/dev.eliassen.nl\/de\/wasserset-shanghai-superset\/","url":"https:\/\/dev.eliassen.nl\/de\/wasserset-shanghai-superset\/","name":"Wasserset Shanghai SUPERSET | Eliassen","isPartOf":{"@id":"https:\/\/dev.eliassen.nl\/de\/#website"},"primaryImageOfPage":{"@id":"https:\/\/dev.eliassen.nl\/de\/wasserset-shanghai-superset\/#primaryimage"},"image":{"@id":"https:\/\/dev.eliassen.nl\/de\/wasserset-shanghai-superset\/#primaryimage"},"thumbnailUrl":"https:\/\/dev.eliassen.nl\/wp-content\/uploads\/2024\/01\/09821480.jpg","datePublished":"2019-10-28T15:33:19+00:00","dateModified":"2024-12-05T14:12:23+00:00","description":"Bei Eliassen k\u00f6nnen Sie Waterset Shanghai SUPERSET online kaufen oder live im Showroom besichtigen. Bestellen Sie direkt online.","breadcrumb":{"@id":"https:\/\/dev.eliassen.nl\/de\/wasserset-shanghai-superset\/#breadcrumb"},"inLanguage":"de","potentialAction":[{"@type":"ReadAction","target":["https:\/\/dev.eliassen.nl\/de\/wasserset-shanghai-superset\/"]}]},{"@type":"ImageObject","inLanguage":"de","@id":"https:\/\/dev.eliassen.nl\/de\/wasserset-shanghai-superset\/#primaryimage","url":"https:\/\/dev.eliassen.nl\/wp-content\/uploads\/2024\/01\/09821480.jpg","contentUrl":"https:\/\/dev.eliassen.nl\/wp-content\/uploads\/2024\/01\/09821480.jpg","width":1024,"height":575,"caption":"0982148-0"},{"@type":"BreadcrumbList","@id":"https:\/\/dev.eliassen.nl\/de\/wasserset-shanghai-superset\/#breadcrumb","itemListElement":[{"@type":"ListItem","position":1,"name":"Home","item":"https:\/\/dev.eliassen.nl\/de\/"},{"@type":"ListItem","position":2,"name":"Shop","item":"https:\/\/dev.eliassen.nl\/nl\/winkel\/"},{"@type":"ListItem","position":3,"name":"Wasserspiele","item":"https:\/\/dev.eliassen.nl\/de\/wassereigenschaften\/"},{"@type":"ListItem","position":4,"name":"Auslass f\u00fcr Wasserspiele","item":"https:\/\/dev.eliassen.nl\/de\/wassereigenschaften\/auslass-fuer-wasserspiele\/"},{"@type":"ListItem","position":5,"name":"Wasserset Shanghai SUPERSET"}]},{"@type":"WebSite","@id":"https:\/\/dev.eliassen.nl\/de\/#website","url":"https:\/\/dev.eliassen.nl\/de\/","name":"Eliassen Home & Garden Pleasure","description":"","publisher":{"@id":"https:\/\/dev.eliassen.nl\/de\/#organization"},"alternateName":"Eliassen.nl","potentialAction":[{"@type":"SearchAction","target":{"@type":"EntryPoint","urlTemplate":"https:\/\/dev.eliassen.nl\/de\/?s={search_term_string}"},"query-input":{"@type":"PropertyValueSpecification","valueRequired":true,"valueName":"search_term_string"}}],"inLanguage":"de"},{"@type":"Organization","@id":"https:\/\/dev.eliassen.nl\/de\/#organization","name":"Eliassen Home & Garden Pleasure","url":"https:\/\/dev.eliassen.nl\/de\/","logo":{"@type":"ImageObject","inLanguage":"de","@id":"https:\/\/dev.eliassen.nl\/de\/#\/schema\/logo\/image\/","url":"https:\/\/www.eliassen.nl\/wp-content\/uploads\/2024\/01\/logo_4nd.jpg","contentUrl":"https:\/\/www.eliassen.nl\/wp-content\/uploads\/2024\/01\/logo_4nd.jpg","width":500,"height":500,"caption":"Eliassen Home & Garden Pleasure"},"image":{"@id":"https:\/\/dev.eliassen.nl\/de\/#\/schema\/logo\/image\/"},"sameAs":["https:\/\/www.facebook.com\/TuincentrumEliassenAmmerzoden","https:\/\/www.instagram.com\/eliassenhomeandgarden\/","https:\/\/nl.pinterest.com\/eliassenhomeandgarden\/","https:\/\/www.youtube.com\/@eliassenhomegardenpleasure4558"]}]}},"df_price":299,"df_sale_price":"","df_regular_price":299,"df_image_link":"https:\/\/dev.eliassen.nl\/wp-content\/uploads\/2024\/01\/09821480.jpg","image":"https:\/\/dev.eliassen.nl\/wp-content\/uploads\/2024\/01\/09821480.jpg","price_search":"<span class=\"woocommerce-Price-amount amount\"><bdi><span class=\"woocommerce-Price-currencySymbol\">&euro;<\/span>&nbsp;299,00<\/bdi><\/span>","category":"Auslass f\u00fcr Wasserspiele","_links":{"self":[{"href":"https:\/\/dev.eliassen.nl\/de\/wp-json\/wp\/v2\/product\/8695","targetHints":{"allow":["GET"]}}],"collection":[{"href":"https:\/\/dev.eliassen.nl\/de\/wp-json\/wp\/v2\/product"}],"about":[{"href":"https:\/\/dev.eliassen.nl\/de\/wp-json\/wp\/v2\/types\/product"}],"wp:featuredmedia":[{"embeddable":true,"href":"https:\/\/dev.eliassen.nl\/de\/wp-json\/wp\/v2\/media\/8689"}],"wp:attachment":[{"href":"https:\/\/dev.eliassen.nl\/de\/wp-json\/wp\/v2\/media?parent=8695"}],"wp:term":[{"taxonomy":"product_brand","embeddable":true,"href":"https:\/\/dev.eliassen.nl\/de\/wp-json\/wp\/v2\/product_brand?post=8695"},{"taxonomy":"product_cat","embeddable":true,"href":"https:\/\/dev.eliassen.nl\/de\/wp-json\/wp\/v2\/product_cat?post=8695"},{"taxonomy":"product_tag","embeddable":true,"href":"https:\/\/dev.eliassen.nl\/de\/wp-json\/wp\/v2\/product_tag?post=8695"}],"curies":[{"name":"wp","href":"https:\/\/api.w.org\/{rel}","templated":true}]}}