{"id":8737,"date":"2019-10-28T16:33:44","date_gmt":"2019-10-28T15:33:44","guid":{"rendered":"https:\/\/www.eliassen.nl\/?product=wasserspiel-bulisban-140cm-einzigartiges-modell-co"},"modified":"2024-12-05T15:12:25","modified_gmt":"2024-12-05T14:12:25","slug":"hoher-terrassenbrunnen-grauer-penny","status":"publish","type":"product","link":"https:\/\/dev.eliassen.nl\/de\/hoher-terrassenbrunnen-grauer-penny\/","title":{"rendered":"Hoher Terrassenbrunnen grauer Penny"},"content":{"rendered":"<p><strong>Dies ist eine lose Verzierung. Erkundigen Sie sich nach den anderen erforderlichen Teilen.<\/strong><\/p>\n<p>Komplett handgefertigter hoher Terrassenbrunnen in der Farbe dunkelgrau, mit rundum ges\u00e4gten Graten f\u00fcr ein sch\u00f6nes Wasserspiel. Ein sch\u00f6nes Objekt, besonders im Dunkeln mit darauf gerichteten Scheinwerfern. Einzigartiges Modell, nirgendwo anders erh\u00e4ltlich.<\/p>\n<p><strong>PS vergessen Sie nicht, unseren Showroom mit 300 Modellen zu besuchen!<\/strong><\/p>\n<ul>\n<li>Material: Teilweise ges\u00e4gter Stein<\/li>\n<li>Gr\u00f6\u00dfe: ca. 55 x 55 cm x 215 cm hoch<\/li>\n<li>1 Jahr Garantie<\/li>\n<li>Passt in fast jeden Wassernapf<\/li>\n<li>Nur bei uns zu verkaufen!<\/li>\n<\/ul>\n<p><strong>\u00a0<\/strong><\/p>\n","protected":false},"excerpt":{"rendered":"<p>Wasserspiel Penny 215cm einzigartiges Modell Dies ist eine lose Verzierung. Erkundigen Sie sich nach den anderen erforderlichen Teilen.<\/p>\n","protected":false},"featured_media":8728,"template":"","meta":{"_acf_changed":false},"product_brand":[6916],"product_cat":[539,551,536],"product_tag":[],"class_list":{"0":"post-8737","1":"product","2":"type-product","3":"status-publish","4":"has-post-thumbnail","6":"product_brand-eliassen-de","7":"product_cat-einzigartige-eigene-modelle-von-losen-wasserspiele","8":"product_cat-lose-wasserspiele","9":"product_cat-wassereigenschaften","11":"first","12":"instock","13":"taxable","14":"shipping-taxable","15":"purchasable","16":"product-type-simple"},"acf":[],"yoast_head":"<!-- This site is optimized with the Yoast SEO plugin v23.8 - https:\/\/yoast.com\/wordpress\/plugins\/seo\/ -->\n<title>Hoher Terrassenbrunnen grau Penny | Einzigartiges Modell! | Eliassen.nl<\/title>\n<meta name=\"description\" content=\"Hoher Terrassenbrunnen in der Farbe Dunkelgrau. Nirgendwo sonst zu kaufen! Ein wundersch\u00f6ner handgefertigter hoher Brunnen f\u00fcr den Garten. Sehen Sie mehr als...\" \/>\n<meta name=\"robots\" content=\"noindex, follow, max-snippet:-1, max-image-preview:large, max-video-preview:-1\" \/>\n<meta property=\"og:locale\" content=\"de_DE\" \/>\n<meta property=\"og:type\" content=\"article\" \/>\n<meta property=\"og:title\" content=\"Hoher Terrassenbrunnen grau Penny | Einzigartiges Modell! | Eliassen.nl\" \/>\n<meta property=\"og:description\" content=\"Hoher Terrassenbrunnen in der Farbe Dunkelgrau. Nirgendwo sonst zu kaufen! Ein wundersch\u00f6ner handgefertigter hoher Brunnen f\u00fcr den Garten. Sehen Sie mehr als...\" \/>\n<meta property=\"og:url\" content=\"https:\/\/dev.eliassen.nl\/de\/hoher-terrassenbrunnen-grauer-penny\/\" \/>\n<meta property=\"og:site_name\" content=\"Eliassen.nl\" \/>\n<meta property=\"article:publisher\" content=\"https:\/\/www.facebook.com\/TuincentrumEliassenAmmerzoden\" \/>\n<meta property=\"article:modified_time\" content=\"2024-12-05T14:12:25+00:00\" \/>\n<meta property=\"og:image\" content=\"https:\/\/dev.eliassen.nl\/wp-content\/uploads\/2024\/01\/mijnproject20220930t165520335.png\" \/>\n\t<meta property=\"og:image:width\" content=\"563\" \/>\n\t<meta property=\"og:image:height\" content=\"1000\" \/>\n\t<meta property=\"og:image:type\" content=\"image\/png\" \/>\n<meta name=\"twitter:card\" content=\"summary_large_image\" \/>\n<script type=\"application\/ld+json\" class=\"yoast-schema-graph\">{\"@context\":\"https:\/\/schema.org\",\"@graph\":[{\"@type\":\"WebPage\",\"@id\":\"https:\/\/dev.eliassen.nl\/de\/hoher-terrassenbrunnen-grauer-penny\/\",\"url\":\"https:\/\/dev.eliassen.nl\/de\/hoher-terrassenbrunnen-grauer-penny\/\",\"name\":\"Hoher Terrassenbrunnen grau Penny | Einzigartiges Modell! | Eliassen.nl\",\"isPartOf\":{\"@id\":\"https:\/\/dev.eliassen.nl\/de\/#website\"},\"primaryImageOfPage\":{\"@id\":\"https:\/\/dev.eliassen.nl\/de\/hoher-terrassenbrunnen-grauer-penny\/#primaryimage\"},\"image\":{\"@id\":\"https:\/\/dev.eliassen.nl\/de\/hoher-terrassenbrunnen-grauer-penny\/#primaryimage\"},\"thumbnailUrl\":\"https:\/\/dev.eliassen.nl\/wp-content\/uploads\/2024\/01\/mijnproject20220930t165520335.png\",\"datePublished\":\"2019-10-28T15:33:44+00:00\",\"dateModified\":\"2024-12-05T14:12:25+00:00\",\"description\":\"Hoher Terrassenbrunnen in der Farbe Dunkelgrau. Nirgendwo sonst zu kaufen! Ein wundersch\u00f6ner handgefertigter hoher Brunnen f\u00fcr den Garten. Sehen Sie mehr als...\",\"breadcrumb\":{\"@id\":\"https:\/\/dev.eliassen.nl\/de\/hoher-terrassenbrunnen-grauer-penny\/#breadcrumb\"},\"inLanguage\":\"de\",\"potentialAction\":[{\"@type\":\"ReadAction\",\"target\":[\"https:\/\/dev.eliassen.nl\/de\/hoher-terrassenbrunnen-grauer-penny\/\"]}]},{\"@type\":\"ImageObject\",\"inLanguage\":\"de\",\"@id\":\"https:\/\/dev.eliassen.nl\/de\/hoher-terrassenbrunnen-grauer-penny\/#primaryimage\",\"url\":\"https:\/\/dev.eliassen.nl\/wp-content\/uploads\/2024\/01\/mijnproject20220930t165520335.png\",\"contentUrl\":\"https:\/\/dev.eliassen.nl\/wp-content\/uploads\/2024\/01\/mijnproject20220930t165520335.png\",\"width\":563,\"height\":1000,\"caption\":\"Mijn project - 2022-09-30T165520.335\"},{\"@type\":\"BreadcrumbList\",\"@id\":\"https:\/\/dev.eliassen.nl\/de\/hoher-terrassenbrunnen-grauer-penny\/#breadcrumb\",\"itemListElement\":[{\"@type\":\"ListItem\",\"position\":1,\"name\":\"Home\",\"item\":\"https:\/\/dev.eliassen.nl\/de\/\"},{\"@type\":\"ListItem\",\"position\":2,\"name\":\"Shop\",\"item\":\"https:\/\/dev.eliassen.nl\/nl\/winkel\/\"},{\"@type\":\"ListItem\",\"position\":3,\"name\":\"Wasserspiele\",\"item\":\"https:\/\/dev.eliassen.nl\/de\/wassereigenschaften\/\"},{\"@type\":\"ListItem\",\"position\":4,\"name\":\"Einzigartige eigene Modelle von losen Wasserspielen\",\"item\":\"https:\/\/dev.eliassen.nl\/de\/wassereigenschaften\/einzigartige-eigene-modelle-von-losen-wasserspiele\/\"},{\"@type\":\"ListItem\",\"position\":5,\"name\":\"Hoher Terrassenbrunnen grauer Penny\"}]},{\"@type\":\"WebSite\",\"@id\":\"https:\/\/dev.eliassen.nl\/de\/#website\",\"url\":\"https:\/\/dev.eliassen.nl\/de\/\",\"name\":\"Eliassen Home & Garden Pleasure\",\"description\":\"\",\"publisher\":{\"@id\":\"https:\/\/dev.eliassen.nl\/de\/#organization\"},\"alternateName\":\"Eliassen.nl\",\"potentialAction\":[{\"@type\":\"SearchAction\",\"target\":{\"@type\":\"EntryPoint\",\"urlTemplate\":\"https:\/\/dev.eliassen.nl\/de\/?s={search_term_string}\"},\"query-input\":{\"@type\":\"PropertyValueSpecification\",\"valueRequired\":true,\"valueName\":\"search_term_string\"}}],\"inLanguage\":\"de\"},{\"@type\":\"Organization\",\"@id\":\"https:\/\/dev.eliassen.nl\/de\/#organization\",\"name\":\"Eliassen Home & Garden Pleasure\",\"url\":\"https:\/\/dev.eliassen.nl\/de\/\",\"logo\":{\"@type\":\"ImageObject\",\"inLanguage\":\"de\",\"@id\":\"https:\/\/dev.eliassen.nl\/de\/#\/schema\/logo\/image\/\",\"url\":\"https:\/\/www.eliassen.nl\/wp-content\/uploads\/2024\/01\/logo_4nd.jpg\",\"contentUrl\":\"https:\/\/www.eliassen.nl\/wp-content\/uploads\/2024\/01\/logo_4nd.jpg\",\"width\":500,\"height\":500,\"caption\":\"Eliassen Home & Garden Pleasure\"},\"image\":{\"@id\":\"https:\/\/dev.eliassen.nl\/de\/#\/schema\/logo\/image\/\"},\"sameAs\":[\"https:\/\/www.facebook.com\/TuincentrumEliassenAmmerzoden\",\"https:\/\/www.instagram.com\/eliassenhomeandgarden\/\",\"https:\/\/nl.pinterest.com\/eliassenhomeandgarden\/\",\"https:\/\/www.youtube.com\/@eliassenhomegardenpleasure4558\"]}]}<\/script>\n<!-- \/ Yoast SEO plugin. -->","yoast_head_json":{"title":"Hoher Terrassenbrunnen grau Penny | Einzigartiges Modell! | Eliassen.nl","description":"Hoher Terrassenbrunnen in der Farbe Dunkelgrau. Nirgendwo sonst zu kaufen! Ein wundersch\u00f6ner handgefertigter hoher Brunnen f\u00fcr den Garten. Sehen Sie mehr als...","robots":{"index":"noindex","follow":"follow","max-snippet":"max-snippet:-1","max-image-preview":"max-image-preview:large","max-video-preview":"max-video-preview:-1"},"og_locale":"de_DE","og_type":"article","og_title":"Hoher Terrassenbrunnen grau Penny | Einzigartiges Modell! | Eliassen.nl","og_description":"Hoher Terrassenbrunnen in der Farbe Dunkelgrau. Nirgendwo sonst zu kaufen! Ein wundersch\u00f6ner handgefertigter hoher Brunnen f\u00fcr den Garten. Sehen Sie mehr als...","og_url":"https:\/\/dev.eliassen.nl\/de\/hoher-terrassenbrunnen-grauer-penny\/","og_site_name":"Eliassen.nl","article_publisher":"https:\/\/www.facebook.com\/TuincentrumEliassenAmmerzoden","article_modified_time":"2024-12-05T14:12:25+00:00","og_image":[{"width":563,"height":1000,"url":"https:\/\/dev.eliassen.nl\/wp-content\/uploads\/2024\/01\/mijnproject20220930t165520335.png","type":"image\/png"}],"twitter_card":"summary_large_image","schema":{"@context":"https:\/\/schema.org","@graph":[{"@type":"WebPage","@id":"https:\/\/dev.eliassen.nl\/de\/hoher-terrassenbrunnen-grauer-penny\/","url":"https:\/\/dev.eliassen.nl\/de\/hoher-terrassenbrunnen-grauer-penny\/","name":"Hoher Terrassenbrunnen grau Penny | Einzigartiges Modell! | Eliassen.nl","isPartOf":{"@id":"https:\/\/dev.eliassen.nl\/de\/#website"},"primaryImageOfPage":{"@id":"https:\/\/dev.eliassen.nl\/de\/hoher-terrassenbrunnen-grauer-penny\/#primaryimage"},"image":{"@id":"https:\/\/dev.eliassen.nl\/de\/hoher-terrassenbrunnen-grauer-penny\/#primaryimage"},"thumbnailUrl":"https:\/\/dev.eliassen.nl\/wp-content\/uploads\/2024\/01\/mijnproject20220930t165520335.png","datePublished":"2019-10-28T15:33:44+00:00","dateModified":"2024-12-05T14:12:25+00:00","description":"Hoher Terrassenbrunnen in der Farbe Dunkelgrau. Nirgendwo sonst zu kaufen! Ein wundersch\u00f6ner handgefertigter hoher Brunnen f\u00fcr den Garten. Sehen Sie mehr als...","breadcrumb":{"@id":"https:\/\/dev.eliassen.nl\/de\/hoher-terrassenbrunnen-grauer-penny\/#breadcrumb"},"inLanguage":"de","potentialAction":[{"@type":"ReadAction","target":["https:\/\/dev.eliassen.nl\/de\/hoher-terrassenbrunnen-grauer-penny\/"]}]},{"@type":"ImageObject","inLanguage":"de","@id":"https:\/\/dev.eliassen.nl\/de\/hoher-terrassenbrunnen-grauer-penny\/#primaryimage","url":"https:\/\/dev.eliassen.nl\/wp-content\/uploads\/2024\/01\/mijnproject20220930t165520335.png","contentUrl":"https:\/\/dev.eliassen.nl\/wp-content\/uploads\/2024\/01\/mijnproject20220930t165520335.png","width":563,"height":1000,"caption":"Mijn project - 2022-09-30T165520.335"},{"@type":"BreadcrumbList","@id":"https:\/\/dev.eliassen.nl\/de\/hoher-terrassenbrunnen-grauer-penny\/#breadcrumb","itemListElement":[{"@type":"ListItem","position":1,"name":"Home","item":"https:\/\/dev.eliassen.nl\/de\/"},{"@type":"ListItem","position":2,"name":"Shop","item":"https:\/\/dev.eliassen.nl\/nl\/winkel\/"},{"@type":"ListItem","position":3,"name":"Wasserspiele","item":"https:\/\/dev.eliassen.nl\/de\/wassereigenschaften\/"},{"@type":"ListItem","position":4,"name":"Einzigartige eigene Modelle von losen Wasserspielen","item":"https:\/\/dev.eliassen.nl\/de\/wassereigenschaften\/einzigartige-eigene-modelle-von-losen-wasserspiele\/"},{"@type":"ListItem","position":5,"name":"Hoher Terrassenbrunnen grauer Penny"}]},{"@type":"WebSite","@id":"https:\/\/dev.eliassen.nl\/de\/#website","url":"https:\/\/dev.eliassen.nl\/de\/","name":"Eliassen Home & Garden Pleasure","description":"","publisher":{"@id":"https:\/\/dev.eliassen.nl\/de\/#organization"},"alternateName":"Eliassen.nl","potentialAction":[{"@type":"SearchAction","target":{"@type":"EntryPoint","urlTemplate":"https:\/\/dev.eliassen.nl\/de\/?s={search_term_string}"},"query-input":{"@type":"PropertyValueSpecification","valueRequired":true,"valueName":"search_term_string"}}],"inLanguage":"de"},{"@type":"Organization","@id":"https:\/\/dev.eliassen.nl\/de\/#organization","name":"Eliassen Home & Garden Pleasure","url":"https:\/\/dev.eliassen.nl\/de\/","logo":{"@type":"ImageObject","inLanguage":"de","@id":"https:\/\/dev.eliassen.nl\/de\/#\/schema\/logo\/image\/","url":"https:\/\/www.eliassen.nl\/wp-content\/uploads\/2024\/01\/logo_4nd.jpg","contentUrl":"https:\/\/www.eliassen.nl\/wp-content\/uploads\/2024\/01\/logo_4nd.jpg","width":500,"height":500,"caption":"Eliassen Home & Garden Pleasure"},"image":{"@id":"https:\/\/dev.eliassen.nl\/de\/#\/schema\/logo\/image\/"},"sameAs":["https:\/\/www.facebook.com\/TuincentrumEliassenAmmerzoden","https:\/\/www.instagram.com\/eliassenhomeandgarden\/","https:\/\/nl.pinterest.com\/eliassenhomeandgarden\/","https:\/\/www.youtube.com\/@eliassenhomegardenpleasure4558"]}]}},"df_price":875,"df_sale_price":"","df_regular_price":875,"df_image_link":"https:\/\/dev.eliassen.nl\/wp-content\/uploads\/2024\/01\/mijnproject20220930t165520335.png","image":"https:\/\/dev.eliassen.nl\/wp-content\/uploads\/2024\/01\/mijnproject20220930t165520335.png","price_search":"<span class=\"woocommerce-Price-amount amount\"><bdi><span class=\"woocommerce-Price-currencySymbol\">&euro;<\/span>&nbsp;875,00<\/bdi><\/span>","category":"Einzigartige eigene Modelle von losen Wasserspielen","_links":{"self":[{"href":"https:\/\/dev.eliassen.nl\/de\/wp-json\/wp\/v2\/product\/8737","targetHints":{"allow":["GET"]}}],"collection":[{"href":"https:\/\/dev.eliassen.nl\/de\/wp-json\/wp\/v2\/product"}],"about":[{"href":"https:\/\/dev.eliassen.nl\/de\/wp-json\/wp\/v2\/types\/product"}],"wp:featuredmedia":[{"embeddable":true,"href":"https:\/\/dev.eliassen.nl\/de\/wp-json\/wp\/v2\/media\/8728"}],"wp:attachment":[{"href":"https:\/\/dev.eliassen.nl\/de\/wp-json\/wp\/v2\/media?parent=8737"}],"wp:term":[{"taxonomy":"product_brand","embeddable":true,"href":"https:\/\/dev.eliassen.nl\/de\/wp-json\/wp\/v2\/product_brand?post=8737"},{"taxonomy":"product_cat","embeddable":true,"href":"https:\/\/dev.eliassen.nl\/de\/wp-json\/wp\/v2\/product_cat?post=8737"},{"taxonomy":"product_tag","embeddable":true,"href":"https:\/\/dev.eliassen.nl\/de\/wp-json\/wp\/v2\/product_tag?post=8737"}],"curies":[{"name":"wp","href":"https:\/\/api.w.org\/{rel}","templated":true}]}}