{"id":87973,"date":"2023-03-10T10:00:51","date_gmt":"2023-03-10T09:00:51","guid":{"rendered":"https:\/\/www.eliassen.nl\/?product=tandwielklok-industrieel-zwart-102cm"},"modified":"2024-12-05T16:22:56","modified_gmt":"2024-12-05T15:22:56","slug":"zahnraduhr-industrie-schwarz-102cm","status":"publish","type":"product","link":"https:\/\/dev.eliassen.nl\/de\/zahnraduhr-industrie-schwarz-102cm\/","title":{"rendered":"Zahnraduhr industriell schwarz 102cm"},"content":{"rendered":"<p>Es wird eine Freude sein, zu sehen, wie sp\u00e4t es jetzt ist, mit dieser extragro\u00dfen XXL-dicken, sch\u00f6nen runden schwarz\/grauen Wanduhr mit rotierenden Zahnr\u00e4dern. Diese sehr sch\u00f6ne Uhr hat einen braunen Stahlrahmen mit dezenten Zahlen.<\/p>\n<p>Diese Art von Wanduhr passt in alle Innenr\u00e4ume, sowohl l\u00e4ndliche als auch industrielle Innenr\u00e4ume.<\/p>\n<p>Das Besondere an dieser Uhr ist, dass sich in der Mitte mehrere Zahnr\u00e4der befinden, die mit 2 AA-Taschenlampen sehr lange laufen.<\/p>\n<p>Der Antrieb der Zahnr\u00e4der erfolgt durch einen hochwertigen, neuartigen Elektromotor, sodass die Motorger\u00e4usche vernachl\u00e4ssigbar gering sind.<\/p>\n<ul>\n<li>Gr\u00f6\u00dfe: Durchmesser 102 cm, <strong>Dicke 15 cm<\/strong> .<\/li>\n<li>Material: Metall und Glas.<\/li>\n<li>Farbe: schwarz\/grau.<\/li>\n<li>stabiles Eisengeh\u00e4use.<\/li>\n<li>ausgestattet mit Quarzwerk.<\/li>\n<li>Industrie-Look.<\/li>\n<li>ab Lager lieferbar.<\/li>\n<li>1 Jahr Garantie.<\/li>\n<\/ul>\n","protected":false},"excerpt":{"rendered":"<p>schwarz\/graue extra gro\u00dfe dicke Zahnraduhr<\/p>\n","protected":false},"featured_media":87967,"template":"","meta":{"_acf_changed":false},"product_brand":[],"product_cat":[509,521],"product_tag":[],"class_list":{"0":"post-87973","1":"product","2":"type-product","3":"status-publish","4":"has-post-thumbnail","6":"product_cat-wanddekoration","7":"product_cat-wanduhren","9":"first","10":"instock","11":"taxable","12":"shipping-taxable","13":"purchasable","14":"product-type-simple"},"acf":[],"yoast_head":"<!-- This site is optimized with the Yoast SEO plugin v23.8 - https:\/\/yoast.com\/wordpress\/plugins\/seo\/ -->\n<title>Tandwielklok industrieel zwart 102cm<\/title>\n<meta name=\"description\" content=\"Tandwielklokken? Kom onze gehele collectie gerust live bekijken !!\" \/>\n<meta name=\"robots\" content=\"noindex, follow, max-snippet:-1, max-image-preview:large, max-video-preview:-1\" \/>\n<meta property=\"og:locale\" content=\"de_DE\" \/>\n<meta property=\"og:type\" content=\"article\" \/>\n<meta property=\"og:title\" content=\"Tandwielklok industrieel zwart 102cm\" \/>\n<meta property=\"og:description\" content=\"Tandwielklokken? Kom onze gehele collectie gerust live bekijken !!\" \/>\n<meta property=\"og:url\" content=\"https:\/\/dev.eliassen.nl\/de\/zahnraduhr-industrie-schwarz-102cm\/\" \/>\n<meta property=\"og:site_name\" content=\"Eliassen.nl\" \/>\n<meta property=\"article:publisher\" content=\"https:\/\/www.facebook.com\/TuincentrumEliassenAmmerzoden\" \/>\n<meta property=\"article:modified_time\" content=\"2024-12-05T15:22:56+00:00\" \/>\n<meta property=\"og:image\" content=\"https:\/\/dev.eliassen.nl\/wp-content\/uploads\/2024\/01\/g61185970clockgear102cmblack18597.jpg\" \/>\n\t<meta property=\"og:image:width\" content=\"1968\" \/>\n\t<meta property=\"og:image:height\" content=\"1968\" \/>\n\t<meta property=\"og:image:type\" content=\"image\/jpeg\" \/>\n<meta name=\"twitter:card\" content=\"summary_large_image\" \/>\n<script type=\"application\/ld+json\" class=\"yoast-schema-graph\">{\"@context\":\"https:\/\/schema.org\",\"@graph\":[{\"@type\":\"WebPage\",\"@id\":\"https:\/\/dev.eliassen.nl\/de\/zahnraduhr-industrie-schwarz-102cm\/\",\"url\":\"https:\/\/dev.eliassen.nl\/de\/zahnraduhr-industrie-schwarz-102cm\/\",\"name\":\"Tandwielklok industrieel zwart 102cm\",\"isPartOf\":{\"@id\":\"https:\/\/dev.eliassen.nl\/de\/#website\"},\"primaryImageOfPage\":{\"@id\":\"https:\/\/dev.eliassen.nl\/de\/zahnraduhr-industrie-schwarz-102cm\/#primaryimage\"},\"image\":{\"@id\":\"https:\/\/dev.eliassen.nl\/de\/zahnraduhr-industrie-schwarz-102cm\/#primaryimage\"},\"thumbnailUrl\":\"https:\/\/dev.eliassen.nl\/wp-content\/uploads\/2024\/01\/g61185970clockgear102cmblack18597.jpg\",\"datePublished\":\"2023-03-10T09:00:51+00:00\",\"dateModified\":\"2024-12-05T15:22:56+00:00\",\"description\":\"Tandwielklokken? Kom onze gehele collectie gerust live bekijken !!\",\"breadcrumb\":{\"@id\":\"https:\/\/dev.eliassen.nl\/de\/zahnraduhr-industrie-schwarz-102cm\/#breadcrumb\"},\"inLanguage\":\"de\",\"potentialAction\":[{\"@type\":\"ReadAction\",\"target\":[\"https:\/\/dev.eliassen.nl\/de\/zahnraduhr-industrie-schwarz-102cm\/\"]}]},{\"@type\":\"ImageObject\",\"inLanguage\":\"de\",\"@id\":\"https:\/\/dev.eliassen.nl\/de\/zahnraduhr-industrie-schwarz-102cm\/#primaryimage\",\"url\":\"https:\/\/dev.eliassen.nl\/wp-content\/uploads\/2024\/01\/g61185970clockgear102cmblack18597.jpg\",\"contentUrl\":\"https:\/\/dev.eliassen.nl\/wp-content\/uploads\/2024\/01\/g61185970clockgear102cmblack18597.jpg\",\"width\":1968,\"height\":1968,\"caption\":\"G6118597_0 Clock Gear \u00d8102cm Black 18597\"},{\"@type\":\"BreadcrumbList\",\"@id\":\"https:\/\/dev.eliassen.nl\/de\/zahnraduhr-industrie-schwarz-102cm\/#breadcrumb\",\"itemListElement\":[{\"@type\":\"ListItem\",\"position\":1,\"name\":\"Home\",\"item\":\"https:\/\/dev.eliassen.nl\/de\/\"},{\"@type\":\"ListItem\",\"position\":2,\"name\":\"Shop\",\"item\":\"https:\/\/dev.eliassen.nl\/nl\/winkel\/\"},{\"@type\":\"ListItem\",\"position\":3,\"name\":\"Wanddekoration\",\"item\":\"https:\/\/dev.eliassen.nl\/de\/wanddekoration\/\"},{\"@type\":\"ListItem\",\"position\":4,\"name\":\"Wanduhren\",\"item\":\"https:\/\/dev.eliassen.nl\/de\/wanddekoration\/wanduhren\/\"},{\"@type\":\"ListItem\",\"position\":5,\"name\":\"Zahnraduhr industriell schwarz 102cm\"}]},{\"@type\":\"WebSite\",\"@id\":\"https:\/\/dev.eliassen.nl\/de\/#website\",\"url\":\"https:\/\/dev.eliassen.nl\/de\/\",\"name\":\"Eliassen Home & Garden Pleasure\",\"description\":\"\",\"publisher\":{\"@id\":\"https:\/\/dev.eliassen.nl\/de\/#organization\"},\"alternateName\":\"Eliassen.nl\",\"potentialAction\":[{\"@type\":\"SearchAction\",\"target\":{\"@type\":\"EntryPoint\",\"urlTemplate\":\"https:\/\/dev.eliassen.nl\/de\/?s={search_term_string}\"},\"query-input\":{\"@type\":\"PropertyValueSpecification\",\"valueRequired\":true,\"valueName\":\"search_term_string\"}}],\"inLanguage\":\"de\"},{\"@type\":\"Organization\",\"@id\":\"https:\/\/dev.eliassen.nl\/de\/#organization\",\"name\":\"Eliassen Home & Garden Pleasure\",\"url\":\"https:\/\/dev.eliassen.nl\/de\/\",\"logo\":{\"@type\":\"ImageObject\",\"inLanguage\":\"de\",\"@id\":\"https:\/\/dev.eliassen.nl\/de\/#\/schema\/logo\/image\/\",\"url\":\"https:\/\/www.eliassen.nl\/wp-content\/uploads\/2024\/01\/logo_4nd.jpg\",\"contentUrl\":\"https:\/\/www.eliassen.nl\/wp-content\/uploads\/2024\/01\/logo_4nd.jpg\",\"width\":500,\"height\":500,\"caption\":\"Eliassen Home & Garden Pleasure\"},\"image\":{\"@id\":\"https:\/\/dev.eliassen.nl\/de\/#\/schema\/logo\/image\/\"},\"sameAs\":[\"https:\/\/www.facebook.com\/TuincentrumEliassenAmmerzoden\",\"https:\/\/www.instagram.com\/eliassenhomeandgarden\/\",\"https:\/\/nl.pinterest.com\/eliassenhomeandgarden\/\",\"https:\/\/www.youtube.com\/@eliassenhomegardenpleasure4558\"]}]}<\/script>\n<!-- \/ Yoast SEO plugin. -->","yoast_head_json":{"title":"Tandwielklok industrieel zwart 102cm","description":"Tandwielklokken? Kom onze gehele collectie gerust live bekijken !!","robots":{"index":"noindex","follow":"follow","max-snippet":"max-snippet:-1","max-image-preview":"max-image-preview:large","max-video-preview":"max-video-preview:-1"},"og_locale":"de_DE","og_type":"article","og_title":"Tandwielklok industrieel zwart 102cm","og_description":"Tandwielklokken? Kom onze gehele collectie gerust live bekijken !!","og_url":"https:\/\/dev.eliassen.nl\/de\/zahnraduhr-industrie-schwarz-102cm\/","og_site_name":"Eliassen.nl","article_publisher":"https:\/\/www.facebook.com\/TuincentrumEliassenAmmerzoden","article_modified_time":"2024-12-05T15:22:56+00:00","og_image":[{"width":1968,"height":1968,"url":"https:\/\/dev.eliassen.nl\/wp-content\/uploads\/2024\/01\/g61185970clockgear102cmblack18597.jpg","type":"image\/jpeg"}],"twitter_card":"summary_large_image","schema":{"@context":"https:\/\/schema.org","@graph":[{"@type":"WebPage","@id":"https:\/\/dev.eliassen.nl\/de\/zahnraduhr-industrie-schwarz-102cm\/","url":"https:\/\/dev.eliassen.nl\/de\/zahnraduhr-industrie-schwarz-102cm\/","name":"Tandwielklok industrieel zwart 102cm","isPartOf":{"@id":"https:\/\/dev.eliassen.nl\/de\/#website"},"primaryImageOfPage":{"@id":"https:\/\/dev.eliassen.nl\/de\/zahnraduhr-industrie-schwarz-102cm\/#primaryimage"},"image":{"@id":"https:\/\/dev.eliassen.nl\/de\/zahnraduhr-industrie-schwarz-102cm\/#primaryimage"},"thumbnailUrl":"https:\/\/dev.eliassen.nl\/wp-content\/uploads\/2024\/01\/g61185970clockgear102cmblack18597.jpg","datePublished":"2023-03-10T09:00:51+00:00","dateModified":"2024-12-05T15:22:56+00:00","description":"Tandwielklokken? Kom onze gehele collectie gerust live bekijken !!","breadcrumb":{"@id":"https:\/\/dev.eliassen.nl\/de\/zahnraduhr-industrie-schwarz-102cm\/#breadcrumb"},"inLanguage":"de","potentialAction":[{"@type":"ReadAction","target":["https:\/\/dev.eliassen.nl\/de\/zahnraduhr-industrie-schwarz-102cm\/"]}]},{"@type":"ImageObject","inLanguage":"de","@id":"https:\/\/dev.eliassen.nl\/de\/zahnraduhr-industrie-schwarz-102cm\/#primaryimage","url":"https:\/\/dev.eliassen.nl\/wp-content\/uploads\/2024\/01\/g61185970clockgear102cmblack18597.jpg","contentUrl":"https:\/\/dev.eliassen.nl\/wp-content\/uploads\/2024\/01\/g61185970clockgear102cmblack18597.jpg","width":1968,"height":1968,"caption":"G6118597_0 Clock Gear \u00d8102cm Black 18597"},{"@type":"BreadcrumbList","@id":"https:\/\/dev.eliassen.nl\/de\/zahnraduhr-industrie-schwarz-102cm\/#breadcrumb","itemListElement":[{"@type":"ListItem","position":1,"name":"Home","item":"https:\/\/dev.eliassen.nl\/de\/"},{"@type":"ListItem","position":2,"name":"Shop","item":"https:\/\/dev.eliassen.nl\/nl\/winkel\/"},{"@type":"ListItem","position":3,"name":"Wanddekoration","item":"https:\/\/dev.eliassen.nl\/de\/wanddekoration\/"},{"@type":"ListItem","position":4,"name":"Wanduhren","item":"https:\/\/dev.eliassen.nl\/de\/wanddekoration\/wanduhren\/"},{"@type":"ListItem","position":5,"name":"Zahnraduhr industriell schwarz 102cm"}]},{"@type":"WebSite","@id":"https:\/\/dev.eliassen.nl\/de\/#website","url":"https:\/\/dev.eliassen.nl\/de\/","name":"Eliassen Home & Garden Pleasure","description":"","publisher":{"@id":"https:\/\/dev.eliassen.nl\/de\/#organization"},"alternateName":"Eliassen.nl","potentialAction":[{"@type":"SearchAction","target":{"@type":"EntryPoint","urlTemplate":"https:\/\/dev.eliassen.nl\/de\/?s={search_term_string}"},"query-input":{"@type":"PropertyValueSpecification","valueRequired":true,"valueName":"search_term_string"}}],"inLanguage":"de"},{"@type":"Organization","@id":"https:\/\/dev.eliassen.nl\/de\/#organization","name":"Eliassen Home & Garden Pleasure","url":"https:\/\/dev.eliassen.nl\/de\/","logo":{"@type":"ImageObject","inLanguage":"de","@id":"https:\/\/dev.eliassen.nl\/de\/#\/schema\/logo\/image\/","url":"https:\/\/www.eliassen.nl\/wp-content\/uploads\/2024\/01\/logo_4nd.jpg","contentUrl":"https:\/\/www.eliassen.nl\/wp-content\/uploads\/2024\/01\/logo_4nd.jpg","width":500,"height":500,"caption":"Eliassen Home & Garden Pleasure"},"image":{"@id":"https:\/\/dev.eliassen.nl\/de\/#\/schema\/logo\/image\/"},"sameAs":["https:\/\/www.facebook.com\/TuincentrumEliassenAmmerzoden","https:\/\/www.instagram.com\/eliassenhomeandgarden\/","https:\/\/nl.pinterest.com\/eliassenhomeandgarden\/","https:\/\/www.youtube.com\/@eliassenhomegardenpleasure4558"]}]}},"df_price":369,"df_sale_price":"","df_regular_price":369,"df_image_link":"https:\/\/dev.eliassen.nl\/wp-content\/uploads\/2024\/01\/g61185970clockgear102cmblack18597.jpg","image":"https:\/\/dev.eliassen.nl\/wp-content\/uploads\/2024\/01\/g61185970clockgear102cmblack18597.jpg","price_search":"<span class=\"woocommerce-Price-amount amount\"><bdi><span class=\"woocommerce-Price-currencySymbol\">&euro;<\/span>&nbsp;369,00<\/bdi><\/span>","category":"Wanddekoration","_links":{"self":[{"href":"https:\/\/dev.eliassen.nl\/de\/wp-json\/wp\/v2\/product\/87973","targetHints":{"allow":["GET"]}}],"collection":[{"href":"https:\/\/dev.eliassen.nl\/de\/wp-json\/wp\/v2\/product"}],"about":[{"href":"https:\/\/dev.eliassen.nl\/de\/wp-json\/wp\/v2\/types\/product"}],"wp:featuredmedia":[{"embeddable":true,"href":"https:\/\/dev.eliassen.nl\/de\/wp-json\/wp\/v2\/media\/87967"}],"wp:attachment":[{"href":"https:\/\/dev.eliassen.nl\/de\/wp-json\/wp\/v2\/media?parent=87973"}],"wp:term":[{"taxonomy":"product_brand","embeddable":true,"href":"https:\/\/dev.eliassen.nl\/de\/wp-json\/wp\/v2\/product_brand?post=87973"},{"taxonomy":"product_cat","embeddable":true,"href":"https:\/\/dev.eliassen.nl\/de\/wp-json\/wp\/v2\/product_cat?post=87973"},{"taxonomy":"product_tag","embeddable":true,"href":"https:\/\/dev.eliassen.nl\/de\/wp-json\/wp\/v2\/product_tag?post=87973"}],"curies":[{"name":"wp","href":"https:\/\/api.w.org\/{rel}","templated":true}]}}