{"id":88003,"date":"2023-03-10T11:00:06","date_gmt":"2023-03-10T10:00:06","guid":{"rendered":"https:\/\/www.eliassen.nl\/?product=tandwielklok-industrial-55cm-bronskleur"},"modified":"2024-12-05T16:22:58","modified_gmt":"2024-12-05T15:22:58","slug":"getriebeuhr-industriell-55cm-bronzefarben","status":"publish","type":"product","link":"https:\/\/dev.eliassen.nl\/de\/getriebeuhr-industriell-55cm-bronzefarben\/","title":{"rendered":"Getriebeuhr industriell 55cm bronzefarben"},"content":{"rendered":"<p>Mit dieser sch\u00f6nen offenen runden bronzefarbenen Wanduhr mit beweglichen Teilen wird es eine Freude sein, zu sehen, wie sp\u00e4t es ist. Diese sehr sch\u00f6ne Uhr hat einen braunen Stahlrahmen mit dezenten Zahlen.<\/p>\n<p>Diese Art von Wanduhr passt in alle Innenr\u00e4ume, sowohl l\u00e4ndliche als auch industrielle Innenr\u00e4ume.<\/p>\n<p>Das Besondere an dieser Uhr ist, dass sich in der Mitte mehrere Zahnr\u00e4der befinden, die mit 2 AA-Taschenlampen sehr lange laufen.<\/p>\n<p>Der Antrieb der Zahnr\u00e4der erfolgt durch einen hochwertigen, neuartigen Elektromotor, sodass die Motorger\u00e4usche vernachl\u00e4ssigbar gering sind.<\/p>\n<ul>\n<li>Gr\u00f6\u00dfe: Durchmesser 55 cm, <strong>Dicke 8 cm<\/strong> .<\/li>\n<li>Material: Metall und Glas.<\/li>\n<li>Farbe: altbraun-goldene Farbe.<\/li>\n<li>stabiles Eisengeh\u00e4use.<\/li>\n<li>ausgestattet mit Quarzwerk.<\/li>\n<li>Industrie-Look.<\/li>\n<li>ab Lager lieferbar.<\/li>\n<li>1 Jahr Garantie.<\/li>\n<\/ul>\n","protected":false},"excerpt":{"rendered":"<p>bronzefarbene offene Uhr mit Zahnr\u00e4dern<\/p>\n","protected":false},"featured_media":88000,"template":"","meta":{"_acf_changed":false},"product_brand":[],"product_cat":[509,521],"product_tag":[],"class_list":{"0":"post-88003","1":"product","2":"type-product","3":"status-publish","4":"has-post-thumbnail","6":"product_cat-wanddekoration","7":"product_cat-wanduhren","9":"first","10":"instock","11":"taxable","12":"shipping-taxable","13":"purchasable","14":"product-type-simple"},"acf":[],"yoast_head":"<!-- This site is optimized with the Yoast SEO plugin v23.8 - https:\/\/yoast.com\/wordpress\/plugins\/seo\/ -->\n<title>Getriebeuhr Industrie 55cm bronzefarben - Eliassen.nl<\/title>\n<meta name=\"description\" content=\"Ganguhren? Kommen Sie gerne vorbei und sehen Sie sich unsere gesamte Kollektion live an!!\" \/>\n<meta name=\"robots\" content=\"noindex, follow, max-snippet:-1, max-image-preview:large, max-video-preview:-1\" \/>\n<meta property=\"og:locale\" content=\"de_DE\" \/>\n<meta property=\"og:type\" content=\"article\" \/>\n<meta property=\"og:title\" content=\"Getriebeuhr Industrie 55cm bronzefarben - Eliassen.nl\" \/>\n<meta property=\"og:description\" content=\"Ganguhren? Kommen Sie gerne vorbei und sehen Sie sich unsere gesamte Kollektion live an!!\" \/>\n<meta property=\"og:url\" content=\"https:\/\/dev.eliassen.nl\/de\/getriebeuhr-industriell-55cm-bronzefarben\/\" \/>\n<meta property=\"og:site_name\" content=\"Eliassen.nl\" \/>\n<meta property=\"article:publisher\" content=\"https:\/\/www.facebook.com\/TuincentrumEliassenAmmerzoden\" \/>\n<meta property=\"article:modified_time\" content=\"2024-12-05T15:22:58+00:00\" \/>\n<meta property=\"og:image\" content=\"https:\/\/dev.eliassen.nl\/wp-content\/uploads\/2024\/01\/g61200950clockgear65cmcopper20095.jpg\" \/>\n\t<meta property=\"og:image:width\" content=\"600\" \/>\n\t<meta property=\"og:image:height\" content=\"582\" \/>\n\t<meta property=\"og:image:type\" content=\"image\/jpeg\" \/>\n<meta name=\"twitter:card\" content=\"summary_large_image\" \/>\n<script type=\"application\/ld+json\" class=\"yoast-schema-graph\">{\"@context\":\"https:\/\/schema.org\",\"@graph\":[{\"@type\":\"WebPage\",\"@id\":\"https:\/\/dev.eliassen.nl\/de\/getriebeuhr-industriell-55cm-bronzefarben\/\",\"url\":\"https:\/\/dev.eliassen.nl\/de\/getriebeuhr-industriell-55cm-bronzefarben\/\",\"name\":\"Getriebeuhr Industrie 55cm bronzefarben - Eliassen.nl\",\"isPartOf\":{\"@id\":\"https:\/\/dev.eliassen.nl\/de\/#website\"},\"primaryImageOfPage\":{\"@id\":\"https:\/\/dev.eliassen.nl\/de\/getriebeuhr-industriell-55cm-bronzefarben\/#primaryimage\"},\"image\":{\"@id\":\"https:\/\/dev.eliassen.nl\/de\/getriebeuhr-industriell-55cm-bronzefarben\/#primaryimage\"},\"thumbnailUrl\":\"https:\/\/dev.eliassen.nl\/wp-content\/uploads\/2024\/01\/g61200950clockgear65cmcopper20095.jpg\",\"datePublished\":\"2023-03-10T10:00:06+00:00\",\"dateModified\":\"2024-12-05T15:22:58+00:00\",\"description\":\"Ganguhren? Kommen Sie gerne vorbei und sehen Sie sich unsere gesamte Kollektion live an!!\",\"breadcrumb\":{\"@id\":\"https:\/\/dev.eliassen.nl\/de\/getriebeuhr-industriell-55cm-bronzefarben\/#breadcrumb\"},\"inLanguage\":\"de\",\"potentialAction\":[{\"@type\":\"ReadAction\",\"target\":[\"https:\/\/dev.eliassen.nl\/de\/getriebeuhr-industriell-55cm-bronzefarben\/\"]}]},{\"@type\":\"ImageObject\",\"inLanguage\":\"de\",\"@id\":\"https:\/\/dev.eliassen.nl\/de\/getriebeuhr-industriell-55cm-bronzefarben\/#primaryimage\",\"url\":\"https:\/\/dev.eliassen.nl\/wp-content\/uploads\/2024\/01\/g61200950clockgear65cmcopper20095.jpg\",\"contentUrl\":\"https:\/\/dev.eliassen.nl\/wp-content\/uploads\/2024\/01\/g61200950clockgear65cmcopper20095.jpg\",\"width\":600,\"height\":582,\"caption\":\"G6120095_0 Clock Gear \u00d865cm Copper 20095\"},{\"@type\":\"BreadcrumbList\",\"@id\":\"https:\/\/dev.eliassen.nl\/de\/getriebeuhr-industriell-55cm-bronzefarben\/#breadcrumb\",\"itemListElement\":[{\"@type\":\"ListItem\",\"position\":1,\"name\":\"Home\",\"item\":\"https:\/\/dev.eliassen.nl\/de\/\"},{\"@type\":\"ListItem\",\"position\":2,\"name\":\"Shop\",\"item\":\"https:\/\/dev.eliassen.nl\/nl\/winkel\/\"},{\"@type\":\"ListItem\",\"position\":3,\"name\":\"Wanddekoration\",\"item\":\"https:\/\/dev.eliassen.nl\/de\/wanddekoration\/\"},{\"@type\":\"ListItem\",\"position\":4,\"name\":\"Wanduhren\",\"item\":\"https:\/\/dev.eliassen.nl\/de\/wanddekoration\/wanduhren\/\"},{\"@type\":\"ListItem\",\"position\":5,\"name\":\"Getriebeuhr industriell 55cm bronzefarben\"}]},{\"@type\":\"WebSite\",\"@id\":\"https:\/\/dev.eliassen.nl\/de\/#website\",\"url\":\"https:\/\/dev.eliassen.nl\/de\/\",\"name\":\"Eliassen Home & Garden Pleasure\",\"description\":\"\",\"publisher\":{\"@id\":\"https:\/\/dev.eliassen.nl\/de\/#organization\"},\"alternateName\":\"Eliassen.nl\",\"potentialAction\":[{\"@type\":\"SearchAction\",\"target\":{\"@type\":\"EntryPoint\",\"urlTemplate\":\"https:\/\/dev.eliassen.nl\/de\/?s={search_term_string}\"},\"query-input\":{\"@type\":\"PropertyValueSpecification\",\"valueRequired\":true,\"valueName\":\"search_term_string\"}}],\"inLanguage\":\"de\"},{\"@type\":\"Organization\",\"@id\":\"https:\/\/dev.eliassen.nl\/de\/#organization\",\"name\":\"Eliassen Home & Garden Pleasure\",\"url\":\"https:\/\/dev.eliassen.nl\/de\/\",\"logo\":{\"@type\":\"ImageObject\",\"inLanguage\":\"de\",\"@id\":\"https:\/\/dev.eliassen.nl\/de\/#\/schema\/logo\/image\/\",\"url\":\"https:\/\/www.eliassen.nl\/wp-content\/uploads\/2024\/01\/logo_4nd.jpg\",\"contentUrl\":\"https:\/\/www.eliassen.nl\/wp-content\/uploads\/2024\/01\/logo_4nd.jpg\",\"width\":500,\"height\":500,\"caption\":\"Eliassen Home & Garden Pleasure\"},\"image\":{\"@id\":\"https:\/\/dev.eliassen.nl\/de\/#\/schema\/logo\/image\/\"},\"sameAs\":[\"https:\/\/www.facebook.com\/TuincentrumEliassenAmmerzoden\",\"https:\/\/www.instagram.com\/eliassenhomeandgarden\/\",\"https:\/\/nl.pinterest.com\/eliassenhomeandgarden\/\",\"https:\/\/www.youtube.com\/@eliassenhomegardenpleasure4558\"]}]}<\/script>\n<!-- \/ Yoast SEO plugin. -->","yoast_head_json":{"title":"Getriebeuhr Industrie 55cm bronzefarben - Eliassen.nl","description":"Ganguhren? Kommen Sie gerne vorbei und sehen Sie sich unsere gesamte Kollektion live an!!","robots":{"index":"noindex","follow":"follow","max-snippet":"max-snippet:-1","max-image-preview":"max-image-preview:large","max-video-preview":"max-video-preview:-1"},"og_locale":"de_DE","og_type":"article","og_title":"Getriebeuhr Industrie 55cm bronzefarben - Eliassen.nl","og_description":"Ganguhren? Kommen Sie gerne vorbei und sehen Sie sich unsere gesamte Kollektion live an!!","og_url":"https:\/\/dev.eliassen.nl\/de\/getriebeuhr-industriell-55cm-bronzefarben\/","og_site_name":"Eliassen.nl","article_publisher":"https:\/\/www.facebook.com\/TuincentrumEliassenAmmerzoden","article_modified_time":"2024-12-05T15:22:58+00:00","og_image":[{"width":600,"height":582,"url":"https:\/\/dev.eliassen.nl\/wp-content\/uploads\/2024\/01\/g61200950clockgear65cmcopper20095.jpg","type":"image\/jpeg"}],"twitter_card":"summary_large_image","schema":{"@context":"https:\/\/schema.org","@graph":[{"@type":"WebPage","@id":"https:\/\/dev.eliassen.nl\/de\/getriebeuhr-industriell-55cm-bronzefarben\/","url":"https:\/\/dev.eliassen.nl\/de\/getriebeuhr-industriell-55cm-bronzefarben\/","name":"Getriebeuhr Industrie 55cm bronzefarben - Eliassen.nl","isPartOf":{"@id":"https:\/\/dev.eliassen.nl\/de\/#website"},"primaryImageOfPage":{"@id":"https:\/\/dev.eliassen.nl\/de\/getriebeuhr-industriell-55cm-bronzefarben\/#primaryimage"},"image":{"@id":"https:\/\/dev.eliassen.nl\/de\/getriebeuhr-industriell-55cm-bronzefarben\/#primaryimage"},"thumbnailUrl":"https:\/\/dev.eliassen.nl\/wp-content\/uploads\/2024\/01\/g61200950clockgear65cmcopper20095.jpg","datePublished":"2023-03-10T10:00:06+00:00","dateModified":"2024-12-05T15:22:58+00:00","description":"Ganguhren? Kommen Sie gerne vorbei und sehen Sie sich unsere gesamte Kollektion live an!!","breadcrumb":{"@id":"https:\/\/dev.eliassen.nl\/de\/getriebeuhr-industriell-55cm-bronzefarben\/#breadcrumb"},"inLanguage":"de","potentialAction":[{"@type":"ReadAction","target":["https:\/\/dev.eliassen.nl\/de\/getriebeuhr-industriell-55cm-bronzefarben\/"]}]},{"@type":"ImageObject","inLanguage":"de","@id":"https:\/\/dev.eliassen.nl\/de\/getriebeuhr-industriell-55cm-bronzefarben\/#primaryimage","url":"https:\/\/dev.eliassen.nl\/wp-content\/uploads\/2024\/01\/g61200950clockgear65cmcopper20095.jpg","contentUrl":"https:\/\/dev.eliassen.nl\/wp-content\/uploads\/2024\/01\/g61200950clockgear65cmcopper20095.jpg","width":600,"height":582,"caption":"G6120095_0 Clock Gear \u00d865cm Copper 20095"},{"@type":"BreadcrumbList","@id":"https:\/\/dev.eliassen.nl\/de\/getriebeuhr-industriell-55cm-bronzefarben\/#breadcrumb","itemListElement":[{"@type":"ListItem","position":1,"name":"Home","item":"https:\/\/dev.eliassen.nl\/de\/"},{"@type":"ListItem","position":2,"name":"Shop","item":"https:\/\/dev.eliassen.nl\/nl\/winkel\/"},{"@type":"ListItem","position":3,"name":"Wanddekoration","item":"https:\/\/dev.eliassen.nl\/de\/wanddekoration\/"},{"@type":"ListItem","position":4,"name":"Wanduhren","item":"https:\/\/dev.eliassen.nl\/de\/wanddekoration\/wanduhren\/"},{"@type":"ListItem","position":5,"name":"Getriebeuhr industriell 55cm bronzefarben"}]},{"@type":"WebSite","@id":"https:\/\/dev.eliassen.nl\/de\/#website","url":"https:\/\/dev.eliassen.nl\/de\/","name":"Eliassen Home & Garden Pleasure","description":"","publisher":{"@id":"https:\/\/dev.eliassen.nl\/de\/#organization"},"alternateName":"Eliassen.nl","potentialAction":[{"@type":"SearchAction","target":{"@type":"EntryPoint","urlTemplate":"https:\/\/dev.eliassen.nl\/de\/?s={search_term_string}"},"query-input":{"@type":"PropertyValueSpecification","valueRequired":true,"valueName":"search_term_string"}}],"inLanguage":"de"},{"@type":"Organization","@id":"https:\/\/dev.eliassen.nl\/de\/#organization","name":"Eliassen Home & Garden Pleasure","url":"https:\/\/dev.eliassen.nl\/de\/","logo":{"@type":"ImageObject","inLanguage":"de","@id":"https:\/\/dev.eliassen.nl\/de\/#\/schema\/logo\/image\/","url":"https:\/\/www.eliassen.nl\/wp-content\/uploads\/2024\/01\/logo_4nd.jpg","contentUrl":"https:\/\/www.eliassen.nl\/wp-content\/uploads\/2024\/01\/logo_4nd.jpg","width":500,"height":500,"caption":"Eliassen Home & Garden Pleasure"},"image":{"@id":"https:\/\/dev.eliassen.nl\/de\/#\/schema\/logo\/image\/"},"sameAs":["https:\/\/www.facebook.com\/TuincentrumEliassenAmmerzoden","https:\/\/www.instagram.com\/eliassenhomeandgarden\/","https:\/\/nl.pinterest.com\/eliassenhomeandgarden\/","https:\/\/www.youtube.com\/@eliassenhomegardenpleasure4558"]}]}},"df_price":99,"df_sale_price":"","df_regular_price":99,"df_image_link":"https:\/\/dev.eliassen.nl\/wp-content\/uploads\/2024\/01\/g61200950clockgear65cmcopper20095.jpg","image":"https:\/\/dev.eliassen.nl\/wp-content\/uploads\/2024\/01\/g61200950clockgear65cmcopper20095.jpg","price_search":"<span class=\"woocommerce-Price-amount amount\"><bdi><span class=\"woocommerce-Price-currencySymbol\">&euro;<\/span>&nbsp;99,00<\/bdi><\/span>","category":"Wanddekoration","_links":{"self":[{"href":"https:\/\/dev.eliassen.nl\/de\/wp-json\/wp\/v2\/product\/88003","targetHints":{"allow":["GET"]}}],"collection":[{"href":"https:\/\/dev.eliassen.nl\/de\/wp-json\/wp\/v2\/product"}],"about":[{"href":"https:\/\/dev.eliassen.nl\/de\/wp-json\/wp\/v2\/types\/product"}],"wp:featuredmedia":[{"embeddable":true,"href":"https:\/\/dev.eliassen.nl\/de\/wp-json\/wp\/v2\/media\/88000"}],"wp:attachment":[{"href":"https:\/\/dev.eliassen.nl\/de\/wp-json\/wp\/v2\/media?parent=88003"}],"wp:term":[{"taxonomy":"product_brand","embeddable":true,"href":"https:\/\/dev.eliassen.nl\/de\/wp-json\/wp\/v2\/product_brand?post=88003"},{"taxonomy":"product_cat","embeddable":true,"href":"https:\/\/dev.eliassen.nl\/de\/wp-json\/wp\/v2\/product_cat?post=88003"},{"taxonomy":"product_tag","embeddable":true,"href":"https:\/\/dev.eliassen.nl\/de\/wp-json\/wp\/v2\/product_tag?post=88003"}],"curies":[{"name":"wp","href":"https:\/\/api.w.org\/{rel}","templated":true}]}}