{"id":88129,"date":"2023-03-16T20:12:36","date_gmt":"2023-03-16T19:12:36","guid":{"rendered":"https:\/\/www.eliassen.nl\/?product=glasvaas-arizona-42cm"},"modified":"2024-12-05T16:23:20","modified_gmt":"2024-12-05T15:23:20","slug":"glasvase-arizona-42cm","status":"publish","type":"product","link":"https:\/\/dev.eliassen.nl\/de\/glasvase-arizona-42cm\/","title":{"rendered":"Glasvase Arizona 42cm"},"content":{"rendered":"<p>Diese farbenfrohe dekorative Glasvase ist ein sch\u00f6nes Dekorationsst\u00fcck f\u00fcr Ihr Zuhause oder zum Verschenken.<br \/>Diese farbenfrohe Ziervase wird in altmodischer Glasbl\u00e4sertechnik hergestellt. Das Besondere ist, wie dieses sch\u00f6ne Blumenvasen-Modell auf traditionelle Weise aus verschiedenfarbigem Glas gewonnen wurde.<\/p>\n<p>Da dieses St\u00fcck Glasdekoration auf traditionelle Weise hergestellt wird, ist jedes St\u00fcck dieser Serie einzigartig in Aussehen und Farbe, was bedeutet, dass diese Glasvase vom Foto abweichen kann. Es kann Unvollkommenheiten bei handgefertigten Glasprodukten geben; Luftblasen, Linien usw. Dies ist normal; dies kann nicht behauptet werden.<\/p>\n<ul>\n<li>Material: Glas<\/li>\n<li>Farbe: verschiedene leuchtende Farben<\/li>\n<li>Gr\u00f6\u00dfe: 18 x 42 cm hoch<\/li>\n<li>Auch diese Serie von Glasvasen kann bei uns live besichtigt werden<\/li>\n<li>Gewicht: ca. 4 kg<\/li>\n<\/ul>\n","protected":false},"excerpt":{"rendered":"<p>Bunte, einzigartige Glasvase mit den Ma\u00dfen 18x42cm hoch.<\/p>\n","protected":false},"featured_media":88126,"template":"","meta":{"_acf_changed":false},"product_brand":[],"product_cat":[7174],"product_tag":[],"class_list":{"0":"post-88129","1":"product","2":"type-product","3":"status-publish","4":"has-post-thumbnail","6":"product_cat-geen-categorie-de","8":"first","9":"instock","10":"taxable","11":"shipping-taxable","12":"purchasable","13":"product-type-simple"},"acf":[],"yoast_head":"<!-- This site is optimized with the Yoast SEO plugin v23.8 - https:\/\/yoast.com\/wordpress\/plugins\/seo\/ -->\n<title>Glasvase Arizona 42cm - Eliassen Home &amp; Gardenpleasure<\/title>\n<meta name=\"description\" content=\"Sch\u00f6ne Blumenvase aus Glas mit leuchtenden Farben kaufen? Vielleicht ist dieses einzigartige Exemplar mit sehr auff\u00e4lligen Farben genau das, wonach Sie suche...\" \/>\n<meta name=\"robots\" content=\"noindex, follow, max-snippet:-1, max-image-preview:large, max-video-preview:-1\" \/>\n<meta property=\"og:locale\" content=\"de_DE\" \/>\n<meta property=\"og:type\" content=\"article\" \/>\n<meta property=\"og:title\" content=\"Glasvase Arizona 42cm - Eliassen Home &amp; Gardenpleasure\" \/>\n<meta property=\"og:description\" content=\"Sch\u00f6ne Blumenvase aus Glas mit leuchtenden Farben kaufen? Vielleicht ist dieses einzigartige Exemplar mit sehr auff\u00e4lligen Farben genau das, wonach Sie suche...\" \/>\n<meta property=\"og:url\" content=\"https:\/\/dev.eliassen.nl\/de\/glasvase-arizona-42cm\/\" \/>\n<meta property=\"og:site_name\" content=\"Eliassen.nl\" \/>\n<meta property=\"article:publisher\" content=\"https:\/\/www.facebook.com\/TuincentrumEliassenAmmerzoden\" \/>\n<meta property=\"article:modified_time\" content=\"2024-12-05T15:23:20+00:00\" \/>\n<meta property=\"og:image\" content=\"https:\/\/dev.eliassen.nl\/wp-content\/uploads\/2024\/01\/glasvaasarizona42cmeliassennl.jpg\" \/>\n\t<meta property=\"og:image:width\" content=\"652\" \/>\n\t<meta property=\"og:image:height\" content=\"1336\" \/>\n\t<meta property=\"og:image:type\" content=\"image\/jpeg\" \/>\n<meta name=\"twitter:card\" content=\"summary_large_image\" \/>\n<script type=\"application\/ld+json\" class=\"yoast-schema-graph\">{\"@context\":\"https:\/\/schema.org\",\"@graph\":[{\"@type\":\"WebPage\",\"@id\":\"https:\/\/dev.eliassen.nl\/de\/glasvase-arizona-42cm\/\",\"url\":\"https:\/\/dev.eliassen.nl\/de\/glasvase-arizona-42cm\/\",\"name\":\"Glasvase Arizona 42cm - Eliassen Home & Gardenpleasure\",\"isPartOf\":{\"@id\":\"https:\/\/dev.eliassen.nl\/de\/#website\"},\"primaryImageOfPage\":{\"@id\":\"https:\/\/dev.eliassen.nl\/de\/glasvase-arizona-42cm\/#primaryimage\"},\"image\":{\"@id\":\"https:\/\/dev.eliassen.nl\/de\/glasvase-arizona-42cm\/#primaryimage\"},\"thumbnailUrl\":\"https:\/\/dev.eliassen.nl\/wp-content\/uploads\/2024\/01\/glasvaasarizona42cmeliassennl.jpg\",\"datePublished\":\"2023-03-16T19:12:36+00:00\",\"dateModified\":\"2024-12-05T15:23:20+00:00\",\"description\":\"Sch\u00f6ne Blumenvase aus Glas mit leuchtenden Farben kaufen? Vielleicht ist dieses einzigartige Exemplar mit sehr auff\u00e4lligen Farben genau das, wonach Sie suche...\",\"breadcrumb\":{\"@id\":\"https:\/\/dev.eliassen.nl\/de\/glasvase-arizona-42cm\/#breadcrumb\"},\"inLanguage\":\"de\",\"potentialAction\":[{\"@type\":\"ReadAction\",\"target\":[\"https:\/\/dev.eliassen.nl\/de\/glasvase-arizona-42cm\/\"]}]},{\"@type\":\"ImageObject\",\"inLanguage\":\"de\",\"@id\":\"https:\/\/dev.eliassen.nl\/de\/glasvase-arizona-42cm\/#primaryimage\",\"url\":\"https:\/\/dev.eliassen.nl\/wp-content\/uploads\/2024\/01\/glasvaasarizona42cmeliassennl.jpg\",\"contentUrl\":\"https:\/\/dev.eliassen.nl\/wp-content\/uploads\/2024\/01\/glasvaasarizona42cmeliassennl.jpg\",\"width\":652,\"height\":1336,\"caption\":\"Glasvaas Arizona 42cm eliassen.nl\"},{\"@type\":\"BreadcrumbList\",\"@id\":\"https:\/\/dev.eliassen.nl\/de\/glasvase-arizona-42cm\/#breadcrumb\",\"itemListElement\":[{\"@type\":\"ListItem\",\"position\":1,\"name\":\"Home\",\"item\":\"https:\/\/dev.eliassen.nl\/de\/\"},{\"@type\":\"ListItem\",\"position\":2,\"name\":\"Shop\",\"item\":\"https:\/\/dev.eliassen.nl\/nl\/winkel\/\"},{\"@type\":\"ListItem\",\"position\":3,\"name\":\"Geen categorie\",\"item\":\"https:\/\/dev.eliassen.nl\/de\/geen-categorie-de\/\"},{\"@type\":\"ListItem\",\"position\":4,\"name\":\"Glasvase Arizona 42cm\"}]},{\"@type\":\"WebSite\",\"@id\":\"https:\/\/dev.eliassen.nl\/de\/#website\",\"url\":\"https:\/\/dev.eliassen.nl\/de\/\",\"name\":\"Eliassen Home & Garden Pleasure\",\"description\":\"\",\"publisher\":{\"@id\":\"https:\/\/dev.eliassen.nl\/de\/#organization\"},\"alternateName\":\"Eliassen.nl\",\"potentialAction\":[{\"@type\":\"SearchAction\",\"target\":{\"@type\":\"EntryPoint\",\"urlTemplate\":\"https:\/\/dev.eliassen.nl\/de\/?s={search_term_string}\"},\"query-input\":{\"@type\":\"PropertyValueSpecification\",\"valueRequired\":true,\"valueName\":\"search_term_string\"}}],\"inLanguage\":\"de\"},{\"@type\":\"Organization\",\"@id\":\"https:\/\/dev.eliassen.nl\/de\/#organization\",\"name\":\"Eliassen Home & Garden Pleasure\",\"url\":\"https:\/\/dev.eliassen.nl\/de\/\",\"logo\":{\"@type\":\"ImageObject\",\"inLanguage\":\"de\",\"@id\":\"https:\/\/dev.eliassen.nl\/de\/#\/schema\/logo\/image\/\",\"url\":\"https:\/\/www.eliassen.nl\/wp-content\/uploads\/2024\/01\/logo_4nd.jpg\",\"contentUrl\":\"https:\/\/www.eliassen.nl\/wp-content\/uploads\/2024\/01\/logo_4nd.jpg\",\"width\":500,\"height\":500,\"caption\":\"Eliassen Home & Garden Pleasure\"},\"image\":{\"@id\":\"https:\/\/dev.eliassen.nl\/de\/#\/schema\/logo\/image\/\"},\"sameAs\":[\"https:\/\/www.facebook.com\/TuincentrumEliassenAmmerzoden\",\"https:\/\/www.instagram.com\/eliassenhomeandgarden\/\",\"https:\/\/nl.pinterest.com\/eliassenhomeandgarden\/\",\"https:\/\/www.youtube.com\/@eliassenhomegardenpleasure4558\"]}]}<\/script>\n<!-- \/ Yoast SEO plugin. -->","yoast_head_json":{"title":"Glasvase Arizona 42cm - Eliassen Home & Gardenpleasure","description":"Sch\u00f6ne Blumenvase aus Glas mit leuchtenden Farben kaufen? Vielleicht ist dieses einzigartige Exemplar mit sehr auff\u00e4lligen Farben genau das, wonach Sie suche...","robots":{"index":"noindex","follow":"follow","max-snippet":"max-snippet:-1","max-image-preview":"max-image-preview:large","max-video-preview":"max-video-preview:-1"},"og_locale":"de_DE","og_type":"article","og_title":"Glasvase Arizona 42cm - Eliassen Home & Gardenpleasure","og_description":"Sch\u00f6ne Blumenvase aus Glas mit leuchtenden Farben kaufen? Vielleicht ist dieses einzigartige Exemplar mit sehr auff\u00e4lligen Farben genau das, wonach Sie suche...","og_url":"https:\/\/dev.eliassen.nl\/de\/glasvase-arizona-42cm\/","og_site_name":"Eliassen.nl","article_publisher":"https:\/\/www.facebook.com\/TuincentrumEliassenAmmerzoden","article_modified_time":"2024-12-05T15:23:20+00:00","og_image":[{"width":652,"height":1336,"url":"https:\/\/dev.eliassen.nl\/wp-content\/uploads\/2024\/01\/glasvaasarizona42cmeliassennl.jpg","type":"image\/jpeg"}],"twitter_card":"summary_large_image","schema":{"@context":"https:\/\/schema.org","@graph":[{"@type":"WebPage","@id":"https:\/\/dev.eliassen.nl\/de\/glasvase-arizona-42cm\/","url":"https:\/\/dev.eliassen.nl\/de\/glasvase-arizona-42cm\/","name":"Glasvase Arizona 42cm - Eliassen Home & Gardenpleasure","isPartOf":{"@id":"https:\/\/dev.eliassen.nl\/de\/#website"},"primaryImageOfPage":{"@id":"https:\/\/dev.eliassen.nl\/de\/glasvase-arizona-42cm\/#primaryimage"},"image":{"@id":"https:\/\/dev.eliassen.nl\/de\/glasvase-arizona-42cm\/#primaryimage"},"thumbnailUrl":"https:\/\/dev.eliassen.nl\/wp-content\/uploads\/2024\/01\/glasvaasarizona42cmeliassennl.jpg","datePublished":"2023-03-16T19:12:36+00:00","dateModified":"2024-12-05T15:23:20+00:00","description":"Sch\u00f6ne Blumenvase aus Glas mit leuchtenden Farben kaufen? Vielleicht ist dieses einzigartige Exemplar mit sehr auff\u00e4lligen Farben genau das, wonach Sie suche...","breadcrumb":{"@id":"https:\/\/dev.eliassen.nl\/de\/glasvase-arizona-42cm\/#breadcrumb"},"inLanguage":"de","potentialAction":[{"@type":"ReadAction","target":["https:\/\/dev.eliassen.nl\/de\/glasvase-arizona-42cm\/"]}]},{"@type":"ImageObject","inLanguage":"de","@id":"https:\/\/dev.eliassen.nl\/de\/glasvase-arizona-42cm\/#primaryimage","url":"https:\/\/dev.eliassen.nl\/wp-content\/uploads\/2024\/01\/glasvaasarizona42cmeliassennl.jpg","contentUrl":"https:\/\/dev.eliassen.nl\/wp-content\/uploads\/2024\/01\/glasvaasarizona42cmeliassennl.jpg","width":652,"height":1336,"caption":"Glasvaas Arizona 42cm eliassen.nl"},{"@type":"BreadcrumbList","@id":"https:\/\/dev.eliassen.nl\/de\/glasvase-arizona-42cm\/#breadcrumb","itemListElement":[{"@type":"ListItem","position":1,"name":"Home","item":"https:\/\/dev.eliassen.nl\/de\/"},{"@type":"ListItem","position":2,"name":"Shop","item":"https:\/\/dev.eliassen.nl\/nl\/winkel\/"},{"@type":"ListItem","position":3,"name":"Geen categorie","item":"https:\/\/dev.eliassen.nl\/de\/geen-categorie-de\/"},{"@type":"ListItem","position":4,"name":"Glasvase Arizona 42cm"}]},{"@type":"WebSite","@id":"https:\/\/dev.eliassen.nl\/de\/#website","url":"https:\/\/dev.eliassen.nl\/de\/","name":"Eliassen Home & Garden Pleasure","description":"","publisher":{"@id":"https:\/\/dev.eliassen.nl\/de\/#organization"},"alternateName":"Eliassen.nl","potentialAction":[{"@type":"SearchAction","target":{"@type":"EntryPoint","urlTemplate":"https:\/\/dev.eliassen.nl\/de\/?s={search_term_string}"},"query-input":{"@type":"PropertyValueSpecification","valueRequired":true,"valueName":"search_term_string"}}],"inLanguage":"de"},{"@type":"Organization","@id":"https:\/\/dev.eliassen.nl\/de\/#organization","name":"Eliassen Home & Garden Pleasure","url":"https:\/\/dev.eliassen.nl\/de\/","logo":{"@type":"ImageObject","inLanguage":"de","@id":"https:\/\/dev.eliassen.nl\/de\/#\/schema\/logo\/image\/","url":"https:\/\/www.eliassen.nl\/wp-content\/uploads\/2024\/01\/logo_4nd.jpg","contentUrl":"https:\/\/www.eliassen.nl\/wp-content\/uploads\/2024\/01\/logo_4nd.jpg","width":500,"height":500,"caption":"Eliassen Home & Garden Pleasure"},"image":{"@id":"https:\/\/dev.eliassen.nl\/de\/#\/schema\/logo\/image\/"},"sameAs":["https:\/\/www.facebook.com\/TuincentrumEliassenAmmerzoden","https:\/\/www.instagram.com\/eliassenhomeandgarden\/","https:\/\/nl.pinterest.com\/eliassenhomeandgarden\/","https:\/\/www.youtube.com\/@eliassenhomegardenpleasure4558"]}]}},"df_price":135,"df_sale_price":"","df_regular_price":135,"df_image_link":"https:\/\/dev.eliassen.nl\/wp-content\/uploads\/2024\/01\/glasvaasarizona42cmeliassennl.jpg","image":"https:\/\/dev.eliassen.nl\/wp-content\/uploads\/2024\/01\/glasvaasarizona42cmeliassennl.jpg","price_search":"<span class=\"woocommerce-Price-amount amount\"><bdi><span class=\"woocommerce-Price-currencySymbol\">&euro;<\/span>&nbsp;135,00<\/bdi><\/span>","category":"Geen categorie","_links":{"self":[{"href":"https:\/\/dev.eliassen.nl\/de\/wp-json\/wp\/v2\/product\/88129","targetHints":{"allow":["GET"]}}],"collection":[{"href":"https:\/\/dev.eliassen.nl\/de\/wp-json\/wp\/v2\/product"}],"about":[{"href":"https:\/\/dev.eliassen.nl\/de\/wp-json\/wp\/v2\/types\/product"}],"wp:featuredmedia":[{"embeddable":true,"href":"https:\/\/dev.eliassen.nl\/de\/wp-json\/wp\/v2\/media\/88126"}],"wp:attachment":[{"href":"https:\/\/dev.eliassen.nl\/de\/wp-json\/wp\/v2\/media?parent=88129"}],"wp:term":[{"taxonomy":"product_brand","embeddable":true,"href":"https:\/\/dev.eliassen.nl\/de\/wp-json\/wp\/v2\/product_brand?post=88129"},{"taxonomy":"product_cat","embeddable":true,"href":"https:\/\/dev.eliassen.nl\/de\/wp-json\/wp\/v2\/product_cat?post=88129"},{"taxonomy":"product_tag","embeddable":true,"href":"https:\/\/dev.eliassen.nl\/de\/wp-json\/wp\/v2\/product_tag?post=88129"}],"curies":[{"name":"wp","href":"https:\/\/api.w.org\/{rel}","templated":true}]}}