{"id":88231,"date":"2023-03-18T09:51:41","date_gmt":"2023-03-18T08:51:41","guid":{"rendered":"https:\/\/www.eliassen.nl\/?product=glasvaas-rood-met-bloemen-45cm"},"modified":"2024-12-05T16:23:29","modified_gmt":"2024-12-05T15:23:29","slug":"glasvase-rot-mit-blumen-45cm","status":"publish","type":"product","link":"https:\/\/dev.eliassen.nl\/de\/glasvase-rot-mit-blumen-45cm\/","title":{"rendered":"Glasvase rot mit Blumen 45cm"},"content":{"rendered":"<p>Diese hohe dekorative Glasvase ist ein sch\u00f6nes Dekorationsst\u00fcck f\u00fcr Ihr Zuhause oder zum Verschenken.<br \/>Diese rote Dekovase wird in altmodischer Glasbl\u00e4sertechnik hergestellt. Das Besondere ist, wie dieses sch\u00f6ne Blumenvasen-Modell auf traditionelle Weise aus verschiedenfarbigem Glas gewonnen wurde.<\/p>\n<p>Da dieses St\u00fcck Glasdekoration auf traditionelle Weise hergestellt wird, ist jedes St\u00fcck dieser Serie einzigartig in Aussehen und Farbe, was bedeutet, dass diese Glasvase vom Foto abweichen kann. Es kann Unvollkommenheiten bei handgefertigten Glasprodukten geben; Luftblasen, Linien usw. Dies ist normal; dies kann nicht behauptet werden.<\/p>\n<ul>\n<li>Material: Glas<\/li>\n<li>Farbe Rot<\/li>\n<li>Gr\u00f6\u00dfe: 17 x 45 cm hoch<\/li>\n<li>Auch diese Serie von Glasvasen kann bei uns live besichtigt werden<\/li>\n<li>Gewicht: ca. 4 kg<\/li>\n<\/ul>\n","protected":false},"excerpt":{"rendered":"<p>Mundgeblasene hohe, rote Vase mit den Ma\u00dfen 17x46cm hoch.<\/p>\n","protected":false},"featured_media":88228,"template":"","meta":{"_acf_changed":false},"product_brand":[],"product_cat":[812,800],"product_tag":[],"class_list":{"0":"post-88231","1":"product","2":"type-product","3":"status-publish","4":"has-post-thumbnail","6":"product_cat-farbige-glasvasen","7":"product_cat-glaskunst","9":"first","10":"instock","11":"taxable","12":"shipping-taxable","13":"purchasable","14":"product-type-simple"},"acf":[],"yoast_head":"<!-- This site is optimized with the Yoast SEO plugin v23.8 - https:\/\/yoast.com\/wordpress\/plugins\/seo\/ -->\n<title>Glasvase rot mit Blumen 45cm - Eliassen Home &amp; Gardenpleasure<\/title>\n<meta name=\"description\" content=\"Auf der Suche nach einer hohen, roten Vase? Dieses sch\u00f6ne mundgeblasene Modell ist vielleicht genau das, wonach Sie suchen! Schnell geliefert und eine sehr s...\" \/>\n<meta name=\"robots\" content=\"noindex, follow, max-snippet:-1, max-image-preview:large, max-video-preview:-1\" \/>\n<meta property=\"og:locale\" content=\"de_DE\" \/>\n<meta property=\"og:type\" content=\"article\" \/>\n<meta property=\"og:title\" content=\"Glasvase rot mit Blumen 45cm - Eliassen Home &amp; Gardenpleasure\" \/>\n<meta property=\"og:description\" content=\"Auf der Suche nach einer hohen, roten Vase? Dieses sch\u00f6ne mundgeblasene Modell ist vielleicht genau das, wonach Sie suchen! Schnell geliefert und eine sehr s...\" \/>\n<meta property=\"og:url\" content=\"https:\/\/dev.eliassen.nl\/de\/glasvase-rot-mit-blumen-45cm\/\" \/>\n<meta property=\"og:site_name\" content=\"Eliassen.nl\" \/>\n<meta property=\"article:publisher\" content=\"https:\/\/www.facebook.com\/TuincentrumEliassenAmmerzoden\" \/>\n<meta property=\"article:modified_time\" content=\"2024-12-05T15:23:29+00:00\" \/>\n<meta property=\"og:image\" content=\"https:\/\/dev.eliassen.nl\/wp-content\/uploads\/2024\/01\/img20230316wa0007.jpg\" \/>\n\t<meta property=\"og:image:width\" content=\"1200\" \/>\n\t<meta property=\"og:image:height\" content=\"1600\" \/>\n\t<meta property=\"og:image:type\" content=\"image\/jpeg\" \/>\n<meta name=\"twitter:card\" content=\"summary_large_image\" \/>\n<script type=\"application\/ld+json\" class=\"yoast-schema-graph\">{\"@context\":\"https:\/\/schema.org\",\"@graph\":[{\"@type\":\"WebPage\",\"@id\":\"https:\/\/dev.eliassen.nl\/de\/glasvase-rot-mit-blumen-45cm\/\",\"url\":\"https:\/\/dev.eliassen.nl\/de\/glasvase-rot-mit-blumen-45cm\/\",\"name\":\"Glasvase rot mit Blumen 45cm - Eliassen Home & Gardenpleasure\",\"isPartOf\":{\"@id\":\"https:\/\/dev.eliassen.nl\/de\/#website\"},\"primaryImageOfPage\":{\"@id\":\"https:\/\/dev.eliassen.nl\/de\/glasvase-rot-mit-blumen-45cm\/#primaryimage\"},\"image\":{\"@id\":\"https:\/\/dev.eliassen.nl\/de\/glasvase-rot-mit-blumen-45cm\/#primaryimage\"},\"thumbnailUrl\":\"https:\/\/dev.eliassen.nl\/wp-content\/uploads\/2024\/01\/img20230316wa0007.jpg\",\"datePublished\":\"2023-03-18T08:51:41+00:00\",\"dateModified\":\"2024-12-05T15:23:29+00:00\",\"description\":\"Auf der Suche nach einer hohen, roten Vase? Dieses sch\u00f6ne mundgeblasene Modell ist vielleicht genau das, wonach Sie suchen! Schnell geliefert und eine sehr s...\",\"breadcrumb\":{\"@id\":\"https:\/\/dev.eliassen.nl\/de\/glasvase-rot-mit-blumen-45cm\/#breadcrumb\"},\"inLanguage\":\"de\",\"potentialAction\":[{\"@type\":\"ReadAction\",\"target\":[\"https:\/\/dev.eliassen.nl\/de\/glasvase-rot-mit-blumen-45cm\/\"]}]},{\"@type\":\"ImageObject\",\"inLanguage\":\"de\",\"@id\":\"https:\/\/dev.eliassen.nl\/de\/glasvase-rot-mit-blumen-45cm\/#primaryimage\",\"url\":\"https:\/\/dev.eliassen.nl\/wp-content\/uploads\/2024\/01\/img20230316wa0007.jpg\",\"contentUrl\":\"https:\/\/dev.eliassen.nl\/wp-content\/uploads\/2024\/01\/img20230316wa0007.jpg\",\"width\":1200,\"height\":1600,\"caption\":\"IMG-20230316-WA0007\"},{\"@type\":\"BreadcrumbList\",\"@id\":\"https:\/\/dev.eliassen.nl\/de\/glasvase-rot-mit-blumen-45cm\/#breadcrumb\",\"itemListElement\":[{\"@type\":\"ListItem\",\"position\":1,\"name\":\"Home\",\"item\":\"https:\/\/dev.eliassen.nl\/de\/\"},{\"@type\":\"ListItem\",\"position\":2,\"name\":\"Shop\",\"item\":\"https:\/\/dev.eliassen.nl\/nl\/winkel\/\"},{\"@type\":\"ListItem\",\"position\":3,\"name\":\"Glaskunst\",\"item\":\"https:\/\/dev.eliassen.nl\/de\/glaskunst\/\"},{\"@type\":\"ListItem\",\"position\":4,\"name\":\"Farbige Glasvasen\",\"item\":\"https:\/\/dev.eliassen.nl\/de\/glaskunst\/farbige-glasvasen\/\"},{\"@type\":\"ListItem\",\"position\":5,\"name\":\"Glasvase rot mit Blumen 45cm\"}]},{\"@type\":\"WebSite\",\"@id\":\"https:\/\/dev.eliassen.nl\/de\/#website\",\"url\":\"https:\/\/dev.eliassen.nl\/de\/\",\"name\":\"Eliassen Home & Garden Pleasure\",\"description\":\"\",\"publisher\":{\"@id\":\"https:\/\/dev.eliassen.nl\/de\/#organization\"},\"alternateName\":\"Eliassen.nl\",\"potentialAction\":[{\"@type\":\"SearchAction\",\"target\":{\"@type\":\"EntryPoint\",\"urlTemplate\":\"https:\/\/dev.eliassen.nl\/de\/?s={search_term_string}\"},\"query-input\":{\"@type\":\"PropertyValueSpecification\",\"valueRequired\":true,\"valueName\":\"search_term_string\"}}],\"inLanguage\":\"de\"},{\"@type\":\"Organization\",\"@id\":\"https:\/\/dev.eliassen.nl\/de\/#organization\",\"name\":\"Eliassen Home & Garden Pleasure\",\"url\":\"https:\/\/dev.eliassen.nl\/de\/\",\"logo\":{\"@type\":\"ImageObject\",\"inLanguage\":\"de\",\"@id\":\"https:\/\/dev.eliassen.nl\/de\/#\/schema\/logo\/image\/\",\"url\":\"https:\/\/www.eliassen.nl\/wp-content\/uploads\/2024\/01\/logo_4nd.jpg\",\"contentUrl\":\"https:\/\/www.eliassen.nl\/wp-content\/uploads\/2024\/01\/logo_4nd.jpg\",\"width\":500,\"height\":500,\"caption\":\"Eliassen Home & Garden Pleasure\"},\"image\":{\"@id\":\"https:\/\/dev.eliassen.nl\/de\/#\/schema\/logo\/image\/\"},\"sameAs\":[\"https:\/\/www.facebook.com\/TuincentrumEliassenAmmerzoden\",\"https:\/\/www.instagram.com\/eliassenhomeandgarden\/\",\"https:\/\/nl.pinterest.com\/eliassenhomeandgarden\/\",\"https:\/\/www.youtube.com\/@eliassenhomegardenpleasure4558\"]}]}<\/script>\n<!-- \/ Yoast SEO plugin. -->","yoast_head_json":{"title":"Glasvase rot mit Blumen 45cm - Eliassen Home & Gardenpleasure","description":"Auf der Suche nach einer hohen, roten Vase? Dieses sch\u00f6ne mundgeblasene Modell ist vielleicht genau das, wonach Sie suchen! Schnell geliefert und eine sehr s...","robots":{"index":"noindex","follow":"follow","max-snippet":"max-snippet:-1","max-image-preview":"max-image-preview:large","max-video-preview":"max-video-preview:-1"},"og_locale":"de_DE","og_type":"article","og_title":"Glasvase rot mit Blumen 45cm - Eliassen Home & Gardenpleasure","og_description":"Auf der Suche nach einer hohen, roten Vase? Dieses sch\u00f6ne mundgeblasene Modell ist vielleicht genau das, wonach Sie suchen! Schnell geliefert und eine sehr s...","og_url":"https:\/\/dev.eliassen.nl\/de\/glasvase-rot-mit-blumen-45cm\/","og_site_name":"Eliassen.nl","article_publisher":"https:\/\/www.facebook.com\/TuincentrumEliassenAmmerzoden","article_modified_time":"2024-12-05T15:23:29+00:00","og_image":[{"width":1200,"height":1600,"url":"https:\/\/dev.eliassen.nl\/wp-content\/uploads\/2024\/01\/img20230316wa0007.jpg","type":"image\/jpeg"}],"twitter_card":"summary_large_image","schema":{"@context":"https:\/\/schema.org","@graph":[{"@type":"WebPage","@id":"https:\/\/dev.eliassen.nl\/de\/glasvase-rot-mit-blumen-45cm\/","url":"https:\/\/dev.eliassen.nl\/de\/glasvase-rot-mit-blumen-45cm\/","name":"Glasvase rot mit Blumen 45cm - Eliassen Home & Gardenpleasure","isPartOf":{"@id":"https:\/\/dev.eliassen.nl\/de\/#website"},"primaryImageOfPage":{"@id":"https:\/\/dev.eliassen.nl\/de\/glasvase-rot-mit-blumen-45cm\/#primaryimage"},"image":{"@id":"https:\/\/dev.eliassen.nl\/de\/glasvase-rot-mit-blumen-45cm\/#primaryimage"},"thumbnailUrl":"https:\/\/dev.eliassen.nl\/wp-content\/uploads\/2024\/01\/img20230316wa0007.jpg","datePublished":"2023-03-18T08:51:41+00:00","dateModified":"2024-12-05T15:23:29+00:00","description":"Auf der Suche nach einer hohen, roten Vase? Dieses sch\u00f6ne mundgeblasene Modell ist vielleicht genau das, wonach Sie suchen! Schnell geliefert und eine sehr s...","breadcrumb":{"@id":"https:\/\/dev.eliassen.nl\/de\/glasvase-rot-mit-blumen-45cm\/#breadcrumb"},"inLanguage":"de","potentialAction":[{"@type":"ReadAction","target":["https:\/\/dev.eliassen.nl\/de\/glasvase-rot-mit-blumen-45cm\/"]}]},{"@type":"ImageObject","inLanguage":"de","@id":"https:\/\/dev.eliassen.nl\/de\/glasvase-rot-mit-blumen-45cm\/#primaryimage","url":"https:\/\/dev.eliassen.nl\/wp-content\/uploads\/2024\/01\/img20230316wa0007.jpg","contentUrl":"https:\/\/dev.eliassen.nl\/wp-content\/uploads\/2024\/01\/img20230316wa0007.jpg","width":1200,"height":1600,"caption":"IMG-20230316-WA0007"},{"@type":"BreadcrumbList","@id":"https:\/\/dev.eliassen.nl\/de\/glasvase-rot-mit-blumen-45cm\/#breadcrumb","itemListElement":[{"@type":"ListItem","position":1,"name":"Home","item":"https:\/\/dev.eliassen.nl\/de\/"},{"@type":"ListItem","position":2,"name":"Shop","item":"https:\/\/dev.eliassen.nl\/nl\/winkel\/"},{"@type":"ListItem","position":3,"name":"Glaskunst","item":"https:\/\/dev.eliassen.nl\/de\/glaskunst\/"},{"@type":"ListItem","position":4,"name":"Farbige Glasvasen","item":"https:\/\/dev.eliassen.nl\/de\/glaskunst\/farbige-glasvasen\/"},{"@type":"ListItem","position":5,"name":"Glasvase rot mit Blumen 45cm"}]},{"@type":"WebSite","@id":"https:\/\/dev.eliassen.nl\/de\/#website","url":"https:\/\/dev.eliassen.nl\/de\/","name":"Eliassen Home & Garden Pleasure","description":"","publisher":{"@id":"https:\/\/dev.eliassen.nl\/de\/#organization"},"alternateName":"Eliassen.nl","potentialAction":[{"@type":"SearchAction","target":{"@type":"EntryPoint","urlTemplate":"https:\/\/dev.eliassen.nl\/de\/?s={search_term_string}"},"query-input":{"@type":"PropertyValueSpecification","valueRequired":true,"valueName":"search_term_string"}}],"inLanguage":"de"},{"@type":"Organization","@id":"https:\/\/dev.eliassen.nl\/de\/#organization","name":"Eliassen Home & Garden Pleasure","url":"https:\/\/dev.eliassen.nl\/de\/","logo":{"@type":"ImageObject","inLanguage":"de","@id":"https:\/\/dev.eliassen.nl\/de\/#\/schema\/logo\/image\/","url":"https:\/\/www.eliassen.nl\/wp-content\/uploads\/2024\/01\/logo_4nd.jpg","contentUrl":"https:\/\/www.eliassen.nl\/wp-content\/uploads\/2024\/01\/logo_4nd.jpg","width":500,"height":500,"caption":"Eliassen Home & Garden Pleasure"},"image":{"@id":"https:\/\/dev.eliassen.nl\/de\/#\/schema\/logo\/image\/"},"sameAs":["https:\/\/www.facebook.com\/TuincentrumEliassenAmmerzoden","https:\/\/www.instagram.com\/eliassenhomeandgarden\/","https:\/\/nl.pinterest.com\/eliassenhomeandgarden\/","https:\/\/www.youtube.com\/@eliassenhomegardenpleasure4558"]}]}},"df_price":149,"df_sale_price":"","df_regular_price":149,"df_image_link":"https:\/\/dev.eliassen.nl\/wp-content\/uploads\/2024\/01\/img20230316wa0007.jpg","image":"https:\/\/dev.eliassen.nl\/wp-content\/uploads\/2024\/01\/img20230316wa0007.jpg","price_search":"<span class=\"woocommerce-Price-amount amount\"><bdi><span class=\"woocommerce-Price-currencySymbol\">&euro;<\/span>&nbsp;149,00<\/bdi><\/span>","category":"Farbige Glasvasen","_links":{"self":[{"href":"https:\/\/dev.eliassen.nl\/de\/wp-json\/wp\/v2\/product\/88231","targetHints":{"allow":["GET"]}}],"collection":[{"href":"https:\/\/dev.eliassen.nl\/de\/wp-json\/wp\/v2\/product"}],"about":[{"href":"https:\/\/dev.eliassen.nl\/de\/wp-json\/wp\/v2\/types\/product"}],"wp:featuredmedia":[{"embeddable":true,"href":"https:\/\/dev.eliassen.nl\/de\/wp-json\/wp\/v2\/media\/88228"}],"wp:attachment":[{"href":"https:\/\/dev.eliassen.nl\/de\/wp-json\/wp\/v2\/media?parent=88231"}],"wp:term":[{"taxonomy":"product_brand","embeddable":true,"href":"https:\/\/dev.eliassen.nl\/de\/wp-json\/wp\/v2\/product_brand?post=88231"},{"taxonomy":"product_cat","embeddable":true,"href":"https:\/\/dev.eliassen.nl\/de\/wp-json\/wp\/v2\/product_cat?post=88231"},{"taxonomy":"product_tag","embeddable":true,"href":"https:\/\/dev.eliassen.nl\/de\/wp-json\/wp\/v2\/product_tag?post=88231"}],"curies":[{"name":"wp","href":"https:\/\/api.w.org\/{rel}","templated":true}]}}