{"id":88261,"date":"2023-03-29T10:12:11","date_gmt":"2023-03-29T08:12:11","guid":{"rendered":"https:\/\/www.eliassen.nl\/?product=afrikaans-bronzen-beeld-man-en-vrouw-vriendschap-3"},"modified":"2024-12-05T16:23:30","modified_gmt":"2024-12-05T15:23:30","slug":"afrikanische-bronzeskulptur-mann-und-frau-freundschaft-33-cm","status":"publish","type":"product","link":"https:\/\/dev.eliassen.nl\/de\/afrikanische-bronzeskulptur-mann-und-frau-freundschaft-33-cm\/","title":{"rendered":"Afrikanische Bronzeskulptur Mann und Frau Freundschaft 33 cm"},"content":{"rendered":"<p>Wundersch\u00f6ne massive Bronzeskulptur eines stehenden Paares aus hochwertiger Bronze. Wunderbar f\u00fcr zu Hause oder zum Verschenken.<\/p>\n<p>Diese Statue wird auf sehr primitive Weise hergestellt, wie es seit Hunderten von Jahren praktiziert wird, mit einem holzbefeuerten Schmelzofen und in einer Form gegossen, die jedes Mal erneuert werden muss. Nach dem Gie\u00dfvorgang wird die Bronzestatue weiter poliert, poliert und bemalt.<\/p>\n<p>Dieses Produkt tr\u00e4gt zur Besch\u00e4ftigung im Sahel-Land Burkino Faso bei, die Menschen dort sind uns sehr dankbar f\u00fcr die Eins\u00e4tze und dass daf\u00fcr ein fairer Preis gezahlt wird, mit dem sich die Menschen dort eine vern\u00fcnftige Existenz aufbauen k\u00f6nnen.<\/p>\n<p>In unserem Shop haben wir viele Sockel und S\u00e4ulen, auf denen diese Bronzeskulptur wunderbar zur Geltung kommt. Kommen Sie und sehen Sie es mit eigenen Augen.<\/p>\n<ul>\n<li>Gr\u00f6\u00dfe: 33 cm hoch.<\/li>\n<li>Farbe: Dunkelbraun\/Gr\u00fcn<\/li>\n<li>Einzigartiges Produkt aus fairem Handel.<\/li>\n<li>Material: Massive Bronze<\/li>\n<li>15 Jahre Garantie.<\/li>\n<li><strong>Viele aus dieser Serie von Bronzeskulpturen k\u00f6nnen auch live in unserem Gesch\u00e4ft besichtigt werden!<\/strong><\/li>\n<\/ul>\n","protected":false},"excerpt":{"rendered":"<p>Sch\u00f6ne afrikanische Bronzeskulptur von 33 cm H\u00f6he. fair gehandeltes Produkt.<\/p>\n","protected":false},"featured_media":88252,"template":"","meta":{"_acf_changed":false},"product_brand":[],"product_cat":[1373,613,7239],"product_tag":[],"class_list":{"0":"post-88261","1":"product","2":"type-product","3":"status-publish","4":"has-post-thumbnail","6":"product_cat-afrikanische-bronzestatuen","7":"product_cat-bronzestatuen","8":"product_cat-statuen-skulpturen","10":"first","11":"instock","12":"taxable","13":"shipping-taxable","14":"purchasable","15":"product-type-simple"},"acf":[],"yoast_head":"<!-- This site is optimized with the Yoast SEO plugin v23.8 - https:\/\/yoast.com\/wordpress\/plugins\/seo\/ -->\n<title>Afrikanische Bronzeskulptur Mann und Frau Freundschaft 33cm - Eliassen.nl<\/title>\n<meta name=\"description\" content=\"Wundersch\u00f6ne afrikanische Bronzeskulptur, die Liebe und\/oder Freundschaft darstellt. Ein sch\u00f6nes fair gehandeltes Produkt. Ein sch\u00f6nes Geschenk f\u00fcr sich selb...\" \/>\n<meta name=\"robots\" content=\"noindex, follow, max-snippet:-1, max-image-preview:large, max-video-preview:-1\" \/>\n<meta property=\"og:locale\" content=\"de_DE\" \/>\n<meta property=\"og:type\" content=\"article\" \/>\n<meta property=\"og:title\" content=\"Afrikanische Bronzeskulptur Mann und Frau Freundschaft 33cm - Eliassen.nl\" \/>\n<meta property=\"og:description\" content=\"Wundersch\u00f6ne afrikanische Bronzeskulptur, die Liebe und\/oder Freundschaft darstellt. Ein sch\u00f6nes fair gehandeltes Produkt. Ein sch\u00f6nes Geschenk f\u00fcr sich selb...\" \/>\n<meta property=\"og:url\" content=\"https:\/\/dev.eliassen.nl\/de\/afrikanische-bronzeskulptur-mann-und-frau-freundschaft-33-cm\/\" \/>\n<meta property=\"og:site_name\" content=\"Eliassen.nl\" \/>\n<meta property=\"article:publisher\" content=\"https:\/\/www.facebook.com\/TuincentrumEliassenAmmerzoden\" \/>\n<meta property=\"article:modified_time\" content=\"2024-12-05T15:23:30+00:00\" \/>\n<meta property=\"og:image\" content=\"https:\/\/dev.eliassen.nl\/wp-content\/uploads\/2024\/01\/processedb30acc23e03544fe81832804dd871146gfn.jpg\" \/>\n\t<meta property=\"og:image:width\" content=\"1152\" \/>\n\t<meta property=\"og:image:height\" content=\"2048\" \/>\n\t<meta property=\"og:image:type\" content=\"image\/jpeg\" \/>\n<meta name=\"twitter:card\" content=\"summary_large_image\" \/>\n<script type=\"application\/ld+json\" class=\"yoast-schema-graph\">{\"@context\":\"https:\/\/schema.org\",\"@graph\":[{\"@type\":\"WebPage\",\"@id\":\"https:\/\/dev.eliassen.nl\/de\/afrikanische-bronzeskulptur-mann-und-frau-freundschaft-33-cm\/\",\"url\":\"https:\/\/dev.eliassen.nl\/de\/afrikanische-bronzeskulptur-mann-und-frau-freundschaft-33-cm\/\",\"name\":\"Afrikanische Bronzeskulptur Mann und Frau Freundschaft 33cm - Eliassen.nl\",\"isPartOf\":{\"@id\":\"https:\/\/dev.eliassen.nl\/de\/#website\"},\"primaryImageOfPage\":{\"@id\":\"https:\/\/dev.eliassen.nl\/de\/afrikanische-bronzeskulptur-mann-und-frau-freundschaft-33-cm\/#primaryimage\"},\"image\":{\"@id\":\"https:\/\/dev.eliassen.nl\/de\/afrikanische-bronzeskulptur-mann-und-frau-freundschaft-33-cm\/#primaryimage\"},\"thumbnailUrl\":\"https:\/\/dev.eliassen.nl\/wp-content\/uploads\/2024\/01\/processedb30acc23e03544fe81832804dd871146gfn.jpg\",\"datePublished\":\"2023-03-29T08:12:11+00:00\",\"dateModified\":\"2024-12-05T15:23:30+00:00\",\"description\":\"Wundersch\u00f6ne afrikanische Bronzeskulptur, die Liebe und\/oder Freundschaft darstellt. Ein sch\u00f6nes fair gehandeltes Produkt. Ein sch\u00f6nes Geschenk f\u00fcr sich selb...\",\"breadcrumb\":{\"@id\":\"https:\/\/dev.eliassen.nl\/de\/afrikanische-bronzeskulptur-mann-und-frau-freundschaft-33-cm\/#breadcrumb\"},\"inLanguage\":\"de\",\"potentialAction\":[{\"@type\":\"ReadAction\",\"target\":[\"https:\/\/dev.eliassen.nl\/de\/afrikanische-bronzeskulptur-mann-und-frau-freundschaft-33-cm\/\"]}]},{\"@type\":\"ImageObject\",\"inLanguage\":\"de\",\"@id\":\"https:\/\/dev.eliassen.nl\/de\/afrikanische-bronzeskulptur-mann-und-frau-freundschaft-33-cm\/#primaryimage\",\"url\":\"https:\/\/dev.eliassen.nl\/wp-content\/uploads\/2024\/01\/processedb30acc23e03544fe81832804dd871146gfn.jpg\",\"contentUrl\":\"https:\/\/dev.eliassen.nl\/wp-content\/uploads\/2024\/01\/processedb30acc23e03544fe81832804dd871146gfn.jpg\",\"width\":1152,\"height\":2048,\"caption\":\"processed-b30acc23-e035-44fe-8183-2804dd871146_gfNp2z0E\"},{\"@type\":\"BreadcrumbList\",\"@id\":\"https:\/\/dev.eliassen.nl\/de\/afrikanische-bronzeskulptur-mann-und-frau-freundschaft-33-cm\/#breadcrumb\",\"itemListElement\":[{\"@type\":\"ListItem\",\"position\":1,\"name\":\"Home\",\"item\":\"https:\/\/dev.eliassen.nl\/de\/\"},{\"@type\":\"ListItem\",\"position\":2,\"name\":\"Shop\",\"item\":\"https:\/\/dev.eliassen.nl\/nl\/winkel\/\"},{\"@type\":\"ListItem\",\"position\":3,\"name\":\"Bronzestatuen\",\"item\":\"https:\/\/dev.eliassen.nl\/de\/bilder\/bronzestatuen\/\"},{\"@type\":\"ListItem\",\"position\":4,\"name\":\"Afrikanische Bronzestatuen\",\"item\":\"https:\/\/dev.eliassen.nl\/de\/bilder\/bronzestatuen\/afrikanische-bronzestatuen\/\"},{\"@type\":\"ListItem\",\"position\":5,\"name\":\"Afrikanische Bronzeskulptur Mann und Frau Freundschaft 33 cm\"}]},{\"@type\":\"WebSite\",\"@id\":\"https:\/\/dev.eliassen.nl\/de\/#website\",\"url\":\"https:\/\/dev.eliassen.nl\/de\/\",\"name\":\"Eliassen Home & Garden Pleasure\",\"description\":\"\",\"publisher\":{\"@id\":\"https:\/\/dev.eliassen.nl\/de\/#organization\"},\"alternateName\":\"Eliassen.nl\",\"potentialAction\":[{\"@type\":\"SearchAction\",\"target\":{\"@type\":\"EntryPoint\",\"urlTemplate\":\"https:\/\/dev.eliassen.nl\/de\/?s={search_term_string}\"},\"query-input\":{\"@type\":\"PropertyValueSpecification\",\"valueRequired\":true,\"valueName\":\"search_term_string\"}}],\"inLanguage\":\"de\"},{\"@type\":\"Organization\",\"@id\":\"https:\/\/dev.eliassen.nl\/de\/#organization\",\"name\":\"Eliassen Home & Garden Pleasure\",\"url\":\"https:\/\/dev.eliassen.nl\/de\/\",\"logo\":{\"@type\":\"ImageObject\",\"inLanguage\":\"de\",\"@id\":\"https:\/\/dev.eliassen.nl\/de\/#\/schema\/logo\/image\/\",\"url\":\"https:\/\/www.eliassen.nl\/wp-content\/uploads\/2024\/01\/logo_4nd.jpg\",\"contentUrl\":\"https:\/\/www.eliassen.nl\/wp-content\/uploads\/2024\/01\/logo_4nd.jpg\",\"width\":500,\"height\":500,\"caption\":\"Eliassen Home & Garden Pleasure\"},\"image\":{\"@id\":\"https:\/\/dev.eliassen.nl\/de\/#\/schema\/logo\/image\/\"},\"sameAs\":[\"https:\/\/www.facebook.com\/TuincentrumEliassenAmmerzoden\",\"https:\/\/www.instagram.com\/eliassenhomeandgarden\/\",\"https:\/\/nl.pinterest.com\/eliassenhomeandgarden\/\",\"https:\/\/www.youtube.com\/@eliassenhomegardenpleasure4558\"]}]}<\/script>\n<!-- \/ Yoast SEO plugin. -->","yoast_head_json":{"title":"Afrikanische Bronzeskulptur Mann und Frau Freundschaft 33cm - Eliassen.nl","description":"Wundersch\u00f6ne afrikanische Bronzeskulptur, die Liebe und\/oder Freundschaft darstellt. Ein sch\u00f6nes fair gehandeltes Produkt. Ein sch\u00f6nes Geschenk f\u00fcr sich selb...","robots":{"index":"noindex","follow":"follow","max-snippet":"max-snippet:-1","max-image-preview":"max-image-preview:large","max-video-preview":"max-video-preview:-1"},"og_locale":"de_DE","og_type":"article","og_title":"Afrikanische Bronzeskulptur Mann und Frau Freundschaft 33cm - Eliassen.nl","og_description":"Wundersch\u00f6ne afrikanische Bronzeskulptur, die Liebe und\/oder Freundschaft darstellt. Ein sch\u00f6nes fair gehandeltes Produkt. Ein sch\u00f6nes Geschenk f\u00fcr sich selb...","og_url":"https:\/\/dev.eliassen.nl\/de\/afrikanische-bronzeskulptur-mann-und-frau-freundschaft-33-cm\/","og_site_name":"Eliassen.nl","article_publisher":"https:\/\/www.facebook.com\/TuincentrumEliassenAmmerzoden","article_modified_time":"2024-12-05T15:23:30+00:00","og_image":[{"width":1152,"height":2048,"url":"https:\/\/dev.eliassen.nl\/wp-content\/uploads\/2024\/01\/processedb30acc23e03544fe81832804dd871146gfn.jpg","type":"image\/jpeg"}],"twitter_card":"summary_large_image","schema":{"@context":"https:\/\/schema.org","@graph":[{"@type":"WebPage","@id":"https:\/\/dev.eliassen.nl\/de\/afrikanische-bronzeskulptur-mann-und-frau-freundschaft-33-cm\/","url":"https:\/\/dev.eliassen.nl\/de\/afrikanische-bronzeskulptur-mann-und-frau-freundschaft-33-cm\/","name":"Afrikanische Bronzeskulptur Mann und Frau Freundschaft 33cm - Eliassen.nl","isPartOf":{"@id":"https:\/\/dev.eliassen.nl\/de\/#website"},"primaryImageOfPage":{"@id":"https:\/\/dev.eliassen.nl\/de\/afrikanische-bronzeskulptur-mann-und-frau-freundschaft-33-cm\/#primaryimage"},"image":{"@id":"https:\/\/dev.eliassen.nl\/de\/afrikanische-bronzeskulptur-mann-und-frau-freundschaft-33-cm\/#primaryimage"},"thumbnailUrl":"https:\/\/dev.eliassen.nl\/wp-content\/uploads\/2024\/01\/processedb30acc23e03544fe81832804dd871146gfn.jpg","datePublished":"2023-03-29T08:12:11+00:00","dateModified":"2024-12-05T15:23:30+00:00","description":"Wundersch\u00f6ne afrikanische Bronzeskulptur, die Liebe und\/oder Freundschaft darstellt. Ein sch\u00f6nes fair gehandeltes Produkt. Ein sch\u00f6nes Geschenk f\u00fcr sich selb...","breadcrumb":{"@id":"https:\/\/dev.eliassen.nl\/de\/afrikanische-bronzeskulptur-mann-und-frau-freundschaft-33-cm\/#breadcrumb"},"inLanguage":"de","potentialAction":[{"@type":"ReadAction","target":["https:\/\/dev.eliassen.nl\/de\/afrikanische-bronzeskulptur-mann-und-frau-freundschaft-33-cm\/"]}]},{"@type":"ImageObject","inLanguage":"de","@id":"https:\/\/dev.eliassen.nl\/de\/afrikanische-bronzeskulptur-mann-und-frau-freundschaft-33-cm\/#primaryimage","url":"https:\/\/dev.eliassen.nl\/wp-content\/uploads\/2024\/01\/processedb30acc23e03544fe81832804dd871146gfn.jpg","contentUrl":"https:\/\/dev.eliassen.nl\/wp-content\/uploads\/2024\/01\/processedb30acc23e03544fe81832804dd871146gfn.jpg","width":1152,"height":2048,"caption":"processed-b30acc23-e035-44fe-8183-2804dd871146_gfNp2z0E"},{"@type":"BreadcrumbList","@id":"https:\/\/dev.eliassen.nl\/de\/afrikanische-bronzeskulptur-mann-und-frau-freundschaft-33-cm\/#breadcrumb","itemListElement":[{"@type":"ListItem","position":1,"name":"Home","item":"https:\/\/dev.eliassen.nl\/de\/"},{"@type":"ListItem","position":2,"name":"Shop","item":"https:\/\/dev.eliassen.nl\/nl\/winkel\/"},{"@type":"ListItem","position":3,"name":"Bronzestatuen","item":"https:\/\/dev.eliassen.nl\/de\/bilder\/bronzestatuen\/"},{"@type":"ListItem","position":4,"name":"Afrikanische Bronzestatuen","item":"https:\/\/dev.eliassen.nl\/de\/bilder\/bronzestatuen\/afrikanische-bronzestatuen\/"},{"@type":"ListItem","position":5,"name":"Afrikanische Bronzeskulptur Mann und Frau Freundschaft 33 cm"}]},{"@type":"WebSite","@id":"https:\/\/dev.eliassen.nl\/de\/#website","url":"https:\/\/dev.eliassen.nl\/de\/","name":"Eliassen Home & Garden Pleasure","description":"","publisher":{"@id":"https:\/\/dev.eliassen.nl\/de\/#organization"},"alternateName":"Eliassen.nl","potentialAction":[{"@type":"SearchAction","target":{"@type":"EntryPoint","urlTemplate":"https:\/\/dev.eliassen.nl\/de\/?s={search_term_string}"},"query-input":{"@type":"PropertyValueSpecification","valueRequired":true,"valueName":"search_term_string"}}],"inLanguage":"de"},{"@type":"Organization","@id":"https:\/\/dev.eliassen.nl\/de\/#organization","name":"Eliassen Home & Garden Pleasure","url":"https:\/\/dev.eliassen.nl\/de\/","logo":{"@type":"ImageObject","inLanguage":"de","@id":"https:\/\/dev.eliassen.nl\/de\/#\/schema\/logo\/image\/","url":"https:\/\/www.eliassen.nl\/wp-content\/uploads\/2024\/01\/logo_4nd.jpg","contentUrl":"https:\/\/www.eliassen.nl\/wp-content\/uploads\/2024\/01\/logo_4nd.jpg","width":500,"height":500,"caption":"Eliassen Home & Garden Pleasure"},"image":{"@id":"https:\/\/dev.eliassen.nl\/de\/#\/schema\/logo\/image\/"},"sameAs":["https:\/\/www.facebook.com\/TuincentrumEliassenAmmerzoden","https:\/\/www.instagram.com\/eliassenhomeandgarden\/","https:\/\/nl.pinterest.com\/eliassenhomeandgarden\/","https:\/\/www.youtube.com\/@eliassenhomegardenpleasure4558"]}]}},"df_price":449,"df_sale_price":"","df_regular_price":449,"df_image_link":"https:\/\/dev.eliassen.nl\/wp-content\/uploads\/2024\/01\/processedb30acc23e03544fe81832804dd871146gfn.jpg","image":"https:\/\/dev.eliassen.nl\/wp-content\/uploads\/2024\/01\/processedb30acc23e03544fe81832804dd871146gfn.jpg","price_search":"<span class=\"woocommerce-Price-amount amount\"><bdi><span class=\"woocommerce-Price-currencySymbol\">&euro;<\/span>&nbsp;449,00<\/bdi><\/span>","category":"Afrikanische Bronzestatuen","_links":{"self":[{"href":"https:\/\/dev.eliassen.nl\/de\/wp-json\/wp\/v2\/product\/88261","targetHints":{"allow":["GET"]}}],"collection":[{"href":"https:\/\/dev.eliassen.nl\/de\/wp-json\/wp\/v2\/product"}],"about":[{"href":"https:\/\/dev.eliassen.nl\/de\/wp-json\/wp\/v2\/types\/product"}],"wp:featuredmedia":[{"embeddable":true,"href":"https:\/\/dev.eliassen.nl\/de\/wp-json\/wp\/v2\/media\/88252"}],"wp:attachment":[{"href":"https:\/\/dev.eliassen.nl\/de\/wp-json\/wp\/v2\/media?parent=88261"}],"wp:term":[{"taxonomy":"product_brand","embeddable":true,"href":"https:\/\/dev.eliassen.nl\/de\/wp-json\/wp\/v2\/product_brand?post=88261"},{"taxonomy":"product_cat","embeddable":true,"href":"https:\/\/dev.eliassen.nl\/de\/wp-json\/wp\/v2\/product_cat?post=88261"},{"taxonomy":"product_tag","embeddable":true,"href":"https:\/\/dev.eliassen.nl\/de\/wp-json\/wp\/v2\/product_tag?post=88261"}],"curies":[{"name":"wp","href":"https:\/\/api.w.org\/{rel}","templated":true}]}}