{"id":88339,"date":"2023-03-29T12:25:10","date_gmt":"2023-03-29T10:25:10","guid":{"rendered":"https:\/\/www.eliassen.nl\/?product=muurdecoratie-3d-rode-bloemen-60x60cm"},"modified":"2024-12-05T16:23:43","modified_gmt":"2024-12-05T15:23:43","slug":"wanddekoration-3d-rote-blumen-90x60cm","status":"publish","type":"product","link":"https:\/\/dev.eliassen.nl\/de\/wanddekoration-3d-rote-blumen-90x60cm\/","title":{"rendered":"Wanddekoration 3D Rote Blumen 90x60cm"},"content":{"rendered":"<p>Wenn Sie auf der Suche nach einer einzigartigen und eindrucksvollen Dekoration f\u00fcr Ihr Zuhause oder B\u00fcro sind, dann ist unsere Wanddekoration mit bunten Mohnblumen genau das Richtige f\u00fcr Sie. Diese dreidimensionale Metallarbeit besteht aus einer Reihe von Blumen und ist vollst\u00e4ndig von Hand gefertigt. Die Farben wechseln sich ab und verleihen der Arbeit ein elegantes Aussehen. Da diese Arbeit vollst\u00e4ndig von Hand gefertigt wird, ist jedes St\u00fcck ein Unikat und das Endprodukt wird immer leicht von den Fotos abweichen.<\/p>\n<p>Diese dreidimensionale Wanddekoration aus Metall mit einer Mohnblumenreihe in einem Rahmen versch\u00f6nert jedes moderne Interieur oder jeden Arbeitsplatz. Dieser stimmungsvolle und zeitlose Wandschmuck ist ein echter Hingucker.<\/p>\n<ul>\n<li>Gr\u00f6\u00dfe: 90 cm breit x 3 cm dick x 60 cm hoch<\/li>\n<li>Material: Metall<\/li>\n<li>Farbe: Rot\/Gr\u00fcn<\/li>\n<li>Einfach mit Schrauben aufzuh\u00e4ngen<\/li>\n<li>Schnell geliefert<\/li>\n<li>Gr\u00f6\u00dfte Sammlung in den Benelux-L\u00e4ndern, die auch live betrachtet werden kann.<\/li>\n<li>1 Jahr Garantie<\/li>\n<\/ul>\n","protected":false},"excerpt":{"rendered":"<p>Sch\u00f6ne Wanddekoration mit Rahmen 90x60cm hoch.<\/p>\n","protected":false},"featured_media":88330,"template":"","meta":{"_acf_changed":false},"product_brand":[],"product_cat":[515,509],"product_tag":[],"class_list":{"0":"post-88339","1":"product","2":"type-product","3":"status-publish","4":"has-post-thumbnail","6":"product_cat-3d-wanddekoration-mit-rahmen","7":"product_cat-wanddekoration","9":"first","10":"instock","11":"taxable","12":"shipping-taxable","13":"purchasable","14":"product-type-simple"},"acf":[],"yoast_head":"<!-- This site is optimized with the Yoast SEO plugin v23.8 - https:\/\/yoast.com\/wordpress\/plugins\/seo\/ -->\n<title>Wanddekoration 3D Rote Blumen 90x60cm - Eliassen Home &amp; Gardenpleasure<\/title>\n<meta name=\"description\" content=\"Bereit f\u00fcr den Fr\u00fchling! Schauen Sie sich diese sch\u00f6ne Wanddekoration mit Mohnblumen an, die in jedem Zimmer oder B\u00fcro hell h\u00e4ngt. Live ansehen oder schnell ...\" \/>\n<meta name=\"robots\" content=\"noindex, follow, max-snippet:-1, max-image-preview:large, max-video-preview:-1\" \/>\n<meta property=\"og:locale\" content=\"de_DE\" \/>\n<meta property=\"og:type\" content=\"article\" \/>\n<meta property=\"og:title\" content=\"Wanddekoration 3D Rote Blumen 90x60cm - Eliassen Home &amp; Gardenpleasure\" \/>\n<meta property=\"og:description\" content=\"Bereit f\u00fcr den Fr\u00fchling! Schauen Sie sich diese sch\u00f6ne Wanddekoration mit Mohnblumen an, die in jedem Zimmer oder B\u00fcro hell h\u00e4ngt. Live ansehen oder schnell ...\" \/>\n<meta property=\"og:url\" content=\"https:\/\/dev.eliassen.nl\/de\/wanddekoration-3d-rote-blumen-90x60cm\/\" \/>\n<meta property=\"og:site_name\" content=\"Eliassen.nl\" \/>\n<meta property=\"article:publisher\" content=\"https:\/\/www.facebook.com\/TuincentrumEliassenAmmerzoden\" \/>\n<meta property=\"article:modified_time\" content=\"2024-12-05T15:23:43+00:00\" \/>\n<meta property=\"og:image\" content=\"https:\/\/dev.eliassen.nl\/wp-content\/uploads\/2024\/01\/muurdecoratie3drodebloemen90x60cmeliassennl1.jpg\" \/>\n\t<meta property=\"og:image:width\" content=\"1024\" \/>\n\t<meta property=\"og:image:height\" content=\"694\" \/>\n\t<meta property=\"og:image:type\" content=\"image\/jpeg\" \/>\n<meta name=\"twitter:card\" content=\"summary_large_image\" \/>\n<script type=\"application\/ld+json\" class=\"yoast-schema-graph\">{\"@context\":\"https:\/\/schema.org\",\"@graph\":[{\"@type\":\"WebPage\",\"@id\":\"https:\/\/dev.eliassen.nl\/de\/wanddekoration-3d-rote-blumen-90x60cm\/\",\"url\":\"https:\/\/dev.eliassen.nl\/de\/wanddekoration-3d-rote-blumen-90x60cm\/\",\"name\":\"Wanddekoration 3D Rote Blumen 90x60cm - Eliassen Home & Gardenpleasure\",\"isPartOf\":{\"@id\":\"https:\/\/dev.eliassen.nl\/de\/#website\"},\"primaryImageOfPage\":{\"@id\":\"https:\/\/dev.eliassen.nl\/de\/wanddekoration-3d-rote-blumen-90x60cm\/#primaryimage\"},\"image\":{\"@id\":\"https:\/\/dev.eliassen.nl\/de\/wanddekoration-3d-rote-blumen-90x60cm\/#primaryimage\"},\"thumbnailUrl\":\"https:\/\/dev.eliassen.nl\/wp-content\/uploads\/2024\/01\/muurdecoratie3drodebloemen90x60cmeliassennl1.jpg\",\"datePublished\":\"2023-03-29T10:25:10+00:00\",\"dateModified\":\"2024-12-05T15:23:43+00:00\",\"description\":\"Bereit f\u00fcr den Fr\u00fchling! Schauen Sie sich diese sch\u00f6ne Wanddekoration mit Mohnblumen an, die in jedem Zimmer oder B\u00fcro hell h\u00e4ngt. Live ansehen oder schnell ...\",\"breadcrumb\":{\"@id\":\"https:\/\/dev.eliassen.nl\/de\/wanddekoration-3d-rote-blumen-90x60cm\/#breadcrumb\"},\"inLanguage\":\"de\",\"potentialAction\":[{\"@type\":\"ReadAction\",\"target\":[\"https:\/\/dev.eliassen.nl\/de\/wanddekoration-3d-rote-blumen-90x60cm\/\"]}]},{\"@type\":\"ImageObject\",\"inLanguage\":\"de\",\"@id\":\"https:\/\/dev.eliassen.nl\/de\/wanddekoration-3d-rote-blumen-90x60cm\/#primaryimage\",\"url\":\"https:\/\/dev.eliassen.nl\/wp-content\/uploads\/2024\/01\/muurdecoratie3drodebloemen90x60cmeliassennl1.jpg\",\"contentUrl\":\"https:\/\/dev.eliassen.nl\/wp-content\/uploads\/2024\/01\/muurdecoratie3drodebloemen90x60cmeliassennl1.jpg\",\"width\":1024,\"height\":694,\"caption\":\"Muurdecoratie 3D Rode Bloemen 90x60cm eliassen.nl 1\"},{\"@type\":\"BreadcrumbList\",\"@id\":\"https:\/\/dev.eliassen.nl\/de\/wanddekoration-3d-rote-blumen-90x60cm\/#breadcrumb\",\"itemListElement\":[{\"@type\":\"ListItem\",\"position\":1,\"name\":\"Home\",\"item\":\"https:\/\/dev.eliassen.nl\/de\/\"},{\"@type\":\"ListItem\",\"position\":2,\"name\":\"Shop\",\"item\":\"https:\/\/dev.eliassen.nl\/nl\/winkel\/\"},{\"@type\":\"ListItem\",\"position\":3,\"name\":\"Wanddekoration\",\"item\":\"https:\/\/dev.eliassen.nl\/de\/wanddekoration\/\"},{\"@type\":\"ListItem\",\"position\":4,\"name\":\"3D-Wanddekoration mit Rahmen\",\"item\":\"https:\/\/dev.eliassen.nl\/de\/wanddekoration\/3d-wanddekoration-mit-rahmen\/\"},{\"@type\":\"ListItem\",\"position\":5,\"name\":\"Wanddekoration 3D Rote Blumen 90x60cm\"}]},{\"@type\":\"WebSite\",\"@id\":\"https:\/\/dev.eliassen.nl\/de\/#website\",\"url\":\"https:\/\/dev.eliassen.nl\/de\/\",\"name\":\"Eliassen Home & Garden Pleasure\",\"description\":\"\",\"publisher\":{\"@id\":\"https:\/\/dev.eliassen.nl\/de\/#organization\"},\"alternateName\":\"Eliassen.nl\",\"potentialAction\":[{\"@type\":\"SearchAction\",\"target\":{\"@type\":\"EntryPoint\",\"urlTemplate\":\"https:\/\/dev.eliassen.nl\/de\/?s={search_term_string}\"},\"query-input\":{\"@type\":\"PropertyValueSpecification\",\"valueRequired\":true,\"valueName\":\"search_term_string\"}}],\"inLanguage\":\"de\"},{\"@type\":\"Organization\",\"@id\":\"https:\/\/dev.eliassen.nl\/de\/#organization\",\"name\":\"Eliassen Home & Garden Pleasure\",\"url\":\"https:\/\/dev.eliassen.nl\/de\/\",\"logo\":{\"@type\":\"ImageObject\",\"inLanguage\":\"de\",\"@id\":\"https:\/\/dev.eliassen.nl\/de\/#\/schema\/logo\/image\/\",\"url\":\"https:\/\/www.eliassen.nl\/wp-content\/uploads\/2024\/01\/logo_4nd.jpg\",\"contentUrl\":\"https:\/\/www.eliassen.nl\/wp-content\/uploads\/2024\/01\/logo_4nd.jpg\",\"width\":500,\"height\":500,\"caption\":\"Eliassen Home & Garden Pleasure\"},\"image\":{\"@id\":\"https:\/\/dev.eliassen.nl\/de\/#\/schema\/logo\/image\/\"},\"sameAs\":[\"https:\/\/www.facebook.com\/TuincentrumEliassenAmmerzoden\",\"https:\/\/www.instagram.com\/eliassenhomeandgarden\/\",\"https:\/\/nl.pinterest.com\/eliassenhomeandgarden\/\",\"https:\/\/www.youtube.com\/@eliassenhomegardenpleasure4558\"]}]}<\/script>\n<!-- \/ Yoast SEO plugin. -->","yoast_head_json":{"title":"Wanddekoration 3D Rote Blumen 90x60cm - Eliassen Home & Gardenpleasure","description":"Bereit f\u00fcr den Fr\u00fchling! Schauen Sie sich diese sch\u00f6ne Wanddekoration mit Mohnblumen an, die in jedem Zimmer oder B\u00fcro hell h\u00e4ngt. Live ansehen oder schnell ...","robots":{"index":"noindex","follow":"follow","max-snippet":"max-snippet:-1","max-image-preview":"max-image-preview:large","max-video-preview":"max-video-preview:-1"},"og_locale":"de_DE","og_type":"article","og_title":"Wanddekoration 3D Rote Blumen 90x60cm - Eliassen Home & Gardenpleasure","og_description":"Bereit f\u00fcr den Fr\u00fchling! Schauen Sie sich diese sch\u00f6ne Wanddekoration mit Mohnblumen an, die in jedem Zimmer oder B\u00fcro hell h\u00e4ngt. Live ansehen oder schnell ...","og_url":"https:\/\/dev.eliassen.nl\/de\/wanddekoration-3d-rote-blumen-90x60cm\/","og_site_name":"Eliassen.nl","article_publisher":"https:\/\/www.facebook.com\/TuincentrumEliassenAmmerzoden","article_modified_time":"2024-12-05T15:23:43+00:00","og_image":[{"width":1024,"height":694,"url":"https:\/\/dev.eliassen.nl\/wp-content\/uploads\/2024\/01\/muurdecoratie3drodebloemen90x60cmeliassennl1.jpg","type":"image\/jpeg"}],"twitter_card":"summary_large_image","schema":{"@context":"https:\/\/schema.org","@graph":[{"@type":"WebPage","@id":"https:\/\/dev.eliassen.nl\/de\/wanddekoration-3d-rote-blumen-90x60cm\/","url":"https:\/\/dev.eliassen.nl\/de\/wanddekoration-3d-rote-blumen-90x60cm\/","name":"Wanddekoration 3D Rote Blumen 90x60cm - Eliassen Home & Gardenpleasure","isPartOf":{"@id":"https:\/\/dev.eliassen.nl\/de\/#website"},"primaryImageOfPage":{"@id":"https:\/\/dev.eliassen.nl\/de\/wanddekoration-3d-rote-blumen-90x60cm\/#primaryimage"},"image":{"@id":"https:\/\/dev.eliassen.nl\/de\/wanddekoration-3d-rote-blumen-90x60cm\/#primaryimage"},"thumbnailUrl":"https:\/\/dev.eliassen.nl\/wp-content\/uploads\/2024\/01\/muurdecoratie3drodebloemen90x60cmeliassennl1.jpg","datePublished":"2023-03-29T10:25:10+00:00","dateModified":"2024-12-05T15:23:43+00:00","description":"Bereit f\u00fcr den Fr\u00fchling! Schauen Sie sich diese sch\u00f6ne Wanddekoration mit Mohnblumen an, die in jedem Zimmer oder B\u00fcro hell h\u00e4ngt. Live ansehen oder schnell ...","breadcrumb":{"@id":"https:\/\/dev.eliassen.nl\/de\/wanddekoration-3d-rote-blumen-90x60cm\/#breadcrumb"},"inLanguage":"de","potentialAction":[{"@type":"ReadAction","target":["https:\/\/dev.eliassen.nl\/de\/wanddekoration-3d-rote-blumen-90x60cm\/"]}]},{"@type":"ImageObject","inLanguage":"de","@id":"https:\/\/dev.eliassen.nl\/de\/wanddekoration-3d-rote-blumen-90x60cm\/#primaryimage","url":"https:\/\/dev.eliassen.nl\/wp-content\/uploads\/2024\/01\/muurdecoratie3drodebloemen90x60cmeliassennl1.jpg","contentUrl":"https:\/\/dev.eliassen.nl\/wp-content\/uploads\/2024\/01\/muurdecoratie3drodebloemen90x60cmeliassennl1.jpg","width":1024,"height":694,"caption":"Muurdecoratie 3D Rode Bloemen 90x60cm eliassen.nl 1"},{"@type":"BreadcrumbList","@id":"https:\/\/dev.eliassen.nl\/de\/wanddekoration-3d-rote-blumen-90x60cm\/#breadcrumb","itemListElement":[{"@type":"ListItem","position":1,"name":"Home","item":"https:\/\/dev.eliassen.nl\/de\/"},{"@type":"ListItem","position":2,"name":"Shop","item":"https:\/\/dev.eliassen.nl\/nl\/winkel\/"},{"@type":"ListItem","position":3,"name":"Wanddekoration","item":"https:\/\/dev.eliassen.nl\/de\/wanddekoration\/"},{"@type":"ListItem","position":4,"name":"3D-Wanddekoration mit Rahmen","item":"https:\/\/dev.eliassen.nl\/de\/wanddekoration\/3d-wanddekoration-mit-rahmen\/"},{"@type":"ListItem","position":5,"name":"Wanddekoration 3D Rote Blumen 90x60cm"}]},{"@type":"WebSite","@id":"https:\/\/dev.eliassen.nl\/de\/#website","url":"https:\/\/dev.eliassen.nl\/de\/","name":"Eliassen Home & Garden Pleasure","description":"","publisher":{"@id":"https:\/\/dev.eliassen.nl\/de\/#organization"},"alternateName":"Eliassen.nl","potentialAction":[{"@type":"SearchAction","target":{"@type":"EntryPoint","urlTemplate":"https:\/\/dev.eliassen.nl\/de\/?s={search_term_string}"},"query-input":{"@type":"PropertyValueSpecification","valueRequired":true,"valueName":"search_term_string"}}],"inLanguage":"de"},{"@type":"Organization","@id":"https:\/\/dev.eliassen.nl\/de\/#organization","name":"Eliassen Home & Garden Pleasure","url":"https:\/\/dev.eliassen.nl\/de\/","logo":{"@type":"ImageObject","inLanguage":"de","@id":"https:\/\/dev.eliassen.nl\/de\/#\/schema\/logo\/image\/","url":"https:\/\/www.eliassen.nl\/wp-content\/uploads\/2024\/01\/logo_4nd.jpg","contentUrl":"https:\/\/www.eliassen.nl\/wp-content\/uploads\/2024\/01\/logo_4nd.jpg","width":500,"height":500,"caption":"Eliassen Home & Garden Pleasure"},"image":{"@id":"https:\/\/dev.eliassen.nl\/de\/#\/schema\/logo\/image\/"},"sameAs":["https:\/\/www.facebook.com\/TuincentrumEliassenAmmerzoden","https:\/\/www.instagram.com\/eliassenhomeandgarden\/","https:\/\/nl.pinterest.com\/eliassenhomeandgarden\/","https:\/\/www.youtube.com\/@eliassenhomegardenpleasure4558"]}]}},"df_price":94.5,"df_sale_price":"","df_regular_price":94.5,"df_image_link":"https:\/\/dev.eliassen.nl\/wp-content\/uploads\/2024\/01\/muurdecoratie3drodebloemen90x60cmeliassennl1.jpg","image":"https:\/\/dev.eliassen.nl\/wp-content\/uploads\/2024\/01\/muurdecoratie3drodebloemen90x60cmeliassennl1.jpg","price_search":"<span class=\"woocommerce-Price-amount amount\"><bdi><span class=\"woocommerce-Price-currencySymbol\">&euro;<\/span>&nbsp;94,50<\/bdi><\/span>","category":"3D-Wanddekoration mit Rahmen","_links":{"self":[{"href":"https:\/\/dev.eliassen.nl\/de\/wp-json\/wp\/v2\/product\/88339","targetHints":{"allow":["GET"]}}],"collection":[{"href":"https:\/\/dev.eliassen.nl\/de\/wp-json\/wp\/v2\/product"}],"about":[{"href":"https:\/\/dev.eliassen.nl\/de\/wp-json\/wp\/v2\/types\/product"}],"wp:featuredmedia":[{"embeddable":true,"href":"https:\/\/dev.eliassen.nl\/de\/wp-json\/wp\/v2\/media\/88330"}],"wp:attachment":[{"href":"https:\/\/dev.eliassen.nl\/de\/wp-json\/wp\/v2\/media?parent=88339"}],"wp:term":[{"taxonomy":"product_brand","embeddable":true,"href":"https:\/\/dev.eliassen.nl\/de\/wp-json\/wp\/v2\/product_brand?post=88339"},{"taxonomy":"product_cat","embeddable":true,"href":"https:\/\/dev.eliassen.nl\/de\/wp-json\/wp\/v2\/product_cat?post=88339"},{"taxonomy":"product_tag","embeddable":true,"href":"https:\/\/dev.eliassen.nl\/de\/wp-json\/wp\/v2\/product_tag?post=88339"}],"curies":[{"name":"wp","href":"https:\/\/api.w.org\/{rel}","templated":true}]}}