{"id":88399,"date":"2023-03-31T15:42:43","date_gmt":"2023-03-31T13:42:43","guid":{"rendered":"https:\/\/www.eliassen.nl\/?product=tafellamp-glas-mozaiek-aztek-10x21x19-cm"},"modified":"2025-01-03T14:10:44","modified_gmt":"2025-01-03T13:10:44","slug":"tischleuchte-glasmosaik-braungelb-10x21x19-cm","status":"publish","type":"product","link":"https:\/\/dev.eliassen.nl\/de\/tischleuchte-glasmosaik-braungelb-10x21x19-cm\/","title":{"rendered":"Tischleuchte Glasmosaik Braun\/Gelb 10x21x19 cm"},"content":{"rendered":"<p>Stimmungslampe aus Glas. Wundersch\u00f6n handgefertigte Mosaiklampe in ovaler Form. Jeder braun\/gelbe Glasstein wird manuell auf das darunter liegende Glas aufgetragen. Im Dunkeln sorgt diese Tischleuchte f\u00fcr einen sch\u00f6nen Lichteffekt, sobald das Licht durch das Mosaik scheint. Die ovale Form sorgt daf\u00fcr, dass diese Lampe auch auf schmaleren Fl\u00e4chen wie Fensterb\u00e4nken, Regalen usw. stehen kann.<\/p>\n<ul>\n<li>Gr\u00f6\u00dfe: 10x21x19cm hoch<\/li>\n<li>Material: Glas, oval<\/li>\n<li>Fassung: E14, maximal 50 Watt<\/li>\n<li>Mit Schalter<\/li>\n<li>Gewicht: 1kg<\/li>\n<li>1 Jahr Garantie<\/li>\n<li>Lieferung ohne Lampe<\/li>\n<li>Auch in unserem Shop zu sehen<\/li>\n<\/ul>\n","protected":false},"excerpt":{"rendered":"<p>Braun\/gelbe Mosaiklampe, f\u00fcr viel Atmosph\u00e4re.<\/p>\n","protected":false},"featured_media":88390,"template":"","meta":{"_acf_changed":false},"product_brand":[],"product_cat":[800,749,809,746],"product_tag":[],"class_list":{"0":"post-88399","1":"product","2":"type-product","3":"status-publish","4":"has-post-thumbnail","6":"product_cat-glaskunst","7":"product_cat-glaslampen","9":"product_cat-stimmungsvolle-beleuchtung","11":"first","12":"instock","13":"taxable","14":"shipping-taxable","15":"purchasable","16":"product-type-simple"},"acf":[],"yoast_head":"<!-- This site is optimized with the Yoast SEO plugin v23.8 - https:\/\/yoast.com\/wordpress\/plugins\/seo\/ -->\n<title>Tischleuchte Glasmosaik Braun\/Gelb 10x21x19 cm<\/title>\n<meta name=\"description\" content=\"Stimmungslampen aus Glas? Sehen Sie sie sich alle in unserem Webshop an oder kommen Sie vorbei und sehen Sie sie sich live an!!\" \/>\n<meta name=\"robots\" content=\"noindex, follow, max-snippet:-1, max-image-preview:large, max-video-preview:-1\" \/>\n<meta property=\"og:locale\" content=\"de_DE\" \/>\n<meta property=\"og:type\" content=\"article\" \/>\n<meta property=\"og:title\" content=\"Tischleuchte Glasmosaik Braun\/Gelb 10x21x19 cm\" \/>\n<meta property=\"og:description\" content=\"Stimmungslampen aus Glas? Sehen Sie sie sich alle in unserem Webshop an oder kommen Sie vorbei und sehen Sie sie sich live an!!\" \/>\n<meta property=\"og:url\" content=\"https:\/\/dev.eliassen.nl\/de\/tischleuchte-glasmosaik-braungelb-10x21x19-cm\/\" \/>\n<meta property=\"og:site_name\" content=\"Eliassen.nl\" \/>\n<meta property=\"article:publisher\" content=\"https:\/\/www.facebook.com\/TuincentrumEliassenAmmerzoden\" \/>\n<meta property=\"article:modified_time\" content=\"2025-01-03T13:10:44+00:00\" \/>\n<meta property=\"og:image\" content=\"https:\/\/dev.eliassen.nl\/wp-content\/uploads\/2024\/01\/m7g10x21x19cm.jpg\" \/>\n\t<meta property=\"og:image:width\" content=\"2048\" \/>\n\t<meta property=\"og:image:height\" content=\"2037\" \/>\n\t<meta property=\"og:image:type\" content=\"image\/jpeg\" \/>\n<meta name=\"twitter:card\" content=\"summary_large_image\" \/>\n<script type=\"application\/ld+json\" class=\"yoast-schema-graph\">{\"@context\":\"https:\/\/schema.org\",\"@graph\":[{\"@type\":\"WebPage\",\"@id\":\"https:\/\/dev.eliassen.nl\/de\/tischleuchte-glasmosaik-braungelb-10x21x19-cm\/\",\"url\":\"https:\/\/dev.eliassen.nl\/de\/tischleuchte-glasmosaik-braungelb-10x21x19-cm\/\",\"name\":\"Tischleuchte Glasmosaik Braun\/Gelb 10x21x19 cm\",\"isPartOf\":{\"@id\":\"https:\/\/dev.eliassen.nl\/de\/#website\"},\"primaryImageOfPage\":{\"@id\":\"https:\/\/dev.eliassen.nl\/de\/tischleuchte-glasmosaik-braungelb-10x21x19-cm\/#primaryimage\"},\"image\":{\"@id\":\"https:\/\/dev.eliassen.nl\/de\/tischleuchte-glasmosaik-braungelb-10x21x19-cm\/#primaryimage\"},\"thumbnailUrl\":\"https:\/\/dev.eliassen.nl\/wp-content\/uploads\/2024\/01\/m7g10x21x19cm.jpg\",\"datePublished\":\"2023-03-31T13:42:43+00:00\",\"dateModified\":\"2025-01-03T13:10:44+00:00\",\"description\":\"Stimmungslampen aus Glas? Sehen Sie sie sich alle in unserem Webshop an oder kommen Sie vorbei und sehen Sie sie sich live an!!\",\"breadcrumb\":{\"@id\":\"https:\/\/dev.eliassen.nl\/de\/tischleuchte-glasmosaik-braungelb-10x21x19-cm\/#breadcrumb\"},\"inLanguage\":\"de\",\"potentialAction\":[{\"@type\":\"ReadAction\",\"target\":[\"https:\/\/dev.eliassen.nl\/de\/tischleuchte-glasmosaik-braungelb-10x21x19-cm\/\"]}]},{\"@type\":\"ImageObject\",\"inLanguage\":\"de\",\"@id\":\"https:\/\/dev.eliassen.nl\/de\/tischleuchte-glasmosaik-braungelb-10x21x19-cm\/#primaryimage\",\"url\":\"https:\/\/dev.eliassen.nl\/wp-content\/uploads\/2024\/01\/m7g10x21x19cm.jpg\",\"contentUrl\":\"https:\/\/dev.eliassen.nl\/wp-content\/uploads\/2024\/01\/m7g10x21x19cm.jpg\",\"width\":2048,\"height\":2037,\"caption\":\"M7G 10x21x19 cm\"},{\"@type\":\"BreadcrumbList\",\"@id\":\"https:\/\/dev.eliassen.nl\/de\/tischleuchte-glasmosaik-braungelb-10x21x19-cm\/#breadcrumb\",\"itemListElement\":[{\"@type\":\"ListItem\",\"position\":1,\"name\":\"Home\",\"item\":\"https:\/\/dev.eliassen.nl\/de\/\"},{\"@type\":\"ListItem\",\"position\":2,\"name\":\"Shop\",\"item\":\"https:\/\/dev.eliassen.nl\/nl\/winkel\/\"},{\"@type\":\"ListItem\",\"position\":3,\"name\":\"Glaskunst\",\"item\":\"https:\/\/dev.eliassen.nl\/de\/glaskunst\/\"},{\"@type\":\"ListItem\",\"position\":4,\"name\":\"Glaslampen\",\"item\":\"https:\/\/dev.eliassen.nl\/de\/glaskunst\/glaslampen\/\"},{\"@type\":\"ListItem\",\"position\":5,\"name\":\"Tischleuchte Glasmosaik Braun\/Gelb 10x21x19 cm\"}]},{\"@type\":\"WebSite\",\"@id\":\"https:\/\/dev.eliassen.nl\/de\/#website\",\"url\":\"https:\/\/dev.eliassen.nl\/de\/\",\"name\":\"Eliassen Home & Garden Pleasure\",\"description\":\"\",\"publisher\":{\"@id\":\"https:\/\/dev.eliassen.nl\/de\/#organization\"},\"alternateName\":\"Eliassen.nl\",\"potentialAction\":[{\"@type\":\"SearchAction\",\"target\":{\"@type\":\"EntryPoint\",\"urlTemplate\":\"https:\/\/dev.eliassen.nl\/de\/?s={search_term_string}\"},\"query-input\":{\"@type\":\"PropertyValueSpecification\",\"valueRequired\":true,\"valueName\":\"search_term_string\"}}],\"inLanguage\":\"de\"},{\"@type\":\"Organization\",\"@id\":\"https:\/\/dev.eliassen.nl\/de\/#organization\",\"name\":\"Eliassen Home & Garden Pleasure\",\"url\":\"https:\/\/dev.eliassen.nl\/de\/\",\"logo\":{\"@type\":\"ImageObject\",\"inLanguage\":\"de\",\"@id\":\"https:\/\/dev.eliassen.nl\/de\/#\/schema\/logo\/image\/\",\"url\":\"https:\/\/www.eliassen.nl\/wp-content\/uploads\/2024\/01\/logo_4nd.jpg\",\"contentUrl\":\"https:\/\/www.eliassen.nl\/wp-content\/uploads\/2024\/01\/logo_4nd.jpg\",\"width\":500,\"height\":500,\"caption\":\"Eliassen Home & Garden Pleasure\"},\"image\":{\"@id\":\"https:\/\/dev.eliassen.nl\/de\/#\/schema\/logo\/image\/\"},\"sameAs\":[\"https:\/\/www.facebook.com\/TuincentrumEliassenAmmerzoden\",\"https:\/\/www.instagram.com\/eliassenhomeandgarden\/\",\"https:\/\/nl.pinterest.com\/eliassenhomeandgarden\/\",\"https:\/\/www.youtube.com\/@eliassenhomegardenpleasure4558\"]}]}<\/script>\n<!-- \/ Yoast SEO plugin. -->","yoast_head_json":{"title":"Tischleuchte Glasmosaik Braun\/Gelb 10x21x19 cm","description":"Stimmungslampen aus Glas? Sehen Sie sie sich alle in unserem Webshop an oder kommen Sie vorbei und sehen Sie sie sich live an!!","robots":{"index":"noindex","follow":"follow","max-snippet":"max-snippet:-1","max-image-preview":"max-image-preview:large","max-video-preview":"max-video-preview:-1"},"og_locale":"de_DE","og_type":"article","og_title":"Tischleuchte Glasmosaik Braun\/Gelb 10x21x19 cm","og_description":"Stimmungslampen aus Glas? Sehen Sie sie sich alle in unserem Webshop an oder kommen Sie vorbei und sehen Sie sie sich live an!!","og_url":"https:\/\/dev.eliassen.nl\/de\/tischleuchte-glasmosaik-braungelb-10x21x19-cm\/","og_site_name":"Eliassen.nl","article_publisher":"https:\/\/www.facebook.com\/TuincentrumEliassenAmmerzoden","article_modified_time":"2025-01-03T13:10:44+00:00","og_image":[{"width":2048,"height":2037,"url":"https:\/\/dev.eliassen.nl\/wp-content\/uploads\/2024\/01\/m7g10x21x19cm.jpg","type":"image\/jpeg"}],"twitter_card":"summary_large_image","schema":{"@context":"https:\/\/schema.org","@graph":[{"@type":"WebPage","@id":"https:\/\/dev.eliassen.nl\/de\/tischleuchte-glasmosaik-braungelb-10x21x19-cm\/","url":"https:\/\/dev.eliassen.nl\/de\/tischleuchte-glasmosaik-braungelb-10x21x19-cm\/","name":"Tischleuchte Glasmosaik Braun\/Gelb 10x21x19 cm","isPartOf":{"@id":"https:\/\/dev.eliassen.nl\/de\/#website"},"primaryImageOfPage":{"@id":"https:\/\/dev.eliassen.nl\/de\/tischleuchte-glasmosaik-braungelb-10x21x19-cm\/#primaryimage"},"image":{"@id":"https:\/\/dev.eliassen.nl\/de\/tischleuchte-glasmosaik-braungelb-10x21x19-cm\/#primaryimage"},"thumbnailUrl":"https:\/\/dev.eliassen.nl\/wp-content\/uploads\/2024\/01\/m7g10x21x19cm.jpg","datePublished":"2023-03-31T13:42:43+00:00","dateModified":"2025-01-03T13:10:44+00:00","description":"Stimmungslampen aus Glas? Sehen Sie sie sich alle in unserem Webshop an oder kommen Sie vorbei und sehen Sie sie sich live an!!","breadcrumb":{"@id":"https:\/\/dev.eliassen.nl\/de\/tischleuchte-glasmosaik-braungelb-10x21x19-cm\/#breadcrumb"},"inLanguage":"de","potentialAction":[{"@type":"ReadAction","target":["https:\/\/dev.eliassen.nl\/de\/tischleuchte-glasmosaik-braungelb-10x21x19-cm\/"]}]},{"@type":"ImageObject","inLanguage":"de","@id":"https:\/\/dev.eliassen.nl\/de\/tischleuchte-glasmosaik-braungelb-10x21x19-cm\/#primaryimage","url":"https:\/\/dev.eliassen.nl\/wp-content\/uploads\/2024\/01\/m7g10x21x19cm.jpg","contentUrl":"https:\/\/dev.eliassen.nl\/wp-content\/uploads\/2024\/01\/m7g10x21x19cm.jpg","width":2048,"height":2037,"caption":"M7G 10x21x19 cm"},{"@type":"BreadcrumbList","@id":"https:\/\/dev.eliassen.nl\/de\/tischleuchte-glasmosaik-braungelb-10x21x19-cm\/#breadcrumb","itemListElement":[{"@type":"ListItem","position":1,"name":"Home","item":"https:\/\/dev.eliassen.nl\/de\/"},{"@type":"ListItem","position":2,"name":"Shop","item":"https:\/\/dev.eliassen.nl\/nl\/winkel\/"},{"@type":"ListItem","position":3,"name":"Glaskunst","item":"https:\/\/dev.eliassen.nl\/de\/glaskunst\/"},{"@type":"ListItem","position":4,"name":"Glaslampen","item":"https:\/\/dev.eliassen.nl\/de\/glaskunst\/glaslampen\/"},{"@type":"ListItem","position":5,"name":"Tischleuchte Glasmosaik Braun\/Gelb 10x21x19 cm"}]},{"@type":"WebSite","@id":"https:\/\/dev.eliassen.nl\/de\/#website","url":"https:\/\/dev.eliassen.nl\/de\/","name":"Eliassen Home & Garden Pleasure","description":"","publisher":{"@id":"https:\/\/dev.eliassen.nl\/de\/#organization"},"alternateName":"Eliassen.nl","potentialAction":[{"@type":"SearchAction","target":{"@type":"EntryPoint","urlTemplate":"https:\/\/dev.eliassen.nl\/de\/?s={search_term_string}"},"query-input":{"@type":"PropertyValueSpecification","valueRequired":true,"valueName":"search_term_string"}}],"inLanguage":"de"},{"@type":"Organization","@id":"https:\/\/dev.eliassen.nl\/de\/#organization","name":"Eliassen Home & Garden Pleasure","url":"https:\/\/dev.eliassen.nl\/de\/","logo":{"@type":"ImageObject","inLanguage":"de","@id":"https:\/\/dev.eliassen.nl\/de\/#\/schema\/logo\/image\/","url":"https:\/\/www.eliassen.nl\/wp-content\/uploads\/2024\/01\/logo_4nd.jpg","contentUrl":"https:\/\/www.eliassen.nl\/wp-content\/uploads\/2024\/01\/logo_4nd.jpg","width":500,"height":500,"caption":"Eliassen Home & Garden Pleasure"},"image":{"@id":"https:\/\/dev.eliassen.nl\/de\/#\/schema\/logo\/image\/"},"sameAs":["https:\/\/www.facebook.com\/TuincentrumEliassenAmmerzoden","https:\/\/www.instagram.com\/eliassenhomeandgarden\/","https:\/\/nl.pinterest.com\/eliassenhomeandgarden\/","https:\/\/www.youtube.com\/@eliassenhomegardenpleasure4558"]}]}},"df_price":42.5,"df_sale_price":"","df_regular_price":42.5,"df_image_link":"https:\/\/dev.eliassen.nl\/wp-content\/uploads\/2024\/01\/m7g10x21x19cm.jpg","image":"https:\/\/dev.eliassen.nl\/wp-content\/uploads\/2024\/01\/m7g10x21x19cm.jpg","price_search":"<span class=\"woocommerce-Price-amount amount\"><bdi><span class=\"woocommerce-Price-currencySymbol\">&euro;<\/span>&nbsp;42,50<\/bdi><\/span>","category":"Glaskunst","_links":{"self":[{"href":"https:\/\/dev.eliassen.nl\/de\/wp-json\/wp\/v2\/product\/88399","targetHints":{"allow":["GET"]}}],"collection":[{"href":"https:\/\/dev.eliassen.nl\/de\/wp-json\/wp\/v2\/product"}],"about":[{"href":"https:\/\/dev.eliassen.nl\/de\/wp-json\/wp\/v2\/types\/product"}],"wp:featuredmedia":[{"embeddable":true,"href":"https:\/\/dev.eliassen.nl\/de\/wp-json\/wp\/v2\/media\/88390"}],"wp:attachment":[{"href":"https:\/\/dev.eliassen.nl\/de\/wp-json\/wp\/v2\/media?parent=88399"}],"wp:term":[{"taxonomy":"product_brand","embeddable":true,"href":"https:\/\/dev.eliassen.nl\/de\/wp-json\/wp\/v2\/product_brand?post=88399"},{"taxonomy":"product_cat","embeddable":true,"href":"https:\/\/dev.eliassen.nl\/de\/wp-json\/wp\/v2\/product_cat?post=88399"},{"taxonomy":"product_tag","embeddable":true,"href":"https:\/\/dev.eliassen.nl\/de\/wp-json\/wp\/v2\/product_tag?post=88399"}],"curies":[{"name":"wp","href":"https:\/\/api.w.org\/{rel}","templated":true}]}}