{"id":88822,"date":"2023-04-03T12:00:17","date_gmt":"2023-04-03T10:00:17","guid":{"rendered":"https:\/\/www.eliassen.nl\/?product=glaslamp-arno-france-peer-anijsgroen-40cm"},"modified":"2024-12-05T16:24:36","modified_gmt":"2024-12-05T15:24:36","slug":"glaslampe-arno-france-birnenanisgrun-40cm","status":"publish","type":"product","link":"https:\/\/dev.eliassen.nl\/de\/glaslampe-arno-france-birnenanisgrun-40cm\/","title":{"rendered":"Glaslampe Arno France Birnenanisgr\u00fcn 40cm"},"content":{"rendered":"<p><iframe loading=\"lazy\" title=\"YouTube-Videoplayer\" src=\"https:\/\/www.youtube.com\/embed\/HizD6Y4wHf8\" width=\" 420\" height=\"236\" frameborder=\"0\" allowfullscreen=\"allowfullscreen\"><\/iframe><\/p>\n<p>Diese birnenf\u00f6rmige Lampe aus sehr klarem Kristallglas wird nach altmodischer Art mundgeblasen. Die in der Leuchte verwendeten Farben sind wunderbar sch\u00f6n und leuchtend und strahlen eine sehr warme und freundliche Atmosph\u00e4re aus.<\/p>\n<p>Die Farben dieser Leuchte gehen flie\u00dfend ineinander \u00fcber.<\/p>\n<p>Jede Lampe ist ein einzigartiges k\u00fcnstlerisches Glasobjekt, das vom Foto abweichen kann.<br \/>Tags\u00fcber ist es eine Freude, es anzusehen.<\/p>\n<p>Diese einzigartige Kristallglaslampe steht auf einem superklaren Kristallsockel mit einem Durchmesser von 16 cm.<\/p>\n<p>Da es sich um ein Einzelst\u00fcck handelt, kann die Lampe vom Foto abweichen.<\/p>\n<p>Diese gesamte Sammlung von Glaslampen von Arno France kann auch live bei uns besichtigt werden, was in den Niederlanden einzigartig ist.<\/p>\n<p>Diese Leuchte wird versandkostenfrei verschickt, wir tragen aufgrund der enormen Bruchgefahr kein Risiko f\u00fcr die R\u00fccksendung dieser Leuchte.<strong>\u00a0<\/strong><\/p>\n<p><strong>JETZT mit gratis LED-Leuchte mit Fernbedienung, mit der sich auch Farbe und Helligkeit einstellen lassen, f\u00fcr eine optimale Atmosph\u00e4re!!<\/strong><\/p>\n<ul>\n<li>Gr\u00f6\u00dfe: ca. 40 cm hoch.<\/li>\n<li>Material: Kristallglas mit einem Mindestbleigehalt von 24 %<\/li>\n<li>Mit Punzenstempel versehen<\/li>\n<li>Kabell\u00e4nge 140 cm, ausgestattet mit einem Schalter<\/li>\n<li>Ausgestattet mit Fassung E14<\/li>\n<li>Kostenloser Versand, R\u00fccksendung auf eigene Gefahr<\/li>\n<li>Foto ist nur ein Beispiel<\/li>\n<\/ul>\n","protected":false},"excerpt":{"rendered":"<p>Sch\u00f6ne Kristallglaslampe von Arno France. Jetzt mit kostenloser LED-Lampe und Fernbedienung.<\/p>\n","protected":false},"featured_media":88807,"template":"","meta":{"_acf_changed":false},"product_brand":[],"product_cat":[800,749,809,746],"product_tag":[],"class_list":{"0":"post-88822","1":"product","2":"type-product","3":"status-publish","4":"has-post-thumbnail","6":"product_cat-glaskunst","7":"product_cat-glaslampen","9":"product_cat-stimmungsvolle-beleuchtung","11":"first","12":"instock","13":"taxable","14":"shipping-taxable","15":"purchasable","16":"product-type-simple"},"acf":[],"yoast_head":"<!-- This site is optimized with the Yoast SEO plugin v23.8 - https:\/\/yoast.com\/wordpress\/plugins\/seo\/ -->\n<title>Glaslampe Arno France Birnenanisgr\u00fcn 40cm - Eliassen Home &amp; Garden<\/title>\n<meta name=\"description\" content=\"Sch\u00f6ne Kristallglaslampe von Arno France. Birnenlampe. Mundgeblasen und einzigartig in seiner Art. Sch\u00f6ne anisgr\u00fcne Farben. Live zu sehen in unserem Showroom!\" \/>\n<meta name=\"robots\" content=\"noindex, follow, max-snippet:-1, max-image-preview:large, max-video-preview:-1\" \/>\n<meta property=\"og:locale\" content=\"de_DE\" \/>\n<meta property=\"og:type\" content=\"article\" \/>\n<meta property=\"og:title\" content=\"Glaslampe Arno France Birnenanisgr\u00fcn 40cm - Eliassen Home &amp; Garden\" \/>\n<meta property=\"og:description\" content=\"Sch\u00f6ne Kristallglaslampe von Arno France. Birnenlampe. Mundgeblasen und einzigartig in seiner Art. Sch\u00f6ne anisgr\u00fcne Farben. Live zu sehen in unserem Showroom!\" \/>\n<meta property=\"og:url\" content=\"https:\/\/dev.eliassen.nl\/de\/glaslampe-arno-france-birnenanisgrun-40cm\/\" \/>\n<meta property=\"og:site_name\" content=\"Eliassen.nl\" \/>\n<meta property=\"article:publisher\" content=\"https:\/\/www.facebook.com\/TuincentrumEliassenAmmerzoden\" \/>\n<meta property=\"article:modified_time\" content=\"2024-12-05T15:24:36+00:00\" \/>\n<meta property=\"og:image\" content=\"https:\/\/dev.eliassen.nl\/wp-content\/uploads\/2024\/01\/processedd5eaa7aa6f5e4e7a99b199fa3c74c5edelj.jpg\" \/>\n\t<meta property=\"og:image:width\" content=\"1152\" \/>\n\t<meta property=\"og:image:height\" content=\"2048\" \/>\n\t<meta property=\"og:image:type\" content=\"image\/jpeg\" \/>\n<meta name=\"twitter:card\" content=\"summary_large_image\" \/>\n<script type=\"application\/ld+json\" class=\"yoast-schema-graph\">{\"@context\":\"https:\/\/schema.org\",\"@graph\":[{\"@type\":\"WebPage\",\"@id\":\"https:\/\/dev.eliassen.nl\/de\/glaslampe-arno-france-birnenanisgrun-40cm\/\",\"url\":\"https:\/\/dev.eliassen.nl\/de\/glaslampe-arno-france-birnenanisgrun-40cm\/\",\"name\":\"Glaslampe Arno France Birnenanisgr\u00fcn 40cm - Eliassen Home & Garden\",\"isPartOf\":{\"@id\":\"https:\/\/dev.eliassen.nl\/de\/#website\"},\"primaryImageOfPage\":{\"@id\":\"https:\/\/dev.eliassen.nl\/de\/glaslampe-arno-france-birnenanisgrun-40cm\/#primaryimage\"},\"image\":{\"@id\":\"https:\/\/dev.eliassen.nl\/de\/glaslampe-arno-france-birnenanisgrun-40cm\/#primaryimage\"},\"thumbnailUrl\":\"https:\/\/dev.eliassen.nl\/wp-content\/uploads\/2024\/01\/processedd5eaa7aa6f5e4e7a99b199fa3c74c5edelj.jpg\",\"datePublished\":\"2023-04-03T10:00:17+00:00\",\"dateModified\":\"2024-12-05T15:24:36+00:00\",\"description\":\"Sch\u00f6ne Kristallglaslampe von Arno France. Birnenlampe. Mundgeblasen und einzigartig in seiner Art. Sch\u00f6ne anisgr\u00fcne Farben. Live zu sehen in unserem Showroom!\",\"breadcrumb\":{\"@id\":\"https:\/\/dev.eliassen.nl\/de\/glaslampe-arno-france-birnenanisgrun-40cm\/#breadcrumb\"},\"inLanguage\":\"de\",\"potentialAction\":[{\"@type\":\"ReadAction\",\"target\":[\"https:\/\/dev.eliassen.nl\/de\/glaslampe-arno-france-birnenanisgrun-40cm\/\"]}]},{\"@type\":\"ImageObject\",\"inLanguage\":\"de\",\"@id\":\"https:\/\/dev.eliassen.nl\/de\/glaslampe-arno-france-birnenanisgrun-40cm\/#primaryimage\",\"url\":\"https:\/\/dev.eliassen.nl\/wp-content\/uploads\/2024\/01\/processedd5eaa7aa6f5e4e7a99b199fa3c74c5edelj.jpg\",\"contentUrl\":\"https:\/\/dev.eliassen.nl\/wp-content\/uploads\/2024\/01\/processedd5eaa7aa6f5e4e7a99b199fa3c74c5edelj.jpg\",\"width\":1152,\"height\":2048,\"caption\":\"processed-d5eaa7aa-6f5e-4e7a-99b1-99fa3c74c5ed_ElJMOQLb\"},{\"@type\":\"BreadcrumbList\",\"@id\":\"https:\/\/dev.eliassen.nl\/de\/glaslampe-arno-france-birnenanisgrun-40cm\/#breadcrumb\",\"itemListElement\":[{\"@type\":\"ListItem\",\"position\":1,\"name\":\"Home\",\"item\":\"https:\/\/dev.eliassen.nl\/de\/\"},{\"@type\":\"ListItem\",\"position\":2,\"name\":\"Shop\",\"item\":\"https:\/\/dev.eliassen.nl\/nl\/winkel\/\"},{\"@type\":\"ListItem\",\"position\":3,\"name\":\"Glaskunst\",\"item\":\"https:\/\/dev.eliassen.nl\/de\/glaskunst\/\"},{\"@type\":\"ListItem\",\"position\":4,\"name\":\"Glaslampen\",\"item\":\"https:\/\/dev.eliassen.nl\/de\/glaskunst\/glaslampen\/\"},{\"@type\":\"ListItem\",\"position\":5,\"name\":\"Glaslampe Arno France Birnenanisgr\u00fcn 40cm\"}]},{\"@type\":\"WebSite\",\"@id\":\"https:\/\/dev.eliassen.nl\/de\/#website\",\"url\":\"https:\/\/dev.eliassen.nl\/de\/\",\"name\":\"Eliassen Home & Garden Pleasure\",\"description\":\"\",\"publisher\":{\"@id\":\"https:\/\/dev.eliassen.nl\/de\/#organization\"},\"alternateName\":\"Eliassen.nl\",\"potentialAction\":[{\"@type\":\"SearchAction\",\"target\":{\"@type\":\"EntryPoint\",\"urlTemplate\":\"https:\/\/dev.eliassen.nl\/de\/?s={search_term_string}\"},\"query-input\":{\"@type\":\"PropertyValueSpecification\",\"valueRequired\":true,\"valueName\":\"search_term_string\"}}],\"inLanguage\":\"de\"},{\"@type\":\"Organization\",\"@id\":\"https:\/\/dev.eliassen.nl\/de\/#organization\",\"name\":\"Eliassen Home & Garden Pleasure\",\"url\":\"https:\/\/dev.eliassen.nl\/de\/\",\"logo\":{\"@type\":\"ImageObject\",\"inLanguage\":\"de\",\"@id\":\"https:\/\/dev.eliassen.nl\/de\/#\/schema\/logo\/image\/\",\"url\":\"https:\/\/www.eliassen.nl\/wp-content\/uploads\/2024\/01\/logo_4nd.jpg\",\"contentUrl\":\"https:\/\/www.eliassen.nl\/wp-content\/uploads\/2024\/01\/logo_4nd.jpg\",\"width\":500,\"height\":500,\"caption\":\"Eliassen Home & Garden Pleasure\"},\"image\":{\"@id\":\"https:\/\/dev.eliassen.nl\/de\/#\/schema\/logo\/image\/\"},\"sameAs\":[\"https:\/\/www.facebook.com\/TuincentrumEliassenAmmerzoden\",\"https:\/\/www.instagram.com\/eliassenhomeandgarden\/\",\"https:\/\/nl.pinterest.com\/eliassenhomeandgarden\/\",\"https:\/\/www.youtube.com\/@eliassenhomegardenpleasure4558\"]}]}<\/script>\n<!-- \/ Yoast SEO plugin. -->","yoast_head_json":{"title":"Glaslampe Arno France Birnenanisgr\u00fcn 40cm - Eliassen Home & Garden","description":"Sch\u00f6ne Kristallglaslampe von Arno France. Birnenlampe. Mundgeblasen und einzigartig in seiner Art. Sch\u00f6ne anisgr\u00fcne Farben. Live zu sehen in unserem Showroom!","robots":{"index":"noindex","follow":"follow","max-snippet":"max-snippet:-1","max-image-preview":"max-image-preview:large","max-video-preview":"max-video-preview:-1"},"og_locale":"de_DE","og_type":"article","og_title":"Glaslampe Arno France Birnenanisgr\u00fcn 40cm - Eliassen Home & Garden","og_description":"Sch\u00f6ne Kristallglaslampe von Arno France. Birnenlampe. Mundgeblasen und einzigartig in seiner Art. Sch\u00f6ne anisgr\u00fcne Farben. Live zu sehen in unserem Showroom!","og_url":"https:\/\/dev.eliassen.nl\/de\/glaslampe-arno-france-birnenanisgrun-40cm\/","og_site_name":"Eliassen.nl","article_publisher":"https:\/\/www.facebook.com\/TuincentrumEliassenAmmerzoden","article_modified_time":"2024-12-05T15:24:36+00:00","og_image":[{"width":1152,"height":2048,"url":"https:\/\/dev.eliassen.nl\/wp-content\/uploads\/2024\/01\/processedd5eaa7aa6f5e4e7a99b199fa3c74c5edelj.jpg","type":"image\/jpeg"}],"twitter_card":"summary_large_image","schema":{"@context":"https:\/\/schema.org","@graph":[{"@type":"WebPage","@id":"https:\/\/dev.eliassen.nl\/de\/glaslampe-arno-france-birnenanisgrun-40cm\/","url":"https:\/\/dev.eliassen.nl\/de\/glaslampe-arno-france-birnenanisgrun-40cm\/","name":"Glaslampe Arno France Birnenanisgr\u00fcn 40cm - Eliassen Home & Garden","isPartOf":{"@id":"https:\/\/dev.eliassen.nl\/de\/#website"},"primaryImageOfPage":{"@id":"https:\/\/dev.eliassen.nl\/de\/glaslampe-arno-france-birnenanisgrun-40cm\/#primaryimage"},"image":{"@id":"https:\/\/dev.eliassen.nl\/de\/glaslampe-arno-france-birnenanisgrun-40cm\/#primaryimage"},"thumbnailUrl":"https:\/\/dev.eliassen.nl\/wp-content\/uploads\/2024\/01\/processedd5eaa7aa6f5e4e7a99b199fa3c74c5edelj.jpg","datePublished":"2023-04-03T10:00:17+00:00","dateModified":"2024-12-05T15:24:36+00:00","description":"Sch\u00f6ne Kristallglaslampe von Arno France. Birnenlampe. Mundgeblasen und einzigartig in seiner Art. Sch\u00f6ne anisgr\u00fcne Farben. Live zu sehen in unserem Showroom!","breadcrumb":{"@id":"https:\/\/dev.eliassen.nl\/de\/glaslampe-arno-france-birnenanisgrun-40cm\/#breadcrumb"},"inLanguage":"de","potentialAction":[{"@type":"ReadAction","target":["https:\/\/dev.eliassen.nl\/de\/glaslampe-arno-france-birnenanisgrun-40cm\/"]}]},{"@type":"ImageObject","inLanguage":"de","@id":"https:\/\/dev.eliassen.nl\/de\/glaslampe-arno-france-birnenanisgrun-40cm\/#primaryimage","url":"https:\/\/dev.eliassen.nl\/wp-content\/uploads\/2024\/01\/processedd5eaa7aa6f5e4e7a99b199fa3c74c5edelj.jpg","contentUrl":"https:\/\/dev.eliassen.nl\/wp-content\/uploads\/2024\/01\/processedd5eaa7aa6f5e4e7a99b199fa3c74c5edelj.jpg","width":1152,"height":2048,"caption":"processed-d5eaa7aa-6f5e-4e7a-99b1-99fa3c74c5ed_ElJMOQLb"},{"@type":"BreadcrumbList","@id":"https:\/\/dev.eliassen.nl\/de\/glaslampe-arno-france-birnenanisgrun-40cm\/#breadcrumb","itemListElement":[{"@type":"ListItem","position":1,"name":"Home","item":"https:\/\/dev.eliassen.nl\/de\/"},{"@type":"ListItem","position":2,"name":"Shop","item":"https:\/\/dev.eliassen.nl\/nl\/winkel\/"},{"@type":"ListItem","position":3,"name":"Glaskunst","item":"https:\/\/dev.eliassen.nl\/de\/glaskunst\/"},{"@type":"ListItem","position":4,"name":"Glaslampen","item":"https:\/\/dev.eliassen.nl\/de\/glaskunst\/glaslampen\/"},{"@type":"ListItem","position":5,"name":"Glaslampe Arno France Birnenanisgr\u00fcn 40cm"}]},{"@type":"WebSite","@id":"https:\/\/dev.eliassen.nl\/de\/#website","url":"https:\/\/dev.eliassen.nl\/de\/","name":"Eliassen Home & Garden Pleasure","description":"","publisher":{"@id":"https:\/\/dev.eliassen.nl\/de\/#organization"},"alternateName":"Eliassen.nl","potentialAction":[{"@type":"SearchAction","target":{"@type":"EntryPoint","urlTemplate":"https:\/\/dev.eliassen.nl\/de\/?s={search_term_string}"},"query-input":{"@type":"PropertyValueSpecification","valueRequired":true,"valueName":"search_term_string"}}],"inLanguage":"de"},{"@type":"Organization","@id":"https:\/\/dev.eliassen.nl\/de\/#organization","name":"Eliassen Home & Garden Pleasure","url":"https:\/\/dev.eliassen.nl\/de\/","logo":{"@type":"ImageObject","inLanguage":"de","@id":"https:\/\/dev.eliassen.nl\/de\/#\/schema\/logo\/image\/","url":"https:\/\/www.eliassen.nl\/wp-content\/uploads\/2024\/01\/logo_4nd.jpg","contentUrl":"https:\/\/www.eliassen.nl\/wp-content\/uploads\/2024\/01\/logo_4nd.jpg","width":500,"height":500,"caption":"Eliassen Home & Garden Pleasure"},"image":{"@id":"https:\/\/dev.eliassen.nl\/de\/#\/schema\/logo\/image\/"},"sameAs":["https:\/\/www.facebook.com\/TuincentrumEliassenAmmerzoden","https:\/\/www.instagram.com\/eliassenhomeandgarden\/","https:\/\/nl.pinterest.com\/eliassenhomeandgarden\/","https:\/\/www.youtube.com\/@eliassenhomegardenpleasure4558"]}]}},"df_price":349,"df_sale_price":"","df_regular_price":349,"df_image_link":"https:\/\/dev.eliassen.nl\/wp-content\/uploads\/2024\/01\/processedd5eaa7aa6f5e4e7a99b199fa3c74c5edelj.jpg","image":"https:\/\/dev.eliassen.nl\/wp-content\/uploads\/2024\/01\/processedd5eaa7aa6f5e4e7a99b199fa3c74c5edelj.jpg","price_search":"<span class=\"woocommerce-Price-amount amount\"><bdi><span class=\"woocommerce-Price-currencySymbol\">&euro;<\/span>&nbsp;349,00<\/bdi><\/span>","category":"Glaskunst","_links":{"self":[{"href":"https:\/\/dev.eliassen.nl\/de\/wp-json\/wp\/v2\/product\/88822","targetHints":{"allow":["GET"]}}],"collection":[{"href":"https:\/\/dev.eliassen.nl\/de\/wp-json\/wp\/v2\/product"}],"about":[{"href":"https:\/\/dev.eliassen.nl\/de\/wp-json\/wp\/v2\/types\/product"}],"wp:featuredmedia":[{"embeddable":true,"href":"https:\/\/dev.eliassen.nl\/de\/wp-json\/wp\/v2\/media\/88807"}],"wp:attachment":[{"href":"https:\/\/dev.eliassen.nl\/de\/wp-json\/wp\/v2\/media?parent=88822"}],"wp:term":[{"taxonomy":"product_brand","embeddable":true,"href":"https:\/\/dev.eliassen.nl\/de\/wp-json\/wp\/v2\/product_brand?post=88822"},{"taxonomy":"product_cat","embeddable":true,"href":"https:\/\/dev.eliassen.nl\/de\/wp-json\/wp\/v2\/product_cat?post=88822"},{"taxonomy":"product_tag","embeddable":true,"href":"https:\/\/dev.eliassen.nl\/de\/wp-json\/wp\/v2\/product_tag?post=88822"}],"curies":[{"name":"wp","href":"https:\/\/api.w.org\/{rel}","templated":true}]}}