{"id":88909,"date":"2023-04-04T14:33:40","date_gmt":"2023-04-04T12:33:40","guid":{"rendered":"https:\/\/www.eliassen.nl\/?product=vogel-rvs-supergroot-casanova-220cm"},"modified":"2024-12-05T16:24:48","modified_gmt":"2024-12-05T15:24:48","slug":"vogel-edelstahl-super-grosse-casanova-220cm","status":"publish","type":"product","link":"https:\/\/dev.eliassen.nl\/de\/vogel-edelstahl-super-grosse-casanova-220cm\/","title":{"rendered":"Vogel Edelstahl Super gro\u00dfe Casanova 220cm"},"content":{"rendered":"<p>Sch\u00f6n im Garten, diese exklusive Figur eines lustigen Vogels mit einer Angelrute in der Hand von nicht weniger als 220 cm H\u00f6he. Handgefertigt aus Edelstahl. Da es sich um Handarbeit handelt, gibt es bei jedem Exemplar mit dem Foto immer kleine Abweichungen, der Findling kann auch in Farbe und Form anders sein, Reklamationen sind hier nicht m\u00f6glich.<\/p>\n<ul>\n<li>Gr\u00f6\u00dfe 220 cm hoch.<\/li>\n<li>Edelstahl Klasse 304.<\/li>\n<li>Nahezu wartungsfrei.<\/li>\n<li>Exklusive Version.<\/li>\n<li>Schnell geliefert.<\/li>\n<li><strong>Sie k\u00f6nnen fast die gesamte Serie in unserem Shop sehen<\/strong><\/li>\n<\/ul>\n","protected":false},"excerpt":{"rendered":"<p>XXL-Edelstahlvogel mit nat\u00fcrlichem Findling. Nicht weniger als 220 cm hoch.<\/p>\n","protected":false},"featured_media":88900,"template":"","meta":{"_acf_changed":false},"product_brand":[],"product_cat":[659,671],"product_tag":[],"class_list":{"0":"post-88909","1":"product","2":"type-product","3":"status-publish","4":"has-post-thumbnail","6":"product_cat-dekoration-aus-metall","7":"product_cat-voegel-aus-edelstahl","9":"first","10":"instock","11":"taxable","12":"shipping-taxable","13":"purchasable","14":"product-type-simple"},"acf":[],"yoast_head":"<!-- This site is optimized with the Yoast SEO plugin v23.8 - https:\/\/yoast.com\/wordpress\/plugins\/seo\/ -->\n<title>Vogel Edelstahl Super Large Casanova 220cm - Eliassen Home &amp; Gardenpleasure<\/title>\n<meta name=\"description\" content=\"XXL-Objekt f\u00fcr den Garten. Sehr gro\u00dfe Gr\u00f6\u00dfe von nicht weniger als 220 cm hoch. Die Kombination aus nat\u00fcrlichem Findling und Edelstahl schafft einen sehr mode...\" \/>\n<meta name=\"robots\" content=\"noindex, follow, max-snippet:-1, max-image-preview:large, max-video-preview:-1\" \/>\n<meta property=\"og:locale\" content=\"de_DE\" \/>\n<meta property=\"og:type\" content=\"article\" \/>\n<meta property=\"og:title\" content=\"Vogel Edelstahl Super Large Casanova 220cm - Eliassen Home &amp; Gardenpleasure\" \/>\n<meta property=\"og:description\" content=\"XXL-Objekt f\u00fcr den Garten. Sehr gro\u00dfe Gr\u00f6\u00dfe von nicht weniger als 220 cm hoch. Die Kombination aus nat\u00fcrlichem Findling und Edelstahl schafft einen sehr mode...\" \/>\n<meta property=\"og:url\" content=\"https:\/\/dev.eliassen.nl\/de\/vogel-edelstahl-super-grosse-casanova-220cm\/\" \/>\n<meta property=\"og:site_name\" content=\"Eliassen.nl\" \/>\n<meta property=\"article:publisher\" content=\"https:\/\/www.facebook.com\/TuincentrumEliassenAmmerzoden\" \/>\n<meta property=\"article:modified_time\" content=\"2024-12-05T15:24:48+00:00\" \/>\n<meta property=\"og:image\" content=\"https:\/\/dev.eliassen.nl\/wp-content\/uploads\/2024\/01\/vorne.png\" \/>\n\t<meta property=\"og:image:width\" content=\"819\" \/>\n\t<meta property=\"og:image:height\" content=\"1024\" \/>\n\t<meta property=\"og:image:type\" content=\"image\/png\" \/>\n<meta name=\"twitter:card\" content=\"summary_large_image\" \/>\n<script type=\"application\/ld+json\" class=\"yoast-schema-graph\">{\"@context\":\"https:\/\/schema.org\",\"@graph\":[{\"@type\":\"WebPage\",\"@id\":\"https:\/\/dev.eliassen.nl\/de\/vogel-edelstahl-super-grosse-casanova-220cm\/\",\"url\":\"https:\/\/dev.eliassen.nl\/de\/vogel-edelstahl-super-grosse-casanova-220cm\/\",\"name\":\"Vogel Edelstahl Super Large Casanova 220cm - Eliassen Home & Gardenpleasure\",\"isPartOf\":{\"@id\":\"https:\/\/dev.eliassen.nl\/de\/#website\"},\"primaryImageOfPage\":{\"@id\":\"https:\/\/dev.eliassen.nl\/de\/vogel-edelstahl-super-grosse-casanova-220cm\/#primaryimage\"},\"image\":{\"@id\":\"https:\/\/dev.eliassen.nl\/de\/vogel-edelstahl-super-grosse-casanova-220cm\/#primaryimage\"},\"thumbnailUrl\":\"https:\/\/dev.eliassen.nl\/wp-content\/uploads\/2024\/01\/vorne.png\",\"datePublished\":\"2023-04-04T12:33:40+00:00\",\"dateModified\":\"2024-12-05T15:24:48+00:00\",\"description\":\"XXL-Objekt f\u00fcr den Garten. Sehr gro\u00dfe Gr\u00f6\u00dfe von nicht weniger als 220 cm hoch. Die Kombination aus nat\u00fcrlichem Findling und Edelstahl schafft einen sehr mode...\",\"breadcrumb\":{\"@id\":\"https:\/\/dev.eliassen.nl\/de\/vogel-edelstahl-super-grosse-casanova-220cm\/#breadcrumb\"},\"inLanguage\":\"de\",\"potentialAction\":[{\"@type\":\"ReadAction\",\"target\":[\"https:\/\/dev.eliassen.nl\/de\/vogel-edelstahl-super-grosse-casanova-220cm\/\"]}]},{\"@type\":\"ImageObject\",\"inLanguage\":\"de\",\"@id\":\"https:\/\/dev.eliassen.nl\/de\/vogel-edelstahl-super-grosse-casanova-220cm\/#primaryimage\",\"url\":\"https:\/\/dev.eliassen.nl\/wp-content\/uploads\/2024\/01\/vorne.png\",\"contentUrl\":\"https:\/\/dev.eliassen.nl\/wp-content\/uploads\/2024\/01\/vorne.png\",\"width\":819,\"height\":1024,\"caption\":\"vorne\"},{\"@type\":\"BreadcrumbList\",\"@id\":\"https:\/\/dev.eliassen.nl\/de\/vogel-edelstahl-super-grosse-casanova-220cm\/#breadcrumb\",\"itemListElement\":[{\"@type\":\"ListItem\",\"position\":1,\"name\":\"Home\",\"item\":\"https:\/\/dev.eliassen.nl\/de\/\"},{\"@type\":\"ListItem\",\"position\":2,\"name\":\"Shop\",\"item\":\"https:\/\/dev.eliassen.nl\/nl\/winkel\/\"},{\"@type\":\"ListItem\",\"position\":3,\"name\":\"Dekoration aus Metall\",\"item\":\"https:\/\/dev.eliassen.nl\/de\/dekoration-aus-metall\/\"},{\"@type\":\"ListItem\",\"position\":4,\"name\":\"V\u00f6gel aus Edelstahl\",\"item\":\"https:\/\/dev.eliassen.nl\/de\/dekoration-aus-metall\/voegel-aus-edelstahl\/\"},{\"@type\":\"ListItem\",\"position\":5,\"name\":\"Vogel Edelstahl Super gro\u00dfe Casanova 220cm\"}]},{\"@type\":\"WebSite\",\"@id\":\"https:\/\/dev.eliassen.nl\/de\/#website\",\"url\":\"https:\/\/dev.eliassen.nl\/de\/\",\"name\":\"Eliassen Home & Garden Pleasure\",\"description\":\"\",\"publisher\":{\"@id\":\"https:\/\/dev.eliassen.nl\/de\/#organization\"},\"alternateName\":\"Eliassen.nl\",\"potentialAction\":[{\"@type\":\"SearchAction\",\"target\":{\"@type\":\"EntryPoint\",\"urlTemplate\":\"https:\/\/dev.eliassen.nl\/de\/?s={search_term_string}\"},\"query-input\":{\"@type\":\"PropertyValueSpecification\",\"valueRequired\":true,\"valueName\":\"search_term_string\"}}],\"inLanguage\":\"de\"},{\"@type\":\"Organization\",\"@id\":\"https:\/\/dev.eliassen.nl\/de\/#organization\",\"name\":\"Eliassen Home & Garden Pleasure\",\"url\":\"https:\/\/dev.eliassen.nl\/de\/\",\"logo\":{\"@type\":\"ImageObject\",\"inLanguage\":\"de\",\"@id\":\"https:\/\/dev.eliassen.nl\/de\/#\/schema\/logo\/image\/\",\"url\":\"https:\/\/www.eliassen.nl\/wp-content\/uploads\/2024\/01\/logo_4nd.jpg\",\"contentUrl\":\"https:\/\/www.eliassen.nl\/wp-content\/uploads\/2024\/01\/logo_4nd.jpg\",\"width\":500,\"height\":500,\"caption\":\"Eliassen Home & Garden Pleasure\"},\"image\":{\"@id\":\"https:\/\/dev.eliassen.nl\/de\/#\/schema\/logo\/image\/\"},\"sameAs\":[\"https:\/\/www.facebook.com\/TuincentrumEliassenAmmerzoden\",\"https:\/\/www.instagram.com\/eliassenhomeandgarden\/\",\"https:\/\/nl.pinterest.com\/eliassenhomeandgarden\/\",\"https:\/\/www.youtube.com\/@eliassenhomegardenpleasure4558\"]}]}<\/script>\n<!-- \/ Yoast SEO plugin. -->","yoast_head_json":{"title":"Vogel Edelstahl Super Large Casanova 220cm - Eliassen Home & Gardenpleasure","description":"XXL-Objekt f\u00fcr den Garten. Sehr gro\u00dfe Gr\u00f6\u00dfe von nicht weniger als 220 cm hoch. Die Kombination aus nat\u00fcrlichem Findling und Edelstahl schafft einen sehr mode...","robots":{"index":"noindex","follow":"follow","max-snippet":"max-snippet:-1","max-image-preview":"max-image-preview:large","max-video-preview":"max-video-preview:-1"},"og_locale":"de_DE","og_type":"article","og_title":"Vogel Edelstahl Super Large Casanova 220cm - Eliassen Home & Gardenpleasure","og_description":"XXL-Objekt f\u00fcr den Garten. Sehr gro\u00dfe Gr\u00f6\u00dfe von nicht weniger als 220 cm hoch. Die Kombination aus nat\u00fcrlichem Findling und Edelstahl schafft einen sehr mode...","og_url":"https:\/\/dev.eliassen.nl\/de\/vogel-edelstahl-super-grosse-casanova-220cm\/","og_site_name":"Eliassen.nl","article_publisher":"https:\/\/www.facebook.com\/TuincentrumEliassenAmmerzoden","article_modified_time":"2024-12-05T15:24:48+00:00","og_image":[{"width":819,"height":1024,"url":"https:\/\/dev.eliassen.nl\/wp-content\/uploads\/2024\/01\/vorne.png","type":"image\/png"}],"twitter_card":"summary_large_image","schema":{"@context":"https:\/\/schema.org","@graph":[{"@type":"WebPage","@id":"https:\/\/dev.eliassen.nl\/de\/vogel-edelstahl-super-grosse-casanova-220cm\/","url":"https:\/\/dev.eliassen.nl\/de\/vogel-edelstahl-super-grosse-casanova-220cm\/","name":"Vogel Edelstahl Super Large Casanova 220cm - Eliassen Home & Gardenpleasure","isPartOf":{"@id":"https:\/\/dev.eliassen.nl\/de\/#website"},"primaryImageOfPage":{"@id":"https:\/\/dev.eliassen.nl\/de\/vogel-edelstahl-super-grosse-casanova-220cm\/#primaryimage"},"image":{"@id":"https:\/\/dev.eliassen.nl\/de\/vogel-edelstahl-super-grosse-casanova-220cm\/#primaryimage"},"thumbnailUrl":"https:\/\/dev.eliassen.nl\/wp-content\/uploads\/2024\/01\/vorne.png","datePublished":"2023-04-04T12:33:40+00:00","dateModified":"2024-12-05T15:24:48+00:00","description":"XXL-Objekt f\u00fcr den Garten. Sehr gro\u00dfe Gr\u00f6\u00dfe von nicht weniger als 220 cm hoch. Die Kombination aus nat\u00fcrlichem Findling und Edelstahl schafft einen sehr mode...","breadcrumb":{"@id":"https:\/\/dev.eliassen.nl\/de\/vogel-edelstahl-super-grosse-casanova-220cm\/#breadcrumb"},"inLanguage":"de","potentialAction":[{"@type":"ReadAction","target":["https:\/\/dev.eliassen.nl\/de\/vogel-edelstahl-super-grosse-casanova-220cm\/"]}]},{"@type":"ImageObject","inLanguage":"de","@id":"https:\/\/dev.eliassen.nl\/de\/vogel-edelstahl-super-grosse-casanova-220cm\/#primaryimage","url":"https:\/\/dev.eliassen.nl\/wp-content\/uploads\/2024\/01\/vorne.png","contentUrl":"https:\/\/dev.eliassen.nl\/wp-content\/uploads\/2024\/01\/vorne.png","width":819,"height":1024,"caption":"vorne"},{"@type":"BreadcrumbList","@id":"https:\/\/dev.eliassen.nl\/de\/vogel-edelstahl-super-grosse-casanova-220cm\/#breadcrumb","itemListElement":[{"@type":"ListItem","position":1,"name":"Home","item":"https:\/\/dev.eliassen.nl\/de\/"},{"@type":"ListItem","position":2,"name":"Shop","item":"https:\/\/dev.eliassen.nl\/nl\/winkel\/"},{"@type":"ListItem","position":3,"name":"Dekoration aus Metall","item":"https:\/\/dev.eliassen.nl\/de\/dekoration-aus-metall\/"},{"@type":"ListItem","position":4,"name":"V\u00f6gel aus Edelstahl","item":"https:\/\/dev.eliassen.nl\/de\/dekoration-aus-metall\/voegel-aus-edelstahl\/"},{"@type":"ListItem","position":5,"name":"Vogel Edelstahl Super gro\u00dfe Casanova 220cm"}]},{"@type":"WebSite","@id":"https:\/\/dev.eliassen.nl\/de\/#website","url":"https:\/\/dev.eliassen.nl\/de\/","name":"Eliassen Home & Garden Pleasure","description":"","publisher":{"@id":"https:\/\/dev.eliassen.nl\/de\/#organization"},"alternateName":"Eliassen.nl","potentialAction":[{"@type":"SearchAction","target":{"@type":"EntryPoint","urlTemplate":"https:\/\/dev.eliassen.nl\/de\/?s={search_term_string}"},"query-input":{"@type":"PropertyValueSpecification","valueRequired":true,"valueName":"search_term_string"}}],"inLanguage":"de"},{"@type":"Organization","@id":"https:\/\/dev.eliassen.nl\/de\/#organization","name":"Eliassen Home & Garden Pleasure","url":"https:\/\/dev.eliassen.nl\/de\/","logo":{"@type":"ImageObject","inLanguage":"de","@id":"https:\/\/dev.eliassen.nl\/de\/#\/schema\/logo\/image\/","url":"https:\/\/www.eliassen.nl\/wp-content\/uploads\/2024\/01\/logo_4nd.jpg","contentUrl":"https:\/\/www.eliassen.nl\/wp-content\/uploads\/2024\/01\/logo_4nd.jpg","width":500,"height":500,"caption":"Eliassen Home & Garden Pleasure"},"image":{"@id":"https:\/\/dev.eliassen.nl\/de\/#\/schema\/logo\/image\/"},"sameAs":["https:\/\/www.facebook.com\/TuincentrumEliassenAmmerzoden","https:\/\/www.instagram.com\/eliassenhomeandgarden\/","https:\/\/nl.pinterest.com\/eliassenhomeandgarden\/","https:\/\/www.youtube.com\/@eliassenhomegardenpleasure4558"]}]}},"df_price":479,"df_sale_price":"","df_regular_price":479,"df_image_link":"https:\/\/dev.eliassen.nl\/wp-content\/uploads\/2024\/01\/vorne.png","image":"https:\/\/dev.eliassen.nl\/wp-content\/uploads\/2024\/01\/vorne.png","price_search":"<span class=\"woocommerce-Price-amount amount\"><bdi><span class=\"woocommerce-Price-currencySymbol\">&euro;<\/span>&nbsp;479,00<\/bdi><\/span>","category":"Dekoration aus Metall","_links":{"self":[{"href":"https:\/\/dev.eliassen.nl\/de\/wp-json\/wp\/v2\/product\/88909","targetHints":{"allow":["GET"]}}],"collection":[{"href":"https:\/\/dev.eliassen.nl\/de\/wp-json\/wp\/v2\/product"}],"about":[{"href":"https:\/\/dev.eliassen.nl\/de\/wp-json\/wp\/v2\/types\/product"}],"wp:featuredmedia":[{"embeddable":true,"href":"https:\/\/dev.eliassen.nl\/de\/wp-json\/wp\/v2\/media\/88900"}],"wp:attachment":[{"href":"https:\/\/dev.eliassen.nl\/de\/wp-json\/wp\/v2\/media?parent=88909"}],"wp:term":[{"taxonomy":"product_brand","embeddable":true,"href":"https:\/\/dev.eliassen.nl\/de\/wp-json\/wp\/v2\/product_brand?post=88909"},{"taxonomy":"product_cat","embeddable":true,"href":"https:\/\/dev.eliassen.nl\/de\/wp-json\/wp\/v2\/product_cat?post=88909"},{"taxonomy":"product_tag","embeddable":true,"href":"https:\/\/dev.eliassen.nl\/de\/wp-json\/wp\/v2\/product_tag?post=88909"}],"curies":[{"name":"wp","href":"https:\/\/api.w.org\/{rel}","templated":true}]}}