{"id":88951,"date":"2023-04-04T15:02:37","date_gmt":"2023-04-04T13:02:37","guid":{"rendered":"https:\/\/www.eliassen.nl\/?product=tuinbank-groen-bruin-romance-157cm"},"modified":"2024-12-05T16:24:50","modified_gmt":"2024-12-05T15:24:50","slug":"gartenbank-grunbraun-romance-157cm","status":"publish","type":"product","link":"https:\/\/dev.eliassen.nl\/de\/gartenbank-grunbraun-romance-157cm\/","title":{"rendered":"Gartenbank Gr\u00fcn\/Braun Romance 157cm"},"content":{"rendered":"<p>Ein klassisches Modell, diese Gartenbank aus Eisen. Wundersch\u00f6n aus Metall gefertigt, in einem sch\u00f6nen alten Gr\u00fcnton lackiert und anschlie\u00dfend mit brauner Farbe eingewaschen, so dass ein wundersch\u00f6ner Antik-Look entstanden ist.<\/p>\n<p>Dieses Sofa muss mit 10 Muttern zusammengebaut werden. Sitz und R\u00fcckenlehne sind durch Scharniere miteinander verbunden.<\/p>\n<ul>\n<li>Gr\u00f6\u00dfe: 157 breit, H\u00f6he 96 cm, Sitzh\u00f6he 43 cm<\/li>\n<li>Farbe: Altgr\u00fcn\/Braun<\/li>\n<li>1 Jahr Garantie<\/li>\n<li>Wir haben diesen Artikel in unserem Ausstellungsraum.<\/li>\n<\/ul>\n","protected":false},"excerpt":{"rendered":"<p>Komplett aus Metall gefertigte Gartenbank mit einer Breite von 157 cm<\/p>\n","protected":false},"featured_media":88939,"template":"","meta":{"_acf_changed":false},"product_brand":[],"product_cat":[806,761,752],"product_tag":[],"class_list":{"0":"post-88951","1":"product","2":"type-product","3":"status-publish","4":"has-post-thumbnail","6":"product_cat-gartenbaenke","7":"product_cat-gartenmoebel","8":"product_cat-weitere-artikel","10":"first","11":"instock","12":"taxable","13":"shipping-taxable","14":"purchasable","15":"product-type-simple"},"acf":[],"yoast_head":"<!-- This site is optimized with the Yoast SEO plugin v23.8 - https:\/\/yoast.com\/wordpress\/plugins\/seo\/ -->\n<title>Gartenbank Gr\u00fcn\/Braun Romance 157cm<\/title>\n<meta name=\"description\" content=\"Komplett aus Metall gefertigte Gartenbank, einzigartiges Modell. Sehr viele Modelle von Gartenb\u00e4nken aus Stein. Gratis Parkpl\u00e4tze.\" \/>\n<meta name=\"robots\" content=\"noindex, follow, max-snippet:-1, max-image-preview:large, max-video-preview:-1\" \/>\n<meta property=\"og:locale\" content=\"de_DE\" \/>\n<meta property=\"og:type\" content=\"article\" \/>\n<meta property=\"og:title\" content=\"Gartenbank Gr\u00fcn\/Braun Romance 157cm\" \/>\n<meta property=\"og:description\" content=\"Komplett aus Metall gefertigte Gartenbank, einzigartiges Modell. Sehr viele Modelle von Gartenb\u00e4nken aus Stein. Gratis Parkpl\u00e4tze.\" \/>\n<meta property=\"og:url\" content=\"https:\/\/dev.eliassen.nl\/de\/gartenbank-grunbraun-romance-157cm\/\" \/>\n<meta property=\"og:site_name\" content=\"Eliassen.nl\" \/>\n<meta property=\"article:publisher\" content=\"https:\/\/www.facebook.com\/TuincentrumEliassenAmmerzoden\" \/>\n<meta property=\"article:modified_time\" content=\"2024-12-05T15:24:50+00:00\" \/>\n<meta property=\"og:image\" content=\"https:\/\/dev.eliassen.nl\/wp-content\/uploads\/2024\/01\/5y1024tuinbank157x49x96cmgroenbruinijzerban.jpg\" \/>\n\t<meta property=\"og:image:width\" content=\"900\" \/>\n\t<meta property=\"og:image:height\" content=\"900\" \/>\n\t<meta property=\"og:image:type\" content=\"image\/jpeg\" \/>\n<meta name=\"twitter:card\" content=\"summary_large_image\" \/>\n<script type=\"application\/ld+json\" class=\"yoast-schema-graph\">{\"@context\":\"https:\/\/schema.org\",\"@graph\":[{\"@type\":\"WebPage\",\"@id\":\"https:\/\/dev.eliassen.nl\/de\/gartenbank-grunbraun-romance-157cm\/\",\"url\":\"https:\/\/dev.eliassen.nl\/de\/gartenbank-grunbraun-romance-157cm\/\",\"name\":\"Gartenbank Gr\u00fcn\/Braun Romance 157cm\",\"isPartOf\":{\"@id\":\"https:\/\/dev.eliassen.nl\/de\/#website\"},\"primaryImageOfPage\":{\"@id\":\"https:\/\/dev.eliassen.nl\/de\/gartenbank-grunbraun-romance-157cm\/#primaryimage\"},\"image\":{\"@id\":\"https:\/\/dev.eliassen.nl\/de\/gartenbank-grunbraun-romance-157cm\/#primaryimage\"},\"thumbnailUrl\":\"https:\/\/dev.eliassen.nl\/wp-content\/uploads\/2024\/01\/5y1024tuinbank157x49x96cmgroenbruinijzerban.jpg\",\"datePublished\":\"2023-04-04T13:02:37+00:00\",\"dateModified\":\"2024-12-05T15:24:50+00:00\",\"description\":\"Komplett aus Metall gefertigte Gartenbank, einzigartiges Modell. Sehr viele Modelle von Gartenb\u00e4nken aus Stein. Gratis Parkpl\u00e4tze.\",\"breadcrumb\":{\"@id\":\"https:\/\/dev.eliassen.nl\/de\/gartenbank-grunbraun-romance-157cm\/#breadcrumb\"},\"inLanguage\":\"de\",\"potentialAction\":[{\"@type\":\"ReadAction\",\"target\":[\"https:\/\/dev.eliassen.nl\/de\/gartenbank-grunbraun-romance-157cm\/\"]}]},{\"@type\":\"ImageObject\",\"inLanguage\":\"de\",\"@id\":\"https:\/\/dev.eliassen.nl\/de\/gartenbank-grunbraun-romance-157cm\/#primaryimage\",\"url\":\"https:\/\/dev.eliassen.nl\/wp-content\/uploads\/2024\/01\/5y1024tuinbank157x49x96cmgroenbruinijzerban.jpg\",\"contentUrl\":\"https:\/\/dev.eliassen.nl\/wp-content\/uploads\/2024\/01\/5y1024tuinbank157x49x96cmgroenbruinijzerban.jpg\",\"width\":900,\"height\":900,\"caption\":\"5y1024-tuinbank-157x49x96-cm-groen-bruin-ijzer-bank-buiten-bank-tuin (2)\"},{\"@type\":\"BreadcrumbList\",\"@id\":\"https:\/\/dev.eliassen.nl\/de\/gartenbank-grunbraun-romance-157cm\/#breadcrumb\",\"itemListElement\":[{\"@type\":\"ListItem\",\"position\":1,\"name\":\"Home\",\"item\":\"https:\/\/dev.eliassen.nl\/de\/\"},{\"@type\":\"ListItem\",\"position\":2,\"name\":\"Shop\",\"item\":\"https:\/\/dev.eliassen.nl\/nl\/winkel\/\"},{\"@type\":\"ListItem\",\"position\":3,\"name\":\"Weitere Artikel\",\"item\":\"https:\/\/dev.eliassen.nl\/de\/weitere-artikel\/\"},{\"@type\":\"ListItem\",\"position\":4,\"name\":\"Gartenm\u00f6bel\",\"item\":\"https:\/\/dev.eliassen.nl\/de\/garten-andere\/gartenmoebel\/\"},{\"@type\":\"ListItem\",\"position\":5,\"name\":\"Gartenbank Gr\u00fcn\/Braun Romance 157cm\"}]},{\"@type\":\"WebSite\",\"@id\":\"https:\/\/dev.eliassen.nl\/de\/#website\",\"url\":\"https:\/\/dev.eliassen.nl\/de\/\",\"name\":\"Eliassen Home & Garden Pleasure\",\"description\":\"\",\"publisher\":{\"@id\":\"https:\/\/dev.eliassen.nl\/de\/#organization\"},\"alternateName\":\"Eliassen.nl\",\"potentialAction\":[{\"@type\":\"SearchAction\",\"target\":{\"@type\":\"EntryPoint\",\"urlTemplate\":\"https:\/\/dev.eliassen.nl\/de\/?s={search_term_string}\"},\"query-input\":{\"@type\":\"PropertyValueSpecification\",\"valueRequired\":true,\"valueName\":\"search_term_string\"}}],\"inLanguage\":\"de\"},{\"@type\":\"Organization\",\"@id\":\"https:\/\/dev.eliassen.nl\/de\/#organization\",\"name\":\"Eliassen Home & Garden Pleasure\",\"url\":\"https:\/\/dev.eliassen.nl\/de\/\",\"logo\":{\"@type\":\"ImageObject\",\"inLanguage\":\"de\",\"@id\":\"https:\/\/dev.eliassen.nl\/de\/#\/schema\/logo\/image\/\",\"url\":\"https:\/\/www.eliassen.nl\/wp-content\/uploads\/2024\/01\/logo_4nd.jpg\",\"contentUrl\":\"https:\/\/www.eliassen.nl\/wp-content\/uploads\/2024\/01\/logo_4nd.jpg\",\"width\":500,\"height\":500,\"caption\":\"Eliassen Home & Garden Pleasure\"},\"image\":{\"@id\":\"https:\/\/dev.eliassen.nl\/de\/#\/schema\/logo\/image\/\"},\"sameAs\":[\"https:\/\/www.facebook.com\/TuincentrumEliassenAmmerzoden\",\"https:\/\/www.instagram.com\/eliassenhomeandgarden\/\",\"https:\/\/nl.pinterest.com\/eliassenhomeandgarden\/\",\"https:\/\/www.youtube.com\/@eliassenhomegardenpleasure4558\"]}]}<\/script>\n<!-- \/ Yoast SEO plugin. -->","yoast_head_json":{"title":"Gartenbank Gr\u00fcn\/Braun Romance 157cm","description":"Komplett aus Metall gefertigte Gartenbank, einzigartiges Modell. Sehr viele Modelle von Gartenb\u00e4nken aus Stein. Gratis Parkpl\u00e4tze.","robots":{"index":"noindex","follow":"follow","max-snippet":"max-snippet:-1","max-image-preview":"max-image-preview:large","max-video-preview":"max-video-preview:-1"},"og_locale":"de_DE","og_type":"article","og_title":"Gartenbank Gr\u00fcn\/Braun Romance 157cm","og_description":"Komplett aus Metall gefertigte Gartenbank, einzigartiges Modell. Sehr viele Modelle von Gartenb\u00e4nken aus Stein. Gratis Parkpl\u00e4tze.","og_url":"https:\/\/dev.eliassen.nl\/de\/gartenbank-grunbraun-romance-157cm\/","og_site_name":"Eliassen.nl","article_publisher":"https:\/\/www.facebook.com\/TuincentrumEliassenAmmerzoden","article_modified_time":"2024-12-05T15:24:50+00:00","og_image":[{"width":900,"height":900,"url":"https:\/\/dev.eliassen.nl\/wp-content\/uploads\/2024\/01\/5y1024tuinbank157x49x96cmgroenbruinijzerban.jpg","type":"image\/jpeg"}],"twitter_card":"summary_large_image","schema":{"@context":"https:\/\/schema.org","@graph":[{"@type":"WebPage","@id":"https:\/\/dev.eliassen.nl\/de\/gartenbank-grunbraun-romance-157cm\/","url":"https:\/\/dev.eliassen.nl\/de\/gartenbank-grunbraun-romance-157cm\/","name":"Gartenbank Gr\u00fcn\/Braun Romance 157cm","isPartOf":{"@id":"https:\/\/dev.eliassen.nl\/de\/#website"},"primaryImageOfPage":{"@id":"https:\/\/dev.eliassen.nl\/de\/gartenbank-grunbraun-romance-157cm\/#primaryimage"},"image":{"@id":"https:\/\/dev.eliassen.nl\/de\/gartenbank-grunbraun-romance-157cm\/#primaryimage"},"thumbnailUrl":"https:\/\/dev.eliassen.nl\/wp-content\/uploads\/2024\/01\/5y1024tuinbank157x49x96cmgroenbruinijzerban.jpg","datePublished":"2023-04-04T13:02:37+00:00","dateModified":"2024-12-05T15:24:50+00:00","description":"Komplett aus Metall gefertigte Gartenbank, einzigartiges Modell. Sehr viele Modelle von Gartenb\u00e4nken aus Stein. Gratis Parkpl\u00e4tze.","breadcrumb":{"@id":"https:\/\/dev.eliassen.nl\/de\/gartenbank-grunbraun-romance-157cm\/#breadcrumb"},"inLanguage":"de","potentialAction":[{"@type":"ReadAction","target":["https:\/\/dev.eliassen.nl\/de\/gartenbank-grunbraun-romance-157cm\/"]}]},{"@type":"ImageObject","inLanguage":"de","@id":"https:\/\/dev.eliassen.nl\/de\/gartenbank-grunbraun-romance-157cm\/#primaryimage","url":"https:\/\/dev.eliassen.nl\/wp-content\/uploads\/2024\/01\/5y1024tuinbank157x49x96cmgroenbruinijzerban.jpg","contentUrl":"https:\/\/dev.eliassen.nl\/wp-content\/uploads\/2024\/01\/5y1024tuinbank157x49x96cmgroenbruinijzerban.jpg","width":900,"height":900,"caption":"5y1024-tuinbank-157x49x96-cm-groen-bruin-ijzer-bank-buiten-bank-tuin (2)"},{"@type":"BreadcrumbList","@id":"https:\/\/dev.eliassen.nl\/de\/gartenbank-grunbraun-romance-157cm\/#breadcrumb","itemListElement":[{"@type":"ListItem","position":1,"name":"Home","item":"https:\/\/dev.eliassen.nl\/de\/"},{"@type":"ListItem","position":2,"name":"Shop","item":"https:\/\/dev.eliassen.nl\/nl\/winkel\/"},{"@type":"ListItem","position":3,"name":"Weitere Artikel","item":"https:\/\/dev.eliassen.nl\/de\/weitere-artikel\/"},{"@type":"ListItem","position":4,"name":"Gartenm\u00f6bel","item":"https:\/\/dev.eliassen.nl\/de\/garten-andere\/gartenmoebel\/"},{"@type":"ListItem","position":5,"name":"Gartenbank Gr\u00fcn\/Braun Romance 157cm"}]},{"@type":"WebSite","@id":"https:\/\/dev.eliassen.nl\/de\/#website","url":"https:\/\/dev.eliassen.nl\/de\/","name":"Eliassen Home & Garden Pleasure","description":"","publisher":{"@id":"https:\/\/dev.eliassen.nl\/de\/#organization"},"alternateName":"Eliassen.nl","potentialAction":[{"@type":"SearchAction","target":{"@type":"EntryPoint","urlTemplate":"https:\/\/dev.eliassen.nl\/de\/?s={search_term_string}"},"query-input":{"@type":"PropertyValueSpecification","valueRequired":true,"valueName":"search_term_string"}}],"inLanguage":"de"},{"@type":"Organization","@id":"https:\/\/dev.eliassen.nl\/de\/#organization","name":"Eliassen Home & Garden Pleasure","url":"https:\/\/dev.eliassen.nl\/de\/","logo":{"@type":"ImageObject","inLanguage":"de","@id":"https:\/\/dev.eliassen.nl\/de\/#\/schema\/logo\/image\/","url":"https:\/\/www.eliassen.nl\/wp-content\/uploads\/2024\/01\/logo_4nd.jpg","contentUrl":"https:\/\/www.eliassen.nl\/wp-content\/uploads\/2024\/01\/logo_4nd.jpg","width":500,"height":500,"caption":"Eliassen Home & Garden Pleasure"},"image":{"@id":"https:\/\/dev.eliassen.nl\/de\/#\/schema\/logo\/image\/"},"sameAs":["https:\/\/www.facebook.com\/TuincentrumEliassenAmmerzoden","https:\/\/www.instagram.com\/eliassenhomeandgarden\/","https:\/\/nl.pinterest.com\/eliassenhomeandgarden\/","https:\/\/www.youtube.com\/@eliassenhomegardenpleasure4558"]}]}},"df_price":299,"df_sale_price":"","df_regular_price":299,"df_image_link":"https:\/\/dev.eliassen.nl\/wp-content\/uploads\/2024\/01\/5y1024tuinbank157x49x96cmgroenbruinijzerban.jpg","image":"https:\/\/dev.eliassen.nl\/wp-content\/uploads\/2024\/01\/5y1024tuinbank157x49x96cmgroenbruinijzerban.jpg","price_search":"<span class=\"woocommerce-Price-amount amount\"><bdi><span class=\"woocommerce-Price-currencySymbol\">&euro;<\/span>&nbsp;299,00<\/bdi><\/span>","category":"Gartenb\u00e4nke","_links":{"self":[{"href":"https:\/\/dev.eliassen.nl\/de\/wp-json\/wp\/v2\/product\/88951","targetHints":{"allow":["GET"]}}],"collection":[{"href":"https:\/\/dev.eliassen.nl\/de\/wp-json\/wp\/v2\/product"}],"about":[{"href":"https:\/\/dev.eliassen.nl\/de\/wp-json\/wp\/v2\/types\/product"}],"wp:featuredmedia":[{"embeddable":true,"href":"https:\/\/dev.eliassen.nl\/de\/wp-json\/wp\/v2\/media\/88939"}],"wp:attachment":[{"href":"https:\/\/dev.eliassen.nl\/de\/wp-json\/wp\/v2\/media?parent=88951"}],"wp:term":[{"taxonomy":"product_brand","embeddable":true,"href":"https:\/\/dev.eliassen.nl\/de\/wp-json\/wp\/v2\/product_brand?post=88951"},{"taxonomy":"product_cat","embeddable":true,"href":"https:\/\/dev.eliassen.nl\/de\/wp-json\/wp\/v2\/product_cat?post=88951"},{"taxonomy":"product_tag","embeddable":true,"href":"https:\/\/dev.eliassen.nl\/de\/wp-json\/wp\/v2\/product_tag?post=88951"}],"curies":[{"name":"wp","href":"https:\/\/api.w.org\/{rel}","templated":true}]}}