{"id":89002,"date":"2023-04-13T14:54:41","date_gmt":"2023-04-13T12:54:41","guid":{"rendered":"https:\/\/www.eliassen.nl\/?product=sokkel-polystone-grijs-37cm"},"modified":"2024-12-05T16:24:54","modified_gmt":"2024-12-05T15:24:54","slug":"sockel-polystone-grau-37cm","status":"publish","type":"product","link":"https:\/\/dev.eliassen.nl\/de\/sockel-polystone-grau-37cm\/","title":{"rendered":"Sockel Polystone grau 37cm"},"content":{"rendered":"<p>Bringen Sie mit dieser klassischen quadratischen S\u00e4ule pure Sch\u00f6nheit in Ihr Haus oder Ihren Garten.<\/p>\n<p>Hergestellt aus sehr starkem Faserton, wundersch\u00f6n verarbeitet mit einer superstarken Deckschicht. Fiberclay wird aus getrocknetem Ton hergestellt, mit Polyester-Epoxidharz vermischt und mit Glasfasermatten verst\u00e4rkt. Dieser Sockel ist f\u00fcr den Innen- und Au\u00dfenbereich geeignet. Wundersch\u00f6n in Kombination mit einer Statue, Sonnenuhr usw.<\/p>\n<ul>\n<li>Gr\u00f6\u00dfe: 25x25x37cm hoch<\/li>\n<li>Farbe: Grau<\/li>\n<li>Sehr stilvoll in eleganten, modernen und klassischen G\u00e4rten<\/li>\n<li>Frostbest\u00e4ndig: Ja<\/li>\n<li>Maximale Belastung: 70 kg<\/li>\n<li>Material: Faserton<\/li>\n<li>2 Jahre Garantie, ausgenommen \u00e4u\u00dfere Sch\u00e4den<\/li>\n<li>UV-best\u00e4ndig<\/li>\n<li>Eigener Import und Lager<\/li>\n<li>Schnell geliefert<\/li>\n<\/ul>\n","protected":false},"excerpt":{"rendered":"<p>Bringen Sie mit dieser klassischen quadratischen S\u00e4ule pure Sch\u00f6nheit in Ihr Haus oder Ihren Garten. Hergestellt aus sehr starkem Faserton, wundersch\u00f6n verarbeitet mit einer superstarken Deckschicht. Fiberclay wird aus getrocknetem Ton hergestellt, mit Polyester-Epoxidharz vermischt und mit Glasfasermatten verst\u00e4rkt. Dieser Sockel ist f\u00fcr den Innen- und Au\u00dfenbereich geeignet. Wundersch\u00f6n in Kombination mit einer Statue, Sonnenuhr &hellip;<\/p>\n","protected":false},"featured_media":88996,"template":"","meta":{"_acf_changed":false},"product_brand":[],"product_cat":[782,788],"product_tag":[],"class_list":{"0":"post-89002","1":"product","2":"type-product","3":"status-publish","4":"has-post-thumbnail","6":"product_cat-sockel","7":"product_cat-sockel-aus-polyester","9":"first","10":"instock","11":"taxable","12":"shipping-taxable","13":"purchasable","14":"product-type-simple"},"acf":[],"yoast_head":"<!-- This site is optimized with the Yoast SEO plugin v23.8 - https:\/\/yoast.com\/wordpress\/plugins\/seo\/ -->\n<title>Sockel polystone grau 37cm<\/title>\n<meta name=\"description\" content=\"Klassieke vierkante sokkel voor moderne en klassieke tuinen. Geschikt voor binnen en buiten. Vorstbestendig. 2 jaar garantie. LIVE te bekijken op onze zaak!\" \/>\n<meta name=\"robots\" content=\"noindex, follow, max-snippet:-1, max-image-preview:large, max-video-preview:-1\" \/>\n<meta property=\"og:locale\" content=\"de_DE\" \/>\n<meta property=\"og:type\" content=\"article\" \/>\n<meta property=\"og:title\" content=\"Sockel polystone grau 37cm\" \/>\n<meta property=\"og:description\" content=\"Klassieke vierkante sokkel voor moderne en klassieke tuinen. Geschikt voor binnen en buiten. Vorstbestendig. 2 jaar garantie. LIVE te bekijken op onze zaak!\" \/>\n<meta property=\"og:url\" content=\"https:\/\/dev.eliassen.nl\/de\/sockel-polystone-grau-37cm\/\" \/>\n<meta property=\"og:site_name\" content=\"Eliassen.nl\" \/>\n<meta property=\"article:publisher\" content=\"https:\/\/www.facebook.com\/TuincentrumEliassenAmmerzoden\" \/>\n<meta property=\"article:modified_time\" content=\"2024-12-05T15:24:54+00:00\" \/>\n<meta property=\"og:image\" content=\"https:\/\/dev.eliassen.nl\/wp-content\/uploads\/2024\/01\/30623.jpg\" \/>\n\t<meta property=\"og:image:width\" content=\"1772\" \/>\n\t<meta property=\"og:image:height\" content=\"1772\" \/>\n\t<meta property=\"og:image:type\" content=\"image\/jpeg\" \/>\n<meta name=\"twitter:card\" content=\"summary_large_image\" \/>\n<script type=\"application\/ld+json\" class=\"yoast-schema-graph\">{\"@context\":\"https:\/\/schema.org\",\"@graph\":[{\"@type\":\"WebPage\",\"@id\":\"https:\/\/dev.eliassen.nl\/de\/sockel-polystone-grau-37cm\/\",\"url\":\"https:\/\/dev.eliassen.nl\/de\/sockel-polystone-grau-37cm\/\",\"name\":\"Sockel polystone grau 37cm\",\"isPartOf\":{\"@id\":\"https:\/\/dev.eliassen.nl\/de\/#website\"},\"primaryImageOfPage\":{\"@id\":\"https:\/\/dev.eliassen.nl\/de\/sockel-polystone-grau-37cm\/#primaryimage\"},\"image\":{\"@id\":\"https:\/\/dev.eliassen.nl\/de\/sockel-polystone-grau-37cm\/#primaryimage\"},\"thumbnailUrl\":\"https:\/\/dev.eliassen.nl\/wp-content\/uploads\/2024\/01\/30623.jpg\",\"datePublished\":\"2023-04-13T12:54:41+00:00\",\"dateModified\":\"2024-12-05T15:24:54+00:00\",\"description\":\"Klassieke vierkante sokkel voor moderne en klassieke tuinen. Geschikt voor binnen en buiten. Vorstbestendig. 2 jaar garantie. LIVE te bekijken op onze zaak!\",\"breadcrumb\":{\"@id\":\"https:\/\/dev.eliassen.nl\/de\/sockel-polystone-grau-37cm\/#breadcrumb\"},\"inLanguage\":\"de\",\"potentialAction\":[{\"@type\":\"ReadAction\",\"target\":[\"https:\/\/dev.eliassen.nl\/de\/sockel-polystone-grau-37cm\/\"]}]},{\"@type\":\"ImageObject\",\"inLanguage\":\"de\",\"@id\":\"https:\/\/dev.eliassen.nl\/de\/sockel-polystone-grau-37cm\/#primaryimage\",\"url\":\"https:\/\/dev.eliassen.nl\/wp-content\/uploads\/2024\/01\/30623.jpg\",\"contentUrl\":\"https:\/\/dev.eliassen.nl\/wp-content\/uploads\/2024\/01\/30623.jpg\",\"width\":1772,\"height\":1772,\"caption\":\"30623\"},{\"@type\":\"BreadcrumbList\",\"@id\":\"https:\/\/dev.eliassen.nl\/de\/sockel-polystone-grau-37cm\/#breadcrumb\",\"itemListElement\":[{\"@type\":\"ListItem\",\"position\":1,\"name\":\"Home\",\"item\":\"https:\/\/dev.eliassen.nl\/de\/\"},{\"@type\":\"ListItem\",\"position\":2,\"name\":\"Shop\",\"item\":\"https:\/\/dev.eliassen.nl\/nl\/winkel\/\"},{\"@type\":\"ListItem\",\"position\":3,\"name\":\"Sockel\",\"item\":\"https:\/\/dev.eliassen.nl\/de\/sockel\/\"},{\"@type\":\"ListItem\",\"position\":4,\"name\":\"Sockel aus Polyester\",\"item\":\"https:\/\/dev.eliassen.nl\/de\/sockel\/sockel-aus-polyester\/\"},{\"@type\":\"ListItem\",\"position\":5,\"name\":\"Sockel Polystone grau 37cm\"}]},{\"@type\":\"WebSite\",\"@id\":\"https:\/\/dev.eliassen.nl\/de\/#website\",\"url\":\"https:\/\/dev.eliassen.nl\/de\/\",\"name\":\"Eliassen Home & Garden Pleasure\",\"description\":\"\",\"publisher\":{\"@id\":\"https:\/\/dev.eliassen.nl\/de\/#organization\"},\"alternateName\":\"Eliassen.nl\",\"potentialAction\":[{\"@type\":\"SearchAction\",\"target\":{\"@type\":\"EntryPoint\",\"urlTemplate\":\"https:\/\/dev.eliassen.nl\/de\/?s={search_term_string}\"},\"query-input\":{\"@type\":\"PropertyValueSpecification\",\"valueRequired\":true,\"valueName\":\"search_term_string\"}}],\"inLanguage\":\"de\"},{\"@type\":\"Organization\",\"@id\":\"https:\/\/dev.eliassen.nl\/de\/#organization\",\"name\":\"Eliassen Home & Garden Pleasure\",\"url\":\"https:\/\/dev.eliassen.nl\/de\/\",\"logo\":{\"@type\":\"ImageObject\",\"inLanguage\":\"de\",\"@id\":\"https:\/\/dev.eliassen.nl\/de\/#\/schema\/logo\/image\/\",\"url\":\"https:\/\/www.eliassen.nl\/wp-content\/uploads\/2024\/01\/logo_4nd.jpg\",\"contentUrl\":\"https:\/\/www.eliassen.nl\/wp-content\/uploads\/2024\/01\/logo_4nd.jpg\",\"width\":500,\"height\":500,\"caption\":\"Eliassen Home & Garden Pleasure\"},\"image\":{\"@id\":\"https:\/\/dev.eliassen.nl\/de\/#\/schema\/logo\/image\/\"},\"sameAs\":[\"https:\/\/www.facebook.com\/TuincentrumEliassenAmmerzoden\",\"https:\/\/www.instagram.com\/eliassenhomeandgarden\/\",\"https:\/\/nl.pinterest.com\/eliassenhomeandgarden\/\",\"https:\/\/www.youtube.com\/@eliassenhomegardenpleasure4558\"]}]}<\/script>\n<!-- \/ Yoast SEO plugin. -->","yoast_head_json":{"title":"Sockel polystone grau 37cm","description":"Klassieke vierkante sokkel voor moderne en klassieke tuinen. Geschikt voor binnen en buiten. Vorstbestendig. 2 jaar garantie. LIVE te bekijken op onze zaak!","robots":{"index":"noindex","follow":"follow","max-snippet":"max-snippet:-1","max-image-preview":"max-image-preview:large","max-video-preview":"max-video-preview:-1"},"og_locale":"de_DE","og_type":"article","og_title":"Sockel polystone grau 37cm","og_description":"Klassieke vierkante sokkel voor moderne en klassieke tuinen. Geschikt voor binnen en buiten. Vorstbestendig. 2 jaar garantie. LIVE te bekijken op onze zaak!","og_url":"https:\/\/dev.eliassen.nl\/de\/sockel-polystone-grau-37cm\/","og_site_name":"Eliassen.nl","article_publisher":"https:\/\/www.facebook.com\/TuincentrumEliassenAmmerzoden","article_modified_time":"2024-12-05T15:24:54+00:00","og_image":[{"width":1772,"height":1772,"url":"https:\/\/dev.eliassen.nl\/wp-content\/uploads\/2024\/01\/30623.jpg","type":"image\/jpeg"}],"twitter_card":"summary_large_image","schema":{"@context":"https:\/\/schema.org","@graph":[{"@type":"WebPage","@id":"https:\/\/dev.eliassen.nl\/de\/sockel-polystone-grau-37cm\/","url":"https:\/\/dev.eliassen.nl\/de\/sockel-polystone-grau-37cm\/","name":"Sockel polystone grau 37cm","isPartOf":{"@id":"https:\/\/dev.eliassen.nl\/de\/#website"},"primaryImageOfPage":{"@id":"https:\/\/dev.eliassen.nl\/de\/sockel-polystone-grau-37cm\/#primaryimage"},"image":{"@id":"https:\/\/dev.eliassen.nl\/de\/sockel-polystone-grau-37cm\/#primaryimage"},"thumbnailUrl":"https:\/\/dev.eliassen.nl\/wp-content\/uploads\/2024\/01\/30623.jpg","datePublished":"2023-04-13T12:54:41+00:00","dateModified":"2024-12-05T15:24:54+00:00","description":"Klassieke vierkante sokkel voor moderne en klassieke tuinen. Geschikt voor binnen en buiten. Vorstbestendig. 2 jaar garantie. LIVE te bekijken op onze zaak!","breadcrumb":{"@id":"https:\/\/dev.eliassen.nl\/de\/sockel-polystone-grau-37cm\/#breadcrumb"},"inLanguage":"de","potentialAction":[{"@type":"ReadAction","target":["https:\/\/dev.eliassen.nl\/de\/sockel-polystone-grau-37cm\/"]}]},{"@type":"ImageObject","inLanguage":"de","@id":"https:\/\/dev.eliassen.nl\/de\/sockel-polystone-grau-37cm\/#primaryimage","url":"https:\/\/dev.eliassen.nl\/wp-content\/uploads\/2024\/01\/30623.jpg","contentUrl":"https:\/\/dev.eliassen.nl\/wp-content\/uploads\/2024\/01\/30623.jpg","width":1772,"height":1772,"caption":"30623"},{"@type":"BreadcrumbList","@id":"https:\/\/dev.eliassen.nl\/de\/sockel-polystone-grau-37cm\/#breadcrumb","itemListElement":[{"@type":"ListItem","position":1,"name":"Home","item":"https:\/\/dev.eliassen.nl\/de\/"},{"@type":"ListItem","position":2,"name":"Shop","item":"https:\/\/dev.eliassen.nl\/nl\/winkel\/"},{"@type":"ListItem","position":3,"name":"Sockel","item":"https:\/\/dev.eliassen.nl\/de\/sockel\/"},{"@type":"ListItem","position":4,"name":"Sockel aus Polyester","item":"https:\/\/dev.eliassen.nl\/de\/sockel\/sockel-aus-polyester\/"},{"@type":"ListItem","position":5,"name":"Sockel Polystone grau 37cm"}]},{"@type":"WebSite","@id":"https:\/\/dev.eliassen.nl\/de\/#website","url":"https:\/\/dev.eliassen.nl\/de\/","name":"Eliassen Home & Garden Pleasure","description":"","publisher":{"@id":"https:\/\/dev.eliassen.nl\/de\/#organization"},"alternateName":"Eliassen.nl","potentialAction":[{"@type":"SearchAction","target":{"@type":"EntryPoint","urlTemplate":"https:\/\/dev.eliassen.nl\/de\/?s={search_term_string}"},"query-input":{"@type":"PropertyValueSpecification","valueRequired":true,"valueName":"search_term_string"}}],"inLanguage":"de"},{"@type":"Organization","@id":"https:\/\/dev.eliassen.nl\/de\/#organization","name":"Eliassen Home & Garden Pleasure","url":"https:\/\/dev.eliassen.nl\/de\/","logo":{"@type":"ImageObject","inLanguage":"de","@id":"https:\/\/dev.eliassen.nl\/de\/#\/schema\/logo\/image\/","url":"https:\/\/www.eliassen.nl\/wp-content\/uploads\/2024\/01\/logo_4nd.jpg","contentUrl":"https:\/\/www.eliassen.nl\/wp-content\/uploads\/2024\/01\/logo_4nd.jpg","width":500,"height":500,"caption":"Eliassen Home & Garden Pleasure"},"image":{"@id":"https:\/\/dev.eliassen.nl\/de\/#\/schema\/logo\/image\/"},"sameAs":["https:\/\/www.facebook.com\/TuincentrumEliassenAmmerzoden","https:\/\/www.instagram.com\/eliassenhomeandgarden\/","https:\/\/nl.pinterest.com\/eliassenhomeandgarden\/","https:\/\/www.youtube.com\/@eliassenhomegardenpleasure4558"]}]}},"df_price":44.5,"df_sale_price":"","df_regular_price":44.5,"df_image_link":"https:\/\/dev.eliassen.nl\/wp-content\/uploads\/2024\/01\/30623.jpg","image":"https:\/\/dev.eliassen.nl\/wp-content\/uploads\/2024\/01\/30623.jpg","price_search":"<span class=\"woocommerce-Price-amount amount\"><bdi><span class=\"woocommerce-Price-currencySymbol\">&euro;<\/span>&nbsp;44,50<\/bdi><\/span>","category":"Sockel","_links":{"self":[{"href":"https:\/\/dev.eliassen.nl\/de\/wp-json\/wp\/v2\/product\/89002","targetHints":{"allow":["GET"]}}],"collection":[{"href":"https:\/\/dev.eliassen.nl\/de\/wp-json\/wp\/v2\/product"}],"about":[{"href":"https:\/\/dev.eliassen.nl\/de\/wp-json\/wp\/v2\/types\/product"}],"wp:featuredmedia":[{"embeddable":true,"href":"https:\/\/dev.eliassen.nl\/de\/wp-json\/wp\/v2\/media\/88996"}],"wp:attachment":[{"href":"https:\/\/dev.eliassen.nl\/de\/wp-json\/wp\/v2\/media?parent=89002"}],"wp:term":[{"taxonomy":"product_brand","embeddable":true,"href":"https:\/\/dev.eliassen.nl\/de\/wp-json\/wp\/v2\/product_brand?post=89002"},{"taxonomy":"product_cat","embeddable":true,"href":"https:\/\/dev.eliassen.nl\/de\/wp-json\/wp\/v2\/product_cat?post=89002"},{"taxonomy":"product_tag","embeddable":true,"href":"https:\/\/dev.eliassen.nl\/de\/wp-json\/wp\/v2\/product_tag?post=89002"}],"curies":[{"name":"wp","href":"https:\/\/api.w.org\/{rel}","templated":true}]}}