{"id":89116,"date":"2023-04-17T11:18:07","date_gmt":"2023-04-17T09:18:07","guid":{"rendered":"https:\/\/www.eliassen.nl\/?product=terracotta-pot-toscaans-imprunetino-liscio-80cm"},"modified":"2024-12-05T16:25:10","modified_gmt":"2024-12-05T15:25:10","slug":"terrakotta-topf-toskanischen-imprunetino-liscio-80cm","status":"publish","type":"product","link":"https:\/\/dev.eliassen.nl\/de\/terrakotta-topf-toskanischen-imprunetino-liscio-80cm\/","title":{"rendered":"Terrakotta-Topf toskanischen Imprunetino liscio 80cm"},"content":{"rendered":"<p><iframe loading=\"lazy\" title=\"YouTube-Videoplayer\" src=\"https:\/\/www.youtube.com\/embed\/gl7xkGLzcKw\" width=\"560\" height=\"315\" frameborder=\"0\" allowfullscreen=\"allowfullscreen\"><\/iframe><\/p>\n<p>Dieser dicke und solide handgedrehte Terrakotta-Topf hat einen bekannten klassischen Look. Der Mittelmeerraum bestimmt das Erscheinungsbild dieses runden Topfes. Dieser Terrakotta-Blumentopf wird in der italienischen Region Toskana hergestellt, die f\u00fcr ihre einzigartige gr\u00fcn-braune Tonfarbe und sehr hohe Qualit\u00e4t bekannt ist. Dieser Ton verf\u00e4rbt sich, nachdem er im Ofen war. Dies, zusammen mit der Tatsache, dass diese Topfserie bei einer sehr hohen Temperatur von 1150 Grad C gebacken wird, macht diese T\u00f6pfe geeignet, um viele Jahre im Freien zu bleiben. Die Linie Imprunetino Liscio zeichnet sich durch ihren breiten Rand und die glatte Oberfl\u00e4che aus.<\/p>\n<ul>\n<li>Gr\u00f6\u00dfe: Durchmesser \u00fcber 80 cm, H\u00f6he 60 cm<\/li>\n<li>Gewicht: 60 kg<\/li>\n<li>Manuell hergestellt<\/li>\n<li>Herkunftsland: Italien, Toskana<\/li>\n<li>Garantie: 5 Jahre, vorbehaltlich \u00e4u\u00dferer Besch\u00e4digung und bestimmungsgem\u00e4\u00dfer Verwendung<\/li>\n<li>Auch diese Topfserie ist bei uns live zu sehen<\/li>\n<\/ul>\n<p>Wenn Sie Terrakottat\u00f6pfe besitzen und keine Ahnung haben, wie Sie diese sauber und in einwandfreiem Zustand halten sollen, empfehlen wir Ihnen, unsere hilfreichen Tipps zu befolgen, um eine lange Lebensdauer Ihrer Terrakottat\u00f6pfe zu gew\u00e4hrleisten.<\/p>\n<p>Reinigung mit Wasser, Zitrone und B\u00fcrste:<\/p>\n<p>Wenn Sie am Ende der Saison gr\u00fcne Flecken auf den Terrakottat\u00f6pfen und eine matte Farbe finden, f\u00fcllen Sie einen Eimer mit kaltem Wasser, f\u00fcgen Sie den Saft einer Zitrone hinzu und waschen Sie den befleckten Teil vorsichtig mit dieser L\u00f6sung.<\/p>\n<p>Sie m\u00fcssen die Oberfl\u00e4chen kr\u00e4ftig mit einer steifen Borstenb\u00fcrste reiben.<\/p>\n<p>\u00a0<\/p>\n","protected":false},"excerpt":{"rendered":"<p>Sehr solider Terrakottatopf aus der Toskana. 80 x 60 cm hoch.<\/p>\n","protected":false},"featured_media":89113,"template":"","meta":{"_acf_changed":false},"product_brand":[],"product_cat":[722,1430],"product_tag":[],"class_list":{"0":"post-89116","1":"product","2":"type-product","3":"status-publish","4":"has-post-thumbnail","6":"product_cat-blumentoepfe-und-pflanzgefaesse","7":"product_cat-terrakotta-toepfe-und-glaeser","9":"first","10":"instock","11":"taxable","12":"shipping-taxable","13":"purchasable","14":"product-type-simple"},"acf":[],"yoast_head":"<!-- This site is optimized with the Yoast SEO plugin v23.8 - https:\/\/yoast.com\/wordpress\/plugins\/seo\/ -->\n<title>Terrakottatopf toskanischer Imprunetino liscio 80cm - Eliassen Home&amp;Garden<\/title>\n<meta name=\"description\" content=\"Entscheiden Sie sich f\u00fcr nachhaltige Terrakotta-Blument\u00f6pfe und geben Sie Ihren Pflanzen die beste Pflege. Kaufen Sie unsere Auswahl online oder besuchen Sie...\" \/>\n<meta name=\"robots\" content=\"noindex, follow, max-snippet:-1, max-image-preview:large, max-video-preview:-1\" \/>\n<meta property=\"og:locale\" content=\"de_DE\" \/>\n<meta property=\"og:type\" content=\"article\" \/>\n<meta property=\"og:title\" content=\"Terrakottatopf toskanischer Imprunetino liscio 80cm - Eliassen Home&amp;Garden\" \/>\n<meta property=\"og:description\" content=\"Entscheiden Sie sich f\u00fcr nachhaltige Terrakotta-Blument\u00f6pfe und geben Sie Ihren Pflanzen die beste Pflege. Kaufen Sie unsere Auswahl online oder besuchen Sie...\" \/>\n<meta property=\"og:url\" content=\"https:\/\/dev.eliassen.nl\/de\/terrakotta-topf-toskanischen-imprunetino-liscio-80cm\/\" \/>\n<meta property=\"og:site_name\" content=\"Eliassen.nl\" \/>\n<meta property=\"article:publisher\" content=\"https:\/\/www.facebook.com\/TuincentrumEliassenAmmerzoden\" \/>\n<meta property=\"article:modified_time\" content=\"2024-12-05T15:25:10+00:00\" \/>\n<meta property=\"og:image\" content=\"https:\/\/dev.eliassen.nl\/wp-content\/uploads\/2024\/01\/245200_3nd.jpg\" \/>\n\t<meta property=\"og:image:width\" content=\"1583\" \/>\n\t<meta property=\"og:image:height\" content=\"1500\" \/>\n\t<meta property=\"og:image:type\" content=\"image\/jpeg\" \/>\n<meta name=\"twitter:card\" content=\"summary_large_image\" \/>\n<script type=\"application\/ld+json\" class=\"yoast-schema-graph\">{\"@context\":\"https:\/\/schema.org\",\"@graph\":[{\"@type\":\"WebPage\",\"@id\":\"https:\/\/dev.eliassen.nl\/de\/terrakotta-topf-toskanischen-imprunetino-liscio-80cm\/\",\"url\":\"https:\/\/dev.eliassen.nl\/de\/terrakotta-topf-toskanischen-imprunetino-liscio-80cm\/\",\"name\":\"Terrakottatopf toskanischer Imprunetino liscio 80cm - Eliassen Home&Garden\",\"isPartOf\":{\"@id\":\"https:\/\/dev.eliassen.nl\/de\/#website\"},\"primaryImageOfPage\":{\"@id\":\"https:\/\/dev.eliassen.nl\/de\/terrakotta-topf-toskanischen-imprunetino-liscio-80cm\/#primaryimage\"},\"image\":{\"@id\":\"https:\/\/dev.eliassen.nl\/de\/terrakotta-topf-toskanischen-imprunetino-liscio-80cm\/#primaryimage\"},\"thumbnailUrl\":\"https:\/\/dev.eliassen.nl\/wp-content\/uploads\/2024\/01\/245200_3nd.jpg\",\"datePublished\":\"2023-04-17T09:18:07+00:00\",\"dateModified\":\"2024-12-05T15:25:10+00:00\",\"description\":\"Entscheiden Sie sich f\u00fcr nachhaltige Terrakotta-Blument\u00f6pfe und geben Sie Ihren Pflanzen die beste Pflege. Kaufen Sie unsere Auswahl online oder besuchen Sie...\",\"breadcrumb\":{\"@id\":\"https:\/\/dev.eliassen.nl\/de\/terrakotta-topf-toskanischen-imprunetino-liscio-80cm\/#breadcrumb\"},\"inLanguage\":\"de\",\"potentialAction\":[{\"@type\":\"ReadAction\",\"target\":[\"https:\/\/dev.eliassen.nl\/de\/terrakotta-topf-toskanischen-imprunetino-liscio-80cm\/\"]}]},{\"@type\":\"ImageObject\",\"inLanguage\":\"de\",\"@id\":\"https:\/\/dev.eliassen.nl\/de\/terrakotta-topf-toskanischen-imprunetino-liscio-80cm\/#primaryimage\",\"url\":\"https:\/\/dev.eliassen.nl\/wp-content\/uploads\/2024\/01\/245200_3nd.jpg\",\"contentUrl\":\"https:\/\/dev.eliassen.nl\/wp-content\/uploads\/2024\/01\/245200_3nd.jpg\",\"width\":1583,\"height\":1500,\"caption\":\"245200\"},{\"@type\":\"BreadcrumbList\",\"@id\":\"https:\/\/dev.eliassen.nl\/de\/terrakotta-topf-toskanischen-imprunetino-liscio-80cm\/#breadcrumb\",\"itemListElement\":[{\"@type\":\"ListItem\",\"position\":1,\"name\":\"Home\",\"item\":\"https:\/\/dev.eliassen.nl\/de\/\"},{\"@type\":\"ListItem\",\"position\":2,\"name\":\"Shop\",\"item\":\"https:\/\/dev.eliassen.nl\/nl\/winkel\/\"},{\"@type\":\"ListItem\",\"position\":3,\"name\":\"Blument\u00f6pfe und Pflanzgef\u00e4\u00dfe\",\"item\":\"https:\/\/dev.eliassen.nl\/de\/blumentoepfe-und-pflanzgefaesse\/\"},{\"@type\":\"ListItem\",\"position\":4,\"name\":\"Terrakotta-T\u00f6pfe und -Gl\u00e4ser\",\"item\":\"https:\/\/dev.eliassen.nl\/de\/blumentoepfe-und-pflanzgefaesse\/terrakotta-toepfe-und-glaeser\/\"},{\"@type\":\"ListItem\",\"position\":5,\"name\":\"Terrakotta-Topf toskanischen Imprunetino liscio 80cm\"}]},{\"@type\":\"WebSite\",\"@id\":\"https:\/\/dev.eliassen.nl\/de\/#website\",\"url\":\"https:\/\/dev.eliassen.nl\/de\/\",\"name\":\"Eliassen Home & Garden Pleasure\",\"description\":\"\",\"publisher\":{\"@id\":\"https:\/\/dev.eliassen.nl\/de\/#organization\"},\"alternateName\":\"Eliassen.nl\",\"potentialAction\":[{\"@type\":\"SearchAction\",\"target\":{\"@type\":\"EntryPoint\",\"urlTemplate\":\"https:\/\/dev.eliassen.nl\/de\/?s={search_term_string}\"},\"query-input\":{\"@type\":\"PropertyValueSpecification\",\"valueRequired\":true,\"valueName\":\"search_term_string\"}}],\"inLanguage\":\"de\"},{\"@type\":\"Organization\",\"@id\":\"https:\/\/dev.eliassen.nl\/de\/#organization\",\"name\":\"Eliassen Home & Garden Pleasure\",\"url\":\"https:\/\/dev.eliassen.nl\/de\/\",\"logo\":{\"@type\":\"ImageObject\",\"inLanguage\":\"de\",\"@id\":\"https:\/\/dev.eliassen.nl\/de\/#\/schema\/logo\/image\/\",\"url\":\"https:\/\/www.eliassen.nl\/wp-content\/uploads\/2024\/01\/logo_4nd.jpg\",\"contentUrl\":\"https:\/\/www.eliassen.nl\/wp-content\/uploads\/2024\/01\/logo_4nd.jpg\",\"width\":500,\"height\":500,\"caption\":\"Eliassen Home & Garden Pleasure\"},\"image\":{\"@id\":\"https:\/\/dev.eliassen.nl\/de\/#\/schema\/logo\/image\/\"},\"sameAs\":[\"https:\/\/www.facebook.com\/TuincentrumEliassenAmmerzoden\",\"https:\/\/www.instagram.com\/eliassenhomeandgarden\/\",\"https:\/\/nl.pinterest.com\/eliassenhomeandgarden\/\",\"https:\/\/www.youtube.com\/@eliassenhomegardenpleasure4558\"]}]}<\/script>\n<!-- \/ Yoast SEO plugin. -->","yoast_head_json":{"title":"Terrakottatopf toskanischer Imprunetino liscio 80cm - Eliassen Home&Garden","description":"Entscheiden Sie sich f\u00fcr nachhaltige Terrakotta-Blument\u00f6pfe und geben Sie Ihren Pflanzen die beste Pflege. Kaufen Sie unsere Auswahl online oder besuchen Sie...","robots":{"index":"noindex","follow":"follow","max-snippet":"max-snippet:-1","max-image-preview":"max-image-preview:large","max-video-preview":"max-video-preview:-1"},"og_locale":"de_DE","og_type":"article","og_title":"Terrakottatopf toskanischer Imprunetino liscio 80cm - Eliassen Home&Garden","og_description":"Entscheiden Sie sich f\u00fcr nachhaltige Terrakotta-Blument\u00f6pfe und geben Sie Ihren Pflanzen die beste Pflege. Kaufen Sie unsere Auswahl online oder besuchen Sie...","og_url":"https:\/\/dev.eliassen.nl\/de\/terrakotta-topf-toskanischen-imprunetino-liscio-80cm\/","og_site_name":"Eliassen.nl","article_publisher":"https:\/\/www.facebook.com\/TuincentrumEliassenAmmerzoden","article_modified_time":"2024-12-05T15:25:10+00:00","og_image":[{"width":1583,"height":1500,"url":"https:\/\/dev.eliassen.nl\/wp-content\/uploads\/2024\/01\/245200_3nd.jpg","type":"image\/jpeg"}],"twitter_card":"summary_large_image","schema":{"@context":"https:\/\/schema.org","@graph":[{"@type":"WebPage","@id":"https:\/\/dev.eliassen.nl\/de\/terrakotta-topf-toskanischen-imprunetino-liscio-80cm\/","url":"https:\/\/dev.eliassen.nl\/de\/terrakotta-topf-toskanischen-imprunetino-liscio-80cm\/","name":"Terrakottatopf toskanischer Imprunetino liscio 80cm - Eliassen Home&Garden","isPartOf":{"@id":"https:\/\/dev.eliassen.nl\/de\/#website"},"primaryImageOfPage":{"@id":"https:\/\/dev.eliassen.nl\/de\/terrakotta-topf-toskanischen-imprunetino-liscio-80cm\/#primaryimage"},"image":{"@id":"https:\/\/dev.eliassen.nl\/de\/terrakotta-topf-toskanischen-imprunetino-liscio-80cm\/#primaryimage"},"thumbnailUrl":"https:\/\/dev.eliassen.nl\/wp-content\/uploads\/2024\/01\/245200_3nd.jpg","datePublished":"2023-04-17T09:18:07+00:00","dateModified":"2024-12-05T15:25:10+00:00","description":"Entscheiden Sie sich f\u00fcr nachhaltige Terrakotta-Blument\u00f6pfe und geben Sie Ihren Pflanzen die beste Pflege. Kaufen Sie unsere Auswahl online oder besuchen Sie...","breadcrumb":{"@id":"https:\/\/dev.eliassen.nl\/de\/terrakotta-topf-toskanischen-imprunetino-liscio-80cm\/#breadcrumb"},"inLanguage":"de","potentialAction":[{"@type":"ReadAction","target":["https:\/\/dev.eliassen.nl\/de\/terrakotta-topf-toskanischen-imprunetino-liscio-80cm\/"]}]},{"@type":"ImageObject","inLanguage":"de","@id":"https:\/\/dev.eliassen.nl\/de\/terrakotta-topf-toskanischen-imprunetino-liscio-80cm\/#primaryimage","url":"https:\/\/dev.eliassen.nl\/wp-content\/uploads\/2024\/01\/245200_3nd.jpg","contentUrl":"https:\/\/dev.eliassen.nl\/wp-content\/uploads\/2024\/01\/245200_3nd.jpg","width":1583,"height":1500,"caption":"245200"},{"@type":"BreadcrumbList","@id":"https:\/\/dev.eliassen.nl\/de\/terrakotta-topf-toskanischen-imprunetino-liscio-80cm\/#breadcrumb","itemListElement":[{"@type":"ListItem","position":1,"name":"Home","item":"https:\/\/dev.eliassen.nl\/de\/"},{"@type":"ListItem","position":2,"name":"Shop","item":"https:\/\/dev.eliassen.nl\/nl\/winkel\/"},{"@type":"ListItem","position":3,"name":"Blument\u00f6pfe und Pflanzgef\u00e4\u00dfe","item":"https:\/\/dev.eliassen.nl\/de\/blumentoepfe-und-pflanzgefaesse\/"},{"@type":"ListItem","position":4,"name":"Terrakotta-T\u00f6pfe und -Gl\u00e4ser","item":"https:\/\/dev.eliassen.nl\/de\/blumentoepfe-und-pflanzgefaesse\/terrakotta-toepfe-und-glaeser\/"},{"@type":"ListItem","position":5,"name":"Terrakotta-Topf toskanischen Imprunetino liscio 80cm"}]},{"@type":"WebSite","@id":"https:\/\/dev.eliassen.nl\/de\/#website","url":"https:\/\/dev.eliassen.nl\/de\/","name":"Eliassen Home & Garden Pleasure","description":"","publisher":{"@id":"https:\/\/dev.eliassen.nl\/de\/#organization"},"alternateName":"Eliassen.nl","potentialAction":[{"@type":"SearchAction","target":{"@type":"EntryPoint","urlTemplate":"https:\/\/dev.eliassen.nl\/de\/?s={search_term_string}"},"query-input":{"@type":"PropertyValueSpecification","valueRequired":true,"valueName":"search_term_string"}}],"inLanguage":"de"},{"@type":"Organization","@id":"https:\/\/dev.eliassen.nl\/de\/#organization","name":"Eliassen Home & Garden Pleasure","url":"https:\/\/dev.eliassen.nl\/de\/","logo":{"@type":"ImageObject","inLanguage":"de","@id":"https:\/\/dev.eliassen.nl\/de\/#\/schema\/logo\/image\/","url":"https:\/\/www.eliassen.nl\/wp-content\/uploads\/2024\/01\/logo_4nd.jpg","contentUrl":"https:\/\/www.eliassen.nl\/wp-content\/uploads\/2024\/01\/logo_4nd.jpg","width":500,"height":500,"caption":"Eliassen Home & Garden Pleasure"},"image":{"@id":"https:\/\/dev.eliassen.nl\/de\/#\/schema\/logo\/image\/"},"sameAs":["https:\/\/www.facebook.com\/TuincentrumEliassenAmmerzoden","https:\/\/www.instagram.com\/eliassenhomeandgarden\/","https:\/\/nl.pinterest.com\/eliassenhomeandgarden\/","https:\/\/www.youtube.com\/@eliassenhomegardenpleasure4558"]}]}},"df_price":300,"df_sale_price":"","df_regular_price":300,"df_image_link":"https:\/\/dev.eliassen.nl\/wp-content\/uploads\/2024\/01\/245200_3nd.jpg","image":"https:\/\/dev.eliassen.nl\/wp-content\/uploads\/2024\/01\/245200_3nd.jpg","price_search":"<span class=\"woocommerce-Price-amount amount\"><bdi><span class=\"woocommerce-Price-currencySymbol\">&euro;<\/span>&nbsp;300,00<\/bdi><\/span>","category":"Blument\u00f6pfe und Pflanzgef\u00e4\u00dfe","_links":{"self":[{"href":"https:\/\/dev.eliassen.nl\/de\/wp-json\/wp\/v2\/product\/89116","targetHints":{"allow":["GET"]}}],"collection":[{"href":"https:\/\/dev.eliassen.nl\/de\/wp-json\/wp\/v2\/product"}],"about":[{"href":"https:\/\/dev.eliassen.nl\/de\/wp-json\/wp\/v2\/types\/product"}],"wp:featuredmedia":[{"embeddable":true,"href":"https:\/\/dev.eliassen.nl\/de\/wp-json\/wp\/v2\/media\/89113"}],"wp:attachment":[{"href":"https:\/\/dev.eliassen.nl\/de\/wp-json\/wp\/v2\/media?parent=89116"}],"wp:term":[{"taxonomy":"product_brand","embeddable":true,"href":"https:\/\/dev.eliassen.nl\/de\/wp-json\/wp\/v2\/product_brand?post=89116"},{"taxonomy":"product_cat","embeddable":true,"href":"https:\/\/dev.eliassen.nl\/de\/wp-json\/wp\/v2\/product_cat?post=89116"},{"taxonomy":"product_tag","embeddable":true,"href":"https:\/\/dev.eliassen.nl\/de\/wp-json\/wp\/v2\/product_tag?post=89116"}],"curies":[{"name":"wp","href":"https:\/\/api.w.org\/{rel}","templated":true}]}}